{"id":9917,"date":"2025-04-23T08:52:37","date_gmt":"2025-04-23T06:52:37","guid":{"rendered":"https:\/\/fadein.es\/?post_type=product&#038;p=9917"},"modified":"2025-04-23T08:52:39","modified_gmt":"2025-04-23T08:52:39","slug":"film-pvc-industriel-de-qualite-alimentaire-boite-de-3-pieces","status":"publish","type":"product","link":"https:\/\/fadein.es\/fr\/producto\/film-pvc-industriel-de-qualite-alimentaire-boite-de-3-pieces\/","title":{"rendered":"FILM PVC INDUSTRIEL DE QUALIT\u00c9 ALIMENTAIRE (BO\u00ceTE DE 3 PI\u00c8CES)"},"content":{"rendered":"<p><strong>FILM PVC INDUSTRIEL ALIMENTAIRE (BOITE 3 UD) <\/strong> Carton de 3 unit\u00e9s de film adh\u00e9sif en polychlorure de vinyle en rouleau au format professionnel 30 cm x 300 m\u00e8tres auto-adh\u00e9sif Anibal, pour l&#8217;emballage alimentaire. Tol\u00e9rance de poids +\/- 5%. Convient pour l&rsquo;<strong> alimentation, la restauration. <\/strong>    <\/p>\n<p>Convient pour le chauffage et la d\u00e9cong\u00e9lation au four \u00e0 micro-ondes jusqu&rsquo;\u00e0 70\u00ba C pendant 2 heures, ou jusqu&rsquo;\u00e0 100\u00ba C pendant 15 minutes, en \u00e9vitant le contact direct du film avec les aliments. Convient pour une utilisation dans les fours \u00e0 micro-ondes.   <strong>  Ne pas utiliser dans les fours traditionnels. \u00c9vitez le contact avec les flammes et les \u00e9l\u00e9ments chauffants. \u00c9vitez le contact avec les aliments gras.  <\/strong><\/p>\n<p>Vous pouvez contacter le service commercial de <strong><strong>FADEIN<\/strong><\/strong> par t\u00e9l\u00e9phone<strong><strong> 91 873 87 02 <\/strong><\/strong>ou par e-mail<strong><strong> att.cliente@fadein.es <\/strong><\/strong>pour toute information compl\u00e9mentaire ou demande de devis de nos produits.  <\/p>\n","protected":false},"excerpt":{"rendered":"<p>Bo\u00eete 3 rouleaux de pvc en format professionnel film 30 cm x 300 m Anibal<\/p>\n","protected":false},"featured_media":9911,"comment_status":"open","ping_status":"closed","template":"","meta":{"_et_pb_use_builder":"","_et_pb_old_content":"","_et_gb_content_width":""},"product_brand":[],"product_cat":[935,896],"product_tag":[1061,1001],"class_list":{"0":"post-9917","1":"product","2":"type-product","3":"status-publish","4":"has-post-thumbnail","6":"product_cat-aluminium-et-film-industriel","7":"product_cat-ustensiles-de-nettoyage","8":"product_tag-alimentation","9":"product_tag-restauration","11":"first","12":"instock","13":"taxable","14":"shipping-taxable","15":"purchasable","16":"product-type-simple"},"yoast_head":"<!-- This site is optimized with the Yoast SEO Premium plugin v27.2 (Yoast SEO v27.3) - https:\/\/yoast.com\/product\/yoast-seo-premium-wordpress\/ -->\n<title>FILM PVC INDUSTRIEL DE QUALIT\u00c9 ALIMENTAIRE (BO\u00ceTE DE 3 PI\u00c8CES)<\/title>\n<meta name=\"description\" content=\"Bo\u00eete en carton de 3 unit\u00e9s de film adh\u00e9sif en polychlorure de vinyle en rouleau, format professionnel 30 cm x 300 m\u00e8tres auto-adh\u00e9sif pour l&#039;emballage alimentaire.\" \/>\n<meta name=\"robots\" content=\"index, follow, max-snippet:-1, max-image-preview:large, max-video-preview:-1\" \/>\n<link rel=\"canonical\" href=\"https:\/\/fadein.es\/fr\/producto\/film-pvc-industriel-de-qualite-alimentaire-boite-de-3-pieces\/\" \/>\n<meta property=\"og:locale\" content=\"fr_FR\" \/>\n<meta property=\"og:type\" content=\"article\" \/>\n<meta property=\"og:title\" content=\"FILM PVC INDUSTRIEL DE QUALIT\u00c9 ALIMENTAIRE (BO\u00ceTE DE 3 PI\u00c8CES)\" \/>\n<meta property=\"og:description\" content=\"Bo\u00eete en carton de 3 unit\u00e9s de film adh\u00e9sif en polychlorure de vinyle en rouleau, format professionnel 30 cm x 300 m\u00e8tres auto-adh\u00e9sif pour l&#039;emballage alimentaire.\" \/>\n<meta property=\"og:url\" content=\"https:\/\/fadein.es\/fr\/producto\/film-pvc-industriel-de-qualite-alimentaire-boite-de-3-pieces\/\" \/>\n<meta property=\"og:site_name\" content=\"Fadein\" \/>\n<meta property=\"article:modified_time\" content=\"2025-04-23T08:52:39+00:00\" \/>\n<meta property=\"og:image\" content=\"https:\/\/fadein.es\/wp-content\/uploads\/2025\/04\/FILM-INDUSTRIAL-ALIMENTARIO-PVC.jpg\" \/>\n\t<meta property=\"og:image:width\" content=\"800\" \/>\n\t<meta property=\"og:image:height\" content=\"800\" \/>\n\t<meta property=\"og:image:type\" content=\"image\/jpeg\" \/>\n<meta name=\"twitter:card\" content=\"summary_large_image\" \/>\n<meta name=\"twitter:label1\" content=\"Dur\u00e9e de lecture estim\u00e9e\" \/>\n\t<meta name=\"twitter:data1\" content=\"1 minute\" \/>\n<script type=\"application\/ld+json\" class=\"yoast-schema-graph\">{\"@context\":\"https:\\\/\\\/schema.org\",\"@graph\":[{\"@type\":\"WebPage\",\"@id\":\"https:\\\/\\\/fadein.es\\\/fr\\\/producto\\\/film-pvc-industriel-de-qualite-alimentaire-boite-de-3-pieces\\\/\",\"url\":\"https:\\\/\\\/fadein.es\\\/fr\\\/producto\\\/film-pvc-industriel-de-qualite-alimentaire-boite-de-3-pieces\\\/\",\"name\":\"FILM PVC INDUSTRIEL DE QUALIT\u00c9 ALIMENTAIRE (BO\u00ceTE DE 3 PI\u00c8CES)\",\"isPartOf\":{\"@id\":\"https:\\\/\\\/fadein.es\\\/fr\\\/#website\"},\"primaryImageOfPage\":{\"@id\":\"https:\\\/\\\/fadein.es\\\/fr\\\/producto\\\/film-pvc-industriel-de-qualite-alimentaire-boite-de-3-pieces\\\/#primaryimage\"},\"image\":{\"@id\":\"https:\\\/\\\/fadein.es\\\/fr\\\/producto\\\/film-pvc-industriel-de-qualite-alimentaire-boite-de-3-pieces\\\/#primaryimage\"},\"thumbnailUrl\":\"https:\\\/\\\/fadein.es\\\/wp-content\\\/uploads\\\/2025\\\/04\\\/FILM-INDUSTRIAL-ALIMENTARIO-PVC.jpg\",\"datePublished\":\"2025-04-23T06:52:37+00:00\",\"dateModified\":\"2025-04-23T08:52:39+00:00\",\"description\":\"Bo\u00eete en carton de 3 unit\u00e9s de film adh\u00e9sif en polychlorure de vinyle en rouleau, format professionnel 30 cm x 300 m\u00e8tres auto-adh\u00e9sif pour l'emballage alimentaire.\",\"breadcrumb\":{\"@id\":\"https:\\\/\\\/fadein.es\\\/fr\\\/producto\\\/film-pvc-industriel-de-qualite-alimentaire-boite-de-3-pieces\\\/#breadcrumb\"},\"inLanguage\":\"fr-FR\",\"potentialAction\":[{\"@type\":\"ReadAction\",\"target\":[\"https:\\\/\\\/fadein.es\\\/fr\\\/producto\\\/film-pvc-industriel-de-qualite-alimentaire-boite-de-3-pieces\\\/\"]}]},{\"@type\":\"ImageObject\",\"inLanguage\":\"fr-FR\",\"@id\":\"https:\\\/\\\/fadein.es\\\/fr\\\/producto\\\/film-pvc-industriel-de-qualite-alimentaire-boite-de-3-pieces\\\/#primaryimage\",\"url\":\"https:\\\/\\\/fadein.es\\\/wp-content\\\/uploads\\\/2025\\\/04\\\/FILM-INDUSTRIAL-ALIMENTARIO-PVC.jpg\",\"contentUrl\":\"https:\\\/\\\/fadein.es\\\/wp-content\\\/uploads\\\/2025\\\/04\\\/FILM-INDUSTRIAL-ALIMENTARIO-PVC.jpg\",\"width\":800,\"height\":800,\"caption\":\"FILM INDUSTRIAL ALIMENTARIO PVC\"},{\"@type\":\"BreadcrumbList\",\"@id\":\"https:\\\/\\\/fadein.es\\\/fr\\\/producto\\\/film-pvc-industriel-de-qualite-alimentaire-boite-de-3-pieces\\\/#breadcrumb\",\"itemListElement\":[{\"@type\":\"ListItem\",\"position\":1,\"name\":\"Portada\",\"item\":\"https:\\\/\\\/fadein.es\\\/fr\\\/accueil\\\/\"},{\"@type\":\"ListItem\",\"position\":2,\"name\":\"Boutique\",\"item\":\"https:\\\/\\\/fadein.es\\\/fr\\\/boutique\\\/\"},{\"@type\":\"ListItem\",\"position\":3,\"name\":\"FILM PVC INDUSTRIEL DE QUALIT\u00c9 ALIMENTAIRE (BO\u00ceTE DE 3 PI\u00c8CES)\"}]},{\"@type\":\"WebSite\",\"@id\":\"https:\\\/\\\/fadein.es\\\/fr\\\/#website\",\"url\":\"https:\\\/\\\/fadein.es\\\/fr\\\/\",\"name\":\"Fadein\",\"description\":\"Detergentes de alto rendimiento\",\"publisher\":{\"@id\":\"https:\\\/\\\/fadein.es\\\/fr\\\/#organization\"},\"alternateName\":\"Detergentes de alto rendimiento\",\"potentialAction\":[{\"@type\":\"SearchAction\",\"target\":{\"@type\":\"EntryPoint\",\"urlTemplate\":\"https:\\\/\\\/fadein.es\\\/fr\\\/?s={search_term_string}\"},\"query-input\":{\"@type\":\"PropertyValueSpecification\",\"valueRequired\":true,\"valueName\":\"search_term_string\"}}],\"inLanguage\":\"fr-FR\"},{\"@type\":\"Organization\",\"@id\":\"https:\\\/\\\/fadein.es\\\/fr\\\/#organization\",\"name\":\"Fadein\",\"alternateName\":\"Detergentes de alto rendimiento\",\"url\":\"https:\\\/\\\/fadein.es\\\/fr\\\/\",\"logo\":{\"@type\":\"ImageObject\",\"inLanguage\":\"fr-FR\",\"@id\":\"https:\\\/\\\/fadein.es\\\/fr\\\/#\\\/schema\\\/logo\\\/image\\\/\",\"url\":\"https:\\\/\\\/fadein.es\\\/wp-content\\\/uploads\\\/2021\\\/05\\\/fadein-deterdentes-de-alto-rendimiento.png\",\"contentUrl\":\"https:\\\/\\\/fadein.es\\\/wp-content\\\/uploads\\\/2021\\\/05\\\/fadein-deterdentes-de-alto-rendimiento.png\",\"width\":512,\"height\":512,\"caption\":\"Fadein\"},\"image\":{\"@id\":\"https:\\\/\\\/fadein.es\\\/fr\\\/#\\\/schema\\\/logo\\\/image\\\/\"}}]}<\/script>\n<!-- \/ Yoast SEO Premium plugin. -->","yoast_head_json":{"title":"FILM PVC INDUSTRIEL DE QUALIT\u00c9 ALIMENTAIRE (BO\u00ceTE DE 3 PI\u00c8CES)","description":"Bo\u00eete en carton de 3 unit\u00e9s de film adh\u00e9sif en polychlorure de vinyle en rouleau, format professionnel 30 cm x 300 m\u00e8tres auto-adh\u00e9sif pour l'emballage alimentaire.","robots":{"index":"index","follow":"follow","max-snippet":"max-snippet:-1","max-image-preview":"max-image-preview:large","max-video-preview":"max-video-preview:-1"},"canonical":"https:\/\/fadein.es\/fr\/producto\/film-pvc-industriel-de-qualite-alimentaire-boite-de-3-pieces\/","og_locale":"fr_FR","og_type":"article","og_title":"FILM PVC INDUSTRIEL DE QUALIT\u00c9 ALIMENTAIRE (BO\u00ceTE DE 3 PI\u00c8CES)","og_description":"Bo\u00eete en carton de 3 unit\u00e9s de film adh\u00e9sif en polychlorure de vinyle en rouleau, format professionnel 30 cm x 300 m\u00e8tres auto-adh\u00e9sif pour l'emballage alimentaire.","og_url":"https:\/\/fadein.es\/fr\/producto\/film-pvc-industriel-de-qualite-alimentaire-boite-de-3-pieces\/","og_site_name":"Fadein","article_modified_time":"2025-04-23T08:52:39+00:00","og_image":[{"width":800,"height":800,"url":"https:\/\/fadein.es\/wp-content\/uploads\/2025\/04\/FILM-INDUSTRIAL-ALIMENTARIO-PVC.jpg","type":"image\/jpeg"}],"twitter_card":"summary_large_image","twitter_misc":{"Dur\u00e9e de lecture estim\u00e9e":"1 minute"},"schema":{"@context":"https:\/\/schema.org","@graph":[{"@type":"WebPage","@id":"https:\/\/fadein.es\/fr\/producto\/film-pvc-industriel-de-qualite-alimentaire-boite-de-3-pieces\/","url":"https:\/\/fadein.es\/fr\/producto\/film-pvc-industriel-de-qualite-alimentaire-boite-de-3-pieces\/","name":"FILM PVC INDUSTRIEL DE QUALIT\u00c9 ALIMENTAIRE (BO\u00ceTE DE 3 PI\u00c8CES)","isPartOf":{"@id":"https:\/\/fadein.es\/fr\/#website"},"primaryImageOfPage":{"@id":"https:\/\/fadein.es\/fr\/producto\/film-pvc-industriel-de-qualite-alimentaire-boite-de-3-pieces\/#primaryimage"},"image":{"@id":"https:\/\/fadein.es\/fr\/producto\/film-pvc-industriel-de-qualite-alimentaire-boite-de-3-pieces\/#primaryimage"},"thumbnailUrl":"https:\/\/fadein.es\/wp-content\/uploads\/2025\/04\/FILM-INDUSTRIAL-ALIMENTARIO-PVC.jpg","datePublished":"2025-04-23T06:52:37+00:00","dateModified":"2025-04-23T08:52:39+00:00","description":"Bo\u00eete en carton de 3 unit\u00e9s de film adh\u00e9sif en polychlorure de vinyle en rouleau, format professionnel 30 cm x 300 m\u00e8tres auto-adh\u00e9sif pour l'emballage alimentaire.","breadcrumb":{"@id":"https:\/\/fadein.es\/fr\/producto\/film-pvc-industriel-de-qualite-alimentaire-boite-de-3-pieces\/#breadcrumb"},"inLanguage":"fr-FR","potentialAction":[{"@type":"ReadAction","target":["https:\/\/fadein.es\/fr\/producto\/film-pvc-industriel-de-qualite-alimentaire-boite-de-3-pieces\/"]}]},{"@type":"ImageObject","inLanguage":"fr-FR","@id":"https:\/\/fadein.es\/fr\/producto\/film-pvc-industriel-de-qualite-alimentaire-boite-de-3-pieces\/#primaryimage","url":"https:\/\/fadein.es\/wp-content\/uploads\/2025\/04\/FILM-INDUSTRIAL-ALIMENTARIO-PVC.jpg","contentUrl":"https:\/\/fadein.es\/wp-content\/uploads\/2025\/04\/FILM-INDUSTRIAL-ALIMENTARIO-PVC.jpg","width":800,"height":800,"caption":"FILM INDUSTRIAL ALIMENTARIO PVC"},{"@type":"BreadcrumbList","@id":"https:\/\/fadein.es\/fr\/producto\/film-pvc-industriel-de-qualite-alimentaire-boite-de-3-pieces\/#breadcrumb","itemListElement":[{"@type":"ListItem","position":1,"name":"Portada","item":"https:\/\/fadein.es\/fr\/accueil\/"},{"@type":"ListItem","position":2,"name":"Boutique","item":"https:\/\/fadein.es\/fr\/boutique\/"},{"@type":"ListItem","position":3,"name":"FILM PVC INDUSTRIEL DE QUALIT\u00c9 ALIMENTAIRE (BO\u00ceTE DE 3 PI\u00c8CES)"}]},{"@type":"WebSite","@id":"https:\/\/fadein.es\/fr\/#website","url":"https:\/\/fadein.es\/fr\/","name":"Fadein","description":"Detergentes de alto rendimiento","publisher":{"@id":"https:\/\/fadein.es\/fr\/#organization"},"alternateName":"Detergentes de alto rendimiento","potentialAction":[{"@type":"SearchAction","target":{"@type":"EntryPoint","urlTemplate":"https:\/\/fadein.es\/fr\/?s={search_term_string}"},"query-input":{"@type":"PropertyValueSpecification","valueRequired":true,"valueName":"search_term_string"}}],"inLanguage":"fr-FR"},{"@type":"Organization","@id":"https:\/\/fadein.es\/fr\/#organization","name":"Fadein","alternateName":"Detergentes de alto rendimiento","url":"https:\/\/fadein.es\/fr\/","logo":{"@type":"ImageObject","inLanguage":"fr-FR","@id":"https:\/\/fadein.es\/fr\/#\/schema\/logo\/image\/","url":"https:\/\/fadein.es\/wp-content\/uploads\/2021\/05\/fadein-deterdentes-de-alto-rendimiento.png","contentUrl":"https:\/\/fadein.es\/wp-content\/uploads\/2021\/05\/fadein-deterdentes-de-alto-rendimiento.png","width":512,"height":512,"caption":"Fadein"},"image":{"@id":"https:\/\/fadein.es\/fr\/#\/schema\/logo\/image\/"}}]}},"_links":{"self":[{"href":"https:\/\/fadein.es\/fr\/wp-json\/wp\/v2\/product\/9917","targetHints":{"allow":["GET"]}}],"collection":[{"href":"https:\/\/fadein.es\/fr\/wp-json\/wp\/v2\/product"}],"about":[{"href":"https:\/\/fadein.es\/fr\/wp-json\/wp\/v2\/types\/product"}],"replies":[{"embeddable":true,"href":"https:\/\/fadein.es\/fr\/wp-json\/wp\/v2\/comments?post=9917"}],"wp:featuredmedia":[{"embeddable":true,"href":"https:\/\/fadein.es\/fr\/wp-json\/wp\/v2\/media\/9911"}],"wp:attachment":[{"href":"https:\/\/fadein.es\/fr\/wp-json\/wp\/v2\/media?parent=9917"}],"wp:term":[{"taxonomy":"product_brand","embeddable":true,"href":"https:\/\/fadein.es\/fr\/wp-json\/wp\/v2\/product_brand?post=9917"},{"taxonomy":"product_cat","embeddable":true,"href":"https:\/\/fadein.es\/fr\/wp-json\/wp\/v2\/product_cat?post=9917"},{"taxonomy":"product_tag","embeddable":true,"href":"https:\/\/fadein.es\/fr\/wp-json\/wp\/v2\/product_tag?post=9917"}],"curies":[{"name":"wp","href":"https:\/\/api.w.org\/{rel}","templated":true}]}}