{"id":9914,"date":"2025-04-23T08:17:01","date_gmt":"2025-04-23T08:17:01","guid":{"rendered":"https:\/\/fadein.es\/?post_type=product&#038;p=9914"},"modified":"2025-04-23T08:17:03","modified_gmt":"2025-04-23T08:17:03","slug":"bobine-daluminium-industriel","status":"publish","type":"product","link":"https:\/\/fadein.es\/fr\/producto\/bobine-daluminium-industriel\/","title":{"rendered":"BOBINE D&rsquo;ALUMINIUM INDUSTRIEL"},"content":{"rendered":"<p><strong>ALUMINIUM INDUSTRIEL ROLL ALUMINIUM INDUSTRIAL COIL <\/strong> Feuille d&rsquo;aluminium lisse en rouleau, sp\u00e9cialement pour la conservation des aliments. Avec distributeur.  Convient pour<strong>  Alimentation, restauration.  <\/strong> <\/p>\n<p>Vous pouvez contacter le service commercial de <strong><strong>FADEIN<\/strong><\/strong> par t\u00e9l\u00e9phone<strong><strong> 91 873 87 02 <\/strong><\/strong>ou par e-mail<strong><strong> att.cliente@fadein.es <\/strong><\/strong>pour toute information compl\u00e9mentaire ou demande de devis de nos produits.  <\/p>\n","protected":false},"excerpt":{"rendered":"<p>Feuille d&rsquo;aluminium lisse en rouleaux, sp\u00e9cialement con\u00e7ue pour la conservation des aliments. Avec distributeur <\/p>\n","protected":false},"featured_media":9908,"comment_status":"open","ping_status":"closed","template":"","meta":{"_et_pb_use_builder":"","_et_pb_old_content":"","_et_gb_content_width":""},"product_brand":[],"product_cat":[935,896],"product_tag":[1061,1001],"class_list":{"0":"post-9914","1":"product","2":"type-product","3":"status-publish","4":"has-post-thumbnail","6":"product_cat-aluminium-et-film-industriel","7":"product_cat-ustensiles-de-nettoyage","8":"product_tag-alimentation","9":"product_tag-restauration","11":"first","12":"instock","13":"taxable","14":"shipping-taxable","15":"purchasable","16":"product-type-simple"},"yoast_head":"<!-- This site is optimized with the Yoast SEO Premium plugin v27.2 (Yoast SEO v27.5) - https:\/\/yoast.com\/product\/yoast-seo-premium-wordpress\/ -->\n<title>BOBINE D&#039;ALUMINIUM INDUSTRIEL<\/title>\n<meta name=\"description\" content=\"Feuille d&#039;aluminium lisse en rouleaux, sp\u00e9cialement con\u00e7ue pour la conservation des aliments. Avec distributeur. Convient pour les denr\u00e9es alimentaires, la restauration, etc.\" \/>\n<meta name=\"robots\" content=\"index, follow, max-snippet:-1, max-image-preview:large, max-video-preview:-1\" \/>\n<link rel=\"canonical\" href=\"https:\/\/fadein.es\/fr\/producto\/bobine-daluminium-industriel\/\" \/>\n<meta property=\"og:locale\" content=\"fr_FR\" \/>\n<meta property=\"og:type\" content=\"article\" \/>\n<meta property=\"og:title\" content=\"BOBINE D&#039;ALUMINIUM INDUSTRIEL\" \/>\n<meta property=\"og:description\" content=\"Feuille d&#039;aluminium lisse en rouleaux, sp\u00e9cialement con\u00e7ue pour la conservation des aliments. Avec distributeur. Convient pour les denr\u00e9es alimentaires, la restauration, etc.\" \/>\n<meta property=\"og:url\" content=\"https:\/\/fadein.es\/fr\/producto\/bobine-daluminium-industriel\/\" \/>\n<meta property=\"og:site_name\" content=\"Fadein\" \/>\n<meta property=\"article:modified_time\" content=\"2025-04-23T08:17:03+00:00\" \/>\n<meta property=\"og:image\" content=\"https:\/\/fadein.es\/wp-content\/uploads\/2025\/04\/ALUMINIO-INDUSTRIAL-ROLLO.jpg\" \/>\n\t<meta property=\"og:image:width\" content=\"800\" \/>\n\t<meta property=\"og:image:height\" content=\"800\" \/>\n\t<meta property=\"og:image:type\" content=\"image\/jpeg\" \/>\n<meta name=\"twitter:card\" content=\"summary_large_image\" \/>\n<script type=\"application\/ld+json\" class=\"yoast-schema-graph\">{\"@context\":\"https:\\\/\\\/schema.org\",\"@graph\":[{\"@type\":\"WebPage\",\"@id\":\"https:\\\/\\\/fadein.es\\\/fr\\\/producto\\\/bobine-daluminium-industriel\\\/\",\"url\":\"https:\\\/\\\/fadein.es\\\/fr\\\/producto\\\/bobine-daluminium-industriel\\\/\",\"name\":\"BOBINE D'ALUMINIUM INDUSTRIEL\",\"isPartOf\":{\"@id\":\"https:\\\/\\\/fadein.es\\\/fr\\\/#website\"},\"primaryImageOfPage\":{\"@id\":\"https:\\\/\\\/fadein.es\\\/fr\\\/producto\\\/bobine-daluminium-industriel\\\/#primaryimage\"},\"image\":{\"@id\":\"https:\\\/\\\/fadein.es\\\/fr\\\/producto\\\/bobine-daluminium-industriel\\\/#primaryimage\"},\"thumbnailUrl\":\"https:\\\/\\\/fadein.es\\\/wp-content\\\/uploads\\\/2025\\\/04\\\/ALUMINIO-INDUSTRIAL-ROLLO.jpg\",\"datePublished\":\"2025-04-23T08:17:01+00:00\",\"dateModified\":\"2025-04-23T08:17:03+00:00\",\"description\":\"Feuille d'aluminium lisse en rouleaux, sp\u00e9cialement con\u00e7ue pour la conservation des aliments. Avec distributeur. Convient pour les denr\u00e9es alimentaires, la restauration, etc.\",\"breadcrumb\":{\"@id\":\"https:\\\/\\\/fadein.es\\\/fr\\\/producto\\\/bobine-daluminium-industriel\\\/#breadcrumb\"},\"inLanguage\":\"fr-FR\",\"potentialAction\":[{\"@type\":\"ReadAction\",\"target\":[\"https:\\\/\\\/fadein.es\\\/fr\\\/producto\\\/bobine-daluminium-industriel\\\/\"]}]},{\"@type\":\"ImageObject\",\"inLanguage\":\"fr-FR\",\"@id\":\"https:\\\/\\\/fadein.es\\\/fr\\\/producto\\\/bobine-daluminium-industriel\\\/#primaryimage\",\"url\":\"https:\\\/\\\/fadein.es\\\/wp-content\\\/uploads\\\/2025\\\/04\\\/ALUMINIO-INDUSTRIAL-ROLLO.jpg\",\"contentUrl\":\"https:\\\/\\\/fadein.es\\\/wp-content\\\/uploads\\\/2025\\\/04\\\/ALUMINIO-INDUSTRIAL-ROLLO.jpg\",\"width\":800,\"height\":800,\"caption\":\"ALUMINIO INDUSTRIAL ROLLO\"},{\"@type\":\"BreadcrumbList\",\"@id\":\"https:\\\/\\\/fadein.es\\\/fr\\\/producto\\\/bobine-daluminium-industriel\\\/#breadcrumb\",\"itemListElement\":[{\"@type\":\"ListItem\",\"position\":1,\"name\":\"Portada\",\"item\":\"https:\\\/\\\/fadein.es\\\/fr\\\/accueil\\\/\"},{\"@type\":\"ListItem\",\"position\":2,\"name\":\"Boutique\",\"item\":\"https:\\\/\\\/fadein.es\\\/fr\\\/boutique\\\/\"},{\"@type\":\"ListItem\",\"position\":3,\"name\":\"BOBINE D&#8217;ALUMINIUM INDUSTRIEL\"}]},{\"@type\":\"WebSite\",\"@id\":\"https:\\\/\\\/fadein.es\\\/fr\\\/#website\",\"url\":\"https:\\\/\\\/fadein.es\\\/fr\\\/\",\"name\":\"Fadein\",\"description\":\"Detergentes de alto rendimiento\",\"publisher\":{\"@id\":\"https:\\\/\\\/fadein.es\\\/fr\\\/#organization\"},\"alternateName\":\"Detergentes de alto rendimiento\",\"potentialAction\":[{\"@type\":\"SearchAction\",\"target\":{\"@type\":\"EntryPoint\",\"urlTemplate\":\"https:\\\/\\\/fadein.es\\\/fr\\\/?s={search_term_string}\"},\"query-input\":{\"@type\":\"PropertyValueSpecification\",\"valueRequired\":true,\"valueName\":\"search_term_string\"}}],\"inLanguage\":\"fr-FR\"},{\"@type\":\"Organization\",\"@id\":\"https:\\\/\\\/fadein.es\\\/fr\\\/#organization\",\"name\":\"Fadein\",\"alternateName\":\"Detergentes de alto rendimiento\",\"url\":\"https:\\\/\\\/fadein.es\\\/fr\\\/\",\"logo\":{\"@type\":\"ImageObject\",\"inLanguage\":\"fr-FR\",\"@id\":\"https:\\\/\\\/fadein.es\\\/fr\\\/#\\\/schema\\\/logo\\\/image\\\/\",\"url\":\"https:\\\/\\\/fadein.es\\\/wp-content\\\/uploads\\\/2021\\\/05\\\/fadein-deterdentes-de-alto-rendimiento.png\",\"contentUrl\":\"https:\\\/\\\/fadein.es\\\/wp-content\\\/uploads\\\/2021\\\/05\\\/fadein-deterdentes-de-alto-rendimiento.png\",\"width\":512,\"height\":512,\"caption\":\"Fadein\"},\"image\":{\"@id\":\"https:\\\/\\\/fadein.es\\\/fr\\\/#\\\/schema\\\/logo\\\/image\\\/\"}}]}<\/script>\n<!-- \/ Yoast SEO Premium plugin. -->","yoast_head_json":{"title":"BOBINE D'ALUMINIUM INDUSTRIEL","description":"Feuille d'aluminium lisse en rouleaux, sp\u00e9cialement con\u00e7ue pour la conservation des aliments. Avec distributeur. Convient pour les denr\u00e9es alimentaires, la restauration, etc.","robots":{"index":"index","follow":"follow","max-snippet":"max-snippet:-1","max-image-preview":"max-image-preview:large","max-video-preview":"max-video-preview:-1"},"canonical":"https:\/\/fadein.es\/fr\/producto\/bobine-daluminium-industriel\/","og_locale":"fr_FR","og_type":"article","og_title":"BOBINE D'ALUMINIUM INDUSTRIEL","og_description":"Feuille d'aluminium lisse en rouleaux, sp\u00e9cialement con\u00e7ue pour la conservation des aliments. Avec distributeur. Convient pour les denr\u00e9es alimentaires, la restauration, etc.","og_url":"https:\/\/fadein.es\/fr\/producto\/bobine-daluminium-industriel\/","og_site_name":"Fadein","article_modified_time":"2025-04-23T08:17:03+00:00","og_image":[{"width":800,"height":800,"url":"https:\/\/fadein.es\/wp-content\/uploads\/2025\/04\/ALUMINIO-INDUSTRIAL-ROLLO.jpg","type":"image\/jpeg"}],"twitter_card":"summary_large_image","schema":{"@context":"https:\/\/schema.org","@graph":[{"@type":"WebPage","@id":"https:\/\/fadein.es\/fr\/producto\/bobine-daluminium-industriel\/","url":"https:\/\/fadein.es\/fr\/producto\/bobine-daluminium-industriel\/","name":"BOBINE D'ALUMINIUM INDUSTRIEL","isPartOf":{"@id":"https:\/\/fadein.es\/fr\/#website"},"primaryImageOfPage":{"@id":"https:\/\/fadein.es\/fr\/producto\/bobine-daluminium-industriel\/#primaryimage"},"image":{"@id":"https:\/\/fadein.es\/fr\/producto\/bobine-daluminium-industriel\/#primaryimage"},"thumbnailUrl":"https:\/\/fadein.es\/wp-content\/uploads\/2025\/04\/ALUMINIO-INDUSTRIAL-ROLLO.jpg","datePublished":"2025-04-23T08:17:01+00:00","dateModified":"2025-04-23T08:17:03+00:00","description":"Feuille d'aluminium lisse en rouleaux, sp\u00e9cialement con\u00e7ue pour la conservation des aliments. Avec distributeur. Convient pour les denr\u00e9es alimentaires, la restauration, etc.","breadcrumb":{"@id":"https:\/\/fadein.es\/fr\/producto\/bobine-daluminium-industriel\/#breadcrumb"},"inLanguage":"fr-FR","potentialAction":[{"@type":"ReadAction","target":["https:\/\/fadein.es\/fr\/producto\/bobine-daluminium-industriel\/"]}]},{"@type":"ImageObject","inLanguage":"fr-FR","@id":"https:\/\/fadein.es\/fr\/producto\/bobine-daluminium-industriel\/#primaryimage","url":"https:\/\/fadein.es\/wp-content\/uploads\/2025\/04\/ALUMINIO-INDUSTRIAL-ROLLO.jpg","contentUrl":"https:\/\/fadein.es\/wp-content\/uploads\/2025\/04\/ALUMINIO-INDUSTRIAL-ROLLO.jpg","width":800,"height":800,"caption":"ALUMINIO INDUSTRIAL ROLLO"},{"@type":"BreadcrumbList","@id":"https:\/\/fadein.es\/fr\/producto\/bobine-daluminium-industriel\/#breadcrumb","itemListElement":[{"@type":"ListItem","position":1,"name":"Portada","item":"https:\/\/fadein.es\/fr\/accueil\/"},{"@type":"ListItem","position":2,"name":"Boutique","item":"https:\/\/fadein.es\/fr\/boutique\/"},{"@type":"ListItem","position":3,"name":"BOBINE D&#8217;ALUMINIUM INDUSTRIEL"}]},{"@type":"WebSite","@id":"https:\/\/fadein.es\/fr\/#website","url":"https:\/\/fadein.es\/fr\/","name":"Fadein","description":"Detergentes de alto rendimiento","publisher":{"@id":"https:\/\/fadein.es\/fr\/#organization"},"alternateName":"Detergentes de alto rendimiento","potentialAction":[{"@type":"SearchAction","target":{"@type":"EntryPoint","urlTemplate":"https:\/\/fadein.es\/fr\/?s={search_term_string}"},"query-input":{"@type":"PropertyValueSpecification","valueRequired":true,"valueName":"search_term_string"}}],"inLanguage":"fr-FR"},{"@type":"Organization","@id":"https:\/\/fadein.es\/fr\/#organization","name":"Fadein","alternateName":"Detergentes de alto rendimiento","url":"https:\/\/fadein.es\/fr\/","logo":{"@type":"ImageObject","inLanguage":"fr-FR","@id":"https:\/\/fadein.es\/fr\/#\/schema\/logo\/image\/","url":"https:\/\/fadein.es\/wp-content\/uploads\/2021\/05\/fadein-deterdentes-de-alto-rendimiento.png","contentUrl":"https:\/\/fadein.es\/wp-content\/uploads\/2021\/05\/fadein-deterdentes-de-alto-rendimiento.png","width":512,"height":512,"caption":"Fadein"},"image":{"@id":"https:\/\/fadein.es\/fr\/#\/schema\/logo\/image\/"}}]}},"_links":{"self":[{"href":"https:\/\/fadein.es\/fr\/wp-json\/wp\/v2\/product\/9914","targetHints":{"allow":["GET"]}}],"collection":[{"href":"https:\/\/fadein.es\/fr\/wp-json\/wp\/v2\/product"}],"about":[{"href":"https:\/\/fadein.es\/fr\/wp-json\/wp\/v2\/types\/product"}],"replies":[{"embeddable":true,"href":"https:\/\/fadein.es\/fr\/wp-json\/wp\/v2\/comments?post=9914"}],"wp:featuredmedia":[{"embeddable":true,"href":"https:\/\/fadein.es\/fr\/wp-json\/wp\/v2\/media\/9908"}],"wp:attachment":[{"href":"https:\/\/fadein.es\/fr\/wp-json\/wp\/v2\/media?parent=9914"}],"wp:term":[{"taxonomy":"product_brand","embeddable":true,"href":"https:\/\/fadein.es\/fr\/wp-json\/wp\/v2\/product_brand?post=9914"},{"taxonomy":"product_cat","embeddable":true,"href":"https:\/\/fadein.es\/fr\/wp-json\/wp\/v2\/product_cat?post=9914"},{"taxonomy":"product_tag","embeddable":true,"href":"https:\/\/fadein.es\/fr\/wp-json\/wp\/v2\/product_tag?post=9914"}],"curies":[{"name":"wp","href":"https:\/\/api.w.org\/{rel}","templated":true}]}}