{"id":9724,"date":"2025-04-15T13:42:23","date_gmt":"2025-04-15T13:42:23","guid":{"rendered":"https:\/\/fadein.es\/?post_type=product&#038;p=9724"},"modified":"2025-04-17T11:41:47","modified_gmt":"2025-04-17T11:41:47","slug":"brosse-de-lavage-plate-no3-p-m-pc","status":"publish","type":"product","link":"https:\/\/fadein.es\/fr\/producto\/brosse-de-lavage-plate-no3-p-m-pc\/","title":{"rendered":"BROSSE DE LAVAGE PLATE N\u00ba3 P.M. (PC)"},"content":{"rendered":"<p>Brosse <strong>plate pour le<\/strong> lavage des voitures <strong>N\u00ba3 P.M. (UD)<\/strong> Brosse rectangulaire pour le lavage des voitures \u00e0 poils mixtes. Support : Bois de pin 270 mm X 56 mm X 18 mm. Fibre : Poils mixtes 140 mm.   Convient pour<strong>  Nettoyage de carrosseries et lavage de v\u00e9hicules.  <\/strong> <\/p>\n<p>Vous pouvez contacter le service commercial de <strong><strong>FADEIN<\/strong><\/strong> par t\u00e9l\u00e9phone<strong><strong> 91 873 87 02 <\/strong><\/strong>ou par e-mail<strong><strong> att.cliente@fadein.es <\/strong><\/strong>pour toute information compl\u00e9mentaire ou demande de devis de nos produits.  <\/p>\n","protected":false},"excerpt":{"rendered":"<p>Brosse rectangulaire de table pour le lavage des voitures \u00e0 poils mixtes<\/p>\n","protected":false},"featured_media":9537,"comment_status":"open","ping_status":"closed","template":"","meta":{"_et_pb_use_builder":"","_et_pb_old_content":"","_et_gb_content_width":""},"product_brand":[],"product_cat":[896,1016],"product_tag":[956,752],"class_list":{"0":"post-9724","1":"product","2":"type-product","3":"status-publish","4":"has-post-thumbnail","6":"product_cat-ustensiles-de-nettoyage","7":"product_cat-ustensiles-lavage-vehicules","8":"product_tag-lavage-des-vehicules","9":"product_tag-nettoyage-de-carrosserie","11":"first","12":"instock","13":"taxable","14":"shipping-taxable","15":"purchasable","16":"product-type-simple"},"yoast_head":"<!-- This site is optimized with the Yoast SEO Premium plugin v27.2 (Yoast SEO v27.4) - https:\/\/yoast.com\/product\/yoast-seo-premium-wordpress\/ -->\n<title>BROSSE DE LAVAGE PLATE N\u00ba3 P.M. (PC)<\/title>\n<meta name=\"description\" content=\"Brosse de lavage de voiture de table rectangulaire \u00e0 poils m\u00e9lang\u00e9s. Support : Bois de pin 270 mm x 56 mm x 18 mm. Fibre : Poils m\u00e9lang\u00e9s 140 mm.\" \/>\n<meta name=\"robots\" content=\"index, follow, max-snippet:-1, max-image-preview:large, max-video-preview:-1\" \/>\n<link rel=\"canonical\" href=\"https:\/\/fadein.es\/fr\/producto\/brosse-de-lavage-plate-no3-p-m-pc\/\" \/>\n<meta property=\"og:locale\" content=\"fr_FR\" \/>\n<meta property=\"og:type\" content=\"article\" \/>\n<meta property=\"og:title\" content=\"BROSSE DE LAVAGE PLATE N\u00ba3 P.M. (PC)\" \/>\n<meta property=\"og:description\" content=\"Brosse de lavage de voiture de table rectangulaire \u00e0 poils m\u00e9lang\u00e9s. Support : Bois de pin 270 mm x 56 mm x 18 mm. Fibre : Poils m\u00e9lang\u00e9s 140 mm.\" \/>\n<meta property=\"og:url\" content=\"https:\/\/fadein.es\/fr\/producto\/brosse-de-lavage-plate-no3-p-m-pc\/\" \/>\n<meta property=\"og:site_name\" content=\"Fadein\" \/>\n<meta property=\"article:modified_time\" content=\"2025-04-17T11:41:47+00:00\" \/>\n<meta property=\"og:image\" content=\"https:\/\/fadein.es\/wp-content\/uploads\/2025\/04\/CEPILLO-LAVACOCHES-PLANO-No3.jpg\" \/>\n\t<meta property=\"og:image:width\" content=\"800\" \/>\n\t<meta property=\"og:image:height\" content=\"800\" \/>\n\t<meta property=\"og:image:type\" content=\"image\/jpeg\" \/>\n<meta name=\"twitter:card\" content=\"summary_large_image\" \/>\n<script type=\"application\/ld+json\" class=\"yoast-schema-graph\">{\"@context\":\"https:\\\/\\\/schema.org\",\"@graph\":[{\"@type\":\"WebPage\",\"@id\":\"https:\\\/\\\/fadein.es\\\/fr\\\/producto\\\/brosse-de-lavage-plate-no3-p-m-pc\\\/\",\"url\":\"https:\\\/\\\/fadein.es\\\/fr\\\/producto\\\/brosse-de-lavage-plate-no3-p-m-pc\\\/\",\"name\":\"BROSSE DE LAVAGE PLATE N\u00ba3 P.M. (PC)\",\"isPartOf\":{\"@id\":\"https:\\\/\\\/fadein.es\\\/fr\\\/#website\"},\"primaryImageOfPage\":{\"@id\":\"https:\\\/\\\/fadein.es\\\/fr\\\/producto\\\/brosse-de-lavage-plate-no3-p-m-pc\\\/#primaryimage\"},\"image\":{\"@id\":\"https:\\\/\\\/fadein.es\\\/fr\\\/producto\\\/brosse-de-lavage-plate-no3-p-m-pc\\\/#primaryimage\"},\"thumbnailUrl\":\"https:\\\/\\\/fadein.es\\\/wp-content\\\/uploads\\\/2025\\\/04\\\/CEPILLO-LAVACOCHES-PLANO-No3.jpg\",\"datePublished\":\"2025-04-15T13:42:23+00:00\",\"dateModified\":\"2025-04-17T11:41:47+00:00\",\"description\":\"Brosse de lavage de voiture de table rectangulaire \u00e0 poils m\u00e9lang\u00e9s. Support : Bois de pin 270 mm x 56 mm x 18 mm. Fibre : Poils m\u00e9lang\u00e9s 140 mm.\",\"breadcrumb\":{\"@id\":\"https:\\\/\\\/fadein.es\\\/fr\\\/producto\\\/brosse-de-lavage-plate-no3-p-m-pc\\\/#breadcrumb\"},\"inLanguage\":\"fr-FR\",\"potentialAction\":[{\"@type\":\"ReadAction\",\"target\":[\"https:\\\/\\\/fadein.es\\\/fr\\\/producto\\\/brosse-de-lavage-plate-no3-p-m-pc\\\/\"]}]},{\"@type\":\"ImageObject\",\"inLanguage\":\"fr-FR\",\"@id\":\"https:\\\/\\\/fadein.es\\\/fr\\\/producto\\\/brosse-de-lavage-plate-no3-p-m-pc\\\/#primaryimage\",\"url\":\"https:\\\/\\\/fadein.es\\\/wp-content\\\/uploads\\\/2025\\\/04\\\/CEPILLO-LAVACOCHES-PLANO-No3.jpg\",\"contentUrl\":\"https:\\\/\\\/fadein.es\\\/wp-content\\\/uploads\\\/2025\\\/04\\\/CEPILLO-LAVACOCHES-PLANO-No3.jpg\",\"width\":800,\"height\":800,\"caption\":\"CEPILLO LAVACOCHES PLANO N\u00ba3\"},{\"@type\":\"BreadcrumbList\",\"@id\":\"https:\\\/\\\/fadein.es\\\/fr\\\/producto\\\/brosse-de-lavage-plate-no3-p-m-pc\\\/#breadcrumb\",\"itemListElement\":[{\"@type\":\"ListItem\",\"position\":1,\"name\":\"Portada\",\"item\":\"https:\\\/\\\/fadein.es\\\/fr\\\/accueil\\\/\"},{\"@type\":\"ListItem\",\"position\":2,\"name\":\"Boutique\",\"item\":\"https:\\\/\\\/fadein.es\\\/fr\\\/boutique\\\/\"},{\"@type\":\"ListItem\",\"position\":3,\"name\":\"BROSSE DE LAVAGE PLATE N\u00ba3 P.M. (PC)\"}]},{\"@type\":\"WebSite\",\"@id\":\"https:\\\/\\\/fadein.es\\\/fr\\\/#website\",\"url\":\"https:\\\/\\\/fadein.es\\\/fr\\\/\",\"name\":\"Fadein\",\"description\":\"Detergentes de alto rendimiento\",\"publisher\":{\"@id\":\"https:\\\/\\\/fadein.es\\\/fr\\\/#organization\"},\"alternateName\":\"Detergentes de alto rendimiento\",\"potentialAction\":[{\"@type\":\"SearchAction\",\"target\":{\"@type\":\"EntryPoint\",\"urlTemplate\":\"https:\\\/\\\/fadein.es\\\/fr\\\/?s={search_term_string}\"},\"query-input\":{\"@type\":\"PropertyValueSpecification\",\"valueRequired\":true,\"valueName\":\"search_term_string\"}}],\"inLanguage\":\"fr-FR\"},{\"@type\":\"Organization\",\"@id\":\"https:\\\/\\\/fadein.es\\\/fr\\\/#organization\",\"name\":\"Fadein\",\"alternateName\":\"Detergentes de alto rendimiento\",\"url\":\"https:\\\/\\\/fadein.es\\\/fr\\\/\",\"logo\":{\"@type\":\"ImageObject\",\"inLanguage\":\"fr-FR\",\"@id\":\"https:\\\/\\\/fadein.es\\\/fr\\\/#\\\/schema\\\/logo\\\/image\\\/\",\"url\":\"https:\\\/\\\/fadein.es\\\/wp-content\\\/uploads\\\/2021\\\/05\\\/fadein-deterdentes-de-alto-rendimiento.png\",\"contentUrl\":\"https:\\\/\\\/fadein.es\\\/wp-content\\\/uploads\\\/2021\\\/05\\\/fadein-deterdentes-de-alto-rendimiento.png\",\"width\":512,\"height\":512,\"caption\":\"Fadein\"},\"image\":{\"@id\":\"https:\\\/\\\/fadein.es\\\/fr\\\/#\\\/schema\\\/logo\\\/image\\\/\"}}]}<\/script>\n<!-- \/ Yoast SEO Premium plugin. -->","yoast_head_json":{"title":"BROSSE DE LAVAGE PLATE N\u00ba3 P.M. (PC)","description":"Brosse de lavage de voiture de table rectangulaire \u00e0 poils m\u00e9lang\u00e9s. Support : Bois de pin 270 mm x 56 mm x 18 mm. Fibre : Poils m\u00e9lang\u00e9s 140 mm.","robots":{"index":"index","follow":"follow","max-snippet":"max-snippet:-1","max-image-preview":"max-image-preview:large","max-video-preview":"max-video-preview:-1"},"canonical":"https:\/\/fadein.es\/fr\/producto\/brosse-de-lavage-plate-no3-p-m-pc\/","og_locale":"fr_FR","og_type":"article","og_title":"BROSSE DE LAVAGE PLATE N\u00ba3 P.M. (PC)","og_description":"Brosse de lavage de voiture de table rectangulaire \u00e0 poils m\u00e9lang\u00e9s. Support : Bois de pin 270 mm x 56 mm x 18 mm. Fibre : Poils m\u00e9lang\u00e9s 140 mm.","og_url":"https:\/\/fadein.es\/fr\/producto\/brosse-de-lavage-plate-no3-p-m-pc\/","og_site_name":"Fadein","article_modified_time":"2025-04-17T11:41:47+00:00","og_image":[{"width":800,"height":800,"url":"https:\/\/fadein.es\/wp-content\/uploads\/2025\/04\/CEPILLO-LAVACOCHES-PLANO-No3.jpg","type":"image\/jpeg"}],"twitter_card":"summary_large_image","schema":{"@context":"https:\/\/schema.org","@graph":[{"@type":"WebPage","@id":"https:\/\/fadein.es\/fr\/producto\/brosse-de-lavage-plate-no3-p-m-pc\/","url":"https:\/\/fadein.es\/fr\/producto\/brosse-de-lavage-plate-no3-p-m-pc\/","name":"BROSSE DE LAVAGE PLATE N\u00ba3 P.M. (PC)","isPartOf":{"@id":"https:\/\/fadein.es\/fr\/#website"},"primaryImageOfPage":{"@id":"https:\/\/fadein.es\/fr\/producto\/brosse-de-lavage-plate-no3-p-m-pc\/#primaryimage"},"image":{"@id":"https:\/\/fadein.es\/fr\/producto\/brosse-de-lavage-plate-no3-p-m-pc\/#primaryimage"},"thumbnailUrl":"https:\/\/fadein.es\/wp-content\/uploads\/2025\/04\/CEPILLO-LAVACOCHES-PLANO-No3.jpg","datePublished":"2025-04-15T13:42:23+00:00","dateModified":"2025-04-17T11:41:47+00:00","description":"Brosse de lavage de voiture de table rectangulaire \u00e0 poils m\u00e9lang\u00e9s. Support : Bois de pin 270 mm x 56 mm x 18 mm. Fibre : Poils m\u00e9lang\u00e9s 140 mm.","breadcrumb":{"@id":"https:\/\/fadein.es\/fr\/producto\/brosse-de-lavage-plate-no3-p-m-pc\/#breadcrumb"},"inLanguage":"fr-FR","potentialAction":[{"@type":"ReadAction","target":["https:\/\/fadein.es\/fr\/producto\/brosse-de-lavage-plate-no3-p-m-pc\/"]}]},{"@type":"ImageObject","inLanguage":"fr-FR","@id":"https:\/\/fadein.es\/fr\/producto\/brosse-de-lavage-plate-no3-p-m-pc\/#primaryimage","url":"https:\/\/fadein.es\/wp-content\/uploads\/2025\/04\/CEPILLO-LAVACOCHES-PLANO-No3.jpg","contentUrl":"https:\/\/fadein.es\/wp-content\/uploads\/2025\/04\/CEPILLO-LAVACOCHES-PLANO-No3.jpg","width":800,"height":800,"caption":"CEPILLO LAVACOCHES PLANO N\u00ba3"},{"@type":"BreadcrumbList","@id":"https:\/\/fadein.es\/fr\/producto\/brosse-de-lavage-plate-no3-p-m-pc\/#breadcrumb","itemListElement":[{"@type":"ListItem","position":1,"name":"Portada","item":"https:\/\/fadein.es\/fr\/accueil\/"},{"@type":"ListItem","position":2,"name":"Boutique","item":"https:\/\/fadein.es\/fr\/boutique\/"},{"@type":"ListItem","position":3,"name":"BROSSE DE LAVAGE PLATE N\u00ba3 P.M. (PC)"}]},{"@type":"WebSite","@id":"https:\/\/fadein.es\/fr\/#website","url":"https:\/\/fadein.es\/fr\/","name":"Fadein","description":"Detergentes de alto rendimiento","publisher":{"@id":"https:\/\/fadein.es\/fr\/#organization"},"alternateName":"Detergentes de alto rendimiento","potentialAction":[{"@type":"SearchAction","target":{"@type":"EntryPoint","urlTemplate":"https:\/\/fadein.es\/fr\/?s={search_term_string}"},"query-input":{"@type":"PropertyValueSpecification","valueRequired":true,"valueName":"search_term_string"}}],"inLanguage":"fr-FR"},{"@type":"Organization","@id":"https:\/\/fadein.es\/fr\/#organization","name":"Fadein","alternateName":"Detergentes de alto rendimiento","url":"https:\/\/fadein.es\/fr\/","logo":{"@type":"ImageObject","inLanguage":"fr-FR","@id":"https:\/\/fadein.es\/fr\/#\/schema\/logo\/image\/","url":"https:\/\/fadein.es\/wp-content\/uploads\/2021\/05\/fadein-deterdentes-de-alto-rendimiento.png","contentUrl":"https:\/\/fadein.es\/wp-content\/uploads\/2021\/05\/fadein-deterdentes-de-alto-rendimiento.png","width":512,"height":512,"caption":"Fadein"},"image":{"@id":"https:\/\/fadein.es\/fr\/#\/schema\/logo\/image\/"}}]}},"_links":{"self":[{"href":"https:\/\/fadein.es\/fr\/wp-json\/wp\/v2\/product\/9724","targetHints":{"allow":["GET"]}}],"collection":[{"href":"https:\/\/fadein.es\/fr\/wp-json\/wp\/v2\/product"}],"about":[{"href":"https:\/\/fadein.es\/fr\/wp-json\/wp\/v2\/types\/product"}],"replies":[{"embeddable":true,"href":"https:\/\/fadein.es\/fr\/wp-json\/wp\/v2\/comments?post=9724"}],"wp:featuredmedia":[{"embeddable":true,"href":"https:\/\/fadein.es\/fr\/wp-json\/wp\/v2\/media\/9537"}],"wp:attachment":[{"href":"https:\/\/fadein.es\/fr\/wp-json\/wp\/v2\/media?parent=9724"}],"wp:term":[{"taxonomy":"product_brand","embeddable":true,"href":"https:\/\/fadein.es\/fr\/wp-json\/wp\/v2\/product_brand?post=9724"},{"taxonomy":"product_cat","embeddable":true,"href":"https:\/\/fadein.es\/fr\/wp-json\/wp\/v2\/product_cat?post=9724"},{"taxonomy":"product_tag","embeddable":true,"href":"https:\/\/fadein.es\/fr\/wp-json\/wp\/v2\/product_tag?post=9724"}],"curies":[{"name":"wp","href":"https:\/\/api.w.org\/{rel}","templated":true}]}}