{"id":9713,"date":"2025-04-15T13:42:23","date_gmt":"2025-04-15T13:42:23","guid":{"rendered":"https:\/\/fadein.es\/?post_type=product&#038;p=9713"},"modified":"2025-04-17T10:39:22","modified_gmt":"2025-04-17T10:39:22","slug":"manche-de-lhydrobrosse-avec-poignee-ergonomique","status":"publish","type":"product","link":"https:\/\/fadein.es\/fr\/producto\/manche-de-lhydrobrosse-avec-poignee-ergonomique\/","title":{"rendered":"MANCHE DE L&rsquo;HYDROBROSSE AVEC POIGN\u00c9E ERGONOMIQUE"},"content":{"rendered":"<p><strong>POIGNEE POUR HYDROCEPILLO AVEC POIGNEE ERGONOMIQUE<\/strong> extensible de 144 \u00e0 251cm. Manche t\u00e9lescopique en aluminium et poign\u00e9es en caoutchouc. Comprend un raccord de tuyau universel et un raccord rapide \u00e0 la brosse pour permettre \u00e0 l&rsquo;eau de s&rsquo;\u00e9couler \u00e0 l&rsquo;int\u00e9rieur.   Convient pour<strong>  Nettoyage de carrosseries et lavage de v\u00e9hicules.  <\/strong> <\/p>\n<p>Vous pouvez contacter le service commercial de <strong><strong>FADEIN<\/strong><\/strong> par t\u00e9l\u00e9phone<strong><strong> 91 873 87 02 <\/strong><\/strong>ou par e-mail<strong><strong> att.cliente@fadein.es <\/strong><\/strong>pour toute information compl\u00e9mentaire ou demande de devis de nos produits.  <\/p>\n","protected":false},"excerpt":{"rendered":"<p>Manche de l&rsquo;hydrobrosse avec poign\u00e9e ergonomique 144-251cm<\/p>\n","protected":false},"featured_media":9549,"comment_status":"open","ping_status":"closed","template":"","meta":{"_et_pb_use_builder":"","_et_pb_old_content":"","_et_gb_content_width":""},"product_brand":[],"product_cat":[896,1016],"product_tag":[956,752],"class_list":{"0":"post-9713","1":"product","2":"type-product","3":"status-publish","4":"has-post-thumbnail","6":"product_cat-ustensiles-de-nettoyage","7":"product_cat-ustensiles-lavage-vehicules","8":"product_tag-lavage-des-vehicules","9":"product_tag-nettoyage-de-carrosserie","11":"first","12":"instock","13":"taxable","14":"shipping-taxable","15":"purchasable","16":"product-type-simple"},"yoast_head":"<!-- This site is optimized with the Yoast SEO Premium plugin v27.2 (Yoast SEO v27.5) - https:\/\/yoast.com\/product\/yoast-seo-premium-wordpress\/ -->\n<title>MANCHE DE L&#039;HYDROBROSSE AVEC POIGN\u00c9E ERGONOMIQUE<\/title>\n<meta name=\"description\" content=\"Manche pour Hydrobrush avec poign\u00e9e ergonomique extensible de 144 \u00e0 251cm. Manche t\u00e9lescopique en aluminium et poign\u00e9es en caoutchouc.\" \/>\n<meta name=\"robots\" content=\"index, follow, max-snippet:-1, max-image-preview:large, max-video-preview:-1\" \/>\n<link rel=\"canonical\" href=\"https:\/\/fadein.es\/fr\/producto\/manche-de-lhydrobrosse-avec-poignee-ergonomique\/\" \/>\n<meta property=\"og:locale\" content=\"fr_FR\" \/>\n<meta property=\"og:type\" content=\"article\" \/>\n<meta property=\"og:title\" content=\"MANCHE DE L&#039;HYDROBROSSE AVEC POIGN\u00c9E ERGONOMIQUE\" \/>\n<meta property=\"og:description\" content=\"Manche pour Hydrobrush avec poign\u00e9e ergonomique extensible de 144 \u00e0 251cm. Manche t\u00e9lescopique en aluminium et poign\u00e9es en caoutchouc.\" \/>\n<meta property=\"og:url\" content=\"https:\/\/fadein.es\/fr\/producto\/manche-de-lhydrobrosse-avec-poignee-ergonomique\/\" \/>\n<meta property=\"og:site_name\" content=\"Fadein\" \/>\n<meta property=\"article:modified_time\" content=\"2025-04-17T10:39:22+00:00\" \/>\n<meta property=\"og:image\" content=\"https:\/\/fadein.es\/wp-content\/uploads\/2025\/04\/MANGO-PARA-HIDROCEPILLO-CON-EMPUNADURA-ERGONOMICA.jpg\" \/>\n\t<meta property=\"og:image:width\" content=\"800\" \/>\n\t<meta property=\"og:image:height\" content=\"800\" \/>\n\t<meta property=\"og:image:type\" content=\"image\/jpeg\" \/>\n<meta name=\"twitter:card\" content=\"summary_large_image\" \/>\n<script type=\"application\/ld+json\" class=\"yoast-schema-graph\">{\"@context\":\"https:\\\/\\\/schema.org\",\"@graph\":[{\"@type\":\"WebPage\",\"@id\":\"https:\\\/\\\/fadein.es\\\/fr\\\/producto\\\/manche-de-lhydrobrosse-avec-poignee-ergonomique\\\/\",\"url\":\"https:\\\/\\\/fadein.es\\\/fr\\\/producto\\\/manche-de-lhydrobrosse-avec-poignee-ergonomique\\\/\",\"name\":\"MANCHE DE L'HYDROBROSSE AVEC POIGN\u00c9E ERGONOMIQUE\",\"isPartOf\":{\"@id\":\"https:\\\/\\\/fadein.es\\\/fr\\\/#website\"},\"primaryImageOfPage\":{\"@id\":\"https:\\\/\\\/fadein.es\\\/fr\\\/producto\\\/manche-de-lhydrobrosse-avec-poignee-ergonomique\\\/#primaryimage\"},\"image\":{\"@id\":\"https:\\\/\\\/fadein.es\\\/fr\\\/producto\\\/manche-de-lhydrobrosse-avec-poignee-ergonomique\\\/#primaryimage\"},\"thumbnailUrl\":\"https:\\\/\\\/fadein.es\\\/wp-content\\\/uploads\\\/2025\\\/04\\\/MANGO-PARA-HIDROCEPILLO-CON-EMPUNADURA-ERGONOMICA.jpg\",\"datePublished\":\"2025-04-15T13:42:23+00:00\",\"dateModified\":\"2025-04-17T10:39:22+00:00\",\"description\":\"Manche pour Hydrobrush avec poign\u00e9e ergonomique extensible de 144 \u00e0 251cm. Manche t\u00e9lescopique en aluminium et poign\u00e9es en caoutchouc.\",\"breadcrumb\":{\"@id\":\"https:\\\/\\\/fadein.es\\\/fr\\\/producto\\\/manche-de-lhydrobrosse-avec-poignee-ergonomique\\\/#breadcrumb\"},\"inLanguage\":\"fr-FR\",\"potentialAction\":[{\"@type\":\"ReadAction\",\"target\":[\"https:\\\/\\\/fadein.es\\\/fr\\\/producto\\\/manche-de-lhydrobrosse-avec-poignee-ergonomique\\\/\"]}]},{\"@type\":\"ImageObject\",\"inLanguage\":\"fr-FR\",\"@id\":\"https:\\\/\\\/fadein.es\\\/fr\\\/producto\\\/manche-de-lhydrobrosse-avec-poignee-ergonomique\\\/#primaryimage\",\"url\":\"https:\\\/\\\/fadein.es\\\/wp-content\\\/uploads\\\/2025\\\/04\\\/MANGO-PARA-HIDROCEPILLO-CON-EMPUNADURA-ERGONOMICA.jpg\",\"contentUrl\":\"https:\\\/\\\/fadein.es\\\/wp-content\\\/uploads\\\/2025\\\/04\\\/MANGO-PARA-HIDROCEPILLO-CON-EMPUNADURA-ERGONOMICA.jpg\",\"width\":800,\"height\":800,\"caption\":\"MANGO PARA HIDROCEPILLO CON EMPU\u00d1ADURA ERGON\u00d3MICA\"},{\"@type\":\"BreadcrumbList\",\"@id\":\"https:\\\/\\\/fadein.es\\\/fr\\\/producto\\\/manche-de-lhydrobrosse-avec-poignee-ergonomique\\\/#breadcrumb\",\"itemListElement\":[{\"@type\":\"ListItem\",\"position\":1,\"name\":\"Portada\",\"item\":\"https:\\\/\\\/fadein.es\\\/fr\\\/accueil\\\/\"},{\"@type\":\"ListItem\",\"position\":2,\"name\":\"Boutique\",\"item\":\"https:\\\/\\\/fadein.es\\\/fr\\\/boutique\\\/\"},{\"@type\":\"ListItem\",\"position\":3,\"name\":\"MANCHE DE L&#8217;HYDROBROSSE AVEC POIGN\u00c9E ERGONOMIQUE\"}]},{\"@type\":\"WebSite\",\"@id\":\"https:\\\/\\\/fadein.es\\\/fr\\\/#website\",\"url\":\"https:\\\/\\\/fadein.es\\\/fr\\\/\",\"name\":\"Fadein\",\"description\":\"Detergentes de alto rendimiento\",\"publisher\":{\"@id\":\"https:\\\/\\\/fadein.es\\\/fr\\\/#organization\"},\"alternateName\":\"Detergentes de alto rendimiento\",\"potentialAction\":[{\"@type\":\"SearchAction\",\"target\":{\"@type\":\"EntryPoint\",\"urlTemplate\":\"https:\\\/\\\/fadein.es\\\/fr\\\/?s={search_term_string}\"},\"query-input\":{\"@type\":\"PropertyValueSpecification\",\"valueRequired\":true,\"valueName\":\"search_term_string\"}}],\"inLanguage\":\"fr-FR\"},{\"@type\":\"Organization\",\"@id\":\"https:\\\/\\\/fadein.es\\\/fr\\\/#organization\",\"name\":\"Fadein\",\"alternateName\":\"Detergentes de alto rendimiento\",\"url\":\"https:\\\/\\\/fadein.es\\\/fr\\\/\",\"logo\":{\"@type\":\"ImageObject\",\"inLanguage\":\"fr-FR\",\"@id\":\"https:\\\/\\\/fadein.es\\\/fr\\\/#\\\/schema\\\/logo\\\/image\\\/\",\"url\":\"https:\\\/\\\/fadein.es\\\/wp-content\\\/uploads\\\/2021\\\/05\\\/fadein-deterdentes-de-alto-rendimiento.png\",\"contentUrl\":\"https:\\\/\\\/fadein.es\\\/wp-content\\\/uploads\\\/2021\\\/05\\\/fadein-deterdentes-de-alto-rendimiento.png\",\"width\":512,\"height\":512,\"caption\":\"Fadein\"},\"image\":{\"@id\":\"https:\\\/\\\/fadein.es\\\/fr\\\/#\\\/schema\\\/logo\\\/image\\\/\"}}]}<\/script>\n<!-- \/ Yoast SEO Premium plugin. -->","yoast_head_json":{"title":"MANCHE DE L'HYDROBROSSE AVEC POIGN\u00c9E ERGONOMIQUE","description":"Manche pour Hydrobrush avec poign\u00e9e ergonomique extensible de 144 \u00e0 251cm. Manche t\u00e9lescopique en aluminium et poign\u00e9es en caoutchouc.","robots":{"index":"index","follow":"follow","max-snippet":"max-snippet:-1","max-image-preview":"max-image-preview:large","max-video-preview":"max-video-preview:-1"},"canonical":"https:\/\/fadein.es\/fr\/producto\/manche-de-lhydrobrosse-avec-poignee-ergonomique\/","og_locale":"fr_FR","og_type":"article","og_title":"MANCHE DE L'HYDROBROSSE AVEC POIGN\u00c9E ERGONOMIQUE","og_description":"Manche pour Hydrobrush avec poign\u00e9e ergonomique extensible de 144 \u00e0 251cm. Manche t\u00e9lescopique en aluminium et poign\u00e9es en caoutchouc.","og_url":"https:\/\/fadein.es\/fr\/producto\/manche-de-lhydrobrosse-avec-poignee-ergonomique\/","og_site_name":"Fadein","article_modified_time":"2025-04-17T10:39:22+00:00","og_image":[{"width":800,"height":800,"url":"https:\/\/fadein.es\/wp-content\/uploads\/2025\/04\/MANGO-PARA-HIDROCEPILLO-CON-EMPUNADURA-ERGONOMICA.jpg","type":"image\/jpeg"}],"twitter_card":"summary_large_image","schema":{"@context":"https:\/\/schema.org","@graph":[{"@type":"WebPage","@id":"https:\/\/fadein.es\/fr\/producto\/manche-de-lhydrobrosse-avec-poignee-ergonomique\/","url":"https:\/\/fadein.es\/fr\/producto\/manche-de-lhydrobrosse-avec-poignee-ergonomique\/","name":"MANCHE DE L'HYDROBROSSE AVEC POIGN\u00c9E ERGONOMIQUE","isPartOf":{"@id":"https:\/\/fadein.es\/fr\/#website"},"primaryImageOfPage":{"@id":"https:\/\/fadein.es\/fr\/producto\/manche-de-lhydrobrosse-avec-poignee-ergonomique\/#primaryimage"},"image":{"@id":"https:\/\/fadein.es\/fr\/producto\/manche-de-lhydrobrosse-avec-poignee-ergonomique\/#primaryimage"},"thumbnailUrl":"https:\/\/fadein.es\/wp-content\/uploads\/2025\/04\/MANGO-PARA-HIDROCEPILLO-CON-EMPUNADURA-ERGONOMICA.jpg","datePublished":"2025-04-15T13:42:23+00:00","dateModified":"2025-04-17T10:39:22+00:00","description":"Manche pour Hydrobrush avec poign\u00e9e ergonomique extensible de 144 \u00e0 251cm. Manche t\u00e9lescopique en aluminium et poign\u00e9es en caoutchouc.","breadcrumb":{"@id":"https:\/\/fadein.es\/fr\/producto\/manche-de-lhydrobrosse-avec-poignee-ergonomique\/#breadcrumb"},"inLanguage":"fr-FR","potentialAction":[{"@type":"ReadAction","target":["https:\/\/fadein.es\/fr\/producto\/manche-de-lhydrobrosse-avec-poignee-ergonomique\/"]}]},{"@type":"ImageObject","inLanguage":"fr-FR","@id":"https:\/\/fadein.es\/fr\/producto\/manche-de-lhydrobrosse-avec-poignee-ergonomique\/#primaryimage","url":"https:\/\/fadein.es\/wp-content\/uploads\/2025\/04\/MANGO-PARA-HIDROCEPILLO-CON-EMPUNADURA-ERGONOMICA.jpg","contentUrl":"https:\/\/fadein.es\/wp-content\/uploads\/2025\/04\/MANGO-PARA-HIDROCEPILLO-CON-EMPUNADURA-ERGONOMICA.jpg","width":800,"height":800,"caption":"MANGO PARA HIDROCEPILLO CON EMPU\u00d1ADURA ERGON\u00d3MICA"},{"@type":"BreadcrumbList","@id":"https:\/\/fadein.es\/fr\/producto\/manche-de-lhydrobrosse-avec-poignee-ergonomique\/#breadcrumb","itemListElement":[{"@type":"ListItem","position":1,"name":"Portada","item":"https:\/\/fadein.es\/fr\/accueil\/"},{"@type":"ListItem","position":2,"name":"Boutique","item":"https:\/\/fadein.es\/fr\/boutique\/"},{"@type":"ListItem","position":3,"name":"MANCHE DE L&#8217;HYDROBROSSE AVEC POIGN\u00c9E ERGONOMIQUE"}]},{"@type":"WebSite","@id":"https:\/\/fadein.es\/fr\/#website","url":"https:\/\/fadein.es\/fr\/","name":"Fadein","description":"Detergentes de alto rendimiento","publisher":{"@id":"https:\/\/fadein.es\/fr\/#organization"},"alternateName":"Detergentes de alto rendimiento","potentialAction":[{"@type":"SearchAction","target":{"@type":"EntryPoint","urlTemplate":"https:\/\/fadein.es\/fr\/?s={search_term_string}"},"query-input":{"@type":"PropertyValueSpecification","valueRequired":true,"valueName":"search_term_string"}}],"inLanguage":"fr-FR"},{"@type":"Organization","@id":"https:\/\/fadein.es\/fr\/#organization","name":"Fadein","alternateName":"Detergentes de alto rendimiento","url":"https:\/\/fadein.es\/fr\/","logo":{"@type":"ImageObject","inLanguage":"fr-FR","@id":"https:\/\/fadein.es\/fr\/#\/schema\/logo\/image\/","url":"https:\/\/fadein.es\/wp-content\/uploads\/2021\/05\/fadein-deterdentes-de-alto-rendimiento.png","contentUrl":"https:\/\/fadein.es\/wp-content\/uploads\/2021\/05\/fadein-deterdentes-de-alto-rendimiento.png","width":512,"height":512,"caption":"Fadein"},"image":{"@id":"https:\/\/fadein.es\/fr\/#\/schema\/logo\/image\/"}}]}},"_links":{"self":[{"href":"https:\/\/fadein.es\/fr\/wp-json\/wp\/v2\/product\/9713","targetHints":{"allow":["GET"]}}],"collection":[{"href":"https:\/\/fadein.es\/fr\/wp-json\/wp\/v2\/product"}],"about":[{"href":"https:\/\/fadein.es\/fr\/wp-json\/wp\/v2\/types\/product"}],"replies":[{"embeddable":true,"href":"https:\/\/fadein.es\/fr\/wp-json\/wp\/v2\/comments?post=9713"}],"wp:featuredmedia":[{"embeddable":true,"href":"https:\/\/fadein.es\/fr\/wp-json\/wp\/v2\/media\/9549"}],"wp:attachment":[{"href":"https:\/\/fadein.es\/fr\/wp-json\/wp\/v2\/media?parent=9713"}],"wp:term":[{"taxonomy":"product_brand","embeddable":true,"href":"https:\/\/fadein.es\/fr\/wp-json\/wp\/v2\/product_brand?post=9713"},{"taxonomy":"product_cat","embeddable":true,"href":"https:\/\/fadein.es\/fr\/wp-json\/wp\/v2\/product_cat?post=9713"},{"taxonomy":"product_tag","embeddable":true,"href":"https:\/\/fadein.es\/fr\/wp-json\/wp\/v2\/product_tag?post=9713"}],"curies":[{"name":"wp","href":"https:\/\/api.w.org\/{rel}","templated":true}]}}