{"id":9708,"date":"2025-04-15T13:42:22","date_gmt":"2025-04-15T13:42:22","guid":{"rendered":"https:\/\/fadein.es\/?post_type=product&#038;p=9708"},"modified":"2025-04-17T10:14:08","modified_gmt":"2025-04-17T10:14:08","slug":"brosse-de-lavage-pour-camion-mod-707-pvc-pcs","status":"publish","type":"product","link":"https:\/\/fadein.es\/fr\/producto\/brosse-de-lavage-pour-camion-mod-707-pvc-pcs\/","title":{"rendered":"BROSSE DE LAVAGE POUR CAMION MOD.707 PVC (PCS)"},"content":{"rendered":"<p><strong>BROSSE DE LAVAGE POUR CAMION MOD.707 PVC (PCS) <\/strong>  Brosse de lavage suppl\u00e9mentaire pour faire mousser tous types de carrosseries, camions, b\u00e2ches de remorques, autocars, etc. Le rin\u00e7age \u00e0 l&rsquo;eau permet d&rsquo;obtenir un r\u00e9sultat professionnel.  Convient pour<strong>Nettoyage de la carrosserie et lavage des v\u00e9hicules  <\/strong> <\/p>\n<p>Fabriqu\u00e9 en fibres PVC noires et blanches \u00d8 0,30\/0,35 mm plum\u00e9es, cousues avec du fil de fer galvanis\u00e9 sur support en polypropyl\u00e8ne + protection en caoutchouc, embout m\u00e9tallique \u00e0 filetage fin pour barre avec canal d&rsquo;eau.<\/p>\n<p>Vous pouvez contacter le service commercial de <strong><strong>FADEIN<\/strong><\/strong> par t\u00e9l\u00e9phone<strong><strong> 91 873 87 02 <\/strong><\/strong>ou par e-mail<strong><strong> att.cliente@fadein.es <\/strong><\/strong>pour toute information compl\u00e9mentaire ou demande de devis de nos produits.  <\/p>\n","protected":false},"excerpt":{"rendered":"<p>Brosse de lavage suppl\u00e9mentaire pour faire mousser tous types de carrosseries, camions, remorques, caravanes, autocars, etc.<\/p>\n","protected":false},"featured_media":9525,"comment_status":"open","ping_status":"closed","template":"","meta":{"_et_pb_use_builder":"","_et_pb_old_content":"","_et_gb_content_width":""},"product_brand":[],"product_cat":[896,1016],"product_tag":[956,752],"class_list":{"0":"post-9708","1":"product","2":"type-product","3":"status-publish","4":"has-post-thumbnail","6":"product_cat-ustensiles-de-nettoyage","7":"product_cat-ustensiles-lavage-vehicules","8":"product_tag-lavage-des-vehicules","9":"product_tag-nettoyage-de-carrosserie","11":"first","12":"instock","13":"taxable","14":"shipping-taxable","15":"purchasable","16":"product-type-simple"},"yoast_head":"<!-- This site is optimized with the Yoast SEO Premium plugin v27.2 (Yoast SEO v27.5) - https:\/\/yoast.com\/product\/yoast-seo-premium-wordpress\/ -->\n<title>BROSSE DE LAVAGE POUR CAMION MOD.707 PVC (PCS)<\/title>\n<meta name=\"description\" content=\"Brosse de lavage suppl\u00e9mentaire pour faire mousser tous types de carrosseries, camions, b\u00e2ches de remorques, autocars, etc. Fabriqu\u00e9e en fibres de PVC color\u00e9es.\" \/>\n<meta name=\"robots\" content=\"index, follow, max-snippet:-1, max-image-preview:large, max-video-preview:-1\" \/>\n<link rel=\"canonical\" href=\"https:\/\/fadein.es\/fr\/producto\/brosse-de-lavage-pour-camion-mod-707-pvc-pcs\/\" \/>\n<meta property=\"og:locale\" content=\"fr_FR\" \/>\n<meta property=\"og:type\" content=\"article\" \/>\n<meta property=\"og:title\" content=\"BROSSE DE LAVAGE POUR CAMION MOD.707 PVC (PCS)\" \/>\n<meta property=\"og:description\" content=\"Brosse de lavage suppl\u00e9mentaire pour faire mousser tous types de carrosseries, camions, b\u00e2ches de remorques, autocars, etc. Fabriqu\u00e9e en fibres de PVC color\u00e9es.\" \/>\n<meta property=\"og:url\" content=\"https:\/\/fadein.es\/fr\/producto\/brosse-de-lavage-pour-camion-mod-707-pvc-pcs\/\" \/>\n<meta property=\"og:site_name\" content=\"Fadein\" \/>\n<meta property=\"article:modified_time\" content=\"2025-04-17T10:14:08+00:00\" \/>\n<meta property=\"og:image\" content=\"https:\/\/fadein.es\/wp-content\/uploads\/2025\/04\/CEPILLO-LAVACAMION-MOD-707.jpg\" \/>\n\t<meta property=\"og:image:width\" content=\"800\" \/>\n\t<meta property=\"og:image:height\" content=\"800\" \/>\n\t<meta property=\"og:image:type\" content=\"image\/jpeg\" \/>\n<meta name=\"twitter:card\" content=\"summary_large_image\" \/>\n<meta name=\"twitter:label1\" content=\"Dur\u00e9e de lecture estim\u00e9e\" \/>\n\t<meta name=\"twitter:data1\" content=\"1 minute\" \/>\n<script type=\"application\/ld+json\" class=\"yoast-schema-graph\">{\"@context\":\"https:\\\/\\\/schema.org\",\"@graph\":[{\"@type\":\"WebPage\",\"@id\":\"https:\\\/\\\/fadein.es\\\/fr\\\/producto\\\/brosse-de-lavage-pour-camion-mod-707-pvc-pcs\\\/\",\"url\":\"https:\\\/\\\/fadein.es\\\/fr\\\/producto\\\/brosse-de-lavage-pour-camion-mod-707-pvc-pcs\\\/\",\"name\":\"BROSSE DE LAVAGE POUR CAMION MOD.707 PVC (PCS)\",\"isPartOf\":{\"@id\":\"https:\\\/\\\/fadein.es\\\/fr\\\/#website\"},\"primaryImageOfPage\":{\"@id\":\"https:\\\/\\\/fadein.es\\\/fr\\\/producto\\\/brosse-de-lavage-pour-camion-mod-707-pvc-pcs\\\/#primaryimage\"},\"image\":{\"@id\":\"https:\\\/\\\/fadein.es\\\/fr\\\/producto\\\/brosse-de-lavage-pour-camion-mod-707-pvc-pcs\\\/#primaryimage\"},\"thumbnailUrl\":\"https:\\\/\\\/fadein.es\\\/wp-content\\\/uploads\\\/2025\\\/04\\\/CEPILLO-LAVACAMION-MOD-707.jpg\",\"datePublished\":\"2025-04-15T13:42:22+00:00\",\"dateModified\":\"2025-04-17T10:14:08+00:00\",\"description\":\"Brosse de lavage suppl\u00e9mentaire pour faire mousser tous types de carrosseries, camions, b\u00e2ches de remorques, autocars, etc. Fabriqu\u00e9e en fibres de PVC color\u00e9es.\",\"breadcrumb\":{\"@id\":\"https:\\\/\\\/fadein.es\\\/fr\\\/producto\\\/brosse-de-lavage-pour-camion-mod-707-pvc-pcs\\\/#breadcrumb\"},\"inLanguage\":\"fr-FR\",\"potentialAction\":[{\"@type\":\"ReadAction\",\"target\":[\"https:\\\/\\\/fadein.es\\\/fr\\\/producto\\\/brosse-de-lavage-pour-camion-mod-707-pvc-pcs\\\/\"]}]},{\"@type\":\"ImageObject\",\"inLanguage\":\"fr-FR\",\"@id\":\"https:\\\/\\\/fadein.es\\\/fr\\\/producto\\\/brosse-de-lavage-pour-camion-mod-707-pvc-pcs\\\/#primaryimage\",\"url\":\"https:\\\/\\\/fadein.es\\\/wp-content\\\/uploads\\\/2025\\\/04\\\/CEPILLO-LAVACAMION-MOD-707.jpg\",\"contentUrl\":\"https:\\\/\\\/fadein.es\\\/wp-content\\\/uploads\\\/2025\\\/04\\\/CEPILLO-LAVACAMION-MOD-707.jpg\",\"width\":800,\"height\":800,\"caption\":\"CEPILLO LAVACAMION MOD 707\"},{\"@type\":\"BreadcrumbList\",\"@id\":\"https:\\\/\\\/fadein.es\\\/fr\\\/producto\\\/brosse-de-lavage-pour-camion-mod-707-pvc-pcs\\\/#breadcrumb\",\"itemListElement\":[{\"@type\":\"ListItem\",\"position\":1,\"name\":\"Portada\",\"item\":\"https:\\\/\\\/fadein.es\\\/fr\\\/accueil\\\/\"},{\"@type\":\"ListItem\",\"position\":2,\"name\":\"Boutique\",\"item\":\"https:\\\/\\\/fadein.es\\\/fr\\\/boutique\\\/\"},{\"@type\":\"ListItem\",\"position\":3,\"name\":\"BROSSE DE LAVAGE POUR CAMION MOD.707 PVC (PCS)\"}]},{\"@type\":\"WebSite\",\"@id\":\"https:\\\/\\\/fadein.es\\\/fr\\\/#website\",\"url\":\"https:\\\/\\\/fadein.es\\\/fr\\\/\",\"name\":\"Fadein\",\"description\":\"Detergentes de alto rendimiento\",\"publisher\":{\"@id\":\"https:\\\/\\\/fadein.es\\\/fr\\\/#organization\"},\"alternateName\":\"Detergentes de alto rendimiento\",\"potentialAction\":[{\"@type\":\"SearchAction\",\"target\":{\"@type\":\"EntryPoint\",\"urlTemplate\":\"https:\\\/\\\/fadein.es\\\/fr\\\/?s={search_term_string}\"},\"query-input\":{\"@type\":\"PropertyValueSpecification\",\"valueRequired\":true,\"valueName\":\"search_term_string\"}}],\"inLanguage\":\"fr-FR\"},{\"@type\":\"Organization\",\"@id\":\"https:\\\/\\\/fadein.es\\\/fr\\\/#organization\",\"name\":\"Fadein\",\"alternateName\":\"Detergentes de alto rendimiento\",\"url\":\"https:\\\/\\\/fadein.es\\\/fr\\\/\",\"logo\":{\"@type\":\"ImageObject\",\"inLanguage\":\"fr-FR\",\"@id\":\"https:\\\/\\\/fadein.es\\\/fr\\\/#\\\/schema\\\/logo\\\/image\\\/\",\"url\":\"https:\\\/\\\/fadein.es\\\/wp-content\\\/uploads\\\/2021\\\/05\\\/fadein-deterdentes-de-alto-rendimiento.png\",\"contentUrl\":\"https:\\\/\\\/fadein.es\\\/wp-content\\\/uploads\\\/2021\\\/05\\\/fadein-deterdentes-de-alto-rendimiento.png\",\"width\":512,\"height\":512,\"caption\":\"Fadein\"},\"image\":{\"@id\":\"https:\\\/\\\/fadein.es\\\/fr\\\/#\\\/schema\\\/logo\\\/image\\\/\"}}]}<\/script>\n<!-- \/ Yoast SEO Premium plugin. -->","yoast_head_json":{"title":"BROSSE DE LAVAGE POUR CAMION MOD.707 PVC (PCS)","description":"Brosse de lavage suppl\u00e9mentaire pour faire mousser tous types de carrosseries, camions, b\u00e2ches de remorques, autocars, etc. Fabriqu\u00e9e en fibres de PVC color\u00e9es.","robots":{"index":"index","follow":"follow","max-snippet":"max-snippet:-1","max-image-preview":"max-image-preview:large","max-video-preview":"max-video-preview:-1"},"canonical":"https:\/\/fadein.es\/fr\/producto\/brosse-de-lavage-pour-camion-mod-707-pvc-pcs\/","og_locale":"fr_FR","og_type":"article","og_title":"BROSSE DE LAVAGE POUR CAMION MOD.707 PVC (PCS)","og_description":"Brosse de lavage suppl\u00e9mentaire pour faire mousser tous types de carrosseries, camions, b\u00e2ches de remorques, autocars, etc. Fabriqu\u00e9e en fibres de PVC color\u00e9es.","og_url":"https:\/\/fadein.es\/fr\/producto\/brosse-de-lavage-pour-camion-mod-707-pvc-pcs\/","og_site_name":"Fadein","article_modified_time":"2025-04-17T10:14:08+00:00","og_image":[{"width":800,"height":800,"url":"https:\/\/fadein.es\/wp-content\/uploads\/2025\/04\/CEPILLO-LAVACAMION-MOD-707.jpg","type":"image\/jpeg"}],"twitter_card":"summary_large_image","twitter_misc":{"Dur\u00e9e de lecture estim\u00e9e":"1 minute"},"schema":{"@context":"https:\/\/schema.org","@graph":[{"@type":"WebPage","@id":"https:\/\/fadein.es\/fr\/producto\/brosse-de-lavage-pour-camion-mod-707-pvc-pcs\/","url":"https:\/\/fadein.es\/fr\/producto\/brosse-de-lavage-pour-camion-mod-707-pvc-pcs\/","name":"BROSSE DE LAVAGE POUR CAMION MOD.707 PVC (PCS)","isPartOf":{"@id":"https:\/\/fadein.es\/fr\/#website"},"primaryImageOfPage":{"@id":"https:\/\/fadein.es\/fr\/producto\/brosse-de-lavage-pour-camion-mod-707-pvc-pcs\/#primaryimage"},"image":{"@id":"https:\/\/fadein.es\/fr\/producto\/brosse-de-lavage-pour-camion-mod-707-pvc-pcs\/#primaryimage"},"thumbnailUrl":"https:\/\/fadein.es\/wp-content\/uploads\/2025\/04\/CEPILLO-LAVACAMION-MOD-707.jpg","datePublished":"2025-04-15T13:42:22+00:00","dateModified":"2025-04-17T10:14:08+00:00","description":"Brosse de lavage suppl\u00e9mentaire pour faire mousser tous types de carrosseries, camions, b\u00e2ches de remorques, autocars, etc. Fabriqu\u00e9e en fibres de PVC color\u00e9es.","breadcrumb":{"@id":"https:\/\/fadein.es\/fr\/producto\/brosse-de-lavage-pour-camion-mod-707-pvc-pcs\/#breadcrumb"},"inLanguage":"fr-FR","potentialAction":[{"@type":"ReadAction","target":["https:\/\/fadein.es\/fr\/producto\/brosse-de-lavage-pour-camion-mod-707-pvc-pcs\/"]}]},{"@type":"ImageObject","inLanguage":"fr-FR","@id":"https:\/\/fadein.es\/fr\/producto\/brosse-de-lavage-pour-camion-mod-707-pvc-pcs\/#primaryimage","url":"https:\/\/fadein.es\/wp-content\/uploads\/2025\/04\/CEPILLO-LAVACAMION-MOD-707.jpg","contentUrl":"https:\/\/fadein.es\/wp-content\/uploads\/2025\/04\/CEPILLO-LAVACAMION-MOD-707.jpg","width":800,"height":800,"caption":"CEPILLO LAVACAMION MOD 707"},{"@type":"BreadcrumbList","@id":"https:\/\/fadein.es\/fr\/producto\/brosse-de-lavage-pour-camion-mod-707-pvc-pcs\/#breadcrumb","itemListElement":[{"@type":"ListItem","position":1,"name":"Portada","item":"https:\/\/fadein.es\/fr\/accueil\/"},{"@type":"ListItem","position":2,"name":"Boutique","item":"https:\/\/fadein.es\/fr\/boutique\/"},{"@type":"ListItem","position":3,"name":"BROSSE DE LAVAGE POUR CAMION MOD.707 PVC (PCS)"}]},{"@type":"WebSite","@id":"https:\/\/fadein.es\/fr\/#website","url":"https:\/\/fadein.es\/fr\/","name":"Fadein","description":"Detergentes de alto rendimiento","publisher":{"@id":"https:\/\/fadein.es\/fr\/#organization"},"alternateName":"Detergentes de alto rendimiento","potentialAction":[{"@type":"SearchAction","target":{"@type":"EntryPoint","urlTemplate":"https:\/\/fadein.es\/fr\/?s={search_term_string}"},"query-input":{"@type":"PropertyValueSpecification","valueRequired":true,"valueName":"search_term_string"}}],"inLanguage":"fr-FR"},{"@type":"Organization","@id":"https:\/\/fadein.es\/fr\/#organization","name":"Fadein","alternateName":"Detergentes de alto rendimiento","url":"https:\/\/fadein.es\/fr\/","logo":{"@type":"ImageObject","inLanguage":"fr-FR","@id":"https:\/\/fadein.es\/fr\/#\/schema\/logo\/image\/","url":"https:\/\/fadein.es\/wp-content\/uploads\/2021\/05\/fadein-deterdentes-de-alto-rendimiento.png","contentUrl":"https:\/\/fadein.es\/wp-content\/uploads\/2021\/05\/fadein-deterdentes-de-alto-rendimiento.png","width":512,"height":512,"caption":"Fadein"},"image":{"@id":"https:\/\/fadein.es\/fr\/#\/schema\/logo\/image\/"}}]}},"_links":{"self":[{"href":"https:\/\/fadein.es\/fr\/wp-json\/wp\/v2\/product\/9708","targetHints":{"allow":["GET"]}}],"collection":[{"href":"https:\/\/fadein.es\/fr\/wp-json\/wp\/v2\/product"}],"about":[{"href":"https:\/\/fadein.es\/fr\/wp-json\/wp\/v2\/types\/product"}],"replies":[{"embeddable":true,"href":"https:\/\/fadein.es\/fr\/wp-json\/wp\/v2\/comments?post=9708"}],"wp:featuredmedia":[{"embeddable":true,"href":"https:\/\/fadein.es\/fr\/wp-json\/wp\/v2\/media\/9525"}],"wp:attachment":[{"href":"https:\/\/fadein.es\/fr\/wp-json\/wp\/v2\/media?parent=9708"}],"wp:term":[{"taxonomy":"product_brand","embeddable":true,"href":"https:\/\/fadein.es\/fr\/wp-json\/wp\/v2\/product_brand?post=9708"},{"taxonomy":"product_cat","embeddable":true,"href":"https:\/\/fadein.es\/fr\/wp-json\/wp\/v2\/product_cat?post=9708"},{"taxonomy":"product_tag","embeddable":true,"href":"https:\/\/fadein.es\/fr\/wp-json\/wp\/v2\/product_tag?post=9708"}],"curies":[{"name":"wp","href":"https:\/\/api.w.org\/{rel}","templated":true}]}}