{"id":9697,"date":"2025-04-15T13:42:18","date_gmt":"2025-04-15T13:42:18","guid":{"rendered":"https:\/\/fadein.es\/?post_type=product&#038;p=9697"},"modified":"2025-04-16T16:09:33","modified_gmt":"2025-04-16T16:09:33","slug":"poignee-revetue-daluminium-c-2filsperceur-140cm-ud","status":"publish","type":"product","link":"https:\/\/fadein.es\/fr\/producto\/poignee-revetue-daluminium-c-2filsperceur-140cm-ud\/","title":{"rendered":"Poign\u00e9e rev\u00eatue d&rsquo;aluminium C\/2fils+perceur 140cm (UD)"},"content":{"rendered":"<p><strong>MANCHE EN ALUMINIUM DOUBL\u00c9 C\/2fils+perceur 140cm (UD) <\/strong> Manche en aluminium doublement filet\u00e9 140cm ; nettoyage professionnel et ergonomique. Vous recherchez un manche de serpilli\u00e8re ou de balai robuste et polyvalent ? Notre manche en aluminium doubl\u00e9 de 140cm est la solution parfaite ! Con\u00e7u pour les professionnels du nettoyage, ce produit vous offre une combinaison in\u00e9gal\u00e9e de durabilit\u00e9 et de confort.    Convient pour<strong>  Rev\u00eatement de sol.<\/strong> <\/p>\n<p>&#8211; Caract\u00e9ristiques : Mat\u00e9riau de haute qualit\u00e9 : fabriqu\u00e9 en aluminium de premi\u00e8re qualit\u00e9, il garantit une longue dur\u00e9e de vie et r\u00e9siste \u00e0 la corrosion, m\u00eame dans les environnements humides.<\/p>\n<p>&#8211; Rev\u00eatement ergonomique : Le rev\u00eatement partiel en plastique offre une prise s\u00fbre et confortable, r\u00e9duisant la fatigue pendant les t\u00e2ches de nettoyage prolong\u00e9es.<\/p>\n<p>&#8211; Polyvalence : gr\u00e2ce \u00e0 son filetage universel, il s&rsquo;adapte \u00e0 la plupart des mops et balais du march\u00e9, ce qui vous permet de personnaliser votre \u00e9quipement de nettoyage.<\/p>\n<p>&#8211; Hauteur r\u00e9glable : Avec sa longueur de 140 cm, cette perche vous permet d&rsquo;atteindre tous les coins sans effort, en adoptant une posture ergonomique qui m\u00e9nage votre dos.<\/p>\n<p>&#8211; L\u00e9ger et durable : L\u00e9ger et durable, il est facile \u00e0 manipuler et \u00e0 transporter.<\/p>\n<p>&#8211; Hauteur r\u00e9glable : Avec sa longueur de 140 cm, cette perche vous permet d&rsquo;atteindre tous les coins sans effort, en adoptant une posture ergonomique qui m\u00e9nage votre dos.<\/p>\n<p>Cette perche en aluminium doubl\u00e9 est id\u00e9ale pour :<\/p>\n<p>&#8211; Entreprises de nettoyage : Pour \u00e9quiper vos \u00e9quipes d&rsquo;outils durables et de haute qualit\u00e9.<\/p>\n<p>-H\u00f4tels et restaurants : Maintenir des installations impeccables.<\/p>\n<p>&#8211; Centres de sant\u00e9 : garantir l&rsquo;hygi\u00e8ne dans les environnements de soins.<\/p>\n<p>&#8211; Usage domestique : pour ceux qui recherchent un produit professionnel pour leur maison. <\/p>\n<p>Vous pouvez contacter le service commercial de <strong><strong>FADEIN<\/strong><\/strong> par t\u00e9l\u00e9phone<strong><strong> 91 873 87 02 <\/strong><\/strong>ou par e-mail<strong><strong> att.cliente@fadein.es <\/strong><\/strong>pour toute information compl\u00e9mentaire ou demande de devis de nos produits.  <\/p>\n","protected":false},"excerpt":{"rendered":"<p>Perche en aluminium rev\u00eatu \u00e0 double filetage de 140 cm ; nettoyage professionnel et ergonomique<\/p>\n","protected":false},"featured_media":9512,"comment_status":"open","ping_status":"closed","template":"","meta":{"_et_pb_use_builder":"","_et_pb_old_content":"","_et_gb_content_width":""},"product_brand":[],"product_cat":[896,923],"product_tag":[519],"class_list":{"0":"post-9697","1":"product","2":"type-product","3":"status-publish","4":"has-post-thumbnail","6":"product_cat-ustensiles-de-nettoyage","7":"product_cat-vadrouilles-balais-pelles-lazers","8":"product_tag-nettoyage-des-sols","10":"first","11":"instock","12":"taxable","13":"shipping-taxable","14":"purchasable","15":"product-type-simple"},"yoast_head":"<!-- This site is optimized with the Yoast SEO Premium plugin v27.2 (Yoast SEO v27.5) - https:\/\/yoast.com\/product\/yoast-seo-premium-wordpress\/ -->\n<title>MANCHE EN ALUMINIUM C\/2 fils + foret 140cm (UD)<\/title>\n<meta name=\"description\" content=\"Poign\u00e9e en aluminium \u00e0 double filetage 140 cm ; Nettoyage professionnel et ergonomique. Con\u00e7u pour les professionnels du nettoyage. Durabilit\u00e9 et confort.\" \/>\n<meta name=\"robots\" content=\"index, follow, max-snippet:-1, max-image-preview:large, max-video-preview:-1\" \/>\n<link rel=\"canonical\" href=\"https:\/\/fadein.es\/fr\/producto\/poignee-revetue-daluminium-c-2filsperceur-140cm-ud\/\" \/>\n<meta property=\"og:locale\" content=\"fr_FR\" \/>\n<meta property=\"og:type\" content=\"article\" \/>\n<meta property=\"og:title\" content=\"Poign\u00e9e rev\u00eatue d&#039;aluminium C\/2fils+perceur 140cm (UD)\" \/>\n<meta property=\"og:description\" content=\"Poign\u00e9e en aluminium \u00e0 double filetage 140 cm ; Nettoyage professionnel et ergonomique. Con\u00e7u pour les professionnels du nettoyage. Durabilit\u00e9 et confort.\" \/>\n<meta property=\"og:url\" content=\"https:\/\/fadein.es\/fr\/producto\/poignee-revetue-daluminium-c-2filsperceur-140cm-ud\/\" \/>\n<meta property=\"og:site_name\" content=\"Fadein\" \/>\n<meta property=\"article:modified_time\" content=\"2025-04-16T16:09:33+00:00\" \/>\n<meta property=\"og:image\" content=\"https:\/\/fadein.es\/wp-content\/uploads\/2025\/04\/MANGO-ALUMINIO-FORRADO.jpg\" \/>\n\t<meta property=\"og:image:width\" content=\"800\" \/>\n\t<meta property=\"og:image:height\" content=\"800\" \/>\n\t<meta property=\"og:image:type\" content=\"image\/jpeg\" \/>\n<meta name=\"twitter:card\" content=\"summary_large_image\" \/>\n<meta name=\"twitter:label1\" content=\"Dur\u00e9e de lecture estim\u00e9e\" \/>\n\t<meta name=\"twitter:data1\" content=\"2 minutes\" \/>\n<script type=\"application\/ld+json\" class=\"yoast-schema-graph\">{\"@context\":\"https:\\\/\\\/schema.org\",\"@graph\":[{\"@type\":\"WebPage\",\"@id\":\"https:\\\/\\\/fadein.es\\\/fr\\\/producto\\\/poignee-revetue-daluminium-c-2filsperceur-140cm-ud\\\/\",\"url\":\"https:\\\/\\\/fadein.es\\\/fr\\\/producto\\\/poignee-revetue-daluminium-c-2filsperceur-140cm-ud\\\/\",\"name\":\"MANCHE EN ALUMINIUM C\\\/2 fils + foret 140cm (UD)\",\"isPartOf\":{\"@id\":\"https:\\\/\\\/fadein.es\\\/fr\\\/#website\"},\"primaryImageOfPage\":{\"@id\":\"https:\\\/\\\/fadein.es\\\/fr\\\/producto\\\/poignee-revetue-daluminium-c-2filsperceur-140cm-ud\\\/#primaryimage\"},\"image\":{\"@id\":\"https:\\\/\\\/fadein.es\\\/fr\\\/producto\\\/poignee-revetue-daluminium-c-2filsperceur-140cm-ud\\\/#primaryimage\"},\"thumbnailUrl\":\"https:\\\/\\\/fadein.es\\\/wp-content\\\/uploads\\\/2025\\\/04\\\/MANGO-ALUMINIO-FORRADO.jpg\",\"datePublished\":\"2025-04-15T13:42:18+00:00\",\"dateModified\":\"2025-04-16T16:09:33+00:00\",\"description\":\"Poign\u00e9e en aluminium \u00e0 double filetage 140 cm ; Nettoyage professionnel et ergonomique. Con\u00e7u pour les professionnels du nettoyage. Durabilit\u00e9 et confort.\",\"breadcrumb\":{\"@id\":\"https:\\\/\\\/fadein.es\\\/fr\\\/producto\\\/poignee-revetue-daluminium-c-2filsperceur-140cm-ud\\\/#breadcrumb\"},\"inLanguage\":\"fr-FR\",\"potentialAction\":[{\"@type\":\"ReadAction\",\"target\":[\"https:\\\/\\\/fadein.es\\\/fr\\\/producto\\\/poignee-revetue-daluminium-c-2filsperceur-140cm-ud\\\/\"]}]},{\"@type\":\"ImageObject\",\"inLanguage\":\"fr-FR\",\"@id\":\"https:\\\/\\\/fadein.es\\\/fr\\\/producto\\\/poignee-revetue-daluminium-c-2filsperceur-140cm-ud\\\/#primaryimage\",\"url\":\"https:\\\/\\\/fadein.es\\\/wp-content\\\/uploads\\\/2025\\\/04\\\/MANGO-ALUMINIO-FORRADO.jpg\",\"contentUrl\":\"https:\\\/\\\/fadein.es\\\/wp-content\\\/uploads\\\/2025\\\/04\\\/MANGO-ALUMINIO-FORRADO.jpg\",\"width\":800,\"height\":800,\"caption\":\"MANGO ALUMINIO FORRADO\"},{\"@type\":\"BreadcrumbList\",\"@id\":\"https:\\\/\\\/fadein.es\\\/fr\\\/producto\\\/poignee-revetue-daluminium-c-2filsperceur-140cm-ud\\\/#breadcrumb\",\"itemListElement\":[{\"@type\":\"ListItem\",\"position\":1,\"name\":\"Portada\",\"item\":\"https:\\\/\\\/fadein.es\\\/fr\\\/accueil\\\/\"},{\"@type\":\"ListItem\",\"position\":2,\"name\":\"Boutique\",\"item\":\"https:\\\/\\\/fadein.es\\\/fr\\\/boutique\\\/\"},{\"@type\":\"ListItem\",\"position\":3,\"name\":\"Poign\u00e9e rev\u00eatue d&#8217;aluminium C\\\/2fils+perceur 140cm (UD)\"}]},{\"@type\":\"WebSite\",\"@id\":\"https:\\\/\\\/fadein.es\\\/fr\\\/#website\",\"url\":\"https:\\\/\\\/fadein.es\\\/fr\\\/\",\"name\":\"Fadein\",\"description\":\"Detergentes de alto rendimiento\",\"publisher\":{\"@id\":\"https:\\\/\\\/fadein.es\\\/fr\\\/#organization\"},\"alternateName\":\"Detergentes de alto rendimiento\",\"potentialAction\":[{\"@type\":\"SearchAction\",\"target\":{\"@type\":\"EntryPoint\",\"urlTemplate\":\"https:\\\/\\\/fadein.es\\\/fr\\\/?s={search_term_string}\"},\"query-input\":{\"@type\":\"PropertyValueSpecification\",\"valueRequired\":true,\"valueName\":\"search_term_string\"}}],\"inLanguage\":\"fr-FR\"},{\"@type\":\"Organization\",\"@id\":\"https:\\\/\\\/fadein.es\\\/fr\\\/#organization\",\"name\":\"Fadein\",\"alternateName\":\"Detergentes de alto rendimiento\",\"url\":\"https:\\\/\\\/fadein.es\\\/fr\\\/\",\"logo\":{\"@type\":\"ImageObject\",\"inLanguage\":\"fr-FR\",\"@id\":\"https:\\\/\\\/fadein.es\\\/fr\\\/#\\\/schema\\\/logo\\\/image\\\/\",\"url\":\"https:\\\/\\\/fadein.es\\\/wp-content\\\/uploads\\\/2021\\\/05\\\/fadein-deterdentes-de-alto-rendimiento.png\",\"contentUrl\":\"https:\\\/\\\/fadein.es\\\/wp-content\\\/uploads\\\/2021\\\/05\\\/fadein-deterdentes-de-alto-rendimiento.png\",\"width\":512,\"height\":512,\"caption\":\"Fadein\"},\"image\":{\"@id\":\"https:\\\/\\\/fadein.es\\\/fr\\\/#\\\/schema\\\/logo\\\/image\\\/\"}}]}<\/script>\n<!-- \/ Yoast SEO Premium plugin. -->","yoast_head_json":{"title":"MANCHE EN ALUMINIUM C\/2 fils + foret 140cm (UD)","description":"Poign\u00e9e en aluminium \u00e0 double filetage 140 cm ; Nettoyage professionnel et ergonomique. Con\u00e7u pour les professionnels du nettoyage. Durabilit\u00e9 et confort.","robots":{"index":"index","follow":"follow","max-snippet":"max-snippet:-1","max-image-preview":"max-image-preview:large","max-video-preview":"max-video-preview:-1"},"canonical":"https:\/\/fadein.es\/fr\/producto\/poignee-revetue-daluminium-c-2filsperceur-140cm-ud\/","og_locale":"fr_FR","og_type":"article","og_title":"Poign\u00e9e rev\u00eatue d'aluminium C\/2fils+perceur 140cm (UD)","og_description":"Poign\u00e9e en aluminium \u00e0 double filetage 140 cm ; Nettoyage professionnel et ergonomique. Con\u00e7u pour les professionnels du nettoyage. Durabilit\u00e9 et confort.","og_url":"https:\/\/fadein.es\/fr\/producto\/poignee-revetue-daluminium-c-2filsperceur-140cm-ud\/","og_site_name":"Fadein","article_modified_time":"2025-04-16T16:09:33+00:00","og_image":[{"width":800,"height":800,"url":"https:\/\/fadein.es\/wp-content\/uploads\/2025\/04\/MANGO-ALUMINIO-FORRADO.jpg","type":"image\/jpeg"}],"twitter_card":"summary_large_image","twitter_misc":{"Dur\u00e9e de lecture estim\u00e9e":"2 minutes"},"schema":{"@context":"https:\/\/schema.org","@graph":[{"@type":"WebPage","@id":"https:\/\/fadein.es\/fr\/producto\/poignee-revetue-daluminium-c-2filsperceur-140cm-ud\/","url":"https:\/\/fadein.es\/fr\/producto\/poignee-revetue-daluminium-c-2filsperceur-140cm-ud\/","name":"MANCHE EN ALUMINIUM C\/2 fils + foret 140cm (UD)","isPartOf":{"@id":"https:\/\/fadein.es\/fr\/#website"},"primaryImageOfPage":{"@id":"https:\/\/fadein.es\/fr\/producto\/poignee-revetue-daluminium-c-2filsperceur-140cm-ud\/#primaryimage"},"image":{"@id":"https:\/\/fadein.es\/fr\/producto\/poignee-revetue-daluminium-c-2filsperceur-140cm-ud\/#primaryimage"},"thumbnailUrl":"https:\/\/fadein.es\/wp-content\/uploads\/2025\/04\/MANGO-ALUMINIO-FORRADO.jpg","datePublished":"2025-04-15T13:42:18+00:00","dateModified":"2025-04-16T16:09:33+00:00","description":"Poign\u00e9e en aluminium \u00e0 double filetage 140 cm ; Nettoyage professionnel et ergonomique. Con\u00e7u pour les professionnels du nettoyage. Durabilit\u00e9 et confort.","breadcrumb":{"@id":"https:\/\/fadein.es\/fr\/producto\/poignee-revetue-daluminium-c-2filsperceur-140cm-ud\/#breadcrumb"},"inLanguage":"fr-FR","potentialAction":[{"@type":"ReadAction","target":["https:\/\/fadein.es\/fr\/producto\/poignee-revetue-daluminium-c-2filsperceur-140cm-ud\/"]}]},{"@type":"ImageObject","inLanguage":"fr-FR","@id":"https:\/\/fadein.es\/fr\/producto\/poignee-revetue-daluminium-c-2filsperceur-140cm-ud\/#primaryimage","url":"https:\/\/fadein.es\/wp-content\/uploads\/2025\/04\/MANGO-ALUMINIO-FORRADO.jpg","contentUrl":"https:\/\/fadein.es\/wp-content\/uploads\/2025\/04\/MANGO-ALUMINIO-FORRADO.jpg","width":800,"height":800,"caption":"MANGO ALUMINIO FORRADO"},{"@type":"BreadcrumbList","@id":"https:\/\/fadein.es\/fr\/producto\/poignee-revetue-daluminium-c-2filsperceur-140cm-ud\/#breadcrumb","itemListElement":[{"@type":"ListItem","position":1,"name":"Portada","item":"https:\/\/fadein.es\/fr\/accueil\/"},{"@type":"ListItem","position":2,"name":"Boutique","item":"https:\/\/fadein.es\/fr\/boutique\/"},{"@type":"ListItem","position":3,"name":"Poign\u00e9e rev\u00eatue d&#8217;aluminium C\/2fils+perceur 140cm (UD)"}]},{"@type":"WebSite","@id":"https:\/\/fadein.es\/fr\/#website","url":"https:\/\/fadein.es\/fr\/","name":"Fadein","description":"Detergentes de alto rendimiento","publisher":{"@id":"https:\/\/fadein.es\/fr\/#organization"},"alternateName":"Detergentes de alto rendimiento","potentialAction":[{"@type":"SearchAction","target":{"@type":"EntryPoint","urlTemplate":"https:\/\/fadein.es\/fr\/?s={search_term_string}"},"query-input":{"@type":"PropertyValueSpecification","valueRequired":true,"valueName":"search_term_string"}}],"inLanguage":"fr-FR"},{"@type":"Organization","@id":"https:\/\/fadein.es\/fr\/#organization","name":"Fadein","alternateName":"Detergentes de alto rendimiento","url":"https:\/\/fadein.es\/fr\/","logo":{"@type":"ImageObject","inLanguage":"fr-FR","@id":"https:\/\/fadein.es\/fr\/#\/schema\/logo\/image\/","url":"https:\/\/fadein.es\/wp-content\/uploads\/2021\/05\/fadein-deterdentes-de-alto-rendimiento.png","contentUrl":"https:\/\/fadein.es\/wp-content\/uploads\/2021\/05\/fadein-deterdentes-de-alto-rendimiento.png","width":512,"height":512,"caption":"Fadein"},"image":{"@id":"https:\/\/fadein.es\/fr\/#\/schema\/logo\/image\/"}}]}},"_links":{"self":[{"href":"https:\/\/fadein.es\/fr\/wp-json\/wp\/v2\/product\/9697","targetHints":{"allow":["GET"]}}],"collection":[{"href":"https:\/\/fadein.es\/fr\/wp-json\/wp\/v2\/product"}],"about":[{"href":"https:\/\/fadein.es\/fr\/wp-json\/wp\/v2\/types\/product"}],"replies":[{"embeddable":true,"href":"https:\/\/fadein.es\/fr\/wp-json\/wp\/v2\/comments?post=9697"}],"wp:featuredmedia":[{"embeddable":true,"href":"https:\/\/fadein.es\/fr\/wp-json\/wp\/v2\/media\/9512"}],"wp:attachment":[{"href":"https:\/\/fadein.es\/fr\/wp-json\/wp\/v2\/media?parent=9697"}],"wp:term":[{"taxonomy":"product_brand","embeddable":true,"href":"https:\/\/fadein.es\/fr\/wp-json\/wp\/v2\/product_brand?post=9697"},{"taxonomy":"product_cat","embeddable":true,"href":"https:\/\/fadein.es\/fr\/wp-json\/wp\/v2\/product_cat?post=9697"},{"taxonomy":"product_tag","embeddable":true,"href":"https:\/\/fadein.es\/fr\/wp-json\/wp\/v2\/product_tag?post=9697"}],"curies":[{"name":"wp","href":"https:\/\/api.w.org\/{rel}","templated":true}]}}