{"id":9692,"date":"2025-04-15T13:42:18","date_gmt":"2025-04-15T13:42:18","guid":{"rendered":"https:\/\/fadein.es\/?post_type=product&#038;p=9692"},"modified":"2025-04-16T15:44:17","modified_gmt":"2025-04-16T15:44:17","slug":"seau-egouttoir-rond-14-lt","status":"publish","type":"product","link":"https:\/\/fadein.es\/fr\/producto\/seau-egouttoir-rond-14-lt\/","title":{"rendered":"SEAU + \u00c9GOUTTOIR ROND 14 LT"},"content":{"rendered":"<p><strong>BUCKET + \u00c9GOUTTEUR ROND 14 LT <\/strong> Seau standard de 14 litres avec \u00e9gouttoir rond. Convient pour les<strong> sols <\/strong>   <\/p>\n<p>Ce seau rond est fabriqu\u00e9 en polypropyl\u00e8ne vierge, qui pr\u00e9sente une grande r\u00e9sistance \u00e0 la chaleur et \u00e0 l&rsquo;abrasion. Son design ergonomique garantit une hygi\u00e8ne et un confort d&rsquo;utilisation optimaux. Il permet en outre d&rsquo;utiliser n&rsquo;importe quel type de serpilli\u00e8re. Un seau o\u00f9 la qualit\u00e9 n&rsquo;est pas en contradiction avec le prix.   <\/p>\n<p>Vous pouvez contacter le service commercial de <strong><strong>FADEIN<\/strong><\/strong> par t\u00e9l\u00e9phone<strong><strong> 91 873 87 02 <\/strong><\/strong>ou par e-mail<strong><strong> att.cliente@fadein.es <\/strong><\/strong>pour toute information compl\u00e9mentaire ou demande de devis de nos produits.  <\/p>\n","protected":false},"excerpt":{"rendered":"<p>Seau standard de 14 litres avec \u00e9gouttoir rond<\/p>\n","protected":false},"featured_media":9506,"comment_status":"open","ping_status":"closed","template":"","meta":{"_et_pb_use_builder":"","_et_pb_old_content":"","_et_gb_content_width":""},"product_brand":[],"product_cat":[896,923],"product_tag":[519],"class_list":{"0":"post-9692","1":"product","2":"type-product","3":"status-publish","4":"has-post-thumbnail","6":"product_cat-ustensiles-de-nettoyage","7":"product_cat-vadrouilles-balais-pelles-lazers","8":"product_tag-nettoyage-des-sols","10":"first","11":"instock","12":"taxable","13":"shipping-taxable","14":"purchasable","15":"product-type-simple"},"yoast_head":"<!-- This site is optimized with the Yoast SEO Premium plugin v27.2 (Yoast SEO v27.4) - https:\/\/yoast.com\/product\/yoast-seo-premium-wordpress\/ -->\n<title>SEAU + \u00c9GOUTTOIR ROND 14 LT<\/title>\n<meta name=\"description\" content=\"Seau standard de 14 litres avec \u00e9gouttoir rond. Le design est ergonomique, ce qui garantit une hygi\u00e8ne et un confort d&#039;utilisation maximums.\" \/>\n<meta name=\"robots\" content=\"index, follow, max-snippet:-1, max-image-preview:large, max-video-preview:-1\" \/>\n<link rel=\"canonical\" href=\"https:\/\/fadein.es\/fr\/producto\/seau-egouttoir-rond-14-lt\/\" \/>\n<meta property=\"og:locale\" content=\"fr_FR\" \/>\n<meta property=\"og:type\" content=\"article\" \/>\n<meta property=\"og:title\" content=\"SEAU + \u00c9GOUTTOIR ROND 14 LT\" \/>\n<meta property=\"og:description\" content=\"Seau standard de 14 litres avec \u00e9gouttoir rond. Le design est ergonomique, ce qui garantit une hygi\u00e8ne et un confort d&#039;utilisation maximums.\" \/>\n<meta property=\"og:url\" content=\"https:\/\/fadein.es\/fr\/producto\/seau-egouttoir-rond-14-lt\/\" \/>\n<meta property=\"og:site_name\" content=\"Fadein\" \/>\n<meta property=\"article:modified_time\" content=\"2025-04-16T15:44:17+00:00\" \/>\n<meta property=\"og:image\" content=\"https:\/\/fadein.es\/wp-content\/uploads\/2025\/04\/CUBO-DE-14-LITROS-ESTANDAR-REDONDO.jpg\" \/>\n\t<meta property=\"og:image:width\" content=\"800\" \/>\n\t<meta property=\"og:image:height\" content=\"800\" \/>\n\t<meta property=\"og:image:type\" content=\"image\/jpeg\" \/>\n<meta name=\"twitter:card\" content=\"summary_large_image\" \/>\n<meta name=\"twitter:label1\" content=\"Dur\u00e9e de lecture estim\u00e9e\" \/>\n\t<meta name=\"twitter:data1\" content=\"1 minute\" \/>\n<script type=\"application\/ld+json\" class=\"yoast-schema-graph\">{\"@context\":\"https:\\\/\\\/schema.org\",\"@graph\":[{\"@type\":\"WebPage\",\"@id\":\"https:\\\/\\\/fadein.es\\\/fr\\\/producto\\\/seau-egouttoir-rond-14-lt\\\/\",\"url\":\"https:\\\/\\\/fadein.es\\\/fr\\\/producto\\\/seau-egouttoir-rond-14-lt\\\/\",\"name\":\"SEAU + \u00c9GOUTTOIR ROND 14 LT\",\"isPartOf\":{\"@id\":\"https:\\\/\\\/fadein.es\\\/fr\\\/#website\"},\"primaryImageOfPage\":{\"@id\":\"https:\\\/\\\/fadein.es\\\/fr\\\/producto\\\/seau-egouttoir-rond-14-lt\\\/#primaryimage\"},\"image\":{\"@id\":\"https:\\\/\\\/fadein.es\\\/fr\\\/producto\\\/seau-egouttoir-rond-14-lt\\\/#primaryimage\"},\"thumbnailUrl\":\"https:\\\/\\\/fadein.es\\\/wp-content\\\/uploads\\\/2025\\\/04\\\/CUBO-DE-14-LITROS-ESTANDAR-REDONDO.jpg\",\"datePublished\":\"2025-04-15T13:42:18+00:00\",\"dateModified\":\"2025-04-16T15:44:17+00:00\",\"description\":\"Seau standard de 14 litres avec \u00e9gouttoir rond. Le design est ergonomique, ce qui garantit une hygi\u00e8ne et un confort d'utilisation maximums.\",\"breadcrumb\":{\"@id\":\"https:\\\/\\\/fadein.es\\\/fr\\\/producto\\\/seau-egouttoir-rond-14-lt\\\/#breadcrumb\"},\"inLanguage\":\"fr-FR\",\"potentialAction\":[{\"@type\":\"ReadAction\",\"target\":[\"https:\\\/\\\/fadein.es\\\/fr\\\/producto\\\/seau-egouttoir-rond-14-lt\\\/\"]}]},{\"@type\":\"ImageObject\",\"inLanguage\":\"fr-FR\",\"@id\":\"https:\\\/\\\/fadein.es\\\/fr\\\/producto\\\/seau-egouttoir-rond-14-lt\\\/#primaryimage\",\"url\":\"https:\\\/\\\/fadein.es\\\/wp-content\\\/uploads\\\/2025\\\/04\\\/CUBO-DE-14-LITROS-ESTANDAR-REDONDO.jpg\",\"contentUrl\":\"https:\\\/\\\/fadein.es\\\/wp-content\\\/uploads\\\/2025\\\/04\\\/CUBO-DE-14-LITROS-ESTANDAR-REDONDO.jpg\",\"width\":800,\"height\":800,\"caption\":\"CUBO DE 14 LITROS ESTANDAR REDONDO\"},{\"@type\":\"BreadcrumbList\",\"@id\":\"https:\\\/\\\/fadein.es\\\/fr\\\/producto\\\/seau-egouttoir-rond-14-lt\\\/#breadcrumb\",\"itemListElement\":[{\"@type\":\"ListItem\",\"position\":1,\"name\":\"Portada\",\"item\":\"https:\\\/\\\/fadein.es\\\/fr\\\/accueil\\\/\"},{\"@type\":\"ListItem\",\"position\":2,\"name\":\"Boutique\",\"item\":\"https:\\\/\\\/fadein.es\\\/fr\\\/boutique\\\/\"},{\"@type\":\"ListItem\",\"position\":3,\"name\":\"SEAU + \u00c9GOUTTOIR ROND 14 LT\"}]},{\"@type\":\"WebSite\",\"@id\":\"https:\\\/\\\/fadein.es\\\/fr\\\/#website\",\"url\":\"https:\\\/\\\/fadein.es\\\/fr\\\/\",\"name\":\"Fadein\",\"description\":\"Detergentes de alto rendimiento\",\"publisher\":{\"@id\":\"https:\\\/\\\/fadein.es\\\/fr\\\/#organization\"},\"alternateName\":\"Detergentes de alto rendimiento\",\"potentialAction\":[{\"@type\":\"SearchAction\",\"target\":{\"@type\":\"EntryPoint\",\"urlTemplate\":\"https:\\\/\\\/fadein.es\\\/fr\\\/?s={search_term_string}\"},\"query-input\":{\"@type\":\"PropertyValueSpecification\",\"valueRequired\":true,\"valueName\":\"search_term_string\"}}],\"inLanguage\":\"fr-FR\"},{\"@type\":\"Organization\",\"@id\":\"https:\\\/\\\/fadein.es\\\/fr\\\/#organization\",\"name\":\"Fadein\",\"alternateName\":\"Detergentes de alto rendimiento\",\"url\":\"https:\\\/\\\/fadein.es\\\/fr\\\/\",\"logo\":{\"@type\":\"ImageObject\",\"inLanguage\":\"fr-FR\",\"@id\":\"https:\\\/\\\/fadein.es\\\/fr\\\/#\\\/schema\\\/logo\\\/image\\\/\",\"url\":\"https:\\\/\\\/fadein.es\\\/wp-content\\\/uploads\\\/2021\\\/05\\\/fadein-deterdentes-de-alto-rendimiento.png\",\"contentUrl\":\"https:\\\/\\\/fadein.es\\\/wp-content\\\/uploads\\\/2021\\\/05\\\/fadein-deterdentes-de-alto-rendimiento.png\",\"width\":512,\"height\":512,\"caption\":\"Fadein\"},\"image\":{\"@id\":\"https:\\\/\\\/fadein.es\\\/fr\\\/#\\\/schema\\\/logo\\\/image\\\/\"}}]}<\/script>\n<!-- \/ Yoast SEO Premium plugin. -->","yoast_head_json":{"title":"SEAU + \u00c9GOUTTOIR ROND 14 LT","description":"Seau standard de 14 litres avec \u00e9gouttoir rond. Le design est ergonomique, ce qui garantit une hygi\u00e8ne et un confort d'utilisation maximums.","robots":{"index":"index","follow":"follow","max-snippet":"max-snippet:-1","max-image-preview":"max-image-preview:large","max-video-preview":"max-video-preview:-1"},"canonical":"https:\/\/fadein.es\/fr\/producto\/seau-egouttoir-rond-14-lt\/","og_locale":"fr_FR","og_type":"article","og_title":"SEAU + \u00c9GOUTTOIR ROND 14 LT","og_description":"Seau standard de 14 litres avec \u00e9gouttoir rond. Le design est ergonomique, ce qui garantit une hygi\u00e8ne et un confort d'utilisation maximums.","og_url":"https:\/\/fadein.es\/fr\/producto\/seau-egouttoir-rond-14-lt\/","og_site_name":"Fadein","article_modified_time":"2025-04-16T15:44:17+00:00","og_image":[{"width":800,"height":800,"url":"https:\/\/fadein.es\/wp-content\/uploads\/2025\/04\/CUBO-DE-14-LITROS-ESTANDAR-REDONDO.jpg","type":"image\/jpeg"}],"twitter_card":"summary_large_image","twitter_misc":{"Dur\u00e9e de lecture estim\u00e9e":"1 minute"},"schema":{"@context":"https:\/\/schema.org","@graph":[{"@type":"WebPage","@id":"https:\/\/fadein.es\/fr\/producto\/seau-egouttoir-rond-14-lt\/","url":"https:\/\/fadein.es\/fr\/producto\/seau-egouttoir-rond-14-lt\/","name":"SEAU + \u00c9GOUTTOIR ROND 14 LT","isPartOf":{"@id":"https:\/\/fadein.es\/fr\/#website"},"primaryImageOfPage":{"@id":"https:\/\/fadein.es\/fr\/producto\/seau-egouttoir-rond-14-lt\/#primaryimage"},"image":{"@id":"https:\/\/fadein.es\/fr\/producto\/seau-egouttoir-rond-14-lt\/#primaryimage"},"thumbnailUrl":"https:\/\/fadein.es\/wp-content\/uploads\/2025\/04\/CUBO-DE-14-LITROS-ESTANDAR-REDONDO.jpg","datePublished":"2025-04-15T13:42:18+00:00","dateModified":"2025-04-16T15:44:17+00:00","description":"Seau standard de 14 litres avec \u00e9gouttoir rond. Le design est ergonomique, ce qui garantit une hygi\u00e8ne et un confort d'utilisation maximums.","breadcrumb":{"@id":"https:\/\/fadein.es\/fr\/producto\/seau-egouttoir-rond-14-lt\/#breadcrumb"},"inLanguage":"fr-FR","potentialAction":[{"@type":"ReadAction","target":["https:\/\/fadein.es\/fr\/producto\/seau-egouttoir-rond-14-lt\/"]}]},{"@type":"ImageObject","inLanguage":"fr-FR","@id":"https:\/\/fadein.es\/fr\/producto\/seau-egouttoir-rond-14-lt\/#primaryimage","url":"https:\/\/fadein.es\/wp-content\/uploads\/2025\/04\/CUBO-DE-14-LITROS-ESTANDAR-REDONDO.jpg","contentUrl":"https:\/\/fadein.es\/wp-content\/uploads\/2025\/04\/CUBO-DE-14-LITROS-ESTANDAR-REDONDO.jpg","width":800,"height":800,"caption":"CUBO DE 14 LITROS ESTANDAR REDONDO"},{"@type":"BreadcrumbList","@id":"https:\/\/fadein.es\/fr\/producto\/seau-egouttoir-rond-14-lt\/#breadcrumb","itemListElement":[{"@type":"ListItem","position":1,"name":"Portada","item":"https:\/\/fadein.es\/fr\/accueil\/"},{"@type":"ListItem","position":2,"name":"Boutique","item":"https:\/\/fadein.es\/fr\/boutique\/"},{"@type":"ListItem","position":3,"name":"SEAU + \u00c9GOUTTOIR ROND 14 LT"}]},{"@type":"WebSite","@id":"https:\/\/fadein.es\/fr\/#website","url":"https:\/\/fadein.es\/fr\/","name":"Fadein","description":"Detergentes de alto rendimiento","publisher":{"@id":"https:\/\/fadein.es\/fr\/#organization"},"alternateName":"Detergentes de alto rendimiento","potentialAction":[{"@type":"SearchAction","target":{"@type":"EntryPoint","urlTemplate":"https:\/\/fadein.es\/fr\/?s={search_term_string}"},"query-input":{"@type":"PropertyValueSpecification","valueRequired":true,"valueName":"search_term_string"}}],"inLanguage":"fr-FR"},{"@type":"Organization","@id":"https:\/\/fadein.es\/fr\/#organization","name":"Fadein","alternateName":"Detergentes de alto rendimiento","url":"https:\/\/fadein.es\/fr\/","logo":{"@type":"ImageObject","inLanguage":"fr-FR","@id":"https:\/\/fadein.es\/fr\/#\/schema\/logo\/image\/","url":"https:\/\/fadein.es\/wp-content\/uploads\/2021\/05\/fadein-deterdentes-de-alto-rendimiento.png","contentUrl":"https:\/\/fadein.es\/wp-content\/uploads\/2021\/05\/fadein-deterdentes-de-alto-rendimiento.png","width":512,"height":512,"caption":"Fadein"},"image":{"@id":"https:\/\/fadein.es\/fr\/#\/schema\/logo\/image\/"}}]}},"_links":{"self":[{"href":"https:\/\/fadein.es\/fr\/wp-json\/wp\/v2\/product\/9692","targetHints":{"allow":["GET"]}}],"collection":[{"href":"https:\/\/fadein.es\/fr\/wp-json\/wp\/v2\/product"}],"about":[{"href":"https:\/\/fadein.es\/fr\/wp-json\/wp\/v2\/types\/product"}],"replies":[{"embeddable":true,"href":"https:\/\/fadein.es\/fr\/wp-json\/wp\/v2\/comments?post=9692"}],"wp:featuredmedia":[{"embeddable":true,"href":"https:\/\/fadein.es\/fr\/wp-json\/wp\/v2\/media\/9506"}],"wp:attachment":[{"href":"https:\/\/fadein.es\/fr\/wp-json\/wp\/v2\/media?parent=9692"}],"wp:term":[{"taxonomy":"product_brand","embeddable":true,"href":"https:\/\/fadein.es\/fr\/wp-json\/wp\/v2\/product_brand?post=9692"},{"taxonomy":"product_cat","embeddable":true,"href":"https:\/\/fadein.es\/fr\/wp-json\/wp\/v2\/product_cat?post=9692"},{"taxonomy":"product_tag","embeddable":true,"href":"https:\/\/fadein.es\/fr\/wp-json\/wp\/v2\/product_tag?post=9692"}],"curies":[{"name":"wp","href":"https:\/\/api.w.org\/{rel}","templated":true}]}}