{"id":9688,"date":"2025-04-15T13:42:18","date_gmt":"2025-04-15T13:42:18","guid":{"rendered":"https:\/\/fadein.es\/?post_type=product&#038;p=9688"},"modified":"2025-04-16T15:25:24","modified_gmt":"2025-04-16T15:25:24","slug":"pelle-a-poussiere-en-metal-avec-perche","status":"publish","type":"product","link":"https:\/\/fadein.es\/fr\/producto\/pelle-a-poussiere-en-metal-avec-perche\/","title":{"rendered":"PELLE \u00c0 POUSSI\u00c8RE EN M\u00c9TAL AVEC PERCHE"},"content":{"rendered":"<p><strong>PELLE \u00c0 POUSSI\u00c8RE EN M\u00c9TAL AVEC B\u00c2TON.  <\/strong>  Fabriqu\u00e9 en acier galvanis\u00e9. Con\u00e7u pour collecter tous les types de d\u00e9chets. Particuli\u00e8rement les d\u00e9chets lourds. Convient pour les<strong> sols.<\/strong>    <\/p>\n<p>Composition : T\u00f4le galvanis\u00e9e. Poteau m\u00e9tallique avec rev\u00eatement en poly\u00e9thyl\u00e8ne. Couleur : M\u00e9tal.  <\/p>\n<p>Vous pouvez contacter le service commercial de <strong><strong>FADEIN<\/strong><\/strong> par t\u00e9l\u00e9phone<strong><strong> 91 873 87 02 <\/strong><\/strong>ou par e-mail<strong><strong> att.cliente@fadein.es <\/strong><\/strong>pour toute information compl\u00e9mentaire ou demande de devis de nos produits.  <\/p>\n","protected":false},"excerpt":{"rendered":"<p>Pelle \u00e0 poussi\u00e8re en m\u00e9tal avec perche<\/p>\n","protected":false},"featured_media":9518,"comment_status":"open","ping_status":"closed","template":"","meta":{"_et_pb_use_builder":"","_et_pb_old_content":"","_et_gb_content_width":""},"product_brand":[],"product_cat":[896,923],"product_tag":[519],"class_list":{"0":"post-9688","1":"product","2":"type-product","3":"status-publish","4":"has-post-thumbnail","6":"product_cat-ustensiles-de-nettoyage","7":"product_cat-vadrouilles-balais-pelles-lazers","8":"product_tag-nettoyage-des-sols","10":"first","11":"instock","12":"taxable","13":"shipping-taxable","14":"purchasable","15":"product-type-simple"},"yoast_head":"<!-- This site is optimized with the Yoast SEO Premium plugin v27.2 (Yoast SEO v27.4) - https:\/\/yoast.com\/product\/yoast-seo-premium-wordpress\/ -->\n<title>PELLE \u00c0 POUSSI\u00c8RE EN M\u00c9TAL AVEC PERCHE<\/title>\n<meta name=\"description\" content=\"Pelle \u00e0 poussi\u00e8re en m\u00e9tal avec perche. Fabriqu\u00e9e en acier galvanis\u00e9. Con\u00e7ue pour collecter tous les types de d\u00e9chets. Particuli\u00e8rement les d\u00e9chets lourds.\" \/>\n<meta name=\"robots\" content=\"index, follow, max-snippet:-1, max-image-preview:large, max-video-preview:-1\" \/>\n<link rel=\"canonical\" href=\"https:\/\/fadein.es\/fr\/producto\/pelle-a-poussiere-en-metal-avec-perche\/\" \/>\n<meta property=\"og:locale\" content=\"fr_FR\" \/>\n<meta property=\"og:type\" content=\"article\" \/>\n<meta property=\"og:title\" content=\"PELLE \u00c0 POUSSI\u00c8RE EN M\u00c9TAL AVEC PERCHE\" \/>\n<meta property=\"og:description\" content=\"Pelle \u00e0 poussi\u00e8re en m\u00e9tal avec perche. Fabriqu\u00e9e en acier galvanis\u00e9. Con\u00e7ue pour collecter tous les types de d\u00e9chets. Particuli\u00e8rement les d\u00e9chets lourds.\" \/>\n<meta property=\"og:url\" content=\"https:\/\/fadein.es\/fr\/producto\/pelle-a-poussiere-en-metal-avec-perche\/\" \/>\n<meta property=\"og:site_name\" content=\"Fadein\" \/>\n<meta property=\"article:modified_time\" content=\"2025-04-16T15:25:24+00:00\" \/>\n<meta property=\"og:image\" content=\"https:\/\/fadein.es\/wp-content\/uploads\/2025\/04\/RECOGEDOR-METALICO-CON-PALO.jpg\" \/>\n\t<meta property=\"og:image:width\" content=\"800\" \/>\n\t<meta property=\"og:image:height\" content=\"800\" \/>\n\t<meta property=\"og:image:type\" content=\"image\/jpeg\" \/>\n<meta name=\"twitter:card\" content=\"summary_large_image\" \/>\n<script type=\"application\/ld+json\" class=\"yoast-schema-graph\">{\"@context\":\"https:\\\/\\\/schema.org\",\"@graph\":[{\"@type\":\"WebPage\",\"@id\":\"https:\\\/\\\/fadein.es\\\/fr\\\/producto\\\/pelle-a-poussiere-en-metal-avec-perche\\\/\",\"url\":\"https:\\\/\\\/fadein.es\\\/fr\\\/producto\\\/pelle-a-poussiere-en-metal-avec-perche\\\/\",\"name\":\"PELLE \u00c0 POUSSI\u00c8RE EN M\u00c9TAL AVEC PERCHE\",\"isPartOf\":{\"@id\":\"https:\\\/\\\/fadein.es\\\/fr\\\/#website\"},\"primaryImageOfPage\":{\"@id\":\"https:\\\/\\\/fadein.es\\\/fr\\\/producto\\\/pelle-a-poussiere-en-metal-avec-perche\\\/#primaryimage\"},\"image\":{\"@id\":\"https:\\\/\\\/fadein.es\\\/fr\\\/producto\\\/pelle-a-poussiere-en-metal-avec-perche\\\/#primaryimage\"},\"thumbnailUrl\":\"https:\\\/\\\/fadein.es\\\/wp-content\\\/uploads\\\/2025\\\/04\\\/RECOGEDOR-METALICO-CON-PALO.jpg\",\"datePublished\":\"2025-04-15T13:42:18+00:00\",\"dateModified\":\"2025-04-16T15:25:24+00:00\",\"description\":\"Pelle \u00e0 poussi\u00e8re en m\u00e9tal avec perche. Fabriqu\u00e9e en acier galvanis\u00e9. Con\u00e7ue pour collecter tous les types de d\u00e9chets. Particuli\u00e8rement les d\u00e9chets lourds.\",\"breadcrumb\":{\"@id\":\"https:\\\/\\\/fadein.es\\\/fr\\\/producto\\\/pelle-a-poussiere-en-metal-avec-perche\\\/#breadcrumb\"},\"inLanguage\":\"fr-FR\",\"potentialAction\":[{\"@type\":\"ReadAction\",\"target\":[\"https:\\\/\\\/fadein.es\\\/fr\\\/producto\\\/pelle-a-poussiere-en-metal-avec-perche\\\/\"]}]},{\"@type\":\"ImageObject\",\"inLanguage\":\"fr-FR\",\"@id\":\"https:\\\/\\\/fadein.es\\\/fr\\\/producto\\\/pelle-a-poussiere-en-metal-avec-perche\\\/#primaryimage\",\"url\":\"https:\\\/\\\/fadein.es\\\/wp-content\\\/uploads\\\/2025\\\/04\\\/RECOGEDOR-METALICO-CON-PALO.jpg\",\"contentUrl\":\"https:\\\/\\\/fadein.es\\\/wp-content\\\/uploads\\\/2025\\\/04\\\/RECOGEDOR-METALICO-CON-PALO.jpg\",\"width\":800,\"height\":800,\"caption\":\"RECOGEDOR MET\u00c1LICO CON PALO\"},{\"@type\":\"BreadcrumbList\",\"@id\":\"https:\\\/\\\/fadein.es\\\/fr\\\/producto\\\/pelle-a-poussiere-en-metal-avec-perche\\\/#breadcrumb\",\"itemListElement\":[{\"@type\":\"ListItem\",\"position\":1,\"name\":\"Portada\",\"item\":\"https:\\\/\\\/fadein.es\\\/fr\\\/accueil\\\/\"},{\"@type\":\"ListItem\",\"position\":2,\"name\":\"Boutique\",\"item\":\"https:\\\/\\\/fadein.es\\\/fr\\\/boutique\\\/\"},{\"@type\":\"ListItem\",\"position\":3,\"name\":\"PELLE \u00c0 POUSSI\u00c8RE EN M\u00c9TAL AVEC PERCHE\"}]},{\"@type\":\"WebSite\",\"@id\":\"https:\\\/\\\/fadein.es\\\/fr\\\/#website\",\"url\":\"https:\\\/\\\/fadein.es\\\/fr\\\/\",\"name\":\"Fadein\",\"description\":\"Detergentes de alto rendimiento\",\"publisher\":{\"@id\":\"https:\\\/\\\/fadein.es\\\/fr\\\/#organization\"},\"alternateName\":\"Detergentes de alto rendimiento\",\"potentialAction\":[{\"@type\":\"SearchAction\",\"target\":{\"@type\":\"EntryPoint\",\"urlTemplate\":\"https:\\\/\\\/fadein.es\\\/fr\\\/?s={search_term_string}\"},\"query-input\":{\"@type\":\"PropertyValueSpecification\",\"valueRequired\":true,\"valueName\":\"search_term_string\"}}],\"inLanguage\":\"fr-FR\"},{\"@type\":\"Organization\",\"@id\":\"https:\\\/\\\/fadein.es\\\/fr\\\/#organization\",\"name\":\"Fadein\",\"alternateName\":\"Detergentes de alto rendimiento\",\"url\":\"https:\\\/\\\/fadein.es\\\/fr\\\/\",\"logo\":{\"@type\":\"ImageObject\",\"inLanguage\":\"fr-FR\",\"@id\":\"https:\\\/\\\/fadein.es\\\/fr\\\/#\\\/schema\\\/logo\\\/image\\\/\",\"url\":\"https:\\\/\\\/fadein.es\\\/wp-content\\\/uploads\\\/2021\\\/05\\\/fadein-deterdentes-de-alto-rendimiento.png\",\"contentUrl\":\"https:\\\/\\\/fadein.es\\\/wp-content\\\/uploads\\\/2021\\\/05\\\/fadein-deterdentes-de-alto-rendimiento.png\",\"width\":512,\"height\":512,\"caption\":\"Fadein\"},\"image\":{\"@id\":\"https:\\\/\\\/fadein.es\\\/fr\\\/#\\\/schema\\\/logo\\\/image\\\/\"}}]}<\/script>\n<!-- \/ Yoast SEO Premium plugin. -->","yoast_head_json":{"title":"PELLE \u00c0 POUSSI\u00c8RE EN M\u00c9TAL AVEC PERCHE","description":"Pelle \u00e0 poussi\u00e8re en m\u00e9tal avec perche. Fabriqu\u00e9e en acier galvanis\u00e9. Con\u00e7ue pour collecter tous les types de d\u00e9chets. Particuli\u00e8rement les d\u00e9chets lourds.","robots":{"index":"index","follow":"follow","max-snippet":"max-snippet:-1","max-image-preview":"max-image-preview:large","max-video-preview":"max-video-preview:-1"},"canonical":"https:\/\/fadein.es\/fr\/producto\/pelle-a-poussiere-en-metal-avec-perche\/","og_locale":"fr_FR","og_type":"article","og_title":"PELLE \u00c0 POUSSI\u00c8RE EN M\u00c9TAL AVEC PERCHE","og_description":"Pelle \u00e0 poussi\u00e8re en m\u00e9tal avec perche. Fabriqu\u00e9e en acier galvanis\u00e9. Con\u00e7ue pour collecter tous les types de d\u00e9chets. Particuli\u00e8rement les d\u00e9chets lourds.","og_url":"https:\/\/fadein.es\/fr\/producto\/pelle-a-poussiere-en-metal-avec-perche\/","og_site_name":"Fadein","article_modified_time":"2025-04-16T15:25:24+00:00","og_image":[{"width":800,"height":800,"url":"https:\/\/fadein.es\/wp-content\/uploads\/2025\/04\/RECOGEDOR-METALICO-CON-PALO.jpg","type":"image\/jpeg"}],"twitter_card":"summary_large_image","schema":{"@context":"https:\/\/schema.org","@graph":[{"@type":"WebPage","@id":"https:\/\/fadein.es\/fr\/producto\/pelle-a-poussiere-en-metal-avec-perche\/","url":"https:\/\/fadein.es\/fr\/producto\/pelle-a-poussiere-en-metal-avec-perche\/","name":"PELLE \u00c0 POUSSI\u00c8RE EN M\u00c9TAL AVEC PERCHE","isPartOf":{"@id":"https:\/\/fadein.es\/fr\/#website"},"primaryImageOfPage":{"@id":"https:\/\/fadein.es\/fr\/producto\/pelle-a-poussiere-en-metal-avec-perche\/#primaryimage"},"image":{"@id":"https:\/\/fadein.es\/fr\/producto\/pelle-a-poussiere-en-metal-avec-perche\/#primaryimage"},"thumbnailUrl":"https:\/\/fadein.es\/wp-content\/uploads\/2025\/04\/RECOGEDOR-METALICO-CON-PALO.jpg","datePublished":"2025-04-15T13:42:18+00:00","dateModified":"2025-04-16T15:25:24+00:00","description":"Pelle \u00e0 poussi\u00e8re en m\u00e9tal avec perche. Fabriqu\u00e9e en acier galvanis\u00e9. Con\u00e7ue pour collecter tous les types de d\u00e9chets. Particuli\u00e8rement les d\u00e9chets lourds.","breadcrumb":{"@id":"https:\/\/fadein.es\/fr\/producto\/pelle-a-poussiere-en-metal-avec-perche\/#breadcrumb"},"inLanguage":"fr-FR","potentialAction":[{"@type":"ReadAction","target":["https:\/\/fadein.es\/fr\/producto\/pelle-a-poussiere-en-metal-avec-perche\/"]}]},{"@type":"ImageObject","inLanguage":"fr-FR","@id":"https:\/\/fadein.es\/fr\/producto\/pelle-a-poussiere-en-metal-avec-perche\/#primaryimage","url":"https:\/\/fadein.es\/wp-content\/uploads\/2025\/04\/RECOGEDOR-METALICO-CON-PALO.jpg","contentUrl":"https:\/\/fadein.es\/wp-content\/uploads\/2025\/04\/RECOGEDOR-METALICO-CON-PALO.jpg","width":800,"height":800,"caption":"RECOGEDOR MET\u00c1LICO CON PALO"},{"@type":"BreadcrumbList","@id":"https:\/\/fadein.es\/fr\/producto\/pelle-a-poussiere-en-metal-avec-perche\/#breadcrumb","itemListElement":[{"@type":"ListItem","position":1,"name":"Portada","item":"https:\/\/fadein.es\/fr\/accueil\/"},{"@type":"ListItem","position":2,"name":"Boutique","item":"https:\/\/fadein.es\/fr\/boutique\/"},{"@type":"ListItem","position":3,"name":"PELLE \u00c0 POUSSI\u00c8RE EN M\u00c9TAL AVEC PERCHE"}]},{"@type":"WebSite","@id":"https:\/\/fadein.es\/fr\/#website","url":"https:\/\/fadein.es\/fr\/","name":"Fadein","description":"Detergentes de alto rendimiento","publisher":{"@id":"https:\/\/fadein.es\/fr\/#organization"},"alternateName":"Detergentes de alto rendimiento","potentialAction":[{"@type":"SearchAction","target":{"@type":"EntryPoint","urlTemplate":"https:\/\/fadein.es\/fr\/?s={search_term_string}"},"query-input":{"@type":"PropertyValueSpecification","valueRequired":true,"valueName":"search_term_string"}}],"inLanguage":"fr-FR"},{"@type":"Organization","@id":"https:\/\/fadein.es\/fr\/#organization","name":"Fadein","alternateName":"Detergentes de alto rendimiento","url":"https:\/\/fadein.es\/fr\/","logo":{"@type":"ImageObject","inLanguage":"fr-FR","@id":"https:\/\/fadein.es\/fr\/#\/schema\/logo\/image\/","url":"https:\/\/fadein.es\/wp-content\/uploads\/2021\/05\/fadein-deterdentes-de-alto-rendimiento.png","contentUrl":"https:\/\/fadein.es\/wp-content\/uploads\/2021\/05\/fadein-deterdentes-de-alto-rendimiento.png","width":512,"height":512,"caption":"Fadein"},"image":{"@id":"https:\/\/fadein.es\/fr\/#\/schema\/logo\/image\/"}}]}},"_links":{"self":[{"href":"https:\/\/fadein.es\/fr\/wp-json\/wp\/v2\/product\/9688","targetHints":{"allow":["GET"]}}],"collection":[{"href":"https:\/\/fadein.es\/fr\/wp-json\/wp\/v2\/product"}],"about":[{"href":"https:\/\/fadein.es\/fr\/wp-json\/wp\/v2\/types\/product"}],"replies":[{"embeddable":true,"href":"https:\/\/fadein.es\/fr\/wp-json\/wp\/v2\/comments?post=9688"}],"wp:featuredmedia":[{"embeddable":true,"href":"https:\/\/fadein.es\/fr\/wp-json\/wp\/v2\/media\/9518"}],"wp:attachment":[{"href":"https:\/\/fadein.es\/fr\/wp-json\/wp\/v2\/media?parent=9688"}],"wp:term":[{"taxonomy":"product_brand","embeddable":true,"href":"https:\/\/fadein.es\/fr\/wp-json\/wp\/v2\/product_brand?post=9688"},{"taxonomy":"product_cat","embeddable":true,"href":"https:\/\/fadein.es\/fr\/wp-json\/wp\/v2\/product_cat?post=9688"},{"taxonomy":"product_tag","embeddable":true,"href":"https:\/\/fadein.es\/fr\/wp-json\/wp\/v2\/product_tag?post=9688"}],"curies":[{"name":"wp","href":"https:\/\/api.w.org\/{rel}","templated":true}]}}