{"id":9684,"date":"2025-04-15T13:42:17","date_gmt":"2025-04-15T13:42:17","guid":{"rendered":"https:\/\/fadein.es\/?post_type=product&#038;p=9684"},"modified":"2025-04-16T14:52:59","modified_gmt":"2025-04-16T14:52:59","slug":"haragan-metallique-professionnel-75cm-ud","status":"publish","type":"product","link":"https:\/\/fadein.es\/fr\/producto\/haragan-metallique-professionnel-75cm-ud\/","title":{"rendered":"HARAGAN M\u00c9TALLIQUE PROFESSIONNEL 75cm (UD)"},"content":{"rendered":"<p><strong>HARAGAN PROFESSIONNEL EN METAL 75cm (UD) <\/strong> Manche rainur\u00e9 adaptable au harag\u00e1n professionnel en m\u00e9tal. Convient pour<strong>  Sols et murs.<\/strong> <\/p>\n<p>Le Harag\u00e1n est la solution professionnelle pour un s\u00e9chage et un nettoyage efficaces dans des environnements exigeants.<\/p>\n<p>&#8211; Support : Fer zingu\u00e9, pour une meilleure protection contre l&rsquo;humidit\u00e9 et la corrosion.<\/p>\n<p>&#8211; Caoutchouc : Eva en forme de U, qui garantit un s\u00e9chage parfait sur tous les types de surfaces.<\/p>\n<p>Vous pouvez contacter le service commercial de <strong><strong>FADEIN<\/strong><\/strong> par t\u00e9l\u00e9phone<strong><strong> 91 873 87 02 <\/strong><\/strong>ou par e-mail<strong><strong> att.cliente@fadein.es <\/strong><\/strong>pour toute information compl\u00e9mentaire ou demande de devis de nos produits.  <\/p>\n","protected":false},"excerpt":{"rendered":"<p>Haraghan professionnel en m\u00e9tal. Sans poign\u00e9e <\/p>\n","protected":false},"featured_media":9509,"comment_status":"open","ping_status":"closed","template":"","meta":{"_et_pb_use_builder":"","_et_pb_old_content":"","_et_gb_content_width":""},"product_brand":[],"product_cat":[896,923],"product_tag":[519],"class_list":{"0":"post-9684","1":"product","2":"type-product","3":"status-publish","4":"has-post-thumbnail","6":"product_cat-ustensiles-de-nettoyage","7":"product_cat-vadrouilles-balais-pelles-lazers","8":"product_tag-nettoyage-des-sols","10":"first","11":"instock","12":"taxable","13":"shipping-taxable","14":"purchasable","15":"product-type-simple"},"yoast_head":"<!-- This site is optimized with the Yoast SEO Premium plugin v27.2 (Yoast SEO v27.4) - https:\/\/yoast.com\/product\/yoast-seo-premium-wordpress\/ -->\n<title>HARAGAN M\u00c9TALLIQUE PROFESSIONNEL 75cm (UD)<\/title>\n<meta name=\"description\" content=\"Harag\u00e1n professionnel en m\u00e9tal. Le Harag\u00e1n est la solution professionnelle pour un s\u00e9chage et un nettoyage efficaces dans des environnements exigeants.\" \/>\n<meta name=\"robots\" content=\"index, follow, max-snippet:-1, max-image-preview:large, max-video-preview:-1\" \/>\n<link rel=\"canonical\" href=\"https:\/\/fadein.es\/fr\/producto\/haragan-metallique-professionnel-75cm-ud\/\" \/>\n<meta property=\"og:locale\" content=\"fr_FR\" \/>\n<meta property=\"og:type\" content=\"article\" \/>\n<meta property=\"og:title\" content=\"HARAGAN M\u00c9TALLIQUE PROFESSIONNEL 75cm (UD)\" \/>\n<meta property=\"og:description\" content=\"Harag\u00e1n professionnel en m\u00e9tal. Le Harag\u00e1n est la solution professionnelle pour un s\u00e9chage et un nettoyage efficaces dans des environnements exigeants.\" \/>\n<meta property=\"og:url\" content=\"https:\/\/fadein.es\/fr\/producto\/haragan-metallique-professionnel-75cm-ud\/\" \/>\n<meta property=\"og:site_name\" content=\"Fadein\" \/>\n<meta property=\"article:modified_time\" content=\"2025-04-16T14:52:59+00:00\" \/>\n<meta property=\"og:image\" content=\"https:\/\/fadein.es\/wp-content\/uploads\/2025\/04\/HARAGAN-PROFESIONAL-METALICO.jpg\" \/>\n\t<meta property=\"og:image:width\" content=\"800\" \/>\n\t<meta property=\"og:image:height\" content=\"800\" \/>\n\t<meta property=\"og:image:type\" content=\"image\/jpeg\" \/>\n<meta name=\"twitter:card\" content=\"summary_large_image\" \/>\n<meta name=\"twitter:label1\" content=\"Dur\u00e9e de lecture estim\u00e9e\" \/>\n\t<meta name=\"twitter:data1\" content=\"1 minute\" \/>\n<script type=\"application\/ld+json\" class=\"yoast-schema-graph\">{\"@context\":\"https:\\\/\\\/schema.org\",\"@graph\":[{\"@type\":\"WebPage\",\"@id\":\"https:\\\/\\\/fadein.es\\\/fr\\\/producto\\\/haragan-metallique-professionnel-75cm-ud\\\/\",\"url\":\"https:\\\/\\\/fadein.es\\\/fr\\\/producto\\\/haragan-metallique-professionnel-75cm-ud\\\/\",\"name\":\"HARAGAN M\u00c9TALLIQUE PROFESSIONNEL 75cm (UD)\",\"isPartOf\":{\"@id\":\"https:\\\/\\\/fadein.es\\\/fr\\\/#website\"},\"primaryImageOfPage\":{\"@id\":\"https:\\\/\\\/fadein.es\\\/fr\\\/producto\\\/haragan-metallique-professionnel-75cm-ud\\\/#primaryimage\"},\"image\":{\"@id\":\"https:\\\/\\\/fadein.es\\\/fr\\\/producto\\\/haragan-metallique-professionnel-75cm-ud\\\/#primaryimage\"},\"thumbnailUrl\":\"https:\\\/\\\/fadein.es\\\/wp-content\\\/uploads\\\/2025\\\/04\\\/HARAGAN-PROFESIONAL-METALICO.jpg\",\"datePublished\":\"2025-04-15T13:42:17+00:00\",\"dateModified\":\"2025-04-16T14:52:59+00:00\",\"description\":\"Harag\u00e1n professionnel en m\u00e9tal. Le Harag\u00e1n est la solution professionnelle pour un s\u00e9chage et un nettoyage efficaces dans des environnements exigeants.\",\"breadcrumb\":{\"@id\":\"https:\\\/\\\/fadein.es\\\/fr\\\/producto\\\/haragan-metallique-professionnel-75cm-ud\\\/#breadcrumb\"},\"inLanguage\":\"fr-FR\",\"potentialAction\":[{\"@type\":\"ReadAction\",\"target\":[\"https:\\\/\\\/fadein.es\\\/fr\\\/producto\\\/haragan-metallique-professionnel-75cm-ud\\\/\"]}]},{\"@type\":\"ImageObject\",\"inLanguage\":\"fr-FR\",\"@id\":\"https:\\\/\\\/fadein.es\\\/fr\\\/producto\\\/haragan-metallique-professionnel-75cm-ud\\\/#primaryimage\",\"url\":\"https:\\\/\\\/fadein.es\\\/wp-content\\\/uploads\\\/2025\\\/04\\\/HARAGAN-PROFESIONAL-METALICO.jpg\",\"contentUrl\":\"https:\\\/\\\/fadein.es\\\/wp-content\\\/uploads\\\/2025\\\/04\\\/HARAGAN-PROFESIONAL-METALICO.jpg\",\"width\":800,\"height\":800,\"caption\":\"HARAG\u00c1N PROFESIONAL MET\u00c1LICO\"},{\"@type\":\"BreadcrumbList\",\"@id\":\"https:\\\/\\\/fadein.es\\\/fr\\\/producto\\\/haragan-metallique-professionnel-75cm-ud\\\/#breadcrumb\",\"itemListElement\":[{\"@type\":\"ListItem\",\"position\":1,\"name\":\"Portada\",\"item\":\"https:\\\/\\\/fadein.es\\\/fr\\\/accueil\\\/\"},{\"@type\":\"ListItem\",\"position\":2,\"name\":\"Boutique\",\"item\":\"https:\\\/\\\/fadein.es\\\/fr\\\/boutique\\\/\"},{\"@type\":\"ListItem\",\"position\":3,\"name\":\"HARAGAN M\u00c9TALLIQUE PROFESSIONNEL 75cm (UD)\"}]},{\"@type\":\"WebSite\",\"@id\":\"https:\\\/\\\/fadein.es\\\/fr\\\/#website\",\"url\":\"https:\\\/\\\/fadein.es\\\/fr\\\/\",\"name\":\"Fadein\",\"description\":\"Detergentes de alto rendimiento\",\"publisher\":{\"@id\":\"https:\\\/\\\/fadein.es\\\/fr\\\/#organization\"},\"alternateName\":\"Detergentes de alto rendimiento\",\"potentialAction\":[{\"@type\":\"SearchAction\",\"target\":{\"@type\":\"EntryPoint\",\"urlTemplate\":\"https:\\\/\\\/fadein.es\\\/fr\\\/?s={search_term_string}\"},\"query-input\":{\"@type\":\"PropertyValueSpecification\",\"valueRequired\":true,\"valueName\":\"search_term_string\"}}],\"inLanguage\":\"fr-FR\"},{\"@type\":\"Organization\",\"@id\":\"https:\\\/\\\/fadein.es\\\/fr\\\/#organization\",\"name\":\"Fadein\",\"alternateName\":\"Detergentes de alto rendimiento\",\"url\":\"https:\\\/\\\/fadein.es\\\/fr\\\/\",\"logo\":{\"@type\":\"ImageObject\",\"inLanguage\":\"fr-FR\",\"@id\":\"https:\\\/\\\/fadein.es\\\/fr\\\/#\\\/schema\\\/logo\\\/image\\\/\",\"url\":\"https:\\\/\\\/fadein.es\\\/wp-content\\\/uploads\\\/2021\\\/05\\\/fadein-deterdentes-de-alto-rendimiento.png\",\"contentUrl\":\"https:\\\/\\\/fadein.es\\\/wp-content\\\/uploads\\\/2021\\\/05\\\/fadein-deterdentes-de-alto-rendimiento.png\",\"width\":512,\"height\":512,\"caption\":\"Fadein\"},\"image\":{\"@id\":\"https:\\\/\\\/fadein.es\\\/fr\\\/#\\\/schema\\\/logo\\\/image\\\/\"}}]}<\/script>\n<!-- \/ Yoast SEO Premium plugin. -->","yoast_head_json":{"title":"HARAGAN M\u00c9TALLIQUE PROFESSIONNEL 75cm (UD)","description":"Harag\u00e1n professionnel en m\u00e9tal. Le Harag\u00e1n est la solution professionnelle pour un s\u00e9chage et un nettoyage efficaces dans des environnements exigeants.","robots":{"index":"index","follow":"follow","max-snippet":"max-snippet:-1","max-image-preview":"max-image-preview:large","max-video-preview":"max-video-preview:-1"},"canonical":"https:\/\/fadein.es\/fr\/producto\/haragan-metallique-professionnel-75cm-ud\/","og_locale":"fr_FR","og_type":"article","og_title":"HARAGAN M\u00c9TALLIQUE PROFESSIONNEL 75cm (UD)","og_description":"Harag\u00e1n professionnel en m\u00e9tal. Le Harag\u00e1n est la solution professionnelle pour un s\u00e9chage et un nettoyage efficaces dans des environnements exigeants.","og_url":"https:\/\/fadein.es\/fr\/producto\/haragan-metallique-professionnel-75cm-ud\/","og_site_name":"Fadein","article_modified_time":"2025-04-16T14:52:59+00:00","og_image":[{"width":800,"height":800,"url":"https:\/\/fadein.es\/wp-content\/uploads\/2025\/04\/HARAGAN-PROFESIONAL-METALICO.jpg","type":"image\/jpeg"}],"twitter_card":"summary_large_image","twitter_misc":{"Dur\u00e9e de lecture estim\u00e9e":"1 minute"},"schema":{"@context":"https:\/\/schema.org","@graph":[{"@type":"WebPage","@id":"https:\/\/fadein.es\/fr\/producto\/haragan-metallique-professionnel-75cm-ud\/","url":"https:\/\/fadein.es\/fr\/producto\/haragan-metallique-professionnel-75cm-ud\/","name":"HARAGAN M\u00c9TALLIQUE PROFESSIONNEL 75cm (UD)","isPartOf":{"@id":"https:\/\/fadein.es\/fr\/#website"},"primaryImageOfPage":{"@id":"https:\/\/fadein.es\/fr\/producto\/haragan-metallique-professionnel-75cm-ud\/#primaryimage"},"image":{"@id":"https:\/\/fadein.es\/fr\/producto\/haragan-metallique-professionnel-75cm-ud\/#primaryimage"},"thumbnailUrl":"https:\/\/fadein.es\/wp-content\/uploads\/2025\/04\/HARAGAN-PROFESIONAL-METALICO.jpg","datePublished":"2025-04-15T13:42:17+00:00","dateModified":"2025-04-16T14:52:59+00:00","description":"Harag\u00e1n professionnel en m\u00e9tal. Le Harag\u00e1n est la solution professionnelle pour un s\u00e9chage et un nettoyage efficaces dans des environnements exigeants.","breadcrumb":{"@id":"https:\/\/fadein.es\/fr\/producto\/haragan-metallique-professionnel-75cm-ud\/#breadcrumb"},"inLanguage":"fr-FR","potentialAction":[{"@type":"ReadAction","target":["https:\/\/fadein.es\/fr\/producto\/haragan-metallique-professionnel-75cm-ud\/"]}]},{"@type":"ImageObject","inLanguage":"fr-FR","@id":"https:\/\/fadein.es\/fr\/producto\/haragan-metallique-professionnel-75cm-ud\/#primaryimage","url":"https:\/\/fadein.es\/wp-content\/uploads\/2025\/04\/HARAGAN-PROFESIONAL-METALICO.jpg","contentUrl":"https:\/\/fadein.es\/wp-content\/uploads\/2025\/04\/HARAGAN-PROFESIONAL-METALICO.jpg","width":800,"height":800,"caption":"HARAG\u00c1N PROFESIONAL MET\u00c1LICO"},{"@type":"BreadcrumbList","@id":"https:\/\/fadein.es\/fr\/producto\/haragan-metallique-professionnel-75cm-ud\/#breadcrumb","itemListElement":[{"@type":"ListItem","position":1,"name":"Portada","item":"https:\/\/fadein.es\/fr\/accueil\/"},{"@type":"ListItem","position":2,"name":"Boutique","item":"https:\/\/fadein.es\/fr\/boutique\/"},{"@type":"ListItem","position":3,"name":"HARAGAN M\u00c9TALLIQUE PROFESSIONNEL 75cm (UD)"}]},{"@type":"WebSite","@id":"https:\/\/fadein.es\/fr\/#website","url":"https:\/\/fadein.es\/fr\/","name":"Fadein","description":"Detergentes de alto rendimiento","publisher":{"@id":"https:\/\/fadein.es\/fr\/#organization"},"alternateName":"Detergentes de alto rendimiento","potentialAction":[{"@type":"SearchAction","target":{"@type":"EntryPoint","urlTemplate":"https:\/\/fadein.es\/fr\/?s={search_term_string}"},"query-input":{"@type":"PropertyValueSpecification","valueRequired":true,"valueName":"search_term_string"}}],"inLanguage":"fr-FR"},{"@type":"Organization","@id":"https:\/\/fadein.es\/fr\/#organization","name":"Fadein","alternateName":"Detergentes de alto rendimiento","url":"https:\/\/fadein.es\/fr\/","logo":{"@type":"ImageObject","inLanguage":"fr-FR","@id":"https:\/\/fadein.es\/fr\/#\/schema\/logo\/image\/","url":"https:\/\/fadein.es\/wp-content\/uploads\/2021\/05\/fadein-deterdentes-de-alto-rendimiento.png","contentUrl":"https:\/\/fadein.es\/wp-content\/uploads\/2021\/05\/fadein-deterdentes-de-alto-rendimiento.png","width":512,"height":512,"caption":"Fadein"},"image":{"@id":"https:\/\/fadein.es\/fr\/#\/schema\/logo\/image\/"}}]}},"_links":{"self":[{"href":"https:\/\/fadein.es\/fr\/wp-json\/wp\/v2\/product\/9684","targetHints":{"allow":["GET"]}}],"collection":[{"href":"https:\/\/fadein.es\/fr\/wp-json\/wp\/v2\/product"}],"about":[{"href":"https:\/\/fadein.es\/fr\/wp-json\/wp\/v2\/types\/product"}],"replies":[{"embeddable":true,"href":"https:\/\/fadein.es\/fr\/wp-json\/wp\/v2\/comments?post=9684"}],"wp:featuredmedia":[{"embeddable":true,"href":"https:\/\/fadein.es\/fr\/wp-json\/wp\/v2\/media\/9509"}],"wp:attachment":[{"href":"https:\/\/fadein.es\/fr\/wp-json\/wp\/v2\/media?parent=9684"}],"wp:term":[{"taxonomy":"product_brand","embeddable":true,"href":"https:\/\/fadein.es\/fr\/wp-json\/wp\/v2\/product_brand?post=9684"},{"taxonomy":"product_cat","embeddable":true,"href":"https:\/\/fadein.es\/fr\/wp-json\/wp\/v2\/product_cat?post=9684"},{"taxonomy":"product_tag","embeddable":true,"href":"https:\/\/fadein.es\/fr\/wp-json\/wp\/v2\/product_tag?post=9684"}],"curies":[{"name":"wp","href":"https:\/\/api.w.org\/{rel}","templated":true}]}}