{"id":9679,"date":"2025-04-15T13:42:16","date_gmt":"2025-04-15T13:42:16","guid":{"rendered":"https:\/\/fadein.es\/?post_type=product&#038;p=9679"},"modified":"2025-04-16T13:48:59","modified_gmt":"2025-04-16T13:48:59","slug":"vileda-chamois-jaune-polyvalent-rouleau","status":"publish","type":"product","link":"https:\/\/fadein.es\/fr\/producto\/vileda-chamois-jaune-polyvalent-rouleau\/","title":{"rendered":"VILEDA CHAMOIS JAUNE POLYVALENT (ROULEAU)"},"content":{"rendered":"<p><strong>VILEDA ROULEAU DE POUSSI\u00c8RE MULTIPLES JAUNE R<\/strong> ouleau de chiffon multiusage jaune Vileda. Dimensions : 34 x 400 cm. Convient pour les<strong> usages multiples<\/strong>.   <\/p>\n<p>&#8211; Propri\u00e9t\u00e9s : Sa structure ondul\u00e9e en 3D lui conf\u00e8re une tr\u00e8s grande capacit\u00e9 d&rsquo;\u00e9limination de la salet\u00e9 d\u00e8s le premier essuyage. Antibact\u00e9rien. <\/p>\n<p>&#8211; Utilisation : nettoyage \u00e0 sec, humide ou mouill\u00e9 de tous types de surfaces, en particulier celles qui pr\u00e9sentent une salet\u00e9 abondante et non adh\u00e9rente, et en g\u00e9n\u00e9ral, dans tous les endroits o\u00f9 la capacit\u00e9 d&rsquo;absorption (8,4 fois son poids), la facilit\u00e9 d&rsquo;\u00e9gouttage et la rapidit\u00e9 sont requises.<\/p>\n<p>&#8211; Caract\u00e9ristiques : rouleau de 4 m de tissu non tiss\u00e9, pr\u00e9d\u00e9coup\u00e9 tous les 40 cm. Fabriqu\u00e9 avec les technologies Thermobonded (tissu non tiss\u00e9 sans liants chimiques) et Novolon (3D Active Slings), qui lui conf\u00e8rent une extraordinaire capacit\u00e9 d&rsquo;entra\u00eenement de la salet\u00e9 sur tous les types de surfaces, ainsi qu&rsquo;un toucher agr\u00e9able, doux et attrayant. <\/p>\n<p>&#8211; Composition : 50 % de viscose, 30 % de polyester (MF), 20 % de polypropyl\u00e8ne et pigments d&rsquo;impression avec agent antibact\u00e9rien.<\/p>\n<p>Vous pouvez contacter le service commercial de <strong><strong>FADEIN<\/strong><\/strong> par t\u00e9l\u00e9phone<strong><strong> 91 873 87 02 <\/strong><\/strong>ou par e-mail<strong><strong> att.cliente@fadein.es <\/strong><\/strong>pour toute information compl\u00e9mentaire ou demande de devis de nos produits.  <\/p>\n","protected":false},"excerpt":{"rendered":"<p>Rouleau de tissu jaune multi-usages Vileda<\/p>\n","protected":false},"featured_media":9432,"comment_status":"open","ping_status":"closed","template":"","meta":{"_et_pb_use_builder":"","_et_pb_old_content":"","_et_gb_content_width":""},"product_brand":[],"product_cat":[920,896],"product_tag":[992],"class_list":{"0":"post-9679","1":"product","2":"type-product","3":"status-publish","4":"has-post-thumbnail","6":"product_cat-tampons-a-recurer-lingettes-gaze-chiffons","7":"product_cat-ustensiles-de-nettoyage","8":"product_tag-polyvalent","10":"first","11":"instock","12":"taxable","13":"shipping-taxable","14":"purchasable","15":"product-type-simple"},"yoast_head":"<!-- This site is optimized with the Yoast SEO Premium plugin v27.2 (Yoast SEO v27.5) - https:\/\/yoast.com\/product\/yoast-seo-premium-wordpress\/ -->\n<title>VILEDA CHAMOIS JAUNE POLYVALENT (ROULEAU)<\/title>\n<meta name=\"description\" content=\"Rouleau de tissu jaune multi-usages Vileda. Dimensions : 34 x 400 cm. Convient pour un usage polyvalent. Nettoyage \u00e0 sec, humide ou mouill\u00e9 de tous types de surfaces.\" \/>\n<meta name=\"robots\" content=\"index, follow, max-snippet:-1, max-image-preview:large, max-video-preview:-1\" \/>\n<link rel=\"canonical\" href=\"https:\/\/fadein.es\/fr\/producto\/vileda-chamois-jaune-polyvalent-rouleau\/\" \/>\n<meta property=\"og:locale\" content=\"fr_FR\" \/>\n<meta property=\"og:type\" content=\"article\" \/>\n<meta property=\"og:title\" content=\"VILEDA CHAMOIS JAUNE POLYVALENT (ROULEAU)\" \/>\n<meta property=\"og:description\" content=\"Rouleau de tissu jaune multi-usages Vileda. Dimensions : 34 x 400 cm. Convient pour un usage polyvalent. Nettoyage \u00e0 sec, humide ou mouill\u00e9 de tous types de surfaces.\" \/>\n<meta property=\"og:url\" content=\"https:\/\/fadein.es\/fr\/producto\/vileda-chamois-jaune-polyvalent-rouleau\/\" \/>\n<meta property=\"og:site_name\" content=\"Fadein\" \/>\n<meta property=\"article:modified_time\" content=\"2025-04-16T13:48:59+00:00\" \/>\n<meta property=\"og:image\" content=\"https:\/\/fadein.es\/wp-content\/uploads\/2025\/04\/GAMUZA-AMARILLA-PROFESIONAL-MULTIUSOS-VILEDA.jpg\" \/>\n\t<meta property=\"og:image:width\" content=\"800\" \/>\n\t<meta property=\"og:image:height\" content=\"800\" \/>\n\t<meta property=\"og:image:type\" content=\"image\/jpeg\" \/>\n<meta name=\"twitter:card\" content=\"summary_large_image\" \/>\n<meta name=\"twitter:label1\" content=\"Dur\u00e9e de lecture estim\u00e9e\" \/>\n\t<meta name=\"twitter:data1\" content=\"1 minute\" \/>\n<script type=\"application\/ld+json\" class=\"yoast-schema-graph\">{\"@context\":\"https:\\\/\\\/schema.org\",\"@graph\":[{\"@type\":\"WebPage\",\"@id\":\"https:\\\/\\\/fadein.es\\\/fr\\\/producto\\\/vileda-chamois-jaune-polyvalent-rouleau\\\/\",\"url\":\"https:\\\/\\\/fadein.es\\\/fr\\\/producto\\\/vileda-chamois-jaune-polyvalent-rouleau\\\/\",\"name\":\"VILEDA CHAMOIS JAUNE POLYVALENT (ROULEAU)\",\"isPartOf\":{\"@id\":\"https:\\\/\\\/fadein.es\\\/fr\\\/#website\"},\"primaryImageOfPage\":{\"@id\":\"https:\\\/\\\/fadein.es\\\/fr\\\/producto\\\/vileda-chamois-jaune-polyvalent-rouleau\\\/#primaryimage\"},\"image\":{\"@id\":\"https:\\\/\\\/fadein.es\\\/fr\\\/producto\\\/vileda-chamois-jaune-polyvalent-rouleau\\\/#primaryimage\"},\"thumbnailUrl\":\"https:\\\/\\\/fadein.es\\\/wp-content\\\/uploads\\\/2025\\\/04\\\/GAMUZA-AMARILLA-PROFESIONAL-MULTIUSOS-VILEDA.jpg\",\"datePublished\":\"2025-04-15T13:42:16+00:00\",\"dateModified\":\"2025-04-16T13:48:59+00:00\",\"description\":\"Rouleau de tissu jaune multi-usages Vileda. Dimensions : 34 x 400 cm. Convient pour un usage polyvalent. Nettoyage \u00e0 sec, humide ou mouill\u00e9 de tous types de surfaces.\",\"breadcrumb\":{\"@id\":\"https:\\\/\\\/fadein.es\\\/fr\\\/producto\\\/vileda-chamois-jaune-polyvalent-rouleau\\\/#breadcrumb\"},\"inLanguage\":\"fr-FR\",\"potentialAction\":[{\"@type\":\"ReadAction\",\"target\":[\"https:\\\/\\\/fadein.es\\\/fr\\\/producto\\\/vileda-chamois-jaune-polyvalent-rouleau\\\/\"]}]},{\"@type\":\"ImageObject\",\"inLanguage\":\"fr-FR\",\"@id\":\"https:\\\/\\\/fadein.es\\\/fr\\\/producto\\\/vileda-chamois-jaune-polyvalent-rouleau\\\/#primaryimage\",\"url\":\"https:\\\/\\\/fadein.es\\\/wp-content\\\/uploads\\\/2025\\\/04\\\/GAMUZA-AMARILLA-PROFESIONAL-MULTIUSOS-VILEDA.jpg\",\"contentUrl\":\"https:\\\/\\\/fadein.es\\\/wp-content\\\/uploads\\\/2025\\\/04\\\/GAMUZA-AMARILLA-PROFESIONAL-MULTIUSOS-VILEDA.jpg\",\"width\":800,\"height\":800,\"caption\":\"GAMUZA AMARILLA PROFESIONAL MULTIUSOS VILEDA\"},{\"@type\":\"BreadcrumbList\",\"@id\":\"https:\\\/\\\/fadein.es\\\/fr\\\/producto\\\/vileda-chamois-jaune-polyvalent-rouleau\\\/#breadcrumb\",\"itemListElement\":[{\"@type\":\"ListItem\",\"position\":1,\"name\":\"Portada\",\"item\":\"https:\\\/\\\/fadein.es\\\/fr\\\/accueil\\\/\"},{\"@type\":\"ListItem\",\"position\":2,\"name\":\"Boutique\",\"item\":\"https:\\\/\\\/fadein.es\\\/fr\\\/boutique\\\/\"},{\"@type\":\"ListItem\",\"position\":3,\"name\":\"VILEDA CHAMOIS JAUNE POLYVALENT (ROULEAU)\"}]},{\"@type\":\"WebSite\",\"@id\":\"https:\\\/\\\/fadein.es\\\/fr\\\/#website\",\"url\":\"https:\\\/\\\/fadein.es\\\/fr\\\/\",\"name\":\"Fadein\",\"description\":\"Detergentes de alto rendimiento\",\"publisher\":{\"@id\":\"https:\\\/\\\/fadein.es\\\/fr\\\/#organization\"},\"alternateName\":\"Detergentes de alto rendimiento\",\"potentialAction\":[{\"@type\":\"SearchAction\",\"target\":{\"@type\":\"EntryPoint\",\"urlTemplate\":\"https:\\\/\\\/fadein.es\\\/fr\\\/?s={search_term_string}\"},\"query-input\":{\"@type\":\"PropertyValueSpecification\",\"valueRequired\":true,\"valueName\":\"search_term_string\"}}],\"inLanguage\":\"fr-FR\"},{\"@type\":\"Organization\",\"@id\":\"https:\\\/\\\/fadein.es\\\/fr\\\/#organization\",\"name\":\"Fadein\",\"alternateName\":\"Detergentes de alto rendimiento\",\"url\":\"https:\\\/\\\/fadein.es\\\/fr\\\/\",\"logo\":{\"@type\":\"ImageObject\",\"inLanguage\":\"fr-FR\",\"@id\":\"https:\\\/\\\/fadein.es\\\/fr\\\/#\\\/schema\\\/logo\\\/image\\\/\",\"url\":\"https:\\\/\\\/fadein.es\\\/wp-content\\\/uploads\\\/2021\\\/05\\\/fadein-deterdentes-de-alto-rendimiento.png\",\"contentUrl\":\"https:\\\/\\\/fadein.es\\\/wp-content\\\/uploads\\\/2021\\\/05\\\/fadein-deterdentes-de-alto-rendimiento.png\",\"width\":512,\"height\":512,\"caption\":\"Fadein\"},\"image\":{\"@id\":\"https:\\\/\\\/fadein.es\\\/fr\\\/#\\\/schema\\\/logo\\\/image\\\/\"}}]}<\/script>\n<!-- \/ Yoast SEO Premium plugin. -->","yoast_head_json":{"title":"VILEDA CHAMOIS JAUNE POLYVALENT (ROULEAU)","description":"Rouleau de tissu jaune multi-usages Vileda. Dimensions : 34 x 400 cm. Convient pour un usage polyvalent. Nettoyage \u00e0 sec, humide ou mouill\u00e9 de tous types de surfaces.","robots":{"index":"index","follow":"follow","max-snippet":"max-snippet:-1","max-image-preview":"max-image-preview:large","max-video-preview":"max-video-preview:-1"},"canonical":"https:\/\/fadein.es\/fr\/producto\/vileda-chamois-jaune-polyvalent-rouleau\/","og_locale":"fr_FR","og_type":"article","og_title":"VILEDA CHAMOIS JAUNE POLYVALENT (ROULEAU)","og_description":"Rouleau de tissu jaune multi-usages Vileda. Dimensions : 34 x 400 cm. Convient pour un usage polyvalent. Nettoyage \u00e0 sec, humide ou mouill\u00e9 de tous types de surfaces.","og_url":"https:\/\/fadein.es\/fr\/producto\/vileda-chamois-jaune-polyvalent-rouleau\/","og_site_name":"Fadein","article_modified_time":"2025-04-16T13:48:59+00:00","og_image":[{"width":800,"height":800,"url":"https:\/\/fadein.es\/wp-content\/uploads\/2025\/04\/GAMUZA-AMARILLA-PROFESIONAL-MULTIUSOS-VILEDA.jpg","type":"image\/jpeg"}],"twitter_card":"summary_large_image","twitter_misc":{"Dur\u00e9e de lecture estim\u00e9e":"1 minute"},"schema":{"@context":"https:\/\/schema.org","@graph":[{"@type":"WebPage","@id":"https:\/\/fadein.es\/fr\/producto\/vileda-chamois-jaune-polyvalent-rouleau\/","url":"https:\/\/fadein.es\/fr\/producto\/vileda-chamois-jaune-polyvalent-rouleau\/","name":"VILEDA CHAMOIS JAUNE POLYVALENT (ROULEAU)","isPartOf":{"@id":"https:\/\/fadein.es\/fr\/#website"},"primaryImageOfPage":{"@id":"https:\/\/fadein.es\/fr\/producto\/vileda-chamois-jaune-polyvalent-rouleau\/#primaryimage"},"image":{"@id":"https:\/\/fadein.es\/fr\/producto\/vileda-chamois-jaune-polyvalent-rouleau\/#primaryimage"},"thumbnailUrl":"https:\/\/fadein.es\/wp-content\/uploads\/2025\/04\/GAMUZA-AMARILLA-PROFESIONAL-MULTIUSOS-VILEDA.jpg","datePublished":"2025-04-15T13:42:16+00:00","dateModified":"2025-04-16T13:48:59+00:00","description":"Rouleau de tissu jaune multi-usages Vileda. Dimensions : 34 x 400 cm. Convient pour un usage polyvalent. Nettoyage \u00e0 sec, humide ou mouill\u00e9 de tous types de surfaces.","breadcrumb":{"@id":"https:\/\/fadein.es\/fr\/producto\/vileda-chamois-jaune-polyvalent-rouleau\/#breadcrumb"},"inLanguage":"fr-FR","potentialAction":[{"@type":"ReadAction","target":["https:\/\/fadein.es\/fr\/producto\/vileda-chamois-jaune-polyvalent-rouleau\/"]}]},{"@type":"ImageObject","inLanguage":"fr-FR","@id":"https:\/\/fadein.es\/fr\/producto\/vileda-chamois-jaune-polyvalent-rouleau\/#primaryimage","url":"https:\/\/fadein.es\/wp-content\/uploads\/2025\/04\/GAMUZA-AMARILLA-PROFESIONAL-MULTIUSOS-VILEDA.jpg","contentUrl":"https:\/\/fadein.es\/wp-content\/uploads\/2025\/04\/GAMUZA-AMARILLA-PROFESIONAL-MULTIUSOS-VILEDA.jpg","width":800,"height":800,"caption":"GAMUZA AMARILLA PROFESIONAL MULTIUSOS VILEDA"},{"@type":"BreadcrumbList","@id":"https:\/\/fadein.es\/fr\/producto\/vileda-chamois-jaune-polyvalent-rouleau\/#breadcrumb","itemListElement":[{"@type":"ListItem","position":1,"name":"Portada","item":"https:\/\/fadein.es\/fr\/accueil\/"},{"@type":"ListItem","position":2,"name":"Boutique","item":"https:\/\/fadein.es\/fr\/boutique\/"},{"@type":"ListItem","position":3,"name":"VILEDA CHAMOIS JAUNE POLYVALENT (ROULEAU)"}]},{"@type":"WebSite","@id":"https:\/\/fadein.es\/fr\/#website","url":"https:\/\/fadein.es\/fr\/","name":"Fadein","description":"Detergentes de alto rendimiento","publisher":{"@id":"https:\/\/fadein.es\/fr\/#organization"},"alternateName":"Detergentes de alto rendimiento","potentialAction":[{"@type":"SearchAction","target":{"@type":"EntryPoint","urlTemplate":"https:\/\/fadein.es\/fr\/?s={search_term_string}"},"query-input":{"@type":"PropertyValueSpecification","valueRequired":true,"valueName":"search_term_string"}}],"inLanguage":"fr-FR"},{"@type":"Organization","@id":"https:\/\/fadein.es\/fr\/#organization","name":"Fadein","alternateName":"Detergentes de alto rendimiento","url":"https:\/\/fadein.es\/fr\/","logo":{"@type":"ImageObject","inLanguage":"fr-FR","@id":"https:\/\/fadein.es\/fr\/#\/schema\/logo\/image\/","url":"https:\/\/fadein.es\/wp-content\/uploads\/2021\/05\/fadein-deterdentes-de-alto-rendimiento.png","contentUrl":"https:\/\/fadein.es\/wp-content\/uploads\/2021\/05\/fadein-deterdentes-de-alto-rendimiento.png","width":512,"height":512,"caption":"Fadein"},"image":{"@id":"https:\/\/fadein.es\/fr\/#\/schema\/logo\/image\/"}}]}},"_links":{"self":[{"href":"https:\/\/fadein.es\/fr\/wp-json\/wp\/v2\/product\/9679","targetHints":{"allow":["GET"]}}],"collection":[{"href":"https:\/\/fadein.es\/fr\/wp-json\/wp\/v2\/product"}],"about":[{"href":"https:\/\/fadein.es\/fr\/wp-json\/wp\/v2\/types\/product"}],"replies":[{"embeddable":true,"href":"https:\/\/fadein.es\/fr\/wp-json\/wp\/v2\/comments?post=9679"}],"wp:featuredmedia":[{"embeddable":true,"href":"https:\/\/fadein.es\/fr\/wp-json\/wp\/v2\/media\/9432"}],"wp:attachment":[{"href":"https:\/\/fadein.es\/fr\/wp-json\/wp\/v2\/media?parent=9679"}],"wp:term":[{"taxonomy":"product_brand","embeddable":true,"href":"https:\/\/fadein.es\/fr\/wp-json\/wp\/v2\/product_brand?post=9679"},{"taxonomy":"product_cat","embeddable":true,"href":"https:\/\/fadein.es\/fr\/wp-json\/wp\/v2\/product_cat?post=9679"},{"taxonomy":"product_tag","embeddable":true,"href":"https:\/\/fadein.es\/fr\/wp-json\/wp\/v2\/product_tag?post=9679"}],"curies":[{"name":"wp","href":"https:\/\/api.w.org\/{rel}","templated":true}]}}