{"id":9672,"date":"2025-04-15T13:42:16","date_gmt":"2025-04-15T13:42:16","guid":{"rendered":"https:\/\/fadein.es\/?post_type=product&#038;p=9672"},"modified":"2026-04-20T17:43:41","modified_gmt":"2026-04-20T15:43:41","slug":"chamois-douzaine-grille-blanche","status":"publish","type":"product","link":"https:\/\/fadein.es\/fr\/producto\/chamois-douzaine-grille-blanche\/","title":{"rendered":"CHAMOIS DOUZAINE GRILLE BLANCHE"},"content":{"rendered":"<p><strong>GAMUZA DOCENA REJILLA BLANCA<\/strong> Chiffon blanc quadrill\u00e9 (Pack.12 Uds.). Convient pour  <strong>  Cuisines, industries alimentaires, grills, restaurants, bars.<\/strong> <\/p>\n<p>Chiffon de grille, id\u00e9al pour nettoyer la cuisine, les plaques de cuisson, les comptoirs etc&#8230; Il a un fort pouvoir absorbant gr\u00e2ce \u00e0 sa grande quantit\u00e9 de coton. Gr\u00e2ce \u00e0 son tissage ajour\u00e9 ou en maille, il est facile \u00e0 essorer et \u00e0 manipuler. Dimensions disponibles : 40&#215;40 cm. Prix par paquet. Vente minimum : paquets complets de 12 unit\u00e9s.<\/p>\n<p>Vous pouvez contacter le service commercial de <strong><strong>FADEIN<\/strong><\/strong> par t\u00e9l\u00e9phone<strong><strong> 91 873 87 02 <\/strong><\/strong>ou par e-mail<strong><strong> att.cliente@fadein.es <\/strong><\/strong>pour toute information compl\u00e9mentaire ou demande de devis de nos produits.  <\/p>\n","protected":false},"excerpt":{"rendered":"<p>Grille en tissu blanc (Pack.12 Uds) <\/p>\n","protected":false},"featured_media":9435,"comment_status":"open","ping_status":"closed","template":"","meta":{"_et_pb_use_builder":"","_et_pb_old_content":"","_et_gb_content_width":""},"product_brand":[],"product_cat":[920,896],"product_tag":[995,959,962,998,968],"class_list":{"0":"post-9672","1":"product","2":"type-product","3":"status-publish","4":"has-post-thumbnail","6":"product_cat-tampons-a-recurer-lingettes-gaze-chiffons","7":"product_cat-ustensiles-de-nettoyage","8":"product_tag-barres","9":"product_tag-cuisines","10":"product_tag-industries-alimentaires","11":"product_tag-plaques","12":"product_tag-restaurants-fr","14":"first","15":"instock","16":"taxable","17":"shipping-taxable","18":"purchasable","19":"product-type-simple"},"yoast_head":"<!-- This site is optimized with the Yoast SEO Premium plugin v27.2 (Yoast SEO v27.4) - https:\/\/yoast.com\/product\/yoast-seo-premium-wordpress\/ -->\n<title>CHAMOIS DOUZAINE GRILLE BLANCHE<\/title>\n<meta name=\"description\" content=\"Chiffon blanc pour grillades (paquet de 12 unit\u00e9s). Convient pour le nettoyage des cuisines, des industries alimentaires, des grills, des restaurants et des bars. Grande capacit\u00e9 d&#039;absorption.\" \/>\n<meta name=\"robots\" content=\"index, follow, max-snippet:-1, max-image-preview:large, max-video-preview:-1\" \/>\n<link rel=\"canonical\" href=\"https:\/\/fadein.es\/fr\/producto\/chamois-douzaine-grille-blanche\/\" \/>\n<meta property=\"og:locale\" content=\"fr_FR\" \/>\n<meta property=\"og:type\" content=\"article\" \/>\n<meta property=\"og:title\" content=\"CHAMOIS DOUZAINE GRILLE BLANCHE\" \/>\n<meta property=\"og:description\" content=\"Chiffon blanc pour grillades (paquet de 12 unit\u00e9s). Convient pour le nettoyage des cuisines, des industries alimentaires, des grills, des restaurants et des bars. Grande capacit\u00e9 d&#039;absorption.\" \/>\n<meta property=\"og:url\" content=\"https:\/\/fadein.es\/fr\/producto\/chamois-douzaine-grille-blanche\/\" \/>\n<meta property=\"og:site_name\" content=\"Fadein\" \/>\n<meta property=\"article:modified_time\" content=\"2026-04-20T15:43:41+00:00\" \/>\n<meta property=\"og:image\" content=\"https:\/\/fadein.es\/wp-content\/uploads\/2025\/04\/GAMUZA-DOCENA-REJILLA-BLANCA.jpg\" \/>\n\t<meta property=\"og:image:width\" content=\"800\" \/>\n\t<meta property=\"og:image:height\" content=\"800\" \/>\n\t<meta property=\"og:image:type\" content=\"image\/jpeg\" \/>\n<meta name=\"twitter:card\" content=\"summary_large_image\" \/>\n<meta name=\"twitter:label1\" content=\"Dur\u00e9e de lecture estim\u00e9e\" \/>\n\t<meta name=\"twitter:data1\" content=\"1 minute\" \/>\n<script type=\"application\/ld+json\" class=\"yoast-schema-graph\">{\"@context\":\"https:\\\/\\\/schema.org\",\"@graph\":[{\"@type\":\"WebPage\",\"@id\":\"https:\\\/\\\/fadein.es\\\/fr\\\/producto\\\/chamois-douzaine-grille-blanche\\\/\",\"url\":\"https:\\\/\\\/fadein.es\\\/fr\\\/producto\\\/chamois-douzaine-grille-blanche\\\/\",\"name\":\"CHAMOIS DOUZAINE GRILLE BLANCHE\",\"isPartOf\":{\"@id\":\"https:\\\/\\\/fadein.es\\\/fr\\\/#website\"},\"primaryImageOfPage\":{\"@id\":\"https:\\\/\\\/fadein.es\\\/fr\\\/producto\\\/chamois-douzaine-grille-blanche\\\/#primaryimage\"},\"image\":{\"@id\":\"https:\\\/\\\/fadein.es\\\/fr\\\/producto\\\/chamois-douzaine-grille-blanche\\\/#primaryimage\"},\"thumbnailUrl\":\"https:\\\/\\\/fadein.es\\\/wp-content\\\/uploads\\\/2025\\\/04\\\/GAMUZA-DOCENA-REJILLA-BLANCA.jpg\",\"datePublished\":\"2025-04-15T13:42:16+00:00\",\"dateModified\":\"2026-04-20T15:43:41+00:00\",\"description\":\"Chiffon blanc pour grillades (paquet de 12 unit\u00e9s). Convient pour le nettoyage des cuisines, des industries alimentaires, des grills, des restaurants et des bars. Grande capacit\u00e9 d'absorption.\",\"breadcrumb\":{\"@id\":\"https:\\\/\\\/fadein.es\\\/fr\\\/producto\\\/chamois-douzaine-grille-blanche\\\/#breadcrumb\"},\"inLanguage\":\"fr-FR\",\"potentialAction\":[{\"@type\":\"ReadAction\",\"target\":[\"https:\\\/\\\/fadein.es\\\/fr\\\/producto\\\/chamois-douzaine-grille-blanche\\\/\"]}]},{\"@type\":\"ImageObject\",\"inLanguage\":\"fr-FR\",\"@id\":\"https:\\\/\\\/fadein.es\\\/fr\\\/producto\\\/chamois-douzaine-grille-blanche\\\/#primaryimage\",\"url\":\"https:\\\/\\\/fadein.es\\\/wp-content\\\/uploads\\\/2025\\\/04\\\/GAMUZA-DOCENA-REJILLA-BLANCA.jpg\",\"contentUrl\":\"https:\\\/\\\/fadein.es\\\/wp-content\\\/uploads\\\/2025\\\/04\\\/GAMUZA-DOCENA-REJILLA-BLANCA.jpg\",\"width\":800,\"height\":800,\"caption\":\"GAMUZA DOCENA REJILLA BLANCA\"},{\"@type\":\"BreadcrumbList\",\"@id\":\"https:\\\/\\\/fadein.es\\\/fr\\\/producto\\\/chamois-douzaine-grille-blanche\\\/#breadcrumb\",\"itemListElement\":[{\"@type\":\"ListItem\",\"position\":1,\"name\":\"Portada\",\"item\":\"https:\\\/\\\/fadein.es\\\/fr\\\/accueil\\\/\"},{\"@type\":\"ListItem\",\"position\":2,\"name\":\"Boutique\",\"item\":\"https:\\\/\\\/fadein.es\\\/fr\\\/boutique\\\/\"},{\"@type\":\"ListItem\",\"position\":3,\"name\":\"CHAMOIS DOUZAINE GRILLE BLANCHE\"}]},{\"@type\":\"WebSite\",\"@id\":\"https:\\\/\\\/fadein.es\\\/fr\\\/#website\",\"url\":\"https:\\\/\\\/fadein.es\\\/fr\\\/\",\"name\":\"Fadein\",\"description\":\"Detergentes de alto rendimiento\",\"publisher\":{\"@id\":\"https:\\\/\\\/fadein.es\\\/fr\\\/#organization\"},\"alternateName\":\"Detergentes de alto rendimiento\",\"potentialAction\":[{\"@type\":\"SearchAction\",\"target\":{\"@type\":\"EntryPoint\",\"urlTemplate\":\"https:\\\/\\\/fadein.es\\\/fr\\\/?s={search_term_string}\"},\"query-input\":{\"@type\":\"PropertyValueSpecification\",\"valueRequired\":true,\"valueName\":\"search_term_string\"}}],\"inLanguage\":\"fr-FR\"},{\"@type\":\"Organization\",\"@id\":\"https:\\\/\\\/fadein.es\\\/fr\\\/#organization\",\"name\":\"Fadein\",\"alternateName\":\"Detergentes de alto rendimiento\",\"url\":\"https:\\\/\\\/fadein.es\\\/fr\\\/\",\"logo\":{\"@type\":\"ImageObject\",\"inLanguage\":\"fr-FR\",\"@id\":\"https:\\\/\\\/fadein.es\\\/fr\\\/#\\\/schema\\\/logo\\\/image\\\/\",\"url\":\"https:\\\/\\\/fadein.es\\\/wp-content\\\/uploads\\\/2021\\\/05\\\/fadein-deterdentes-de-alto-rendimiento.png\",\"contentUrl\":\"https:\\\/\\\/fadein.es\\\/wp-content\\\/uploads\\\/2021\\\/05\\\/fadein-deterdentes-de-alto-rendimiento.png\",\"width\":512,\"height\":512,\"caption\":\"Fadein\"},\"image\":{\"@id\":\"https:\\\/\\\/fadein.es\\\/fr\\\/#\\\/schema\\\/logo\\\/image\\\/\"}}]}<\/script>\n<!-- \/ Yoast SEO Premium plugin. -->","yoast_head_json":{"title":"CHAMOIS DOUZAINE GRILLE BLANCHE","description":"Chiffon blanc pour grillades (paquet de 12 unit\u00e9s). Convient pour le nettoyage des cuisines, des industries alimentaires, des grills, des restaurants et des bars. Grande capacit\u00e9 d'absorption.","robots":{"index":"index","follow":"follow","max-snippet":"max-snippet:-1","max-image-preview":"max-image-preview:large","max-video-preview":"max-video-preview:-1"},"canonical":"https:\/\/fadein.es\/fr\/producto\/chamois-douzaine-grille-blanche\/","og_locale":"fr_FR","og_type":"article","og_title":"CHAMOIS DOUZAINE GRILLE BLANCHE","og_description":"Chiffon blanc pour grillades (paquet de 12 unit\u00e9s). Convient pour le nettoyage des cuisines, des industries alimentaires, des grills, des restaurants et des bars. Grande capacit\u00e9 d'absorption.","og_url":"https:\/\/fadein.es\/fr\/producto\/chamois-douzaine-grille-blanche\/","og_site_name":"Fadein","article_modified_time":"2026-04-20T15:43:41+00:00","og_image":[{"width":800,"height":800,"url":"https:\/\/fadein.es\/wp-content\/uploads\/2025\/04\/GAMUZA-DOCENA-REJILLA-BLANCA.jpg","type":"image\/jpeg"}],"twitter_card":"summary_large_image","twitter_misc":{"Dur\u00e9e de lecture estim\u00e9e":"1 minute"},"schema":{"@context":"https:\/\/schema.org","@graph":[{"@type":"WebPage","@id":"https:\/\/fadein.es\/fr\/producto\/chamois-douzaine-grille-blanche\/","url":"https:\/\/fadein.es\/fr\/producto\/chamois-douzaine-grille-blanche\/","name":"CHAMOIS DOUZAINE GRILLE BLANCHE","isPartOf":{"@id":"https:\/\/fadein.es\/fr\/#website"},"primaryImageOfPage":{"@id":"https:\/\/fadein.es\/fr\/producto\/chamois-douzaine-grille-blanche\/#primaryimage"},"image":{"@id":"https:\/\/fadein.es\/fr\/producto\/chamois-douzaine-grille-blanche\/#primaryimage"},"thumbnailUrl":"https:\/\/fadein.es\/wp-content\/uploads\/2025\/04\/GAMUZA-DOCENA-REJILLA-BLANCA.jpg","datePublished":"2025-04-15T13:42:16+00:00","dateModified":"2026-04-20T15:43:41+00:00","description":"Chiffon blanc pour grillades (paquet de 12 unit\u00e9s). Convient pour le nettoyage des cuisines, des industries alimentaires, des grills, des restaurants et des bars. Grande capacit\u00e9 d'absorption.","breadcrumb":{"@id":"https:\/\/fadein.es\/fr\/producto\/chamois-douzaine-grille-blanche\/#breadcrumb"},"inLanguage":"fr-FR","potentialAction":[{"@type":"ReadAction","target":["https:\/\/fadein.es\/fr\/producto\/chamois-douzaine-grille-blanche\/"]}]},{"@type":"ImageObject","inLanguage":"fr-FR","@id":"https:\/\/fadein.es\/fr\/producto\/chamois-douzaine-grille-blanche\/#primaryimage","url":"https:\/\/fadein.es\/wp-content\/uploads\/2025\/04\/GAMUZA-DOCENA-REJILLA-BLANCA.jpg","contentUrl":"https:\/\/fadein.es\/wp-content\/uploads\/2025\/04\/GAMUZA-DOCENA-REJILLA-BLANCA.jpg","width":800,"height":800,"caption":"GAMUZA DOCENA REJILLA BLANCA"},{"@type":"BreadcrumbList","@id":"https:\/\/fadein.es\/fr\/producto\/chamois-douzaine-grille-blanche\/#breadcrumb","itemListElement":[{"@type":"ListItem","position":1,"name":"Portada","item":"https:\/\/fadein.es\/fr\/accueil\/"},{"@type":"ListItem","position":2,"name":"Boutique","item":"https:\/\/fadein.es\/fr\/boutique\/"},{"@type":"ListItem","position":3,"name":"CHAMOIS DOUZAINE GRILLE BLANCHE"}]},{"@type":"WebSite","@id":"https:\/\/fadein.es\/fr\/#website","url":"https:\/\/fadein.es\/fr\/","name":"Fadein","description":"Detergentes de alto rendimiento","publisher":{"@id":"https:\/\/fadein.es\/fr\/#organization"},"alternateName":"Detergentes de alto rendimiento","potentialAction":[{"@type":"SearchAction","target":{"@type":"EntryPoint","urlTemplate":"https:\/\/fadein.es\/fr\/?s={search_term_string}"},"query-input":{"@type":"PropertyValueSpecification","valueRequired":true,"valueName":"search_term_string"}}],"inLanguage":"fr-FR"},{"@type":"Organization","@id":"https:\/\/fadein.es\/fr\/#organization","name":"Fadein","alternateName":"Detergentes de alto rendimiento","url":"https:\/\/fadein.es\/fr\/","logo":{"@type":"ImageObject","inLanguage":"fr-FR","@id":"https:\/\/fadein.es\/fr\/#\/schema\/logo\/image\/","url":"https:\/\/fadein.es\/wp-content\/uploads\/2021\/05\/fadein-deterdentes-de-alto-rendimiento.png","contentUrl":"https:\/\/fadein.es\/wp-content\/uploads\/2021\/05\/fadein-deterdentes-de-alto-rendimiento.png","width":512,"height":512,"caption":"Fadein"},"image":{"@id":"https:\/\/fadein.es\/fr\/#\/schema\/logo\/image\/"}}]}},"_links":{"self":[{"href":"https:\/\/fadein.es\/fr\/wp-json\/wp\/v2\/product\/9672","targetHints":{"allow":["GET"]}}],"collection":[{"href":"https:\/\/fadein.es\/fr\/wp-json\/wp\/v2\/product"}],"about":[{"href":"https:\/\/fadein.es\/fr\/wp-json\/wp\/v2\/types\/product"}],"replies":[{"embeddable":true,"href":"https:\/\/fadein.es\/fr\/wp-json\/wp\/v2\/comments?post=9672"}],"wp:featuredmedia":[{"embeddable":true,"href":"https:\/\/fadein.es\/fr\/wp-json\/wp\/v2\/media\/9435"}],"wp:attachment":[{"href":"https:\/\/fadein.es\/fr\/wp-json\/wp\/v2\/media?parent=9672"}],"wp:term":[{"taxonomy":"product_brand","embeddable":true,"href":"https:\/\/fadein.es\/fr\/wp-json\/wp\/v2\/product_brand?post=9672"},{"taxonomy":"product_cat","embeddable":true,"href":"https:\/\/fadein.es\/fr\/wp-json\/wp\/v2\/product_cat?post=9672"},{"taxonomy":"product_tag","embeddable":true,"href":"https:\/\/fadein.es\/fr\/wp-json\/wp\/v2\/product_tag?post=9672"}],"curies":[{"name":"wp","href":"https:\/\/api.w.org\/{rel}","templated":true}]}}