{"id":9670,"date":"2025-04-15T13:42:15","date_gmt":"2025-04-15T13:42:15","guid":{"rendered":"https:\/\/fadein.es\/?post_type=product&#038;p=9670"},"modified":"2025-04-16T11:38:53","modified_gmt":"2025-04-16T11:38:53","slug":"serviette-en-microfibre","status":"publish","type":"product","link":"https:\/\/fadein.es\/fr\/producto\/serviette-en-microfibre\/","title":{"rendered":"SERVIETTE EN MICROFIBRE"},"content":{"rendered":"<p>SERVIETTE <strong>EN MICROFIBRE BLEUE<\/strong> Serviette <strong>en microfibre<\/strong> 60 x 40 cm (Vous). Convient pour un usage<strong> polyvalent<\/strong>.  <\/p>\n<p>  L\u00e9g\u00e8re et confortable \u00e0 chaque utilisation. La serviette en microfibre 60x40cm est le choix id\u00e9al pour ceux qui recherchent une combinaison de l\u00e9g\u00e8ret\u00e9 et de confort. Fabriqu\u00e9e dans une mati\u00e8re de haute qualit\u00e9 compos\u00e9e de 80 % de polyester et de 20 % de polyamide, cette serviette offre une douceur in\u00e9gal\u00e9e sur la peau. Sa conception en microfibre permet un s\u00e9chage rapide. De plus, son poids de 78 grammes la rend facile \u00e0 transporter et vous permet de la garder toujours pr\u00eate \u00e0 l&#8217;emploi.      <\/p>\n<p>Disponible en bleu, la serviette en microfibre de 60 x 40 cm convient \u00e0 tous les go\u00fbts et \u00e0 tous les styles. Ses dimensions g\u00e9n\u00e9reuses de 60 x 40 cm permettent de s\u00e9cher n&rsquo;importe quelle surface. Cette serviette n&rsquo;est pas seulement fonctionnelle, elle ajoute aussi une touche de style \u00e0 toutes les occasions. Son pouvoir d&rsquo;absorption sup\u00e9rieur lui permet de rester s\u00e8che et pr\u00eate pour la prochaine utilisation, ce qui fait de cette serviette un investissement judicieux.   <\/p>\n<p>Vous pouvez contacter le service commercial de <strong><strong>FADEIN<\/strong><\/strong> par t\u00e9l\u00e9phone<strong><strong> 91 873 87 02 <\/strong><\/strong>ou par e-mail<strong><strong> att.cliente@fadein.es <\/strong><\/strong>pour toute information compl\u00e9mentaire ou demande de devis de nos produits.  <\/p>\n","protected":false},"excerpt":{"rendered":"<p>Serviette microfibre 60x40cm (Vous)<\/p>\n","protected":false},"featured_media":9422,"comment_status":"open","ping_status":"closed","template":"","meta":{"_et_pb_use_builder":"","_et_pb_old_content":"","_et_gb_content_width":""},"product_brand":[],"product_cat":[920,896],"product_tag":[992],"class_list":{"0":"post-9670","1":"product","2":"type-product","3":"status-publish","4":"has-post-thumbnail","6":"product_cat-tampons-a-recurer-lingettes-gaze-chiffons","7":"product_cat-ustensiles-de-nettoyage","8":"product_tag-polyvalent","10":"first","11":"instock","12":"taxable","13":"shipping-taxable","14":"purchasable","15":"product-type-simple"},"yoast_head":"<!-- This site is optimized with the Yoast SEO Premium plugin v27.2 (Yoast SEO v27.5) - https:\/\/yoast.com\/product\/yoast-seo-premium-wordpress\/ -->\n<title>SERVIETTE EN MICROFIBRE BLEUE<\/title>\n<meta name=\"description\" content=\"La serviette en microfibre 60x40cm est le choix parfait pour ceux qui recherchent une combinaison de l\u00e9g\u00e8ret\u00e9 et de confort. Disponible en bleu.\" \/>\n<meta name=\"robots\" content=\"index, follow, max-snippet:-1, max-image-preview:large, max-video-preview:-1\" \/>\n<link rel=\"canonical\" href=\"https:\/\/fadein.es\/fr\/producto\/serviette-en-microfibre\/\" \/>\n<meta property=\"og:locale\" content=\"fr_FR\" \/>\n<meta property=\"og:type\" content=\"article\" \/>\n<meta property=\"og:title\" content=\"SERVIETTE EN MICROFIBRE\" \/>\n<meta property=\"og:description\" content=\"La serviette en microfibre 60x40cm est le choix parfait pour ceux qui recherchent une combinaison de l\u00e9g\u00e8ret\u00e9 et de confort. Disponible en bleu.\" \/>\n<meta property=\"og:url\" content=\"https:\/\/fadein.es\/fr\/producto\/serviette-en-microfibre\/\" \/>\n<meta property=\"og:site_name\" content=\"Fadein\" \/>\n<meta property=\"article:modified_time\" content=\"2025-04-16T11:38:53+00:00\" \/>\n<meta property=\"og:image\" content=\"https:\/\/fadein.es\/wp-content\/uploads\/2025\/04\/TOALLA-MICROFIBRA.jpg\" \/>\n\t<meta property=\"og:image:width\" content=\"800\" \/>\n\t<meta property=\"og:image:height\" content=\"800\" \/>\n\t<meta property=\"og:image:type\" content=\"image\/jpeg\" \/>\n<meta name=\"twitter:card\" content=\"summary_large_image\" \/>\n<meta name=\"twitter:label1\" content=\"Dur\u00e9e de lecture estim\u00e9e\" \/>\n\t<meta name=\"twitter:data1\" content=\"1 minute\" \/>\n<script type=\"application\/ld+json\" class=\"yoast-schema-graph\">{\"@context\":\"https:\\\/\\\/schema.org\",\"@graph\":[{\"@type\":\"WebPage\",\"@id\":\"https:\\\/\\\/fadein.es\\\/fr\\\/producto\\\/serviette-en-microfibre\\\/\",\"url\":\"https:\\\/\\\/fadein.es\\\/fr\\\/producto\\\/serviette-en-microfibre\\\/\",\"name\":\"SERVIETTE EN MICROFIBRE BLEUE\",\"isPartOf\":{\"@id\":\"https:\\\/\\\/fadein.es\\\/fr\\\/#website\"},\"primaryImageOfPage\":{\"@id\":\"https:\\\/\\\/fadein.es\\\/fr\\\/producto\\\/serviette-en-microfibre\\\/#primaryimage\"},\"image\":{\"@id\":\"https:\\\/\\\/fadein.es\\\/fr\\\/producto\\\/serviette-en-microfibre\\\/#primaryimage\"},\"thumbnailUrl\":\"https:\\\/\\\/fadein.es\\\/wp-content\\\/uploads\\\/2025\\\/04\\\/TOALLA-MICROFIBRA.jpg\",\"datePublished\":\"2025-04-15T13:42:15+00:00\",\"dateModified\":\"2025-04-16T11:38:53+00:00\",\"description\":\"La serviette en microfibre 60x40cm est le choix parfait pour ceux qui recherchent une combinaison de l\u00e9g\u00e8ret\u00e9 et de confort. Disponible en bleu.\",\"breadcrumb\":{\"@id\":\"https:\\\/\\\/fadein.es\\\/fr\\\/producto\\\/serviette-en-microfibre\\\/#breadcrumb\"},\"inLanguage\":\"fr-FR\",\"potentialAction\":[{\"@type\":\"ReadAction\",\"target\":[\"https:\\\/\\\/fadein.es\\\/fr\\\/producto\\\/serviette-en-microfibre\\\/\"]}]},{\"@type\":\"ImageObject\",\"inLanguage\":\"fr-FR\",\"@id\":\"https:\\\/\\\/fadein.es\\\/fr\\\/producto\\\/serviette-en-microfibre\\\/#primaryimage\",\"url\":\"https:\\\/\\\/fadein.es\\\/wp-content\\\/uploads\\\/2025\\\/04\\\/TOALLA-MICROFIBRA.jpg\",\"contentUrl\":\"https:\\\/\\\/fadein.es\\\/wp-content\\\/uploads\\\/2025\\\/04\\\/TOALLA-MICROFIBRA.jpg\",\"width\":800,\"height\":800,\"caption\":\"TOALLA MICROFIBRA\"},{\"@type\":\"BreadcrumbList\",\"@id\":\"https:\\\/\\\/fadein.es\\\/fr\\\/producto\\\/serviette-en-microfibre\\\/#breadcrumb\",\"itemListElement\":[{\"@type\":\"ListItem\",\"position\":1,\"name\":\"Portada\",\"item\":\"https:\\\/\\\/fadein.es\\\/fr\\\/accueil\\\/\"},{\"@type\":\"ListItem\",\"position\":2,\"name\":\"Boutique\",\"item\":\"https:\\\/\\\/fadein.es\\\/fr\\\/boutique\\\/\"},{\"@type\":\"ListItem\",\"position\":3,\"name\":\"SERVIETTE EN MICROFIBRE\"}]},{\"@type\":\"WebSite\",\"@id\":\"https:\\\/\\\/fadein.es\\\/fr\\\/#website\",\"url\":\"https:\\\/\\\/fadein.es\\\/fr\\\/\",\"name\":\"Fadein\",\"description\":\"Detergentes de alto rendimiento\",\"publisher\":{\"@id\":\"https:\\\/\\\/fadein.es\\\/fr\\\/#organization\"},\"alternateName\":\"Detergentes de alto rendimiento\",\"potentialAction\":[{\"@type\":\"SearchAction\",\"target\":{\"@type\":\"EntryPoint\",\"urlTemplate\":\"https:\\\/\\\/fadein.es\\\/fr\\\/?s={search_term_string}\"},\"query-input\":{\"@type\":\"PropertyValueSpecification\",\"valueRequired\":true,\"valueName\":\"search_term_string\"}}],\"inLanguage\":\"fr-FR\"},{\"@type\":\"Organization\",\"@id\":\"https:\\\/\\\/fadein.es\\\/fr\\\/#organization\",\"name\":\"Fadein\",\"alternateName\":\"Detergentes de alto rendimiento\",\"url\":\"https:\\\/\\\/fadein.es\\\/fr\\\/\",\"logo\":{\"@type\":\"ImageObject\",\"inLanguage\":\"fr-FR\",\"@id\":\"https:\\\/\\\/fadein.es\\\/fr\\\/#\\\/schema\\\/logo\\\/image\\\/\",\"url\":\"https:\\\/\\\/fadein.es\\\/wp-content\\\/uploads\\\/2021\\\/05\\\/fadein-deterdentes-de-alto-rendimiento.png\",\"contentUrl\":\"https:\\\/\\\/fadein.es\\\/wp-content\\\/uploads\\\/2021\\\/05\\\/fadein-deterdentes-de-alto-rendimiento.png\",\"width\":512,\"height\":512,\"caption\":\"Fadein\"},\"image\":{\"@id\":\"https:\\\/\\\/fadein.es\\\/fr\\\/#\\\/schema\\\/logo\\\/image\\\/\"}}]}<\/script>\n<!-- \/ Yoast SEO Premium plugin. -->","yoast_head_json":{"title":"SERVIETTE EN MICROFIBRE BLEUE","description":"La serviette en microfibre 60x40cm est le choix parfait pour ceux qui recherchent une combinaison de l\u00e9g\u00e8ret\u00e9 et de confort. Disponible en bleu.","robots":{"index":"index","follow":"follow","max-snippet":"max-snippet:-1","max-image-preview":"max-image-preview:large","max-video-preview":"max-video-preview:-1"},"canonical":"https:\/\/fadein.es\/fr\/producto\/serviette-en-microfibre\/","og_locale":"fr_FR","og_type":"article","og_title":"SERVIETTE EN MICROFIBRE","og_description":"La serviette en microfibre 60x40cm est le choix parfait pour ceux qui recherchent une combinaison de l\u00e9g\u00e8ret\u00e9 et de confort. Disponible en bleu.","og_url":"https:\/\/fadein.es\/fr\/producto\/serviette-en-microfibre\/","og_site_name":"Fadein","article_modified_time":"2025-04-16T11:38:53+00:00","og_image":[{"width":800,"height":800,"url":"https:\/\/fadein.es\/wp-content\/uploads\/2025\/04\/TOALLA-MICROFIBRA.jpg","type":"image\/jpeg"}],"twitter_card":"summary_large_image","twitter_misc":{"Dur\u00e9e de lecture estim\u00e9e":"1 minute"},"schema":{"@context":"https:\/\/schema.org","@graph":[{"@type":"WebPage","@id":"https:\/\/fadein.es\/fr\/producto\/serviette-en-microfibre\/","url":"https:\/\/fadein.es\/fr\/producto\/serviette-en-microfibre\/","name":"SERVIETTE EN MICROFIBRE BLEUE","isPartOf":{"@id":"https:\/\/fadein.es\/fr\/#website"},"primaryImageOfPage":{"@id":"https:\/\/fadein.es\/fr\/producto\/serviette-en-microfibre\/#primaryimage"},"image":{"@id":"https:\/\/fadein.es\/fr\/producto\/serviette-en-microfibre\/#primaryimage"},"thumbnailUrl":"https:\/\/fadein.es\/wp-content\/uploads\/2025\/04\/TOALLA-MICROFIBRA.jpg","datePublished":"2025-04-15T13:42:15+00:00","dateModified":"2025-04-16T11:38:53+00:00","description":"La serviette en microfibre 60x40cm est le choix parfait pour ceux qui recherchent une combinaison de l\u00e9g\u00e8ret\u00e9 et de confort. Disponible en bleu.","breadcrumb":{"@id":"https:\/\/fadein.es\/fr\/producto\/serviette-en-microfibre\/#breadcrumb"},"inLanguage":"fr-FR","potentialAction":[{"@type":"ReadAction","target":["https:\/\/fadein.es\/fr\/producto\/serviette-en-microfibre\/"]}]},{"@type":"ImageObject","inLanguage":"fr-FR","@id":"https:\/\/fadein.es\/fr\/producto\/serviette-en-microfibre\/#primaryimage","url":"https:\/\/fadein.es\/wp-content\/uploads\/2025\/04\/TOALLA-MICROFIBRA.jpg","contentUrl":"https:\/\/fadein.es\/wp-content\/uploads\/2025\/04\/TOALLA-MICROFIBRA.jpg","width":800,"height":800,"caption":"TOALLA MICROFIBRA"},{"@type":"BreadcrumbList","@id":"https:\/\/fadein.es\/fr\/producto\/serviette-en-microfibre\/#breadcrumb","itemListElement":[{"@type":"ListItem","position":1,"name":"Portada","item":"https:\/\/fadein.es\/fr\/accueil\/"},{"@type":"ListItem","position":2,"name":"Boutique","item":"https:\/\/fadein.es\/fr\/boutique\/"},{"@type":"ListItem","position":3,"name":"SERVIETTE EN MICROFIBRE"}]},{"@type":"WebSite","@id":"https:\/\/fadein.es\/fr\/#website","url":"https:\/\/fadein.es\/fr\/","name":"Fadein","description":"Detergentes de alto rendimiento","publisher":{"@id":"https:\/\/fadein.es\/fr\/#organization"},"alternateName":"Detergentes de alto rendimiento","potentialAction":[{"@type":"SearchAction","target":{"@type":"EntryPoint","urlTemplate":"https:\/\/fadein.es\/fr\/?s={search_term_string}"},"query-input":{"@type":"PropertyValueSpecification","valueRequired":true,"valueName":"search_term_string"}}],"inLanguage":"fr-FR"},{"@type":"Organization","@id":"https:\/\/fadein.es\/fr\/#organization","name":"Fadein","alternateName":"Detergentes de alto rendimiento","url":"https:\/\/fadein.es\/fr\/","logo":{"@type":"ImageObject","inLanguage":"fr-FR","@id":"https:\/\/fadein.es\/fr\/#\/schema\/logo\/image\/","url":"https:\/\/fadein.es\/wp-content\/uploads\/2021\/05\/fadein-deterdentes-de-alto-rendimiento.png","contentUrl":"https:\/\/fadein.es\/wp-content\/uploads\/2021\/05\/fadein-deterdentes-de-alto-rendimiento.png","width":512,"height":512,"caption":"Fadein"},"image":{"@id":"https:\/\/fadein.es\/fr\/#\/schema\/logo\/image\/"}}]}},"_links":{"self":[{"href":"https:\/\/fadein.es\/fr\/wp-json\/wp\/v2\/product\/9670","targetHints":{"allow":["GET"]}}],"collection":[{"href":"https:\/\/fadein.es\/fr\/wp-json\/wp\/v2\/product"}],"about":[{"href":"https:\/\/fadein.es\/fr\/wp-json\/wp\/v2\/types\/product"}],"replies":[{"embeddable":true,"href":"https:\/\/fadein.es\/fr\/wp-json\/wp\/v2\/comments?post=9670"}],"wp:featuredmedia":[{"embeddable":true,"href":"https:\/\/fadein.es\/fr\/wp-json\/wp\/v2\/media\/9422"}],"wp:attachment":[{"href":"https:\/\/fadein.es\/fr\/wp-json\/wp\/v2\/media?parent=9670"}],"wp:term":[{"taxonomy":"product_brand","embeddable":true,"href":"https:\/\/fadein.es\/fr\/wp-json\/wp\/v2\/product_brand?post=9670"},{"taxonomy":"product_cat","embeddable":true,"href":"https:\/\/fadein.es\/fr\/wp-json\/wp\/v2\/product_cat?post=9670"},{"taxonomy":"product_tag","embeddable":true,"href":"https:\/\/fadein.es\/fr\/wp-json\/wp\/v2\/product_tag?post=9670"}],"curies":[{"name":"wp","href":"https:\/\/api.w.org\/{rel}","templated":true}]}}