{"id":9662,"date":"2025-04-15T13:42:14","date_gmt":"2025-04-15T13:42:14","guid":{"rendered":"https:\/\/fadein.es\/?post_type=product&#038;p=9662"},"modified":"2025-04-16T10:33:39","modified_gmt":"2025-04-16T10:33:39","slug":"secaplus-quickn-dry-cloth-roll","status":"publish","type":"product","link":"https:\/\/fadein.es\/fr\/producto\/secaplus-quickn-dry-cloth-roll\/","title":{"rendered":"SECAPLUS QUICK`N DRY CLOTH ROLL"},"content":{"rendered":"<p><strong>BAYETA SECAPLUS ROLL QUICK`N DRYBayeta<\/strong>Secapl\u00fas de Vileda est un tissu \u00e9ponge fin qui offre un toucher agr\u00e9able et une flexibilit\u00e9 combin\u00e9s \u00e0 une grande capacit\u00e9 d&rsquo;absorption. Convient pour un usage<strong> polyvalent.<\/strong>  <\/p>\n<p>De couleur bleue, il combine les propri\u00e9t\u00e9s d&rsquo;une \u00e9ponge avec la texture d&rsquo;un chiffon, il est \u00e0 faible friction, tr\u00e8s absorbant, doux, flexible et r\u00e9sistant. Elle est id\u00e9ale pour le nettoyage et le s\u00e9chage des zones o\u00f9 des aliments ou des liquides sont manipul\u00e9s, gr\u00e2ce \u00e0 ses propri\u00e9t\u00e9s : <\/p>\n<p>&#8211; Capacit\u00e9 d&rsquo;absorption \u00e9lev\u00e9e, jusqu&rsquo;\u00e0 15 fois son poids<\/p>\n<p>&#8211; Biod\u00e9gradabilit\u00e9<\/p>\n<p>&#8211; R\u00e9tention des liquides et capacit\u00e9 d&rsquo;\u00e9limination<\/p>\n<p>&#8211; S\u00e9chage rapide<\/p>\n<p>&#8211; Facilit\u00e9 de rin\u00e7age et de lavage<\/p>\n<p>&#8211; Compos\u00e9 de 1\/3 de coton et de 2\/3 de cellulose<\/p>\n<p>Le chiffon Secaplus ne laisse pas de peluches ni de traces g\u00eanantes sur la surface o\u00f9 il est utilis\u00e9, ce qui le rend id\u00e9al pour le nettoyage des tables, des comptoirs de bar ou des plans de travail, o\u00f9 un nettoyage sans traces est n\u00e9cessaire.<\/p>\n<p>Format rouleau. Le format rouleau laisse le reste du tissu intact, ce qui augmente sa durabilit\u00e9. Ce format facilite \u00e9galement le stockage et l&rsquo;\u00e9limination, puisqu&rsquo;il vous suffit de couper la taille de tissu souhait\u00e9e. Exemple : pour un rouleau de 10 m\u00e8tres, vous pouvez couper 28\/29 chiffons de 35 cm, ce qui rend ce produit rentable. Ce type de chiffon est semi-jetable, car il peut \u00eatre utilis\u00e9 un jour, une fois et jet\u00e9, ou lav\u00e9 et appr\u00e9ci\u00e9 comme s&rsquo;il \u00e9tait neuf, avec un seul rouleau vous pouvez avoir un nombre infini de chiffons.    <\/p>\n<p>  En cas de lavage, la temp\u00e9rature maximale qu&rsquo;il peut supporter est de 95\u00baC. N&rsquo;utilisez pas d&rsquo;eau de Javel, de d\u00e9tergents ou d&rsquo;adoucissants. La taille de tissu recommand\u00e9e par coupe est de 35 \u00e0 40 cm. <\/p>\n<p>Vous pouvez contacter le service commercial de <strong><strong>FADEIN<\/strong><\/strong> par t\u00e9l\u00e9phone<strong><strong> 91 873 87 02 <\/strong><\/strong>ou par e-mail<strong><strong> att.cliente@fadein.es <\/strong><\/strong>pour toute information compl\u00e9mentaire ou demande de devis de nos produits.  <\/p>\n","protected":false},"excerpt":{"rendered":"<p>Le tissu secapl\u00fas est un tissu \u00e9ponge fin, agr\u00e9able au toucher et souple.<\/p>\n","protected":false},"featured_media":9419,"comment_status":"open","ping_status":"closed","template":"","meta":{"_et_pb_use_builder":"","_et_pb_old_content":"","_et_gb_content_width":""},"product_brand":[],"product_cat":[920,896],"product_tag":[992],"class_list":{"0":"post-9662","1":"product","2":"type-product","3":"status-publish","4":"has-post-thumbnail","6":"product_cat-tampons-a-recurer-lingettes-gaze-chiffons","7":"product_cat-ustensiles-de-nettoyage","8":"product_tag-polyvalent","10":"first","11":"instock","12":"taxable","13":"shipping-taxable","14":"purchasable","15":"product-type-simple"},"yoast_head":"<!-- This site is optimized with the Yoast SEO Premium plugin v27.2 (Yoast SEO v27.5) - https:\/\/yoast.com\/product\/yoast-seo-premium-wordpress\/ -->\n<title>SECAPLUS QUICK`N DRY CLOTH ROLL<\/title>\n<meta name=\"description\" content=\"Le tissu Vileda Secapl\u00fas est un tissu \u00e9ponge fin qui offre un toucher agr\u00e9able et une flexibilit\u00e9 combin\u00e9s \u00e0 une grande capacit\u00e9 d&#039;absorption.\" \/>\n<meta name=\"robots\" content=\"index, follow, max-snippet:-1, max-image-preview:large, max-video-preview:-1\" \/>\n<link rel=\"canonical\" href=\"https:\/\/fadein.es\/fr\/producto\/secaplus-quickn-dry-cloth-roll\/\" \/>\n<meta property=\"og:locale\" content=\"fr_FR\" \/>\n<meta property=\"og:type\" content=\"article\" \/>\n<meta property=\"og:title\" content=\"SECAPLUS QUICK`N DRY CLOTH ROLL\" \/>\n<meta property=\"og:description\" content=\"Le tissu Vileda Secapl\u00fas est un tissu \u00e9ponge fin qui offre un toucher agr\u00e9able et une flexibilit\u00e9 combin\u00e9s \u00e0 une grande capacit\u00e9 d&#039;absorption.\" \/>\n<meta property=\"og:url\" content=\"https:\/\/fadein.es\/fr\/producto\/secaplus-quickn-dry-cloth-roll\/\" \/>\n<meta property=\"og:site_name\" content=\"Fadein\" \/>\n<meta property=\"article:modified_time\" content=\"2025-04-16T10:33:39+00:00\" \/>\n<meta property=\"og:image\" content=\"https:\/\/fadein.es\/wp-content\/uploads\/2025\/04\/BAYETA-SECAPLUS-ROLLO-QUICKN-DRY.jpg\" \/>\n\t<meta property=\"og:image:width\" content=\"800\" \/>\n\t<meta property=\"og:image:height\" content=\"800\" \/>\n\t<meta property=\"og:image:type\" content=\"image\/jpeg\" \/>\n<meta name=\"twitter:card\" content=\"summary_large_image\" \/>\n<meta name=\"twitter:label1\" content=\"Dur\u00e9e de lecture estim\u00e9e\" \/>\n\t<meta name=\"twitter:data1\" content=\"2 minutes\" \/>\n<script type=\"application\/ld+json\" class=\"yoast-schema-graph\">{\"@context\":\"https:\\\/\\\/schema.org\",\"@graph\":[{\"@type\":\"WebPage\",\"@id\":\"https:\\\/\\\/fadein.es\\\/fr\\\/producto\\\/secaplus-quickn-dry-cloth-roll\\\/\",\"url\":\"https:\\\/\\\/fadein.es\\\/fr\\\/producto\\\/secaplus-quickn-dry-cloth-roll\\\/\",\"name\":\"SECAPLUS QUICK`N DRY CLOTH ROLL\",\"isPartOf\":{\"@id\":\"https:\\\/\\\/fadein.es\\\/fr\\\/#website\"},\"primaryImageOfPage\":{\"@id\":\"https:\\\/\\\/fadein.es\\\/fr\\\/producto\\\/secaplus-quickn-dry-cloth-roll\\\/#primaryimage\"},\"image\":{\"@id\":\"https:\\\/\\\/fadein.es\\\/fr\\\/producto\\\/secaplus-quickn-dry-cloth-roll\\\/#primaryimage\"},\"thumbnailUrl\":\"https:\\\/\\\/fadein.es\\\/wp-content\\\/uploads\\\/2025\\\/04\\\/BAYETA-SECAPLUS-ROLLO-QUICKN-DRY.jpg\",\"datePublished\":\"2025-04-15T13:42:14+00:00\",\"dateModified\":\"2025-04-16T10:33:39+00:00\",\"description\":\"Le tissu Vileda Secapl\u00fas est un tissu \u00e9ponge fin qui offre un toucher agr\u00e9able et une flexibilit\u00e9 combin\u00e9s \u00e0 une grande capacit\u00e9 d'absorption.\",\"breadcrumb\":{\"@id\":\"https:\\\/\\\/fadein.es\\\/fr\\\/producto\\\/secaplus-quickn-dry-cloth-roll\\\/#breadcrumb\"},\"inLanguage\":\"fr-FR\",\"potentialAction\":[{\"@type\":\"ReadAction\",\"target\":[\"https:\\\/\\\/fadein.es\\\/fr\\\/producto\\\/secaplus-quickn-dry-cloth-roll\\\/\"]}]},{\"@type\":\"ImageObject\",\"inLanguage\":\"fr-FR\",\"@id\":\"https:\\\/\\\/fadein.es\\\/fr\\\/producto\\\/secaplus-quickn-dry-cloth-roll\\\/#primaryimage\",\"url\":\"https:\\\/\\\/fadein.es\\\/wp-content\\\/uploads\\\/2025\\\/04\\\/BAYETA-SECAPLUS-ROLLO-QUICKN-DRY.jpg\",\"contentUrl\":\"https:\\\/\\\/fadein.es\\\/wp-content\\\/uploads\\\/2025\\\/04\\\/BAYETA-SECAPLUS-ROLLO-QUICKN-DRY.jpg\",\"width\":800,\"height\":800,\"caption\":\"BAYETA SECAPLUS ROLLO QUICK`N DRY\"},{\"@type\":\"BreadcrumbList\",\"@id\":\"https:\\\/\\\/fadein.es\\\/fr\\\/producto\\\/secaplus-quickn-dry-cloth-roll\\\/#breadcrumb\",\"itemListElement\":[{\"@type\":\"ListItem\",\"position\":1,\"name\":\"Portada\",\"item\":\"https:\\\/\\\/fadein.es\\\/fr\\\/accueil\\\/\"},{\"@type\":\"ListItem\",\"position\":2,\"name\":\"Boutique\",\"item\":\"https:\\\/\\\/fadein.es\\\/fr\\\/boutique\\\/\"},{\"@type\":\"ListItem\",\"position\":3,\"name\":\"SECAPLUS QUICK`N DRY CLOTH ROLL\"}]},{\"@type\":\"WebSite\",\"@id\":\"https:\\\/\\\/fadein.es\\\/fr\\\/#website\",\"url\":\"https:\\\/\\\/fadein.es\\\/fr\\\/\",\"name\":\"Fadein\",\"description\":\"Detergentes de alto rendimiento\",\"publisher\":{\"@id\":\"https:\\\/\\\/fadein.es\\\/fr\\\/#organization\"},\"alternateName\":\"Detergentes de alto rendimiento\",\"potentialAction\":[{\"@type\":\"SearchAction\",\"target\":{\"@type\":\"EntryPoint\",\"urlTemplate\":\"https:\\\/\\\/fadein.es\\\/fr\\\/?s={search_term_string}\"},\"query-input\":{\"@type\":\"PropertyValueSpecification\",\"valueRequired\":true,\"valueName\":\"search_term_string\"}}],\"inLanguage\":\"fr-FR\"},{\"@type\":\"Organization\",\"@id\":\"https:\\\/\\\/fadein.es\\\/fr\\\/#organization\",\"name\":\"Fadein\",\"alternateName\":\"Detergentes de alto rendimiento\",\"url\":\"https:\\\/\\\/fadein.es\\\/fr\\\/\",\"logo\":{\"@type\":\"ImageObject\",\"inLanguage\":\"fr-FR\",\"@id\":\"https:\\\/\\\/fadein.es\\\/fr\\\/#\\\/schema\\\/logo\\\/image\\\/\",\"url\":\"https:\\\/\\\/fadein.es\\\/wp-content\\\/uploads\\\/2021\\\/05\\\/fadein-deterdentes-de-alto-rendimiento.png\",\"contentUrl\":\"https:\\\/\\\/fadein.es\\\/wp-content\\\/uploads\\\/2021\\\/05\\\/fadein-deterdentes-de-alto-rendimiento.png\",\"width\":512,\"height\":512,\"caption\":\"Fadein\"},\"image\":{\"@id\":\"https:\\\/\\\/fadein.es\\\/fr\\\/#\\\/schema\\\/logo\\\/image\\\/\"}}]}<\/script>\n<!-- \/ Yoast SEO Premium plugin. -->","yoast_head_json":{"title":"SECAPLUS QUICK`N DRY CLOTH ROLL","description":"Le tissu Vileda Secapl\u00fas est un tissu \u00e9ponge fin qui offre un toucher agr\u00e9able et une flexibilit\u00e9 combin\u00e9s \u00e0 une grande capacit\u00e9 d'absorption.","robots":{"index":"index","follow":"follow","max-snippet":"max-snippet:-1","max-image-preview":"max-image-preview:large","max-video-preview":"max-video-preview:-1"},"canonical":"https:\/\/fadein.es\/fr\/producto\/secaplus-quickn-dry-cloth-roll\/","og_locale":"fr_FR","og_type":"article","og_title":"SECAPLUS QUICK`N DRY CLOTH ROLL","og_description":"Le tissu Vileda Secapl\u00fas est un tissu \u00e9ponge fin qui offre un toucher agr\u00e9able et une flexibilit\u00e9 combin\u00e9s \u00e0 une grande capacit\u00e9 d'absorption.","og_url":"https:\/\/fadein.es\/fr\/producto\/secaplus-quickn-dry-cloth-roll\/","og_site_name":"Fadein","article_modified_time":"2025-04-16T10:33:39+00:00","og_image":[{"width":800,"height":800,"url":"https:\/\/fadein.es\/wp-content\/uploads\/2025\/04\/BAYETA-SECAPLUS-ROLLO-QUICKN-DRY.jpg","type":"image\/jpeg"}],"twitter_card":"summary_large_image","twitter_misc":{"Dur\u00e9e de lecture estim\u00e9e":"2 minutes"},"schema":{"@context":"https:\/\/schema.org","@graph":[{"@type":"WebPage","@id":"https:\/\/fadein.es\/fr\/producto\/secaplus-quickn-dry-cloth-roll\/","url":"https:\/\/fadein.es\/fr\/producto\/secaplus-quickn-dry-cloth-roll\/","name":"SECAPLUS QUICK`N DRY CLOTH ROLL","isPartOf":{"@id":"https:\/\/fadein.es\/fr\/#website"},"primaryImageOfPage":{"@id":"https:\/\/fadein.es\/fr\/producto\/secaplus-quickn-dry-cloth-roll\/#primaryimage"},"image":{"@id":"https:\/\/fadein.es\/fr\/producto\/secaplus-quickn-dry-cloth-roll\/#primaryimage"},"thumbnailUrl":"https:\/\/fadein.es\/wp-content\/uploads\/2025\/04\/BAYETA-SECAPLUS-ROLLO-QUICKN-DRY.jpg","datePublished":"2025-04-15T13:42:14+00:00","dateModified":"2025-04-16T10:33:39+00:00","description":"Le tissu Vileda Secapl\u00fas est un tissu \u00e9ponge fin qui offre un toucher agr\u00e9able et une flexibilit\u00e9 combin\u00e9s \u00e0 une grande capacit\u00e9 d'absorption.","breadcrumb":{"@id":"https:\/\/fadein.es\/fr\/producto\/secaplus-quickn-dry-cloth-roll\/#breadcrumb"},"inLanguage":"fr-FR","potentialAction":[{"@type":"ReadAction","target":["https:\/\/fadein.es\/fr\/producto\/secaplus-quickn-dry-cloth-roll\/"]}]},{"@type":"ImageObject","inLanguage":"fr-FR","@id":"https:\/\/fadein.es\/fr\/producto\/secaplus-quickn-dry-cloth-roll\/#primaryimage","url":"https:\/\/fadein.es\/wp-content\/uploads\/2025\/04\/BAYETA-SECAPLUS-ROLLO-QUICKN-DRY.jpg","contentUrl":"https:\/\/fadein.es\/wp-content\/uploads\/2025\/04\/BAYETA-SECAPLUS-ROLLO-QUICKN-DRY.jpg","width":800,"height":800,"caption":"BAYETA SECAPLUS ROLLO QUICK`N DRY"},{"@type":"BreadcrumbList","@id":"https:\/\/fadein.es\/fr\/producto\/secaplus-quickn-dry-cloth-roll\/#breadcrumb","itemListElement":[{"@type":"ListItem","position":1,"name":"Portada","item":"https:\/\/fadein.es\/fr\/accueil\/"},{"@type":"ListItem","position":2,"name":"Boutique","item":"https:\/\/fadein.es\/fr\/boutique\/"},{"@type":"ListItem","position":3,"name":"SECAPLUS QUICK`N DRY CLOTH ROLL"}]},{"@type":"WebSite","@id":"https:\/\/fadein.es\/fr\/#website","url":"https:\/\/fadein.es\/fr\/","name":"Fadein","description":"Detergentes de alto rendimiento","publisher":{"@id":"https:\/\/fadein.es\/fr\/#organization"},"alternateName":"Detergentes de alto rendimiento","potentialAction":[{"@type":"SearchAction","target":{"@type":"EntryPoint","urlTemplate":"https:\/\/fadein.es\/fr\/?s={search_term_string}"},"query-input":{"@type":"PropertyValueSpecification","valueRequired":true,"valueName":"search_term_string"}}],"inLanguage":"fr-FR"},{"@type":"Organization","@id":"https:\/\/fadein.es\/fr\/#organization","name":"Fadein","alternateName":"Detergentes de alto rendimiento","url":"https:\/\/fadein.es\/fr\/","logo":{"@type":"ImageObject","inLanguage":"fr-FR","@id":"https:\/\/fadein.es\/fr\/#\/schema\/logo\/image\/","url":"https:\/\/fadein.es\/wp-content\/uploads\/2021\/05\/fadein-deterdentes-de-alto-rendimiento.png","contentUrl":"https:\/\/fadein.es\/wp-content\/uploads\/2021\/05\/fadein-deterdentes-de-alto-rendimiento.png","width":512,"height":512,"caption":"Fadein"},"image":{"@id":"https:\/\/fadein.es\/fr\/#\/schema\/logo\/image\/"}}]}},"_links":{"self":[{"href":"https:\/\/fadein.es\/fr\/wp-json\/wp\/v2\/product\/9662","targetHints":{"allow":["GET"]}}],"collection":[{"href":"https:\/\/fadein.es\/fr\/wp-json\/wp\/v2\/product"}],"about":[{"href":"https:\/\/fadein.es\/fr\/wp-json\/wp\/v2\/types\/product"}],"replies":[{"embeddable":true,"href":"https:\/\/fadein.es\/fr\/wp-json\/wp\/v2\/comments?post=9662"}],"wp:featuredmedia":[{"embeddable":true,"href":"https:\/\/fadein.es\/fr\/wp-json\/wp\/v2\/media\/9419"}],"wp:attachment":[{"href":"https:\/\/fadein.es\/fr\/wp-json\/wp\/v2\/media?parent=9662"}],"wp:term":[{"taxonomy":"product_brand","embeddable":true,"href":"https:\/\/fadein.es\/fr\/wp-json\/wp\/v2\/product_brand?post=9662"},{"taxonomy":"product_cat","embeddable":true,"href":"https:\/\/fadein.es\/fr\/wp-json\/wp\/v2\/product_cat?post=9662"},{"taxonomy":"product_tag","embeddable":true,"href":"https:\/\/fadein.es\/fr\/wp-json\/wp\/v2\/product_tag?post=9662"}],"curies":[{"name":"wp","href":"https:\/\/api.w.org\/{rel}","templated":true}]}}