{"id":9656,"date":"2025-04-15T13:42:13","date_gmt":"2025-04-15T13:42:13","guid":{"rendered":"https:\/\/fadein.es\/?post_type=product&#038;p=9656"},"modified":"2025-04-16T09:39:14","modified_gmt":"2025-04-16T09:39:14","slug":"protege-ongles-en-fibre-verte-super96","status":"publish","type":"product","link":"https:\/\/fadein.es\/fr\/producto\/protege-ongles-en-fibre-verte-super96\/","title":{"rendered":"PROT\u00c8GE-ONGLES EN FIBRE VERTE SUPER96"},"content":{"rendered":"<p><strong>FIBRE VERTE POUR SAUVEGARDER <\/strong>LES ONGLES SUPER96 Fibre verte professionnelle pour sauver les ongles Super96 (paquet de 10 pi\u00e8ces) Taille : 7x14x4,5cm. Convient pour<strong>  Cuisines, industries alimentaires, salles de bains.<\/strong> <\/p>\n<p>Vous pouvez contacter le service commercial de <strong><strong>FADEIN<\/strong><\/strong> par t\u00e9l\u00e9phone<strong><strong> 91 873 87 02 <\/strong><\/strong>ou par e-mail<strong><strong> att.cliente@fadein.es <\/strong><\/strong>pour toute information compl\u00e9mentaire ou demande de devis de nos produits.  <\/p>\n","protected":false},"excerpt":{"rendered":"<p>Sali\u00e8re \u00e0 ongles en fibre verte Super96 (paquet de 10 pi\u00e8ces)<\/p>\n","protected":false},"featured_media":9404,"comment_status":"open","ping_status":"closed","template":"","meta":{"_et_pb_use_builder":"","_et_pb_old_content":"","_et_gb_content_width":""},"product_brand":[],"product_cat":[920,896],"product_tag":[959,962,965],"class_list":{"0":"post-9656","1":"product","2":"type-product","3":"status-publish","4":"has-post-thumbnail","6":"product_cat-tampons-a-recurer-lingettes-gaze-chiffons","7":"product_cat-ustensiles-de-nettoyage","8":"product_tag-cuisines","9":"product_tag-industries-alimentaires","10":"product_tag-toilettes","12":"first","13":"instock","14":"taxable","15":"shipping-taxable","16":"purchasable","17":"product-type-simple"},"yoast_head":"<!-- This site is optimized with the Yoast SEO Premium plugin v27.2 (Yoast SEO v27.5) - https:\/\/yoast.com\/product\/yoast-seo-premium-wordpress\/ -->\n<title>PROT\u00c8GE-ONGLES EN FIBRE VERTE SUPER96<\/title>\n<meta name=\"description\" content=\"Prot\u00e8ge-ongles professionnel en fibre verte Super96 (paquet de 10 pi\u00e8ces). Taille : 7x14x4,5cm. Convient pour le nettoyage des cuisines, des industries alimentaires et des salles de bains.\" \/>\n<meta name=\"robots\" content=\"index, follow, max-snippet:-1, max-image-preview:large, max-video-preview:-1\" \/>\n<link rel=\"canonical\" href=\"https:\/\/fadein.es\/fr\/producto\/protege-ongles-en-fibre-verte-super96\/\" \/>\n<meta property=\"og:locale\" content=\"fr_FR\" \/>\n<meta property=\"og:type\" content=\"article\" \/>\n<meta property=\"og:title\" content=\"PROT\u00c8GE-ONGLES EN FIBRE VERTE SUPER96\" \/>\n<meta property=\"og:description\" content=\"Prot\u00e8ge-ongles professionnel en fibre verte Super96 (paquet de 10 pi\u00e8ces). Taille : 7x14x4,5cm. Convient pour le nettoyage des cuisines, des industries alimentaires et des salles de bains.\" \/>\n<meta property=\"og:url\" content=\"https:\/\/fadein.es\/fr\/producto\/protege-ongles-en-fibre-verte-super96\/\" \/>\n<meta property=\"og:site_name\" content=\"Fadein\" \/>\n<meta property=\"article:modified_time\" content=\"2025-04-16T09:39:14+00:00\" \/>\n<meta property=\"og:image\" content=\"https:\/\/fadein.es\/wp-content\/uploads\/2025\/04\/SALVAUNAS-FIBRA-VERDE.jpg\" \/>\n\t<meta property=\"og:image:width\" content=\"800\" \/>\n\t<meta property=\"og:image:height\" content=\"800\" \/>\n\t<meta property=\"og:image:type\" content=\"image\/jpeg\" \/>\n<meta name=\"twitter:card\" content=\"summary_large_image\" \/>\n<script type=\"application\/ld+json\" class=\"yoast-schema-graph\">{\"@context\":\"https:\\\/\\\/schema.org\",\"@graph\":[{\"@type\":\"WebPage\",\"@id\":\"https:\\\/\\\/fadein.es\\\/fr\\\/producto\\\/protege-ongles-en-fibre-verte-super96\\\/\",\"url\":\"https:\\\/\\\/fadein.es\\\/fr\\\/producto\\\/protege-ongles-en-fibre-verte-super96\\\/\",\"name\":\"PROT\u00c8GE-ONGLES EN FIBRE VERTE SUPER96\",\"isPartOf\":{\"@id\":\"https:\\\/\\\/fadein.es\\\/fr\\\/#website\"},\"primaryImageOfPage\":{\"@id\":\"https:\\\/\\\/fadein.es\\\/fr\\\/producto\\\/protege-ongles-en-fibre-verte-super96\\\/#primaryimage\"},\"image\":{\"@id\":\"https:\\\/\\\/fadein.es\\\/fr\\\/producto\\\/protege-ongles-en-fibre-verte-super96\\\/#primaryimage\"},\"thumbnailUrl\":\"https:\\\/\\\/fadein.es\\\/wp-content\\\/uploads\\\/2025\\\/04\\\/SALVAUNAS-FIBRA-VERDE.jpg\",\"datePublished\":\"2025-04-15T13:42:13+00:00\",\"dateModified\":\"2025-04-16T09:39:14+00:00\",\"description\":\"Prot\u00e8ge-ongles professionnel en fibre verte Super96 (paquet de 10 pi\u00e8ces). Taille : 7x14x4,5cm. Convient pour le nettoyage des cuisines, des industries alimentaires et des salles de bains.\",\"breadcrumb\":{\"@id\":\"https:\\\/\\\/fadein.es\\\/fr\\\/producto\\\/protege-ongles-en-fibre-verte-super96\\\/#breadcrumb\"},\"inLanguage\":\"fr-FR\",\"potentialAction\":[{\"@type\":\"ReadAction\",\"target\":[\"https:\\\/\\\/fadein.es\\\/fr\\\/producto\\\/protege-ongles-en-fibre-verte-super96\\\/\"]}]},{\"@type\":\"ImageObject\",\"inLanguage\":\"fr-FR\",\"@id\":\"https:\\\/\\\/fadein.es\\\/fr\\\/producto\\\/protege-ongles-en-fibre-verte-super96\\\/#primaryimage\",\"url\":\"https:\\\/\\\/fadein.es\\\/wp-content\\\/uploads\\\/2025\\\/04\\\/SALVAUNAS-FIBRA-VERDE.jpg\",\"contentUrl\":\"https:\\\/\\\/fadein.es\\\/wp-content\\\/uploads\\\/2025\\\/04\\\/SALVAUNAS-FIBRA-VERDE.jpg\",\"width\":800,\"height\":800,\"caption\":\"SALVAU\u00d1AS FIBRA VERDE\"},{\"@type\":\"BreadcrumbList\",\"@id\":\"https:\\\/\\\/fadein.es\\\/fr\\\/producto\\\/protege-ongles-en-fibre-verte-super96\\\/#breadcrumb\",\"itemListElement\":[{\"@type\":\"ListItem\",\"position\":1,\"name\":\"Portada\",\"item\":\"https:\\\/\\\/fadein.es\\\/fr\\\/accueil\\\/\"},{\"@type\":\"ListItem\",\"position\":2,\"name\":\"Boutique\",\"item\":\"https:\\\/\\\/fadein.es\\\/fr\\\/boutique\\\/\"},{\"@type\":\"ListItem\",\"position\":3,\"name\":\"PROT\u00c8GE-ONGLES EN FIBRE VERTE SUPER96\"}]},{\"@type\":\"WebSite\",\"@id\":\"https:\\\/\\\/fadein.es\\\/fr\\\/#website\",\"url\":\"https:\\\/\\\/fadein.es\\\/fr\\\/\",\"name\":\"Fadein\",\"description\":\"Detergentes de alto rendimiento\",\"publisher\":{\"@id\":\"https:\\\/\\\/fadein.es\\\/fr\\\/#organization\"},\"alternateName\":\"Detergentes de alto rendimiento\",\"potentialAction\":[{\"@type\":\"SearchAction\",\"target\":{\"@type\":\"EntryPoint\",\"urlTemplate\":\"https:\\\/\\\/fadein.es\\\/fr\\\/?s={search_term_string}\"},\"query-input\":{\"@type\":\"PropertyValueSpecification\",\"valueRequired\":true,\"valueName\":\"search_term_string\"}}],\"inLanguage\":\"fr-FR\"},{\"@type\":\"Organization\",\"@id\":\"https:\\\/\\\/fadein.es\\\/fr\\\/#organization\",\"name\":\"Fadein\",\"alternateName\":\"Detergentes de alto rendimiento\",\"url\":\"https:\\\/\\\/fadein.es\\\/fr\\\/\",\"logo\":{\"@type\":\"ImageObject\",\"inLanguage\":\"fr-FR\",\"@id\":\"https:\\\/\\\/fadein.es\\\/fr\\\/#\\\/schema\\\/logo\\\/image\\\/\",\"url\":\"https:\\\/\\\/fadein.es\\\/wp-content\\\/uploads\\\/2021\\\/05\\\/fadein-deterdentes-de-alto-rendimiento.png\",\"contentUrl\":\"https:\\\/\\\/fadein.es\\\/wp-content\\\/uploads\\\/2021\\\/05\\\/fadein-deterdentes-de-alto-rendimiento.png\",\"width\":512,\"height\":512,\"caption\":\"Fadein\"},\"image\":{\"@id\":\"https:\\\/\\\/fadein.es\\\/fr\\\/#\\\/schema\\\/logo\\\/image\\\/\"}}]}<\/script>\n<!-- \/ Yoast SEO Premium plugin. -->","yoast_head_json":{"title":"PROT\u00c8GE-ONGLES EN FIBRE VERTE SUPER96","description":"Prot\u00e8ge-ongles professionnel en fibre verte Super96 (paquet de 10 pi\u00e8ces). Taille : 7x14x4,5cm. Convient pour le nettoyage des cuisines, des industries alimentaires et des salles de bains.","robots":{"index":"index","follow":"follow","max-snippet":"max-snippet:-1","max-image-preview":"max-image-preview:large","max-video-preview":"max-video-preview:-1"},"canonical":"https:\/\/fadein.es\/fr\/producto\/protege-ongles-en-fibre-verte-super96\/","og_locale":"fr_FR","og_type":"article","og_title":"PROT\u00c8GE-ONGLES EN FIBRE VERTE SUPER96","og_description":"Prot\u00e8ge-ongles professionnel en fibre verte Super96 (paquet de 10 pi\u00e8ces). Taille : 7x14x4,5cm. Convient pour le nettoyage des cuisines, des industries alimentaires et des salles de bains.","og_url":"https:\/\/fadein.es\/fr\/producto\/protege-ongles-en-fibre-verte-super96\/","og_site_name":"Fadein","article_modified_time":"2025-04-16T09:39:14+00:00","og_image":[{"width":800,"height":800,"url":"https:\/\/fadein.es\/wp-content\/uploads\/2025\/04\/SALVAUNAS-FIBRA-VERDE.jpg","type":"image\/jpeg"}],"twitter_card":"summary_large_image","schema":{"@context":"https:\/\/schema.org","@graph":[{"@type":"WebPage","@id":"https:\/\/fadein.es\/fr\/producto\/protege-ongles-en-fibre-verte-super96\/","url":"https:\/\/fadein.es\/fr\/producto\/protege-ongles-en-fibre-verte-super96\/","name":"PROT\u00c8GE-ONGLES EN FIBRE VERTE SUPER96","isPartOf":{"@id":"https:\/\/fadein.es\/fr\/#website"},"primaryImageOfPage":{"@id":"https:\/\/fadein.es\/fr\/producto\/protege-ongles-en-fibre-verte-super96\/#primaryimage"},"image":{"@id":"https:\/\/fadein.es\/fr\/producto\/protege-ongles-en-fibre-verte-super96\/#primaryimage"},"thumbnailUrl":"https:\/\/fadein.es\/wp-content\/uploads\/2025\/04\/SALVAUNAS-FIBRA-VERDE.jpg","datePublished":"2025-04-15T13:42:13+00:00","dateModified":"2025-04-16T09:39:14+00:00","description":"Prot\u00e8ge-ongles professionnel en fibre verte Super96 (paquet de 10 pi\u00e8ces). Taille : 7x14x4,5cm. Convient pour le nettoyage des cuisines, des industries alimentaires et des salles de bains.","breadcrumb":{"@id":"https:\/\/fadein.es\/fr\/producto\/protege-ongles-en-fibre-verte-super96\/#breadcrumb"},"inLanguage":"fr-FR","potentialAction":[{"@type":"ReadAction","target":["https:\/\/fadein.es\/fr\/producto\/protege-ongles-en-fibre-verte-super96\/"]}]},{"@type":"ImageObject","inLanguage":"fr-FR","@id":"https:\/\/fadein.es\/fr\/producto\/protege-ongles-en-fibre-verte-super96\/#primaryimage","url":"https:\/\/fadein.es\/wp-content\/uploads\/2025\/04\/SALVAUNAS-FIBRA-VERDE.jpg","contentUrl":"https:\/\/fadein.es\/wp-content\/uploads\/2025\/04\/SALVAUNAS-FIBRA-VERDE.jpg","width":800,"height":800,"caption":"SALVAU\u00d1AS FIBRA VERDE"},{"@type":"BreadcrumbList","@id":"https:\/\/fadein.es\/fr\/producto\/protege-ongles-en-fibre-verte-super96\/#breadcrumb","itemListElement":[{"@type":"ListItem","position":1,"name":"Portada","item":"https:\/\/fadein.es\/fr\/accueil\/"},{"@type":"ListItem","position":2,"name":"Boutique","item":"https:\/\/fadein.es\/fr\/boutique\/"},{"@type":"ListItem","position":3,"name":"PROT\u00c8GE-ONGLES EN FIBRE VERTE SUPER96"}]},{"@type":"WebSite","@id":"https:\/\/fadein.es\/fr\/#website","url":"https:\/\/fadein.es\/fr\/","name":"Fadein","description":"Detergentes de alto rendimiento","publisher":{"@id":"https:\/\/fadein.es\/fr\/#organization"},"alternateName":"Detergentes de alto rendimiento","potentialAction":[{"@type":"SearchAction","target":{"@type":"EntryPoint","urlTemplate":"https:\/\/fadein.es\/fr\/?s={search_term_string}"},"query-input":{"@type":"PropertyValueSpecification","valueRequired":true,"valueName":"search_term_string"}}],"inLanguage":"fr-FR"},{"@type":"Organization","@id":"https:\/\/fadein.es\/fr\/#organization","name":"Fadein","alternateName":"Detergentes de alto rendimiento","url":"https:\/\/fadein.es\/fr\/","logo":{"@type":"ImageObject","inLanguage":"fr-FR","@id":"https:\/\/fadein.es\/fr\/#\/schema\/logo\/image\/","url":"https:\/\/fadein.es\/wp-content\/uploads\/2021\/05\/fadein-deterdentes-de-alto-rendimiento.png","contentUrl":"https:\/\/fadein.es\/wp-content\/uploads\/2021\/05\/fadein-deterdentes-de-alto-rendimiento.png","width":512,"height":512,"caption":"Fadein"},"image":{"@id":"https:\/\/fadein.es\/fr\/#\/schema\/logo\/image\/"}}]}},"_links":{"self":[{"href":"https:\/\/fadein.es\/fr\/wp-json\/wp\/v2\/product\/9656","targetHints":{"allow":["GET"]}}],"collection":[{"href":"https:\/\/fadein.es\/fr\/wp-json\/wp\/v2\/product"}],"about":[{"href":"https:\/\/fadein.es\/fr\/wp-json\/wp\/v2\/types\/product"}],"replies":[{"embeddable":true,"href":"https:\/\/fadein.es\/fr\/wp-json\/wp\/v2\/comments?post=9656"}],"wp:featuredmedia":[{"embeddable":true,"href":"https:\/\/fadein.es\/fr\/wp-json\/wp\/v2\/media\/9404"}],"wp:attachment":[{"href":"https:\/\/fadein.es\/fr\/wp-json\/wp\/v2\/media?parent=9656"}],"wp:term":[{"taxonomy":"product_brand","embeddable":true,"href":"https:\/\/fadein.es\/fr\/wp-json\/wp\/v2\/product_brand?post=9656"},{"taxonomy":"product_cat","embeddable":true,"href":"https:\/\/fadein.es\/fr\/wp-json\/wp\/v2\/product_cat?post=9656"},{"taxonomy":"product_tag","embeddable":true,"href":"https:\/\/fadein.es\/fr\/wp-json\/wp\/v2\/product_tag?post=9656"}],"curies":[{"name":"wp","href":"https:\/\/api.w.org\/{rel}","templated":true}]}}