{"id":9650,"date":"2025-04-15T13:42:12","date_gmt":"2025-04-15T13:42:12","guid":{"rendered":"https:\/\/fadein.es\/?post_type=product&#038;p=9650"},"modified":"2025-04-16T09:02:14","modified_gmt":"2025-04-16T09:02:14","slug":"balai-universel-trois-bicolore","status":"publish","type":"product","link":"https:\/\/fadein.es\/fr\/producto\/balai-universel-trois-bicolore\/","title":{"rendered":"BALAI UNIVERSEL TROIS BICOLORE"},"content":{"rendered":"<p><strong>BALAI UNIVERSEL TROIS BI <\/strong>COLOR Balai <strong>universel <\/strong>trois bicolores. Sans manche. Convient pour  <strong>  Nettoyage des sols.<\/strong> <\/p>\n<p>Balai en fibre interm\u00e9diaire synth\u00e9tique qui retient efficacement la salet\u00e9 sans ab\u00eemer le sol gr\u00e2ce \u00e0 sa fibre \u00e0 finition plumeuse qui permet de balayer m\u00eame les poussi\u00e8res les plus fines.<\/p>\n<p>-Support : poly\u00e9thyl\u00e8ne. Pour poign\u00e9e \u00d8 22 mm. <\/p>\n<p>-Fibre : PVC \u00d8 0,45\/0,50 mm pliss\u00e9.<\/p>\n<p>-Cosido : Fil galvanis\u00e9.<\/p>\n<p>Vous pouvez contacter le service commercial de <strong><strong>FADEIN<\/strong><\/strong> par t\u00e9l\u00e9phone<strong><strong> 91 873 87 02 <\/strong><\/strong>ou par e-mail<strong><strong> att.cliente@fadein.es <\/strong><\/strong>pour toute information compl\u00e9mentaire ou demande de devis de nos produits.  <\/p>\n","protected":false},"excerpt":{"rendered":"<p>Balai universel trois couleurs. Sans manche <\/p>\n","protected":false},"featured_media":9397,"comment_status":"open","ping_status":"closed","template":"","meta":{"_et_pb_use_builder":"","_et_pb_old_content":"","_et_gb_content_width":""},"product_brand":[],"product_cat":[896,923],"product_tag":[519],"class_list":{"0":"post-9650","1":"product","2":"type-product","3":"status-publish","4":"has-post-thumbnail","6":"product_cat-ustensiles-de-nettoyage","7":"product_cat-vadrouilles-balais-pelles-lazers","8":"product_tag-nettoyage-des-sols","10":"first","11":"instock","12":"taxable","13":"shipping-taxable","14":"purchasable","15":"product-type-simple"},"yoast_head":"<!-- This site is optimized with the Yoast SEO Premium plugin v27.2 (Yoast SEO v27.4) - https:\/\/yoast.com\/product\/yoast-seo-premium-wordpress\/ -->\n<title>BALAI UNIVERSEL TROIS BICOLORE<\/title>\n<meta name=\"description\" content=\"Balai universel trois couleurs. Sans manche. Balai en fibre synth\u00e9tique interm\u00e9diaire qui retient efficacement la salet\u00e9 sans ab\u00eemer le sol.\" \/>\n<meta name=\"robots\" content=\"index, follow, max-snippet:-1, max-image-preview:large, max-video-preview:-1\" \/>\n<link rel=\"canonical\" href=\"https:\/\/fadein.es\/fr\/producto\/balai-universel-trois-bicolore\/\" \/>\n<meta property=\"og:locale\" content=\"fr_FR\" \/>\n<meta property=\"og:type\" content=\"article\" \/>\n<meta property=\"og:title\" content=\"BALAI UNIVERSEL TROIS BICOLORE\" \/>\n<meta property=\"og:description\" content=\"Balai universel trois couleurs. Sans manche. Balai en fibre synth\u00e9tique interm\u00e9diaire qui retient efficacement la salet\u00e9 sans ab\u00eemer le sol.\" \/>\n<meta property=\"og:url\" content=\"https:\/\/fadein.es\/fr\/producto\/balai-universel-trois-bicolore\/\" \/>\n<meta property=\"og:site_name\" content=\"Fadein\" \/>\n<meta property=\"article:modified_time\" content=\"2025-04-16T09:02:14+00:00\" \/>\n<meta property=\"og:image\" content=\"https:\/\/fadein.es\/wp-content\/uploads\/2025\/04\/ESCOBA-UNIVERSAL-TRES-BICOLOR.jpg\" \/>\n\t<meta property=\"og:image:width\" content=\"800\" \/>\n\t<meta property=\"og:image:height\" content=\"800\" \/>\n\t<meta property=\"og:image:type\" content=\"image\/jpeg\" \/>\n<meta name=\"twitter:card\" content=\"summary_large_image\" \/>\n<script type=\"application\/ld+json\" class=\"yoast-schema-graph\">{\"@context\":\"https:\\\/\\\/schema.org\",\"@graph\":[{\"@type\":\"WebPage\",\"@id\":\"https:\\\/\\\/fadein.es\\\/fr\\\/producto\\\/balai-universel-trois-bicolore\\\/\",\"url\":\"https:\\\/\\\/fadein.es\\\/fr\\\/producto\\\/balai-universel-trois-bicolore\\\/\",\"name\":\"BALAI UNIVERSEL TROIS BICOLORE\",\"isPartOf\":{\"@id\":\"https:\\\/\\\/fadein.es\\\/fr\\\/#website\"},\"primaryImageOfPage\":{\"@id\":\"https:\\\/\\\/fadein.es\\\/fr\\\/producto\\\/balai-universel-trois-bicolore\\\/#primaryimage\"},\"image\":{\"@id\":\"https:\\\/\\\/fadein.es\\\/fr\\\/producto\\\/balai-universel-trois-bicolore\\\/#primaryimage\"},\"thumbnailUrl\":\"https:\\\/\\\/fadein.es\\\/wp-content\\\/uploads\\\/2025\\\/04\\\/ESCOBA-UNIVERSAL-TRES-BICOLOR.jpg\",\"datePublished\":\"2025-04-15T13:42:12+00:00\",\"dateModified\":\"2025-04-16T09:02:14+00:00\",\"description\":\"Balai universel trois couleurs. Sans manche. Balai en fibre synth\u00e9tique interm\u00e9diaire qui retient efficacement la salet\u00e9 sans ab\u00eemer le sol.\",\"breadcrumb\":{\"@id\":\"https:\\\/\\\/fadein.es\\\/fr\\\/producto\\\/balai-universel-trois-bicolore\\\/#breadcrumb\"},\"inLanguage\":\"fr-FR\",\"potentialAction\":[{\"@type\":\"ReadAction\",\"target\":[\"https:\\\/\\\/fadein.es\\\/fr\\\/producto\\\/balai-universel-trois-bicolore\\\/\"]}]},{\"@type\":\"ImageObject\",\"inLanguage\":\"fr-FR\",\"@id\":\"https:\\\/\\\/fadein.es\\\/fr\\\/producto\\\/balai-universel-trois-bicolore\\\/#primaryimage\",\"url\":\"https:\\\/\\\/fadein.es\\\/wp-content\\\/uploads\\\/2025\\\/04\\\/ESCOBA-UNIVERSAL-TRES-BICOLOR.jpg\",\"contentUrl\":\"https:\\\/\\\/fadein.es\\\/wp-content\\\/uploads\\\/2025\\\/04\\\/ESCOBA-UNIVERSAL-TRES-BICOLOR.jpg\",\"width\":800,\"height\":800,\"caption\":\"ESCOBA UNIVERSAL TRES BICOLOR\"},{\"@type\":\"BreadcrumbList\",\"@id\":\"https:\\\/\\\/fadein.es\\\/fr\\\/producto\\\/balai-universel-trois-bicolore\\\/#breadcrumb\",\"itemListElement\":[{\"@type\":\"ListItem\",\"position\":1,\"name\":\"Portada\",\"item\":\"https:\\\/\\\/fadein.es\\\/fr\\\/accueil\\\/\"},{\"@type\":\"ListItem\",\"position\":2,\"name\":\"Boutique\",\"item\":\"https:\\\/\\\/fadein.es\\\/fr\\\/boutique\\\/\"},{\"@type\":\"ListItem\",\"position\":3,\"name\":\"BALAI UNIVERSEL TROIS BICOLORE\"}]},{\"@type\":\"WebSite\",\"@id\":\"https:\\\/\\\/fadein.es\\\/fr\\\/#website\",\"url\":\"https:\\\/\\\/fadein.es\\\/fr\\\/\",\"name\":\"Fadein\",\"description\":\"Detergentes de alto rendimiento\",\"publisher\":{\"@id\":\"https:\\\/\\\/fadein.es\\\/fr\\\/#organization\"},\"alternateName\":\"Detergentes de alto rendimiento\",\"potentialAction\":[{\"@type\":\"SearchAction\",\"target\":{\"@type\":\"EntryPoint\",\"urlTemplate\":\"https:\\\/\\\/fadein.es\\\/fr\\\/?s={search_term_string}\"},\"query-input\":{\"@type\":\"PropertyValueSpecification\",\"valueRequired\":true,\"valueName\":\"search_term_string\"}}],\"inLanguage\":\"fr-FR\"},{\"@type\":\"Organization\",\"@id\":\"https:\\\/\\\/fadein.es\\\/fr\\\/#organization\",\"name\":\"Fadein\",\"alternateName\":\"Detergentes de alto rendimiento\",\"url\":\"https:\\\/\\\/fadein.es\\\/fr\\\/\",\"logo\":{\"@type\":\"ImageObject\",\"inLanguage\":\"fr-FR\",\"@id\":\"https:\\\/\\\/fadein.es\\\/fr\\\/#\\\/schema\\\/logo\\\/image\\\/\",\"url\":\"https:\\\/\\\/fadein.es\\\/wp-content\\\/uploads\\\/2021\\\/05\\\/fadein-deterdentes-de-alto-rendimiento.png\",\"contentUrl\":\"https:\\\/\\\/fadein.es\\\/wp-content\\\/uploads\\\/2021\\\/05\\\/fadein-deterdentes-de-alto-rendimiento.png\",\"width\":512,\"height\":512,\"caption\":\"Fadein\"},\"image\":{\"@id\":\"https:\\\/\\\/fadein.es\\\/fr\\\/#\\\/schema\\\/logo\\\/image\\\/\"}}]}<\/script>\n<!-- \/ Yoast SEO Premium plugin. -->","yoast_head_json":{"title":"BALAI UNIVERSEL TROIS BICOLORE","description":"Balai universel trois couleurs. Sans manche. Balai en fibre synth\u00e9tique interm\u00e9diaire qui retient efficacement la salet\u00e9 sans ab\u00eemer le sol.","robots":{"index":"index","follow":"follow","max-snippet":"max-snippet:-1","max-image-preview":"max-image-preview:large","max-video-preview":"max-video-preview:-1"},"canonical":"https:\/\/fadein.es\/fr\/producto\/balai-universel-trois-bicolore\/","og_locale":"fr_FR","og_type":"article","og_title":"BALAI UNIVERSEL TROIS BICOLORE","og_description":"Balai universel trois couleurs. Sans manche. Balai en fibre synth\u00e9tique interm\u00e9diaire qui retient efficacement la salet\u00e9 sans ab\u00eemer le sol.","og_url":"https:\/\/fadein.es\/fr\/producto\/balai-universel-trois-bicolore\/","og_site_name":"Fadein","article_modified_time":"2025-04-16T09:02:14+00:00","og_image":[{"width":800,"height":800,"url":"https:\/\/fadein.es\/wp-content\/uploads\/2025\/04\/ESCOBA-UNIVERSAL-TRES-BICOLOR.jpg","type":"image\/jpeg"}],"twitter_card":"summary_large_image","schema":{"@context":"https:\/\/schema.org","@graph":[{"@type":"WebPage","@id":"https:\/\/fadein.es\/fr\/producto\/balai-universel-trois-bicolore\/","url":"https:\/\/fadein.es\/fr\/producto\/balai-universel-trois-bicolore\/","name":"BALAI UNIVERSEL TROIS BICOLORE","isPartOf":{"@id":"https:\/\/fadein.es\/fr\/#website"},"primaryImageOfPage":{"@id":"https:\/\/fadein.es\/fr\/producto\/balai-universel-trois-bicolore\/#primaryimage"},"image":{"@id":"https:\/\/fadein.es\/fr\/producto\/balai-universel-trois-bicolore\/#primaryimage"},"thumbnailUrl":"https:\/\/fadein.es\/wp-content\/uploads\/2025\/04\/ESCOBA-UNIVERSAL-TRES-BICOLOR.jpg","datePublished":"2025-04-15T13:42:12+00:00","dateModified":"2025-04-16T09:02:14+00:00","description":"Balai universel trois couleurs. Sans manche. Balai en fibre synth\u00e9tique interm\u00e9diaire qui retient efficacement la salet\u00e9 sans ab\u00eemer le sol.","breadcrumb":{"@id":"https:\/\/fadein.es\/fr\/producto\/balai-universel-trois-bicolore\/#breadcrumb"},"inLanguage":"fr-FR","potentialAction":[{"@type":"ReadAction","target":["https:\/\/fadein.es\/fr\/producto\/balai-universel-trois-bicolore\/"]}]},{"@type":"ImageObject","inLanguage":"fr-FR","@id":"https:\/\/fadein.es\/fr\/producto\/balai-universel-trois-bicolore\/#primaryimage","url":"https:\/\/fadein.es\/wp-content\/uploads\/2025\/04\/ESCOBA-UNIVERSAL-TRES-BICOLOR.jpg","contentUrl":"https:\/\/fadein.es\/wp-content\/uploads\/2025\/04\/ESCOBA-UNIVERSAL-TRES-BICOLOR.jpg","width":800,"height":800,"caption":"ESCOBA UNIVERSAL TRES BICOLOR"},{"@type":"BreadcrumbList","@id":"https:\/\/fadein.es\/fr\/producto\/balai-universel-trois-bicolore\/#breadcrumb","itemListElement":[{"@type":"ListItem","position":1,"name":"Portada","item":"https:\/\/fadein.es\/fr\/accueil\/"},{"@type":"ListItem","position":2,"name":"Boutique","item":"https:\/\/fadein.es\/fr\/boutique\/"},{"@type":"ListItem","position":3,"name":"BALAI UNIVERSEL TROIS BICOLORE"}]},{"@type":"WebSite","@id":"https:\/\/fadein.es\/fr\/#website","url":"https:\/\/fadein.es\/fr\/","name":"Fadein","description":"Detergentes de alto rendimiento","publisher":{"@id":"https:\/\/fadein.es\/fr\/#organization"},"alternateName":"Detergentes de alto rendimiento","potentialAction":[{"@type":"SearchAction","target":{"@type":"EntryPoint","urlTemplate":"https:\/\/fadein.es\/fr\/?s={search_term_string}"},"query-input":{"@type":"PropertyValueSpecification","valueRequired":true,"valueName":"search_term_string"}}],"inLanguage":"fr-FR"},{"@type":"Organization","@id":"https:\/\/fadein.es\/fr\/#organization","name":"Fadein","alternateName":"Detergentes de alto rendimiento","url":"https:\/\/fadein.es\/fr\/","logo":{"@type":"ImageObject","inLanguage":"fr-FR","@id":"https:\/\/fadein.es\/fr\/#\/schema\/logo\/image\/","url":"https:\/\/fadein.es\/wp-content\/uploads\/2021\/05\/fadein-deterdentes-de-alto-rendimiento.png","contentUrl":"https:\/\/fadein.es\/wp-content\/uploads\/2021\/05\/fadein-deterdentes-de-alto-rendimiento.png","width":512,"height":512,"caption":"Fadein"},"image":{"@id":"https:\/\/fadein.es\/fr\/#\/schema\/logo\/image\/"}}]}},"_links":{"self":[{"href":"https:\/\/fadein.es\/fr\/wp-json\/wp\/v2\/product\/9650","targetHints":{"allow":["GET"]}}],"collection":[{"href":"https:\/\/fadein.es\/fr\/wp-json\/wp\/v2\/product"}],"about":[{"href":"https:\/\/fadein.es\/fr\/wp-json\/wp\/v2\/types\/product"}],"replies":[{"embeddable":true,"href":"https:\/\/fadein.es\/fr\/wp-json\/wp\/v2\/comments?post=9650"}],"wp:featuredmedia":[{"embeddable":true,"href":"https:\/\/fadein.es\/fr\/wp-json\/wp\/v2\/media\/9397"}],"wp:attachment":[{"href":"https:\/\/fadein.es\/fr\/wp-json\/wp\/v2\/media?parent=9650"}],"wp:term":[{"taxonomy":"product_brand","embeddable":true,"href":"https:\/\/fadein.es\/fr\/wp-json\/wp\/v2\/product_brand?post=9650"},{"taxonomy":"product_cat","embeddable":true,"href":"https:\/\/fadein.es\/fr\/wp-json\/wp\/v2\/product_cat?post=9650"},{"taxonomy":"product_tag","embeddable":true,"href":"https:\/\/fadein.es\/fr\/wp-json\/wp\/v2\/product_tag?post=9650"}],"curies":[{"name":"wp","href":"https:\/\/api.w.org\/{rel}","templated":true}]}}