{"id":9646,"date":"2025-04-15T13:42:12","date_gmt":"2025-04-15T13:42:12","guid":{"rendered":"https:\/\/fadein.es\/?post_type=product&#038;p=9646"},"modified":"2025-04-16T08:34:57","modified_gmt":"2025-04-16T08:34:57","slug":"rouleau-de-tampons-a-recurer-en-fibres-vertes-resistantes","status":"publish","type":"product","link":"https:\/\/fadein.es\/fr\/producto\/rouleau-de-tampons-a-recurer-en-fibres-vertes-resistantes\/","title":{"rendered":"ROULEAU DE TAMPONS \u00c0 R\u00c9CURER EN FIBRES VERTES R\u00c9SISTANTES"},"content":{"rendered":"<p><strong>FIBRE VERTE STRONG SC <\/strong>RAP Rouleau de fibre abrasive verte professionnelle, forte et r\u00e9sistante de haute qualit\u00e9 6 x 0,135m (Bo\u00eete de 6 rouleaux). Convient pour<strong>  Cuisines, industries alimentaires, salles de bains.<\/strong> <\/p>\n<p>Vous pouvez contacter le service commercial de <strong><strong>FADEIN<\/strong><\/strong> par t\u00e9l\u00e9phone<strong><strong> 91 873 87 02 <\/strong><\/strong>ou par e-mail<strong><strong> att.cliente@fadein.es <\/strong><\/strong>pour toute information compl\u00e9mentaire ou demande de devis de nos produits.  <\/p>\n","protected":false},"excerpt":{"rendered":"<p>Rouleau de fibres abrasives vertes professionnelles, solides et durables<\/p>\n","protected":false},"featured_media":9401,"comment_status":"open","ping_status":"closed","template":"","meta":{"_et_pb_use_builder":"","_et_pb_old_content":"","_et_gb_content_width":""},"product_brand":[],"product_cat":[920,896],"product_tag":[959,962,965],"class_list":{"0":"post-9646","1":"product","2":"type-product","3":"status-publish","4":"has-post-thumbnail","6":"product_cat-tampons-a-recurer-lingettes-gaze-chiffons","7":"product_cat-ustensiles-de-nettoyage","8":"product_tag-cuisines","9":"product_tag-industries-alimentaires","10":"product_tag-toilettes","12":"first","13":"instock","14":"taxable","15":"shipping-taxable","16":"purchasable","17":"product-type-simple"},"yoast_head":"<!-- This site is optimized with the Yoast SEO Premium plugin v27.2 (Yoast SEO v27.5) - https:\/\/yoast.com\/product\/yoast-seo-premium-wordpress\/ -->\n<title>ROULEAU DE TAMPONS \u00c0 R\u00c9CURER EN FIBRES VERTES R\u00c9SISTANTES<\/title>\n<meta name=\"description\" content=\"Rouleau de fibre abrasive verte professionnelle, solide et r\u00e9sistante de haute qualit\u00e9 6 x 0,135m (Bo\u00eete de 6 rouleaux). Convient pour les cuisines, les industries alimentaires, etc.\" \/>\n<meta name=\"robots\" content=\"index, follow, max-snippet:-1, max-image-preview:large, max-video-preview:-1\" \/>\n<link rel=\"canonical\" href=\"https:\/\/fadein.es\/fr\/producto\/rouleau-de-tampons-a-recurer-en-fibres-vertes-resistantes\/\" \/>\n<meta property=\"og:locale\" content=\"fr_FR\" \/>\n<meta property=\"og:type\" content=\"article\" \/>\n<meta property=\"og:title\" content=\"ROULEAU DE TAMPONS \u00c0 R\u00c9CURER EN FIBRES VERTES R\u00c9SISTANTES\" \/>\n<meta property=\"og:description\" content=\"Rouleau de fibre abrasive verte professionnelle, solide et r\u00e9sistante de haute qualit\u00e9 6 x 0,135m (Bo\u00eete de 6 rouleaux). Convient pour les cuisines, les industries alimentaires, etc.\" \/>\n<meta property=\"og:url\" content=\"https:\/\/fadein.es\/fr\/producto\/rouleau-de-tampons-a-recurer-en-fibres-vertes-resistantes\/\" \/>\n<meta property=\"og:site_name\" content=\"Fadein\" \/>\n<meta property=\"article:modified_time\" content=\"2025-04-16T08:34:57+00:00\" \/>\n<meta property=\"og:image\" content=\"https:\/\/fadein.es\/wp-content\/uploads\/2025\/04\/ROLLO-ESTROPAJO-FIBRA-VERDE.jpg\" \/>\n\t<meta property=\"og:image:width\" content=\"800\" \/>\n\t<meta property=\"og:image:height\" content=\"800\" \/>\n\t<meta property=\"og:image:type\" content=\"image\/jpeg\" \/>\n<meta name=\"twitter:card\" content=\"summary_large_image\" \/>\n<script type=\"application\/ld+json\" class=\"yoast-schema-graph\">{\"@context\":\"https:\\\/\\\/schema.org\",\"@graph\":[{\"@type\":\"WebPage\",\"@id\":\"https:\\\/\\\/fadein.es\\\/fr\\\/producto\\\/rouleau-de-tampons-a-recurer-en-fibres-vertes-resistantes\\\/\",\"url\":\"https:\\\/\\\/fadein.es\\\/fr\\\/producto\\\/rouleau-de-tampons-a-recurer-en-fibres-vertes-resistantes\\\/\",\"name\":\"ROULEAU DE TAMPONS \u00c0 R\u00c9CURER EN FIBRES VERTES R\u00c9SISTANTES\",\"isPartOf\":{\"@id\":\"https:\\\/\\\/fadein.es\\\/fr\\\/#website\"},\"primaryImageOfPage\":{\"@id\":\"https:\\\/\\\/fadein.es\\\/fr\\\/producto\\\/rouleau-de-tampons-a-recurer-en-fibres-vertes-resistantes\\\/#primaryimage\"},\"image\":{\"@id\":\"https:\\\/\\\/fadein.es\\\/fr\\\/producto\\\/rouleau-de-tampons-a-recurer-en-fibres-vertes-resistantes\\\/#primaryimage\"},\"thumbnailUrl\":\"https:\\\/\\\/fadein.es\\\/wp-content\\\/uploads\\\/2025\\\/04\\\/ROLLO-ESTROPAJO-FIBRA-VERDE.jpg\",\"datePublished\":\"2025-04-15T13:42:12+00:00\",\"dateModified\":\"2025-04-16T08:34:57+00:00\",\"description\":\"Rouleau de fibre abrasive verte professionnelle, solide et r\u00e9sistante de haute qualit\u00e9 6 x 0,135m (Bo\u00eete de 6 rouleaux). Convient pour les cuisines, les industries alimentaires, etc.\",\"breadcrumb\":{\"@id\":\"https:\\\/\\\/fadein.es\\\/fr\\\/producto\\\/rouleau-de-tampons-a-recurer-en-fibres-vertes-resistantes\\\/#breadcrumb\"},\"inLanguage\":\"fr-FR\",\"potentialAction\":[{\"@type\":\"ReadAction\",\"target\":[\"https:\\\/\\\/fadein.es\\\/fr\\\/producto\\\/rouleau-de-tampons-a-recurer-en-fibres-vertes-resistantes\\\/\"]}]},{\"@type\":\"ImageObject\",\"inLanguage\":\"fr-FR\",\"@id\":\"https:\\\/\\\/fadein.es\\\/fr\\\/producto\\\/rouleau-de-tampons-a-recurer-en-fibres-vertes-resistantes\\\/#primaryimage\",\"url\":\"https:\\\/\\\/fadein.es\\\/wp-content\\\/uploads\\\/2025\\\/04\\\/ROLLO-ESTROPAJO-FIBRA-VERDE.jpg\",\"contentUrl\":\"https:\\\/\\\/fadein.es\\\/wp-content\\\/uploads\\\/2025\\\/04\\\/ROLLO-ESTROPAJO-FIBRA-VERDE.jpg\",\"width\":800,\"height\":800,\"caption\":\"ROLLO ESTROPAJO FIBRA VERDE\"},{\"@type\":\"BreadcrumbList\",\"@id\":\"https:\\\/\\\/fadein.es\\\/fr\\\/producto\\\/rouleau-de-tampons-a-recurer-en-fibres-vertes-resistantes\\\/#breadcrumb\",\"itemListElement\":[{\"@type\":\"ListItem\",\"position\":1,\"name\":\"Portada\",\"item\":\"https:\\\/\\\/fadein.es\\\/fr\\\/accueil\\\/\"},{\"@type\":\"ListItem\",\"position\":2,\"name\":\"Boutique\",\"item\":\"https:\\\/\\\/fadein.es\\\/fr\\\/boutique\\\/\"},{\"@type\":\"ListItem\",\"position\":3,\"name\":\"ROULEAU DE TAMPONS \u00c0 R\u00c9CURER EN FIBRES VERTES R\u00c9SISTANTES\"}]},{\"@type\":\"WebSite\",\"@id\":\"https:\\\/\\\/fadein.es\\\/fr\\\/#website\",\"url\":\"https:\\\/\\\/fadein.es\\\/fr\\\/\",\"name\":\"Fadein\",\"description\":\"Detergentes de alto rendimiento\",\"publisher\":{\"@id\":\"https:\\\/\\\/fadein.es\\\/fr\\\/#organization\"},\"alternateName\":\"Detergentes de alto rendimiento\",\"potentialAction\":[{\"@type\":\"SearchAction\",\"target\":{\"@type\":\"EntryPoint\",\"urlTemplate\":\"https:\\\/\\\/fadein.es\\\/fr\\\/?s={search_term_string}\"},\"query-input\":{\"@type\":\"PropertyValueSpecification\",\"valueRequired\":true,\"valueName\":\"search_term_string\"}}],\"inLanguage\":\"fr-FR\"},{\"@type\":\"Organization\",\"@id\":\"https:\\\/\\\/fadein.es\\\/fr\\\/#organization\",\"name\":\"Fadein\",\"alternateName\":\"Detergentes de alto rendimiento\",\"url\":\"https:\\\/\\\/fadein.es\\\/fr\\\/\",\"logo\":{\"@type\":\"ImageObject\",\"inLanguage\":\"fr-FR\",\"@id\":\"https:\\\/\\\/fadein.es\\\/fr\\\/#\\\/schema\\\/logo\\\/image\\\/\",\"url\":\"https:\\\/\\\/fadein.es\\\/wp-content\\\/uploads\\\/2021\\\/05\\\/fadein-deterdentes-de-alto-rendimiento.png\",\"contentUrl\":\"https:\\\/\\\/fadein.es\\\/wp-content\\\/uploads\\\/2021\\\/05\\\/fadein-deterdentes-de-alto-rendimiento.png\",\"width\":512,\"height\":512,\"caption\":\"Fadein\"},\"image\":{\"@id\":\"https:\\\/\\\/fadein.es\\\/fr\\\/#\\\/schema\\\/logo\\\/image\\\/\"}}]}<\/script>\n<!-- \/ Yoast SEO Premium plugin. -->","yoast_head_json":{"title":"ROULEAU DE TAMPONS \u00c0 R\u00c9CURER EN FIBRES VERTES R\u00c9SISTANTES","description":"Rouleau de fibre abrasive verte professionnelle, solide et r\u00e9sistante de haute qualit\u00e9 6 x 0,135m (Bo\u00eete de 6 rouleaux). Convient pour les cuisines, les industries alimentaires, etc.","robots":{"index":"index","follow":"follow","max-snippet":"max-snippet:-1","max-image-preview":"max-image-preview:large","max-video-preview":"max-video-preview:-1"},"canonical":"https:\/\/fadein.es\/fr\/producto\/rouleau-de-tampons-a-recurer-en-fibres-vertes-resistantes\/","og_locale":"fr_FR","og_type":"article","og_title":"ROULEAU DE TAMPONS \u00c0 R\u00c9CURER EN FIBRES VERTES R\u00c9SISTANTES","og_description":"Rouleau de fibre abrasive verte professionnelle, solide et r\u00e9sistante de haute qualit\u00e9 6 x 0,135m (Bo\u00eete de 6 rouleaux). Convient pour les cuisines, les industries alimentaires, etc.","og_url":"https:\/\/fadein.es\/fr\/producto\/rouleau-de-tampons-a-recurer-en-fibres-vertes-resistantes\/","og_site_name":"Fadein","article_modified_time":"2025-04-16T08:34:57+00:00","og_image":[{"width":800,"height":800,"url":"https:\/\/fadein.es\/wp-content\/uploads\/2025\/04\/ROLLO-ESTROPAJO-FIBRA-VERDE.jpg","type":"image\/jpeg"}],"twitter_card":"summary_large_image","schema":{"@context":"https:\/\/schema.org","@graph":[{"@type":"WebPage","@id":"https:\/\/fadein.es\/fr\/producto\/rouleau-de-tampons-a-recurer-en-fibres-vertes-resistantes\/","url":"https:\/\/fadein.es\/fr\/producto\/rouleau-de-tampons-a-recurer-en-fibres-vertes-resistantes\/","name":"ROULEAU DE TAMPONS \u00c0 R\u00c9CURER EN FIBRES VERTES R\u00c9SISTANTES","isPartOf":{"@id":"https:\/\/fadein.es\/fr\/#website"},"primaryImageOfPage":{"@id":"https:\/\/fadein.es\/fr\/producto\/rouleau-de-tampons-a-recurer-en-fibres-vertes-resistantes\/#primaryimage"},"image":{"@id":"https:\/\/fadein.es\/fr\/producto\/rouleau-de-tampons-a-recurer-en-fibres-vertes-resistantes\/#primaryimage"},"thumbnailUrl":"https:\/\/fadein.es\/wp-content\/uploads\/2025\/04\/ROLLO-ESTROPAJO-FIBRA-VERDE.jpg","datePublished":"2025-04-15T13:42:12+00:00","dateModified":"2025-04-16T08:34:57+00:00","description":"Rouleau de fibre abrasive verte professionnelle, solide et r\u00e9sistante de haute qualit\u00e9 6 x 0,135m (Bo\u00eete de 6 rouleaux). Convient pour les cuisines, les industries alimentaires, etc.","breadcrumb":{"@id":"https:\/\/fadein.es\/fr\/producto\/rouleau-de-tampons-a-recurer-en-fibres-vertes-resistantes\/#breadcrumb"},"inLanguage":"fr-FR","potentialAction":[{"@type":"ReadAction","target":["https:\/\/fadein.es\/fr\/producto\/rouleau-de-tampons-a-recurer-en-fibres-vertes-resistantes\/"]}]},{"@type":"ImageObject","inLanguage":"fr-FR","@id":"https:\/\/fadein.es\/fr\/producto\/rouleau-de-tampons-a-recurer-en-fibres-vertes-resistantes\/#primaryimage","url":"https:\/\/fadein.es\/wp-content\/uploads\/2025\/04\/ROLLO-ESTROPAJO-FIBRA-VERDE.jpg","contentUrl":"https:\/\/fadein.es\/wp-content\/uploads\/2025\/04\/ROLLO-ESTROPAJO-FIBRA-VERDE.jpg","width":800,"height":800,"caption":"ROLLO ESTROPAJO FIBRA VERDE"},{"@type":"BreadcrumbList","@id":"https:\/\/fadein.es\/fr\/producto\/rouleau-de-tampons-a-recurer-en-fibres-vertes-resistantes\/#breadcrumb","itemListElement":[{"@type":"ListItem","position":1,"name":"Portada","item":"https:\/\/fadein.es\/fr\/accueil\/"},{"@type":"ListItem","position":2,"name":"Boutique","item":"https:\/\/fadein.es\/fr\/boutique\/"},{"@type":"ListItem","position":3,"name":"ROULEAU DE TAMPONS \u00c0 R\u00c9CURER EN FIBRES VERTES R\u00c9SISTANTES"}]},{"@type":"WebSite","@id":"https:\/\/fadein.es\/fr\/#website","url":"https:\/\/fadein.es\/fr\/","name":"Fadein","description":"Detergentes de alto rendimiento","publisher":{"@id":"https:\/\/fadein.es\/fr\/#organization"},"alternateName":"Detergentes de alto rendimiento","potentialAction":[{"@type":"SearchAction","target":{"@type":"EntryPoint","urlTemplate":"https:\/\/fadein.es\/fr\/?s={search_term_string}"},"query-input":{"@type":"PropertyValueSpecification","valueRequired":true,"valueName":"search_term_string"}}],"inLanguage":"fr-FR"},{"@type":"Organization","@id":"https:\/\/fadein.es\/fr\/#organization","name":"Fadein","alternateName":"Detergentes de alto rendimiento","url":"https:\/\/fadein.es\/fr\/","logo":{"@type":"ImageObject","inLanguage":"fr-FR","@id":"https:\/\/fadein.es\/fr\/#\/schema\/logo\/image\/","url":"https:\/\/fadein.es\/wp-content\/uploads\/2021\/05\/fadein-deterdentes-de-alto-rendimiento.png","contentUrl":"https:\/\/fadein.es\/wp-content\/uploads\/2021\/05\/fadein-deterdentes-de-alto-rendimiento.png","width":512,"height":512,"caption":"Fadein"},"image":{"@id":"https:\/\/fadein.es\/fr\/#\/schema\/logo\/image\/"}}]}},"_links":{"self":[{"href":"https:\/\/fadein.es\/fr\/wp-json\/wp\/v2\/product\/9646","targetHints":{"allow":["GET"]}}],"collection":[{"href":"https:\/\/fadein.es\/fr\/wp-json\/wp\/v2\/product"}],"about":[{"href":"https:\/\/fadein.es\/fr\/wp-json\/wp\/v2\/types\/product"}],"replies":[{"embeddable":true,"href":"https:\/\/fadein.es\/fr\/wp-json\/wp\/v2\/comments?post=9646"}],"wp:featuredmedia":[{"embeddable":true,"href":"https:\/\/fadein.es\/fr\/wp-json\/wp\/v2\/media\/9401"}],"wp:attachment":[{"href":"https:\/\/fadein.es\/fr\/wp-json\/wp\/v2\/media?parent=9646"}],"wp:term":[{"taxonomy":"product_brand","embeddable":true,"href":"https:\/\/fadein.es\/fr\/wp-json\/wp\/v2\/product_brand?post=9646"},{"taxonomy":"product_cat","embeddable":true,"href":"https:\/\/fadein.es\/fr\/wp-json\/wp\/v2\/product_cat?post=9646"},{"taxonomy":"product_tag","embeddable":true,"href":"https:\/\/fadein.es\/fr\/wp-json\/wp\/v2\/product_tag?post=9646"}],"curies":[{"name":"wp","href":"https:\/\/api.w.org\/{rel}","templated":true}]}}