{"id":9637,"date":"2025-04-15T13:42:11","date_gmt":"2025-04-15T13:42:11","guid":{"rendered":"https:\/\/fadein.es\/?post_type=product&#038;p=9637"},"modified":"2025-04-16T07:40:46","modified_gmt":"2025-04-16T07:40:46","slug":"pompe-de-transfert-ind-45-q-metal","status":"publish","type":"product","link":"https:\/\/fadein.es\/fr\/producto\/pompe-de-transfert-ind-45-q-metal\/","title":{"rendered":"POMPE DE TRANSFERT IND.45\/Q (M\u00c9TAL)"},"content":{"rendered":"<p><strong>TRANSVASE IND.45\/Q (METAL)<\/strong> Pompe \u00e0 levier avec joints Viton, f\u00fbt 60-205L. Convient pour les<strong> f\u00fbts de 200L.<\/strong>  <\/p>\n<p>Pompe \u00e0 levier pour le transfert de liquides de refroidissement, d&rsquo;alcools, de d\u00e9graissants, de solvants et d&rsquo;huiles \u00e0 partir de f\u00fbts de 60 ou 205 litres. Corps de pompe et tuyau d&rsquo;aspiration t\u00e9lescopique en acier zingu\u00e9, t\u00eate en aluminium, piston en acier avec bagues en bronze et joints en Viton. Raccordement au f\u00fbt 2&Prime; BSP (M). D\u00e9bit 0,45 l par cycle (16 l\/min).   <\/p>\n<p>Vous pouvez contacter le service commercial de <strong><strong>FADEIN<\/strong><\/strong> par t\u00e9l\u00e9phone<strong><strong> 91 873 87 02 <\/strong><\/strong>ou par e-mail<strong><strong> att.cliente@fadein.es <\/strong><\/strong>pour toute information compl\u00e9mentaire ou demande de devis de nos produits.  <\/p>\n","protected":false},"excerpt":{"rendered":"<p>Pompe \u00e0 levier avec joints en viton, bidon 60-205 L<\/p>\n","protected":false},"featured_media":9632,"comment_status":"open","ping_status":"closed","template":"","meta":{"_et_pb_use_builder":"","_et_pb_old_content":"","_et_gb_content_width":""},"product_brand":[],"product_cat":[977,896],"product_tag":[989],"class_list":{"0":"post-9637","1":"product","2":"type-product","3":"status-publish","4":"has-post-thumbnail","6":"product_cat-dispenseurs","7":"product_cat-ustensiles-de-nettoyage","8":"product_tag-futs-200l","10":"first","11":"instock","12":"taxable","13":"shipping-taxable","14":"purchasable","15":"product-type-simple"},"yoast_head":"<!-- This site is optimized with the Yoast SEO Premium plugin v27.2 (Yoast SEO v27.5) - https:\/\/yoast.com\/product\/yoast-seo-premium-wordpress\/ -->\n<title>POMPE DE TRANSFERT IND.45\/Q (M\u00c9TAL)<\/title>\n<meta name=\"description\" content=\"Pompe \u00e0 levier avec joints Viton, f\u00fbt de 60-205L. Pour le transfert de liquides de refroidissement, d&#039;alcools, de d\u00e9graissants, de solvants et d&#039;huiles.\" \/>\n<meta name=\"robots\" content=\"index, follow, max-snippet:-1, max-image-preview:large, max-video-preview:-1\" \/>\n<link rel=\"canonical\" href=\"https:\/\/fadein.es\/fr\/producto\/pompe-de-transfert-ind-45-q-metal\/\" \/>\n<meta property=\"og:locale\" content=\"fr_FR\" \/>\n<meta property=\"og:type\" content=\"article\" \/>\n<meta property=\"og:title\" content=\"POMPE DE TRANSFERT IND.45\/Q (M\u00c9TAL)\" \/>\n<meta property=\"og:description\" content=\"Pompe \u00e0 levier avec joints Viton, f\u00fbt de 60-205L. Pour le transfert de liquides de refroidissement, d&#039;alcools, de d\u00e9graissants, de solvants et d&#039;huiles.\" \/>\n<meta property=\"og:url\" content=\"https:\/\/fadein.es\/fr\/producto\/pompe-de-transfert-ind-45-q-metal\/\" \/>\n<meta property=\"og:site_name\" content=\"Fadein\" \/>\n<meta property=\"article:modified_time\" content=\"2025-04-16T07:40:46+00:00\" \/>\n<meta property=\"og:image\" content=\"https:\/\/fadein.es\/wp-content\/uploads\/2025\/04\/BOMBA-DE-TRANSVASE-IND-45-Q.jpg\" \/>\n\t<meta property=\"og:image:width\" content=\"800\" \/>\n\t<meta property=\"og:image:height\" content=\"800\" \/>\n\t<meta property=\"og:image:type\" content=\"image\/jpeg\" \/>\n<meta name=\"twitter:card\" content=\"summary_large_image\" \/>\n<meta name=\"twitter:label1\" content=\"Dur\u00e9e de lecture estim\u00e9e\" \/>\n\t<meta name=\"twitter:data1\" content=\"1 minute\" \/>\n<script type=\"application\/ld+json\" class=\"yoast-schema-graph\">{\"@context\":\"https:\\\/\\\/schema.org\",\"@graph\":[{\"@type\":\"WebPage\",\"@id\":\"https:\\\/\\\/fadein.es\\\/fr\\\/producto\\\/pompe-de-transfert-ind-45-q-metal\\\/\",\"url\":\"https:\\\/\\\/fadein.es\\\/fr\\\/producto\\\/pompe-de-transfert-ind-45-q-metal\\\/\",\"name\":\"POMPE DE TRANSFERT IND.45\\\/Q (M\u00c9TAL)\",\"isPartOf\":{\"@id\":\"https:\\\/\\\/fadein.es\\\/fr\\\/#website\"},\"primaryImageOfPage\":{\"@id\":\"https:\\\/\\\/fadein.es\\\/fr\\\/producto\\\/pompe-de-transfert-ind-45-q-metal\\\/#primaryimage\"},\"image\":{\"@id\":\"https:\\\/\\\/fadein.es\\\/fr\\\/producto\\\/pompe-de-transfert-ind-45-q-metal\\\/#primaryimage\"},\"thumbnailUrl\":\"https:\\\/\\\/fadein.es\\\/wp-content\\\/uploads\\\/2025\\\/04\\\/BOMBA-DE-TRANSVASE-IND-45-Q.jpg\",\"datePublished\":\"2025-04-15T13:42:11+00:00\",\"dateModified\":\"2025-04-16T07:40:46+00:00\",\"description\":\"Pompe \u00e0 levier avec joints Viton, f\u00fbt de 60-205L. Pour le transfert de liquides de refroidissement, d'alcools, de d\u00e9graissants, de solvants et d'huiles.\",\"breadcrumb\":{\"@id\":\"https:\\\/\\\/fadein.es\\\/fr\\\/producto\\\/pompe-de-transfert-ind-45-q-metal\\\/#breadcrumb\"},\"inLanguage\":\"fr-FR\",\"potentialAction\":[{\"@type\":\"ReadAction\",\"target\":[\"https:\\\/\\\/fadein.es\\\/fr\\\/producto\\\/pompe-de-transfert-ind-45-q-metal\\\/\"]}]},{\"@type\":\"ImageObject\",\"inLanguage\":\"fr-FR\",\"@id\":\"https:\\\/\\\/fadein.es\\\/fr\\\/producto\\\/pompe-de-transfert-ind-45-q-metal\\\/#primaryimage\",\"url\":\"https:\\\/\\\/fadein.es\\\/wp-content\\\/uploads\\\/2025\\\/04\\\/BOMBA-DE-TRANSVASE-IND-45-Q.jpg\",\"contentUrl\":\"https:\\\/\\\/fadein.es\\\/wp-content\\\/uploads\\\/2025\\\/04\\\/BOMBA-DE-TRANSVASE-IND-45-Q.jpg\",\"width\":800,\"height\":800,\"caption\":\"BOMBA DE TRANSVASE IND 45 Q\"},{\"@type\":\"BreadcrumbList\",\"@id\":\"https:\\\/\\\/fadein.es\\\/fr\\\/producto\\\/pompe-de-transfert-ind-45-q-metal\\\/#breadcrumb\",\"itemListElement\":[{\"@type\":\"ListItem\",\"position\":1,\"name\":\"Portada\",\"item\":\"https:\\\/\\\/fadein.es\\\/fr\\\/accueil\\\/\"},{\"@type\":\"ListItem\",\"position\":2,\"name\":\"Boutique\",\"item\":\"https:\\\/\\\/fadein.es\\\/fr\\\/boutique\\\/\"},{\"@type\":\"ListItem\",\"position\":3,\"name\":\"POMPE DE TRANSFERT IND.45\\\/Q (M\u00c9TAL)\"}]},{\"@type\":\"WebSite\",\"@id\":\"https:\\\/\\\/fadein.es\\\/fr\\\/#website\",\"url\":\"https:\\\/\\\/fadein.es\\\/fr\\\/\",\"name\":\"Fadein\",\"description\":\"Detergentes de alto rendimiento\",\"publisher\":{\"@id\":\"https:\\\/\\\/fadein.es\\\/fr\\\/#organization\"},\"alternateName\":\"Detergentes de alto rendimiento\",\"potentialAction\":[{\"@type\":\"SearchAction\",\"target\":{\"@type\":\"EntryPoint\",\"urlTemplate\":\"https:\\\/\\\/fadein.es\\\/fr\\\/?s={search_term_string}\"},\"query-input\":{\"@type\":\"PropertyValueSpecification\",\"valueRequired\":true,\"valueName\":\"search_term_string\"}}],\"inLanguage\":\"fr-FR\"},{\"@type\":\"Organization\",\"@id\":\"https:\\\/\\\/fadein.es\\\/fr\\\/#organization\",\"name\":\"Fadein\",\"alternateName\":\"Detergentes de alto rendimiento\",\"url\":\"https:\\\/\\\/fadein.es\\\/fr\\\/\",\"logo\":{\"@type\":\"ImageObject\",\"inLanguage\":\"fr-FR\",\"@id\":\"https:\\\/\\\/fadein.es\\\/fr\\\/#\\\/schema\\\/logo\\\/image\\\/\",\"url\":\"https:\\\/\\\/fadein.es\\\/wp-content\\\/uploads\\\/2021\\\/05\\\/fadein-deterdentes-de-alto-rendimiento.png\",\"contentUrl\":\"https:\\\/\\\/fadein.es\\\/wp-content\\\/uploads\\\/2021\\\/05\\\/fadein-deterdentes-de-alto-rendimiento.png\",\"width\":512,\"height\":512,\"caption\":\"Fadein\"},\"image\":{\"@id\":\"https:\\\/\\\/fadein.es\\\/fr\\\/#\\\/schema\\\/logo\\\/image\\\/\"}}]}<\/script>\n<!-- \/ Yoast SEO Premium plugin. -->","yoast_head_json":{"title":"POMPE DE TRANSFERT IND.45\/Q (M\u00c9TAL)","description":"Pompe \u00e0 levier avec joints Viton, f\u00fbt de 60-205L. Pour le transfert de liquides de refroidissement, d'alcools, de d\u00e9graissants, de solvants et d'huiles.","robots":{"index":"index","follow":"follow","max-snippet":"max-snippet:-1","max-image-preview":"max-image-preview:large","max-video-preview":"max-video-preview:-1"},"canonical":"https:\/\/fadein.es\/fr\/producto\/pompe-de-transfert-ind-45-q-metal\/","og_locale":"fr_FR","og_type":"article","og_title":"POMPE DE TRANSFERT IND.45\/Q (M\u00c9TAL)","og_description":"Pompe \u00e0 levier avec joints Viton, f\u00fbt de 60-205L. Pour le transfert de liquides de refroidissement, d'alcools, de d\u00e9graissants, de solvants et d'huiles.","og_url":"https:\/\/fadein.es\/fr\/producto\/pompe-de-transfert-ind-45-q-metal\/","og_site_name":"Fadein","article_modified_time":"2025-04-16T07:40:46+00:00","og_image":[{"width":800,"height":800,"url":"https:\/\/fadein.es\/wp-content\/uploads\/2025\/04\/BOMBA-DE-TRANSVASE-IND-45-Q.jpg","type":"image\/jpeg"}],"twitter_card":"summary_large_image","twitter_misc":{"Dur\u00e9e de lecture estim\u00e9e":"1 minute"},"schema":{"@context":"https:\/\/schema.org","@graph":[{"@type":"WebPage","@id":"https:\/\/fadein.es\/fr\/producto\/pompe-de-transfert-ind-45-q-metal\/","url":"https:\/\/fadein.es\/fr\/producto\/pompe-de-transfert-ind-45-q-metal\/","name":"POMPE DE TRANSFERT IND.45\/Q (M\u00c9TAL)","isPartOf":{"@id":"https:\/\/fadein.es\/fr\/#website"},"primaryImageOfPage":{"@id":"https:\/\/fadein.es\/fr\/producto\/pompe-de-transfert-ind-45-q-metal\/#primaryimage"},"image":{"@id":"https:\/\/fadein.es\/fr\/producto\/pompe-de-transfert-ind-45-q-metal\/#primaryimage"},"thumbnailUrl":"https:\/\/fadein.es\/wp-content\/uploads\/2025\/04\/BOMBA-DE-TRANSVASE-IND-45-Q.jpg","datePublished":"2025-04-15T13:42:11+00:00","dateModified":"2025-04-16T07:40:46+00:00","description":"Pompe \u00e0 levier avec joints Viton, f\u00fbt de 60-205L. Pour le transfert de liquides de refroidissement, d'alcools, de d\u00e9graissants, de solvants et d'huiles.","breadcrumb":{"@id":"https:\/\/fadein.es\/fr\/producto\/pompe-de-transfert-ind-45-q-metal\/#breadcrumb"},"inLanguage":"fr-FR","potentialAction":[{"@type":"ReadAction","target":["https:\/\/fadein.es\/fr\/producto\/pompe-de-transfert-ind-45-q-metal\/"]}]},{"@type":"ImageObject","inLanguage":"fr-FR","@id":"https:\/\/fadein.es\/fr\/producto\/pompe-de-transfert-ind-45-q-metal\/#primaryimage","url":"https:\/\/fadein.es\/wp-content\/uploads\/2025\/04\/BOMBA-DE-TRANSVASE-IND-45-Q.jpg","contentUrl":"https:\/\/fadein.es\/wp-content\/uploads\/2025\/04\/BOMBA-DE-TRANSVASE-IND-45-Q.jpg","width":800,"height":800,"caption":"BOMBA DE TRANSVASE IND 45 Q"},{"@type":"BreadcrumbList","@id":"https:\/\/fadein.es\/fr\/producto\/pompe-de-transfert-ind-45-q-metal\/#breadcrumb","itemListElement":[{"@type":"ListItem","position":1,"name":"Portada","item":"https:\/\/fadein.es\/fr\/accueil\/"},{"@type":"ListItem","position":2,"name":"Boutique","item":"https:\/\/fadein.es\/fr\/boutique\/"},{"@type":"ListItem","position":3,"name":"POMPE DE TRANSFERT IND.45\/Q (M\u00c9TAL)"}]},{"@type":"WebSite","@id":"https:\/\/fadein.es\/fr\/#website","url":"https:\/\/fadein.es\/fr\/","name":"Fadein","description":"Detergentes de alto rendimiento","publisher":{"@id":"https:\/\/fadein.es\/fr\/#organization"},"alternateName":"Detergentes de alto rendimiento","potentialAction":[{"@type":"SearchAction","target":{"@type":"EntryPoint","urlTemplate":"https:\/\/fadein.es\/fr\/?s={search_term_string}"},"query-input":{"@type":"PropertyValueSpecification","valueRequired":true,"valueName":"search_term_string"}}],"inLanguage":"fr-FR"},{"@type":"Organization","@id":"https:\/\/fadein.es\/fr\/#organization","name":"Fadein","alternateName":"Detergentes de alto rendimiento","url":"https:\/\/fadein.es\/fr\/","logo":{"@type":"ImageObject","inLanguage":"fr-FR","@id":"https:\/\/fadein.es\/fr\/#\/schema\/logo\/image\/","url":"https:\/\/fadein.es\/wp-content\/uploads\/2021\/05\/fadein-deterdentes-de-alto-rendimiento.png","contentUrl":"https:\/\/fadein.es\/wp-content\/uploads\/2021\/05\/fadein-deterdentes-de-alto-rendimiento.png","width":512,"height":512,"caption":"Fadein"},"image":{"@id":"https:\/\/fadein.es\/fr\/#\/schema\/logo\/image\/"}}]}},"_links":{"self":[{"href":"https:\/\/fadein.es\/fr\/wp-json\/wp\/v2\/product\/9637","targetHints":{"allow":["GET"]}}],"collection":[{"href":"https:\/\/fadein.es\/fr\/wp-json\/wp\/v2\/product"}],"about":[{"href":"https:\/\/fadein.es\/fr\/wp-json\/wp\/v2\/types\/product"}],"replies":[{"embeddable":true,"href":"https:\/\/fadein.es\/fr\/wp-json\/wp\/v2\/comments?post=9637"}],"wp:featuredmedia":[{"embeddable":true,"href":"https:\/\/fadein.es\/fr\/wp-json\/wp\/v2\/media\/9632"}],"wp:attachment":[{"href":"https:\/\/fadein.es\/fr\/wp-json\/wp\/v2\/media?parent=9637"}],"wp:term":[{"taxonomy":"product_brand","embeddable":true,"href":"https:\/\/fadein.es\/fr\/wp-json\/wp\/v2\/product_brand?post=9637"},{"taxonomy":"product_cat","embeddable":true,"href":"https:\/\/fadein.es\/fr\/wp-json\/wp\/v2\/product_cat?post=9637"},{"taxonomy":"product_tag","embeddable":true,"href":"https:\/\/fadein.es\/fr\/wp-json\/wp\/v2\/product_tag?post=9637"}],"curies":[{"name":"wp","href":"https:\/\/api.w.org\/{rel}","templated":true}]}}