{"id":9331,"date":"2025-04-01T15:58:16","date_gmt":"2025-04-01T15:58:16","guid":{"rendered":"https:\/\/fadein.es\/producto\/serveur-com-40x40-2-c-p-blanc-cj-24pqx100ud\/"},"modified":"2025-04-01T15:58:16","modified_gmt":"2025-04-01T15:58:16","slug":"serveur-com-40x40-2-c-p-blanc-cj-24pqx100ud","status":"publish","type":"product","link":"https:\/\/fadein.es\/fr\/producto\/serveur-com-40x40-2-c-p-blanc-cj-24pqx100ud\/","title":{"rendered":"SERVEUR COM 40&#215;40 2\/C P. BLANC (CJ.24PQx100UD)"},"content":{"rendered":"<p>\u00ab\u00a0<strong>COM 40&#215;40 2\/C P. WHITE (CJ.24PQx100UD)<\/strong> Serviette de table 40X40 en p\u00e2te blanche. 24pq X 100pcs, 40x40cm, 2 feuilles. Convient aux<strong> restaurants, caf\u00e9t\u00e9rias et cantines.<\/strong> <\/p>\n<p>Vous pouvez contacter le service commercial de <strong><strong>FADEIN<\/strong><\/strong> par t\u00e9l\u00e9phone<strong><strong> 91 873 87 02 <\/strong><\/strong>ou par e-mail<strong><strong> att.cliente@fadein.es <\/strong><\/strong>pour toute information compl\u00e9mentaire ou demande de devis de nos produits.  <\/p>\n<p>\u00ab\u00a0<\/p>\n","protected":false},"excerpt":{"rendered":"<p>Serviette de table 40X40 Bordure blanche en p\u00e2te 2 couches<\/p>\n","protected":false},"featured_media":9264,"comment_status":"open","ping_status":"closed","template":"","meta":{"_et_pb_use_builder":"","_et_pb_old_content":"","_et_gb_content_width":""},"product_brand":[],"product_cat":[911,896],"product_tag":[971,974,968],"class_list":{"0":"post-9331","1":"product","2":"type-product","3":"status-publish","4":"has-post-thumbnail","6":"product_cat-serviettes","7":"product_cat-ustensiles-de-nettoyage","8":"product_tag-cafes","9":"product_tag-cantines","10":"product_tag-restaurants-fr","12":"first","13":"instock","14":"taxable","15":"shipping-taxable","16":"purchasable","17":"product-type-simple"},"yoast_head":"<!-- This site is optimized with the Yoast SEO Premium plugin v27.2 (Yoast SEO v27.5) - https:\/\/yoast.com\/product\/yoast-seo-premium-wordpress\/ -->\n<title>SERVEUR COM 40x40 2\/C P. BLANC (CJ.24PQx100UD)<\/title>\n<meta name=\"description\" content=\"Serviette de table 40x40 Paste White Border 2 ply. 24pq x 100pcs, 40x40cm, 2 feuilles. Convient aux restaurants, caf\u00e9t\u00e9rias et cantines.\" \/>\n<meta name=\"robots\" content=\"index, follow, max-snippet:-1, max-image-preview:large, max-video-preview:-1\" \/>\n<link rel=\"canonical\" href=\"https:\/\/fadein.es\/fr\/producto\/serveur-com-40x40-2-c-p-blanc-cj-24pqx100ud\/\" \/>\n<meta property=\"og:locale\" content=\"fr_FR\" \/>\n<meta property=\"og:type\" content=\"article\" \/>\n<meta property=\"og:title\" content=\"SERVEUR COM 40x40 2\/C P. BLANC (CJ.24PQx100UD)\" \/>\n<meta property=\"og:description\" content=\"Serviette de table 40x40 Paste White Border 2 ply. 24pq x 100pcs, 40x40cm, 2 feuilles. Convient aux restaurants, caf\u00e9t\u00e9rias et cantines.\" \/>\n<meta property=\"og:url\" content=\"https:\/\/fadein.es\/fr\/producto\/serveur-com-40x40-2-c-p-blanc-cj-24pqx100ud\/\" \/>\n<meta property=\"og:site_name\" content=\"Fadein\" \/>\n<meta property=\"og:image\" content=\"https:\/\/fadein.es\/wp-content\/uploads\/2025\/04\/SERVILLETAS-DE-COMEDOR-40x40-1.jpg\" \/>\n\t<meta property=\"og:image:width\" content=\"800\" \/>\n\t<meta property=\"og:image:height\" content=\"800\" \/>\n\t<meta property=\"og:image:type\" content=\"image\/jpeg\" \/>\n<meta name=\"twitter:card\" content=\"summary_large_image\" \/>\n<script type=\"application\/ld+json\" class=\"yoast-schema-graph\">{\"@context\":\"https:\\\/\\\/schema.org\",\"@graph\":[{\"@type\":\"WebPage\",\"@id\":\"https:\\\/\\\/fadein.es\\\/fr\\\/producto\\\/serveur-com-40x40-2-c-p-blanc-cj-24pqx100ud\\\/\",\"url\":\"https:\\\/\\\/fadein.es\\\/fr\\\/producto\\\/serveur-com-40x40-2-c-p-blanc-cj-24pqx100ud\\\/\",\"name\":\"SERVEUR COM 40x40 2\\\/C P. BLANC (CJ.24PQx100UD)\",\"isPartOf\":{\"@id\":\"https:\\\/\\\/fadein.es\\\/fr\\\/#website\"},\"primaryImageOfPage\":{\"@id\":\"https:\\\/\\\/fadein.es\\\/fr\\\/producto\\\/serveur-com-40x40-2-c-p-blanc-cj-24pqx100ud\\\/#primaryimage\"},\"image\":{\"@id\":\"https:\\\/\\\/fadein.es\\\/fr\\\/producto\\\/serveur-com-40x40-2-c-p-blanc-cj-24pqx100ud\\\/#primaryimage\"},\"thumbnailUrl\":\"https:\\\/\\\/fadein.es\\\/wp-content\\\/uploads\\\/2025\\\/04\\\/SERVILLETAS-DE-COMEDOR-40x40-1.jpg\",\"datePublished\":\"2025-04-01T15:58:16+00:00\",\"description\":\"Serviette de table 40x40 Paste White Border 2 ply. 24pq x 100pcs, 40x40cm, 2 feuilles. Convient aux restaurants, caf\u00e9t\u00e9rias et cantines.\",\"breadcrumb\":{\"@id\":\"https:\\\/\\\/fadein.es\\\/fr\\\/producto\\\/serveur-com-40x40-2-c-p-blanc-cj-24pqx100ud\\\/#breadcrumb\"},\"inLanguage\":\"fr-FR\",\"potentialAction\":[{\"@type\":\"ReadAction\",\"target\":[\"https:\\\/\\\/fadein.es\\\/fr\\\/producto\\\/serveur-com-40x40-2-c-p-blanc-cj-24pqx100ud\\\/\"]}]},{\"@type\":\"ImageObject\",\"inLanguage\":\"fr-FR\",\"@id\":\"https:\\\/\\\/fadein.es\\\/fr\\\/producto\\\/serveur-com-40x40-2-c-p-blanc-cj-24pqx100ud\\\/#primaryimage\",\"url\":\"https:\\\/\\\/fadein.es\\\/wp-content\\\/uploads\\\/2025\\\/04\\\/SERVILLETAS-DE-COMEDOR-40x40-1.jpg\",\"contentUrl\":\"https:\\\/\\\/fadein.es\\\/wp-content\\\/uploads\\\/2025\\\/04\\\/SERVILLETAS-DE-COMEDOR-40x40-1.jpg\",\"width\":800,\"height\":800,\"caption\":\"SERVILLETAS DE COMEDOR 40x40\"},{\"@type\":\"BreadcrumbList\",\"@id\":\"https:\\\/\\\/fadein.es\\\/fr\\\/producto\\\/serveur-com-40x40-2-c-p-blanc-cj-24pqx100ud\\\/#breadcrumb\",\"itemListElement\":[{\"@type\":\"ListItem\",\"position\":1,\"name\":\"Portada\",\"item\":\"https:\\\/\\\/fadein.es\\\/fr\\\/accueil\\\/\"},{\"@type\":\"ListItem\",\"position\":2,\"name\":\"Boutique\",\"item\":\"https:\\\/\\\/fadein.es\\\/fr\\\/boutique\\\/\"},{\"@type\":\"ListItem\",\"position\":3,\"name\":\"SERVEUR COM 40&#215;40 2\\\/C P. BLANC (CJ.24PQx100UD)\"}]},{\"@type\":\"WebSite\",\"@id\":\"https:\\\/\\\/fadein.es\\\/fr\\\/#website\",\"url\":\"https:\\\/\\\/fadein.es\\\/fr\\\/\",\"name\":\"Fadein\",\"description\":\"Detergentes de alto rendimiento\",\"publisher\":{\"@id\":\"https:\\\/\\\/fadein.es\\\/fr\\\/#organization\"},\"alternateName\":\"Detergentes de alto rendimiento\",\"potentialAction\":[{\"@type\":\"SearchAction\",\"target\":{\"@type\":\"EntryPoint\",\"urlTemplate\":\"https:\\\/\\\/fadein.es\\\/fr\\\/?s={search_term_string}\"},\"query-input\":{\"@type\":\"PropertyValueSpecification\",\"valueRequired\":true,\"valueName\":\"search_term_string\"}}],\"inLanguage\":\"fr-FR\"},{\"@type\":\"Organization\",\"@id\":\"https:\\\/\\\/fadein.es\\\/fr\\\/#organization\",\"name\":\"Fadein\",\"alternateName\":\"Detergentes de alto rendimiento\",\"url\":\"https:\\\/\\\/fadein.es\\\/fr\\\/\",\"logo\":{\"@type\":\"ImageObject\",\"inLanguage\":\"fr-FR\",\"@id\":\"https:\\\/\\\/fadein.es\\\/fr\\\/#\\\/schema\\\/logo\\\/image\\\/\",\"url\":\"https:\\\/\\\/fadein.es\\\/wp-content\\\/uploads\\\/2021\\\/05\\\/fadein-deterdentes-de-alto-rendimiento.png\",\"contentUrl\":\"https:\\\/\\\/fadein.es\\\/wp-content\\\/uploads\\\/2021\\\/05\\\/fadein-deterdentes-de-alto-rendimiento.png\",\"width\":512,\"height\":512,\"caption\":\"Fadein\"},\"image\":{\"@id\":\"https:\\\/\\\/fadein.es\\\/fr\\\/#\\\/schema\\\/logo\\\/image\\\/\"}}]}<\/script>\n<!-- \/ Yoast SEO Premium plugin. -->","yoast_head_json":{"title":"SERVEUR COM 40x40 2\/C P. BLANC (CJ.24PQx100UD)","description":"Serviette de table 40x40 Paste White Border 2 ply. 24pq x 100pcs, 40x40cm, 2 feuilles. Convient aux restaurants, caf\u00e9t\u00e9rias et cantines.","robots":{"index":"index","follow":"follow","max-snippet":"max-snippet:-1","max-image-preview":"max-image-preview:large","max-video-preview":"max-video-preview:-1"},"canonical":"https:\/\/fadein.es\/fr\/producto\/serveur-com-40x40-2-c-p-blanc-cj-24pqx100ud\/","og_locale":"fr_FR","og_type":"article","og_title":"SERVEUR COM 40x40 2\/C P. BLANC (CJ.24PQx100UD)","og_description":"Serviette de table 40x40 Paste White Border 2 ply. 24pq x 100pcs, 40x40cm, 2 feuilles. Convient aux restaurants, caf\u00e9t\u00e9rias et cantines.","og_url":"https:\/\/fadein.es\/fr\/producto\/serveur-com-40x40-2-c-p-blanc-cj-24pqx100ud\/","og_site_name":"Fadein","og_image":[{"width":800,"height":800,"url":"https:\/\/fadein.es\/wp-content\/uploads\/2025\/04\/SERVILLETAS-DE-COMEDOR-40x40-1.jpg","type":"image\/jpeg"}],"twitter_card":"summary_large_image","schema":{"@context":"https:\/\/schema.org","@graph":[{"@type":"WebPage","@id":"https:\/\/fadein.es\/fr\/producto\/serveur-com-40x40-2-c-p-blanc-cj-24pqx100ud\/","url":"https:\/\/fadein.es\/fr\/producto\/serveur-com-40x40-2-c-p-blanc-cj-24pqx100ud\/","name":"SERVEUR COM 40x40 2\/C P. BLANC (CJ.24PQx100UD)","isPartOf":{"@id":"https:\/\/fadein.es\/fr\/#website"},"primaryImageOfPage":{"@id":"https:\/\/fadein.es\/fr\/producto\/serveur-com-40x40-2-c-p-blanc-cj-24pqx100ud\/#primaryimage"},"image":{"@id":"https:\/\/fadein.es\/fr\/producto\/serveur-com-40x40-2-c-p-blanc-cj-24pqx100ud\/#primaryimage"},"thumbnailUrl":"https:\/\/fadein.es\/wp-content\/uploads\/2025\/04\/SERVILLETAS-DE-COMEDOR-40x40-1.jpg","datePublished":"2025-04-01T15:58:16+00:00","description":"Serviette de table 40x40 Paste White Border 2 ply. 24pq x 100pcs, 40x40cm, 2 feuilles. Convient aux restaurants, caf\u00e9t\u00e9rias et cantines.","breadcrumb":{"@id":"https:\/\/fadein.es\/fr\/producto\/serveur-com-40x40-2-c-p-blanc-cj-24pqx100ud\/#breadcrumb"},"inLanguage":"fr-FR","potentialAction":[{"@type":"ReadAction","target":["https:\/\/fadein.es\/fr\/producto\/serveur-com-40x40-2-c-p-blanc-cj-24pqx100ud\/"]}]},{"@type":"ImageObject","inLanguage":"fr-FR","@id":"https:\/\/fadein.es\/fr\/producto\/serveur-com-40x40-2-c-p-blanc-cj-24pqx100ud\/#primaryimage","url":"https:\/\/fadein.es\/wp-content\/uploads\/2025\/04\/SERVILLETAS-DE-COMEDOR-40x40-1.jpg","contentUrl":"https:\/\/fadein.es\/wp-content\/uploads\/2025\/04\/SERVILLETAS-DE-COMEDOR-40x40-1.jpg","width":800,"height":800,"caption":"SERVILLETAS DE COMEDOR 40x40"},{"@type":"BreadcrumbList","@id":"https:\/\/fadein.es\/fr\/producto\/serveur-com-40x40-2-c-p-blanc-cj-24pqx100ud\/#breadcrumb","itemListElement":[{"@type":"ListItem","position":1,"name":"Portada","item":"https:\/\/fadein.es\/fr\/accueil\/"},{"@type":"ListItem","position":2,"name":"Boutique","item":"https:\/\/fadein.es\/fr\/boutique\/"},{"@type":"ListItem","position":3,"name":"SERVEUR COM 40&#215;40 2\/C P. BLANC (CJ.24PQx100UD)"}]},{"@type":"WebSite","@id":"https:\/\/fadein.es\/fr\/#website","url":"https:\/\/fadein.es\/fr\/","name":"Fadein","description":"Detergentes de alto rendimiento","publisher":{"@id":"https:\/\/fadein.es\/fr\/#organization"},"alternateName":"Detergentes de alto rendimiento","potentialAction":[{"@type":"SearchAction","target":{"@type":"EntryPoint","urlTemplate":"https:\/\/fadein.es\/fr\/?s={search_term_string}"},"query-input":{"@type":"PropertyValueSpecification","valueRequired":true,"valueName":"search_term_string"}}],"inLanguage":"fr-FR"},{"@type":"Organization","@id":"https:\/\/fadein.es\/fr\/#organization","name":"Fadein","alternateName":"Detergentes de alto rendimiento","url":"https:\/\/fadein.es\/fr\/","logo":{"@type":"ImageObject","inLanguage":"fr-FR","@id":"https:\/\/fadein.es\/fr\/#\/schema\/logo\/image\/","url":"https:\/\/fadein.es\/wp-content\/uploads\/2021\/05\/fadein-deterdentes-de-alto-rendimiento.png","contentUrl":"https:\/\/fadein.es\/wp-content\/uploads\/2021\/05\/fadein-deterdentes-de-alto-rendimiento.png","width":512,"height":512,"caption":"Fadein"},"image":{"@id":"https:\/\/fadein.es\/fr\/#\/schema\/logo\/image\/"}}]}},"_links":{"self":[{"href":"https:\/\/fadein.es\/fr\/wp-json\/wp\/v2\/product\/9331","targetHints":{"allow":["GET"]}}],"collection":[{"href":"https:\/\/fadein.es\/fr\/wp-json\/wp\/v2\/product"}],"about":[{"href":"https:\/\/fadein.es\/fr\/wp-json\/wp\/v2\/types\/product"}],"replies":[{"embeddable":true,"href":"https:\/\/fadein.es\/fr\/wp-json\/wp\/v2\/comments?post=9331"}],"wp:featuredmedia":[{"embeddable":true,"href":"https:\/\/fadein.es\/fr\/wp-json\/wp\/v2\/media\/9264"}],"wp:attachment":[{"href":"https:\/\/fadein.es\/fr\/wp-json\/wp\/v2\/media?parent=9331"}],"wp:term":[{"taxonomy":"product_brand","embeddable":true,"href":"https:\/\/fadein.es\/fr\/wp-json\/wp\/v2\/product_brand?post=9331"},{"taxonomy":"product_cat","embeddable":true,"href":"https:\/\/fadein.es\/fr\/wp-json\/wp\/v2\/product_cat?post=9331"},{"taxonomy":"product_tag","embeddable":true,"href":"https:\/\/fadein.es\/fr\/wp-json\/wp\/v2\/product_tag?post=9331"}],"curies":[{"name":"wp","href":"https:\/\/api.w.org\/{rel}","templated":true}]}}