{"id":9318,"date":"2025-04-01T15:58:13","date_gmt":"2025-04-01T15:58:13","guid":{"rendered":"https:\/\/fadein.es\/producto\/bob-cel-ind-pasta-gof-2-c-42kg-pq-2ud\/"},"modified":"2025-04-01T15:58:13","modified_gmt":"2025-04-01T15:58:13","slug":"bob-cel-ind-pasta-gof-2-c-42kg-pq-2ud","status":"publish","type":"product","link":"https:\/\/fadein.es\/fr\/producto\/bob-cel-ind-pasta-gof-2-c-42kg-pq-2ud\/","title":{"rendered":"BOB.CEL.IND.PASTA GOF. 2\/C 4,2Kg (PQ.2UD)"},"content":{"rendered":"<p><strong>BOB.CEL.IND.PASTA GOF. 2\/C 4,2Kg (PQ.2UD) <\/strong>  Rouleau de p\u00e2te m\u00e9canique gaufr\u00e9e \u00e0 2 plis. Paquet de 2 rouleaux de 500m, 2 feuilles, 23cm, 4,2kg. Convient pour les<strong> ateliers, les installations industrielles, les stations de lavage.<\/strong>   <\/p>\n<p>Vous pouvez contacter le service commercial de <strong><strong>FADEIN<\/strong><\/strong> par t\u00e9l\u00e9phone<strong><strong> 91 873 87 02 <\/strong><\/strong>ou par e-mail<strong><strong> att.cliente@fadein.es <\/strong><\/strong>pour toute information compl\u00e9mentaire ou demande de devis de nos produits.  <\/p>\n","protected":false},"excerpt":{"rendered":"<p>P\u00e2te m\u00e9canique pour bobines P\u00e2te de gaufrage 2 couches<\/p>\n","protected":false},"featured_media":9224,"comment_status":"open","ping_status":"closed","template":"","meta":{"_et_pb_use_builder":"","_et_pb_old_content":"","_et_gb_content_width":""},"product_brand":[],"product_cat":[899,896],"product_tag":[950,953,956],"class_list":{"0":"post-9318","1":"product","2":"type-product","3":"status-publish","4":"has-post-thumbnail","6":"product_cat-cellulose-industrielle","7":"product_cat-ustensiles-de-nettoyage","8":"product_tag-ateliers","9":"product_tag-installations-industrielles","10":"product_tag-lavage-des-vehicules","12":"first","13":"instock","14":"taxable","15":"shipping-taxable","16":"purchasable","17":"product-type-simple"},"yoast_head":"<!-- This site is optimized with the Yoast SEO Premium plugin v27.2 (Yoast SEO v27.4) - https:\/\/yoast.com\/product\/yoast-seo-premium-wordpress\/ -->\n<title>BOB.CEL.IND.PASTA GOF. 2\/C 4,2Kg (PQ.2UD)<\/title>\n<meta name=\"description\" content=\"Rouleau de p\u00e2te m\u00e9canique gaufr\u00e9e \u00e0 2 plis. Paquet de 2 rouleaux de 500m, 2 feuilles, 23cm, 4,2kg. Convient pour les ateliers, les installations, le lavage de v\u00e9hicules.\" \/>\n<meta name=\"robots\" content=\"index, follow, max-snippet:-1, max-image-preview:large, max-video-preview:-1\" \/>\n<link rel=\"canonical\" href=\"https:\/\/fadein.es\/fr\/producto\/bob-cel-ind-pasta-gof-2-c-42kg-pq-2ud\/\" \/>\n<meta property=\"og:locale\" content=\"fr_FR\" \/>\n<meta property=\"og:type\" content=\"article\" \/>\n<meta property=\"og:title\" content=\"BOB.CEL.IND.PASTA GOF. 2\/C 4,2Kg (PQ.2UD)\" \/>\n<meta property=\"og:description\" content=\"Rouleau de p\u00e2te m\u00e9canique gaufr\u00e9e \u00e0 2 plis. Paquet de 2 rouleaux de 500m, 2 feuilles, 23cm, 4,2kg. Convient pour les ateliers, les installations, le lavage de v\u00e9hicules.\" \/>\n<meta property=\"og:url\" content=\"https:\/\/fadein.es\/fr\/producto\/bob-cel-ind-pasta-gof-2-c-42kg-pq-2ud\/\" \/>\n<meta property=\"og:site_name\" content=\"Fadein\" \/>\n<meta property=\"og:image\" content=\"https:\/\/fadein.es\/wp-content\/uploads\/2025\/04\/BOBINA-DE-CELULOSA-INDUSTRIAL-GOFRADA.jpg\" \/>\n\t<meta property=\"og:image:width\" content=\"800\" \/>\n\t<meta property=\"og:image:height\" content=\"800\" \/>\n\t<meta property=\"og:image:type\" content=\"image\/jpeg\" \/>\n<meta name=\"twitter:card\" content=\"summary_large_image\" \/>\n<script type=\"application\/ld+json\" class=\"yoast-schema-graph\">{\"@context\":\"https:\\\/\\\/schema.org\",\"@graph\":[{\"@type\":\"WebPage\",\"@id\":\"https:\\\/\\\/fadein.es\\\/fr\\\/producto\\\/bob-cel-ind-pasta-gof-2-c-42kg-pq-2ud\\\/\",\"url\":\"https:\\\/\\\/fadein.es\\\/fr\\\/producto\\\/bob-cel-ind-pasta-gof-2-c-42kg-pq-2ud\\\/\",\"name\":\"BOB.CEL.IND.PASTA GOF. 2\\\/C 4,2Kg (PQ.2UD)\",\"isPartOf\":{\"@id\":\"https:\\\/\\\/fadein.es\\\/fr\\\/#website\"},\"primaryImageOfPage\":{\"@id\":\"https:\\\/\\\/fadein.es\\\/fr\\\/producto\\\/bob-cel-ind-pasta-gof-2-c-42kg-pq-2ud\\\/#primaryimage\"},\"image\":{\"@id\":\"https:\\\/\\\/fadein.es\\\/fr\\\/producto\\\/bob-cel-ind-pasta-gof-2-c-42kg-pq-2ud\\\/#primaryimage\"},\"thumbnailUrl\":\"https:\\\/\\\/fadein.es\\\/wp-content\\\/uploads\\\/2025\\\/04\\\/BOBINA-DE-CELULOSA-INDUSTRIAL-GOFRADA.jpg\",\"datePublished\":\"2025-04-01T15:58:13+00:00\",\"description\":\"Rouleau de p\u00e2te m\u00e9canique gaufr\u00e9e \u00e0 2 plis. Paquet de 2 rouleaux de 500m, 2 feuilles, 23cm, 4,2kg. Convient pour les ateliers, les installations, le lavage de v\u00e9hicules.\",\"breadcrumb\":{\"@id\":\"https:\\\/\\\/fadein.es\\\/fr\\\/producto\\\/bob-cel-ind-pasta-gof-2-c-42kg-pq-2ud\\\/#breadcrumb\"},\"inLanguage\":\"fr-FR\",\"potentialAction\":[{\"@type\":\"ReadAction\",\"target\":[\"https:\\\/\\\/fadein.es\\\/fr\\\/producto\\\/bob-cel-ind-pasta-gof-2-c-42kg-pq-2ud\\\/\"]}]},{\"@type\":\"ImageObject\",\"inLanguage\":\"fr-FR\",\"@id\":\"https:\\\/\\\/fadein.es\\\/fr\\\/producto\\\/bob-cel-ind-pasta-gof-2-c-42kg-pq-2ud\\\/#primaryimage\",\"url\":\"https:\\\/\\\/fadein.es\\\/wp-content\\\/uploads\\\/2025\\\/04\\\/BOBINA-DE-CELULOSA-INDUSTRIAL-GOFRADA.jpg\",\"contentUrl\":\"https:\\\/\\\/fadein.es\\\/wp-content\\\/uploads\\\/2025\\\/04\\\/BOBINA-DE-CELULOSA-INDUSTRIAL-GOFRADA.jpg\",\"width\":800,\"height\":800,\"caption\":\"BOBINA DE CELULOSA INDUSTRIAL GOFRADA\"},{\"@type\":\"BreadcrumbList\",\"@id\":\"https:\\\/\\\/fadein.es\\\/fr\\\/producto\\\/bob-cel-ind-pasta-gof-2-c-42kg-pq-2ud\\\/#breadcrumb\",\"itemListElement\":[{\"@type\":\"ListItem\",\"position\":1,\"name\":\"Portada\",\"item\":\"https:\\\/\\\/fadein.es\\\/fr\\\/accueil\\\/\"},{\"@type\":\"ListItem\",\"position\":2,\"name\":\"Boutique\",\"item\":\"https:\\\/\\\/fadein.es\\\/fr\\\/boutique\\\/\"},{\"@type\":\"ListItem\",\"position\":3,\"name\":\"BOB.CEL.IND.PASTA GOF. 2\\\/C 4,2Kg (PQ.2UD)\"}]},{\"@type\":\"WebSite\",\"@id\":\"https:\\\/\\\/fadein.es\\\/fr\\\/#website\",\"url\":\"https:\\\/\\\/fadein.es\\\/fr\\\/\",\"name\":\"Fadein\",\"description\":\"Detergentes de alto rendimiento\",\"publisher\":{\"@id\":\"https:\\\/\\\/fadein.es\\\/fr\\\/#organization\"},\"alternateName\":\"Detergentes de alto rendimiento\",\"potentialAction\":[{\"@type\":\"SearchAction\",\"target\":{\"@type\":\"EntryPoint\",\"urlTemplate\":\"https:\\\/\\\/fadein.es\\\/fr\\\/?s={search_term_string}\"},\"query-input\":{\"@type\":\"PropertyValueSpecification\",\"valueRequired\":true,\"valueName\":\"search_term_string\"}}],\"inLanguage\":\"fr-FR\"},{\"@type\":\"Organization\",\"@id\":\"https:\\\/\\\/fadein.es\\\/fr\\\/#organization\",\"name\":\"Fadein\",\"alternateName\":\"Detergentes de alto rendimiento\",\"url\":\"https:\\\/\\\/fadein.es\\\/fr\\\/\",\"logo\":{\"@type\":\"ImageObject\",\"inLanguage\":\"fr-FR\",\"@id\":\"https:\\\/\\\/fadein.es\\\/fr\\\/#\\\/schema\\\/logo\\\/image\\\/\",\"url\":\"https:\\\/\\\/fadein.es\\\/wp-content\\\/uploads\\\/2021\\\/05\\\/fadein-deterdentes-de-alto-rendimiento.png\",\"contentUrl\":\"https:\\\/\\\/fadein.es\\\/wp-content\\\/uploads\\\/2021\\\/05\\\/fadein-deterdentes-de-alto-rendimiento.png\",\"width\":512,\"height\":512,\"caption\":\"Fadein\"},\"image\":{\"@id\":\"https:\\\/\\\/fadein.es\\\/fr\\\/#\\\/schema\\\/logo\\\/image\\\/\"}}]}<\/script>\n<!-- \/ Yoast SEO Premium plugin. -->","yoast_head_json":{"title":"BOB.CEL.IND.PASTA GOF. 2\/C 4,2Kg (PQ.2UD)","description":"Rouleau de p\u00e2te m\u00e9canique gaufr\u00e9e \u00e0 2 plis. Paquet de 2 rouleaux de 500m, 2 feuilles, 23cm, 4,2kg. Convient pour les ateliers, les installations, le lavage de v\u00e9hicules.","robots":{"index":"index","follow":"follow","max-snippet":"max-snippet:-1","max-image-preview":"max-image-preview:large","max-video-preview":"max-video-preview:-1"},"canonical":"https:\/\/fadein.es\/fr\/producto\/bob-cel-ind-pasta-gof-2-c-42kg-pq-2ud\/","og_locale":"fr_FR","og_type":"article","og_title":"BOB.CEL.IND.PASTA GOF. 2\/C 4,2Kg (PQ.2UD)","og_description":"Rouleau de p\u00e2te m\u00e9canique gaufr\u00e9e \u00e0 2 plis. Paquet de 2 rouleaux de 500m, 2 feuilles, 23cm, 4,2kg. Convient pour les ateliers, les installations, le lavage de v\u00e9hicules.","og_url":"https:\/\/fadein.es\/fr\/producto\/bob-cel-ind-pasta-gof-2-c-42kg-pq-2ud\/","og_site_name":"Fadein","og_image":[{"width":800,"height":800,"url":"https:\/\/fadein.es\/wp-content\/uploads\/2025\/04\/BOBINA-DE-CELULOSA-INDUSTRIAL-GOFRADA.jpg","type":"image\/jpeg"}],"twitter_card":"summary_large_image","schema":{"@context":"https:\/\/schema.org","@graph":[{"@type":"WebPage","@id":"https:\/\/fadein.es\/fr\/producto\/bob-cel-ind-pasta-gof-2-c-42kg-pq-2ud\/","url":"https:\/\/fadein.es\/fr\/producto\/bob-cel-ind-pasta-gof-2-c-42kg-pq-2ud\/","name":"BOB.CEL.IND.PASTA GOF. 2\/C 4,2Kg (PQ.2UD)","isPartOf":{"@id":"https:\/\/fadein.es\/fr\/#website"},"primaryImageOfPage":{"@id":"https:\/\/fadein.es\/fr\/producto\/bob-cel-ind-pasta-gof-2-c-42kg-pq-2ud\/#primaryimage"},"image":{"@id":"https:\/\/fadein.es\/fr\/producto\/bob-cel-ind-pasta-gof-2-c-42kg-pq-2ud\/#primaryimage"},"thumbnailUrl":"https:\/\/fadein.es\/wp-content\/uploads\/2025\/04\/BOBINA-DE-CELULOSA-INDUSTRIAL-GOFRADA.jpg","datePublished":"2025-04-01T15:58:13+00:00","description":"Rouleau de p\u00e2te m\u00e9canique gaufr\u00e9e \u00e0 2 plis. Paquet de 2 rouleaux de 500m, 2 feuilles, 23cm, 4,2kg. Convient pour les ateliers, les installations, le lavage de v\u00e9hicules.","breadcrumb":{"@id":"https:\/\/fadein.es\/fr\/producto\/bob-cel-ind-pasta-gof-2-c-42kg-pq-2ud\/#breadcrumb"},"inLanguage":"fr-FR","potentialAction":[{"@type":"ReadAction","target":["https:\/\/fadein.es\/fr\/producto\/bob-cel-ind-pasta-gof-2-c-42kg-pq-2ud\/"]}]},{"@type":"ImageObject","inLanguage":"fr-FR","@id":"https:\/\/fadein.es\/fr\/producto\/bob-cel-ind-pasta-gof-2-c-42kg-pq-2ud\/#primaryimage","url":"https:\/\/fadein.es\/wp-content\/uploads\/2025\/04\/BOBINA-DE-CELULOSA-INDUSTRIAL-GOFRADA.jpg","contentUrl":"https:\/\/fadein.es\/wp-content\/uploads\/2025\/04\/BOBINA-DE-CELULOSA-INDUSTRIAL-GOFRADA.jpg","width":800,"height":800,"caption":"BOBINA DE CELULOSA INDUSTRIAL GOFRADA"},{"@type":"BreadcrumbList","@id":"https:\/\/fadein.es\/fr\/producto\/bob-cel-ind-pasta-gof-2-c-42kg-pq-2ud\/#breadcrumb","itemListElement":[{"@type":"ListItem","position":1,"name":"Portada","item":"https:\/\/fadein.es\/fr\/accueil\/"},{"@type":"ListItem","position":2,"name":"Boutique","item":"https:\/\/fadein.es\/fr\/boutique\/"},{"@type":"ListItem","position":3,"name":"BOB.CEL.IND.PASTA GOF. 2\/C 4,2Kg (PQ.2UD)"}]},{"@type":"WebSite","@id":"https:\/\/fadein.es\/fr\/#website","url":"https:\/\/fadein.es\/fr\/","name":"Fadein","description":"Detergentes de alto rendimiento","publisher":{"@id":"https:\/\/fadein.es\/fr\/#organization"},"alternateName":"Detergentes de alto rendimiento","potentialAction":[{"@type":"SearchAction","target":{"@type":"EntryPoint","urlTemplate":"https:\/\/fadein.es\/fr\/?s={search_term_string}"},"query-input":{"@type":"PropertyValueSpecification","valueRequired":true,"valueName":"search_term_string"}}],"inLanguage":"fr-FR"},{"@type":"Organization","@id":"https:\/\/fadein.es\/fr\/#organization","name":"Fadein","alternateName":"Detergentes de alto rendimiento","url":"https:\/\/fadein.es\/fr\/","logo":{"@type":"ImageObject","inLanguage":"fr-FR","@id":"https:\/\/fadein.es\/fr\/#\/schema\/logo\/image\/","url":"https:\/\/fadein.es\/wp-content\/uploads\/2021\/05\/fadein-deterdentes-de-alto-rendimiento.png","contentUrl":"https:\/\/fadein.es\/wp-content\/uploads\/2021\/05\/fadein-deterdentes-de-alto-rendimiento.png","width":512,"height":512,"caption":"Fadein"},"image":{"@id":"https:\/\/fadein.es\/fr\/#\/schema\/logo\/image\/"}}]}},"_links":{"self":[{"href":"https:\/\/fadein.es\/fr\/wp-json\/wp\/v2\/product\/9318","targetHints":{"allow":["GET"]}}],"collection":[{"href":"https:\/\/fadein.es\/fr\/wp-json\/wp\/v2\/product"}],"about":[{"href":"https:\/\/fadein.es\/fr\/wp-json\/wp\/v2\/types\/product"}],"replies":[{"embeddable":true,"href":"https:\/\/fadein.es\/fr\/wp-json\/wp\/v2\/comments?post=9318"}],"wp:featuredmedia":[{"embeddable":true,"href":"https:\/\/fadein.es\/fr\/wp-json\/wp\/v2\/media\/9224"}],"wp:attachment":[{"href":"https:\/\/fadein.es\/fr\/wp-json\/wp\/v2\/media?parent=9318"}],"wp:term":[{"taxonomy":"product_brand","embeddable":true,"href":"https:\/\/fadein.es\/fr\/wp-json\/wp\/v2\/product_brand?post=9318"},{"taxonomy":"product_cat","embeddable":true,"href":"https:\/\/fadein.es\/fr\/wp-json\/wp\/v2\/product_cat?post=9318"},{"taxonomy":"product_tag","embeddable":true,"href":"https:\/\/fadein.es\/fr\/wp-json\/wp\/v2\/product_tag?post=9318"}],"curies":[{"name":"wp","href":"https:\/\/api.w.org\/{rel}","templated":true}]}}