{"id":9315,"date":"2025-04-01T15:58:13","date_gmt":"2025-04-01T15:58:13","guid":{"rendered":"https:\/\/fadein.es\/producto\/bob-cel-ind-3-c-500-serv-36x36cm-bleu\/"},"modified":"2025-04-01T15:58:13","modified_gmt":"2025-04-01T15:58:13","slug":"bob-cel-ind-3-c-500-serv-36x36cm-bleu","status":"publish","type":"product","link":"https:\/\/fadein.es\/fr\/producto\/bob-cel-ind-3-c-500-serv-36x36cm-bleu\/","title":{"rendered":"BOB.CEL.IND. 3\/C 500 SERV. 36x36cm. BLEU"},"content":{"rendered":"<p><strong>BOB.CEL.IND. 3\/C 500 SERV. 36x36cm. BLEU   <\/strong>Chiffons volumineux avec une capacit\u00e9 d&rsquo;absorption et une r\u00e9sistance \u00e9lev\u00e9es, m\u00eame lorsqu&rsquo;ils sont mouill\u00e9s, gr\u00e2ce \u00e0 la nouvelle technologie sp\u00e9ciale de fabrication par gaufrage. Cette technique relie les trois couches de cellulose par des milliers de points, cr\u00e9ant ainsi des cellules d&rsquo;air \u00e0 l&rsquo;int\u00e9rieur. La capacit\u00e9 d&rsquo;absorption et la r\u00e9sistance \u00e0 la d\u00e9chirure s&rsquo;en trouvent consid\u00e9rablement am\u00e9lior\u00e9es par rapport \u00e0 la cellulose traditionnelle.  <\/p>\n<p><strong>Grande capacit\u00e9 et rapidit\u00e9 d&rsquo;absorption des liquides, graisses, huiles et solvants.  <\/strong>  R\u00e9sistant m\u00eame dans des conditions humides gr\u00e2ce \u00e0 un gaufrage sp\u00e9cial.\n<\/p>\n<p>Le tissu volumineux et la grande taille des lingettes prot\u00e8gent la main de l&rsquo;utilisateur. Id\u00e9al pour remplacer les chiffons textiles traditionnels en termes de co\u00fbt et de qualit\u00e9. 500 service x 36 cm, largeur 36 cm, 100% Cellulose ; Bleu ; Epaisseur 18 gr (3 plis) ; paquet de 2 rouleaux.  <\/p>\n<p>Vous pouvez contacter le service commercial de <strong><strong>FADEIN<\/strong><\/strong> par t\u00e9l\u00e9phone<strong><strong> 91 873 87 02 <\/strong><\/strong>ou par e-mail<strong><strong> att.cliente@fadein.es <\/strong><\/strong>pour toute information compl\u00e9mentaire ou demande de devis de nos produits.  <\/p>\n","protected":false},"excerpt":{"rendered":"<p>Cellulose \u00e9cologique bleue 3 plis<\/p>\n","protected":false},"featured_media":9221,"comment_status":"open","ping_status":"closed","template":"","meta":{"_et_pb_use_builder":"","_et_pb_old_content":"","_et_gb_content_width":""},"product_brand":[],"product_cat":[899,896],"product_tag":[950,953,956],"class_list":{"0":"post-9315","1":"product","2":"type-product","3":"status-publish","4":"has-post-thumbnail","6":"product_cat-cellulose-industrielle","7":"product_cat-ustensiles-de-nettoyage","8":"product_tag-ateliers","9":"product_tag-installations-industrielles","10":"product_tag-lavage-des-vehicules","12":"first","13":"instock","14":"taxable","15":"shipping-taxable","16":"purchasable","17":"product-type-simple"},"yoast_head":"<!-- This site is optimized with the Yoast SEO Premium plugin v27.2 (Yoast SEO v27.4) - https:\/\/yoast.com\/product\/yoast-seo-premium-wordpress\/ -->\n<title>BOB.CEL.IND. 3\/C 500 SERV. 36x36cm. BLEU<\/title>\n<meta name=\"description\" content=\"Cellulose \u00e9cologique bleue 3 plis. Chiffons volumineux \u00e0 forte capacit\u00e9 d&#039;absorption et de r\u00e9sistance, m\u00eame mouill\u00e9s, gr\u00e2ce \u00e0 leur gaufrage sp\u00e9cial.\" \/>\n<meta name=\"robots\" content=\"index, follow, max-snippet:-1, max-image-preview:large, max-video-preview:-1\" \/>\n<link rel=\"canonical\" href=\"https:\/\/fadein.es\/fr\/producto\/bob-cel-ind-3-c-500-serv-36x36cm-bleu\/\" \/>\n<meta property=\"og:locale\" content=\"fr_FR\" \/>\n<meta property=\"og:type\" content=\"article\" \/>\n<meta property=\"og:title\" content=\"BOB.CEL.IND. 3\/C 500 SERV. 36x36cm. BLEU\" \/>\n<meta property=\"og:description\" content=\"Cellulose \u00e9cologique bleue 3 plis. Chiffons volumineux \u00e0 forte capacit\u00e9 d&#039;absorption et de r\u00e9sistance, m\u00eame mouill\u00e9s, gr\u00e2ce \u00e0 leur gaufrage sp\u00e9cial.\" \/>\n<meta property=\"og:url\" content=\"https:\/\/fadein.es\/fr\/producto\/bob-cel-ind-3-c-500-serv-36x36cm-bleu\/\" \/>\n<meta property=\"og:site_name\" content=\"Fadein\" \/>\n<meta property=\"og:image\" content=\"https:\/\/fadein.es\/wp-content\/uploads\/2025\/04\/BOBINA-DE-CELULOSA-INDUSTRIAL-AZUL.jpg\" \/>\n\t<meta property=\"og:image:width\" content=\"800\" \/>\n\t<meta property=\"og:image:height\" content=\"800\" \/>\n\t<meta property=\"og:image:type\" content=\"image\/jpeg\" \/>\n<meta name=\"twitter:card\" content=\"summary_large_image\" \/>\n<meta name=\"twitter:label1\" content=\"Dur\u00e9e de lecture estim\u00e9e\" \/>\n\t<meta name=\"twitter:data1\" content=\"1 minute\" \/>\n<script type=\"application\/ld+json\" class=\"yoast-schema-graph\">{\"@context\":\"https:\\\/\\\/schema.org\",\"@graph\":[{\"@type\":\"WebPage\",\"@id\":\"https:\\\/\\\/fadein.es\\\/fr\\\/producto\\\/bob-cel-ind-3-c-500-serv-36x36cm-bleu\\\/\",\"url\":\"https:\\\/\\\/fadein.es\\\/fr\\\/producto\\\/bob-cel-ind-3-c-500-serv-36x36cm-bleu\\\/\",\"name\":\"BOB.CEL.IND. 3\\\/C 500 SERV. 36x36cm. BLEU\",\"isPartOf\":{\"@id\":\"https:\\\/\\\/fadein.es\\\/fr\\\/#website\"},\"primaryImageOfPage\":{\"@id\":\"https:\\\/\\\/fadein.es\\\/fr\\\/producto\\\/bob-cel-ind-3-c-500-serv-36x36cm-bleu\\\/#primaryimage\"},\"image\":{\"@id\":\"https:\\\/\\\/fadein.es\\\/fr\\\/producto\\\/bob-cel-ind-3-c-500-serv-36x36cm-bleu\\\/#primaryimage\"},\"thumbnailUrl\":\"https:\\\/\\\/fadein.es\\\/wp-content\\\/uploads\\\/2025\\\/04\\\/BOBINA-DE-CELULOSA-INDUSTRIAL-AZUL.jpg\",\"datePublished\":\"2025-04-01T15:58:13+00:00\",\"description\":\"Cellulose \u00e9cologique bleue 3 plis. Chiffons volumineux \u00e0 forte capacit\u00e9 d'absorption et de r\u00e9sistance, m\u00eame mouill\u00e9s, gr\u00e2ce \u00e0 leur gaufrage sp\u00e9cial.\",\"breadcrumb\":{\"@id\":\"https:\\\/\\\/fadein.es\\\/fr\\\/producto\\\/bob-cel-ind-3-c-500-serv-36x36cm-bleu\\\/#breadcrumb\"},\"inLanguage\":\"fr-FR\",\"potentialAction\":[{\"@type\":\"ReadAction\",\"target\":[\"https:\\\/\\\/fadein.es\\\/fr\\\/producto\\\/bob-cel-ind-3-c-500-serv-36x36cm-bleu\\\/\"]}]},{\"@type\":\"ImageObject\",\"inLanguage\":\"fr-FR\",\"@id\":\"https:\\\/\\\/fadein.es\\\/fr\\\/producto\\\/bob-cel-ind-3-c-500-serv-36x36cm-bleu\\\/#primaryimage\",\"url\":\"https:\\\/\\\/fadein.es\\\/wp-content\\\/uploads\\\/2025\\\/04\\\/BOBINA-DE-CELULOSA-INDUSTRIAL-AZUL.jpg\",\"contentUrl\":\"https:\\\/\\\/fadein.es\\\/wp-content\\\/uploads\\\/2025\\\/04\\\/BOBINA-DE-CELULOSA-INDUSTRIAL-AZUL.jpg\",\"width\":800,\"height\":800,\"caption\":\"BOBINA DE CELULOSA INDUSTRIAL AZUL\"},{\"@type\":\"BreadcrumbList\",\"@id\":\"https:\\\/\\\/fadein.es\\\/fr\\\/producto\\\/bob-cel-ind-3-c-500-serv-36x36cm-bleu\\\/#breadcrumb\",\"itemListElement\":[{\"@type\":\"ListItem\",\"position\":1,\"name\":\"Portada\",\"item\":\"https:\\\/\\\/fadein.es\\\/fr\\\/accueil\\\/\"},{\"@type\":\"ListItem\",\"position\":2,\"name\":\"Boutique\",\"item\":\"https:\\\/\\\/fadein.es\\\/fr\\\/boutique\\\/\"},{\"@type\":\"ListItem\",\"position\":3,\"name\":\"BOB.CEL.IND. 3\\\/C 500 SERV. 36x36cm. BLEU\"}]},{\"@type\":\"WebSite\",\"@id\":\"https:\\\/\\\/fadein.es\\\/fr\\\/#website\",\"url\":\"https:\\\/\\\/fadein.es\\\/fr\\\/\",\"name\":\"Fadein\",\"description\":\"Detergentes de alto rendimiento\",\"publisher\":{\"@id\":\"https:\\\/\\\/fadein.es\\\/fr\\\/#organization\"},\"alternateName\":\"Detergentes de alto rendimiento\",\"potentialAction\":[{\"@type\":\"SearchAction\",\"target\":{\"@type\":\"EntryPoint\",\"urlTemplate\":\"https:\\\/\\\/fadein.es\\\/fr\\\/?s={search_term_string}\"},\"query-input\":{\"@type\":\"PropertyValueSpecification\",\"valueRequired\":true,\"valueName\":\"search_term_string\"}}],\"inLanguage\":\"fr-FR\"},{\"@type\":\"Organization\",\"@id\":\"https:\\\/\\\/fadein.es\\\/fr\\\/#organization\",\"name\":\"Fadein\",\"alternateName\":\"Detergentes de alto rendimiento\",\"url\":\"https:\\\/\\\/fadein.es\\\/fr\\\/\",\"logo\":{\"@type\":\"ImageObject\",\"inLanguage\":\"fr-FR\",\"@id\":\"https:\\\/\\\/fadein.es\\\/fr\\\/#\\\/schema\\\/logo\\\/image\\\/\",\"url\":\"https:\\\/\\\/fadein.es\\\/wp-content\\\/uploads\\\/2021\\\/05\\\/fadein-deterdentes-de-alto-rendimiento.png\",\"contentUrl\":\"https:\\\/\\\/fadein.es\\\/wp-content\\\/uploads\\\/2021\\\/05\\\/fadein-deterdentes-de-alto-rendimiento.png\",\"width\":512,\"height\":512,\"caption\":\"Fadein\"},\"image\":{\"@id\":\"https:\\\/\\\/fadein.es\\\/fr\\\/#\\\/schema\\\/logo\\\/image\\\/\"}}]}<\/script>\n<!-- \/ Yoast SEO Premium plugin. -->","yoast_head_json":{"title":"BOB.CEL.IND. 3\/C 500 SERV. 36x36cm. BLEU","description":"Cellulose \u00e9cologique bleue 3 plis. Chiffons volumineux \u00e0 forte capacit\u00e9 d'absorption et de r\u00e9sistance, m\u00eame mouill\u00e9s, gr\u00e2ce \u00e0 leur gaufrage sp\u00e9cial.","robots":{"index":"index","follow":"follow","max-snippet":"max-snippet:-1","max-image-preview":"max-image-preview:large","max-video-preview":"max-video-preview:-1"},"canonical":"https:\/\/fadein.es\/fr\/producto\/bob-cel-ind-3-c-500-serv-36x36cm-bleu\/","og_locale":"fr_FR","og_type":"article","og_title":"BOB.CEL.IND. 3\/C 500 SERV. 36x36cm. BLEU","og_description":"Cellulose \u00e9cologique bleue 3 plis. Chiffons volumineux \u00e0 forte capacit\u00e9 d'absorption et de r\u00e9sistance, m\u00eame mouill\u00e9s, gr\u00e2ce \u00e0 leur gaufrage sp\u00e9cial.","og_url":"https:\/\/fadein.es\/fr\/producto\/bob-cel-ind-3-c-500-serv-36x36cm-bleu\/","og_site_name":"Fadein","og_image":[{"width":800,"height":800,"url":"https:\/\/fadein.es\/wp-content\/uploads\/2025\/04\/BOBINA-DE-CELULOSA-INDUSTRIAL-AZUL.jpg","type":"image\/jpeg"}],"twitter_card":"summary_large_image","twitter_misc":{"Dur\u00e9e de lecture estim\u00e9e":"1 minute"},"schema":{"@context":"https:\/\/schema.org","@graph":[{"@type":"WebPage","@id":"https:\/\/fadein.es\/fr\/producto\/bob-cel-ind-3-c-500-serv-36x36cm-bleu\/","url":"https:\/\/fadein.es\/fr\/producto\/bob-cel-ind-3-c-500-serv-36x36cm-bleu\/","name":"BOB.CEL.IND. 3\/C 500 SERV. 36x36cm. BLEU","isPartOf":{"@id":"https:\/\/fadein.es\/fr\/#website"},"primaryImageOfPage":{"@id":"https:\/\/fadein.es\/fr\/producto\/bob-cel-ind-3-c-500-serv-36x36cm-bleu\/#primaryimage"},"image":{"@id":"https:\/\/fadein.es\/fr\/producto\/bob-cel-ind-3-c-500-serv-36x36cm-bleu\/#primaryimage"},"thumbnailUrl":"https:\/\/fadein.es\/wp-content\/uploads\/2025\/04\/BOBINA-DE-CELULOSA-INDUSTRIAL-AZUL.jpg","datePublished":"2025-04-01T15:58:13+00:00","description":"Cellulose \u00e9cologique bleue 3 plis. Chiffons volumineux \u00e0 forte capacit\u00e9 d'absorption et de r\u00e9sistance, m\u00eame mouill\u00e9s, gr\u00e2ce \u00e0 leur gaufrage sp\u00e9cial.","breadcrumb":{"@id":"https:\/\/fadein.es\/fr\/producto\/bob-cel-ind-3-c-500-serv-36x36cm-bleu\/#breadcrumb"},"inLanguage":"fr-FR","potentialAction":[{"@type":"ReadAction","target":["https:\/\/fadein.es\/fr\/producto\/bob-cel-ind-3-c-500-serv-36x36cm-bleu\/"]}]},{"@type":"ImageObject","inLanguage":"fr-FR","@id":"https:\/\/fadein.es\/fr\/producto\/bob-cel-ind-3-c-500-serv-36x36cm-bleu\/#primaryimage","url":"https:\/\/fadein.es\/wp-content\/uploads\/2025\/04\/BOBINA-DE-CELULOSA-INDUSTRIAL-AZUL.jpg","contentUrl":"https:\/\/fadein.es\/wp-content\/uploads\/2025\/04\/BOBINA-DE-CELULOSA-INDUSTRIAL-AZUL.jpg","width":800,"height":800,"caption":"BOBINA DE CELULOSA INDUSTRIAL AZUL"},{"@type":"BreadcrumbList","@id":"https:\/\/fadein.es\/fr\/producto\/bob-cel-ind-3-c-500-serv-36x36cm-bleu\/#breadcrumb","itemListElement":[{"@type":"ListItem","position":1,"name":"Portada","item":"https:\/\/fadein.es\/fr\/accueil\/"},{"@type":"ListItem","position":2,"name":"Boutique","item":"https:\/\/fadein.es\/fr\/boutique\/"},{"@type":"ListItem","position":3,"name":"BOB.CEL.IND. 3\/C 500 SERV. 36x36cm. BLEU"}]},{"@type":"WebSite","@id":"https:\/\/fadein.es\/fr\/#website","url":"https:\/\/fadein.es\/fr\/","name":"Fadein","description":"Detergentes de alto rendimiento","publisher":{"@id":"https:\/\/fadein.es\/fr\/#organization"},"alternateName":"Detergentes de alto rendimiento","potentialAction":[{"@type":"SearchAction","target":{"@type":"EntryPoint","urlTemplate":"https:\/\/fadein.es\/fr\/?s={search_term_string}"},"query-input":{"@type":"PropertyValueSpecification","valueRequired":true,"valueName":"search_term_string"}}],"inLanguage":"fr-FR"},{"@type":"Organization","@id":"https:\/\/fadein.es\/fr\/#organization","name":"Fadein","alternateName":"Detergentes de alto rendimiento","url":"https:\/\/fadein.es\/fr\/","logo":{"@type":"ImageObject","inLanguage":"fr-FR","@id":"https:\/\/fadein.es\/fr\/#\/schema\/logo\/image\/","url":"https:\/\/fadein.es\/wp-content\/uploads\/2021\/05\/fadein-deterdentes-de-alto-rendimiento.png","contentUrl":"https:\/\/fadein.es\/wp-content\/uploads\/2021\/05\/fadein-deterdentes-de-alto-rendimiento.png","width":512,"height":512,"caption":"Fadein"},"image":{"@id":"https:\/\/fadein.es\/fr\/#\/schema\/logo\/image\/"}}]}},"_links":{"self":[{"href":"https:\/\/fadein.es\/fr\/wp-json\/wp\/v2\/product\/9315","targetHints":{"allow":["GET"]}}],"collection":[{"href":"https:\/\/fadein.es\/fr\/wp-json\/wp\/v2\/product"}],"about":[{"href":"https:\/\/fadein.es\/fr\/wp-json\/wp\/v2\/types\/product"}],"replies":[{"embeddable":true,"href":"https:\/\/fadein.es\/fr\/wp-json\/wp\/v2\/comments?post=9315"}],"wp:featuredmedia":[{"embeddable":true,"href":"https:\/\/fadein.es\/fr\/wp-json\/wp\/v2\/media\/9221"}],"wp:attachment":[{"href":"https:\/\/fadein.es\/fr\/wp-json\/wp\/v2\/media?parent=9315"}],"wp:term":[{"taxonomy":"product_brand","embeddable":true,"href":"https:\/\/fadein.es\/fr\/wp-json\/wp\/v2\/product_brand?post=9315"},{"taxonomy":"product_cat","embeddable":true,"href":"https:\/\/fadein.es\/fr\/wp-json\/wp\/v2\/product_cat?post=9315"},{"taxonomy":"product_tag","embeddable":true,"href":"https:\/\/fadein.es\/fr\/wp-json\/wp\/v2\/product_tag?post=9315"}],"curies":[{"name":"wp","href":"https:\/\/api.w.org\/{rel}","templated":true}]}}