{"id":8669,"date":"2025-02-26T13:56:17","date_gmt":"2025-02-26T13:56:17","guid":{"rendered":"https:\/\/fadein.es\/producto\/deterplus\/"},"modified":"2025-02-26T13:56:17","modified_gmt":"2025-02-26T13:56:17","slug":"deterplus","status":"publish","type":"product","link":"https:\/\/fadein.es\/fr\/producto\/deterplus\/","title":{"rendered":"DETERPLUS"},"content":{"rendered":"<p><strong>DETERPLUS<\/strong> a \u00e9t\u00e9 soigneusement formul\u00e9 pour l&rsquo;\u00e9limination d&rsquo;une grande vari\u00e9t\u00e9 de salissures, dans diff\u00e9rents environnements et conditions. La combinaison de tensioactifs cationiques et non ioniques dans sa formulation lui conf\u00e8re un effet antistatique et p\u00e9n\u00e9trant, agissant sous la salet\u00e9 et la d\u00e9tachant de la surface.  <\/p>\n<p>D&rsquo;autre part, les agents s\u00e9questrants inclus agissent en synergie, facilitant son utilisation en eau dure et \u00e9liminant les d\u00e9p\u00f4ts de calcaire sur la surface \u00e0 nettoyer. Il contient \u00e9galement des compos\u00e9s anticorrosion qui pr\u00e9viennent et \u00e9vitent la corrosion de la surface. Par cons\u00e9quent, dans la plupart des cas, il permet d&rsquo;\u00e9viter le nettoyage manuel.<\/p>\n<p><strong>Utilis\u00e9 pour le nettoyage de tous types de carrosseries, machines, moteurs, sols gras et surfaces fortement encrass\u00e9es.<\/strong><\/p>\n<p>Vous pouvez contacter le service commercial de <strong><strong>FADEIN<\/strong><\/strong> par t\u00e9l\u00e9phone<strong><strong> 91 873 87 02 <\/strong><\/strong>ou par e-mail<strong><strong> att.cliente@fadein.es <\/strong><\/strong>pour toute information compl\u00e9mentaire ou demande de devis de nos produits.  <\/p>\n","protected":false},"excerpt":{"rendered":"<p>D\u00e9tergent alcalin fort d\u00e9graissant d\u00e9graissant alcalin<\/p>\n","protected":false},"featured_media":10929,"comment_status":"open","ping_status":"closed","template":"","meta":{"_et_pb_use_builder":"","_et_pb_old_content":"","_et_gb_content_width":""},"product_brand":[],"product_cat":[598,474,557,477,483,877,488,615,599,701,709,1076],"product_tag":[770,767,752,758,764,555,413],"class_list":{"0":"post-8669","1":"product","2":"type-product","3":"status-publish","4":"has-post-thumbnail","6":"product_cat-ateliers","7":"product_cat-automotion-fr","8":"product_cat-camions","9":"product_cat-entraineurs","10":"product_cat-lavage-manuel","11":"product_cat-lavage-sans-eau","12":"product_cat-les-parkings-et-les-garages","13":"product_cat-maintenance-industrielle","14":"product_cat-nettoyage-des-sols","15":"product_cat-produits-de-degraissage","16":"product_cat-produits-de-degraissage-pour-le-nettoyage-des-machines-et-des-sols","17":"product_cat-usage-professionnel-industriel","18":"product_tag-boites","19":"product_tag-haute-pression","20":"product_tag-nettoyage-de-carrosserie","21":"product_tag-nettoyage-du-moteur","22":"product_tag-nettoyage-du-soubassement","23":"product_tag-nettoyage-manuel-des-sols","24":"product_tag-pulverisation","26":"first","27":"instock","28":"taxable","29":"shipping-taxable","30":"purchasable","31":"product-type-simple"},"yoast_head":"<!-- This site is optimized with the Yoast SEO Premium plugin v27.2 (Yoast SEO v27.5) - https:\/\/yoast.com\/product\/yoast-seo-premium-wordpress\/ -->\n<title>DETERPLUS D\u00e9tergent d\u00e9graissant alcalin puissant<\/title>\n<meta name=\"description\" content=\"Il est utilis\u00e9 pour le nettoyage de tous types de carrosseries, de machines, de moteurs, de sols gras et de surfaces tr\u00e8s sales, en \u00e9liminant la salet\u00e9.\" \/>\n<meta name=\"robots\" content=\"index, follow, max-snippet:-1, max-image-preview:large, max-video-preview:-1\" \/>\n<link rel=\"canonical\" href=\"https:\/\/fadein.es\/fr\/producto\/deterplus\/\" \/>\n<meta property=\"og:locale\" content=\"fr_FR\" \/>\n<meta property=\"og:type\" content=\"article\" \/>\n<meta property=\"og:title\" content=\"DETERPLUS\" \/>\n<meta property=\"og:description\" content=\"Il est utilis\u00e9 pour le nettoyage de tous types de carrosseries, de machines, de moteurs, de sols gras et de surfaces tr\u00e8s sales, en \u00e9liminant la salet\u00e9.\" \/>\n<meta property=\"og:url\" content=\"https:\/\/fadein.es\/fr\/producto\/deterplus\/\" \/>\n<meta property=\"og:site_name\" content=\"Fadein\" \/>\n<meta property=\"og:image\" content=\"https:\/\/fadein.es\/wp-content\/uploads\/2025\/02\/DETERPLUS-FADEIN.png\" \/>\n\t<meta property=\"og:image:width\" content=\"500\" \/>\n\t<meta property=\"og:image:height\" content=\"500\" \/>\n\t<meta property=\"og:image:type\" content=\"image\/png\" \/>\n<meta name=\"twitter:card\" content=\"summary_large_image\" \/>\n<meta name=\"twitter:label1\" content=\"Dur\u00e9e de lecture estim\u00e9e\" \/>\n\t<meta name=\"twitter:data1\" content=\"1 minute\" \/>\n<script type=\"application\/ld+json\" class=\"yoast-schema-graph\">{\"@context\":\"https:\\\/\\\/schema.org\",\"@graph\":[{\"@type\":\"WebPage\",\"@id\":\"https:\\\/\\\/fadein.es\\\/fr\\\/producto\\\/deterplus\\\/\",\"url\":\"https:\\\/\\\/fadein.es\\\/fr\\\/producto\\\/deterplus\\\/\",\"name\":\"DETERPLUS D\u00e9tergent d\u00e9graissant alcalin puissant\",\"isPartOf\":{\"@id\":\"https:\\\/\\\/fadein.es\\\/fr\\\/#website\"},\"primaryImageOfPage\":{\"@id\":\"https:\\\/\\\/fadein.es\\\/fr\\\/producto\\\/deterplus\\\/#primaryimage\"},\"image\":{\"@id\":\"https:\\\/\\\/fadein.es\\\/fr\\\/producto\\\/deterplus\\\/#primaryimage\"},\"thumbnailUrl\":\"https:\\\/\\\/fadein.es\\\/wp-content\\\/uploads\\\/2025\\\/11\\\/DETERPLUS-20KG.jpg\",\"datePublished\":\"2025-02-26T13:56:17+00:00\",\"description\":\"Il est utilis\u00e9 pour le nettoyage de tous types de carrosseries, de machines, de moteurs, de sols gras et de surfaces tr\u00e8s sales, en \u00e9liminant la salet\u00e9.\",\"breadcrumb\":{\"@id\":\"https:\\\/\\\/fadein.es\\\/fr\\\/producto\\\/deterplus\\\/#breadcrumb\"},\"inLanguage\":\"fr-FR\",\"potentialAction\":[{\"@type\":\"ReadAction\",\"target\":[\"https:\\\/\\\/fadein.es\\\/fr\\\/producto\\\/deterplus\\\/\"]}]},{\"@type\":\"ImageObject\",\"inLanguage\":\"fr-FR\",\"@id\":\"https:\\\/\\\/fadein.es\\\/fr\\\/producto\\\/deterplus\\\/#primaryimage\",\"url\":\"https:\\\/\\\/fadein.es\\\/wp-content\\\/uploads\\\/2025\\\/11\\\/DETERPLUS-20KG.jpg\",\"contentUrl\":\"https:\\\/\\\/fadein.es\\\/wp-content\\\/uploads\\\/2025\\\/11\\\/DETERPLUS-20KG.jpg\",\"width\":1323,\"height\":1323,\"caption\":\"DETERPLUS 20KG\"},{\"@type\":\"BreadcrumbList\",\"@id\":\"https:\\\/\\\/fadein.es\\\/fr\\\/producto\\\/deterplus\\\/#breadcrumb\",\"itemListElement\":[{\"@type\":\"ListItem\",\"position\":1,\"name\":\"Portada\",\"item\":\"https:\\\/\\\/fadein.es\\\/fr\\\/accueil\\\/\"},{\"@type\":\"ListItem\",\"position\":2,\"name\":\"Boutique\",\"item\":\"https:\\\/\\\/fadein.es\\\/fr\\\/boutique\\\/\"},{\"@type\":\"ListItem\",\"position\":3,\"name\":\"DETERPLUS\"}]},{\"@type\":\"WebSite\",\"@id\":\"https:\\\/\\\/fadein.es\\\/fr\\\/#website\",\"url\":\"https:\\\/\\\/fadein.es\\\/fr\\\/\",\"name\":\"Fadein\",\"description\":\"Detergentes de alto rendimiento\",\"publisher\":{\"@id\":\"https:\\\/\\\/fadein.es\\\/fr\\\/#organization\"},\"alternateName\":\"Detergentes de alto rendimiento\",\"potentialAction\":[{\"@type\":\"SearchAction\",\"target\":{\"@type\":\"EntryPoint\",\"urlTemplate\":\"https:\\\/\\\/fadein.es\\\/fr\\\/?s={search_term_string}\"},\"query-input\":{\"@type\":\"PropertyValueSpecification\",\"valueRequired\":true,\"valueName\":\"search_term_string\"}}],\"inLanguage\":\"fr-FR\"},{\"@type\":\"Organization\",\"@id\":\"https:\\\/\\\/fadein.es\\\/fr\\\/#organization\",\"name\":\"Fadein\",\"alternateName\":\"Detergentes de alto rendimiento\",\"url\":\"https:\\\/\\\/fadein.es\\\/fr\\\/\",\"logo\":{\"@type\":\"ImageObject\",\"inLanguage\":\"fr-FR\",\"@id\":\"https:\\\/\\\/fadein.es\\\/fr\\\/#\\\/schema\\\/logo\\\/image\\\/\",\"url\":\"https:\\\/\\\/fadein.es\\\/wp-content\\\/uploads\\\/2021\\\/05\\\/fadein-deterdentes-de-alto-rendimiento.png\",\"contentUrl\":\"https:\\\/\\\/fadein.es\\\/wp-content\\\/uploads\\\/2021\\\/05\\\/fadein-deterdentes-de-alto-rendimiento.png\",\"width\":512,\"height\":512,\"caption\":\"Fadein\"},\"image\":{\"@id\":\"https:\\\/\\\/fadein.es\\\/fr\\\/#\\\/schema\\\/logo\\\/image\\\/\"}}]}<\/script>\n<!-- \/ Yoast SEO Premium plugin. -->","yoast_head_json":{"title":"DETERPLUS D\u00e9tergent d\u00e9graissant alcalin puissant","description":"Il est utilis\u00e9 pour le nettoyage de tous types de carrosseries, de machines, de moteurs, de sols gras et de surfaces tr\u00e8s sales, en \u00e9liminant la salet\u00e9.","robots":{"index":"index","follow":"follow","max-snippet":"max-snippet:-1","max-image-preview":"max-image-preview:large","max-video-preview":"max-video-preview:-1"},"canonical":"https:\/\/fadein.es\/fr\/producto\/deterplus\/","og_locale":"fr_FR","og_type":"article","og_title":"DETERPLUS","og_description":"Il est utilis\u00e9 pour le nettoyage de tous types de carrosseries, de machines, de moteurs, de sols gras et de surfaces tr\u00e8s sales, en \u00e9liminant la salet\u00e9.","og_url":"https:\/\/fadein.es\/fr\/producto\/deterplus\/","og_site_name":"Fadein","og_image":[{"width":500,"height":500,"url":"https:\/\/fadein.es\/wp-content\/uploads\/2025\/02\/DETERPLUS-FADEIN.png","type":"image\/png"}],"twitter_card":"summary_large_image","twitter_misc":{"Dur\u00e9e de lecture estim\u00e9e":"1 minute"},"schema":{"@context":"https:\/\/schema.org","@graph":[{"@type":"WebPage","@id":"https:\/\/fadein.es\/fr\/producto\/deterplus\/","url":"https:\/\/fadein.es\/fr\/producto\/deterplus\/","name":"DETERPLUS D\u00e9tergent d\u00e9graissant alcalin puissant","isPartOf":{"@id":"https:\/\/fadein.es\/fr\/#website"},"primaryImageOfPage":{"@id":"https:\/\/fadein.es\/fr\/producto\/deterplus\/#primaryimage"},"image":{"@id":"https:\/\/fadein.es\/fr\/producto\/deterplus\/#primaryimage"},"thumbnailUrl":"https:\/\/fadein.es\/wp-content\/uploads\/2025\/11\/DETERPLUS-20KG.jpg","datePublished":"2025-02-26T13:56:17+00:00","description":"Il est utilis\u00e9 pour le nettoyage de tous types de carrosseries, de machines, de moteurs, de sols gras et de surfaces tr\u00e8s sales, en \u00e9liminant la salet\u00e9.","breadcrumb":{"@id":"https:\/\/fadein.es\/fr\/producto\/deterplus\/#breadcrumb"},"inLanguage":"fr-FR","potentialAction":[{"@type":"ReadAction","target":["https:\/\/fadein.es\/fr\/producto\/deterplus\/"]}]},{"@type":"ImageObject","inLanguage":"fr-FR","@id":"https:\/\/fadein.es\/fr\/producto\/deterplus\/#primaryimage","url":"https:\/\/fadein.es\/wp-content\/uploads\/2025\/11\/DETERPLUS-20KG.jpg","contentUrl":"https:\/\/fadein.es\/wp-content\/uploads\/2025\/11\/DETERPLUS-20KG.jpg","width":1323,"height":1323,"caption":"DETERPLUS 20KG"},{"@type":"BreadcrumbList","@id":"https:\/\/fadein.es\/fr\/producto\/deterplus\/#breadcrumb","itemListElement":[{"@type":"ListItem","position":1,"name":"Portada","item":"https:\/\/fadein.es\/fr\/accueil\/"},{"@type":"ListItem","position":2,"name":"Boutique","item":"https:\/\/fadein.es\/fr\/boutique\/"},{"@type":"ListItem","position":3,"name":"DETERPLUS"}]},{"@type":"WebSite","@id":"https:\/\/fadein.es\/fr\/#website","url":"https:\/\/fadein.es\/fr\/","name":"Fadein","description":"Detergentes de alto rendimiento","publisher":{"@id":"https:\/\/fadein.es\/fr\/#organization"},"alternateName":"Detergentes de alto rendimiento","potentialAction":[{"@type":"SearchAction","target":{"@type":"EntryPoint","urlTemplate":"https:\/\/fadein.es\/fr\/?s={search_term_string}"},"query-input":{"@type":"PropertyValueSpecification","valueRequired":true,"valueName":"search_term_string"}}],"inLanguage":"fr-FR"},{"@type":"Organization","@id":"https:\/\/fadein.es\/fr\/#organization","name":"Fadein","alternateName":"Detergentes de alto rendimiento","url":"https:\/\/fadein.es\/fr\/","logo":{"@type":"ImageObject","inLanguage":"fr-FR","@id":"https:\/\/fadein.es\/fr\/#\/schema\/logo\/image\/","url":"https:\/\/fadein.es\/wp-content\/uploads\/2021\/05\/fadein-deterdentes-de-alto-rendimiento.png","contentUrl":"https:\/\/fadein.es\/wp-content\/uploads\/2021\/05\/fadein-deterdentes-de-alto-rendimiento.png","width":512,"height":512,"caption":"Fadein"},"image":{"@id":"https:\/\/fadein.es\/fr\/#\/schema\/logo\/image\/"}}]}},"_links":{"self":[{"href":"https:\/\/fadein.es\/fr\/wp-json\/wp\/v2\/product\/8669","targetHints":{"allow":["GET"]}}],"collection":[{"href":"https:\/\/fadein.es\/fr\/wp-json\/wp\/v2\/product"}],"about":[{"href":"https:\/\/fadein.es\/fr\/wp-json\/wp\/v2\/types\/product"}],"replies":[{"embeddable":true,"href":"https:\/\/fadein.es\/fr\/wp-json\/wp\/v2\/comments?post=8669"}],"wp:featuredmedia":[{"embeddable":true,"href":"https:\/\/fadein.es\/fr\/wp-json\/wp\/v2\/media\/10929"}],"wp:attachment":[{"href":"https:\/\/fadein.es\/fr\/wp-json\/wp\/v2\/media?parent=8669"}],"wp:term":[{"taxonomy":"product_brand","embeddable":true,"href":"https:\/\/fadein.es\/fr\/wp-json\/wp\/v2\/product_brand?post=8669"},{"taxonomy":"product_cat","embeddable":true,"href":"https:\/\/fadein.es\/fr\/wp-json\/wp\/v2\/product_cat?post=8669"},{"taxonomy":"product_tag","embeddable":true,"href":"https:\/\/fadein.es\/fr\/wp-json\/wp\/v2\/product_tag?post=8669"}],"curies":[{"name":"wp","href":"https:\/\/api.w.org\/{rel}","templated":true}]}}