{"id":8667,"date":"2025-02-26T13:56:16","date_gmt":"2025-02-26T13:56:16","guid":{"rendered":"https:\/\/fadein.es\/producto\/demoustiquant-dinsectes\/"},"modified":"2025-09-06T00:00:05","modified_gmt":"2025-09-05T22:00:05","slug":"demoustiquant-dinsectes","status":"publish","type":"product","link":"https:\/\/fadein.es\/fr\/producto\/demoustiquant-dinsectes\/","title":{"rendered":"D\u00c9MOUSTIQUANT D&rsquo;INSECTES"},"content":{"rendered":"<p><strong>INSECT REMOVER<\/strong> est formul\u00e9 avec des<strong> ingr\u00e9dients sp\u00e9cifiques qui dissolvent efficacement les d\u00e9bris d&rsquo;insectes et la salet\u00e9 de la carrosserie.<\/strong> <\/p>\n<p>Sans danger pour la carrosserie, \u00e9vitant de l&rsquo;endommager ou de la d\u00e9colorer. Nettoie rapidement les insectes incrust\u00e9s dans la carrosserie. <\/p>\n<p>Vous pouvez contacter le service commercial de <strong><strong>FADEIN<\/strong><\/strong> par t\u00e9l\u00e9phone<strong><strong> 91 873 87 02 <\/strong><\/strong>ou par e-mail<strong><strong> att.cliente@fadein.es <\/strong><\/strong>pour toute information compl\u00e9mentaire ou demande de devis de nos produits.  <\/p>\n","protected":false},"excerpt":{"rendered":"<p>Nettoyage des insectes<\/p>\n","protected":false},"featured_media":8694,"comment_status":"open","ping_status":"closed","template":"","meta":{"_et_pb_use_builder":"","_et_pb_old_content":"","_et_gb_content_width":""},"product_brand":[],"product_cat":[474,627,678,676,483,487,877,480,1078,1076],"product_tag":[806,447],"class_list":{"0":"post-8667","1":"product","2":"type-product","3":"status-publish","4":"has-post-thumbnail","6":"product_cat-automotion-fr","7":"product_cat-boites-a-haute-pression","8":"product_cat-desinsectisation-fr","9":"product_cat-desinsectisation","10":"product_cat-lavage-manuel","11":"product_cat-lavage-manuel-sans-eau","12":"product_cat-lavage-sans-eau","13":"product_cat-tunnel-et-pont-de-lavage","14":"product_cat-usage-domestique","15":"product_cat-usage-professionnel-industriel","16":"product_tag-eliminateur-dinsectes","17":"product_tag-pulverisation-fr","19":"first","20":"instock","21":"taxable","22":"shipping-taxable","23":"purchasable","24":"product-type-simple"},"yoast_head":"<!-- This site is optimized with the Yoast SEO Premium plugin v27.2 (Yoast SEO v27.4) - https:\/\/yoast.com\/product\/yoast-seo-premium-wordpress\/ -->\n<title>INSECT REMOVER produit id\u00e9al pour l&#039;\u00e9limination des insectes<\/title>\n<meta name=\"description\" content=\"Il est formul\u00e9 avec des ingr\u00e9dients sp\u00e9cifiques qui dissolvent efficacement les r\u00e9sidus d&#039;insectes et la salet\u00e9 de la carrosserie.\" \/>\n<meta name=\"robots\" content=\"index, follow, max-snippet:-1, max-image-preview:large, max-video-preview:-1\" \/>\n<link rel=\"canonical\" href=\"https:\/\/fadein.es\/fr\/producto\/demoustiquant-dinsectes\/\" \/>\n<meta property=\"og:locale\" content=\"fr_FR\" \/>\n<meta property=\"og:type\" content=\"article\" \/>\n<meta property=\"og:title\" content=\"D\u00c9MOUSTIQUANT D&#039;INSECTES\" \/>\n<meta property=\"og:description\" content=\"Il est formul\u00e9 avec des ingr\u00e9dients sp\u00e9cifiques qui dissolvent efficacement les r\u00e9sidus d&#039;insectes et la salet\u00e9 de la carrosserie.\" \/>\n<meta property=\"og:url\" content=\"https:\/\/fadein.es\/fr\/producto\/demoustiquant-dinsectes\/\" \/>\n<meta property=\"og:site_name\" content=\"Fadein\" \/>\n<meta property=\"article:modified_time\" content=\"2025-09-05T22:00:05+00:00\" \/>\n<meta property=\"og:image\" content=\"https:\/\/fadein.es\/wp-content\/uploads\/2024\/03\/INSECT-REMOVER.png\" \/>\n\t<meta property=\"og:image:width\" content=\"1448\" \/>\n\t<meta property=\"og:image:height\" content=\"2048\" \/>\n\t<meta property=\"og:image:type\" content=\"image\/png\" \/>\n<meta name=\"twitter:card\" content=\"summary_large_image\" \/>\n<script type=\"application\/ld+json\" class=\"yoast-schema-graph\">{\"@context\":\"https:\\\/\\\/schema.org\",\"@graph\":[{\"@type\":\"WebPage\",\"@id\":\"https:\\\/\\\/fadein.es\\\/fr\\\/producto\\\/demoustiquant-dinsectes\\\/\",\"url\":\"https:\\\/\\\/fadein.es\\\/fr\\\/producto\\\/demoustiquant-dinsectes\\\/\",\"name\":\"INSECT REMOVER produit id\u00e9al pour l'\u00e9limination des insectes\",\"isPartOf\":{\"@id\":\"https:\\\/\\\/fadein.es\\\/fr\\\/#website\"},\"primaryImageOfPage\":{\"@id\":\"https:\\\/\\\/fadein.es\\\/fr\\\/producto\\\/demoustiquant-dinsectes\\\/#primaryimage\"},\"image\":{\"@id\":\"https:\\\/\\\/fadein.es\\\/fr\\\/producto\\\/demoustiquant-dinsectes\\\/#primaryimage\"},\"thumbnailUrl\":\"https:\\\/\\\/fadein.es\\\/wp-content\\\/uploads\\\/2025\\\/02\\\/INSECT-REMOVER-FADEIN.png\",\"datePublished\":\"2025-02-26T13:56:16+00:00\",\"dateModified\":\"2025-09-05T22:00:05+00:00\",\"description\":\"Il est formul\u00e9 avec des ingr\u00e9dients sp\u00e9cifiques qui dissolvent efficacement les r\u00e9sidus d'insectes et la salet\u00e9 de la carrosserie.\",\"breadcrumb\":{\"@id\":\"https:\\\/\\\/fadein.es\\\/fr\\\/producto\\\/demoustiquant-dinsectes\\\/#breadcrumb\"},\"inLanguage\":\"fr-FR\",\"potentialAction\":[{\"@type\":\"ReadAction\",\"target\":[\"https:\\\/\\\/fadein.es\\\/fr\\\/producto\\\/demoustiquant-dinsectes\\\/\"]}]},{\"@type\":\"ImageObject\",\"inLanguage\":\"fr-FR\",\"@id\":\"https:\\\/\\\/fadein.es\\\/fr\\\/producto\\\/demoustiquant-dinsectes\\\/#primaryimage\",\"url\":\"https:\\\/\\\/fadein.es\\\/wp-content\\\/uploads\\\/2025\\\/02\\\/INSECT-REMOVER-FADEIN.png\",\"contentUrl\":\"https:\\\/\\\/fadein.es\\\/wp-content\\\/uploads\\\/2025\\\/02\\\/INSECT-REMOVER-FADEIN.png\",\"width\":800,\"height\":800,\"caption\":\"INSECT-REMOVER FADEIN\"},{\"@type\":\"BreadcrumbList\",\"@id\":\"https:\\\/\\\/fadein.es\\\/fr\\\/producto\\\/demoustiquant-dinsectes\\\/#breadcrumb\",\"itemListElement\":[{\"@type\":\"ListItem\",\"position\":1,\"name\":\"Portada\",\"item\":\"https:\\\/\\\/fadein.es\\\/fr\\\/accueil\\\/\"},{\"@type\":\"ListItem\",\"position\":2,\"name\":\"Boutique\",\"item\":\"https:\\\/\\\/fadein.es\\\/fr\\\/boutique\\\/\"},{\"@type\":\"ListItem\",\"position\":3,\"name\":\"D\u00c9MOUSTIQUANT D&rsquo;INSECTES\"}]},{\"@type\":\"WebSite\",\"@id\":\"https:\\\/\\\/fadein.es\\\/fr\\\/#website\",\"url\":\"https:\\\/\\\/fadein.es\\\/fr\\\/\",\"name\":\"Fadein\",\"description\":\"Detergentes de alto rendimiento\",\"publisher\":{\"@id\":\"https:\\\/\\\/fadein.es\\\/fr\\\/#organization\"},\"alternateName\":\"Detergentes de alto rendimiento\",\"potentialAction\":[{\"@type\":\"SearchAction\",\"target\":{\"@type\":\"EntryPoint\",\"urlTemplate\":\"https:\\\/\\\/fadein.es\\\/fr\\\/?s={search_term_string}\"},\"query-input\":{\"@type\":\"PropertyValueSpecification\",\"valueRequired\":true,\"valueName\":\"search_term_string\"}}],\"inLanguage\":\"fr-FR\"},{\"@type\":\"Organization\",\"@id\":\"https:\\\/\\\/fadein.es\\\/fr\\\/#organization\",\"name\":\"Fadein\",\"alternateName\":\"Detergentes de alto rendimiento\",\"url\":\"https:\\\/\\\/fadein.es\\\/fr\\\/\",\"logo\":{\"@type\":\"ImageObject\",\"inLanguage\":\"fr-FR\",\"@id\":\"https:\\\/\\\/fadein.es\\\/fr\\\/#\\\/schema\\\/logo\\\/image\\\/\",\"url\":\"https:\\\/\\\/fadein.es\\\/wp-content\\\/uploads\\\/2021\\\/05\\\/fadein-deterdentes-de-alto-rendimiento.png\",\"contentUrl\":\"https:\\\/\\\/fadein.es\\\/wp-content\\\/uploads\\\/2021\\\/05\\\/fadein-deterdentes-de-alto-rendimiento.png\",\"width\":512,\"height\":512,\"caption\":\"Fadein\"},\"image\":{\"@id\":\"https:\\\/\\\/fadein.es\\\/fr\\\/#\\\/schema\\\/logo\\\/image\\\/\"}}]}<\/script>\n<!-- \/ Yoast SEO Premium plugin. -->","yoast_head_json":{"title":"INSECT REMOVER produit id\u00e9al pour l'\u00e9limination des insectes","description":"Il est formul\u00e9 avec des ingr\u00e9dients sp\u00e9cifiques qui dissolvent efficacement les r\u00e9sidus d'insectes et la salet\u00e9 de la carrosserie.","robots":{"index":"index","follow":"follow","max-snippet":"max-snippet:-1","max-image-preview":"max-image-preview:large","max-video-preview":"max-video-preview:-1"},"canonical":"https:\/\/fadein.es\/fr\/producto\/demoustiquant-dinsectes\/","og_locale":"fr_FR","og_type":"article","og_title":"D\u00c9MOUSTIQUANT D'INSECTES","og_description":"Il est formul\u00e9 avec des ingr\u00e9dients sp\u00e9cifiques qui dissolvent efficacement les r\u00e9sidus d'insectes et la salet\u00e9 de la carrosserie.","og_url":"https:\/\/fadein.es\/fr\/producto\/demoustiquant-dinsectes\/","og_site_name":"Fadein","article_modified_time":"2025-09-05T22:00:05+00:00","og_image":[{"width":1448,"height":2048,"url":"https:\/\/fadein.es\/wp-content\/uploads\/2024\/03\/INSECT-REMOVER.png","type":"image\/png"}],"twitter_card":"summary_large_image","schema":{"@context":"https:\/\/schema.org","@graph":[{"@type":"WebPage","@id":"https:\/\/fadein.es\/fr\/producto\/demoustiquant-dinsectes\/","url":"https:\/\/fadein.es\/fr\/producto\/demoustiquant-dinsectes\/","name":"INSECT REMOVER produit id\u00e9al pour l'\u00e9limination des insectes","isPartOf":{"@id":"https:\/\/fadein.es\/fr\/#website"},"primaryImageOfPage":{"@id":"https:\/\/fadein.es\/fr\/producto\/demoustiquant-dinsectes\/#primaryimage"},"image":{"@id":"https:\/\/fadein.es\/fr\/producto\/demoustiquant-dinsectes\/#primaryimage"},"thumbnailUrl":"https:\/\/fadein.es\/wp-content\/uploads\/2025\/02\/INSECT-REMOVER-FADEIN.png","datePublished":"2025-02-26T13:56:16+00:00","dateModified":"2025-09-05T22:00:05+00:00","description":"Il est formul\u00e9 avec des ingr\u00e9dients sp\u00e9cifiques qui dissolvent efficacement les r\u00e9sidus d'insectes et la salet\u00e9 de la carrosserie.","breadcrumb":{"@id":"https:\/\/fadein.es\/fr\/producto\/demoustiquant-dinsectes\/#breadcrumb"},"inLanguage":"fr-FR","potentialAction":[{"@type":"ReadAction","target":["https:\/\/fadein.es\/fr\/producto\/demoustiquant-dinsectes\/"]}]},{"@type":"ImageObject","inLanguage":"fr-FR","@id":"https:\/\/fadein.es\/fr\/producto\/demoustiquant-dinsectes\/#primaryimage","url":"https:\/\/fadein.es\/wp-content\/uploads\/2025\/02\/INSECT-REMOVER-FADEIN.png","contentUrl":"https:\/\/fadein.es\/wp-content\/uploads\/2025\/02\/INSECT-REMOVER-FADEIN.png","width":800,"height":800,"caption":"INSECT-REMOVER FADEIN"},{"@type":"BreadcrumbList","@id":"https:\/\/fadein.es\/fr\/producto\/demoustiquant-dinsectes\/#breadcrumb","itemListElement":[{"@type":"ListItem","position":1,"name":"Portada","item":"https:\/\/fadein.es\/fr\/accueil\/"},{"@type":"ListItem","position":2,"name":"Boutique","item":"https:\/\/fadein.es\/fr\/boutique\/"},{"@type":"ListItem","position":3,"name":"D\u00c9MOUSTIQUANT D&rsquo;INSECTES"}]},{"@type":"WebSite","@id":"https:\/\/fadein.es\/fr\/#website","url":"https:\/\/fadein.es\/fr\/","name":"Fadein","description":"Detergentes de alto rendimiento","publisher":{"@id":"https:\/\/fadein.es\/fr\/#organization"},"alternateName":"Detergentes de alto rendimiento","potentialAction":[{"@type":"SearchAction","target":{"@type":"EntryPoint","urlTemplate":"https:\/\/fadein.es\/fr\/?s={search_term_string}"},"query-input":{"@type":"PropertyValueSpecification","valueRequired":true,"valueName":"search_term_string"}}],"inLanguage":"fr-FR"},{"@type":"Organization","@id":"https:\/\/fadein.es\/fr\/#organization","name":"Fadein","alternateName":"Detergentes de alto rendimiento","url":"https:\/\/fadein.es\/fr\/","logo":{"@type":"ImageObject","inLanguage":"fr-FR","@id":"https:\/\/fadein.es\/fr\/#\/schema\/logo\/image\/","url":"https:\/\/fadein.es\/wp-content\/uploads\/2021\/05\/fadein-deterdentes-de-alto-rendimiento.png","contentUrl":"https:\/\/fadein.es\/wp-content\/uploads\/2021\/05\/fadein-deterdentes-de-alto-rendimiento.png","width":512,"height":512,"caption":"Fadein"},"image":{"@id":"https:\/\/fadein.es\/fr\/#\/schema\/logo\/image\/"}}]}},"_links":{"self":[{"href":"https:\/\/fadein.es\/fr\/wp-json\/wp\/v2\/product\/8667","targetHints":{"allow":["GET"]}}],"collection":[{"href":"https:\/\/fadein.es\/fr\/wp-json\/wp\/v2\/product"}],"about":[{"href":"https:\/\/fadein.es\/fr\/wp-json\/wp\/v2\/types\/product"}],"replies":[{"embeddable":true,"href":"https:\/\/fadein.es\/fr\/wp-json\/wp\/v2\/comments?post=8667"}],"wp:featuredmedia":[{"embeddable":true,"href":"https:\/\/fadein.es\/fr\/wp-json\/wp\/v2\/media\/8694"}],"wp:attachment":[{"href":"https:\/\/fadein.es\/fr\/wp-json\/wp\/v2\/media?parent=8667"}],"wp:term":[{"taxonomy":"product_brand","embeddable":true,"href":"https:\/\/fadein.es\/fr\/wp-json\/wp\/v2\/product_brand?post=8667"},{"taxonomy":"product_cat","embeddable":true,"href":"https:\/\/fadein.es\/fr\/wp-json\/wp\/v2\/product_cat?post=8667"},{"taxonomy":"product_tag","embeddable":true,"href":"https:\/\/fadein.es\/fr\/wp-json\/wp\/v2\/product_tag?post=8667"}],"curies":[{"name":"wp","href":"https:\/\/api.w.org\/{rel}","templated":true}]}}