{"id":8663,"date":"2025-02-26T13:56:17","date_gmt":"2025-02-26T13:56:17","guid":{"rendered":"https:\/\/fadein.es\/producto\/active-plus\/"},"modified":"2025-02-26T13:56:17","modified_gmt":"2025-02-26T13:56:17","slug":"active-plus","status":"publish","type":"product","link":"https:\/\/fadein.es\/fr\/producto\/active-plus\/","title":{"rendered":"ACTIVE PLUS"},"content":{"rendered":"<p><strong>PLUS ACTIVO est<\/strong>un d\u00e9tergent-shampoing hautement concentr\u00e9 avec un fort pouvoir d\u00e9tergent et moussant. Il s&rsquo;agit d&rsquo;un liquide \u00e0 faible viscosit\u00e9, ce qui permet de l&rsquo;utiliser avec des pompes de dosage.<br \/>\n<strong>Il poss\u00e8de un grand pouvoir mouillant et d\u00e9graissant, ce qui lui permet d&rsquo;\u00e9liminer facilement les fum\u00e9es, les graisses, les fientes d&rsquo;oiseaux, les insectes, etc.<\/strong><br \/>\nGr\u00e2ce \u00e0 son grand pouvoir s\u00e9questrant, il peut \u00eatre utilis\u00e9 avec de l&rsquo;eau de n&rsquo;importe quelle duret\u00e9.  <\/p>\n<p>Il est particuli\u00e8rement adapt\u00e9 :<\/p>\n<p>&#8211; Pour les arcs en mousse sur les ponts et les tunnels de lavage.<\/p>\n<p>&#8211; Pour les bo\u00eetes et les \u00e9quipements \u00e0 haute pression.<\/p>\n<p>&#8211; Pour le lavage manuel de tous types de machines et de v\u00e9hicules.<\/p>\n<p>Vous pouvez contacter le service commercial de <strong><strong>FADEIN<\/strong><\/strong> par t\u00e9l\u00e9phone<strong><strong> 91 873 87 02 <\/strong><\/strong>ou par e-mail<strong><strong> att.cliente@fadein.es <\/strong><\/strong>pour toute information compl\u00e9mentaire ou demande de devis de nos produits.  <\/p>\n","protected":false},"excerpt":{"rendered":"<p>D\u00e9tergent-shampooing \u00e0 fort pouvoir moussant<\/p>\n","protected":false},"featured_media":10951,"comment_status":"open","ping_status":"closed","template":"","meta":{"_et_pb_use_builder":"","_et_pb_old_content":"","_et_gb_content_width":""},"product_brand":[],"product_cat":[675,474,480,1076],"product_tag":[773,876,558],"class_list":{"0":"post-8663","1":"product","2":"type-product","3":"status-publish","4":"has-post-thumbnail","6":"product_cat-arceau-en-mousse","7":"product_cat-automotion-fr","8":"product_cat-tunnel-et-pont-de-lavage","9":"product_cat-usage-professionnel-industriel","10":"product_tag-mousse","11":"product_tag-nettoyage-de-la-carrosserie-des-vehicules-fr","12":"product_tag-nettoyage-manuel","14":"first","15":"instock","16":"taxable","17":"shipping-taxable","18":"purchasable","19":"product-type-simple"},"yoast_head":"<!-- This site is optimized with the Yoast SEO Premium plugin v27.2 (Yoast SEO v27.5) - https:\/\/yoast.com\/product\/yoast-seo-premium-wordpress\/ -->\n<title>PLUS ACTIVE D\u00e9tergent-shampooing \u00e0 haut pouvoir moussant<\/title>\n<meta name=\"description\" content=\"Il poss\u00e8de un grand pouvoir hydratant et d\u00e9graissant, ce qui lui permet d&#039;\u00e9liminer facilement les fum\u00e9es, les graisses, les fientes d&#039;oiseaux, les insectes, etc.\" \/>\n<meta name=\"robots\" content=\"index, follow, max-snippet:-1, max-image-preview:large, max-video-preview:-1\" \/>\n<link rel=\"canonical\" href=\"https:\/\/fadein.es\/fr\/producto\/active-plus\/\" \/>\n<meta property=\"og:locale\" content=\"fr_FR\" \/>\n<meta property=\"og:type\" content=\"article\" \/>\n<meta property=\"og:title\" content=\"ACTIVE PLUS\" \/>\n<meta property=\"og:description\" content=\"Il poss\u00e8de un grand pouvoir hydratant et d\u00e9graissant, ce qui lui permet d&#039;\u00e9liminer facilement les fum\u00e9es, les graisses, les fientes d&#039;oiseaux, les insectes, etc.\" \/>\n<meta property=\"og:url\" content=\"https:\/\/fadein.es\/fr\/producto\/active-plus\/\" \/>\n<meta property=\"og:site_name\" content=\"Fadein\" \/>\n<meta property=\"og:image\" content=\"https:\/\/fadein.es\/wp-content\/uploads\/2025\/11\/PLUS-ACTIVO-20KG.jpg\" \/>\n\t<meta property=\"og:image:width\" content=\"1323\" \/>\n\t<meta property=\"og:image:height\" content=\"1323\" \/>\n\t<meta property=\"og:image:type\" content=\"image\/jpeg\" \/>\n<meta name=\"twitter:card\" content=\"summary_large_image\" \/>\n<meta name=\"twitter:label1\" content=\"Dur\u00e9e de lecture estim\u00e9e\" \/>\n\t<meta name=\"twitter:data1\" content=\"1 minute\" \/>\n<script type=\"application\/ld+json\" class=\"yoast-schema-graph\">{\"@context\":\"https:\\\/\\\/schema.org\",\"@graph\":[{\"@type\":\"WebPage\",\"@id\":\"https:\\\/\\\/fadein.es\\\/fr\\\/producto\\\/active-plus\\\/\",\"url\":\"https:\\\/\\\/fadein.es\\\/fr\\\/producto\\\/active-plus\\\/\",\"name\":\"PLUS ACTIVE D\u00e9tergent-shampooing \u00e0 haut pouvoir moussant\",\"isPartOf\":{\"@id\":\"https:\\\/\\\/fadein.es\\\/fr\\\/#website\"},\"primaryImageOfPage\":{\"@id\":\"https:\\\/\\\/fadein.es\\\/fr\\\/producto\\\/active-plus\\\/#primaryimage\"},\"image\":{\"@id\":\"https:\\\/\\\/fadein.es\\\/fr\\\/producto\\\/active-plus\\\/#primaryimage\"},\"thumbnailUrl\":\"https:\\\/\\\/fadein.es\\\/wp-content\\\/uploads\\\/2025\\\/11\\\/PLUS-ACTIVO-20KG.jpg\",\"datePublished\":\"2025-02-26T13:56:17+00:00\",\"description\":\"Il poss\u00e8de un grand pouvoir hydratant et d\u00e9graissant, ce qui lui permet d'\u00e9liminer facilement les fum\u00e9es, les graisses, les fientes d'oiseaux, les insectes, etc.\",\"breadcrumb\":{\"@id\":\"https:\\\/\\\/fadein.es\\\/fr\\\/producto\\\/active-plus\\\/#breadcrumb\"},\"inLanguage\":\"fr-FR\",\"potentialAction\":[{\"@type\":\"ReadAction\",\"target\":[\"https:\\\/\\\/fadein.es\\\/fr\\\/producto\\\/active-plus\\\/\"]}]},{\"@type\":\"ImageObject\",\"inLanguage\":\"fr-FR\",\"@id\":\"https:\\\/\\\/fadein.es\\\/fr\\\/producto\\\/active-plus\\\/#primaryimage\",\"url\":\"https:\\\/\\\/fadein.es\\\/wp-content\\\/uploads\\\/2025\\\/11\\\/PLUS-ACTIVO-20KG.jpg\",\"contentUrl\":\"https:\\\/\\\/fadein.es\\\/wp-content\\\/uploads\\\/2025\\\/11\\\/PLUS-ACTIVO-20KG.jpg\",\"width\":1323,\"height\":1323,\"caption\":\"PLUS-ACTIVO 20KG\"},{\"@type\":\"BreadcrumbList\",\"@id\":\"https:\\\/\\\/fadein.es\\\/fr\\\/producto\\\/active-plus\\\/#breadcrumb\",\"itemListElement\":[{\"@type\":\"ListItem\",\"position\":1,\"name\":\"Portada\",\"item\":\"https:\\\/\\\/fadein.es\\\/fr\\\/accueil\\\/\"},{\"@type\":\"ListItem\",\"position\":2,\"name\":\"Boutique\",\"item\":\"https:\\\/\\\/fadein.es\\\/fr\\\/boutique\\\/\"},{\"@type\":\"ListItem\",\"position\":3,\"name\":\"ACTIVE PLUS\"}]},{\"@type\":\"WebSite\",\"@id\":\"https:\\\/\\\/fadein.es\\\/fr\\\/#website\",\"url\":\"https:\\\/\\\/fadein.es\\\/fr\\\/\",\"name\":\"Fadein\",\"description\":\"Detergentes de alto rendimiento\",\"publisher\":{\"@id\":\"https:\\\/\\\/fadein.es\\\/fr\\\/#organization\"},\"alternateName\":\"Detergentes de alto rendimiento\",\"potentialAction\":[{\"@type\":\"SearchAction\",\"target\":{\"@type\":\"EntryPoint\",\"urlTemplate\":\"https:\\\/\\\/fadein.es\\\/fr\\\/?s={search_term_string}\"},\"query-input\":{\"@type\":\"PropertyValueSpecification\",\"valueRequired\":true,\"valueName\":\"search_term_string\"}}],\"inLanguage\":\"fr-FR\"},{\"@type\":\"Organization\",\"@id\":\"https:\\\/\\\/fadein.es\\\/fr\\\/#organization\",\"name\":\"Fadein\",\"alternateName\":\"Detergentes de alto rendimiento\",\"url\":\"https:\\\/\\\/fadein.es\\\/fr\\\/\",\"logo\":{\"@type\":\"ImageObject\",\"inLanguage\":\"fr-FR\",\"@id\":\"https:\\\/\\\/fadein.es\\\/fr\\\/#\\\/schema\\\/logo\\\/image\\\/\",\"url\":\"https:\\\/\\\/fadein.es\\\/wp-content\\\/uploads\\\/2021\\\/05\\\/fadein-deterdentes-de-alto-rendimiento.png\",\"contentUrl\":\"https:\\\/\\\/fadein.es\\\/wp-content\\\/uploads\\\/2021\\\/05\\\/fadein-deterdentes-de-alto-rendimiento.png\",\"width\":512,\"height\":512,\"caption\":\"Fadein\"},\"image\":{\"@id\":\"https:\\\/\\\/fadein.es\\\/fr\\\/#\\\/schema\\\/logo\\\/image\\\/\"}}]}<\/script>\n<!-- \/ Yoast SEO Premium plugin. -->","yoast_head_json":{"title":"PLUS ACTIVE D\u00e9tergent-shampooing \u00e0 haut pouvoir moussant","description":"Il poss\u00e8de un grand pouvoir hydratant et d\u00e9graissant, ce qui lui permet d'\u00e9liminer facilement les fum\u00e9es, les graisses, les fientes d'oiseaux, les insectes, etc.","robots":{"index":"index","follow":"follow","max-snippet":"max-snippet:-1","max-image-preview":"max-image-preview:large","max-video-preview":"max-video-preview:-1"},"canonical":"https:\/\/fadein.es\/fr\/producto\/active-plus\/","og_locale":"fr_FR","og_type":"article","og_title":"ACTIVE PLUS","og_description":"Il poss\u00e8de un grand pouvoir hydratant et d\u00e9graissant, ce qui lui permet d'\u00e9liminer facilement les fum\u00e9es, les graisses, les fientes d'oiseaux, les insectes, etc.","og_url":"https:\/\/fadein.es\/fr\/producto\/active-plus\/","og_site_name":"Fadein","og_image":[{"width":1323,"height":1323,"url":"https:\/\/fadein.es\/wp-content\/uploads\/2025\/11\/PLUS-ACTIVO-20KG.jpg","type":"image\/jpeg"}],"twitter_card":"summary_large_image","twitter_misc":{"Dur\u00e9e de lecture estim\u00e9e":"1 minute"},"schema":{"@context":"https:\/\/schema.org","@graph":[{"@type":"WebPage","@id":"https:\/\/fadein.es\/fr\/producto\/active-plus\/","url":"https:\/\/fadein.es\/fr\/producto\/active-plus\/","name":"PLUS ACTIVE D\u00e9tergent-shampooing \u00e0 haut pouvoir moussant","isPartOf":{"@id":"https:\/\/fadein.es\/fr\/#website"},"primaryImageOfPage":{"@id":"https:\/\/fadein.es\/fr\/producto\/active-plus\/#primaryimage"},"image":{"@id":"https:\/\/fadein.es\/fr\/producto\/active-plus\/#primaryimage"},"thumbnailUrl":"https:\/\/fadein.es\/wp-content\/uploads\/2025\/11\/PLUS-ACTIVO-20KG.jpg","datePublished":"2025-02-26T13:56:17+00:00","description":"Il poss\u00e8de un grand pouvoir hydratant et d\u00e9graissant, ce qui lui permet d'\u00e9liminer facilement les fum\u00e9es, les graisses, les fientes d'oiseaux, les insectes, etc.","breadcrumb":{"@id":"https:\/\/fadein.es\/fr\/producto\/active-plus\/#breadcrumb"},"inLanguage":"fr-FR","potentialAction":[{"@type":"ReadAction","target":["https:\/\/fadein.es\/fr\/producto\/active-plus\/"]}]},{"@type":"ImageObject","inLanguage":"fr-FR","@id":"https:\/\/fadein.es\/fr\/producto\/active-plus\/#primaryimage","url":"https:\/\/fadein.es\/wp-content\/uploads\/2025\/11\/PLUS-ACTIVO-20KG.jpg","contentUrl":"https:\/\/fadein.es\/wp-content\/uploads\/2025\/11\/PLUS-ACTIVO-20KG.jpg","width":1323,"height":1323,"caption":"PLUS-ACTIVO 20KG"},{"@type":"BreadcrumbList","@id":"https:\/\/fadein.es\/fr\/producto\/active-plus\/#breadcrumb","itemListElement":[{"@type":"ListItem","position":1,"name":"Portada","item":"https:\/\/fadein.es\/fr\/accueil\/"},{"@type":"ListItem","position":2,"name":"Boutique","item":"https:\/\/fadein.es\/fr\/boutique\/"},{"@type":"ListItem","position":3,"name":"ACTIVE PLUS"}]},{"@type":"WebSite","@id":"https:\/\/fadein.es\/fr\/#website","url":"https:\/\/fadein.es\/fr\/","name":"Fadein","description":"Detergentes de alto rendimiento","publisher":{"@id":"https:\/\/fadein.es\/fr\/#organization"},"alternateName":"Detergentes de alto rendimiento","potentialAction":[{"@type":"SearchAction","target":{"@type":"EntryPoint","urlTemplate":"https:\/\/fadein.es\/fr\/?s={search_term_string}"},"query-input":{"@type":"PropertyValueSpecification","valueRequired":true,"valueName":"search_term_string"}}],"inLanguage":"fr-FR"},{"@type":"Organization","@id":"https:\/\/fadein.es\/fr\/#organization","name":"Fadein","alternateName":"Detergentes de alto rendimiento","url":"https:\/\/fadein.es\/fr\/","logo":{"@type":"ImageObject","inLanguage":"fr-FR","@id":"https:\/\/fadein.es\/fr\/#\/schema\/logo\/image\/","url":"https:\/\/fadein.es\/wp-content\/uploads\/2021\/05\/fadein-deterdentes-de-alto-rendimiento.png","contentUrl":"https:\/\/fadein.es\/wp-content\/uploads\/2021\/05\/fadein-deterdentes-de-alto-rendimiento.png","width":512,"height":512,"caption":"Fadein"},"image":{"@id":"https:\/\/fadein.es\/fr\/#\/schema\/logo\/image\/"}}]}},"_links":{"self":[{"href":"https:\/\/fadein.es\/fr\/wp-json\/wp\/v2\/product\/8663","targetHints":{"allow":["GET"]}}],"collection":[{"href":"https:\/\/fadein.es\/fr\/wp-json\/wp\/v2\/product"}],"about":[{"href":"https:\/\/fadein.es\/fr\/wp-json\/wp\/v2\/types\/product"}],"replies":[{"embeddable":true,"href":"https:\/\/fadein.es\/fr\/wp-json\/wp\/v2\/comments?post=8663"}],"wp:featuredmedia":[{"embeddable":true,"href":"https:\/\/fadein.es\/fr\/wp-json\/wp\/v2\/media\/10951"}],"wp:attachment":[{"href":"https:\/\/fadein.es\/fr\/wp-json\/wp\/v2\/media?parent=8663"}],"wp:term":[{"taxonomy":"product_brand","embeddable":true,"href":"https:\/\/fadein.es\/fr\/wp-json\/wp\/v2\/product_brand?post=8663"},{"taxonomy":"product_cat","embeddable":true,"href":"https:\/\/fadein.es\/fr\/wp-json\/wp\/v2\/product_cat?post=8663"},{"taxonomy":"product_tag","embeddable":true,"href":"https:\/\/fadein.es\/fr\/wp-json\/wp\/v2\/product_tag?post=8663"}],"curies":[{"name":"wp","href":"https:\/\/api.w.org\/{rel}","templated":true}]}}