{"id":8661,"date":"2025-02-26T13:56:17","date_gmt":"2025-02-26T13:56:17","guid":{"rendered":"https:\/\/fadein.es\/producto\/superlim-e\/"},"modified":"2025-02-26T13:56:17","modified_gmt":"2025-02-26T13:56:17","slug":"superlim-e","status":"publish","type":"product","link":"https:\/\/fadein.es\/fr\/producto\/superlim-e\/","title":{"rendered":"SUPERLIM-E"},"content":{"rendered":"<p><strong>SUPERLIM-E<\/strong>est un produit hautement concentr\u00e9 qui contient des tensioactifs anioniques et amphot\u00e8res au grand pouvoir d\u00e9tergent et moussant, ainsi que des agents s\u00e9questrants et des agents mouillants qui agissent en synergie, facilitant son utilisation dans les eaux dures et \u00e9liminant les d\u00e9p\u00f4ts de calcaire sur la surface \u00e0 nettoyer, facilitant le processus de d\u00e9tergence et optimisant ses performances.  <\/p>\n<p>L&rsquo;inclusion d&rsquo;un additif sp\u00e9cifique qui facilite le d\u00e9graissage par entra\u00eenement \u00e0 froid, fait de SUPERLIM-E le produit id\u00e9al pour le<strong>nettoyage en profondeur des carrosseries<\/strong>. Il \u00e9limine l&rsquo;\u00e9lectricit\u00e9 statique et nettoie efficacement les insectes, les fientes d&rsquo;oiseaux, les fum\u00e9es, les huiles, les graisses, etc. Dans la plupart des cas, il n&rsquo;est pas n\u00e9cessaire de frotter.  <\/p>\n<p>Produit de haute performance, obtenant des r\u00e9sultats spectaculaires dans le nettoyage et le d\u00e9graissage des v\u00e9hicules \u00e0 de tr\u00e8s faibles concentrations. Cela permet d&rsquo;optimiser le rapport consommation\/efficacit\u00e9.<\/p>\n<p>C&rsquo;est un produit id\u00e9al pour les<strong> caissons et \u00e9quipements haute pression sans brosse, pour le lavage des tunnels et des ponts, le nettoyage par pulv\u00e9risation de tous types de v\u00e9hicules, autocars, voitures, camions et engins de travaux publics.<\/strong><\/p>\n<p>Vous pouvez contacter le service commercial de <strong><strong>FADEIN<\/strong><\/strong> par t\u00e9l\u00e9phone<strong><strong> 91 873 87 02 <\/strong><\/strong>ou par e-mail<strong><strong> att.cliente@fadein.es <\/strong><\/strong>pour toute information compl\u00e9mentaire ou demande de devis de nos produits.  <\/p>\n","protected":false},"excerpt":{"rendered":"<p>D\u00e9tergent haute performance pour haute pression\/bo\u00eetes<\/p>\n","protected":false},"featured_media":10934,"comment_status":"open","ping_status":"closed","template":"","meta":{"_et_pb_use_builder":"","_et_pb_old_content":"","_et_gb_content_width":""},"product_brand":[],"product_cat":[474,627,673,1073,1076],"product_tag":[770,767,876,413],"class_list":{"0":"post-8661","1":"product","2":"type-product","3":"status-publish","4":"has-post-thumbnail","6":"product_cat-automotion-fr","7":"product_cat-boites-a-haute-pression","8":"product_cat-detergent-liquide","9":"product_cat-halal","10":"product_cat-usage-professionnel-industriel","11":"product_tag-boites","12":"product_tag-haute-pression","13":"product_tag-nettoyage-de-la-carrosserie-des-vehicules-fr","14":"product_tag-pulverisation","16":"first","17":"instock","18":"taxable","19":"shipping-taxable","20":"purchasable","21":"product-type-simple"},"yoast_head":"<!-- This site is optimized with the Yoast SEO Premium plugin v27.2 (Yoast SEO v27.4) - https:\/\/yoast.com\/product\/yoast-seo-premium-wordpress\/ -->\n<title>SUPERLIM-E D\u00e9tergent haute performance pour haute pression\/bo\u00eetes<\/title>\n<meta name=\"description\" content=\"C&#039;est un produit id\u00e9al pour les caissons et \u00e9quipements haute pression sans brosse, pour le lavage des tunnels et des ponts, le nettoyage de tous types de v\u00e9hicules.\" \/>\n<meta name=\"robots\" content=\"index, follow, max-snippet:-1, max-image-preview:large, max-video-preview:-1\" \/>\n<link rel=\"canonical\" href=\"https:\/\/fadein.es\/fr\/producto\/superlim-e\/\" \/>\n<meta property=\"og:locale\" content=\"fr_FR\" \/>\n<meta property=\"og:type\" content=\"article\" \/>\n<meta property=\"og:title\" content=\"SUPERLIM-E\" \/>\n<meta property=\"og:description\" content=\"C&#039;est un produit id\u00e9al pour les caissons et \u00e9quipements haute pression sans brosse, pour le lavage des tunnels et des ponts, le nettoyage de tous types de v\u00e9hicules.\" \/>\n<meta property=\"og:url\" content=\"https:\/\/fadein.es\/fr\/producto\/superlim-e\/\" \/>\n<meta property=\"og:site_name\" content=\"Fadein\" \/>\n<meta property=\"og:image\" content=\"https:\/\/fadein.es\/wp-content\/uploads\/2025\/02\/SUPERLIM-E-FADEIN.png\" \/>\n\t<meta property=\"og:image:width\" content=\"500\" \/>\n\t<meta property=\"og:image:height\" content=\"500\" \/>\n\t<meta property=\"og:image:type\" content=\"image\/png\" \/>\n<meta name=\"twitter:card\" content=\"summary_large_image\" \/>\n<meta name=\"twitter:label1\" content=\"Dur\u00e9e de lecture estim\u00e9e\" \/>\n\t<meta name=\"twitter:data1\" content=\"1 minute\" \/>\n<script type=\"application\/ld+json\" class=\"yoast-schema-graph\">{\"@context\":\"https:\\\/\\\/schema.org\",\"@graph\":[{\"@type\":\"WebPage\",\"@id\":\"https:\\\/\\\/fadein.es\\\/fr\\\/producto\\\/superlim-e\\\/\",\"url\":\"https:\\\/\\\/fadein.es\\\/fr\\\/producto\\\/superlim-e\\\/\",\"name\":\"SUPERLIM-E D\u00e9tergent haute performance pour haute pression\\\/bo\u00eetes\",\"isPartOf\":{\"@id\":\"https:\\\/\\\/fadein.es\\\/fr\\\/#website\"},\"primaryImageOfPage\":{\"@id\":\"https:\\\/\\\/fadein.es\\\/fr\\\/producto\\\/superlim-e\\\/#primaryimage\"},\"image\":{\"@id\":\"https:\\\/\\\/fadein.es\\\/fr\\\/producto\\\/superlim-e\\\/#primaryimage\"},\"thumbnailUrl\":\"https:\\\/\\\/fadein.es\\\/wp-content\\\/uploads\\\/2025\\\/11\\\/SUPERLIM-E-22KG.jpg\",\"datePublished\":\"2025-02-26T13:56:17+00:00\",\"description\":\"C'est un produit id\u00e9al pour les caissons et \u00e9quipements haute pression sans brosse, pour le lavage des tunnels et des ponts, le nettoyage de tous types de v\u00e9hicules.\",\"breadcrumb\":{\"@id\":\"https:\\\/\\\/fadein.es\\\/fr\\\/producto\\\/superlim-e\\\/#breadcrumb\"},\"inLanguage\":\"fr-FR\",\"potentialAction\":[{\"@type\":\"ReadAction\",\"target\":[\"https:\\\/\\\/fadein.es\\\/fr\\\/producto\\\/superlim-e\\\/\"]}]},{\"@type\":\"ImageObject\",\"inLanguage\":\"fr-FR\",\"@id\":\"https:\\\/\\\/fadein.es\\\/fr\\\/producto\\\/superlim-e\\\/#primaryimage\",\"url\":\"https:\\\/\\\/fadein.es\\\/wp-content\\\/uploads\\\/2025\\\/11\\\/SUPERLIM-E-22KG.jpg\",\"contentUrl\":\"https:\\\/\\\/fadein.es\\\/wp-content\\\/uploads\\\/2025\\\/11\\\/SUPERLIM-E-22KG.jpg\",\"width\":1323,\"height\":1323,\"caption\":\"SUPERLIM-E 22KG\"},{\"@type\":\"BreadcrumbList\",\"@id\":\"https:\\\/\\\/fadein.es\\\/fr\\\/producto\\\/superlim-e\\\/#breadcrumb\",\"itemListElement\":[{\"@type\":\"ListItem\",\"position\":1,\"name\":\"Portada\",\"item\":\"https:\\\/\\\/fadein.es\\\/fr\\\/accueil\\\/\"},{\"@type\":\"ListItem\",\"position\":2,\"name\":\"Boutique\",\"item\":\"https:\\\/\\\/fadein.es\\\/fr\\\/boutique\\\/\"},{\"@type\":\"ListItem\",\"position\":3,\"name\":\"SUPERLIM-E\"}]},{\"@type\":\"WebSite\",\"@id\":\"https:\\\/\\\/fadein.es\\\/fr\\\/#website\",\"url\":\"https:\\\/\\\/fadein.es\\\/fr\\\/\",\"name\":\"Fadein\",\"description\":\"Detergentes de alto rendimiento\",\"publisher\":{\"@id\":\"https:\\\/\\\/fadein.es\\\/fr\\\/#organization\"},\"alternateName\":\"Detergentes de alto rendimiento\",\"potentialAction\":[{\"@type\":\"SearchAction\",\"target\":{\"@type\":\"EntryPoint\",\"urlTemplate\":\"https:\\\/\\\/fadein.es\\\/fr\\\/?s={search_term_string}\"},\"query-input\":{\"@type\":\"PropertyValueSpecification\",\"valueRequired\":true,\"valueName\":\"search_term_string\"}}],\"inLanguage\":\"fr-FR\"},{\"@type\":\"Organization\",\"@id\":\"https:\\\/\\\/fadein.es\\\/fr\\\/#organization\",\"name\":\"Fadein\",\"alternateName\":\"Detergentes de alto rendimiento\",\"url\":\"https:\\\/\\\/fadein.es\\\/fr\\\/\",\"logo\":{\"@type\":\"ImageObject\",\"inLanguage\":\"fr-FR\",\"@id\":\"https:\\\/\\\/fadein.es\\\/fr\\\/#\\\/schema\\\/logo\\\/image\\\/\",\"url\":\"https:\\\/\\\/fadein.es\\\/wp-content\\\/uploads\\\/2021\\\/05\\\/fadein-deterdentes-de-alto-rendimiento.png\",\"contentUrl\":\"https:\\\/\\\/fadein.es\\\/wp-content\\\/uploads\\\/2021\\\/05\\\/fadein-deterdentes-de-alto-rendimiento.png\",\"width\":512,\"height\":512,\"caption\":\"Fadein\"},\"image\":{\"@id\":\"https:\\\/\\\/fadein.es\\\/fr\\\/#\\\/schema\\\/logo\\\/image\\\/\"}}]}<\/script>\n<!-- \/ Yoast SEO Premium plugin. -->","yoast_head_json":{"title":"SUPERLIM-E D\u00e9tergent haute performance pour haute pression\/bo\u00eetes","description":"C'est un produit id\u00e9al pour les caissons et \u00e9quipements haute pression sans brosse, pour le lavage des tunnels et des ponts, le nettoyage de tous types de v\u00e9hicules.","robots":{"index":"index","follow":"follow","max-snippet":"max-snippet:-1","max-image-preview":"max-image-preview:large","max-video-preview":"max-video-preview:-1"},"canonical":"https:\/\/fadein.es\/fr\/producto\/superlim-e\/","og_locale":"fr_FR","og_type":"article","og_title":"SUPERLIM-E","og_description":"C'est un produit id\u00e9al pour les caissons et \u00e9quipements haute pression sans brosse, pour le lavage des tunnels et des ponts, le nettoyage de tous types de v\u00e9hicules.","og_url":"https:\/\/fadein.es\/fr\/producto\/superlim-e\/","og_site_name":"Fadein","og_image":[{"width":500,"height":500,"url":"https:\/\/fadein.es\/wp-content\/uploads\/2025\/02\/SUPERLIM-E-FADEIN.png","type":"image\/png"}],"twitter_card":"summary_large_image","twitter_misc":{"Dur\u00e9e de lecture estim\u00e9e":"1 minute"},"schema":{"@context":"https:\/\/schema.org","@graph":[{"@type":"WebPage","@id":"https:\/\/fadein.es\/fr\/producto\/superlim-e\/","url":"https:\/\/fadein.es\/fr\/producto\/superlim-e\/","name":"SUPERLIM-E D\u00e9tergent haute performance pour haute pression\/bo\u00eetes","isPartOf":{"@id":"https:\/\/fadein.es\/fr\/#website"},"primaryImageOfPage":{"@id":"https:\/\/fadein.es\/fr\/producto\/superlim-e\/#primaryimage"},"image":{"@id":"https:\/\/fadein.es\/fr\/producto\/superlim-e\/#primaryimage"},"thumbnailUrl":"https:\/\/fadein.es\/wp-content\/uploads\/2025\/11\/SUPERLIM-E-22KG.jpg","datePublished":"2025-02-26T13:56:17+00:00","description":"C'est un produit id\u00e9al pour les caissons et \u00e9quipements haute pression sans brosse, pour le lavage des tunnels et des ponts, le nettoyage de tous types de v\u00e9hicules.","breadcrumb":{"@id":"https:\/\/fadein.es\/fr\/producto\/superlim-e\/#breadcrumb"},"inLanguage":"fr-FR","potentialAction":[{"@type":"ReadAction","target":["https:\/\/fadein.es\/fr\/producto\/superlim-e\/"]}]},{"@type":"ImageObject","inLanguage":"fr-FR","@id":"https:\/\/fadein.es\/fr\/producto\/superlim-e\/#primaryimage","url":"https:\/\/fadein.es\/wp-content\/uploads\/2025\/11\/SUPERLIM-E-22KG.jpg","contentUrl":"https:\/\/fadein.es\/wp-content\/uploads\/2025\/11\/SUPERLIM-E-22KG.jpg","width":1323,"height":1323,"caption":"SUPERLIM-E 22KG"},{"@type":"BreadcrumbList","@id":"https:\/\/fadein.es\/fr\/producto\/superlim-e\/#breadcrumb","itemListElement":[{"@type":"ListItem","position":1,"name":"Portada","item":"https:\/\/fadein.es\/fr\/accueil\/"},{"@type":"ListItem","position":2,"name":"Boutique","item":"https:\/\/fadein.es\/fr\/boutique\/"},{"@type":"ListItem","position":3,"name":"SUPERLIM-E"}]},{"@type":"WebSite","@id":"https:\/\/fadein.es\/fr\/#website","url":"https:\/\/fadein.es\/fr\/","name":"Fadein","description":"Detergentes de alto rendimiento","publisher":{"@id":"https:\/\/fadein.es\/fr\/#organization"},"alternateName":"Detergentes de alto rendimiento","potentialAction":[{"@type":"SearchAction","target":{"@type":"EntryPoint","urlTemplate":"https:\/\/fadein.es\/fr\/?s={search_term_string}"},"query-input":{"@type":"PropertyValueSpecification","valueRequired":true,"valueName":"search_term_string"}}],"inLanguage":"fr-FR"},{"@type":"Organization","@id":"https:\/\/fadein.es\/fr\/#organization","name":"Fadein","alternateName":"Detergentes de alto rendimiento","url":"https:\/\/fadein.es\/fr\/","logo":{"@type":"ImageObject","inLanguage":"fr-FR","@id":"https:\/\/fadein.es\/fr\/#\/schema\/logo\/image\/","url":"https:\/\/fadein.es\/wp-content\/uploads\/2021\/05\/fadein-deterdentes-de-alto-rendimiento.png","contentUrl":"https:\/\/fadein.es\/wp-content\/uploads\/2021\/05\/fadein-deterdentes-de-alto-rendimiento.png","width":512,"height":512,"caption":"Fadein"},"image":{"@id":"https:\/\/fadein.es\/fr\/#\/schema\/logo\/image\/"}}]}},"_links":{"self":[{"href":"https:\/\/fadein.es\/fr\/wp-json\/wp\/v2\/product\/8661","targetHints":{"allow":["GET"]}}],"collection":[{"href":"https:\/\/fadein.es\/fr\/wp-json\/wp\/v2\/product"}],"about":[{"href":"https:\/\/fadein.es\/fr\/wp-json\/wp\/v2\/types\/product"}],"replies":[{"embeddable":true,"href":"https:\/\/fadein.es\/fr\/wp-json\/wp\/v2\/comments?post=8661"}],"wp:featuredmedia":[{"embeddable":true,"href":"https:\/\/fadein.es\/fr\/wp-json\/wp\/v2\/media\/10934"}],"wp:attachment":[{"href":"https:\/\/fadein.es\/fr\/wp-json\/wp\/v2\/media?parent=8661"}],"wp:term":[{"taxonomy":"product_brand","embeddable":true,"href":"https:\/\/fadein.es\/fr\/wp-json\/wp\/v2\/product_brand?post=8661"},{"taxonomy":"product_cat","embeddable":true,"href":"https:\/\/fadein.es\/fr\/wp-json\/wp\/v2\/product_cat?post=8661"},{"taxonomy":"product_tag","embeddable":true,"href":"https:\/\/fadein.es\/fr\/wp-json\/wp\/v2\/product_tag?post=8661"}],"curies":[{"name":"wp","href":"https:\/\/api.w.org\/{rel}","templated":true}]}}