{"id":8657,"date":"2025-02-26T13:56:18","date_gmt":"2025-02-26T13:56:18","guid":{"rendered":"https:\/\/fadein.es\/producto\/fadein-box-premium\/"},"modified":"2025-02-26T13:56:18","modified_gmt":"2025-02-26T13:56:18","slug":"fadein-box-premium","status":"publish","type":"product","link":"https:\/\/fadein.es\/fr\/producto\/fadein-box-premium\/","title":{"rendered":"FADEIN BOX-PREMIUM"},"content":{"rendered":"<p><strong>FADEIN-BOX PREMIUM<\/strong> est un d\u00e9tergent liquide parfum\u00e9, respectueux de l&rsquo;environnement, sa formulation est exempte de phosphates et de tensioactifs anioniques.<br \/>\nConcentr\u00e9, \u00e0 l&rsquo;ar\u00f4me agr\u00e9able, de couleur ambr\u00e9e et parfaitement soluble dans l&rsquo;eau.<br \/>\nHaut pouvoir d\u00e9tergent et moussant,<strong> id\u00e9al pour le nettoyage en profondeur des carrosseries<\/strong>. \u00c9limine l&rsquo;\u00e9lectricit\u00e9 statique et nettoie efficacement les insectes, les fientes d&rsquo;oiseaux, la fum\u00e9e, les huiles, les graisses, etc. Dans la plupart des cas, il n&rsquo;est pas n\u00e9cessaire de les frotter.<\/p>\n<p>Produit de haute performance, obtenant de bons r\u00e9sultats dans le nettoyage et le d\u00e9graissage des v\u00e9hicules. C&rsquo;est un produit id\u00e9al pour les<strong> caissons et \u00e9quipements haute pression sans brosse, pour le lavage des tunnels et des ponts, le nettoyage par pulv\u00e9risation de tous types de v\u00e9hicules, autocars, voitures, camions et engins de travaux publics.<\/strong><\/p>\n<p>Vous pouvez contacter le service commercial de <strong><strong>FADEIN<\/strong><\/strong> par t\u00e9l\u00e9phone<strong><strong> 91 873 87 02 <\/strong><\/strong>ou par e-mail<strong><strong> att.cliente@fadein.es <\/strong><\/strong>pour toute information compl\u00e9mentaire ou demande de devis de nos produits.  <\/p>\n","protected":false},"excerpt":{"rendered":"<p>D\u00e9tergent moussant pour haute pression\/bo\u00eetes<\/p>\n","protected":false},"featured_media":10953,"comment_status":"open","ping_status":"closed","template":"","meta":{"_et_pb_use_builder":"","_et_pb_old_content":"","_et_gb_content_width":""},"product_brand":[],"product_cat":[474,627,673,1076],"product_tag":[770,767,752,413],"class_list":{"0":"post-8657","1":"product","2":"type-product","3":"status-publish","4":"has-post-thumbnail","6":"product_cat-automotion-fr","7":"product_cat-boites-a-haute-pression","8":"product_cat-detergent-liquide","9":"product_cat-usage-professionnel-industriel","10":"product_tag-boites","11":"product_tag-haute-pression","12":"product_tag-nettoyage-de-carrosserie","13":"product_tag-pulverisation","15":"first","16":"instock","17":"taxable","18":"shipping-taxable","19":"purchasable","20":"product-type-simple"},"yoast_head":"<!-- This site is optimized with the Yoast SEO Premium plugin v27.2 (Yoast SEO v27.4) - https:\/\/yoast.com\/product\/yoast-seo-premium-wordpress\/ -->\n<title>FADEIN BOX-PREMIUM D\u00e9tergent moussant \u00e0 haute pression\/bo\u00eetes<\/title>\n<meta name=\"description\" content=\"D\u00e9tergent liquide concentr\u00e9, agr\u00e9ablement parfum\u00e9 et parfaitement soluble dans l&#039;eau. Convient pour le nettoyage en profondeur de la carrosserie.\" \/>\n<meta name=\"robots\" content=\"index, follow, max-snippet:-1, max-image-preview:large, max-video-preview:-1\" \/>\n<link rel=\"canonical\" href=\"https:\/\/fadein.es\/fr\/producto\/fadein-box-premium\/\" \/>\n<meta property=\"og:locale\" content=\"fr_FR\" \/>\n<meta property=\"og:type\" content=\"article\" \/>\n<meta property=\"og:title\" content=\"FADEIN BOX-PREMIUM\" \/>\n<meta property=\"og:description\" content=\"D\u00e9tergent liquide concentr\u00e9, agr\u00e9ablement parfum\u00e9 et parfaitement soluble dans l&#039;eau. Convient pour le nettoyage en profondeur de la carrosserie.\" \/>\n<meta property=\"og:url\" content=\"https:\/\/fadein.es\/fr\/producto\/fadein-box-premium\/\" \/>\n<meta property=\"og:site_name\" content=\"Fadein\" \/>\n<meta property=\"og:image\" content=\"https:\/\/fadein.es\/wp-content\/uploads\/2025\/11\/FADEIN-BOX-PREMIUM-20KG.jpg\" \/>\n\t<meta property=\"og:image:width\" content=\"1323\" \/>\n\t<meta property=\"og:image:height\" content=\"1323\" \/>\n\t<meta property=\"og:image:type\" content=\"image\/jpeg\" \/>\n<meta name=\"twitter:card\" content=\"summary_large_image\" \/>\n<meta name=\"twitter:label1\" content=\"Dur\u00e9e de lecture estim\u00e9e\" \/>\n\t<meta name=\"twitter:data1\" content=\"1 minute\" \/>\n<script type=\"application\/ld+json\" class=\"yoast-schema-graph\">{\"@context\":\"https:\\\/\\\/schema.org\",\"@graph\":[{\"@type\":\"WebPage\",\"@id\":\"https:\\\/\\\/fadein.es\\\/fr\\\/producto\\\/fadein-box-premium\\\/\",\"url\":\"https:\\\/\\\/fadein.es\\\/fr\\\/producto\\\/fadein-box-premium\\\/\",\"name\":\"FADEIN BOX-PREMIUM D\u00e9tergent moussant \u00e0 haute pression\\\/bo\u00eetes\",\"isPartOf\":{\"@id\":\"https:\\\/\\\/fadein.es\\\/fr\\\/#website\"},\"primaryImageOfPage\":{\"@id\":\"https:\\\/\\\/fadein.es\\\/fr\\\/producto\\\/fadein-box-premium\\\/#primaryimage\"},\"image\":{\"@id\":\"https:\\\/\\\/fadein.es\\\/fr\\\/producto\\\/fadein-box-premium\\\/#primaryimage\"},\"thumbnailUrl\":\"https:\\\/\\\/fadein.es\\\/wp-content\\\/uploads\\\/2025\\\/11\\\/FADEIN-BOX-PREMIUM-20KG.jpg\",\"datePublished\":\"2025-02-26T13:56:18+00:00\",\"description\":\"D\u00e9tergent liquide concentr\u00e9, agr\u00e9ablement parfum\u00e9 et parfaitement soluble dans l'eau. Convient pour le nettoyage en profondeur de la carrosserie.\",\"breadcrumb\":{\"@id\":\"https:\\\/\\\/fadein.es\\\/fr\\\/producto\\\/fadein-box-premium\\\/#breadcrumb\"},\"inLanguage\":\"fr-FR\",\"potentialAction\":[{\"@type\":\"ReadAction\",\"target\":[\"https:\\\/\\\/fadein.es\\\/fr\\\/producto\\\/fadein-box-premium\\\/\"]}]},{\"@type\":\"ImageObject\",\"inLanguage\":\"fr-FR\",\"@id\":\"https:\\\/\\\/fadein.es\\\/fr\\\/producto\\\/fadein-box-premium\\\/#primaryimage\",\"url\":\"https:\\\/\\\/fadein.es\\\/wp-content\\\/uploads\\\/2025\\\/11\\\/FADEIN-BOX-PREMIUM-20KG.jpg\",\"contentUrl\":\"https:\\\/\\\/fadein.es\\\/wp-content\\\/uploads\\\/2025\\\/11\\\/FADEIN-BOX-PREMIUM-20KG.jpg\",\"width\":1323,\"height\":1323,\"caption\":\"FADEIN-BOX PREMIUM 20KG\"},{\"@type\":\"BreadcrumbList\",\"@id\":\"https:\\\/\\\/fadein.es\\\/fr\\\/producto\\\/fadein-box-premium\\\/#breadcrumb\",\"itemListElement\":[{\"@type\":\"ListItem\",\"position\":1,\"name\":\"Portada\",\"item\":\"https:\\\/\\\/fadein.es\\\/fr\\\/accueil\\\/\"},{\"@type\":\"ListItem\",\"position\":2,\"name\":\"Boutique\",\"item\":\"https:\\\/\\\/fadein.es\\\/fr\\\/boutique\\\/\"},{\"@type\":\"ListItem\",\"position\":3,\"name\":\"FADEIN BOX-PREMIUM\"}]},{\"@type\":\"WebSite\",\"@id\":\"https:\\\/\\\/fadein.es\\\/fr\\\/#website\",\"url\":\"https:\\\/\\\/fadein.es\\\/fr\\\/\",\"name\":\"Fadein\",\"description\":\"Detergentes de alto rendimiento\",\"publisher\":{\"@id\":\"https:\\\/\\\/fadein.es\\\/fr\\\/#organization\"},\"alternateName\":\"Detergentes de alto rendimiento\",\"potentialAction\":[{\"@type\":\"SearchAction\",\"target\":{\"@type\":\"EntryPoint\",\"urlTemplate\":\"https:\\\/\\\/fadein.es\\\/fr\\\/?s={search_term_string}\"},\"query-input\":{\"@type\":\"PropertyValueSpecification\",\"valueRequired\":true,\"valueName\":\"search_term_string\"}}],\"inLanguage\":\"fr-FR\"},{\"@type\":\"Organization\",\"@id\":\"https:\\\/\\\/fadein.es\\\/fr\\\/#organization\",\"name\":\"Fadein\",\"alternateName\":\"Detergentes de alto rendimiento\",\"url\":\"https:\\\/\\\/fadein.es\\\/fr\\\/\",\"logo\":{\"@type\":\"ImageObject\",\"inLanguage\":\"fr-FR\",\"@id\":\"https:\\\/\\\/fadein.es\\\/fr\\\/#\\\/schema\\\/logo\\\/image\\\/\",\"url\":\"https:\\\/\\\/fadein.es\\\/wp-content\\\/uploads\\\/2021\\\/05\\\/fadein-deterdentes-de-alto-rendimiento.png\",\"contentUrl\":\"https:\\\/\\\/fadein.es\\\/wp-content\\\/uploads\\\/2021\\\/05\\\/fadein-deterdentes-de-alto-rendimiento.png\",\"width\":512,\"height\":512,\"caption\":\"Fadein\"},\"image\":{\"@id\":\"https:\\\/\\\/fadein.es\\\/fr\\\/#\\\/schema\\\/logo\\\/image\\\/\"}}]}<\/script>\n<!-- \/ Yoast SEO Premium plugin. -->","yoast_head_json":{"title":"FADEIN BOX-PREMIUM D\u00e9tergent moussant \u00e0 haute pression\/bo\u00eetes","description":"D\u00e9tergent liquide concentr\u00e9, agr\u00e9ablement parfum\u00e9 et parfaitement soluble dans l'eau. Convient pour le nettoyage en profondeur de la carrosserie.","robots":{"index":"index","follow":"follow","max-snippet":"max-snippet:-1","max-image-preview":"max-image-preview:large","max-video-preview":"max-video-preview:-1"},"canonical":"https:\/\/fadein.es\/fr\/producto\/fadein-box-premium\/","og_locale":"fr_FR","og_type":"article","og_title":"FADEIN BOX-PREMIUM","og_description":"D\u00e9tergent liquide concentr\u00e9, agr\u00e9ablement parfum\u00e9 et parfaitement soluble dans l'eau. Convient pour le nettoyage en profondeur de la carrosserie.","og_url":"https:\/\/fadein.es\/fr\/producto\/fadein-box-premium\/","og_site_name":"Fadein","og_image":[{"width":1323,"height":1323,"url":"https:\/\/fadein.es\/wp-content\/uploads\/2025\/11\/FADEIN-BOX-PREMIUM-20KG.jpg","type":"image\/jpeg"}],"twitter_card":"summary_large_image","twitter_misc":{"Dur\u00e9e de lecture estim\u00e9e":"1 minute"},"schema":{"@context":"https:\/\/schema.org","@graph":[{"@type":"WebPage","@id":"https:\/\/fadein.es\/fr\/producto\/fadein-box-premium\/","url":"https:\/\/fadein.es\/fr\/producto\/fadein-box-premium\/","name":"FADEIN BOX-PREMIUM D\u00e9tergent moussant \u00e0 haute pression\/bo\u00eetes","isPartOf":{"@id":"https:\/\/fadein.es\/fr\/#website"},"primaryImageOfPage":{"@id":"https:\/\/fadein.es\/fr\/producto\/fadein-box-premium\/#primaryimage"},"image":{"@id":"https:\/\/fadein.es\/fr\/producto\/fadein-box-premium\/#primaryimage"},"thumbnailUrl":"https:\/\/fadein.es\/wp-content\/uploads\/2025\/11\/FADEIN-BOX-PREMIUM-20KG.jpg","datePublished":"2025-02-26T13:56:18+00:00","description":"D\u00e9tergent liquide concentr\u00e9, agr\u00e9ablement parfum\u00e9 et parfaitement soluble dans l'eau. Convient pour le nettoyage en profondeur de la carrosserie.","breadcrumb":{"@id":"https:\/\/fadein.es\/fr\/producto\/fadein-box-premium\/#breadcrumb"},"inLanguage":"fr-FR","potentialAction":[{"@type":"ReadAction","target":["https:\/\/fadein.es\/fr\/producto\/fadein-box-premium\/"]}]},{"@type":"ImageObject","inLanguage":"fr-FR","@id":"https:\/\/fadein.es\/fr\/producto\/fadein-box-premium\/#primaryimage","url":"https:\/\/fadein.es\/wp-content\/uploads\/2025\/11\/FADEIN-BOX-PREMIUM-20KG.jpg","contentUrl":"https:\/\/fadein.es\/wp-content\/uploads\/2025\/11\/FADEIN-BOX-PREMIUM-20KG.jpg","width":1323,"height":1323,"caption":"FADEIN-BOX PREMIUM 20KG"},{"@type":"BreadcrumbList","@id":"https:\/\/fadein.es\/fr\/producto\/fadein-box-premium\/#breadcrumb","itemListElement":[{"@type":"ListItem","position":1,"name":"Portada","item":"https:\/\/fadein.es\/fr\/accueil\/"},{"@type":"ListItem","position":2,"name":"Boutique","item":"https:\/\/fadein.es\/fr\/boutique\/"},{"@type":"ListItem","position":3,"name":"FADEIN BOX-PREMIUM"}]},{"@type":"WebSite","@id":"https:\/\/fadein.es\/fr\/#website","url":"https:\/\/fadein.es\/fr\/","name":"Fadein","description":"Detergentes de alto rendimiento","publisher":{"@id":"https:\/\/fadein.es\/fr\/#organization"},"alternateName":"Detergentes de alto rendimiento","potentialAction":[{"@type":"SearchAction","target":{"@type":"EntryPoint","urlTemplate":"https:\/\/fadein.es\/fr\/?s={search_term_string}"},"query-input":{"@type":"PropertyValueSpecification","valueRequired":true,"valueName":"search_term_string"}}],"inLanguage":"fr-FR"},{"@type":"Organization","@id":"https:\/\/fadein.es\/fr\/#organization","name":"Fadein","alternateName":"Detergentes de alto rendimiento","url":"https:\/\/fadein.es\/fr\/","logo":{"@type":"ImageObject","inLanguage":"fr-FR","@id":"https:\/\/fadein.es\/fr\/#\/schema\/logo\/image\/","url":"https:\/\/fadein.es\/wp-content\/uploads\/2021\/05\/fadein-deterdentes-de-alto-rendimiento.png","contentUrl":"https:\/\/fadein.es\/wp-content\/uploads\/2021\/05\/fadein-deterdentes-de-alto-rendimiento.png","width":512,"height":512,"caption":"Fadein"},"image":{"@id":"https:\/\/fadein.es\/fr\/#\/schema\/logo\/image\/"}}]}},"_links":{"self":[{"href":"https:\/\/fadein.es\/fr\/wp-json\/wp\/v2\/product\/8657","targetHints":{"allow":["GET"]}}],"collection":[{"href":"https:\/\/fadein.es\/fr\/wp-json\/wp\/v2\/product"}],"about":[{"href":"https:\/\/fadein.es\/fr\/wp-json\/wp\/v2\/types\/product"}],"replies":[{"embeddable":true,"href":"https:\/\/fadein.es\/fr\/wp-json\/wp\/v2\/comments?post=8657"}],"wp:featuredmedia":[{"embeddable":true,"href":"https:\/\/fadein.es\/fr\/wp-json\/wp\/v2\/media\/10953"}],"wp:attachment":[{"href":"https:\/\/fadein.es\/fr\/wp-json\/wp\/v2\/media?parent=8657"}],"wp:term":[{"taxonomy":"product_brand","embeddable":true,"href":"https:\/\/fadein.es\/fr\/wp-json\/wp\/v2\/product_brand?post=8657"},{"taxonomy":"product_cat","embeddable":true,"href":"https:\/\/fadein.es\/fr\/wp-json\/wp\/v2\/product_cat?post=8657"},{"taxonomy":"product_tag","embeddable":true,"href":"https:\/\/fadein.es\/fr\/wp-json\/wp\/v2\/product_tag?post=8657"}],"curies":[{"name":"wp","href":"https:\/\/api.w.org\/{rel}","templated":true}]}}