{"id":8654,"date":"2025-02-26T13:56:18","date_gmt":"2025-02-26T13:56:18","guid":{"rendered":"https:\/\/fadein.es\/producto\/fadein-brillo-plus\/"},"modified":"2025-02-27T10:01:19","modified_gmt":"2025-02-27T10:01:19","slug":"fadein-brillo-plus","status":"publish","type":"product","link":"https:\/\/fadein.es\/fr\/producto\/fadein-brillo-plus\/","title":{"rendered":"FADEIN-BRILLO PLUS"},"content":{"rendered":"<p><strong>FADEIN-BRILLO PLUS<\/strong> est un produit de polissage pour les pneus, les plastiques et le caoutchouc, les tapis en caoutchouc, les panneaux en plastique, les pare-chocs, les protections lat\u00e9rales ou tout autre plastique ou caoutchouc se trouvant \u00e0 l&rsquo;ext\u00e9rieur de la voiture.<\/p>\n<p>Renouvelez les plastiques et les pneus de la voiture. Convient pour<strong>  les stations de lavage, les garages, les concessionnaires automobiles. Pour le traitement des pneus et des tuyaux des v\u00e9hicules et, en g\u00e9n\u00e9ral, pour restaurer la couleur noire d&rsquo;origine de toutes les parties en caoutchouc.<\/strong> <\/p>\n<p>Vous pouvez contacter le service commercial de <strong><strong>FADEIN<\/strong><\/strong> par t\u00e9l\u00e9phone<strong><strong> 91 873 87 02 <\/strong><\/strong>ou par e-mail<strong><strong> att.cliente@fadein.es <\/strong><\/strong>pour toute information compl\u00e9mentaire ou demande de devis de nos produits.  <\/p>\n","protected":false},"excerpt":{"rendered":"<p>R\u00e9novateur de vernis pour plastique et caoutchouc<\/p>\n","protected":false},"featured_media":10922,"comment_status":"open","ping_status":"closed","template":"","meta":{"_et_pb_use_builder":"","_et_pb_old_content":"","_et_gb_content_width":""},"product_brand":[],"product_cat":[474,483,487,1076],"product_tag":[797,800,794,447],"class_list":{"0":"post-8654","1":"product","2":"type-product","3":"status-publish","4":"has-post-thumbnail","6":"product_cat-automotion-fr","7":"product_cat-lavage-manuel","8":"product_cat-lavage-manuel-sans-eau","9":"product_cat-usage-professionnel-industriel","10":"product_tag-polissage-des-pneus","11":"product_tag-polissage-du-caoutchouc","12":"product_tag-polissage-du-plastique","13":"product_tag-pulverisation-fr","15":"first","16":"instock","17":"taxable","18":"shipping-taxable","19":"purchasable","20":"product-type-simple"},"yoast_head":"<!-- This site is optimized with the Yoast SEO Premium plugin v27.2 (Yoast SEO v27.4) - https:\/\/yoast.com\/product\/yoast-seo-premium-wordpress\/ -->\n<title>FADEIN-BRILLO PLUS Polisseur de plastique et de caoutchouc<\/title>\n<meta name=\"description\" content=\"Il s&#039;agit d&#039;un produit de polissage pour les pneus, les plastiques et le caoutchouc \u00e0 l&#039;ext\u00e9rieur du v\u00e9hicule. Convient aux stations de lavage, aux garages, aux ateliers et aux concessionnaires automobiles.\" \/>\n<meta name=\"robots\" content=\"index, follow, max-snippet:-1, max-image-preview:large, max-video-preview:-1\" \/>\n<link rel=\"canonical\" href=\"https:\/\/fadein.es\/fr\/producto\/fadein-brillo-plus\/\" \/>\n<meta property=\"og:locale\" content=\"fr_FR\" \/>\n<meta property=\"og:type\" content=\"article\" \/>\n<meta property=\"og:title\" content=\"FADEIN-BRILLO PLUS\" \/>\n<meta property=\"og:description\" content=\"Il s&#039;agit d&#039;un produit de polissage pour les pneus, les plastiques et le caoutchouc \u00e0 l&#039;ext\u00e9rieur du v\u00e9hicule. Convient aux stations de lavage, aux garages, aux ateliers et aux concessionnaires automobiles.\" \/>\n<meta property=\"og:url\" content=\"https:\/\/fadein.es\/fr\/producto\/fadein-brillo-plus\/\" \/>\n<meta property=\"og:site_name\" content=\"Fadein\" \/>\n<meta property=\"article:modified_time\" content=\"2025-02-27T10:01:19+00:00\" \/>\n<meta property=\"og:image\" content=\"https:\/\/fadein.es\/wp-content\/uploads\/2025\/11\/FADEIN-BRILLO-PLUS-10KG.jpg\" \/>\n\t<meta property=\"og:image:width\" content=\"1323\" \/>\n\t<meta property=\"og:image:height\" content=\"1323\" \/>\n\t<meta property=\"og:image:type\" content=\"image\/jpeg\" \/>\n<meta name=\"twitter:card\" content=\"summary_large_image\" \/>\n<meta name=\"twitter:label1\" content=\"Dur\u00e9e de lecture estim\u00e9e\" \/>\n\t<meta name=\"twitter:data1\" content=\"1 minute\" \/>\n<script type=\"application\/ld+json\" class=\"yoast-schema-graph\">{\"@context\":\"https:\\\/\\\/schema.org\",\"@graph\":[{\"@type\":\"WebPage\",\"@id\":\"https:\\\/\\\/fadein.es\\\/fr\\\/producto\\\/fadein-brillo-plus\\\/\",\"url\":\"https:\\\/\\\/fadein.es\\\/fr\\\/producto\\\/fadein-brillo-plus\\\/\",\"name\":\"FADEIN-BRILLO PLUS Polisseur de plastique et de caoutchouc\",\"isPartOf\":{\"@id\":\"https:\\\/\\\/fadein.es\\\/fr\\\/#website\"},\"primaryImageOfPage\":{\"@id\":\"https:\\\/\\\/fadein.es\\\/fr\\\/producto\\\/fadein-brillo-plus\\\/#primaryimage\"},\"image\":{\"@id\":\"https:\\\/\\\/fadein.es\\\/fr\\\/producto\\\/fadein-brillo-plus\\\/#primaryimage\"},\"thumbnailUrl\":\"https:\\\/\\\/fadein.es\\\/wp-content\\\/uploads\\\/2025\\\/11\\\/FADEIN-BRILLO-PLUS-10KG.jpg\",\"datePublished\":\"2025-02-26T13:56:18+00:00\",\"dateModified\":\"2025-02-27T10:01:19+00:00\",\"description\":\"Il s'agit d'un produit de polissage pour les pneus, les plastiques et le caoutchouc \u00e0 l'ext\u00e9rieur du v\u00e9hicule. Convient aux stations de lavage, aux garages, aux ateliers et aux concessionnaires automobiles.\",\"breadcrumb\":{\"@id\":\"https:\\\/\\\/fadein.es\\\/fr\\\/producto\\\/fadein-brillo-plus\\\/#breadcrumb\"},\"inLanguage\":\"fr-FR\",\"potentialAction\":[{\"@type\":\"ReadAction\",\"target\":[\"https:\\\/\\\/fadein.es\\\/fr\\\/producto\\\/fadein-brillo-plus\\\/\"]}]},{\"@type\":\"ImageObject\",\"inLanguage\":\"fr-FR\",\"@id\":\"https:\\\/\\\/fadein.es\\\/fr\\\/producto\\\/fadein-brillo-plus\\\/#primaryimage\",\"url\":\"https:\\\/\\\/fadein.es\\\/wp-content\\\/uploads\\\/2025\\\/11\\\/FADEIN-BRILLO-PLUS-10KG.jpg\",\"contentUrl\":\"https:\\\/\\\/fadein.es\\\/wp-content\\\/uploads\\\/2025\\\/11\\\/FADEIN-BRILLO-PLUS-10KG.jpg\",\"width\":1323,\"height\":1323,\"caption\":\"FADEIN-BRILLO PLUS 10KG\"},{\"@type\":\"BreadcrumbList\",\"@id\":\"https:\\\/\\\/fadein.es\\\/fr\\\/producto\\\/fadein-brillo-plus\\\/#breadcrumb\",\"itemListElement\":[{\"@type\":\"ListItem\",\"position\":1,\"name\":\"Portada\",\"item\":\"https:\\\/\\\/fadein.es\\\/fr\\\/accueil\\\/\"},{\"@type\":\"ListItem\",\"position\":2,\"name\":\"Boutique\",\"item\":\"https:\\\/\\\/fadein.es\\\/fr\\\/boutique\\\/\"},{\"@type\":\"ListItem\",\"position\":3,\"name\":\"FADEIN-BRILLO PLUS\"}]},{\"@type\":\"WebSite\",\"@id\":\"https:\\\/\\\/fadein.es\\\/fr\\\/#website\",\"url\":\"https:\\\/\\\/fadein.es\\\/fr\\\/\",\"name\":\"Fadein\",\"description\":\"Detergentes de alto rendimiento\",\"publisher\":{\"@id\":\"https:\\\/\\\/fadein.es\\\/fr\\\/#organization\"},\"alternateName\":\"Detergentes de alto rendimiento\",\"potentialAction\":[{\"@type\":\"SearchAction\",\"target\":{\"@type\":\"EntryPoint\",\"urlTemplate\":\"https:\\\/\\\/fadein.es\\\/fr\\\/?s={search_term_string}\"},\"query-input\":{\"@type\":\"PropertyValueSpecification\",\"valueRequired\":true,\"valueName\":\"search_term_string\"}}],\"inLanguage\":\"fr-FR\"},{\"@type\":\"Organization\",\"@id\":\"https:\\\/\\\/fadein.es\\\/fr\\\/#organization\",\"name\":\"Fadein\",\"alternateName\":\"Detergentes de alto rendimiento\",\"url\":\"https:\\\/\\\/fadein.es\\\/fr\\\/\",\"logo\":{\"@type\":\"ImageObject\",\"inLanguage\":\"fr-FR\",\"@id\":\"https:\\\/\\\/fadein.es\\\/fr\\\/#\\\/schema\\\/logo\\\/image\\\/\",\"url\":\"https:\\\/\\\/fadein.es\\\/wp-content\\\/uploads\\\/2021\\\/05\\\/fadein-deterdentes-de-alto-rendimiento.png\",\"contentUrl\":\"https:\\\/\\\/fadein.es\\\/wp-content\\\/uploads\\\/2021\\\/05\\\/fadein-deterdentes-de-alto-rendimiento.png\",\"width\":512,\"height\":512,\"caption\":\"Fadein\"},\"image\":{\"@id\":\"https:\\\/\\\/fadein.es\\\/fr\\\/#\\\/schema\\\/logo\\\/image\\\/\"}}]}<\/script>\n<!-- \/ Yoast SEO Premium plugin. -->","yoast_head_json":{"title":"FADEIN-BRILLO PLUS Polisseur de plastique et de caoutchouc","description":"Il s'agit d'un produit de polissage pour les pneus, les plastiques et le caoutchouc \u00e0 l'ext\u00e9rieur du v\u00e9hicule. Convient aux stations de lavage, aux garages, aux ateliers et aux concessionnaires automobiles.","robots":{"index":"index","follow":"follow","max-snippet":"max-snippet:-1","max-image-preview":"max-image-preview:large","max-video-preview":"max-video-preview:-1"},"canonical":"https:\/\/fadein.es\/fr\/producto\/fadein-brillo-plus\/","og_locale":"fr_FR","og_type":"article","og_title":"FADEIN-BRILLO PLUS","og_description":"Il s'agit d'un produit de polissage pour les pneus, les plastiques et le caoutchouc \u00e0 l'ext\u00e9rieur du v\u00e9hicule. Convient aux stations de lavage, aux garages, aux ateliers et aux concessionnaires automobiles.","og_url":"https:\/\/fadein.es\/fr\/producto\/fadein-brillo-plus\/","og_site_name":"Fadein","article_modified_time":"2025-02-27T10:01:19+00:00","og_image":[{"width":1323,"height":1323,"url":"https:\/\/fadein.es\/wp-content\/uploads\/2025\/11\/FADEIN-BRILLO-PLUS-10KG.jpg","type":"image\/jpeg"}],"twitter_card":"summary_large_image","twitter_misc":{"Dur\u00e9e de lecture estim\u00e9e":"1 minute"},"schema":{"@context":"https:\/\/schema.org","@graph":[{"@type":"WebPage","@id":"https:\/\/fadein.es\/fr\/producto\/fadein-brillo-plus\/","url":"https:\/\/fadein.es\/fr\/producto\/fadein-brillo-plus\/","name":"FADEIN-BRILLO PLUS Polisseur de plastique et de caoutchouc","isPartOf":{"@id":"https:\/\/fadein.es\/fr\/#website"},"primaryImageOfPage":{"@id":"https:\/\/fadein.es\/fr\/producto\/fadein-brillo-plus\/#primaryimage"},"image":{"@id":"https:\/\/fadein.es\/fr\/producto\/fadein-brillo-plus\/#primaryimage"},"thumbnailUrl":"https:\/\/fadein.es\/wp-content\/uploads\/2025\/11\/FADEIN-BRILLO-PLUS-10KG.jpg","datePublished":"2025-02-26T13:56:18+00:00","dateModified":"2025-02-27T10:01:19+00:00","description":"Il s'agit d'un produit de polissage pour les pneus, les plastiques et le caoutchouc \u00e0 l'ext\u00e9rieur du v\u00e9hicule. Convient aux stations de lavage, aux garages, aux ateliers et aux concessionnaires automobiles.","breadcrumb":{"@id":"https:\/\/fadein.es\/fr\/producto\/fadein-brillo-plus\/#breadcrumb"},"inLanguage":"fr-FR","potentialAction":[{"@type":"ReadAction","target":["https:\/\/fadein.es\/fr\/producto\/fadein-brillo-plus\/"]}]},{"@type":"ImageObject","inLanguage":"fr-FR","@id":"https:\/\/fadein.es\/fr\/producto\/fadein-brillo-plus\/#primaryimage","url":"https:\/\/fadein.es\/wp-content\/uploads\/2025\/11\/FADEIN-BRILLO-PLUS-10KG.jpg","contentUrl":"https:\/\/fadein.es\/wp-content\/uploads\/2025\/11\/FADEIN-BRILLO-PLUS-10KG.jpg","width":1323,"height":1323,"caption":"FADEIN-BRILLO PLUS 10KG"},{"@type":"BreadcrumbList","@id":"https:\/\/fadein.es\/fr\/producto\/fadein-brillo-plus\/#breadcrumb","itemListElement":[{"@type":"ListItem","position":1,"name":"Portada","item":"https:\/\/fadein.es\/fr\/accueil\/"},{"@type":"ListItem","position":2,"name":"Boutique","item":"https:\/\/fadein.es\/fr\/boutique\/"},{"@type":"ListItem","position":3,"name":"FADEIN-BRILLO PLUS"}]},{"@type":"WebSite","@id":"https:\/\/fadein.es\/fr\/#website","url":"https:\/\/fadein.es\/fr\/","name":"Fadein","description":"Detergentes de alto rendimiento","publisher":{"@id":"https:\/\/fadein.es\/fr\/#organization"},"alternateName":"Detergentes de alto rendimiento","potentialAction":[{"@type":"SearchAction","target":{"@type":"EntryPoint","urlTemplate":"https:\/\/fadein.es\/fr\/?s={search_term_string}"},"query-input":{"@type":"PropertyValueSpecification","valueRequired":true,"valueName":"search_term_string"}}],"inLanguage":"fr-FR"},{"@type":"Organization","@id":"https:\/\/fadein.es\/fr\/#organization","name":"Fadein","alternateName":"Detergentes de alto rendimiento","url":"https:\/\/fadein.es\/fr\/","logo":{"@type":"ImageObject","inLanguage":"fr-FR","@id":"https:\/\/fadein.es\/fr\/#\/schema\/logo\/image\/","url":"https:\/\/fadein.es\/wp-content\/uploads\/2021\/05\/fadein-deterdentes-de-alto-rendimiento.png","contentUrl":"https:\/\/fadein.es\/wp-content\/uploads\/2021\/05\/fadein-deterdentes-de-alto-rendimiento.png","width":512,"height":512,"caption":"Fadein"},"image":{"@id":"https:\/\/fadein.es\/fr\/#\/schema\/logo\/image\/"}}]}},"_links":{"self":[{"href":"https:\/\/fadein.es\/fr\/wp-json\/wp\/v2\/product\/8654","targetHints":{"allow":["GET"]}}],"collection":[{"href":"https:\/\/fadein.es\/fr\/wp-json\/wp\/v2\/product"}],"about":[{"href":"https:\/\/fadein.es\/fr\/wp-json\/wp\/v2\/types\/product"}],"replies":[{"embeddable":true,"href":"https:\/\/fadein.es\/fr\/wp-json\/wp\/v2\/comments?post=8654"}],"wp:featuredmedia":[{"embeddable":true,"href":"https:\/\/fadein.es\/fr\/wp-json\/wp\/v2\/media\/10922"}],"wp:attachment":[{"href":"https:\/\/fadein.es\/fr\/wp-json\/wp\/v2\/media?parent=8654"}],"wp:term":[{"taxonomy":"product_brand","embeddable":true,"href":"https:\/\/fadein.es\/fr\/wp-json\/wp\/v2\/product_brand?post=8654"},{"taxonomy":"product_cat","embeddable":true,"href":"https:\/\/fadein.es\/fr\/wp-json\/wp\/v2\/product_cat?post=8654"},{"taxonomy":"product_tag","embeddable":true,"href":"https:\/\/fadein.es\/fr\/wp-json\/wp\/v2\/product_tag?post=8654"}],"curies":[{"name":"wp","href":"https:\/\/api.w.org\/{rel}","templated":true}]}}