{"id":6940,"date":"2022-09-16T07:38:30","date_gmt":"2022-09-16T07:38:30","guid":{"rendered":"https:\/\/fadein.es\/producto\/champumatic\/"},"modified":"2023-10-30T09:23:54","modified_gmt":"2023-10-30T09:23:54","slug":"champumatique-2","status":"publish","type":"product","link":"https:\/\/fadein.es\/fr\/producto\/champumatique-2\/","title":{"rendered":"CHAMPUMATIC"},"content":{"rendered":"<p>CHAMPUMATIC a \u00e9t\u00e9 formul\u00e9 avec des tensioactifs sp\u00e9ciaux pour obtenir un excellent mouillage de la surface \u00e0 nettoyer et une lubrification des brosses, ce qui prolonge leur dur\u00e9e de vie. Ces surfactants emp\u00eachent la r\u00e9apparition de la salet\u00e9 et maintiennent donc les brosses propres, notamment pour le nettoyage et la lubrification des brosses dans les stations de lavage de ponts et de tunnels, \u00e0 l&rsquo;aide de pompes de dosage.<br \/>\n\u00c9tant un produit neutre, il peut \u00eatre utilis\u00e9 pour tout type de nettoyage n\u00e9cessitant un produit fluide, lubrifiant et moussant.<\/p>\n<p>Les images, vid\u00e9os et informations pr\u00e9sent\u00e9es dans cet espace sont purement illustratives et non contractuelles, peuvent \u00eatre optionnelles ou non disponibles selon les mod\u00e8les, et ne constituent pas une offre. Vous pouvez contacter le service commercial de FADEIN pour toute information compl\u00e9mentaire ou demande de cotation de nos produits.<\/p>\n","protected":false},"excerpt":{"rendered":"<p>Shampoing \u00e0 la brosse pour les tunnels et lavage des ponts.<\/p>\n","protected":false},"featured_media":5964,"comment_status":"open","ping_status":"closed","template":"","meta":{"_et_pb_use_builder":"","_et_pb_old_content":"","_et_gb_content_width":""},"product_brand":[],"product_cat":[474,574,477,661,669,576,575,480,1076],"product_tag":[445,466,419,413],"class_list":{"0":"post-6940","1":"product","2":"type-product","3":"status-publish","4":"has-post-thumbnail","6":"product_cat-automotion-fr","7":"product_cat-distributeurs","8":"product_cat-entraineurs","9":"product_cat-machine-de-nettoyage-externe","10":"product_cat-shampoing-a-la-brosse-fr","11":"product_cat-shampoing-a-la-brosse","12":"product_cat-shampoing-pour-le-corps","13":"product_cat-tunnel-et-pont-de-lavage","14":"product_cat-usage-professionnel-industriel","15":"product_tag-a-la-main","16":"product_tag-arrosage","17":"product_tag-produit-moussant","18":"product_tag-pulverisation","20":"first","21":"instock","22":"taxable","23":"shipping-taxable","24":"purchasable","25":"product-type-simple"},"yoast_head":"<!-- This site is optimized with the Yoast SEO Premium plugin v27.2 (Yoast SEO v27.4) - https:\/\/yoast.com\/product\/yoast-seo-premium-wordpress\/ -->\n<title>\u1409 CHAMPUMATIC | CHAMPUMATIC en Fadein<\/title>\n<meta name=\"description\" content=\"\ud83e\udd47 Entra y descubre \u261d CHAMPUMATIC. Disponible en distintos tama\u00f1os y vol\u00famenes... comprar CHAMPUMATIC al mejor precio \u2705 CHAMPUMATIC recomendado para...\" \/>\n<meta name=\"robots\" content=\"index, follow, max-snippet:-1, max-image-preview:large, max-video-preview:-1\" \/>\n<link rel=\"canonical\" href=\"https:\/\/fadein.es\/fr\/producto\/champumatique-2\/\" \/>\n<meta property=\"og:locale\" content=\"fr_FR\" \/>\n<meta property=\"og:type\" content=\"article\" \/>\n<meta property=\"og:title\" content=\"CHAMPUMATIC\" \/>\n<meta property=\"og:description\" content=\"\ud83e\udd47 Entra y descubre \u261d CHAMPUMATIC. Disponible en distintos tama\u00f1os y vol\u00famenes... comprar CHAMPUMATIC al mejor precio \u2705 CHAMPUMATIC recomendado para...\" \/>\n<meta property=\"og:url\" content=\"https:\/\/fadein.es\/fr\/producto\/champumatique-2\/\" \/>\n<meta property=\"og:site_name\" content=\"Fadein\" \/>\n<meta property=\"article:modified_time\" content=\"2023-10-30T09:23:54+00:00\" \/>\n<meta property=\"og:image\" content=\"https:\/\/fadein.es\/wp-content\/uploads\/2022\/11\/CHAMPUMATIC-1.png\" \/>\n\t<meta property=\"og:image:width\" content=\"1280\" \/>\n\t<meta property=\"og:image:height\" content=\"1280\" \/>\n\t<meta property=\"og:image:type\" content=\"image\/png\" \/>\n<meta name=\"twitter:card\" content=\"summary_large_image\" \/>\n<meta name=\"twitter:label1\" content=\"Dur\u00e9e de lecture estim\u00e9e\" \/>\n\t<meta name=\"twitter:data1\" content=\"1 minute\" \/>\n<script type=\"application\/ld+json\" class=\"yoast-schema-graph\">{\"@context\":\"https:\\\/\\\/schema.org\",\"@graph\":[{\"@type\":\"WebPage\",\"@id\":\"https:\\\/\\\/fadein.es\\\/fr\\\/producto\\\/champumatique-2\\\/\",\"url\":\"https:\\\/\\\/fadein.es\\\/fr\\\/producto\\\/champumatique-2\\\/\",\"name\":\"\u1409 CHAMPUMATIC | CHAMPUMATIC en Fadein\",\"isPartOf\":{\"@id\":\"https:\\\/\\\/fadein.es\\\/fr\\\/#website\"},\"primaryImageOfPage\":{\"@id\":\"https:\\\/\\\/fadein.es\\\/fr\\\/producto\\\/champumatique-2\\\/#primaryimage\"},\"image\":{\"@id\":\"https:\\\/\\\/fadein.es\\\/fr\\\/producto\\\/champumatique-2\\\/#primaryimage\"},\"thumbnailUrl\":\"https:\\\/\\\/fadein.es\\\/wp-content\\\/uploads\\\/2022\\\/11\\\/CHAMPUMATIC-1.png\",\"datePublished\":\"2022-09-16T07:38:30+00:00\",\"dateModified\":\"2023-10-30T09:23:54+00:00\",\"description\":\"\ud83e\udd47 Entra y descubre \u261d CHAMPUMATIC. Disponible en distintos tama\u00f1os y vol\u00famenes... comprar CHAMPUMATIC al mejor precio \u2705 CHAMPUMATIC recomendado para...\",\"breadcrumb\":{\"@id\":\"https:\\\/\\\/fadein.es\\\/fr\\\/producto\\\/champumatique-2\\\/#breadcrumb\"},\"inLanguage\":\"fr-FR\",\"potentialAction\":[{\"@type\":\"ReadAction\",\"target\":[\"https:\\\/\\\/fadein.es\\\/fr\\\/producto\\\/champumatique-2\\\/\"]}]},{\"@type\":\"ImageObject\",\"inLanguage\":\"fr-FR\",\"@id\":\"https:\\\/\\\/fadein.es\\\/fr\\\/producto\\\/champumatique-2\\\/#primaryimage\",\"url\":\"https:\\\/\\\/fadein.es\\\/wp-content\\\/uploads\\\/2022\\\/11\\\/CHAMPUMATIC-1.png\",\"contentUrl\":\"https:\\\/\\\/fadein.es\\\/wp-content\\\/uploads\\\/2022\\\/11\\\/CHAMPUMATIC-1.png\",\"width\":1280,\"height\":1280},{\"@type\":\"BreadcrumbList\",\"@id\":\"https:\\\/\\\/fadein.es\\\/fr\\\/producto\\\/champumatique-2\\\/#breadcrumb\",\"itemListElement\":[{\"@type\":\"ListItem\",\"position\":1,\"name\":\"Portada\",\"item\":\"https:\\\/\\\/fadein.es\\\/fr\\\/accueil\\\/\"},{\"@type\":\"ListItem\",\"position\":2,\"name\":\"Boutique\",\"item\":\"https:\\\/\\\/fadein.es\\\/fr\\\/boutique\\\/\"},{\"@type\":\"ListItem\",\"position\":3,\"name\":\"CHAMPUMATIC\"}]},{\"@type\":\"WebSite\",\"@id\":\"https:\\\/\\\/fadein.es\\\/fr\\\/#website\",\"url\":\"https:\\\/\\\/fadein.es\\\/fr\\\/\",\"name\":\"Fadein\",\"description\":\"Detergentes de alto rendimiento\",\"publisher\":{\"@id\":\"https:\\\/\\\/fadein.es\\\/fr\\\/#organization\"},\"alternateName\":\"Detergentes de alto rendimiento\",\"potentialAction\":[{\"@type\":\"SearchAction\",\"target\":{\"@type\":\"EntryPoint\",\"urlTemplate\":\"https:\\\/\\\/fadein.es\\\/fr\\\/?s={search_term_string}\"},\"query-input\":{\"@type\":\"PropertyValueSpecification\",\"valueRequired\":true,\"valueName\":\"search_term_string\"}}],\"inLanguage\":\"fr-FR\"},{\"@type\":\"Organization\",\"@id\":\"https:\\\/\\\/fadein.es\\\/fr\\\/#organization\",\"name\":\"Fadein\",\"alternateName\":\"Detergentes de alto rendimiento\",\"url\":\"https:\\\/\\\/fadein.es\\\/fr\\\/\",\"logo\":{\"@type\":\"ImageObject\",\"inLanguage\":\"fr-FR\",\"@id\":\"https:\\\/\\\/fadein.es\\\/fr\\\/#\\\/schema\\\/logo\\\/image\\\/\",\"url\":\"https:\\\/\\\/fadein.es\\\/wp-content\\\/uploads\\\/2021\\\/05\\\/fadein-deterdentes-de-alto-rendimiento.png\",\"contentUrl\":\"https:\\\/\\\/fadein.es\\\/wp-content\\\/uploads\\\/2021\\\/05\\\/fadein-deterdentes-de-alto-rendimiento.png\",\"width\":512,\"height\":512,\"caption\":\"Fadein\"},\"image\":{\"@id\":\"https:\\\/\\\/fadein.es\\\/fr\\\/#\\\/schema\\\/logo\\\/image\\\/\"}}]}<\/script>\n<!-- \/ Yoast SEO Premium plugin. -->","yoast_head_json":{"title":"\u1409 CHAMPUMATIC | CHAMPUMATIC en Fadein","description":"\ud83e\udd47 Entra y descubre \u261d CHAMPUMATIC. Disponible en distintos tama\u00f1os y vol\u00famenes... comprar CHAMPUMATIC al mejor precio \u2705 CHAMPUMATIC recomendado para...","robots":{"index":"index","follow":"follow","max-snippet":"max-snippet:-1","max-image-preview":"max-image-preview:large","max-video-preview":"max-video-preview:-1"},"canonical":"https:\/\/fadein.es\/fr\/producto\/champumatique-2\/","og_locale":"fr_FR","og_type":"article","og_title":"CHAMPUMATIC","og_description":"\ud83e\udd47 Entra y descubre \u261d CHAMPUMATIC. Disponible en distintos tama\u00f1os y vol\u00famenes... comprar CHAMPUMATIC al mejor precio \u2705 CHAMPUMATIC recomendado para...","og_url":"https:\/\/fadein.es\/fr\/producto\/champumatique-2\/","og_site_name":"Fadein","article_modified_time":"2023-10-30T09:23:54+00:00","og_image":[{"width":1280,"height":1280,"url":"https:\/\/fadein.es\/wp-content\/uploads\/2022\/11\/CHAMPUMATIC-1.png","type":"image\/png"}],"twitter_card":"summary_large_image","twitter_misc":{"Dur\u00e9e de lecture estim\u00e9e":"1 minute"},"schema":{"@context":"https:\/\/schema.org","@graph":[{"@type":"WebPage","@id":"https:\/\/fadein.es\/fr\/producto\/champumatique-2\/","url":"https:\/\/fadein.es\/fr\/producto\/champumatique-2\/","name":"\u1409 CHAMPUMATIC | CHAMPUMATIC en Fadein","isPartOf":{"@id":"https:\/\/fadein.es\/fr\/#website"},"primaryImageOfPage":{"@id":"https:\/\/fadein.es\/fr\/producto\/champumatique-2\/#primaryimage"},"image":{"@id":"https:\/\/fadein.es\/fr\/producto\/champumatique-2\/#primaryimage"},"thumbnailUrl":"https:\/\/fadein.es\/wp-content\/uploads\/2022\/11\/CHAMPUMATIC-1.png","datePublished":"2022-09-16T07:38:30+00:00","dateModified":"2023-10-30T09:23:54+00:00","description":"\ud83e\udd47 Entra y descubre \u261d CHAMPUMATIC. Disponible en distintos tama\u00f1os y vol\u00famenes... comprar CHAMPUMATIC al mejor precio \u2705 CHAMPUMATIC recomendado para...","breadcrumb":{"@id":"https:\/\/fadein.es\/fr\/producto\/champumatique-2\/#breadcrumb"},"inLanguage":"fr-FR","potentialAction":[{"@type":"ReadAction","target":["https:\/\/fadein.es\/fr\/producto\/champumatique-2\/"]}]},{"@type":"ImageObject","inLanguage":"fr-FR","@id":"https:\/\/fadein.es\/fr\/producto\/champumatique-2\/#primaryimage","url":"https:\/\/fadein.es\/wp-content\/uploads\/2022\/11\/CHAMPUMATIC-1.png","contentUrl":"https:\/\/fadein.es\/wp-content\/uploads\/2022\/11\/CHAMPUMATIC-1.png","width":1280,"height":1280},{"@type":"BreadcrumbList","@id":"https:\/\/fadein.es\/fr\/producto\/champumatique-2\/#breadcrumb","itemListElement":[{"@type":"ListItem","position":1,"name":"Portada","item":"https:\/\/fadein.es\/fr\/accueil\/"},{"@type":"ListItem","position":2,"name":"Boutique","item":"https:\/\/fadein.es\/fr\/boutique\/"},{"@type":"ListItem","position":3,"name":"CHAMPUMATIC"}]},{"@type":"WebSite","@id":"https:\/\/fadein.es\/fr\/#website","url":"https:\/\/fadein.es\/fr\/","name":"Fadein","description":"Detergentes de alto rendimiento","publisher":{"@id":"https:\/\/fadein.es\/fr\/#organization"},"alternateName":"Detergentes de alto rendimiento","potentialAction":[{"@type":"SearchAction","target":{"@type":"EntryPoint","urlTemplate":"https:\/\/fadein.es\/fr\/?s={search_term_string}"},"query-input":{"@type":"PropertyValueSpecification","valueRequired":true,"valueName":"search_term_string"}}],"inLanguage":"fr-FR"},{"@type":"Organization","@id":"https:\/\/fadein.es\/fr\/#organization","name":"Fadein","alternateName":"Detergentes de alto rendimiento","url":"https:\/\/fadein.es\/fr\/","logo":{"@type":"ImageObject","inLanguage":"fr-FR","@id":"https:\/\/fadein.es\/fr\/#\/schema\/logo\/image\/","url":"https:\/\/fadein.es\/wp-content\/uploads\/2021\/05\/fadein-deterdentes-de-alto-rendimiento.png","contentUrl":"https:\/\/fadein.es\/wp-content\/uploads\/2021\/05\/fadein-deterdentes-de-alto-rendimiento.png","width":512,"height":512,"caption":"Fadein"},"image":{"@id":"https:\/\/fadein.es\/fr\/#\/schema\/logo\/image\/"}}]}},"_links":{"self":[{"href":"https:\/\/fadein.es\/fr\/wp-json\/wp\/v2\/product\/6940","targetHints":{"allow":["GET"]}}],"collection":[{"href":"https:\/\/fadein.es\/fr\/wp-json\/wp\/v2\/product"}],"about":[{"href":"https:\/\/fadein.es\/fr\/wp-json\/wp\/v2\/types\/product"}],"replies":[{"embeddable":true,"href":"https:\/\/fadein.es\/fr\/wp-json\/wp\/v2\/comments?post=6940"}],"wp:featuredmedia":[{"embeddable":true,"href":"https:\/\/fadein.es\/fr\/wp-json\/wp\/v2\/media\/5964"}],"wp:attachment":[{"href":"https:\/\/fadein.es\/fr\/wp-json\/wp\/v2\/media?parent=6940"}],"wp:term":[{"taxonomy":"product_brand","embeddable":true,"href":"https:\/\/fadein.es\/fr\/wp-json\/wp\/v2\/product_brand?post=6940"},{"taxonomy":"product_cat","embeddable":true,"href":"https:\/\/fadein.es\/fr\/wp-json\/wp\/v2\/product_cat?post=6940"},{"taxonomy":"product_tag","embeddable":true,"href":"https:\/\/fadein.es\/fr\/wp-json\/wp\/v2\/product_tag?post=6940"}],"curies":[{"name":"wp","href":"https:\/\/api.w.org\/{rel}","templated":true}]}}