{"id":6914,"date":"2022-09-16T07:38:32","date_gmt":"2022-09-16T07:38:32","guid":{"rendered":"https:\/\/fadein.es\/producto\/fadein-autobrillo\/"},"modified":"2025-02-27T14:40:01","modified_gmt":"2025-02-27T14:40:01","slug":"fadein-autobrillo","status":"publish","type":"product","link":"https:\/\/fadein.es\/fr\/producto\/fadein-autobrillo\/","title":{"rendered":"FADEIN-AUTOBRILLO"},"content":{"rendered":"<p><strong>FADEIN-AUTOBRILLO<\/strong> laisse un film protecteur et brillant sur la peinture, la prot\u00e9geant contre les intemp\u00e9ries (salp\u00eatre, soleil, gel, pollution, etc.). Pour ne pas perdre cette protection et cette brillance <strong>, nous vous conseillons d&rsquo;utiliser FADEIN-AUTOBRILLO<\/strong> <strong>deux \u00e0 trois fois par mois.<\/strong> <\/p>\n<p><strong>Il est appliqu\u00e9 dans les<\/strong> <strong>stations de lavage manuelles<\/strong> et les <strong>concessionnaires automobiles<\/strong> (salles d&rsquo;exposition), dans tous les types de<strong> tunnels et de stations de lavage.<\/strong><\/p>\n<p>Vous pouvez contacter le service commercial de <strong><strong>FADEIN<\/strong><\/strong> par t\u00e9l\u00e9phone<strong><strong> 91 873 87 02 <\/strong><\/strong>ou par e-mail<strong><strong> att.cliente@fadein.es <\/strong><\/strong>pour toute information compl\u00e9mentaire ou demande de devis de nos produits.<\/p>\n","protected":false},"excerpt":{"rendered":"<p>Protecteur et polisseur manuel de v\u00e9hicules<\/p>\n","protected":false},"featured_media":5984,"comment_status":"open","ping_status":"closed","template":"","meta":{"_et_pb_use_builder":"","_et_pb_old_content":"","_et_gb_content_width":""},"product_brand":[],"product_cat":[474,574,483,877,1076],"product_tag":[779,776,782],"class_list":{"0":"post-6914","1":"product","2":"type-product","3":"status-publish","4":"has-post-thumbnail","6":"product_cat-automotion-fr","7":"product_cat-distributeurs","8":"product_cat-lavage-manuel","9":"product_cat-lavage-sans-eau","10":"product_cat-usage-professionnel-industriel","11":"product_tag-la-protection","12":"product_tag-luminosite-du-vehicule","13":"product_tag-soins","15":"first","16":"instock","17":"taxable","18":"shipping-taxable","19":"purchasable","20":"product-type-simple"},"yoast_head":"<!-- This site is optimized with the Yoast SEO Premium plugin v27.2 (Yoast SEO v27.4) - https:\/\/yoast.com\/product\/yoast-seo-premium-wordpress\/ -->\n<title>FADEIN-AUTOBRILLO Protecteur et polisseur pour v\u00e9hicules<\/title>\n<meta name=\"description\" content=\"Il laisse un film protecteur et brillant sur la peinture du v\u00e9hicule, la prot\u00e9geant contre les conditions m\u00e9t\u00e9orologiques d\u00e9favorables en toutes saisons.\" \/>\n<meta name=\"robots\" content=\"index, follow, max-snippet:-1, max-image-preview:large, max-video-preview:-1\" \/>\n<link rel=\"canonical\" href=\"https:\/\/fadein.es\/fr\/producto\/fadein-autobrillo\/\" \/>\n<meta property=\"og:locale\" content=\"fr_FR\" \/>\n<meta property=\"og:type\" content=\"article\" \/>\n<meta property=\"og:title\" content=\"FADEIN-AUTOBRILLO\" \/>\n<meta property=\"og:description\" content=\"Il laisse un film protecteur et brillant sur la peinture du v\u00e9hicule, la prot\u00e9geant contre les conditions m\u00e9t\u00e9orologiques d\u00e9favorables en toutes saisons.\" \/>\n<meta property=\"og:url\" content=\"https:\/\/fadein.es\/fr\/producto\/fadein-autobrillo\/\" \/>\n<meta property=\"og:site_name\" content=\"Fadein\" \/>\n<meta property=\"article:modified_time\" content=\"2025-02-27T14:40:01+00:00\" \/>\n<meta property=\"og:image\" content=\"https:\/\/fadein.es\/wp-content\/uploads\/2022\/11\/FADEIN-AUTOBRILLO.png\" \/>\n\t<meta property=\"og:image:width\" content=\"1280\" \/>\n\t<meta property=\"og:image:height\" content=\"1280\" \/>\n\t<meta property=\"og:image:type\" content=\"image\/png\" \/>\n<meta name=\"twitter:card\" content=\"summary_large_image\" \/>\n<script type=\"application\/ld+json\" class=\"yoast-schema-graph\">{\"@context\":\"https:\\\/\\\/schema.org\",\"@graph\":[{\"@type\":\"WebPage\",\"@id\":\"https:\\\/\\\/fadein.es\\\/fr\\\/producto\\\/fadein-autobrillo\\\/\",\"url\":\"https:\\\/\\\/fadein.es\\\/fr\\\/producto\\\/fadein-autobrillo\\\/\",\"name\":\"FADEIN-AUTOBRILLO Protecteur et polisseur pour v\u00e9hicules\",\"isPartOf\":{\"@id\":\"https:\\\/\\\/fadein.es\\\/fr\\\/#website\"},\"primaryImageOfPage\":{\"@id\":\"https:\\\/\\\/fadein.es\\\/fr\\\/producto\\\/fadein-autobrillo\\\/#primaryimage\"},\"image\":{\"@id\":\"https:\\\/\\\/fadein.es\\\/fr\\\/producto\\\/fadein-autobrillo\\\/#primaryimage\"},\"thumbnailUrl\":\"https:\\\/\\\/fadein.es\\\/wp-content\\\/uploads\\\/2022\\\/11\\\/FADEIN-AUTOBRILLO.png\",\"datePublished\":\"2022-09-16T07:38:32+00:00\",\"dateModified\":\"2025-02-27T14:40:01+00:00\",\"description\":\"Il laisse un film protecteur et brillant sur la peinture du v\u00e9hicule, la prot\u00e9geant contre les conditions m\u00e9t\u00e9orologiques d\u00e9favorables en toutes saisons.\",\"breadcrumb\":{\"@id\":\"https:\\\/\\\/fadein.es\\\/fr\\\/producto\\\/fadein-autobrillo\\\/#breadcrumb\"},\"inLanguage\":\"fr-FR\",\"potentialAction\":[{\"@type\":\"ReadAction\",\"target\":[\"https:\\\/\\\/fadein.es\\\/fr\\\/producto\\\/fadein-autobrillo\\\/\"]}]},{\"@type\":\"ImageObject\",\"inLanguage\":\"fr-FR\",\"@id\":\"https:\\\/\\\/fadein.es\\\/fr\\\/producto\\\/fadein-autobrillo\\\/#primaryimage\",\"url\":\"https:\\\/\\\/fadein.es\\\/wp-content\\\/uploads\\\/2022\\\/11\\\/FADEIN-AUTOBRILLO.png\",\"contentUrl\":\"https:\\\/\\\/fadein.es\\\/wp-content\\\/uploads\\\/2022\\\/11\\\/FADEIN-AUTOBRILLO.png\",\"width\":1280,\"height\":1280,\"caption\":\"FADEIN-AUTOBRILLO 10 KG\"},{\"@type\":\"BreadcrumbList\",\"@id\":\"https:\\\/\\\/fadein.es\\\/fr\\\/producto\\\/fadein-autobrillo\\\/#breadcrumb\",\"itemListElement\":[{\"@type\":\"ListItem\",\"position\":1,\"name\":\"Portada\",\"item\":\"https:\\\/\\\/fadein.es\\\/fr\\\/accueil\\\/\"},{\"@type\":\"ListItem\",\"position\":2,\"name\":\"Boutique\",\"item\":\"https:\\\/\\\/fadein.es\\\/fr\\\/boutique\\\/\"},{\"@type\":\"ListItem\",\"position\":3,\"name\":\"FADEIN-AUTOBRILLO\"}]},{\"@type\":\"WebSite\",\"@id\":\"https:\\\/\\\/fadein.es\\\/fr\\\/#website\",\"url\":\"https:\\\/\\\/fadein.es\\\/fr\\\/\",\"name\":\"Fadein\",\"description\":\"Detergentes de alto rendimiento\",\"publisher\":{\"@id\":\"https:\\\/\\\/fadein.es\\\/fr\\\/#organization\"},\"alternateName\":\"Detergentes de alto rendimiento\",\"potentialAction\":[{\"@type\":\"SearchAction\",\"target\":{\"@type\":\"EntryPoint\",\"urlTemplate\":\"https:\\\/\\\/fadein.es\\\/fr\\\/?s={search_term_string}\"},\"query-input\":{\"@type\":\"PropertyValueSpecification\",\"valueRequired\":true,\"valueName\":\"search_term_string\"}}],\"inLanguage\":\"fr-FR\"},{\"@type\":\"Organization\",\"@id\":\"https:\\\/\\\/fadein.es\\\/fr\\\/#organization\",\"name\":\"Fadein\",\"alternateName\":\"Detergentes de alto rendimiento\",\"url\":\"https:\\\/\\\/fadein.es\\\/fr\\\/\",\"logo\":{\"@type\":\"ImageObject\",\"inLanguage\":\"fr-FR\",\"@id\":\"https:\\\/\\\/fadein.es\\\/fr\\\/#\\\/schema\\\/logo\\\/image\\\/\",\"url\":\"https:\\\/\\\/fadein.es\\\/wp-content\\\/uploads\\\/2021\\\/05\\\/fadein-deterdentes-de-alto-rendimiento.png\",\"contentUrl\":\"https:\\\/\\\/fadein.es\\\/wp-content\\\/uploads\\\/2021\\\/05\\\/fadein-deterdentes-de-alto-rendimiento.png\",\"width\":512,\"height\":512,\"caption\":\"Fadein\"},\"image\":{\"@id\":\"https:\\\/\\\/fadein.es\\\/fr\\\/#\\\/schema\\\/logo\\\/image\\\/\"}}]}<\/script>\n<!-- \/ Yoast SEO Premium plugin. -->","yoast_head_json":{"title":"FADEIN-AUTOBRILLO Protecteur et polisseur pour v\u00e9hicules","description":"Il laisse un film protecteur et brillant sur la peinture du v\u00e9hicule, la prot\u00e9geant contre les conditions m\u00e9t\u00e9orologiques d\u00e9favorables en toutes saisons.","robots":{"index":"index","follow":"follow","max-snippet":"max-snippet:-1","max-image-preview":"max-image-preview:large","max-video-preview":"max-video-preview:-1"},"canonical":"https:\/\/fadein.es\/fr\/producto\/fadein-autobrillo\/","og_locale":"fr_FR","og_type":"article","og_title":"FADEIN-AUTOBRILLO","og_description":"Il laisse un film protecteur et brillant sur la peinture du v\u00e9hicule, la prot\u00e9geant contre les conditions m\u00e9t\u00e9orologiques d\u00e9favorables en toutes saisons.","og_url":"https:\/\/fadein.es\/fr\/producto\/fadein-autobrillo\/","og_site_name":"Fadein","article_modified_time":"2025-02-27T14:40:01+00:00","og_image":[{"width":1280,"height":1280,"url":"https:\/\/fadein.es\/wp-content\/uploads\/2022\/11\/FADEIN-AUTOBRILLO.png","type":"image\/png"}],"twitter_card":"summary_large_image","schema":{"@context":"https:\/\/schema.org","@graph":[{"@type":"WebPage","@id":"https:\/\/fadein.es\/fr\/producto\/fadein-autobrillo\/","url":"https:\/\/fadein.es\/fr\/producto\/fadein-autobrillo\/","name":"FADEIN-AUTOBRILLO Protecteur et polisseur pour v\u00e9hicules","isPartOf":{"@id":"https:\/\/fadein.es\/fr\/#website"},"primaryImageOfPage":{"@id":"https:\/\/fadein.es\/fr\/producto\/fadein-autobrillo\/#primaryimage"},"image":{"@id":"https:\/\/fadein.es\/fr\/producto\/fadein-autobrillo\/#primaryimage"},"thumbnailUrl":"https:\/\/fadein.es\/wp-content\/uploads\/2022\/11\/FADEIN-AUTOBRILLO.png","datePublished":"2022-09-16T07:38:32+00:00","dateModified":"2025-02-27T14:40:01+00:00","description":"Il laisse un film protecteur et brillant sur la peinture du v\u00e9hicule, la prot\u00e9geant contre les conditions m\u00e9t\u00e9orologiques d\u00e9favorables en toutes saisons.","breadcrumb":{"@id":"https:\/\/fadein.es\/fr\/producto\/fadein-autobrillo\/#breadcrumb"},"inLanguage":"fr-FR","potentialAction":[{"@type":"ReadAction","target":["https:\/\/fadein.es\/fr\/producto\/fadein-autobrillo\/"]}]},{"@type":"ImageObject","inLanguage":"fr-FR","@id":"https:\/\/fadein.es\/fr\/producto\/fadein-autobrillo\/#primaryimage","url":"https:\/\/fadein.es\/wp-content\/uploads\/2022\/11\/FADEIN-AUTOBRILLO.png","contentUrl":"https:\/\/fadein.es\/wp-content\/uploads\/2022\/11\/FADEIN-AUTOBRILLO.png","width":1280,"height":1280,"caption":"FADEIN-AUTOBRILLO 10 KG"},{"@type":"BreadcrumbList","@id":"https:\/\/fadein.es\/fr\/producto\/fadein-autobrillo\/#breadcrumb","itemListElement":[{"@type":"ListItem","position":1,"name":"Portada","item":"https:\/\/fadein.es\/fr\/accueil\/"},{"@type":"ListItem","position":2,"name":"Boutique","item":"https:\/\/fadein.es\/fr\/boutique\/"},{"@type":"ListItem","position":3,"name":"FADEIN-AUTOBRILLO"}]},{"@type":"WebSite","@id":"https:\/\/fadein.es\/fr\/#website","url":"https:\/\/fadein.es\/fr\/","name":"Fadein","description":"Detergentes de alto rendimiento","publisher":{"@id":"https:\/\/fadein.es\/fr\/#organization"},"alternateName":"Detergentes de alto rendimiento","potentialAction":[{"@type":"SearchAction","target":{"@type":"EntryPoint","urlTemplate":"https:\/\/fadein.es\/fr\/?s={search_term_string}"},"query-input":{"@type":"PropertyValueSpecification","valueRequired":true,"valueName":"search_term_string"}}],"inLanguage":"fr-FR"},{"@type":"Organization","@id":"https:\/\/fadein.es\/fr\/#organization","name":"Fadein","alternateName":"Detergentes de alto rendimiento","url":"https:\/\/fadein.es\/fr\/","logo":{"@type":"ImageObject","inLanguage":"fr-FR","@id":"https:\/\/fadein.es\/fr\/#\/schema\/logo\/image\/","url":"https:\/\/fadein.es\/wp-content\/uploads\/2021\/05\/fadein-deterdentes-de-alto-rendimiento.png","contentUrl":"https:\/\/fadein.es\/wp-content\/uploads\/2021\/05\/fadein-deterdentes-de-alto-rendimiento.png","width":512,"height":512,"caption":"Fadein"},"image":{"@id":"https:\/\/fadein.es\/fr\/#\/schema\/logo\/image\/"}}]}},"_links":{"self":[{"href":"https:\/\/fadein.es\/fr\/wp-json\/wp\/v2\/product\/6914","targetHints":{"allow":["GET"]}}],"collection":[{"href":"https:\/\/fadein.es\/fr\/wp-json\/wp\/v2\/product"}],"about":[{"href":"https:\/\/fadein.es\/fr\/wp-json\/wp\/v2\/types\/product"}],"replies":[{"embeddable":true,"href":"https:\/\/fadein.es\/fr\/wp-json\/wp\/v2\/comments?post=6914"}],"wp:featuredmedia":[{"embeddable":true,"href":"https:\/\/fadein.es\/fr\/wp-json\/wp\/v2\/media\/5984"}],"wp:attachment":[{"href":"https:\/\/fadein.es\/fr\/wp-json\/wp\/v2\/media?parent=6914"}],"wp:term":[{"taxonomy":"product_brand","embeddable":true,"href":"https:\/\/fadein.es\/fr\/wp-json\/wp\/v2\/product_brand?post=6914"},{"taxonomy":"product_cat","embeddable":true,"href":"https:\/\/fadein.es\/fr\/wp-json\/wp\/v2\/product_cat?post=6914"},{"taxonomy":"product_tag","embeddable":true,"href":"https:\/\/fadein.es\/fr\/wp-json\/wp\/v2\/product_tag?post=6914"}],"curies":[{"name":"wp","href":"https:\/\/api.w.org\/{rel}","templated":true}]}}