{"id":6744,"date":"2022-09-16T07:38:28","date_gmt":"2022-09-16T07:38:28","guid":{"rendered":"https:\/\/fadein.es\/producto\/desin-f-plus\/"},"modified":"2023-10-30T09:23:45","modified_gmt":"2023-10-30T09:23:45","slug":"desin-f-plus","status":"publish","type":"product","link":"https:\/\/fadein.es\/fr\/producto\/desin-f-plus\/","title":{"rendered":"DESIN-F PLUS"},"content":{"rendered":"<p>DESIN-F PLUS est un produit tr\u00e8s concentr\u00e9 et doit donc toujours \u00eatre utilis\u00e9 dilu\u00e9 avec de l&rsquo;eau. Il s&rsquo;agit d&rsquo;un produit \u00e0 tr\u00e8s forte concentration d&rsquo;ingr\u00e9dients actifs, dont des acides, des tensioactifs et des agents mouillants, qui permet d&rsquo;\u00e9liminer facilement les oxydes, les fum\u00e9es, les graisses et les incrustations de sels calcaires. Il est indiqu\u00e9 pour le nettoyage des lavages de voitures et de camions, des carrosseries et des jantes, notamment en aluminium, pour le nettoyage des carrosseries de v\u00e9hicules neufs transport\u00e9s par rail afin d&rsquo;\u00e9liminer les oxydes et les particules d\u00e9tach\u00e9es de la cat\u00e9naire, pour le nettoyage des sols, des murs et des fa\u00e7ades.<\/p>\n<p>Les images, vid\u00e9os et informations pr\u00e9sent\u00e9es dans cet espace sont purement illustratives et non contractuelles, peuvent \u00eatre optionnelles ou non disponibles selon les mod\u00e8les, et ne constituent pas une offre. Vous pouvez contacter le service commercial de FADEIN pour toute information compl\u00e9mentaire ou demande de cotation de nos produits.<\/p>\n","protected":false},"excerpt":{"rendered":"<p>D\u00e9tergent acide concentr\u00e9 pour le nettoyage de l&rsquo;aluminium, des sols et des murs.<\/p>\n","protected":false},"featured_media":6042,"comment_status":"open","ping_status":"closed","template":"","meta":{"_et_pb_use_builder":"","_et_pb_old_content":"","_et_gb_content_width":""},"product_brand":[],"product_cat":[474,627,557,697,483,487,615,674,696,480,1076],"product_tag":[414,698,558,699,413],"class_list":{"0":"post-6744","1":"product","2":"type-product","3":"status-publish","4":"has-post-thumbnail","6":"product_cat-automotion-fr","7":"product_cat-boites-a-haute-pression","8":"product_cat-camions","9":"product_cat-detergents-acides","10":"product_cat-lavage-manuel","11":"product_cat-lavage-manuel-sans-eau","12":"product_cat-maintenance-industrielle","13":"product_cat-nettoyage-des-boitiers","14":"product_cat-nettoyage-des-boitiers-fr","15":"product_cat-tunnel-et-pont-de-lavage","16":"product_cat-usage-professionnel-industriel","17":"product_tag-immersion-fr","18":"product_tag-nettoyage-des-toilettes","19":"product_tag-nettoyage-manuel","20":"product_tag-proprietes-anti-calcaire","21":"product_tag-pulverisation","23":"first","24":"instock","25":"taxable","26":"shipping-taxable","27":"purchasable","28":"product-type-simple"},"yoast_head":"<!-- This site is optimized with the Yoast SEO Premium plugin v27.2 (Yoast SEO v27.4) - https:\/\/yoast.com\/product\/yoast-seo-premium-wordpress\/ -->\n<title>\u1409 DESIN-F PLUS | DESIN-F PLUS en Fadein<\/title>\n<meta name=\"description\" content=\"\ud83e\udd47 Entra y descubre \u261d DESIN-F PLUS. Disponible en distintos tama\u00f1os y vol\u00famenes... comprar DESIN-F PLUS al mejor precio \u2705 DESIN-F PLUS recomendado para...\" \/>\n<meta name=\"robots\" content=\"index, follow, max-snippet:-1, max-image-preview:large, max-video-preview:-1\" \/>\n<link rel=\"canonical\" href=\"https:\/\/fadein.es\/fr\/producto\/desin-f-plus\/\" \/>\n<meta property=\"og:locale\" content=\"fr_FR\" \/>\n<meta property=\"og:type\" content=\"article\" \/>\n<meta property=\"og:title\" content=\"DESIN-F PLUS\" \/>\n<meta property=\"og:description\" content=\"\ud83e\udd47 Entra y descubre \u261d DESIN-F PLUS. Disponible en distintos tama\u00f1os y vol\u00famenes... comprar DESIN-F PLUS al mejor precio \u2705 DESIN-F PLUS recomendado para...\" \/>\n<meta property=\"og:url\" content=\"https:\/\/fadein.es\/fr\/producto\/desin-f-plus\/\" \/>\n<meta property=\"og:site_name\" content=\"Fadein\" \/>\n<meta property=\"article:modified_time\" content=\"2023-10-30T09:23:45+00:00\" \/>\n<meta property=\"og:image\" content=\"https:\/\/fadein.es\/wp-content\/uploads\/2022\/11\/DESIN-FPLUS.png\" \/>\n\t<meta property=\"og:image:width\" content=\"1280\" \/>\n\t<meta property=\"og:image:height\" content=\"1024\" \/>\n\t<meta property=\"og:image:type\" content=\"image\/png\" \/>\n<meta name=\"twitter:card\" content=\"summary_large_image\" \/>\n<meta name=\"twitter:label1\" content=\"Dur\u00e9e de lecture estim\u00e9e\" \/>\n\t<meta name=\"twitter:data1\" content=\"1 minute\" \/>\n<script type=\"application\/ld+json\" class=\"yoast-schema-graph\">{\"@context\":\"https:\\\/\\\/schema.org\",\"@graph\":[{\"@type\":\"WebPage\",\"@id\":\"https:\\\/\\\/fadein.es\\\/fr\\\/producto\\\/desin-f-plus\\\/\",\"url\":\"https:\\\/\\\/fadein.es\\\/fr\\\/producto\\\/desin-f-plus\\\/\",\"name\":\"\u1409 DESIN-F PLUS | DESIN-F PLUS en Fadein\",\"isPartOf\":{\"@id\":\"https:\\\/\\\/fadein.es\\\/fr\\\/#website\"},\"primaryImageOfPage\":{\"@id\":\"https:\\\/\\\/fadein.es\\\/fr\\\/producto\\\/desin-f-plus\\\/#primaryimage\"},\"image\":{\"@id\":\"https:\\\/\\\/fadein.es\\\/fr\\\/producto\\\/desin-f-plus\\\/#primaryimage\"},\"thumbnailUrl\":\"https:\\\/\\\/fadein.es\\\/wp-content\\\/uploads\\\/2022\\\/11\\\/DESIN-FPLUS.png\",\"datePublished\":\"2022-09-16T07:38:28+00:00\",\"dateModified\":\"2023-10-30T09:23:45+00:00\",\"description\":\"\ud83e\udd47 Entra y descubre \u261d DESIN-F PLUS. Disponible en distintos tama\u00f1os y vol\u00famenes... comprar DESIN-F PLUS al mejor precio \u2705 DESIN-F PLUS recomendado para...\",\"breadcrumb\":{\"@id\":\"https:\\\/\\\/fadein.es\\\/fr\\\/producto\\\/desin-f-plus\\\/#breadcrumb\"},\"inLanguage\":\"fr-FR\",\"potentialAction\":[{\"@type\":\"ReadAction\",\"target\":[\"https:\\\/\\\/fadein.es\\\/fr\\\/producto\\\/desin-f-plus\\\/\"]}]},{\"@type\":\"ImageObject\",\"inLanguage\":\"fr-FR\",\"@id\":\"https:\\\/\\\/fadein.es\\\/fr\\\/producto\\\/desin-f-plus\\\/#primaryimage\",\"url\":\"https:\\\/\\\/fadein.es\\\/wp-content\\\/uploads\\\/2022\\\/11\\\/DESIN-FPLUS.png\",\"contentUrl\":\"https:\\\/\\\/fadein.es\\\/wp-content\\\/uploads\\\/2022\\\/11\\\/DESIN-FPLUS.png\",\"width\":1280,\"height\":1024,\"caption\":\"DESIN-F PLUS 20 KG\"},{\"@type\":\"BreadcrumbList\",\"@id\":\"https:\\\/\\\/fadein.es\\\/fr\\\/producto\\\/desin-f-plus\\\/#breadcrumb\",\"itemListElement\":[{\"@type\":\"ListItem\",\"position\":1,\"name\":\"Portada\",\"item\":\"https:\\\/\\\/fadein.es\\\/fr\\\/accueil\\\/\"},{\"@type\":\"ListItem\",\"position\":2,\"name\":\"Boutique\",\"item\":\"https:\\\/\\\/fadein.es\\\/fr\\\/boutique\\\/\"},{\"@type\":\"ListItem\",\"position\":3,\"name\":\"DESIN-F PLUS\"}]},{\"@type\":\"WebSite\",\"@id\":\"https:\\\/\\\/fadein.es\\\/fr\\\/#website\",\"url\":\"https:\\\/\\\/fadein.es\\\/fr\\\/\",\"name\":\"Fadein\",\"description\":\"Detergentes de alto rendimiento\",\"publisher\":{\"@id\":\"https:\\\/\\\/fadein.es\\\/fr\\\/#organization\"},\"alternateName\":\"Detergentes de alto rendimiento\",\"potentialAction\":[{\"@type\":\"SearchAction\",\"target\":{\"@type\":\"EntryPoint\",\"urlTemplate\":\"https:\\\/\\\/fadein.es\\\/fr\\\/?s={search_term_string}\"},\"query-input\":{\"@type\":\"PropertyValueSpecification\",\"valueRequired\":true,\"valueName\":\"search_term_string\"}}],\"inLanguage\":\"fr-FR\"},{\"@type\":\"Organization\",\"@id\":\"https:\\\/\\\/fadein.es\\\/fr\\\/#organization\",\"name\":\"Fadein\",\"alternateName\":\"Detergentes de alto rendimiento\",\"url\":\"https:\\\/\\\/fadein.es\\\/fr\\\/\",\"logo\":{\"@type\":\"ImageObject\",\"inLanguage\":\"fr-FR\",\"@id\":\"https:\\\/\\\/fadein.es\\\/fr\\\/#\\\/schema\\\/logo\\\/image\\\/\",\"url\":\"https:\\\/\\\/fadein.es\\\/wp-content\\\/uploads\\\/2021\\\/05\\\/fadein-deterdentes-de-alto-rendimiento.png\",\"contentUrl\":\"https:\\\/\\\/fadein.es\\\/wp-content\\\/uploads\\\/2021\\\/05\\\/fadein-deterdentes-de-alto-rendimiento.png\",\"width\":512,\"height\":512,\"caption\":\"Fadein\"},\"image\":{\"@id\":\"https:\\\/\\\/fadein.es\\\/fr\\\/#\\\/schema\\\/logo\\\/image\\\/\"}}]}<\/script>\n<!-- \/ Yoast SEO Premium plugin. -->","yoast_head_json":{"title":"\u1409 DESIN-F PLUS | DESIN-F PLUS en Fadein","description":"\ud83e\udd47 Entra y descubre \u261d DESIN-F PLUS. Disponible en distintos tama\u00f1os y vol\u00famenes... comprar DESIN-F PLUS al mejor precio \u2705 DESIN-F PLUS recomendado para...","robots":{"index":"index","follow":"follow","max-snippet":"max-snippet:-1","max-image-preview":"max-image-preview:large","max-video-preview":"max-video-preview:-1"},"canonical":"https:\/\/fadein.es\/fr\/producto\/desin-f-plus\/","og_locale":"fr_FR","og_type":"article","og_title":"DESIN-F PLUS","og_description":"\ud83e\udd47 Entra y descubre \u261d DESIN-F PLUS. Disponible en distintos tama\u00f1os y vol\u00famenes... comprar DESIN-F PLUS al mejor precio \u2705 DESIN-F PLUS recomendado para...","og_url":"https:\/\/fadein.es\/fr\/producto\/desin-f-plus\/","og_site_name":"Fadein","article_modified_time":"2023-10-30T09:23:45+00:00","og_image":[{"width":1280,"height":1024,"url":"https:\/\/fadein.es\/wp-content\/uploads\/2022\/11\/DESIN-FPLUS.png","type":"image\/png"}],"twitter_card":"summary_large_image","twitter_misc":{"Dur\u00e9e de lecture estim\u00e9e":"1 minute"},"schema":{"@context":"https:\/\/schema.org","@graph":[{"@type":"WebPage","@id":"https:\/\/fadein.es\/fr\/producto\/desin-f-plus\/","url":"https:\/\/fadein.es\/fr\/producto\/desin-f-plus\/","name":"\u1409 DESIN-F PLUS | DESIN-F PLUS en Fadein","isPartOf":{"@id":"https:\/\/fadein.es\/fr\/#website"},"primaryImageOfPage":{"@id":"https:\/\/fadein.es\/fr\/producto\/desin-f-plus\/#primaryimage"},"image":{"@id":"https:\/\/fadein.es\/fr\/producto\/desin-f-plus\/#primaryimage"},"thumbnailUrl":"https:\/\/fadein.es\/wp-content\/uploads\/2022\/11\/DESIN-FPLUS.png","datePublished":"2022-09-16T07:38:28+00:00","dateModified":"2023-10-30T09:23:45+00:00","description":"\ud83e\udd47 Entra y descubre \u261d DESIN-F PLUS. Disponible en distintos tama\u00f1os y vol\u00famenes... comprar DESIN-F PLUS al mejor precio \u2705 DESIN-F PLUS recomendado para...","breadcrumb":{"@id":"https:\/\/fadein.es\/fr\/producto\/desin-f-plus\/#breadcrumb"},"inLanguage":"fr-FR","potentialAction":[{"@type":"ReadAction","target":["https:\/\/fadein.es\/fr\/producto\/desin-f-plus\/"]}]},{"@type":"ImageObject","inLanguage":"fr-FR","@id":"https:\/\/fadein.es\/fr\/producto\/desin-f-plus\/#primaryimage","url":"https:\/\/fadein.es\/wp-content\/uploads\/2022\/11\/DESIN-FPLUS.png","contentUrl":"https:\/\/fadein.es\/wp-content\/uploads\/2022\/11\/DESIN-FPLUS.png","width":1280,"height":1024,"caption":"DESIN-F PLUS 20 KG"},{"@type":"BreadcrumbList","@id":"https:\/\/fadein.es\/fr\/producto\/desin-f-plus\/#breadcrumb","itemListElement":[{"@type":"ListItem","position":1,"name":"Portada","item":"https:\/\/fadein.es\/fr\/accueil\/"},{"@type":"ListItem","position":2,"name":"Boutique","item":"https:\/\/fadein.es\/fr\/boutique\/"},{"@type":"ListItem","position":3,"name":"DESIN-F PLUS"}]},{"@type":"WebSite","@id":"https:\/\/fadein.es\/fr\/#website","url":"https:\/\/fadein.es\/fr\/","name":"Fadein","description":"Detergentes de alto rendimiento","publisher":{"@id":"https:\/\/fadein.es\/fr\/#organization"},"alternateName":"Detergentes de alto rendimiento","potentialAction":[{"@type":"SearchAction","target":{"@type":"EntryPoint","urlTemplate":"https:\/\/fadein.es\/fr\/?s={search_term_string}"},"query-input":{"@type":"PropertyValueSpecification","valueRequired":true,"valueName":"search_term_string"}}],"inLanguage":"fr-FR"},{"@type":"Organization","@id":"https:\/\/fadein.es\/fr\/#organization","name":"Fadein","alternateName":"Detergentes de alto rendimiento","url":"https:\/\/fadein.es\/fr\/","logo":{"@type":"ImageObject","inLanguage":"fr-FR","@id":"https:\/\/fadein.es\/fr\/#\/schema\/logo\/image\/","url":"https:\/\/fadein.es\/wp-content\/uploads\/2021\/05\/fadein-deterdentes-de-alto-rendimiento.png","contentUrl":"https:\/\/fadein.es\/wp-content\/uploads\/2021\/05\/fadein-deterdentes-de-alto-rendimiento.png","width":512,"height":512,"caption":"Fadein"},"image":{"@id":"https:\/\/fadein.es\/fr\/#\/schema\/logo\/image\/"}}]}},"_links":{"self":[{"href":"https:\/\/fadein.es\/fr\/wp-json\/wp\/v2\/product\/6744","targetHints":{"allow":["GET"]}}],"collection":[{"href":"https:\/\/fadein.es\/fr\/wp-json\/wp\/v2\/product"}],"about":[{"href":"https:\/\/fadein.es\/fr\/wp-json\/wp\/v2\/types\/product"}],"replies":[{"embeddable":true,"href":"https:\/\/fadein.es\/fr\/wp-json\/wp\/v2\/comments?post=6744"}],"wp:featuredmedia":[{"embeddable":true,"href":"https:\/\/fadein.es\/fr\/wp-json\/wp\/v2\/media\/6042"}],"wp:attachment":[{"href":"https:\/\/fadein.es\/fr\/wp-json\/wp\/v2\/media?parent=6744"}],"wp:term":[{"taxonomy":"product_brand","embeddable":true,"href":"https:\/\/fadein.es\/fr\/wp-json\/wp\/v2\/product_brand?post=6744"},{"taxonomy":"product_cat","embeddable":true,"href":"https:\/\/fadein.es\/fr\/wp-json\/wp\/v2\/product_cat?post=6744"},{"taxonomy":"product_tag","embeddable":true,"href":"https:\/\/fadein.es\/fr\/wp-json\/wp\/v2\/product_tag?post=6744"}],"curies":[{"name":"wp","href":"https:\/\/api.w.org\/{rel}","templated":true}]}}