{"id":6722,"date":"2022-09-16T07:38:30","date_gmt":"2022-09-16T07:38:30","guid":{"rendered":"https:\/\/fadein.es\/producto\/mousse-fadein-red\/"},"modified":"2023-10-30T09:23:50","modified_gmt":"2023-10-30T09:23:50","slug":"fadein-foam-red","status":"publish","type":"product","link":"https:\/\/fadein.es\/fr\/producto\/fadein-foam-red\/","title":{"rendered":"MOUSSE FADEIN-RED"},"content":{"rendered":"<p>Fadein-Red Foam est un shampooing alcalin actif tr\u00e8s moussant, formul\u00e9 pour conditionner la surface ext\u00e9rieure du v\u00e9hicule tout en formant une mousse riche de couleur ROSE. Il est utilis\u00e9 dans les tunnels et les ponts pour le lavage des v\u00e9hicules dans l&rsquo;arche en mousse.<br \/>\nDans les pistes\/bo\u00eetes haute pression du programme basse pression comme pr\u00e9lavage et dans les machines \u00e0 mousse des stations de lavage pour camions, ainsi que dans toutes les stations de lavage pour voitures.<\/p>\n<p>Les images, vid\u00e9os et informations pr\u00e9sent\u00e9es dans cet espace sont purement illustratives et non contractuelles, peuvent \u00eatre optionnelles ou non disponibles selon les mod\u00e8les, et ne constituent pas une offre. Vous pouvez contacter le service commercial de FADEIN pour toute information compl\u00e9mentaire ou demande de cotation de nos produits.<\/p>\n","protected":false},"excerpt":{"rendered":"<p>Agent moussant actif hautement concentr\u00e9.<\/p>\n","protected":false},"featured_media":11969,"comment_status":"open","ping_status":"closed","template":"","meta":{"_et_pb_use_builder":"","_et_pb_old_content":"","_et_gb_content_width":""},"product_brand":[],"product_cat":[675,474,627,673,480,1076],"product_tag":[466,419,413],"class_list":{"0":"post-6722","1":"product","2":"type-product","3":"status-publish","4":"has-post-thumbnail","6":"product_cat-arceau-en-mousse","7":"product_cat-automotion-fr","8":"product_cat-boites-a-haute-pression","9":"product_cat-detergent-liquide","10":"product_cat-tunnel-et-pont-de-lavage","11":"product_cat-usage-professionnel-industriel","12":"product_tag-arrosage","13":"product_tag-produit-moussant","14":"product_tag-pulverisation","16":"first","17":"instock","18":"taxable","19":"shipping-taxable","20":"purchasable","21":"product-type-simple"},"yoast_head":"<!-- This site is optimized with the Yoast SEO Premium plugin v27.2 (Yoast SEO v27.4) - https:\/\/yoast.com\/product\/yoast-seo-premium-wordpress\/ -->\n<title>\u1409 MOUSSE FADEIN-RED | MOUSSE FADEIN-RED en Fadein<\/title>\n<meta name=\"description\" content=\"\ud83e\udd47 Entra y descubre \u261d MOUSSE FADEIN-RED. Disponible en distintos tama\u00f1os y vol\u00famenes... comprar MOUSSE FADEIN-RED al mejor precio \u2705 MOUSSE FADEIN-RED recomendado para...\" \/>\n<meta name=\"robots\" content=\"index, follow, max-snippet:-1, max-image-preview:large, max-video-preview:-1\" \/>\n<link rel=\"canonical\" href=\"https:\/\/fadein.es\/fr\/producto\/fadein-foam-red\/\" \/>\n<meta property=\"og:locale\" content=\"fr_FR\" \/>\n<meta property=\"og:type\" content=\"article\" \/>\n<meta property=\"og:title\" content=\"MOUSSE FADEIN-RED\" \/>\n<meta property=\"og:description\" content=\"\ud83e\udd47 Entra y descubre \u261d MOUSSE FADEIN-RED. Disponible en distintos tama\u00f1os y vol\u00famenes... comprar MOUSSE FADEIN-RED al mejor precio \u2705 MOUSSE FADEIN-RED recomendado para...\" \/>\n<meta property=\"og:url\" content=\"https:\/\/fadein.es\/fr\/producto\/fadein-foam-red\/\" \/>\n<meta property=\"og:site_name\" content=\"Fadein\" \/>\n<meta property=\"article:modified_time\" content=\"2023-10-30T09:23:50+00:00\" \/>\n<meta property=\"og:image\" content=\"https:\/\/fadein.es\/wp-content\/uploads\/2026\/03\/FADEIN-ESPUMA-ROJA-20-KG.jpg\" \/>\n\t<meta property=\"og:image:width\" content=\"800\" \/>\n\t<meta property=\"og:image:height\" content=\"800\" \/>\n\t<meta property=\"og:image:type\" content=\"image\/jpeg\" \/>\n<meta name=\"twitter:card\" content=\"summary_large_image\" \/>\n<meta name=\"twitter:label1\" content=\"Dur\u00e9e de lecture estim\u00e9e\" \/>\n\t<meta name=\"twitter:data1\" content=\"1 minute\" \/>\n<script type=\"application\/ld+json\" class=\"yoast-schema-graph\">{\"@context\":\"https:\\\/\\\/schema.org\",\"@graph\":[{\"@type\":\"WebPage\",\"@id\":\"https:\\\/\\\/fadein.es\\\/fr\\\/producto\\\/fadein-foam-red\\\/\",\"url\":\"https:\\\/\\\/fadein.es\\\/fr\\\/producto\\\/fadein-foam-red\\\/\",\"name\":\"\u1409 MOUSSE FADEIN-RED | MOUSSE FADEIN-RED en Fadein\",\"isPartOf\":{\"@id\":\"https:\\\/\\\/fadein.es\\\/fr\\\/#website\"},\"primaryImageOfPage\":{\"@id\":\"https:\\\/\\\/fadein.es\\\/fr\\\/producto\\\/fadein-foam-red\\\/#primaryimage\"},\"image\":{\"@id\":\"https:\\\/\\\/fadein.es\\\/fr\\\/producto\\\/fadein-foam-red\\\/#primaryimage\"},\"thumbnailUrl\":\"https:\\\/\\\/fadein.es\\\/wp-content\\\/uploads\\\/2026\\\/03\\\/FADEIN-ESPUMA-ROJA-20-KG.jpg\",\"datePublished\":\"2022-09-16T07:38:30+00:00\",\"dateModified\":\"2023-10-30T09:23:50+00:00\",\"description\":\"\ud83e\udd47 Entra y descubre \u261d MOUSSE FADEIN-RED. Disponible en distintos tama\u00f1os y vol\u00famenes... comprar MOUSSE FADEIN-RED al mejor precio \u2705 MOUSSE FADEIN-RED recomendado para...\",\"breadcrumb\":{\"@id\":\"https:\\\/\\\/fadein.es\\\/fr\\\/producto\\\/fadein-foam-red\\\/#breadcrumb\"},\"inLanguage\":\"fr-FR\",\"potentialAction\":[{\"@type\":\"ReadAction\",\"target\":[\"https:\\\/\\\/fadein.es\\\/fr\\\/producto\\\/fadein-foam-red\\\/\"]}]},{\"@type\":\"ImageObject\",\"inLanguage\":\"fr-FR\",\"@id\":\"https:\\\/\\\/fadein.es\\\/fr\\\/producto\\\/fadein-foam-red\\\/#primaryimage\",\"url\":\"https:\\\/\\\/fadein.es\\\/wp-content\\\/uploads\\\/2026\\\/03\\\/FADEIN-ESPUMA-ROJA-20-KG.jpg\",\"contentUrl\":\"https:\\\/\\\/fadein.es\\\/wp-content\\\/uploads\\\/2026\\\/03\\\/FADEIN-ESPUMA-ROJA-20-KG.jpg\",\"width\":800,\"height\":800,\"caption\":\"FADEIN-ESPUMA ROJA 20 KG\"},{\"@type\":\"BreadcrumbList\",\"@id\":\"https:\\\/\\\/fadein.es\\\/fr\\\/producto\\\/fadein-foam-red\\\/#breadcrumb\",\"itemListElement\":[{\"@type\":\"ListItem\",\"position\":1,\"name\":\"Portada\",\"item\":\"https:\\\/\\\/fadein.es\\\/fr\\\/accueil\\\/\"},{\"@type\":\"ListItem\",\"position\":2,\"name\":\"Boutique\",\"item\":\"https:\\\/\\\/fadein.es\\\/fr\\\/boutique\\\/\"},{\"@type\":\"ListItem\",\"position\":3,\"name\":\"MOUSSE FADEIN-RED\"}]},{\"@type\":\"WebSite\",\"@id\":\"https:\\\/\\\/fadein.es\\\/fr\\\/#website\",\"url\":\"https:\\\/\\\/fadein.es\\\/fr\\\/\",\"name\":\"Fadein\",\"description\":\"Detergentes de alto rendimiento\",\"publisher\":{\"@id\":\"https:\\\/\\\/fadein.es\\\/fr\\\/#organization\"},\"alternateName\":\"Detergentes de alto rendimiento\",\"potentialAction\":[{\"@type\":\"SearchAction\",\"target\":{\"@type\":\"EntryPoint\",\"urlTemplate\":\"https:\\\/\\\/fadein.es\\\/fr\\\/?s={search_term_string}\"},\"query-input\":{\"@type\":\"PropertyValueSpecification\",\"valueRequired\":true,\"valueName\":\"search_term_string\"}}],\"inLanguage\":\"fr-FR\"},{\"@type\":\"Organization\",\"@id\":\"https:\\\/\\\/fadein.es\\\/fr\\\/#organization\",\"name\":\"Fadein\",\"alternateName\":\"Detergentes de alto rendimiento\",\"url\":\"https:\\\/\\\/fadein.es\\\/fr\\\/\",\"logo\":{\"@type\":\"ImageObject\",\"inLanguage\":\"fr-FR\",\"@id\":\"https:\\\/\\\/fadein.es\\\/fr\\\/#\\\/schema\\\/logo\\\/image\\\/\",\"url\":\"https:\\\/\\\/fadein.es\\\/wp-content\\\/uploads\\\/2021\\\/05\\\/fadein-deterdentes-de-alto-rendimiento.png\",\"contentUrl\":\"https:\\\/\\\/fadein.es\\\/wp-content\\\/uploads\\\/2021\\\/05\\\/fadein-deterdentes-de-alto-rendimiento.png\",\"width\":512,\"height\":512,\"caption\":\"Fadein\"},\"image\":{\"@id\":\"https:\\\/\\\/fadein.es\\\/fr\\\/#\\\/schema\\\/logo\\\/image\\\/\"}}]}<\/script>\n<!-- \/ Yoast SEO Premium plugin. -->","yoast_head_json":{"title":"\u1409 MOUSSE FADEIN-RED | MOUSSE FADEIN-RED en Fadein","description":"\ud83e\udd47 Entra y descubre \u261d MOUSSE FADEIN-RED. Disponible en distintos tama\u00f1os y vol\u00famenes... comprar MOUSSE FADEIN-RED al mejor precio \u2705 MOUSSE FADEIN-RED recomendado para...","robots":{"index":"index","follow":"follow","max-snippet":"max-snippet:-1","max-image-preview":"max-image-preview:large","max-video-preview":"max-video-preview:-1"},"canonical":"https:\/\/fadein.es\/fr\/producto\/fadein-foam-red\/","og_locale":"fr_FR","og_type":"article","og_title":"MOUSSE FADEIN-RED","og_description":"\ud83e\udd47 Entra y descubre \u261d MOUSSE FADEIN-RED. Disponible en distintos tama\u00f1os y vol\u00famenes... comprar MOUSSE FADEIN-RED al mejor precio \u2705 MOUSSE FADEIN-RED recomendado para...","og_url":"https:\/\/fadein.es\/fr\/producto\/fadein-foam-red\/","og_site_name":"Fadein","article_modified_time":"2023-10-30T09:23:50+00:00","og_image":[{"width":800,"height":800,"url":"https:\/\/fadein.es\/wp-content\/uploads\/2026\/03\/FADEIN-ESPUMA-ROJA-20-KG.jpg","type":"image\/jpeg"}],"twitter_card":"summary_large_image","twitter_misc":{"Dur\u00e9e de lecture estim\u00e9e":"1 minute"},"schema":{"@context":"https:\/\/schema.org","@graph":[{"@type":"WebPage","@id":"https:\/\/fadein.es\/fr\/producto\/fadein-foam-red\/","url":"https:\/\/fadein.es\/fr\/producto\/fadein-foam-red\/","name":"\u1409 MOUSSE FADEIN-RED | MOUSSE FADEIN-RED en Fadein","isPartOf":{"@id":"https:\/\/fadein.es\/fr\/#website"},"primaryImageOfPage":{"@id":"https:\/\/fadein.es\/fr\/producto\/fadein-foam-red\/#primaryimage"},"image":{"@id":"https:\/\/fadein.es\/fr\/producto\/fadein-foam-red\/#primaryimage"},"thumbnailUrl":"https:\/\/fadein.es\/wp-content\/uploads\/2026\/03\/FADEIN-ESPUMA-ROJA-20-KG.jpg","datePublished":"2022-09-16T07:38:30+00:00","dateModified":"2023-10-30T09:23:50+00:00","description":"\ud83e\udd47 Entra y descubre \u261d MOUSSE FADEIN-RED. Disponible en distintos tama\u00f1os y vol\u00famenes... comprar MOUSSE FADEIN-RED al mejor precio \u2705 MOUSSE FADEIN-RED recomendado para...","breadcrumb":{"@id":"https:\/\/fadein.es\/fr\/producto\/fadein-foam-red\/#breadcrumb"},"inLanguage":"fr-FR","potentialAction":[{"@type":"ReadAction","target":["https:\/\/fadein.es\/fr\/producto\/fadein-foam-red\/"]}]},{"@type":"ImageObject","inLanguage":"fr-FR","@id":"https:\/\/fadein.es\/fr\/producto\/fadein-foam-red\/#primaryimage","url":"https:\/\/fadein.es\/wp-content\/uploads\/2026\/03\/FADEIN-ESPUMA-ROJA-20-KG.jpg","contentUrl":"https:\/\/fadein.es\/wp-content\/uploads\/2026\/03\/FADEIN-ESPUMA-ROJA-20-KG.jpg","width":800,"height":800,"caption":"FADEIN-ESPUMA ROJA 20 KG"},{"@type":"BreadcrumbList","@id":"https:\/\/fadein.es\/fr\/producto\/fadein-foam-red\/#breadcrumb","itemListElement":[{"@type":"ListItem","position":1,"name":"Portada","item":"https:\/\/fadein.es\/fr\/accueil\/"},{"@type":"ListItem","position":2,"name":"Boutique","item":"https:\/\/fadein.es\/fr\/boutique\/"},{"@type":"ListItem","position":3,"name":"MOUSSE FADEIN-RED"}]},{"@type":"WebSite","@id":"https:\/\/fadein.es\/fr\/#website","url":"https:\/\/fadein.es\/fr\/","name":"Fadein","description":"Detergentes de alto rendimiento","publisher":{"@id":"https:\/\/fadein.es\/fr\/#organization"},"alternateName":"Detergentes de alto rendimiento","potentialAction":[{"@type":"SearchAction","target":{"@type":"EntryPoint","urlTemplate":"https:\/\/fadein.es\/fr\/?s={search_term_string}"},"query-input":{"@type":"PropertyValueSpecification","valueRequired":true,"valueName":"search_term_string"}}],"inLanguage":"fr-FR"},{"@type":"Organization","@id":"https:\/\/fadein.es\/fr\/#organization","name":"Fadein","alternateName":"Detergentes de alto rendimiento","url":"https:\/\/fadein.es\/fr\/","logo":{"@type":"ImageObject","inLanguage":"fr-FR","@id":"https:\/\/fadein.es\/fr\/#\/schema\/logo\/image\/","url":"https:\/\/fadein.es\/wp-content\/uploads\/2021\/05\/fadein-deterdentes-de-alto-rendimiento.png","contentUrl":"https:\/\/fadein.es\/wp-content\/uploads\/2021\/05\/fadein-deterdentes-de-alto-rendimiento.png","width":512,"height":512,"caption":"Fadein"},"image":{"@id":"https:\/\/fadein.es\/fr\/#\/schema\/logo\/image\/"}}]}},"_links":{"self":[{"href":"https:\/\/fadein.es\/fr\/wp-json\/wp\/v2\/product\/6722","targetHints":{"allow":["GET"]}}],"collection":[{"href":"https:\/\/fadein.es\/fr\/wp-json\/wp\/v2\/product"}],"about":[{"href":"https:\/\/fadein.es\/fr\/wp-json\/wp\/v2\/types\/product"}],"replies":[{"embeddable":true,"href":"https:\/\/fadein.es\/fr\/wp-json\/wp\/v2\/comments?post=6722"}],"wp:featuredmedia":[{"embeddable":true,"href":"https:\/\/fadein.es\/fr\/wp-json\/wp\/v2\/media\/11969"}],"wp:attachment":[{"href":"https:\/\/fadein.es\/fr\/wp-json\/wp\/v2\/media?parent=6722"}],"wp:term":[{"taxonomy":"product_brand","embeddable":true,"href":"https:\/\/fadein.es\/fr\/wp-json\/wp\/v2\/product_brand?post=6722"},{"taxonomy":"product_cat","embeddable":true,"href":"https:\/\/fadein.es\/fr\/wp-json\/wp\/v2\/product_cat?post=6722"},{"taxonomy":"product_tag","embeddable":true,"href":"https:\/\/fadein.es\/fr\/wp-json\/wp\/v2\/product_tag?post=6722"}],"curies":[{"name":"wp","href":"https:\/\/api.w.org\/{rel}","templated":true}]}}