{"id":6676,"date":"2022-09-16T07:38:32","date_gmt":"2022-09-16T07:38:32","guid":{"rendered":"https:\/\/fadein.es\/producto\/fadein-v-o\/"},"modified":"2023-10-30T09:24:31","modified_gmt":"2023-10-30T09:24:31","slug":"fadein-v-o","status":"publish","type":"product","link":"https:\/\/fadein.es\/fr\/producto\/fadein-v-o\/","title":{"rendered":"FADEIN-V.O"},"content":{"rendered":"<p>FADEIN-V.O. est un vernis liquide parfum\u00e9 qui r\u00e9g\u00e9n\u00e8re la peau, les polyvinyles, le cuir, le caoutchouc et les surfaces m\u00e9talliques, en formant un film microscopique qui donne un brillant intense aux mat\u00e9riaux. S&rsquo;applique aux stations de lavage, aux garages et aux concessionnaires automobiles, etc.<\/p>\n<p>Les images, vid\u00e9os et informations pr\u00e9sent\u00e9es dans cet espace sont purement illustratives et non contractuelles, peuvent \u00eatre optionnelles ou non disponibles selon les mod\u00e8les, et ne constituent pas une offre. Vous pouvez contacter le service commercial de FADEIN pour toute information compl\u00e9mentaire ou demande de cotation de nos produits.<\/p>\n","protected":false},"excerpt":{"rendered":"<p>Polish r\u00e9g\u00e9n\u00e9rant pour tableaux de bord tr\u00e8s brillants.<\/p>\n","protected":false},"featured_media":6056,"comment_status":"open","ping_status":"closed","template":"","meta":{"_et_pb_use_builder":"","_et_pb_old_content":"","_et_gb_content_width":""},"product_brand":[],"product_cat":[474,483,487,622,616,492,496,1076],"product_tag":[445,446],"class_list":{"0":"post-6676","1":"product","2":"type-product","3":"status-publish","4":"has-post-thumbnail","6":"product_cat-automotion-fr","7":"product_cat-lavage-manuel","8":"product_cat-lavage-manuel-sans-eau","9":"product_cat-luminosite-interieure-fr","10":"product_cat-luminosite-interieure","11":"product_cat-nettoyage-interieur","12":"product_cat-nettoyage-interieur-fr","13":"product_cat-usage-professionnel-industriel","14":"product_tag-a-la-main","15":"product_tag-pulverisation-a-laide-dun-pulverisateur","17":"first","18":"instock","19":"taxable","20":"shipping-taxable","21":"purchasable","22":"product-type-variable"},"yoast_head":"<!-- This site is optimized with the Yoast SEO Premium plugin v27.2 (Yoast SEO v27.4) - https:\/\/yoast.com\/product\/yoast-seo-premium-wordpress\/ -->\n<title>\u1409 FADEIN-V.O | FADEIN-V.O en Fadein<\/title>\n<meta name=\"description\" content=\"\ud83e\udd47 Entra y descubre \u261d FADEIN-V.O. Disponible en distintos tama\u00f1os y vol\u00famenes... comprar FADEIN-V.O al mejor precio \u2705 FADEIN-V.O recomendado para...\" \/>\n<meta name=\"robots\" content=\"index, follow, max-snippet:-1, max-image-preview:large, max-video-preview:-1\" \/>\n<link rel=\"canonical\" href=\"https:\/\/fadein.es\/fr\/producto\/fadein-v-o\/\" \/>\n<meta property=\"og:locale\" content=\"fr_FR\" \/>\n<meta property=\"og:type\" content=\"article\" \/>\n<meta property=\"og:title\" content=\"FADEIN-V.O\" \/>\n<meta property=\"og:description\" content=\"\ud83e\udd47 Entra y descubre \u261d FADEIN-V.O. Disponible en distintos tama\u00f1os y vol\u00famenes... comprar FADEIN-V.O al mejor precio \u2705 FADEIN-V.O recomendado para...\" \/>\n<meta property=\"og:url\" content=\"https:\/\/fadein.es\/fr\/producto\/fadein-v-o\/\" \/>\n<meta property=\"og:site_name\" content=\"Fadein\" \/>\n<meta property=\"article:modified_time\" content=\"2023-10-30T09:24:31+00:00\" \/>\n<meta property=\"og:image\" content=\"https:\/\/fadein.es\/wp-content\/uploads\/2022\/09\/FADEIN-V.O.png\" \/>\n\t<meta property=\"og:image:width\" content=\"1280\" \/>\n\t<meta property=\"og:image:height\" content=\"1024\" \/>\n\t<meta property=\"og:image:type\" content=\"image\/png\" \/>\n<meta name=\"twitter:card\" content=\"summary_large_image\" \/>\n<meta name=\"twitter:label1\" content=\"Dur\u00e9e de lecture estim\u00e9e\" \/>\n\t<meta name=\"twitter:data1\" content=\"1 minute\" \/>\n<script type=\"application\/ld+json\" class=\"yoast-schema-graph\">{\"@context\":\"https:\\\/\\\/schema.org\",\"@graph\":[{\"@type\":\"WebPage\",\"@id\":\"https:\\\/\\\/fadein.es\\\/fr\\\/producto\\\/fadein-v-o\\\/\",\"url\":\"https:\\\/\\\/fadein.es\\\/fr\\\/producto\\\/fadein-v-o\\\/\",\"name\":\"\u1409 FADEIN-V.O | FADEIN-V.O en Fadein\",\"isPartOf\":{\"@id\":\"https:\\\/\\\/fadein.es\\\/fr\\\/#website\"},\"primaryImageOfPage\":{\"@id\":\"https:\\\/\\\/fadein.es\\\/fr\\\/producto\\\/fadein-v-o\\\/#primaryimage\"},\"image\":{\"@id\":\"https:\\\/\\\/fadein.es\\\/fr\\\/producto\\\/fadein-v-o\\\/#primaryimage\"},\"thumbnailUrl\":\"https:\\\/\\\/fadein.es\\\/wp-content\\\/uploads\\\/2022\\\/09\\\/FADEIN-V.O.png\",\"datePublished\":\"2022-09-16T07:38:32+00:00\",\"dateModified\":\"2023-10-30T09:24:31+00:00\",\"description\":\"\ud83e\udd47 Entra y descubre \u261d FADEIN-V.O. Disponible en distintos tama\u00f1os y vol\u00famenes... comprar FADEIN-V.O al mejor precio \u2705 FADEIN-V.O recomendado para...\",\"breadcrumb\":{\"@id\":\"https:\\\/\\\/fadein.es\\\/fr\\\/producto\\\/fadein-v-o\\\/#breadcrumb\"},\"inLanguage\":\"fr-FR\",\"potentialAction\":[{\"@type\":\"ReadAction\",\"target\":[\"https:\\\/\\\/fadein.es\\\/fr\\\/producto\\\/fadein-v-o\\\/\"]}]},{\"@type\":\"ImageObject\",\"inLanguage\":\"fr-FR\",\"@id\":\"https:\\\/\\\/fadein.es\\\/fr\\\/producto\\\/fadein-v-o\\\/#primaryimage\",\"url\":\"https:\\\/\\\/fadein.es\\\/wp-content\\\/uploads\\\/2022\\\/09\\\/FADEIN-V.O.png\",\"contentUrl\":\"https:\\\/\\\/fadein.es\\\/wp-content\\\/uploads\\\/2022\\\/09\\\/FADEIN-V.O.png\",\"width\":1280,\"height\":1024,\"caption\":\"FADEIN V.O 10 L\"},{\"@type\":\"BreadcrumbList\",\"@id\":\"https:\\\/\\\/fadein.es\\\/fr\\\/producto\\\/fadein-v-o\\\/#breadcrumb\",\"itemListElement\":[{\"@type\":\"ListItem\",\"position\":1,\"name\":\"Portada\",\"item\":\"https:\\\/\\\/fadein.es\\\/fr\\\/accueil\\\/\"},{\"@type\":\"ListItem\",\"position\":2,\"name\":\"Boutique\",\"item\":\"https:\\\/\\\/fadein.es\\\/fr\\\/boutique\\\/\"},{\"@type\":\"ListItem\",\"position\":3,\"name\":\"FADEIN-V.O\"}]},{\"@type\":\"WebSite\",\"@id\":\"https:\\\/\\\/fadein.es\\\/fr\\\/#website\",\"url\":\"https:\\\/\\\/fadein.es\\\/fr\\\/\",\"name\":\"Fadein\",\"description\":\"Detergentes de alto rendimiento\",\"publisher\":{\"@id\":\"https:\\\/\\\/fadein.es\\\/fr\\\/#organization\"},\"alternateName\":\"Detergentes de alto rendimiento\",\"potentialAction\":[{\"@type\":\"SearchAction\",\"target\":{\"@type\":\"EntryPoint\",\"urlTemplate\":\"https:\\\/\\\/fadein.es\\\/fr\\\/?s={search_term_string}\"},\"query-input\":{\"@type\":\"PropertyValueSpecification\",\"valueRequired\":true,\"valueName\":\"search_term_string\"}}],\"inLanguage\":\"fr-FR\"},{\"@type\":\"Organization\",\"@id\":\"https:\\\/\\\/fadein.es\\\/fr\\\/#organization\",\"name\":\"Fadein\",\"alternateName\":\"Detergentes de alto rendimiento\",\"url\":\"https:\\\/\\\/fadein.es\\\/fr\\\/\",\"logo\":{\"@type\":\"ImageObject\",\"inLanguage\":\"fr-FR\",\"@id\":\"https:\\\/\\\/fadein.es\\\/fr\\\/#\\\/schema\\\/logo\\\/image\\\/\",\"url\":\"https:\\\/\\\/fadein.es\\\/wp-content\\\/uploads\\\/2021\\\/05\\\/fadein-deterdentes-de-alto-rendimiento.png\",\"contentUrl\":\"https:\\\/\\\/fadein.es\\\/wp-content\\\/uploads\\\/2021\\\/05\\\/fadein-deterdentes-de-alto-rendimiento.png\",\"width\":512,\"height\":512,\"caption\":\"Fadein\"},\"image\":{\"@id\":\"https:\\\/\\\/fadein.es\\\/fr\\\/#\\\/schema\\\/logo\\\/image\\\/\"}}]}<\/script>\n<!-- \/ Yoast SEO Premium plugin. -->","yoast_head_json":{"title":"\u1409 FADEIN-V.O | FADEIN-V.O en Fadein","description":"\ud83e\udd47 Entra y descubre \u261d FADEIN-V.O. Disponible en distintos tama\u00f1os y vol\u00famenes... comprar FADEIN-V.O al mejor precio \u2705 FADEIN-V.O recomendado para...","robots":{"index":"index","follow":"follow","max-snippet":"max-snippet:-1","max-image-preview":"max-image-preview:large","max-video-preview":"max-video-preview:-1"},"canonical":"https:\/\/fadein.es\/fr\/producto\/fadein-v-o\/","og_locale":"fr_FR","og_type":"article","og_title":"FADEIN-V.O","og_description":"\ud83e\udd47 Entra y descubre \u261d FADEIN-V.O. Disponible en distintos tama\u00f1os y vol\u00famenes... comprar FADEIN-V.O al mejor precio \u2705 FADEIN-V.O recomendado para...","og_url":"https:\/\/fadein.es\/fr\/producto\/fadein-v-o\/","og_site_name":"Fadein","article_modified_time":"2023-10-30T09:24:31+00:00","og_image":[{"width":1280,"height":1024,"url":"https:\/\/fadein.es\/wp-content\/uploads\/2022\/09\/FADEIN-V.O.png","type":"image\/png"}],"twitter_card":"summary_large_image","twitter_misc":{"Dur\u00e9e de lecture estim\u00e9e":"1 minute"},"schema":{"@context":"https:\/\/schema.org","@graph":[{"@type":"WebPage","@id":"https:\/\/fadein.es\/fr\/producto\/fadein-v-o\/","url":"https:\/\/fadein.es\/fr\/producto\/fadein-v-o\/","name":"\u1409 FADEIN-V.O | FADEIN-V.O en Fadein","isPartOf":{"@id":"https:\/\/fadein.es\/fr\/#website"},"primaryImageOfPage":{"@id":"https:\/\/fadein.es\/fr\/producto\/fadein-v-o\/#primaryimage"},"image":{"@id":"https:\/\/fadein.es\/fr\/producto\/fadein-v-o\/#primaryimage"},"thumbnailUrl":"https:\/\/fadein.es\/wp-content\/uploads\/2022\/09\/FADEIN-V.O.png","datePublished":"2022-09-16T07:38:32+00:00","dateModified":"2023-10-30T09:24:31+00:00","description":"\ud83e\udd47 Entra y descubre \u261d FADEIN-V.O. Disponible en distintos tama\u00f1os y vol\u00famenes... comprar FADEIN-V.O al mejor precio \u2705 FADEIN-V.O recomendado para...","breadcrumb":{"@id":"https:\/\/fadein.es\/fr\/producto\/fadein-v-o\/#breadcrumb"},"inLanguage":"fr-FR","potentialAction":[{"@type":"ReadAction","target":["https:\/\/fadein.es\/fr\/producto\/fadein-v-o\/"]}]},{"@type":"ImageObject","inLanguage":"fr-FR","@id":"https:\/\/fadein.es\/fr\/producto\/fadein-v-o\/#primaryimage","url":"https:\/\/fadein.es\/wp-content\/uploads\/2022\/09\/FADEIN-V.O.png","contentUrl":"https:\/\/fadein.es\/wp-content\/uploads\/2022\/09\/FADEIN-V.O.png","width":1280,"height":1024,"caption":"FADEIN V.O 10 L"},{"@type":"BreadcrumbList","@id":"https:\/\/fadein.es\/fr\/producto\/fadein-v-o\/#breadcrumb","itemListElement":[{"@type":"ListItem","position":1,"name":"Portada","item":"https:\/\/fadein.es\/fr\/accueil\/"},{"@type":"ListItem","position":2,"name":"Boutique","item":"https:\/\/fadein.es\/fr\/boutique\/"},{"@type":"ListItem","position":3,"name":"FADEIN-V.O"}]},{"@type":"WebSite","@id":"https:\/\/fadein.es\/fr\/#website","url":"https:\/\/fadein.es\/fr\/","name":"Fadein","description":"Detergentes de alto rendimiento","publisher":{"@id":"https:\/\/fadein.es\/fr\/#organization"},"alternateName":"Detergentes de alto rendimiento","potentialAction":[{"@type":"SearchAction","target":{"@type":"EntryPoint","urlTemplate":"https:\/\/fadein.es\/fr\/?s={search_term_string}"},"query-input":{"@type":"PropertyValueSpecification","valueRequired":true,"valueName":"search_term_string"}}],"inLanguage":"fr-FR"},{"@type":"Organization","@id":"https:\/\/fadein.es\/fr\/#organization","name":"Fadein","alternateName":"Detergentes de alto rendimiento","url":"https:\/\/fadein.es\/fr\/","logo":{"@type":"ImageObject","inLanguage":"fr-FR","@id":"https:\/\/fadein.es\/fr\/#\/schema\/logo\/image\/","url":"https:\/\/fadein.es\/wp-content\/uploads\/2021\/05\/fadein-deterdentes-de-alto-rendimiento.png","contentUrl":"https:\/\/fadein.es\/wp-content\/uploads\/2021\/05\/fadein-deterdentes-de-alto-rendimiento.png","width":512,"height":512,"caption":"Fadein"},"image":{"@id":"https:\/\/fadein.es\/fr\/#\/schema\/logo\/image\/"}}]}},"_links":{"self":[{"href":"https:\/\/fadein.es\/fr\/wp-json\/wp\/v2\/product\/6676","targetHints":{"allow":["GET"]}}],"collection":[{"href":"https:\/\/fadein.es\/fr\/wp-json\/wp\/v2\/product"}],"about":[{"href":"https:\/\/fadein.es\/fr\/wp-json\/wp\/v2\/types\/product"}],"replies":[{"embeddable":true,"href":"https:\/\/fadein.es\/fr\/wp-json\/wp\/v2\/comments?post=6676"}],"wp:featuredmedia":[{"embeddable":true,"href":"https:\/\/fadein.es\/fr\/wp-json\/wp\/v2\/media\/6056"}],"wp:attachment":[{"href":"https:\/\/fadein.es\/fr\/wp-json\/wp\/v2\/media?parent=6676"}],"wp:term":[{"taxonomy":"product_brand","embeddable":true,"href":"https:\/\/fadein.es\/fr\/wp-json\/wp\/v2\/product_brand?post=6676"},{"taxonomy":"product_cat","embeddable":true,"href":"https:\/\/fadein.es\/fr\/wp-json\/wp\/v2\/product_cat?post=6676"},{"taxonomy":"product_tag","embeddable":true,"href":"https:\/\/fadein.es\/fr\/wp-json\/wp\/v2\/product_tag?post=6676"}],"curies":[{"name":"wp","href":"https:\/\/api.w.org\/{rel}","templated":true}]}}