{"id":6675,"date":"2022-09-16T07:38:45","date_gmt":"2022-09-16T07:38:45","guid":{"rendered":"https:\/\/fadein.es\/producto\/crisol\/"},"modified":"2023-10-30T09:24:40","modified_gmt":"2023-10-30T09:24:40","slug":"creuset","status":"publish","type":"product","link":"https:\/\/fadein.es\/fr\/producto\/creuset\/","title":{"rendered":"CRISOL"},"content":{"rendered":"<p>CRISOL est un nettoyant liquide bleu transparent, facilement soluble dans l&rsquo;eau. Il est compos\u00e9 de bio-alcools et de tensioactifs, ce qui en fait un produit au grand pouvoir de nettoyage et d&rsquo;\u00e9vaporation, permettant d&rsquo;obtenir une finition transparente et brillante. Il convient au nettoyage des surfaces lisses et l\u00e9g\u00e8rement poreuses telles que le verre, les miroirs, le formica, le polyester, le gr\u00e8s, etc.  <\/p>\n<p>Les images, vid\u00e9os et informations pr\u00e9sent\u00e9es dans cet espace sont purement illustratives et non contractuelles, peuvent \u00eatre optionnelles ou non disponibles selon les mod\u00e8les, et ne constituent pas une offre. Vous pouvez contacter le service commercial de FADEIN pour toute information compl\u00e9mentaire ou demande de cotation de nos produits.<\/p>\n","protected":false},"excerpt":{"rendered":"<p>Nettoyant concentr\u00e9 pour vitres.<\/p>\n","protected":false},"featured_media":11007,"comment_status":"open","ping_status":"closed","template":"","meta":{"_et_pb_use_builder":"","_et_pb_old_content":"","_et_gb_content_width":""},"product_brand":[],"product_cat":[474,574,483,487,610,492,496,618,611,614,1078,1076],"product_tag":[445,608,558,446],"class_list":{"0":"post-6675","1":"product","2":"type-product","3":"status-publish","4":"has-post-thumbnail","6":"product_cat-automotion-fr","7":"product_cat-distributeurs","8":"product_cat-lavage-manuel","9":"product_cat-lavage-manuel-sans-eau","10":"product_cat-nettoyage-interieur-fr-3","11":"product_cat-nettoyage-interieur","12":"product_cat-nettoyage-interieur-fr","13":"product_cat-nettoyeur-de-vitres-fr-4","14":"product_cat-nettoyeur-de-vitres-fr-2","15":"product_cat-nettoyeur-de-vitres-fr-3","16":"product_cat-usage-domestique","17":"product_cat-usage-professionnel-industriel","18":"product_tag-a-la-main","19":"product_tag-multisurfaces-fr","20":"product_tag-nettoyage-manuel","21":"product_tag-pulverisation-a-laide-dun-pulverisateur","23":"first","24":"instock","25":"taxable","26":"shipping-taxable","27":"purchasable","28":"product-type-variable"},"yoast_head":"<!-- This site is optimized with the Yoast SEO Premium plugin v27.2 (Yoast SEO v27.4) - https:\/\/yoast.com\/product\/yoast-seo-premium-wordpress\/ -->\n<title>\u1409 CRISOL | CRISOL en Fadein<\/title>\n<meta name=\"description\" content=\"\ud83e\udd47 Entra y descubre \u261d CRISOL. Disponible en distintos tama\u00f1os y vol\u00famenes... comprar CRISOL al mejor precio \u2705 CRISOL recomendado para...\" \/>\n<meta name=\"robots\" content=\"index, follow, max-snippet:-1, max-image-preview:large, max-video-preview:-1\" \/>\n<link rel=\"canonical\" href=\"https:\/\/fadein.es\/fr\/producto\/creuset\/\" \/>\n<meta property=\"og:locale\" content=\"fr_FR\" \/>\n<meta property=\"og:type\" content=\"article\" \/>\n<meta property=\"og:title\" content=\"CRISOL\" \/>\n<meta property=\"og:description\" content=\"\ud83e\udd47 Entra y descubre \u261d CRISOL. Disponible en distintos tama\u00f1os y vol\u00famenes... comprar CRISOL al mejor precio \u2705 CRISOL recomendado para...\" \/>\n<meta property=\"og:url\" content=\"https:\/\/fadein.es\/fr\/producto\/creuset\/\" \/>\n<meta property=\"og:site_name\" content=\"Fadein\" \/>\n<meta property=\"article:modified_time\" content=\"2023-10-30T09:24:40+00:00\" \/>\n<meta property=\"og:image\" content=\"https:\/\/fadein.es\/wp-content\/uploads\/2025\/11\/CRISOL-5L.jpg\" \/>\n\t<meta property=\"og:image:width\" content=\"1323\" \/>\n\t<meta property=\"og:image:height\" content=\"1218\" \/>\n\t<meta property=\"og:image:type\" content=\"image\/jpeg\" \/>\n<meta name=\"twitter:card\" content=\"summary_large_image\" \/>\n<meta name=\"twitter:label1\" content=\"Dur\u00e9e de lecture estim\u00e9e\" \/>\n\t<meta name=\"twitter:data1\" content=\"1 minute\" \/>\n<script type=\"application\/ld+json\" class=\"yoast-schema-graph\">{\"@context\":\"https:\\\/\\\/schema.org\",\"@graph\":[{\"@type\":\"WebPage\",\"@id\":\"https:\\\/\\\/fadein.es\\\/fr\\\/producto\\\/creuset\\\/\",\"url\":\"https:\\\/\\\/fadein.es\\\/fr\\\/producto\\\/creuset\\\/\",\"name\":\"\u1409 CRISOL | CRISOL en Fadein\",\"isPartOf\":{\"@id\":\"https:\\\/\\\/fadein.es\\\/fr\\\/#website\"},\"primaryImageOfPage\":{\"@id\":\"https:\\\/\\\/fadein.es\\\/fr\\\/producto\\\/creuset\\\/#primaryimage\"},\"image\":{\"@id\":\"https:\\\/\\\/fadein.es\\\/fr\\\/producto\\\/creuset\\\/#primaryimage\"},\"thumbnailUrl\":\"https:\\\/\\\/fadein.es\\\/wp-content\\\/uploads\\\/2025\\\/11\\\/CRISOL-5L.jpg\",\"datePublished\":\"2022-09-16T07:38:45+00:00\",\"dateModified\":\"2023-10-30T09:24:40+00:00\",\"description\":\"\ud83e\udd47 Entra y descubre \u261d CRISOL. Disponible en distintos tama\u00f1os y vol\u00famenes... comprar CRISOL al mejor precio \u2705 CRISOL recomendado para...\",\"breadcrumb\":{\"@id\":\"https:\\\/\\\/fadein.es\\\/fr\\\/producto\\\/creuset\\\/#breadcrumb\"},\"inLanguage\":\"fr-FR\",\"potentialAction\":[{\"@type\":\"ReadAction\",\"target\":[\"https:\\\/\\\/fadein.es\\\/fr\\\/producto\\\/creuset\\\/\"]}]},{\"@type\":\"ImageObject\",\"inLanguage\":\"fr-FR\",\"@id\":\"https:\\\/\\\/fadein.es\\\/fr\\\/producto\\\/creuset\\\/#primaryimage\",\"url\":\"https:\\\/\\\/fadein.es\\\/wp-content\\\/uploads\\\/2025\\\/11\\\/CRISOL-5L.jpg\",\"contentUrl\":\"https:\\\/\\\/fadein.es\\\/wp-content\\\/uploads\\\/2025\\\/11\\\/CRISOL-5L.jpg\",\"width\":1323,\"height\":1218,\"caption\":\"CRISOL 5L\"},{\"@type\":\"BreadcrumbList\",\"@id\":\"https:\\\/\\\/fadein.es\\\/fr\\\/producto\\\/creuset\\\/#breadcrumb\",\"itemListElement\":[{\"@type\":\"ListItem\",\"position\":1,\"name\":\"Portada\",\"item\":\"https:\\\/\\\/fadein.es\\\/fr\\\/accueil\\\/\"},{\"@type\":\"ListItem\",\"position\":2,\"name\":\"Boutique\",\"item\":\"https:\\\/\\\/fadein.es\\\/fr\\\/boutique\\\/\"},{\"@type\":\"ListItem\",\"position\":3,\"name\":\"CRISOL\"}]},{\"@type\":\"WebSite\",\"@id\":\"https:\\\/\\\/fadein.es\\\/fr\\\/#website\",\"url\":\"https:\\\/\\\/fadein.es\\\/fr\\\/\",\"name\":\"Fadein\",\"description\":\"Detergentes de alto rendimiento\",\"publisher\":{\"@id\":\"https:\\\/\\\/fadein.es\\\/fr\\\/#organization\"},\"alternateName\":\"Detergentes de alto rendimiento\",\"potentialAction\":[{\"@type\":\"SearchAction\",\"target\":{\"@type\":\"EntryPoint\",\"urlTemplate\":\"https:\\\/\\\/fadein.es\\\/fr\\\/?s={search_term_string}\"},\"query-input\":{\"@type\":\"PropertyValueSpecification\",\"valueRequired\":true,\"valueName\":\"search_term_string\"}}],\"inLanguage\":\"fr-FR\"},{\"@type\":\"Organization\",\"@id\":\"https:\\\/\\\/fadein.es\\\/fr\\\/#organization\",\"name\":\"Fadein\",\"alternateName\":\"Detergentes de alto rendimiento\",\"url\":\"https:\\\/\\\/fadein.es\\\/fr\\\/\",\"logo\":{\"@type\":\"ImageObject\",\"inLanguage\":\"fr-FR\",\"@id\":\"https:\\\/\\\/fadein.es\\\/fr\\\/#\\\/schema\\\/logo\\\/image\\\/\",\"url\":\"https:\\\/\\\/fadein.es\\\/wp-content\\\/uploads\\\/2021\\\/05\\\/fadein-deterdentes-de-alto-rendimiento.png\",\"contentUrl\":\"https:\\\/\\\/fadein.es\\\/wp-content\\\/uploads\\\/2021\\\/05\\\/fadein-deterdentes-de-alto-rendimiento.png\",\"width\":512,\"height\":512,\"caption\":\"Fadein\"},\"image\":{\"@id\":\"https:\\\/\\\/fadein.es\\\/fr\\\/#\\\/schema\\\/logo\\\/image\\\/\"}}]}<\/script>\n<!-- \/ Yoast SEO Premium plugin. -->","yoast_head_json":{"title":"\u1409 CRISOL | CRISOL en Fadein","description":"\ud83e\udd47 Entra y descubre \u261d CRISOL. Disponible en distintos tama\u00f1os y vol\u00famenes... comprar CRISOL al mejor precio \u2705 CRISOL recomendado para...","robots":{"index":"index","follow":"follow","max-snippet":"max-snippet:-1","max-image-preview":"max-image-preview:large","max-video-preview":"max-video-preview:-1"},"canonical":"https:\/\/fadein.es\/fr\/producto\/creuset\/","og_locale":"fr_FR","og_type":"article","og_title":"CRISOL","og_description":"\ud83e\udd47 Entra y descubre \u261d CRISOL. Disponible en distintos tama\u00f1os y vol\u00famenes... comprar CRISOL al mejor precio \u2705 CRISOL recomendado para...","og_url":"https:\/\/fadein.es\/fr\/producto\/creuset\/","og_site_name":"Fadein","article_modified_time":"2023-10-30T09:24:40+00:00","og_image":[{"width":1323,"height":1218,"url":"https:\/\/fadein.es\/wp-content\/uploads\/2025\/11\/CRISOL-5L.jpg","type":"image\/jpeg"}],"twitter_card":"summary_large_image","twitter_misc":{"Dur\u00e9e de lecture estim\u00e9e":"1 minute"},"schema":{"@context":"https:\/\/schema.org","@graph":[{"@type":"WebPage","@id":"https:\/\/fadein.es\/fr\/producto\/creuset\/","url":"https:\/\/fadein.es\/fr\/producto\/creuset\/","name":"\u1409 CRISOL | CRISOL en Fadein","isPartOf":{"@id":"https:\/\/fadein.es\/fr\/#website"},"primaryImageOfPage":{"@id":"https:\/\/fadein.es\/fr\/producto\/creuset\/#primaryimage"},"image":{"@id":"https:\/\/fadein.es\/fr\/producto\/creuset\/#primaryimage"},"thumbnailUrl":"https:\/\/fadein.es\/wp-content\/uploads\/2025\/11\/CRISOL-5L.jpg","datePublished":"2022-09-16T07:38:45+00:00","dateModified":"2023-10-30T09:24:40+00:00","description":"\ud83e\udd47 Entra y descubre \u261d CRISOL. Disponible en distintos tama\u00f1os y vol\u00famenes... comprar CRISOL al mejor precio \u2705 CRISOL recomendado para...","breadcrumb":{"@id":"https:\/\/fadein.es\/fr\/producto\/creuset\/#breadcrumb"},"inLanguage":"fr-FR","potentialAction":[{"@type":"ReadAction","target":["https:\/\/fadein.es\/fr\/producto\/creuset\/"]}]},{"@type":"ImageObject","inLanguage":"fr-FR","@id":"https:\/\/fadein.es\/fr\/producto\/creuset\/#primaryimage","url":"https:\/\/fadein.es\/wp-content\/uploads\/2025\/11\/CRISOL-5L.jpg","contentUrl":"https:\/\/fadein.es\/wp-content\/uploads\/2025\/11\/CRISOL-5L.jpg","width":1323,"height":1218,"caption":"CRISOL 5L"},{"@type":"BreadcrumbList","@id":"https:\/\/fadein.es\/fr\/producto\/creuset\/#breadcrumb","itemListElement":[{"@type":"ListItem","position":1,"name":"Portada","item":"https:\/\/fadein.es\/fr\/accueil\/"},{"@type":"ListItem","position":2,"name":"Boutique","item":"https:\/\/fadein.es\/fr\/boutique\/"},{"@type":"ListItem","position":3,"name":"CRISOL"}]},{"@type":"WebSite","@id":"https:\/\/fadein.es\/fr\/#website","url":"https:\/\/fadein.es\/fr\/","name":"Fadein","description":"Detergentes de alto rendimiento","publisher":{"@id":"https:\/\/fadein.es\/fr\/#organization"},"alternateName":"Detergentes de alto rendimiento","potentialAction":[{"@type":"SearchAction","target":{"@type":"EntryPoint","urlTemplate":"https:\/\/fadein.es\/fr\/?s={search_term_string}"},"query-input":{"@type":"PropertyValueSpecification","valueRequired":true,"valueName":"search_term_string"}}],"inLanguage":"fr-FR"},{"@type":"Organization","@id":"https:\/\/fadein.es\/fr\/#organization","name":"Fadein","alternateName":"Detergentes de alto rendimiento","url":"https:\/\/fadein.es\/fr\/","logo":{"@type":"ImageObject","inLanguage":"fr-FR","@id":"https:\/\/fadein.es\/fr\/#\/schema\/logo\/image\/","url":"https:\/\/fadein.es\/wp-content\/uploads\/2021\/05\/fadein-deterdentes-de-alto-rendimiento.png","contentUrl":"https:\/\/fadein.es\/wp-content\/uploads\/2021\/05\/fadein-deterdentes-de-alto-rendimiento.png","width":512,"height":512,"caption":"Fadein"},"image":{"@id":"https:\/\/fadein.es\/fr\/#\/schema\/logo\/image\/"}}]}},"_links":{"self":[{"href":"https:\/\/fadein.es\/fr\/wp-json\/wp\/v2\/product\/6675","targetHints":{"allow":["GET"]}}],"collection":[{"href":"https:\/\/fadein.es\/fr\/wp-json\/wp\/v2\/product"}],"about":[{"href":"https:\/\/fadein.es\/fr\/wp-json\/wp\/v2\/types\/product"}],"replies":[{"embeddable":true,"href":"https:\/\/fadein.es\/fr\/wp-json\/wp\/v2\/comments?post=6675"}],"wp:featuredmedia":[{"embeddable":true,"href":"https:\/\/fadein.es\/fr\/wp-json\/wp\/v2\/media\/11007"}],"wp:attachment":[{"href":"https:\/\/fadein.es\/fr\/wp-json\/wp\/v2\/media?parent=6675"}],"wp:term":[{"taxonomy":"product_brand","embeddable":true,"href":"https:\/\/fadein.es\/fr\/wp-json\/wp\/v2\/product_brand?post=6675"},{"taxonomy":"product_cat","embeddable":true,"href":"https:\/\/fadein.es\/fr\/wp-json\/wp\/v2\/product_cat?post=6675"},{"taxonomy":"product_tag","embeddable":true,"href":"https:\/\/fadein.es\/fr\/wp-json\/wp\/v2\/product_tag?post=6675"}],"curies":[{"name":"wp","href":"https:\/\/api.w.org\/{rel}","templated":true}]}}