{"id":6671,"date":"2022-09-16T07:39:02","date_gmt":"2022-09-16T07:39:02","guid":{"rendered":"https:\/\/fadein.es\/producto\/fadein-crystals\/"},"modified":"2023-10-30T09:26:05","modified_gmt":"2023-10-30T09:26:05","slug":"fadein-crystals","status":"publish","type":"product","link":"https:\/\/fadein.es\/fr\/producto\/fadein-crystals\/","title":{"rendered":"FADEIN-CRYSTALS"},"content":{"rendered":"<p>FADEIN-CRISTALES est un nettoyant liquide bleu transparent au parfum agr\u00e9able de noix de coco et de vanille. Sa composition sans \u00ab\u00a0ingr\u00e9dients agressifs\u00a0\u00bb nettoie les surfaces lisses et non poreuses et \u00e9limine les traces de doigts, la poussi\u00e8re et la graisse. Obtenir une finition s\u00e8che et brillante. Il convient au nettoyage des surfaces lisses et l\u00e9g\u00e8rement poreuses telles que le verre, les miroirs, le formica, les plastiques et le gr\u00e8s. Mobilier de bureau, ordinateurs, t\u00e9l\u00e9phones, bureaux.<br \/>\nRecommand\u00e9 pour les entreprises de nettoyage, l&rsquo;h\u00f4tellerie, les collectivit\u00e9s,&#8230;<\/p>\n<p>Les images, vid\u00e9os et informations pr\u00e9sent\u00e9es dans cet espace sont purement illustratives et non contractuelles, peuvent \u00eatre optionnelles ou non disponibles selon les mod\u00e8les, et ne constituent pas une offre. Vous pouvez contacter le service commercial de FADEIN pour toute information compl\u00e9mentaire ou demande de cotation de nos produits.<\/p>\n","protected":false},"excerpt":{"rendered":"<p>Nettoyant polyvalent pour vitres.<\/p>\n","protected":false},"featured_media":12104,"comment_status":"open","ping_status":"closed","template":"","meta":{"_et_pb_use_builder":"","_et_pb_old_content":"","_et_gb_content_width":""},"product_brand":[],"product_cat":[598,474,557,444,441,442,374,383,477,386,606,405,488,505,566,605,607,481,443,1078,1076],"product_tag":[445,608,609],"class_list":{"0":"post-6671","1":"product","2":"type-product","3":"status-publish","4":"has-post-thumbnail","6":"product_cat-ateliers","7":"product_cat-automotion-fr","8":"product_cat-camions","9":"product_cat-chambre-fr-2","10":"product_cat-chambre","11":"product_cat-chambre-fr","12":"product_cat-collectivites","13":"product_cat-ecoles-et-residences","14":"product_cat-entraineurs","15":"product_cat-entretien-general","16":"product_cat-essuie-glace-lavage-du-pare-brise","17":"product_cat-hotels","18":"product_cat-les-parkings-et-les-garages","19":"product_cat-nettoyage-des-magasins","20":"product_cat-nettoyage-des-salles-de-bains-et-des-toilettes-fr","21":"product_cat-nettoyeur-de-vitres","22":"product_cat-nettoyeur-de-vitres-fr","23":"product_cat-stations-service","24":"product_cat-surfaces-fr","25":"product_cat-usage-domestique","26":"product_cat-usage-professionnel-industriel","27":"product_tag-a-la-main","28":"product_tag-multisurfaces-fr","29":"product_tag-nettoyage-du-verre","31":"first","32":"instock","33":"taxable","34":"shipping-taxable","35":"purchasable","36":"product-type-simple"},"yoast_head":"<!-- This site is optimized with the Yoast SEO Premium plugin v27.2 (Yoast SEO v27.4) - https:\/\/yoast.com\/product\/yoast-seo-premium-wordpress\/ -->\n<title>\u1409 FADEIN-CRYSTALS | FADEIN-CRYSTALS en Fadein<\/title>\n<meta name=\"description\" content=\"\ud83e\udd47 Entra y descubre \u261d FADEIN-CRYSTALS. Disponible en distintos tama\u00f1os y vol\u00famenes... comprar FADEIN-CRYSTALS al mejor precio \u2705 FADEIN-CRYSTALS recomendado para...\" \/>\n<meta name=\"robots\" content=\"index, follow, max-snippet:-1, max-image-preview:large, max-video-preview:-1\" \/>\n<link rel=\"canonical\" href=\"https:\/\/fadein.es\/fr\/producto\/fadein-crystals\/\" \/>\n<meta property=\"og:locale\" content=\"fr_FR\" \/>\n<meta property=\"og:type\" content=\"article\" \/>\n<meta property=\"og:title\" content=\"FADEIN-CRYSTALS\" \/>\n<meta property=\"og:description\" content=\"\ud83e\udd47 Entra y descubre \u261d FADEIN-CRYSTALS. Disponible en distintos tama\u00f1os y vol\u00famenes... comprar FADEIN-CRYSTALS al mejor precio \u2705 FADEIN-CRYSTALS recomendado para...\" \/>\n<meta property=\"og:url\" content=\"https:\/\/fadein.es\/fr\/producto\/fadein-crystals\/\" \/>\n<meta property=\"og:site_name\" content=\"Fadein\" \/>\n<meta property=\"article:modified_time\" content=\"2023-10-30T09:26:05+00:00\" \/>\n<meta property=\"og:image\" content=\"https:\/\/fadein.es\/wp-content\/uploads\/2022\/11\/FADEIN-CRISTALES.png\" \/>\n\t<meta property=\"og:image:width\" content=\"2048\" \/>\n\t<meta property=\"og:image:height\" content=\"1805\" \/>\n\t<meta property=\"og:image:type\" content=\"image\/png\" \/>\n<meta name=\"twitter:card\" content=\"summary_large_image\" \/>\n<meta name=\"twitter:label1\" content=\"Dur\u00e9e de lecture estim\u00e9e\" \/>\n\t<meta name=\"twitter:data1\" content=\"1 minute\" \/>\n<script type=\"application\/ld+json\" class=\"yoast-schema-graph\">{\"@context\":\"https:\\\/\\\/schema.org\",\"@graph\":[{\"@type\":\"WebPage\",\"@id\":\"https:\\\/\\\/fadein.es\\\/fr\\\/producto\\\/fadein-crystals\\\/\",\"url\":\"https:\\\/\\\/fadein.es\\\/fr\\\/producto\\\/fadein-crystals\\\/\",\"name\":\"\u1409 FADEIN-CRYSTALS | FADEIN-CRYSTALS en Fadein\",\"isPartOf\":{\"@id\":\"https:\\\/\\\/fadein.es\\\/fr\\\/#website\"},\"primaryImageOfPage\":{\"@id\":\"https:\\\/\\\/fadein.es\\\/fr\\\/producto\\\/fadein-crystals\\\/#primaryimage\"},\"image\":{\"@id\":\"https:\\\/\\\/fadein.es\\\/fr\\\/producto\\\/fadein-crystals\\\/#primaryimage\"},\"thumbnailUrl\":\"https:\\\/\\\/fadein.es\\\/wp-content\\\/uploads\\\/2022\\\/11\\\/FADEIN-CRISTALES.png\",\"datePublished\":\"2022-09-16T07:39:02+00:00\",\"dateModified\":\"2023-10-30T09:26:05+00:00\",\"description\":\"\ud83e\udd47 Entra y descubre \u261d FADEIN-CRYSTALS. Disponible en distintos tama\u00f1os y vol\u00famenes... comprar FADEIN-CRYSTALS al mejor precio \u2705 FADEIN-CRYSTALS recomendado para...\",\"breadcrumb\":{\"@id\":\"https:\\\/\\\/fadein.es\\\/fr\\\/producto\\\/fadein-crystals\\\/#breadcrumb\"},\"inLanguage\":\"fr-FR\",\"potentialAction\":[{\"@type\":\"ReadAction\",\"target\":[\"https:\\\/\\\/fadein.es\\\/fr\\\/producto\\\/fadein-crystals\\\/\"]}]},{\"@type\":\"ImageObject\",\"inLanguage\":\"fr-FR\",\"@id\":\"https:\\\/\\\/fadein.es\\\/fr\\\/producto\\\/fadein-crystals\\\/#primaryimage\",\"url\":\"https:\\\/\\\/fadein.es\\\/wp-content\\\/uploads\\\/2022\\\/11\\\/FADEIN-CRISTALES.png\",\"contentUrl\":\"https:\\\/\\\/fadein.es\\\/wp-content\\\/uploads\\\/2022\\\/11\\\/FADEIN-CRISTALES.png\",\"width\":2048,\"height\":1805,\"caption\":\"FADEIN-CRISTALES 5 L\"},{\"@type\":\"BreadcrumbList\",\"@id\":\"https:\\\/\\\/fadein.es\\\/fr\\\/producto\\\/fadein-crystals\\\/#breadcrumb\",\"itemListElement\":[{\"@type\":\"ListItem\",\"position\":1,\"name\":\"Portada\",\"item\":\"https:\\\/\\\/fadein.es\\\/fr\\\/accueil\\\/\"},{\"@type\":\"ListItem\",\"position\":2,\"name\":\"Boutique\",\"item\":\"https:\\\/\\\/fadein.es\\\/fr\\\/boutique\\\/\"},{\"@type\":\"ListItem\",\"position\":3,\"name\":\"FADEIN-CRYSTALS\"}]},{\"@type\":\"WebSite\",\"@id\":\"https:\\\/\\\/fadein.es\\\/fr\\\/#website\",\"url\":\"https:\\\/\\\/fadein.es\\\/fr\\\/\",\"name\":\"Fadein\",\"description\":\"Detergentes de alto rendimiento\",\"publisher\":{\"@id\":\"https:\\\/\\\/fadein.es\\\/fr\\\/#organization\"},\"alternateName\":\"Detergentes de alto rendimiento\",\"potentialAction\":[{\"@type\":\"SearchAction\",\"target\":{\"@type\":\"EntryPoint\",\"urlTemplate\":\"https:\\\/\\\/fadein.es\\\/fr\\\/?s={search_term_string}\"},\"query-input\":{\"@type\":\"PropertyValueSpecification\",\"valueRequired\":true,\"valueName\":\"search_term_string\"}}],\"inLanguage\":\"fr-FR\"},{\"@type\":\"Organization\",\"@id\":\"https:\\\/\\\/fadein.es\\\/fr\\\/#organization\",\"name\":\"Fadein\",\"alternateName\":\"Detergentes de alto rendimiento\",\"url\":\"https:\\\/\\\/fadein.es\\\/fr\\\/\",\"logo\":{\"@type\":\"ImageObject\",\"inLanguage\":\"fr-FR\",\"@id\":\"https:\\\/\\\/fadein.es\\\/fr\\\/#\\\/schema\\\/logo\\\/image\\\/\",\"url\":\"https:\\\/\\\/fadein.es\\\/wp-content\\\/uploads\\\/2021\\\/05\\\/fadein-deterdentes-de-alto-rendimiento.png\",\"contentUrl\":\"https:\\\/\\\/fadein.es\\\/wp-content\\\/uploads\\\/2021\\\/05\\\/fadein-deterdentes-de-alto-rendimiento.png\",\"width\":512,\"height\":512,\"caption\":\"Fadein\"},\"image\":{\"@id\":\"https:\\\/\\\/fadein.es\\\/fr\\\/#\\\/schema\\\/logo\\\/image\\\/\"}}]}<\/script>\n<!-- \/ Yoast SEO Premium plugin. -->","yoast_head_json":{"title":"\u1409 FADEIN-CRYSTALS | FADEIN-CRYSTALS en Fadein","description":"\ud83e\udd47 Entra y descubre \u261d FADEIN-CRYSTALS. Disponible en distintos tama\u00f1os y vol\u00famenes... comprar FADEIN-CRYSTALS al mejor precio \u2705 FADEIN-CRYSTALS recomendado para...","robots":{"index":"index","follow":"follow","max-snippet":"max-snippet:-1","max-image-preview":"max-image-preview:large","max-video-preview":"max-video-preview:-1"},"canonical":"https:\/\/fadein.es\/fr\/producto\/fadein-crystals\/","og_locale":"fr_FR","og_type":"article","og_title":"FADEIN-CRYSTALS","og_description":"\ud83e\udd47 Entra y descubre \u261d FADEIN-CRYSTALS. Disponible en distintos tama\u00f1os y vol\u00famenes... comprar FADEIN-CRYSTALS al mejor precio \u2705 FADEIN-CRYSTALS recomendado para...","og_url":"https:\/\/fadein.es\/fr\/producto\/fadein-crystals\/","og_site_name":"Fadein","article_modified_time":"2023-10-30T09:26:05+00:00","og_image":[{"width":2048,"height":1805,"url":"https:\/\/fadein.es\/wp-content\/uploads\/2022\/11\/FADEIN-CRISTALES.png","type":"image\/png"}],"twitter_card":"summary_large_image","twitter_misc":{"Dur\u00e9e de lecture estim\u00e9e":"1 minute"},"schema":{"@context":"https:\/\/schema.org","@graph":[{"@type":"WebPage","@id":"https:\/\/fadein.es\/fr\/producto\/fadein-crystals\/","url":"https:\/\/fadein.es\/fr\/producto\/fadein-crystals\/","name":"\u1409 FADEIN-CRYSTALS | FADEIN-CRYSTALS en Fadein","isPartOf":{"@id":"https:\/\/fadein.es\/fr\/#website"},"primaryImageOfPage":{"@id":"https:\/\/fadein.es\/fr\/producto\/fadein-crystals\/#primaryimage"},"image":{"@id":"https:\/\/fadein.es\/fr\/producto\/fadein-crystals\/#primaryimage"},"thumbnailUrl":"https:\/\/fadein.es\/wp-content\/uploads\/2022\/11\/FADEIN-CRISTALES.png","datePublished":"2022-09-16T07:39:02+00:00","dateModified":"2023-10-30T09:26:05+00:00","description":"\ud83e\udd47 Entra y descubre \u261d FADEIN-CRYSTALS. Disponible en distintos tama\u00f1os y vol\u00famenes... comprar FADEIN-CRYSTALS al mejor precio \u2705 FADEIN-CRYSTALS recomendado para...","breadcrumb":{"@id":"https:\/\/fadein.es\/fr\/producto\/fadein-crystals\/#breadcrumb"},"inLanguage":"fr-FR","potentialAction":[{"@type":"ReadAction","target":["https:\/\/fadein.es\/fr\/producto\/fadein-crystals\/"]}]},{"@type":"ImageObject","inLanguage":"fr-FR","@id":"https:\/\/fadein.es\/fr\/producto\/fadein-crystals\/#primaryimage","url":"https:\/\/fadein.es\/wp-content\/uploads\/2022\/11\/FADEIN-CRISTALES.png","contentUrl":"https:\/\/fadein.es\/wp-content\/uploads\/2022\/11\/FADEIN-CRISTALES.png","width":2048,"height":1805,"caption":"FADEIN-CRISTALES 5 L"},{"@type":"BreadcrumbList","@id":"https:\/\/fadein.es\/fr\/producto\/fadein-crystals\/#breadcrumb","itemListElement":[{"@type":"ListItem","position":1,"name":"Portada","item":"https:\/\/fadein.es\/fr\/accueil\/"},{"@type":"ListItem","position":2,"name":"Boutique","item":"https:\/\/fadein.es\/fr\/boutique\/"},{"@type":"ListItem","position":3,"name":"FADEIN-CRYSTALS"}]},{"@type":"WebSite","@id":"https:\/\/fadein.es\/fr\/#website","url":"https:\/\/fadein.es\/fr\/","name":"Fadein","description":"Detergentes de alto rendimiento","publisher":{"@id":"https:\/\/fadein.es\/fr\/#organization"},"alternateName":"Detergentes de alto rendimiento","potentialAction":[{"@type":"SearchAction","target":{"@type":"EntryPoint","urlTemplate":"https:\/\/fadein.es\/fr\/?s={search_term_string}"},"query-input":{"@type":"PropertyValueSpecification","valueRequired":true,"valueName":"search_term_string"}}],"inLanguage":"fr-FR"},{"@type":"Organization","@id":"https:\/\/fadein.es\/fr\/#organization","name":"Fadein","alternateName":"Detergentes de alto rendimiento","url":"https:\/\/fadein.es\/fr\/","logo":{"@type":"ImageObject","inLanguage":"fr-FR","@id":"https:\/\/fadein.es\/fr\/#\/schema\/logo\/image\/","url":"https:\/\/fadein.es\/wp-content\/uploads\/2021\/05\/fadein-deterdentes-de-alto-rendimiento.png","contentUrl":"https:\/\/fadein.es\/wp-content\/uploads\/2021\/05\/fadein-deterdentes-de-alto-rendimiento.png","width":512,"height":512,"caption":"Fadein"},"image":{"@id":"https:\/\/fadein.es\/fr\/#\/schema\/logo\/image\/"}}]}},"_links":{"self":[{"href":"https:\/\/fadein.es\/fr\/wp-json\/wp\/v2\/product\/6671","targetHints":{"allow":["GET"]}}],"collection":[{"href":"https:\/\/fadein.es\/fr\/wp-json\/wp\/v2\/product"}],"about":[{"href":"https:\/\/fadein.es\/fr\/wp-json\/wp\/v2\/types\/product"}],"replies":[{"embeddable":true,"href":"https:\/\/fadein.es\/fr\/wp-json\/wp\/v2\/comments?post=6671"}],"wp:featuredmedia":[{"embeddable":true,"href":"https:\/\/fadein.es\/fr\/wp-json\/wp\/v2\/media\/12104"}],"wp:attachment":[{"href":"https:\/\/fadein.es\/fr\/wp-json\/wp\/v2\/media?parent=6671"}],"wp:term":[{"taxonomy":"product_brand","embeddable":true,"href":"https:\/\/fadein.es\/fr\/wp-json\/wp\/v2\/product_brand?post=6671"},{"taxonomy":"product_cat","embeddable":true,"href":"https:\/\/fadein.es\/fr\/wp-json\/wp\/v2\/product_cat?post=6671"},{"taxonomy":"product_tag","embeddable":true,"href":"https:\/\/fadein.es\/fr\/wp-json\/wp\/v2\/product_tag?post=6671"}],"curies":[{"name":"wp","href":"https:\/\/api.w.org\/{rel}","templated":true}]}}