{"id":6667,"date":"2022-09-16T07:38:47","date_gmt":"2022-09-16T07:38:47","guid":{"rendered":"https:\/\/fadein.es\/producto\/manille\/"},"modified":"2023-10-30T09:25:51","modified_gmt":"2023-10-30T09:25:51","slug":"manille","status":"publish","type":"product","link":"https:\/\/fadein.es\/fr\/producto\/manille\/","title":{"rendered":"MANILLE"},"content":{"rendered":"<p>MANIL est un gel vaisselle appliqu\u00e9 \u00e0 la main, neutre et agr\u00e9ablement parfum\u00e9. Rin\u00e7age et s\u00e9chage faciles (essorage facile). Il convient au lavage manuel de tous les types de vaisselle et d&rsquo;ustensiles de cuisine dans les h\u00f4tels, les restaurants, les bars et les caf\u00e9t\u00e9rias.<\/p>\n<p>Les images, vid\u00e9os et informations pr\u00e9sent\u00e9es dans cet espace sont purement illustratives et non contractuelles, peuvent \u00eatre optionnelles ou non disponibles selon les mod\u00e8les, et ne constituent pas une offre. Vous pouvez contacter le service commercial de FADEIN pour toute information compl\u00e9mentaire ou demande de cotation de nos produits.<\/p>\n","protected":false},"excerpt":{"rendered":"<p>Gel concentr\u00e9 pour le lavage manuel de la vaisselle.<\/p>\n","protected":false},"featured_media":4359,"comment_status":"open","ping_status":"closed","template":"","meta":{"_et_pb_use_builder":"","_et_pb_old_content":"","_et_gb_content_width":""},"product_brand":[],"product_cat":[374,494,476,485,383,1073,405,381,600,481,1078,1076],"product_tag":[561],"class_list":{"0":"post-6667","1":"product","2":"type-product","3":"status-publish","4":"has-post-thumbnail","6":"product_cat-collectivites","7":"product_cat-cuisine-fr-2","8":"product_cat-cuisine","9":"product_cat-cuisine-fr","10":"product_cat-ecoles-et-residences","11":"product_cat-halal","12":"product_cat-hotels","13":"product_cat-les-restaurants-et-la-restauration","14":"product_cat-produits-de-cafeteria","15":"product_cat-stations-service","16":"product_cat-usage-domestique","17":"product_cat-usage-professionnel-industriel","18":"product_tag-trempage-de-la-vaisselle","20":"first","21":"instock","22":"taxable","23":"shipping-taxable","24":"purchasable","25":"product-type-simple"},"yoast_head":"<!-- This site is optimized with the Yoast SEO Premium plugin v27.2 (Yoast SEO v27.2) - https:\/\/yoast.com\/product\/yoast-seo-premium-wordpress\/ -->\n<title>\u1409 MANILLE | MANILLE en Fadein<\/title>\n<meta name=\"description\" content=\"\ud83e\udd47 Entra y descubre \u261d MANILLE. Disponible en distintos tama\u00f1os y vol\u00famenes... comprar MANILLE al mejor precio \u2705 MANILLE recomendado para...\" \/>\n<meta name=\"robots\" content=\"index, follow, max-snippet:-1, max-image-preview:large, max-video-preview:-1\" \/>\n<link rel=\"canonical\" href=\"https:\/\/fadein.es\/fr\/producto\/manille\/\" \/>\n<meta property=\"og:locale\" content=\"fr_FR\" \/>\n<meta property=\"og:type\" content=\"article\" \/>\n<meta property=\"og:title\" content=\"MANILLE\" \/>\n<meta property=\"og:description\" content=\"\ud83e\udd47 Entra y descubre \u261d MANILLE. Disponible en distintos tama\u00f1os y vol\u00famenes... comprar MANILLE al mejor precio \u2705 MANILLE recomendado para...\" \/>\n<meta property=\"og:url\" content=\"https:\/\/fadein.es\/fr\/producto\/manille\/\" \/>\n<meta property=\"og:site_name\" content=\"Fadein\" \/>\n<meta property=\"article:modified_time\" content=\"2023-10-30T09:25:51+00:00\" \/>\n<meta property=\"og:image\" content=\"https:\/\/fadein.es\/wp-content\/uploads\/2022\/11\/MANIL.png\" \/>\n\t<meta property=\"og:image:width\" content=\"2048\" \/>\n\t<meta property=\"og:image:height\" content=\"1825\" \/>\n\t<meta property=\"og:image:type\" content=\"image\/png\" \/>\n<meta name=\"twitter:card\" content=\"summary_large_image\" \/>\n<meta name=\"twitter:label1\" content=\"Dur\u00e9e de lecture estim\u00e9e\" \/>\n\t<meta name=\"twitter:data1\" content=\"1 minute\" \/>\n<script type=\"application\/ld+json\" class=\"yoast-schema-graph\">{\"@context\":\"https:\/\/schema.org\",\"@graph\":[{\"@type\":\"WebPage\",\"@id\":\"https:\/\/fadein.es\/fr\/producto\/manille\/\",\"url\":\"https:\/\/fadein.es\/fr\/producto\/manille\/\",\"name\":\"\u1409 MANILLE | MANILLE en Fadein\",\"isPartOf\":{\"@id\":\"https:\/\/fadein.es\/fr\/#website\"},\"primaryImageOfPage\":{\"@id\":\"https:\/\/fadein.es\/fr\/producto\/manille\/#primaryimage\"},\"image\":{\"@id\":\"https:\/\/fadein.es\/fr\/producto\/manille\/#primaryimage\"},\"thumbnailUrl\":\"https:\/\/fadein.es\/wp-content\/uploads\/2022\/11\/MANIL.png\",\"datePublished\":\"2022-09-16T07:38:47+00:00\",\"dateModified\":\"2023-10-30T09:25:51+00:00\",\"description\":\"\ud83e\udd47 Entra y descubre \u261d MANILLE. Disponible en distintos tama\u00f1os y vol\u00famenes... comprar MANILLE al mejor precio \u2705 MANILLE recomendado para...\",\"breadcrumb\":{\"@id\":\"https:\/\/fadein.es\/fr\/producto\/manille\/#breadcrumb\"},\"inLanguage\":\"fr-FR\",\"potentialAction\":[{\"@type\":\"ReadAction\",\"target\":[\"https:\/\/fadein.es\/fr\/producto\/manille\/\"]}]},{\"@type\":\"ImageObject\",\"inLanguage\":\"fr-FR\",\"@id\":\"https:\/\/fadein.es\/fr\/producto\/manille\/#primaryimage\",\"url\":\"https:\/\/fadein.es\/wp-content\/uploads\/2022\/11\/MANIL.png\",\"contentUrl\":\"https:\/\/fadein.es\/wp-content\/uploads\/2022\/11\/MANIL.png\",\"width\":2048,\"height\":1825,\"caption\":\"MANIL 5 KG FADEIN\"},{\"@type\":\"BreadcrumbList\",\"@id\":\"https:\/\/fadein.es\/fr\/producto\/manille\/#breadcrumb\",\"itemListElement\":[{\"@type\":\"ListItem\",\"position\":1,\"name\":\"Portada\",\"item\":\"https:\/\/fadein.es\/fr\/accueil\/\"},{\"@type\":\"ListItem\",\"position\":2,\"name\":\"Boutique\",\"item\":\"https:\/\/fadein.es\/fr\/boutique\/\"},{\"@type\":\"ListItem\",\"position\":3,\"name\":\"MANILLE\"}]},{\"@type\":\"WebSite\",\"@id\":\"https:\/\/fadein.es\/fr\/#website\",\"url\":\"https:\/\/fadein.es\/fr\/\",\"name\":\"Fadein\",\"description\":\"Detergentes de alto rendimiento\",\"publisher\":{\"@id\":\"https:\/\/fadein.es\/fr\/#organization\"},\"alternateName\":\"Detergentes de alto rendimiento\",\"potentialAction\":[{\"@type\":\"SearchAction\",\"target\":{\"@type\":\"EntryPoint\",\"urlTemplate\":\"https:\/\/fadein.es\/fr\/?s={search_term_string}\"},\"query-input\":{\"@type\":\"PropertyValueSpecification\",\"valueRequired\":true,\"valueName\":\"search_term_string\"}}],\"inLanguage\":\"fr-FR\"},{\"@type\":\"Organization\",\"@id\":\"https:\/\/fadein.es\/fr\/#organization\",\"name\":\"Fadein\",\"alternateName\":\"Detergentes de alto rendimiento\",\"url\":\"https:\/\/fadein.es\/fr\/\",\"logo\":{\"@type\":\"ImageObject\",\"inLanguage\":\"fr-FR\",\"@id\":\"https:\/\/fadein.es\/fr\/#\/schema\/logo\/image\/\",\"url\":\"https:\/\/fadein.es\/wp-content\/uploads\/2021\/05\/fadein-deterdentes-de-alto-rendimiento.png\",\"contentUrl\":\"https:\/\/fadein.es\/wp-content\/uploads\/2021\/05\/fadein-deterdentes-de-alto-rendimiento.png\",\"width\":512,\"height\":512,\"caption\":\"Fadein\"},\"image\":{\"@id\":\"https:\/\/fadein.es\/fr\/#\/schema\/logo\/image\/\"}}]}<\/script>\n<!-- \/ Yoast SEO Premium plugin. -->","yoast_head_json":{"title":"\u1409 MANILLE | MANILLE en Fadein","description":"\ud83e\udd47 Entra y descubre \u261d MANILLE. Disponible en distintos tama\u00f1os y vol\u00famenes... comprar MANILLE al mejor precio \u2705 MANILLE recomendado para...","robots":{"index":"index","follow":"follow","max-snippet":"max-snippet:-1","max-image-preview":"max-image-preview:large","max-video-preview":"max-video-preview:-1"},"canonical":"https:\/\/fadein.es\/fr\/producto\/manille\/","og_locale":"fr_FR","og_type":"article","og_title":"MANILLE","og_description":"\ud83e\udd47 Entra y descubre \u261d MANILLE. Disponible en distintos tama\u00f1os y vol\u00famenes... comprar MANILLE al mejor precio \u2705 MANILLE recomendado para...","og_url":"https:\/\/fadein.es\/fr\/producto\/manille\/","og_site_name":"Fadein","article_modified_time":"2023-10-30T09:25:51+00:00","og_image":[{"width":2048,"height":1825,"url":"https:\/\/fadein.es\/wp-content\/uploads\/2022\/11\/MANIL.png","type":"image\/png"}],"twitter_card":"summary_large_image","twitter_misc":{"Dur\u00e9e de lecture estim\u00e9e":"1 minute"},"schema":{"@context":"https:\/\/schema.org","@graph":[{"@type":"WebPage","@id":"https:\/\/fadein.es\/fr\/producto\/manille\/","url":"https:\/\/fadein.es\/fr\/producto\/manille\/","name":"\u1409 MANILLE | MANILLE en Fadein","isPartOf":{"@id":"https:\/\/fadein.es\/fr\/#website"},"primaryImageOfPage":{"@id":"https:\/\/fadein.es\/fr\/producto\/manille\/#primaryimage"},"image":{"@id":"https:\/\/fadein.es\/fr\/producto\/manille\/#primaryimage"},"thumbnailUrl":"https:\/\/fadein.es\/wp-content\/uploads\/2022\/11\/MANIL.png","datePublished":"2022-09-16T07:38:47+00:00","dateModified":"2023-10-30T09:25:51+00:00","description":"\ud83e\udd47 Entra y descubre \u261d MANILLE. Disponible en distintos tama\u00f1os y vol\u00famenes... comprar MANILLE al mejor precio \u2705 MANILLE recomendado para...","breadcrumb":{"@id":"https:\/\/fadein.es\/fr\/producto\/manille\/#breadcrumb"},"inLanguage":"fr-FR","potentialAction":[{"@type":"ReadAction","target":["https:\/\/fadein.es\/fr\/producto\/manille\/"]}]},{"@type":"ImageObject","inLanguage":"fr-FR","@id":"https:\/\/fadein.es\/fr\/producto\/manille\/#primaryimage","url":"https:\/\/fadein.es\/wp-content\/uploads\/2022\/11\/MANIL.png","contentUrl":"https:\/\/fadein.es\/wp-content\/uploads\/2022\/11\/MANIL.png","width":2048,"height":1825,"caption":"MANIL 5 KG FADEIN"},{"@type":"BreadcrumbList","@id":"https:\/\/fadein.es\/fr\/producto\/manille\/#breadcrumb","itemListElement":[{"@type":"ListItem","position":1,"name":"Portada","item":"https:\/\/fadein.es\/fr\/accueil\/"},{"@type":"ListItem","position":2,"name":"Boutique","item":"https:\/\/fadein.es\/fr\/boutique\/"},{"@type":"ListItem","position":3,"name":"MANILLE"}]},{"@type":"WebSite","@id":"https:\/\/fadein.es\/fr\/#website","url":"https:\/\/fadein.es\/fr\/","name":"Fadein","description":"Detergentes de alto rendimiento","publisher":{"@id":"https:\/\/fadein.es\/fr\/#organization"},"alternateName":"Detergentes de alto rendimiento","potentialAction":[{"@type":"SearchAction","target":{"@type":"EntryPoint","urlTemplate":"https:\/\/fadein.es\/fr\/?s={search_term_string}"},"query-input":{"@type":"PropertyValueSpecification","valueRequired":true,"valueName":"search_term_string"}}],"inLanguage":"fr-FR"},{"@type":"Organization","@id":"https:\/\/fadein.es\/fr\/#organization","name":"Fadein","alternateName":"Detergentes de alto rendimiento","url":"https:\/\/fadein.es\/fr\/","logo":{"@type":"ImageObject","inLanguage":"fr-FR","@id":"https:\/\/fadein.es\/fr\/#\/schema\/logo\/image\/","url":"https:\/\/fadein.es\/wp-content\/uploads\/2021\/05\/fadein-deterdentes-de-alto-rendimiento.png","contentUrl":"https:\/\/fadein.es\/wp-content\/uploads\/2021\/05\/fadein-deterdentes-de-alto-rendimiento.png","width":512,"height":512,"caption":"Fadein"},"image":{"@id":"https:\/\/fadein.es\/fr\/#\/schema\/logo\/image\/"}}]}},"_links":{"self":[{"href":"https:\/\/fadein.es\/fr\/wp-json\/wp\/v2\/product\/6667","targetHints":{"allow":["GET"]}}],"collection":[{"href":"https:\/\/fadein.es\/fr\/wp-json\/wp\/v2\/product"}],"about":[{"href":"https:\/\/fadein.es\/fr\/wp-json\/wp\/v2\/types\/product"}],"replies":[{"embeddable":true,"href":"https:\/\/fadein.es\/fr\/wp-json\/wp\/v2\/comments?post=6667"}],"wp:featuredmedia":[{"embeddable":true,"href":"https:\/\/fadein.es\/fr\/wp-json\/wp\/v2\/media\/4359"}],"wp:attachment":[{"href":"https:\/\/fadein.es\/fr\/wp-json\/wp\/v2\/media?parent=6667"}],"wp:term":[{"taxonomy":"product_brand","embeddable":true,"href":"https:\/\/fadein.es\/fr\/wp-json\/wp\/v2\/product_brand?post=6667"},{"taxonomy":"product_cat","embeddable":true,"href":"https:\/\/fadein.es\/fr\/wp-json\/wp\/v2\/product_cat?post=6667"},{"taxonomy":"product_tag","embeddable":true,"href":"https:\/\/fadein.es\/fr\/wp-json\/wp\/v2\/product_tag?post=6667"}],"curies":[{"name":"wp","href":"https:\/\/api.w.org\/{rel}","templated":true}]}}