{"id":6663,"date":"2022-09-16T07:38:49","date_gmt":"2022-09-16T07:38:49","guid":{"rendered":"https:\/\/fadein.es\/producto\/pin-amonical-en-fondu-enchaine\/"},"modified":"2023-10-30T09:25:57","modified_gmt":"2023-10-30T09:25:57","slug":"fadein-amonical-pine","status":"publish","type":"product","link":"https:\/\/fadein.es\/fr\/producto\/fadein-amonical-pine\/","title":{"rendered":"PIN AMONICAL EN FONDU ENCHA\u00ceN\u00c9"},"content":{"rendered":"<p>Fadein-Amoniacal Pin est un d\u00e9tergent qui combine le haut pouvoir d\u00e9graissant du pin avec le pouvoir nettoyant de l&rsquo;ammoniaque. Ravive l&rsquo;\u00e9clat et poss\u00e8de un pouvoir nettoyant \u00e9lev\u00e9 pour toutes les surfaces lavables. Respectueux des surfaces, facile \u00e0 rincer sans laisser de r\u00e9sidus. Il convient \u00e0 tous les types de surfaces pouvant \u00eatre mouill\u00e9es, telles que : c\u00e9ramique, gr\u00e8s, marbre, robinetterie, carrelage, chrome, \u00e9mail, surfaces en plastique, etc&#8230;<\/p>\n<p>Les images, vid\u00e9os et informations pr\u00e9sent\u00e9es dans cet espace sont purement illustratives et non contractuelles, peuvent \u00eatre optionnelles ou non disponibles selon les mod\u00e8les, et ne constituent pas une offre. Vous pouvez contacter le service commercial de FADEIN pour toute information compl\u00e9mentaire ou demande de cotation de nos produits.<\/p>\n","protected":false},"excerpt":{"rendered":"<p>D\u00e9tergent ammoniacal pour le nettoyage g\u00e9n\u00e9ral.<\/p>\n","protected":false},"featured_media":12090,"comment_status":"open","ping_status":"closed","template":"","meta":{"_et_pb_use_builder":"","_et_pb_old_content":"","_et_gb_content_width":""},"product_brand":[],"product_cat":[374,386,1073,500,1078,1076],"product_tag":[521,563,519],"class_list":{"0":"post-6663","1":"product","2":"type-product","3":"status-publish","4":"has-post-thumbnail","6":"product_cat-collectivites","7":"product_cat-entretien-general","8":"product_cat-halal","9":"product_cat-sols","10":"product_cat-usage-domestique","11":"product_cat-usage-professionnel-industriel","12":"product_tag-injection-extraction","13":"product_tag-nettoyage-de-la-salle-de-bains","14":"product_tag-nettoyage-des-sols","16":"first","17":"instock","18":"taxable","19":"shipping-taxable","20":"purchasable","21":"product-type-simple"},"yoast_head":"<!-- This site is optimized with the Yoast SEO Premium plugin v27.2 (Yoast SEO v27.4) - https:\/\/yoast.com\/product\/yoast-seo-premium-wordpress\/ -->\n<title>\u1409 PIN AMONICAL EN FONDU ENCHA\u00ceN\u00c9 | PIN AMONICAL EN FONDU ENCHA\u00ceN\u00c9 en Fadein<\/title>\n<meta name=\"description\" content=\"\ud83e\udd47 Entra y descubre \u261d PIN AMONICAL EN FONDU ENCHA\u00ceN\u00c9. Disponible en distintos tama\u00f1os y vol\u00famenes... comprar PIN AMONICAL EN FONDU ENCHA\u00ceN\u00c9 al mejor precio \u2705 PIN AMONICAL EN FONDU ENCHA\u00ceN\u00c9 recomendado para...\" \/>\n<meta name=\"robots\" content=\"index, follow, max-snippet:-1, max-image-preview:large, max-video-preview:-1\" \/>\n<link rel=\"canonical\" href=\"https:\/\/fadein.es\/fr\/producto\/fadein-amonical-pine\/\" \/>\n<meta property=\"og:locale\" content=\"fr_FR\" \/>\n<meta property=\"og:type\" content=\"article\" \/>\n<meta property=\"og:title\" content=\"PIN AMONICAL EN FONDU ENCHA\u00ceN\u00c9\" \/>\n<meta property=\"og:description\" content=\"\ud83e\udd47 Entra y descubre \u261d PIN AMONICAL EN FONDU ENCHA\u00ceN\u00c9. Disponible en distintos tama\u00f1os y vol\u00famenes... comprar PIN AMONICAL EN FONDU ENCHA\u00ceN\u00c9 al mejor precio \u2705 PIN AMONICAL EN FONDU ENCHA\u00ceN\u00c9 recomendado para...\" \/>\n<meta property=\"og:url\" content=\"https:\/\/fadein.es\/fr\/producto\/fadein-amonical-pine\/\" \/>\n<meta property=\"og:site_name\" content=\"Fadein\" \/>\n<meta property=\"article:modified_time\" content=\"2023-10-30T09:25:57+00:00\" \/>\n<meta property=\"og:image\" content=\"https:\/\/fadein.es\/wp-content\/uploads\/2022\/11\/FADEIN-AMONIACAL-PINO.png\" \/>\n\t<meta property=\"og:image:width\" content=\"2048\" \/>\n\t<meta property=\"og:image:height\" content=\"1825\" \/>\n\t<meta property=\"og:image:type\" content=\"image\/png\" \/>\n<meta name=\"twitter:card\" content=\"summary_large_image\" \/>\n<meta name=\"twitter:label1\" content=\"Dur\u00e9e de lecture estim\u00e9e\" \/>\n\t<meta name=\"twitter:data1\" content=\"1 minute\" \/>\n<script type=\"application\/ld+json\" class=\"yoast-schema-graph\">{\"@context\":\"https:\\\/\\\/schema.org\",\"@graph\":[{\"@type\":\"WebPage\",\"@id\":\"https:\\\/\\\/fadein.es\\\/fr\\\/producto\\\/fadein-amonical-pine\\\/\",\"url\":\"https:\\\/\\\/fadein.es\\\/fr\\\/producto\\\/fadein-amonical-pine\\\/\",\"name\":\"\u1409 PIN AMONICAL EN FONDU ENCHA\u00ceN\u00c9 | PIN AMONICAL EN FONDU ENCHA\u00ceN\u00c9 en Fadein\",\"isPartOf\":{\"@id\":\"https:\\\/\\\/fadein.es\\\/fr\\\/#website\"},\"primaryImageOfPage\":{\"@id\":\"https:\\\/\\\/fadein.es\\\/fr\\\/producto\\\/fadein-amonical-pine\\\/#primaryimage\"},\"image\":{\"@id\":\"https:\\\/\\\/fadein.es\\\/fr\\\/producto\\\/fadein-amonical-pine\\\/#primaryimage\"},\"thumbnailUrl\":\"https:\\\/\\\/fadein.es\\\/wp-content\\\/uploads\\\/2022\\\/11\\\/FADEIN-AMONIACAL-PINO.png\",\"datePublished\":\"2022-09-16T07:38:49+00:00\",\"dateModified\":\"2023-10-30T09:25:57+00:00\",\"description\":\"\ud83e\udd47 Entra y descubre \u261d PIN AMONICAL EN FONDU ENCHA\u00ceN\u00c9. Disponible en distintos tama\u00f1os y vol\u00famenes... comprar PIN AMONICAL EN FONDU ENCHA\u00ceN\u00c9 al mejor precio \u2705 PIN AMONICAL EN FONDU ENCHA\u00ceN\u00c9 recomendado para...\",\"breadcrumb\":{\"@id\":\"https:\\\/\\\/fadein.es\\\/fr\\\/producto\\\/fadein-amonical-pine\\\/#breadcrumb\"},\"inLanguage\":\"fr-FR\",\"potentialAction\":[{\"@type\":\"ReadAction\",\"target\":[\"https:\\\/\\\/fadein.es\\\/fr\\\/producto\\\/fadein-amonical-pine\\\/\"]}]},{\"@type\":\"ImageObject\",\"inLanguage\":\"fr-FR\",\"@id\":\"https:\\\/\\\/fadein.es\\\/fr\\\/producto\\\/fadein-amonical-pine\\\/#primaryimage\",\"url\":\"https:\\\/\\\/fadein.es\\\/wp-content\\\/uploads\\\/2022\\\/11\\\/FADEIN-AMONIACAL-PINO.png\",\"contentUrl\":\"https:\\\/\\\/fadein.es\\\/wp-content\\\/uploads\\\/2022\\\/11\\\/FADEIN-AMONIACAL-PINO.png\",\"width\":2048,\"height\":1825,\"caption\":\"FADEIN AMONIACAL PINO 5 L\"},{\"@type\":\"BreadcrumbList\",\"@id\":\"https:\\\/\\\/fadein.es\\\/fr\\\/producto\\\/fadein-amonical-pine\\\/#breadcrumb\",\"itemListElement\":[{\"@type\":\"ListItem\",\"position\":1,\"name\":\"Portada\",\"item\":\"https:\\\/\\\/fadein.es\\\/fr\\\/accueil\\\/\"},{\"@type\":\"ListItem\",\"position\":2,\"name\":\"Boutique\",\"item\":\"https:\\\/\\\/fadein.es\\\/fr\\\/boutique\\\/\"},{\"@type\":\"ListItem\",\"position\":3,\"name\":\"PIN AMONICAL EN FONDU ENCHA\u00ceN\u00c9\"}]},{\"@type\":\"WebSite\",\"@id\":\"https:\\\/\\\/fadein.es\\\/fr\\\/#website\",\"url\":\"https:\\\/\\\/fadein.es\\\/fr\\\/\",\"name\":\"Fadein\",\"description\":\"Detergentes de alto rendimiento\",\"publisher\":{\"@id\":\"https:\\\/\\\/fadein.es\\\/fr\\\/#organization\"},\"alternateName\":\"Detergentes de alto rendimiento\",\"potentialAction\":[{\"@type\":\"SearchAction\",\"target\":{\"@type\":\"EntryPoint\",\"urlTemplate\":\"https:\\\/\\\/fadein.es\\\/fr\\\/?s={search_term_string}\"},\"query-input\":{\"@type\":\"PropertyValueSpecification\",\"valueRequired\":true,\"valueName\":\"search_term_string\"}}],\"inLanguage\":\"fr-FR\"},{\"@type\":\"Organization\",\"@id\":\"https:\\\/\\\/fadein.es\\\/fr\\\/#organization\",\"name\":\"Fadein\",\"alternateName\":\"Detergentes de alto rendimiento\",\"url\":\"https:\\\/\\\/fadein.es\\\/fr\\\/\",\"logo\":{\"@type\":\"ImageObject\",\"inLanguage\":\"fr-FR\",\"@id\":\"https:\\\/\\\/fadein.es\\\/fr\\\/#\\\/schema\\\/logo\\\/image\\\/\",\"url\":\"https:\\\/\\\/fadein.es\\\/wp-content\\\/uploads\\\/2021\\\/05\\\/fadein-deterdentes-de-alto-rendimiento.png\",\"contentUrl\":\"https:\\\/\\\/fadein.es\\\/wp-content\\\/uploads\\\/2021\\\/05\\\/fadein-deterdentes-de-alto-rendimiento.png\",\"width\":512,\"height\":512,\"caption\":\"Fadein\"},\"image\":{\"@id\":\"https:\\\/\\\/fadein.es\\\/fr\\\/#\\\/schema\\\/logo\\\/image\\\/\"}}]}<\/script>\n<!-- \/ Yoast SEO Premium plugin. -->","yoast_head_json":{"title":"\u1409 PIN AMONICAL EN FONDU ENCHA\u00ceN\u00c9 | PIN AMONICAL EN FONDU ENCHA\u00ceN\u00c9 en Fadein","description":"\ud83e\udd47 Entra y descubre \u261d PIN AMONICAL EN FONDU ENCHA\u00ceN\u00c9. Disponible en distintos tama\u00f1os y vol\u00famenes... comprar PIN AMONICAL EN FONDU ENCHA\u00ceN\u00c9 al mejor precio \u2705 PIN AMONICAL EN FONDU ENCHA\u00ceN\u00c9 recomendado para...","robots":{"index":"index","follow":"follow","max-snippet":"max-snippet:-1","max-image-preview":"max-image-preview:large","max-video-preview":"max-video-preview:-1"},"canonical":"https:\/\/fadein.es\/fr\/producto\/fadein-amonical-pine\/","og_locale":"fr_FR","og_type":"article","og_title":"PIN AMONICAL EN FONDU ENCHA\u00ceN\u00c9","og_description":"\ud83e\udd47 Entra y descubre \u261d PIN AMONICAL EN FONDU ENCHA\u00ceN\u00c9. Disponible en distintos tama\u00f1os y vol\u00famenes... comprar PIN AMONICAL EN FONDU ENCHA\u00ceN\u00c9 al mejor precio \u2705 PIN AMONICAL EN FONDU ENCHA\u00ceN\u00c9 recomendado para...","og_url":"https:\/\/fadein.es\/fr\/producto\/fadein-amonical-pine\/","og_site_name":"Fadein","article_modified_time":"2023-10-30T09:25:57+00:00","og_image":[{"width":2048,"height":1825,"url":"https:\/\/fadein.es\/wp-content\/uploads\/2022\/11\/FADEIN-AMONIACAL-PINO.png","type":"image\/png"}],"twitter_card":"summary_large_image","twitter_misc":{"Dur\u00e9e de lecture estim\u00e9e":"1 minute"},"schema":{"@context":"https:\/\/schema.org","@graph":[{"@type":"WebPage","@id":"https:\/\/fadein.es\/fr\/producto\/fadein-amonical-pine\/","url":"https:\/\/fadein.es\/fr\/producto\/fadein-amonical-pine\/","name":"\u1409 PIN AMONICAL EN FONDU ENCHA\u00ceN\u00c9 | PIN AMONICAL EN FONDU ENCHA\u00ceN\u00c9 en Fadein","isPartOf":{"@id":"https:\/\/fadein.es\/fr\/#website"},"primaryImageOfPage":{"@id":"https:\/\/fadein.es\/fr\/producto\/fadein-amonical-pine\/#primaryimage"},"image":{"@id":"https:\/\/fadein.es\/fr\/producto\/fadein-amonical-pine\/#primaryimage"},"thumbnailUrl":"https:\/\/fadein.es\/wp-content\/uploads\/2022\/11\/FADEIN-AMONIACAL-PINO.png","datePublished":"2022-09-16T07:38:49+00:00","dateModified":"2023-10-30T09:25:57+00:00","description":"\ud83e\udd47 Entra y descubre \u261d PIN AMONICAL EN FONDU ENCHA\u00ceN\u00c9. Disponible en distintos tama\u00f1os y vol\u00famenes... comprar PIN AMONICAL EN FONDU ENCHA\u00ceN\u00c9 al mejor precio \u2705 PIN AMONICAL EN FONDU ENCHA\u00ceN\u00c9 recomendado para...","breadcrumb":{"@id":"https:\/\/fadein.es\/fr\/producto\/fadein-amonical-pine\/#breadcrumb"},"inLanguage":"fr-FR","potentialAction":[{"@type":"ReadAction","target":["https:\/\/fadein.es\/fr\/producto\/fadein-amonical-pine\/"]}]},{"@type":"ImageObject","inLanguage":"fr-FR","@id":"https:\/\/fadein.es\/fr\/producto\/fadein-amonical-pine\/#primaryimage","url":"https:\/\/fadein.es\/wp-content\/uploads\/2022\/11\/FADEIN-AMONIACAL-PINO.png","contentUrl":"https:\/\/fadein.es\/wp-content\/uploads\/2022\/11\/FADEIN-AMONIACAL-PINO.png","width":2048,"height":1825,"caption":"FADEIN AMONIACAL PINO 5 L"},{"@type":"BreadcrumbList","@id":"https:\/\/fadein.es\/fr\/producto\/fadein-amonical-pine\/#breadcrumb","itemListElement":[{"@type":"ListItem","position":1,"name":"Portada","item":"https:\/\/fadein.es\/fr\/accueil\/"},{"@type":"ListItem","position":2,"name":"Boutique","item":"https:\/\/fadein.es\/fr\/boutique\/"},{"@type":"ListItem","position":3,"name":"PIN AMONICAL EN FONDU ENCHA\u00ceN\u00c9"}]},{"@type":"WebSite","@id":"https:\/\/fadein.es\/fr\/#website","url":"https:\/\/fadein.es\/fr\/","name":"Fadein","description":"Detergentes de alto rendimiento","publisher":{"@id":"https:\/\/fadein.es\/fr\/#organization"},"alternateName":"Detergentes de alto rendimiento","potentialAction":[{"@type":"SearchAction","target":{"@type":"EntryPoint","urlTemplate":"https:\/\/fadein.es\/fr\/?s={search_term_string}"},"query-input":{"@type":"PropertyValueSpecification","valueRequired":true,"valueName":"search_term_string"}}],"inLanguage":"fr-FR"},{"@type":"Organization","@id":"https:\/\/fadein.es\/fr\/#organization","name":"Fadein","alternateName":"Detergentes de alto rendimiento","url":"https:\/\/fadein.es\/fr\/","logo":{"@type":"ImageObject","inLanguage":"fr-FR","@id":"https:\/\/fadein.es\/fr\/#\/schema\/logo\/image\/","url":"https:\/\/fadein.es\/wp-content\/uploads\/2021\/05\/fadein-deterdentes-de-alto-rendimiento.png","contentUrl":"https:\/\/fadein.es\/wp-content\/uploads\/2021\/05\/fadein-deterdentes-de-alto-rendimiento.png","width":512,"height":512,"caption":"Fadein"},"image":{"@id":"https:\/\/fadein.es\/fr\/#\/schema\/logo\/image\/"}}]}},"_links":{"self":[{"href":"https:\/\/fadein.es\/fr\/wp-json\/wp\/v2\/product\/6663","targetHints":{"allow":["GET"]}}],"collection":[{"href":"https:\/\/fadein.es\/fr\/wp-json\/wp\/v2\/product"}],"about":[{"href":"https:\/\/fadein.es\/fr\/wp-json\/wp\/v2\/types\/product"}],"replies":[{"embeddable":true,"href":"https:\/\/fadein.es\/fr\/wp-json\/wp\/v2\/comments?post=6663"}],"wp:featuredmedia":[{"embeddable":true,"href":"https:\/\/fadein.es\/fr\/wp-json\/wp\/v2\/media\/12090"}],"wp:attachment":[{"href":"https:\/\/fadein.es\/fr\/wp-json\/wp\/v2\/media?parent=6663"}],"wp:term":[{"taxonomy":"product_brand","embeddable":true,"href":"https:\/\/fadein.es\/fr\/wp-json\/wp\/v2\/product_brand?post=6663"},{"taxonomy":"product_cat","embeddable":true,"href":"https:\/\/fadein.es\/fr\/wp-json\/wp\/v2\/product_cat?post=6663"},{"taxonomy":"product_tag","embeddable":true,"href":"https:\/\/fadein.es\/fr\/wp-json\/wp\/v2\/product_tag?post=6663"}],"curies":[{"name":"wp","href":"https:\/\/api.w.org\/{rel}","templated":true}]}}