{"id":6660,"date":"2022-09-16T07:39:02","date_gmt":"2022-09-16T07:39:02","guid":{"rendered":"https:\/\/fadein.es\/producto\/fadein-321-a\/"},"modified":"2023-10-30T09:26:04","modified_gmt":"2023-10-30T09:26:04","slug":"fadein-321-a","status":"publish","type":"product","link":"https:\/\/fadein.es\/fr\/producto\/fadein-321-a\/","title":{"rendered":"FADEIN-321-A"},"content":{"rendered":"<p>FADEIN-321-A est un d\u00e9tergent alcalin liquide hautement concentr\u00e9 avec un pouvoir d\u00e9tergent \u00e9lev\u00e9 et une mousse contr\u00f4l\u00e9e. Dans les lave-bouteilles, il \u00e9limine la rouille des goulots de bouteilles en les laissant parfaitement propres, brillants et sans traces. Il est tr\u00e8s efficace dans l&rsquo;\u00e9limination d&rsquo;une large gamme de sols organiques et emp\u00eache la formation d&rsquo;incrustations. Il convient \u00e9galement \u00e0 une large gamme d&rsquo;applications dans les industries laiti\u00e8re, alimentaire et des boissons. Nettoie rapidement et se rince facilement. Il peut \u00eatre utilis\u00e9 dans toute l&rsquo;industrie alimentaire, laveurs de bouteilles, applications CIP, laveurs de caisses, paniers, plateaux, chariots, recirculation dans les circuits de fabrication (laiteries, caves, brasseries, etc.), cuiseurs de l&rsquo;industrie de la conserve, nettoyage int\u00e9rieur des r\u00e9servoirs et des cuves (caves, laiteries, etc.).  <\/p>\n<p>Les images, vid\u00e9os et informations pr\u00e9sent\u00e9es dans cet espace sont purement illustratives et non contractuelles, peuvent \u00eatre optionnelles ou non disponibles selon les mod\u00e8les, et ne constituent pas une offre. Vous pouvez contacter le service commercial de FADEIN pour toute information compl\u00e9mentaire ou demande de cotation de nos produits.<\/p>\n","protected":false},"excerpt":{"rendered":"<p>D\u00e9tergent d\u00e9graissant alcalin. Non moussant.<\/p>\n","protected":false},"featured_media":6050,"comment_status":"open","ping_status":"closed","template":"","meta":{"_et_pb_use_builder":"","_et_pb_old_content":"","_et_gb_content_width":""},"product_brand":[],"product_cat":[379,388,1073,438,439,437,392,1076,391],"product_tag":[466,414,413,467],"class_list":{"0":"post-6660","1":"product","2":"type-product","3":"status-publish","4":"has-post-thumbnail","6":"product_cat-alimentation","7":"product_cat-avicola-cunicula-fr","8":"product_cat-halal","9":"product_cat-nettoyage-alcalin-fr-3","10":"product_cat-nettoyage-alcalin-fr-4","11":"product_cat-nettoyage-alcalin-fr-2","12":"product_cat-poissons","13":"product_cat-usage-professionnel-industriel","14":"product_cat-viande","15":"product_tag-arrosage","16":"product_tag-immersion-fr","17":"product_tag-pulverisation","18":"product_tag-recirculation-automatique","20":"first","21":"instock","22":"taxable","23":"shipping-taxable","24":"purchasable","25":"product-type-simple"},"yoast_head":"<!-- This site is optimized with the Yoast SEO Premium plugin v27.2 (Yoast SEO v27.4) - https:\/\/yoast.com\/product\/yoast-seo-premium-wordpress\/ -->\n<title>\u1409 FADEIN-321-A | FADEIN-321-A en Fadein<\/title>\n<meta name=\"description\" content=\"\ud83e\udd47 Entra y descubre \u261d FADEIN-321-A. Disponible en distintos tama\u00f1os y vol\u00famenes... comprar FADEIN-321-A al mejor precio \u2705 FADEIN-321-A recomendado para...\" \/>\n<meta name=\"robots\" content=\"index, follow, max-snippet:-1, max-image-preview:large, max-video-preview:-1\" \/>\n<link rel=\"canonical\" href=\"https:\/\/fadein.es\/fr\/producto\/fadein-321-a\/\" \/>\n<meta property=\"og:locale\" content=\"fr_FR\" \/>\n<meta property=\"og:type\" content=\"article\" \/>\n<meta property=\"og:title\" content=\"FADEIN-321-A\" \/>\n<meta property=\"og:description\" content=\"\ud83e\udd47 Entra y descubre \u261d FADEIN-321-A. Disponible en distintos tama\u00f1os y vol\u00famenes... comprar FADEIN-321-A al mejor precio \u2705 FADEIN-321-A recomendado para...\" \/>\n<meta property=\"og:url\" content=\"https:\/\/fadein.es\/fr\/producto\/fadein-321-a\/\" \/>\n<meta property=\"og:site_name\" content=\"Fadein\" \/>\n<meta property=\"article:modified_time\" content=\"2023-10-30T09:26:04+00:00\" \/>\n<meta property=\"og:image\" content=\"https:\/\/fadein.es\/wp-content\/uploads\/2022\/11\/FADEIN-321-A-1.png\" \/>\n\t<meta property=\"og:image:width\" content=\"1280\" \/>\n\t<meta property=\"og:image:height\" content=\"1024\" \/>\n\t<meta property=\"og:image:type\" content=\"image\/png\" \/>\n<meta name=\"twitter:card\" content=\"summary_large_image\" \/>\n<meta name=\"twitter:label1\" content=\"Dur\u00e9e de lecture estim\u00e9e\" \/>\n\t<meta name=\"twitter:data1\" content=\"1 minute\" \/>\n<script type=\"application\/ld+json\" class=\"yoast-schema-graph\">{\"@context\":\"https:\\\/\\\/schema.org\",\"@graph\":[{\"@type\":\"WebPage\",\"@id\":\"https:\\\/\\\/fadein.es\\\/fr\\\/producto\\\/fadein-321-a\\\/\",\"url\":\"https:\\\/\\\/fadein.es\\\/fr\\\/producto\\\/fadein-321-a\\\/\",\"name\":\"\u1409 FADEIN-321-A | FADEIN-321-A en Fadein\",\"isPartOf\":{\"@id\":\"https:\\\/\\\/fadein.es\\\/fr\\\/#website\"},\"primaryImageOfPage\":{\"@id\":\"https:\\\/\\\/fadein.es\\\/fr\\\/producto\\\/fadein-321-a\\\/#primaryimage\"},\"image\":{\"@id\":\"https:\\\/\\\/fadein.es\\\/fr\\\/producto\\\/fadein-321-a\\\/#primaryimage\"},\"thumbnailUrl\":\"https:\\\/\\\/fadein.es\\\/wp-content\\\/uploads\\\/2022\\\/11\\\/FADEIN-321-A-1.png\",\"datePublished\":\"2022-09-16T07:39:02+00:00\",\"dateModified\":\"2023-10-30T09:26:04+00:00\",\"description\":\"\ud83e\udd47 Entra y descubre \u261d FADEIN-321-A. Disponible en distintos tama\u00f1os y vol\u00famenes... comprar FADEIN-321-A al mejor precio \u2705 FADEIN-321-A recomendado para...\",\"breadcrumb\":{\"@id\":\"https:\\\/\\\/fadein.es\\\/fr\\\/producto\\\/fadein-321-a\\\/#breadcrumb\"},\"inLanguage\":\"fr-FR\",\"potentialAction\":[{\"@type\":\"ReadAction\",\"target\":[\"https:\\\/\\\/fadein.es\\\/fr\\\/producto\\\/fadein-321-a\\\/\"]}]},{\"@type\":\"ImageObject\",\"inLanguage\":\"fr-FR\",\"@id\":\"https:\\\/\\\/fadein.es\\\/fr\\\/producto\\\/fadein-321-a\\\/#primaryimage\",\"url\":\"https:\\\/\\\/fadein.es\\\/wp-content\\\/uploads\\\/2022\\\/11\\\/FADEIN-321-A-1.png\",\"contentUrl\":\"https:\\\/\\\/fadein.es\\\/wp-content\\\/uploads\\\/2022\\\/11\\\/FADEIN-321-A-1.png\",\"width\":1280,\"height\":1024,\"caption\":\"FADEIN 321 A 25 KG\"},{\"@type\":\"BreadcrumbList\",\"@id\":\"https:\\\/\\\/fadein.es\\\/fr\\\/producto\\\/fadein-321-a\\\/#breadcrumb\",\"itemListElement\":[{\"@type\":\"ListItem\",\"position\":1,\"name\":\"Portada\",\"item\":\"https:\\\/\\\/fadein.es\\\/fr\\\/accueil\\\/\"},{\"@type\":\"ListItem\",\"position\":2,\"name\":\"Boutique\",\"item\":\"https:\\\/\\\/fadein.es\\\/fr\\\/boutique\\\/\"},{\"@type\":\"ListItem\",\"position\":3,\"name\":\"FADEIN-321-A\"}]},{\"@type\":\"WebSite\",\"@id\":\"https:\\\/\\\/fadein.es\\\/fr\\\/#website\",\"url\":\"https:\\\/\\\/fadein.es\\\/fr\\\/\",\"name\":\"Fadein\",\"description\":\"Detergentes de alto rendimiento\",\"publisher\":{\"@id\":\"https:\\\/\\\/fadein.es\\\/fr\\\/#organization\"},\"alternateName\":\"Detergentes de alto rendimiento\",\"potentialAction\":[{\"@type\":\"SearchAction\",\"target\":{\"@type\":\"EntryPoint\",\"urlTemplate\":\"https:\\\/\\\/fadein.es\\\/fr\\\/?s={search_term_string}\"},\"query-input\":{\"@type\":\"PropertyValueSpecification\",\"valueRequired\":true,\"valueName\":\"search_term_string\"}}],\"inLanguage\":\"fr-FR\"},{\"@type\":\"Organization\",\"@id\":\"https:\\\/\\\/fadein.es\\\/fr\\\/#organization\",\"name\":\"Fadein\",\"alternateName\":\"Detergentes de alto rendimiento\",\"url\":\"https:\\\/\\\/fadein.es\\\/fr\\\/\",\"logo\":{\"@type\":\"ImageObject\",\"inLanguage\":\"fr-FR\",\"@id\":\"https:\\\/\\\/fadein.es\\\/fr\\\/#\\\/schema\\\/logo\\\/image\\\/\",\"url\":\"https:\\\/\\\/fadein.es\\\/wp-content\\\/uploads\\\/2021\\\/05\\\/fadein-deterdentes-de-alto-rendimiento.png\",\"contentUrl\":\"https:\\\/\\\/fadein.es\\\/wp-content\\\/uploads\\\/2021\\\/05\\\/fadein-deterdentes-de-alto-rendimiento.png\",\"width\":512,\"height\":512,\"caption\":\"Fadein\"},\"image\":{\"@id\":\"https:\\\/\\\/fadein.es\\\/fr\\\/#\\\/schema\\\/logo\\\/image\\\/\"}}]}<\/script>\n<!-- \/ Yoast SEO Premium plugin. -->","yoast_head_json":{"title":"\u1409 FADEIN-321-A | FADEIN-321-A en Fadein","description":"\ud83e\udd47 Entra y descubre \u261d FADEIN-321-A. Disponible en distintos tama\u00f1os y vol\u00famenes... comprar FADEIN-321-A al mejor precio \u2705 FADEIN-321-A recomendado para...","robots":{"index":"index","follow":"follow","max-snippet":"max-snippet:-1","max-image-preview":"max-image-preview:large","max-video-preview":"max-video-preview:-1"},"canonical":"https:\/\/fadein.es\/fr\/producto\/fadein-321-a\/","og_locale":"fr_FR","og_type":"article","og_title":"FADEIN-321-A","og_description":"\ud83e\udd47 Entra y descubre \u261d FADEIN-321-A. Disponible en distintos tama\u00f1os y vol\u00famenes... comprar FADEIN-321-A al mejor precio \u2705 FADEIN-321-A recomendado para...","og_url":"https:\/\/fadein.es\/fr\/producto\/fadein-321-a\/","og_site_name":"Fadein","article_modified_time":"2023-10-30T09:26:04+00:00","og_image":[{"width":1280,"height":1024,"url":"https:\/\/fadein.es\/wp-content\/uploads\/2022\/11\/FADEIN-321-A-1.png","type":"image\/png"}],"twitter_card":"summary_large_image","twitter_misc":{"Dur\u00e9e de lecture estim\u00e9e":"1 minute"},"schema":{"@context":"https:\/\/schema.org","@graph":[{"@type":"WebPage","@id":"https:\/\/fadein.es\/fr\/producto\/fadein-321-a\/","url":"https:\/\/fadein.es\/fr\/producto\/fadein-321-a\/","name":"\u1409 FADEIN-321-A | FADEIN-321-A en Fadein","isPartOf":{"@id":"https:\/\/fadein.es\/fr\/#website"},"primaryImageOfPage":{"@id":"https:\/\/fadein.es\/fr\/producto\/fadein-321-a\/#primaryimage"},"image":{"@id":"https:\/\/fadein.es\/fr\/producto\/fadein-321-a\/#primaryimage"},"thumbnailUrl":"https:\/\/fadein.es\/wp-content\/uploads\/2022\/11\/FADEIN-321-A-1.png","datePublished":"2022-09-16T07:39:02+00:00","dateModified":"2023-10-30T09:26:04+00:00","description":"\ud83e\udd47 Entra y descubre \u261d FADEIN-321-A. Disponible en distintos tama\u00f1os y vol\u00famenes... comprar FADEIN-321-A al mejor precio \u2705 FADEIN-321-A recomendado para...","breadcrumb":{"@id":"https:\/\/fadein.es\/fr\/producto\/fadein-321-a\/#breadcrumb"},"inLanguage":"fr-FR","potentialAction":[{"@type":"ReadAction","target":["https:\/\/fadein.es\/fr\/producto\/fadein-321-a\/"]}]},{"@type":"ImageObject","inLanguage":"fr-FR","@id":"https:\/\/fadein.es\/fr\/producto\/fadein-321-a\/#primaryimage","url":"https:\/\/fadein.es\/wp-content\/uploads\/2022\/11\/FADEIN-321-A-1.png","contentUrl":"https:\/\/fadein.es\/wp-content\/uploads\/2022\/11\/FADEIN-321-A-1.png","width":1280,"height":1024,"caption":"FADEIN 321 A 25 KG"},{"@type":"BreadcrumbList","@id":"https:\/\/fadein.es\/fr\/producto\/fadein-321-a\/#breadcrumb","itemListElement":[{"@type":"ListItem","position":1,"name":"Portada","item":"https:\/\/fadein.es\/fr\/accueil\/"},{"@type":"ListItem","position":2,"name":"Boutique","item":"https:\/\/fadein.es\/fr\/boutique\/"},{"@type":"ListItem","position":3,"name":"FADEIN-321-A"}]},{"@type":"WebSite","@id":"https:\/\/fadein.es\/fr\/#website","url":"https:\/\/fadein.es\/fr\/","name":"Fadein","description":"Detergentes de alto rendimiento","publisher":{"@id":"https:\/\/fadein.es\/fr\/#organization"},"alternateName":"Detergentes de alto rendimiento","potentialAction":[{"@type":"SearchAction","target":{"@type":"EntryPoint","urlTemplate":"https:\/\/fadein.es\/fr\/?s={search_term_string}"},"query-input":{"@type":"PropertyValueSpecification","valueRequired":true,"valueName":"search_term_string"}}],"inLanguage":"fr-FR"},{"@type":"Organization","@id":"https:\/\/fadein.es\/fr\/#organization","name":"Fadein","alternateName":"Detergentes de alto rendimiento","url":"https:\/\/fadein.es\/fr\/","logo":{"@type":"ImageObject","inLanguage":"fr-FR","@id":"https:\/\/fadein.es\/fr\/#\/schema\/logo\/image\/","url":"https:\/\/fadein.es\/wp-content\/uploads\/2021\/05\/fadein-deterdentes-de-alto-rendimiento.png","contentUrl":"https:\/\/fadein.es\/wp-content\/uploads\/2021\/05\/fadein-deterdentes-de-alto-rendimiento.png","width":512,"height":512,"caption":"Fadein"},"image":{"@id":"https:\/\/fadein.es\/fr\/#\/schema\/logo\/image\/"}}]}},"_links":{"self":[{"href":"https:\/\/fadein.es\/fr\/wp-json\/wp\/v2\/product\/6660","targetHints":{"allow":["GET"]}}],"collection":[{"href":"https:\/\/fadein.es\/fr\/wp-json\/wp\/v2\/product"}],"about":[{"href":"https:\/\/fadein.es\/fr\/wp-json\/wp\/v2\/types\/product"}],"replies":[{"embeddable":true,"href":"https:\/\/fadein.es\/fr\/wp-json\/wp\/v2\/comments?post=6660"}],"wp:featuredmedia":[{"embeddable":true,"href":"https:\/\/fadein.es\/fr\/wp-json\/wp\/v2\/media\/6050"}],"wp:attachment":[{"href":"https:\/\/fadein.es\/fr\/wp-json\/wp\/v2\/media?parent=6660"}],"wp:term":[{"taxonomy":"product_brand","embeddable":true,"href":"https:\/\/fadein.es\/fr\/wp-json\/wp\/v2\/product_brand?post=6660"},{"taxonomy":"product_cat","embeddable":true,"href":"https:\/\/fadein.es\/fr\/wp-json\/wp\/v2\/product_cat?post=6660"},{"taxonomy":"product_tag","embeddable":true,"href":"https:\/\/fadein.es\/fr\/wp-json\/wp\/v2\/product_tag?post=6660"}],"curies":[{"name":"wp","href":"https:\/\/api.w.org\/{rel}","templated":true}]}}