{"id":6647,"date":"2022-09-16T07:38:47","date_gmt":"2022-09-16T07:38:47","guid":{"rendered":"https:\/\/fadein.es\/producto\/shampooing-fadein-wax\/"},"modified":"2023-10-30T09:25:50","modified_gmt":"2023-10-30T09:25:50","slug":"fadein-champu-wax","status":"publish","type":"product","link":"https:\/\/fadein.es\/fr\/producto\/fadein-champu-wax\/","title":{"rendered":"SHAMPOOING FADEIN-WAX"},"content":{"rendered":"<p>2 en 1, Shampooing + cire \u00e0 polir dans le m\u00eame produit, nettoie et polit en une seule op\u00e9ration. Il convient pour le lavage des v\u00e9hicules.<br \/>\nIl nettoie la salet\u00e9 et les cires qu&rsquo;il contient recouvrent la carrosserie d&rsquo;un film protecteur et brillant.<br \/>\nIl est biod\u00e9gradable et inoffensif pour les peintures, les chromes et les plastiques des v\u00e9hicules.<\/p>\n<p>Les images, vid\u00e9os et informations pr\u00e9sent\u00e9es dans cet espace sont purement illustratives et non contractuelles, peuvent \u00eatre optionnelles ou non disponibles selon les mod\u00e8les, et ne constituent pas une offre. Vous pouvez contacter le service commercial de FADEIN pour toute information compl\u00e9mentaire ou demande de cotation de nos produits.<\/p>\n","protected":false},"excerpt":{"rendered":"<p>Shampooing + cire nettoie, prot\u00e8ge et polit en une seule op\u00e9ration.<\/p>\n","protected":false},"featured_media":12084,"comment_status":"open","ping_status":"closed","template":"","meta":{"_et_pb_use_builder":"","_et_pb_old_content":"","_et_gb_content_width":""},"product_brand":[],"product_cat":[474,574,477,483,487,581,579,577,582,576,580,578,575,480,1078,1076],"product_tag":[],"class_list":{"0":"post-6647","1":"product","2":"type-product","3":"status-publish","4":"has-post-thumbnail","6":"product_cat-automotion-fr","7":"product_cat-distributeurs","8":"product_cat-entraineurs","9":"product_cat-lavage-manuel","10":"product_cat-lavage-manuel-sans-eau","11":"product_cat-nettoyage-externe-fr","12":"product_cat-nettoyage-externe","13":"product_cat-nettoyage-externe-manuel","14":"product_cat-nettoyage-sans-eau-et-brillance","15":"product_cat-shampoing-a-la-brosse","16":"product_cat-shampoing-manuel-fr","17":"product_cat-shampoing-manuel","18":"product_cat-shampoing-pour-le-corps","19":"product_cat-tunnel-et-pont-de-lavage","20":"product_cat-usage-domestique","21":"product_cat-usage-professionnel-industriel","23":"first","24":"instock","25":"taxable","26":"shipping-taxable","27":"purchasable","28":"product-type-simple"},"yoast_head":"<!-- This site is optimized with the Yoast SEO Premium plugin v27.2 (Yoast SEO v27.4) - https:\/\/yoast.com\/product\/yoast-seo-premium-wordpress\/ -->\n<title>\u1409 SHAMPOOING FADEIN-WAX | SHAMPOOING FADEIN-WAX en Fadein<\/title>\n<meta name=\"description\" content=\"\ud83e\udd47 Entra y descubre \u261d SHAMPOOING FADEIN-WAX. Disponible en distintos tama\u00f1os y vol\u00famenes... comprar SHAMPOOING FADEIN-WAX al mejor precio \u2705 SHAMPOOING FADEIN-WAX recomendado para...\" \/>\n<meta name=\"robots\" content=\"index, follow, max-snippet:-1, max-image-preview:large, max-video-preview:-1\" \/>\n<link rel=\"canonical\" href=\"https:\/\/fadein.es\/fr\/producto\/fadein-champu-wax\/\" \/>\n<meta property=\"og:locale\" content=\"fr_FR\" \/>\n<meta property=\"og:type\" content=\"article\" \/>\n<meta property=\"og:title\" content=\"SHAMPOOING FADEIN-WAX\" \/>\n<meta property=\"og:description\" content=\"\ud83e\udd47 Entra y descubre \u261d SHAMPOOING FADEIN-WAX. Disponible en distintos tama\u00f1os y vol\u00famenes... comprar SHAMPOOING FADEIN-WAX al mejor precio \u2705 SHAMPOOING FADEIN-WAX recomendado para...\" \/>\n<meta property=\"og:url\" content=\"https:\/\/fadein.es\/fr\/producto\/fadein-champu-wax\/\" \/>\n<meta property=\"og:site_name\" content=\"Fadein\" \/>\n<meta property=\"article:modified_time\" content=\"2023-10-30T09:25:50+00:00\" \/>\n<meta property=\"og:image\" content=\"https:\/\/fadein.es\/wp-content\/uploads\/2022\/11\/FADEIN-CHAMPU\u0301CERA-1.png\" \/>\n\t<meta property=\"og:image:width\" content=\"1280\" \/>\n\t<meta property=\"og:image:height\" content=\"1280\" \/>\n\t<meta property=\"og:image:type\" content=\"image\/png\" \/>\n<meta name=\"twitter:card\" content=\"summary_large_image\" \/>\n<meta name=\"twitter:label1\" content=\"Dur\u00e9e de lecture estim\u00e9e\" \/>\n\t<meta name=\"twitter:data1\" content=\"1 minute\" \/>\n<script type=\"application\/ld+json\" class=\"yoast-schema-graph\">{\"@context\":\"https:\\\/\\\/schema.org\",\"@graph\":[{\"@type\":\"WebPage\",\"@id\":\"https:\\\/\\\/fadein.es\\\/fr\\\/producto\\\/fadein-champu-wax\\\/\",\"url\":\"https:\\\/\\\/fadein.es\\\/fr\\\/producto\\\/fadein-champu-wax\\\/\",\"name\":\"\u1409 SHAMPOOING FADEIN-WAX | SHAMPOOING FADEIN-WAX en Fadein\",\"isPartOf\":{\"@id\":\"https:\\\/\\\/fadein.es\\\/fr\\\/#website\"},\"primaryImageOfPage\":{\"@id\":\"https:\\\/\\\/fadein.es\\\/fr\\\/producto\\\/fadein-champu-wax\\\/#primaryimage\"},\"image\":{\"@id\":\"https:\\\/\\\/fadein.es\\\/fr\\\/producto\\\/fadein-champu-wax\\\/#primaryimage\"},\"thumbnailUrl\":\"https:\\\/\\\/fadein.es\\\/wp-content\\\/uploads\\\/2022\\\/11\\\/FADEIN-CHAMPU\u0301CERA-1.png\",\"datePublished\":\"2022-09-16T07:38:47+00:00\",\"dateModified\":\"2023-10-30T09:25:50+00:00\",\"description\":\"\ud83e\udd47 Entra y descubre \u261d SHAMPOOING FADEIN-WAX. Disponible en distintos tama\u00f1os y vol\u00famenes... comprar SHAMPOOING FADEIN-WAX al mejor precio \u2705 SHAMPOOING FADEIN-WAX recomendado para...\",\"breadcrumb\":{\"@id\":\"https:\\\/\\\/fadein.es\\\/fr\\\/producto\\\/fadein-champu-wax\\\/#breadcrumb\"},\"inLanguage\":\"fr-FR\",\"potentialAction\":[{\"@type\":\"ReadAction\",\"target\":[\"https:\\\/\\\/fadein.es\\\/fr\\\/producto\\\/fadein-champu-wax\\\/\"]}]},{\"@type\":\"ImageObject\",\"inLanguage\":\"fr-FR\",\"@id\":\"https:\\\/\\\/fadein.es\\\/fr\\\/producto\\\/fadein-champu-wax\\\/#primaryimage\",\"url\":\"https:\\\/\\\/fadein.es\\\/wp-content\\\/uploads\\\/2022\\\/11\\\/FADEIN-CHAMPU\u0301CERA-1.png\",\"contentUrl\":\"https:\\\/\\\/fadein.es\\\/wp-content\\\/uploads\\\/2022\\\/11\\\/FADEIN-CHAMPU\u0301CERA-1.png\",\"width\":1280,\"height\":1280,\"caption\":\"FADEIN-CHAMPU\u0301 CERA 10 KG\"},{\"@type\":\"BreadcrumbList\",\"@id\":\"https:\\\/\\\/fadein.es\\\/fr\\\/producto\\\/fadein-champu-wax\\\/#breadcrumb\",\"itemListElement\":[{\"@type\":\"ListItem\",\"position\":1,\"name\":\"Portada\",\"item\":\"https:\\\/\\\/fadein.es\\\/fr\\\/accueil\\\/\"},{\"@type\":\"ListItem\",\"position\":2,\"name\":\"Boutique\",\"item\":\"https:\\\/\\\/fadein.es\\\/fr\\\/boutique\\\/\"},{\"@type\":\"ListItem\",\"position\":3,\"name\":\"SHAMPOOING FADEIN-WAX\"}]},{\"@type\":\"WebSite\",\"@id\":\"https:\\\/\\\/fadein.es\\\/fr\\\/#website\",\"url\":\"https:\\\/\\\/fadein.es\\\/fr\\\/\",\"name\":\"Fadein\",\"description\":\"Detergentes de alto rendimiento\",\"publisher\":{\"@id\":\"https:\\\/\\\/fadein.es\\\/fr\\\/#organization\"},\"alternateName\":\"Detergentes de alto rendimiento\",\"potentialAction\":[{\"@type\":\"SearchAction\",\"target\":{\"@type\":\"EntryPoint\",\"urlTemplate\":\"https:\\\/\\\/fadein.es\\\/fr\\\/?s={search_term_string}\"},\"query-input\":{\"@type\":\"PropertyValueSpecification\",\"valueRequired\":true,\"valueName\":\"search_term_string\"}}],\"inLanguage\":\"fr-FR\"},{\"@type\":\"Organization\",\"@id\":\"https:\\\/\\\/fadein.es\\\/fr\\\/#organization\",\"name\":\"Fadein\",\"alternateName\":\"Detergentes de alto rendimiento\",\"url\":\"https:\\\/\\\/fadein.es\\\/fr\\\/\",\"logo\":{\"@type\":\"ImageObject\",\"inLanguage\":\"fr-FR\",\"@id\":\"https:\\\/\\\/fadein.es\\\/fr\\\/#\\\/schema\\\/logo\\\/image\\\/\",\"url\":\"https:\\\/\\\/fadein.es\\\/wp-content\\\/uploads\\\/2021\\\/05\\\/fadein-deterdentes-de-alto-rendimiento.png\",\"contentUrl\":\"https:\\\/\\\/fadein.es\\\/wp-content\\\/uploads\\\/2021\\\/05\\\/fadein-deterdentes-de-alto-rendimiento.png\",\"width\":512,\"height\":512,\"caption\":\"Fadein\"},\"image\":{\"@id\":\"https:\\\/\\\/fadein.es\\\/fr\\\/#\\\/schema\\\/logo\\\/image\\\/\"}}]}<\/script>\n<!-- \/ Yoast SEO Premium plugin. -->","yoast_head_json":{"title":"\u1409 SHAMPOOING FADEIN-WAX | SHAMPOOING FADEIN-WAX en Fadein","description":"\ud83e\udd47 Entra y descubre \u261d SHAMPOOING FADEIN-WAX. Disponible en distintos tama\u00f1os y vol\u00famenes... comprar SHAMPOOING FADEIN-WAX al mejor precio \u2705 SHAMPOOING FADEIN-WAX recomendado para...","robots":{"index":"index","follow":"follow","max-snippet":"max-snippet:-1","max-image-preview":"max-image-preview:large","max-video-preview":"max-video-preview:-1"},"canonical":"https:\/\/fadein.es\/fr\/producto\/fadein-champu-wax\/","og_locale":"fr_FR","og_type":"article","og_title":"SHAMPOOING FADEIN-WAX","og_description":"\ud83e\udd47 Entra y descubre \u261d SHAMPOOING FADEIN-WAX. Disponible en distintos tama\u00f1os y vol\u00famenes... comprar SHAMPOOING FADEIN-WAX al mejor precio \u2705 SHAMPOOING FADEIN-WAX recomendado para...","og_url":"https:\/\/fadein.es\/fr\/producto\/fadein-champu-wax\/","og_site_name":"Fadein","article_modified_time":"2023-10-30T09:25:50+00:00","og_image":[{"width":1280,"height":1280,"url":"https:\/\/fadein.es\/wp-content\/uploads\/2022\/11\/FADEIN-CHAMPU\u0301CERA-1.png","type":"image\/png"}],"twitter_card":"summary_large_image","twitter_misc":{"Dur\u00e9e de lecture estim\u00e9e":"1 minute"},"schema":{"@context":"https:\/\/schema.org","@graph":[{"@type":"WebPage","@id":"https:\/\/fadein.es\/fr\/producto\/fadein-champu-wax\/","url":"https:\/\/fadein.es\/fr\/producto\/fadein-champu-wax\/","name":"\u1409 SHAMPOOING FADEIN-WAX | SHAMPOOING FADEIN-WAX en Fadein","isPartOf":{"@id":"https:\/\/fadein.es\/fr\/#website"},"primaryImageOfPage":{"@id":"https:\/\/fadein.es\/fr\/producto\/fadein-champu-wax\/#primaryimage"},"image":{"@id":"https:\/\/fadein.es\/fr\/producto\/fadein-champu-wax\/#primaryimage"},"thumbnailUrl":"https:\/\/fadein.es\/wp-content\/uploads\/2022\/11\/FADEIN-CHAMPU\u0301CERA-1.png","datePublished":"2022-09-16T07:38:47+00:00","dateModified":"2023-10-30T09:25:50+00:00","description":"\ud83e\udd47 Entra y descubre \u261d SHAMPOOING FADEIN-WAX. Disponible en distintos tama\u00f1os y vol\u00famenes... comprar SHAMPOOING FADEIN-WAX al mejor precio \u2705 SHAMPOOING FADEIN-WAX recomendado para...","breadcrumb":{"@id":"https:\/\/fadein.es\/fr\/producto\/fadein-champu-wax\/#breadcrumb"},"inLanguage":"fr-FR","potentialAction":[{"@type":"ReadAction","target":["https:\/\/fadein.es\/fr\/producto\/fadein-champu-wax\/"]}]},{"@type":"ImageObject","inLanguage":"fr-FR","@id":"https:\/\/fadein.es\/fr\/producto\/fadein-champu-wax\/#primaryimage","url":"https:\/\/fadein.es\/wp-content\/uploads\/2022\/11\/FADEIN-CHAMPU\u0301CERA-1.png","contentUrl":"https:\/\/fadein.es\/wp-content\/uploads\/2022\/11\/FADEIN-CHAMPU\u0301CERA-1.png","width":1280,"height":1280,"caption":"FADEIN-CHAMPU\u0301 CERA 10 KG"},{"@type":"BreadcrumbList","@id":"https:\/\/fadein.es\/fr\/producto\/fadein-champu-wax\/#breadcrumb","itemListElement":[{"@type":"ListItem","position":1,"name":"Portada","item":"https:\/\/fadein.es\/fr\/accueil\/"},{"@type":"ListItem","position":2,"name":"Boutique","item":"https:\/\/fadein.es\/fr\/boutique\/"},{"@type":"ListItem","position":3,"name":"SHAMPOOING FADEIN-WAX"}]},{"@type":"WebSite","@id":"https:\/\/fadein.es\/fr\/#website","url":"https:\/\/fadein.es\/fr\/","name":"Fadein","description":"Detergentes de alto rendimiento","publisher":{"@id":"https:\/\/fadein.es\/fr\/#organization"},"alternateName":"Detergentes de alto rendimiento","potentialAction":[{"@type":"SearchAction","target":{"@type":"EntryPoint","urlTemplate":"https:\/\/fadein.es\/fr\/?s={search_term_string}"},"query-input":{"@type":"PropertyValueSpecification","valueRequired":true,"valueName":"search_term_string"}}],"inLanguage":"fr-FR"},{"@type":"Organization","@id":"https:\/\/fadein.es\/fr\/#organization","name":"Fadein","alternateName":"Detergentes de alto rendimiento","url":"https:\/\/fadein.es\/fr\/","logo":{"@type":"ImageObject","inLanguage":"fr-FR","@id":"https:\/\/fadein.es\/fr\/#\/schema\/logo\/image\/","url":"https:\/\/fadein.es\/wp-content\/uploads\/2021\/05\/fadein-deterdentes-de-alto-rendimiento.png","contentUrl":"https:\/\/fadein.es\/wp-content\/uploads\/2021\/05\/fadein-deterdentes-de-alto-rendimiento.png","width":512,"height":512,"caption":"Fadein"},"image":{"@id":"https:\/\/fadein.es\/fr\/#\/schema\/logo\/image\/"}}]}},"_links":{"self":[{"href":"https:\/\/fadein.es\/fr\/wp-json\/wp\/v2\/product\/6647","targetHints":{"allow":["GET"]}}],"collection":[{"href":"https:\/\/fadein.es\/fr\/wp-json\/wp\/v2\/product"}],"about":[{"href":"https:\/\/fadein.es\/fr\/wp-json\/wp\/v2\/types\/product"}],"replies":[{"embeddable":true,"href":"https:\/\/fadein.es\/fr\/wp-json\/wp\/v2\/comments?post=6647"}],"wp:featuredmedia":[{"embeddable":true,"href":"https:\/\/fadein.es\/fr\/wp-json\/wp\/v2\/media\/12084"}],"wp:attachment":[{"href":"https:\/\/fadein.es\/fr\/wp-json\/wp\/v2\/media?parent=6647"}],"wp:term":[{"taxonomy":"product_brand","embeddable":true,"href":"https:\/\/fadein.es\/fr\/wp-json\/wp\/v2\/product_brand?post=6647"},{"taxonomy":"product_cat","embeddable":true,"href":"https:\/\/fadein.es\/fr\/wp-json\/wp\/v2\/product_cat?post=6647"},{"taxonomy":"product_tag","embeddable":true,"href":"https:\/\/fadein.es\/fr\/wp-json\/wp\/v2\/product_tag?post=6647"}],"curies":[{"name":"wp","href":"https:\/\/api.w.org\/{rel}","templated":true}]}}