{"id":6646,"date":"2022-09-16T07:39:00","date_gmt":"2022-09-16T07:39:00","guid":{"rendered":"https:\/\/fadein.es\/producto\/deterclor\/"},"modified":"2023-10-30T09:25:59","modified_gmt":"2023-10-30T09:25:59","slug":"detergent","status":"publish","type":"product","link":"https:\/\/fadein.es\/fr\/producto\/detergent\/","title":{"rendered":"DETERCLOR"},"content":{"rendered":"<p>DETERCLOR est un d\u00e9tergent chlor\u00e9 de couleur ambre clair. Produit adapt\u00e9 \u00e0 l&rsquo;industrie alimentaire. Compos\u00e9 d&rsquo;une partie d\u00e9tergente, d&rsquo;une partie activ\u00e9e par le chlore, d&rsquo;un humectant et d&rsquo;alcalis, qui lui conf\u00e8rent un grand pouvoir nettoyant et d\u00e9sodorisant. L&rsquo;utilisation de DETERCLOR permet deux actions combin\u00e9es simultan\u00e9es : un nettoyage en profondeur et une d\u00e9sodorisation efficace. DETERCLOR est un produit id\u00e9al pour tous les types d&rsquo;industries alimentaires, en particulier les abattoirs, la volaille, les lapins et les conserves de poisson. Il peut \u00eatre utilis\u00e9 pour nettoyer les sols, les murs, les planches \u00e0 d\u00e9couper, les remplisseuses, les bandes transporteuses et d&rsquo;autres \u00e9quipements de traitement. Il convient au nettoyage des sols, des murs, des toilettes, des urinoirs, etc., ce qui en fait le produit id\u00e9al pour les entreprises de nettoyage, les h\u00f4tels, les collectivit\u00e9s, les centres de sant\u00e9 et l&rsquo;industrie en g\u00e9n\u00e9ral.<\/p>\n<p>Les images, vid\u00e9os et informations pr\u00e9sent\u00e9es dans cet espace sont purement illustratives et non contractuelles, peuvent \u00eatre optionnelles ou non disponibles selon les mod\u00e8les, et ne constituent pas une offre. Vous pouvez contacter le service commercial de FADEIN pour toute information compl\u00e9mentaire ou demande de cotation de nos produits.<\/p>\n","protected":false},"excerpt":{"rendered":"<p>D\u00e9tergent chlor\u00e9.<\/p>\n","protected":false},"featured_media":12096,"comment_status":"open","ping_status":"closed","template":"","meta":{"_et_pb_use_builder":"","_et_pb_old_content":"","_et_gb_content_width":""},"product_brand":[],"product_cat":[474,374,383,386,1073,405,488,381,566,481,560,550,551,553,556,1078,1076],"product_tag":[521,519,419,413],"class_list":{"0":"post-6646","1":"product","2":"type-product","3":"status-publish","4":"has-post-thumbnail","6":"product_cat-automotion-fr","7":"product_cat-collectivites","8":"product_cat-ecoles-et-residences","9":"product_cat-entretien-general","10":"product_cat-halal","11":"product_cat-hotels","12":"product_cat-les-parkings-et-les-garages","13":"product_cat-les-restaurants-et-la-restauration","14":"product_cat-nettoyage-des-salles-de-bains-et-des-toilettes-fr","15":"product_cat-stations-service","16":"product_cat-toilettes-fr-4","17":"product_cat-toilettes","18":"product_cat-toilettes-fr","19":"product_cat-toilettes-fr-2","20":"product_cat-toilettes-fr-3","21":"product_cat-usage-domestique","22":"product_cat-usage-professionnel-industriel","23":"product_tag-injection-extraction","24":"product_tag-nettoyage-des-sols","25":"product_tag-produit-moussant","26":"product_tag-pulverisation","28":"first","29":"instock","30":"taxable","31":"shipping-taxable","32":"purchasable","33":"product-type-simple"},"yoast_head":"<!-- This site is optimized with the Yoast SEO Premium plugin v27.2 (Yoast SEO v27.4) - https:\/\/yoast.com\/product\/yoast-seo-premium-wordpress\/ -->\n<title>\u1409 DETERCLOR | DETERCLOR en Fadein<\/title>\n<meta name=\"description\" content=\"\ud83e\udd47 Entra y descubre \u261d DETERCLOR. Disponible en distintos tama\u00f1os y vol\u00famenes... comprar DETERCLOR al mejor precio \u2705 DETERCLOR recomendado para...\" \/>\n<meta name=\"robots\" content=\"index, follow, max-snippet:-1, max-image-preview:large, max-video-preview:-1\" \/>\n<link rel=\"canonical\" href=\"https:\/\/fadein.es\/fr\/producto\/detergent\/\" \/>\n<meta property=\"og:locale\" content=\"fr_FR\" \/>\n<meta property=\"og:type\" content=\"article\" \/>\n<meta property=\"og:title\" content=\"DETERCLOR\" \/>\n<meta property=\"og:description\" content=\"\ud83e\udd47 Entra y descubre \u261d DETERCLOR. Disponible en distintos tama\u00f1os y vol\u00famenes... comprar DETERCLOR al mejor precio \u2705 DETERCLOR recomendado para...\" \/>\n<meta property=\"og:url\" content=\"https:\/\/fadein.es\/fr\/producto\/detergent\/\" \/>\n<meta property=\"og:site_name\" content=\"Fadein\" \/>\n<meta property=\"article:modified_time\" content=\"2023-10-30T09:25:59+00:00\" \/>\n<meta property=\"og:image\" content=\"https:\/\/fadein.es\/wp-content\/uploads\/2022\/11\/DETERCLOR.png\" \/>\n\t<meta property=\"og:image:width\" content=\"2048\" \/>\n\t<meta property=\"og:image:height\" content=\"1822\" \/>\n\t<meta property=\"og:image:type\" content=\"image\/png\" \/>\n<meta name=\"twitter:card\" content=\"summary_large_image\" \/>\n<meta name=\"twitter:label1\" content=\"Dur\u00e9e de lecture estim\u00e9e\" \/>\n\t<meta name=\"twitter:data1\" content=\"1 minute\" \/>\n<script type=\"application\/ld+json\" class=\"yoast-schema-graph\">{\"@context\":\"https:\\\/\\\/schema.org\",\"@graph\":[{\"@type\":\"WebPage\",\"@id\":\"https:\\\/\\\/fadein.es\\\/fr\\\/producto\\\/detergent\\\/\",\"url\":\"https:\\\/\\\/fadein.es\\\/fr\\\/producto\\\/detergent\\\/\",\"name\":\"\u1409 DETERCLOR | DETERCLOR en Fadein\",\"isPartOf\":{\"@id\":\"https:\\\/\\\/fadein.es\\\/fr\\\/#website\"},\"primaryImageOfPage\":{\"@id\":\"https:\\\/\\\/fadein.es\\\/fr\\\/producto\\\/detergent\\\/#primaryimage\"},\"image\":{\"@id\":\"https:\\\/\\\/fadein.es\\\/fr\\\/producto\\\/detergent\\\/#primaryimage\"},\"thumbnailUrl\":\"https:\\\/\\\/fadein.es\\\/wp-content\\\/uploads\\\/2022\\\/11\\\/DETERCLOR.png\",\"datePublished\":\"2022-09-16T07:39:00+00:00\",\"dateModified\":\"2023-10-30T09:25:59+00:00\",\"description\":\"\ud83e\udd47 Entra y descubre \u261d DETERCLOR. Disponible en distintos tama\u00f1os y vol\u00famenes... comprar DETERCLOR al mejor precio \u2705 DETERCLOR recomendado para...\",\"breadcrumb\":{\"@id\":\"https:\\\/\\\/fadein.es\\\/fr\\\/producto\\\/detergent\\\/#breadcrumb\"},\"inLanguage\":\"fr-FR\",\"potentialAction\":[{\"@type\":\"ReadAction\",\"target\":[\"https:\\\/\\\/fadein.es\\\/fr\\\/producto\\\/detergent\\\/\"]}]},{\"@type\":\"ImageObject\",\"inLanguage\":\"fr-FR\",\"@id\":\"https:\\\/\\\/fadein.es\\\/fr\\\/producto\\\/detergent\\\/#primaryimage\",\"url\":\"https:\\\/\\\/fadein.es\\\/wp-content\\\/uploads\\\/2022\\\/11\\\/DETERCLOR.png\",\"contentUrl\":\"https:\\\/\\\/fadein.es\\\/wp-content\\\/uploads\\\/2022\\\/11\\\/DETERCLOR.png\",\"width\":2048,\"height\":1822,\"caption\":\"DETERCLOR 5 KG FADEIN\"},{\"@type\":\"BreadcrumbList\",\"@id\":\"https:\\\/\\\/fadein.es\\\/fr\\\/producto\\\/detergent\\\/#breadcrumb\",\"itemListElement\":[{\"@type\":\"ListItem\",\"position\":1,\"name\":\"Portada\",\"item\":\"https:\\\/\\\/fadein.es\\\/fr\\\/accueil\\\/\"},{\"@type\":\"ListItem\",\"position\":2,\"name\":\"Boutique\",\"item\":\"https:\\\/\\\/fadein.es\\\/fr\\\/boutique\\\/\"},{\"@type\":\"ListItem\",\"position\":3,\"name\":\"DETERCLOR\"}]},{\"@type\":\"WebSite\",\"@id\":\"https:\\\/\\\/fadein.es\\\/fr\\\/#website\",\"url\":\"https:\\\/\\\/fadein.es\\\/fr\\\/\",\"name\":\"Fadein\",\"description\":\"Detergentes de alto rendimiento\",\"publisher\":{\"@id\":\"https:\\\/\\\/fadein.es\\\/fr\\\/#organization\"},\"alternateName\":\"Detergentes de alto rendimiento\",\"potentialAction\":[{\"@type\":\"SearchAction\",\"target\":{\"@type\":\"EntryPoint\",\"urlTemplate\":\"https:\\\/\\\/fadein.es\\\/fr\\\/?s={search_term_string}\"},\"query-input\":{\"@type\":\"PropertyValueSpecification\",\"valueRequired\":true,\"valueName\":\"search_term_string\"}}],\"inLanguage\":\"fr-FR\"},{\"@type\":\"Organization\",\"@id\":\"https:\\\/\\\/fadein.es\\\/fr\\\/#organization\",\"name\":\"Fadein\",\"alternateName\":\"Detergentes de alto rendimiento\",\"url\":\"https:\\\/\\\/fadein.es\\\/fr\\\/\",\"logo\":{\"@type\":\"ImageObject\",\"inLanguage\":\"fr-FR\",\"@id\":\"https:\\\/\\\/fadein.es\\\/fr\\\/#\\\/schema\\\/logo\\\/image\\\/\",\"url\":\"https:\\\/\\\/fadein.es\\\/wp-content\\\/uploads\\\/2021\\\/05\\\/fadein-deterdentes-de-alto-rendimiento.png\",\"contentUrl\":\"https:\\\/\\\/fadein.es\\\/wp-content\\\/uploads\\\/2021\\\/05\\\/fadein-deterdentes-de-alto-rendimiento.png\",\"width\":512,\"height\":512,\"caption\":\"Fadein\"},\"image\":{\"@id\":\"https:\\\/\\\/fadein.es\\\/fr\\\/#\\\/schema\\\/logo\\\/image\\\/\"}}]}<\/script>\n<!-- \/ Yoast SEO Premium plugin. -->","yoast_head_json":{"title":"\u1409 DETERCLOR | DETERCLOR en Fadein","description":"\ud83e\udd47 Entra y descubre \u261d DETERCLOR. Disponible en distintos tama\u00f1os y vol\u00famenes... comprar DETERCLOR al mejor precio \u2705 DETERCLOR recomendado para...","robots":{"index":"index","follow":"follow","max-snippet":"max-snippet:-1","max-image-preview":"max-image-preview:large","max-video-preview":"max-video-preview:-1"},"canonical":"https:\/\/fadein.es\/fr\/producto\/detergent\/","og_locale":"fr_FR","og_type":"article","og_title":"DETERCLOR","og_description":"\ud83e\udd47 Entra y descubre \u261d DETERCLOR. Disponible en distintos tama\u00f1os y vol\u00famenes... comprar DETERCLOR al mejor precio \u2705 DETERCLOR recomendado para...","og_url":"https:\/\/fadein.es\/fr\/producto\/detergent\/","og_site_name":"Fadein","article_modified_time":"2023-10-30T09:25:59+00:00","og_image":[{"width":2048,"height":1822,"url":"https:\/\/fadein.es\/wp-content\/uploads\/2022\/11\/DETERCLOR.png","type":"image\/png"}],"twitter_card":"summary_large_image","twitter_misc":{"Dur\u00e9e de lecture estim\u00e9e":"1 minute"},"schema":{"@context":"https:\/\/schema.org","@graph":[{"@type":"WebPage","@id":"https:\/\/fadein.es\/fr\/producto\/detergent\/","url":"https:\/\/fadein.es\/fr\/producto\/detergent\/","name":"\u1409 DETERCLOR | DETERCLOR en Fadein","isPartOf":{"@id":"https:\/\/fadein.es\/fr\/#website"},"primaryImageOfPage":{"@id":"https:\/\/fadein.es\/fr\/producto\/detergent\/#primaryimage"},"image":{"@id":"https:\/\/fadein.es\/fr\/producto\/detergent\/#primaryimage"},"thumbnailUrl":"https:\/\/fadein.es\/wp-content\/uploads\/2022\/11\/DETERCLOR.png","datePublished":"2022-09-16T07:39:00+00:00","dateModified":"2023-10-30T09:25:59+00:00","description":"\ud83e\udd47 Entra y descubre \u261d DETERCLOR. Disponible en distintos tama\u00f1os y vol\u00famenes... comprar DETERCLOR al mejor precio \u2705 DETERCLOR recomendado para...","breadcrumb":{"@id":"https:\/\/fadein.es\/fr\/producto\/detergent\/#breadcrumb"},"inLanguage":"fr-FR","potentialAction":[{"@type":"ReadAction","target":["https:\/\/fadein.es\/fr\/producto\/detergent\/"]}]},{"@type":"ImageObject","inLanguage":"fr-FR","@id":"https:\/\/fadein.es\/fr\/producto\/detergent\/#primaryimage","url":"https:\/\/fadein.es\/wp-content\/uploads\/2022\/11\/DETERCLOR.png","contentUrl":"https:\/\/fadein.es\/wp-content\/uploads\/2022\/11\/DETERCLOR.png","width":2048,"height":1822,"caption":"DETERCLOR 5 KG FADEIN"},{"@type":"BreadcrumbList","@id":"https:\/\/fadein.es\/fr\/producto\/detergent\/#breadcrumb","itemListElement":[{"@type":"ListItem","position":1,"name":"Portada","item":"https:\/\/fadein.es\/fr\/accueil\/"},{"@type":"ListItem","position":2,"name":"Boutique","item":"https:\/\/fadein.es\/fr\/boutique\/"},{"@type":"ListItem","position":3,"name":"DETERCLOR"}]},{"@type":"WebSite","@id":"https:\/\/fadein.es\/fr\/#website","url":"https:\/\/fadein.es\/fr\/","name":"Fadein","description":"Detergentes de alto rendimiento","publisher":{"@id":"https:\/\/fadein.es\/fr\/#organization"},"alternateName":"Detergentes de alto rendimiento","potentialAction":[{"@type":"SearchAction","target":{"@type":"EntryPoint","urlTemplate":"https:\/\/fadein.es\/fr\/?s={search_term_string}"},"query-input":{"@type":"PropertyValueSpecification","valueRequired":true,"valueName":"search_term_string"}}],"inLanguage":"fr-FR"},{"@type":"Organization","@id":"https:\/\/fadein.es\/fr\/#organization","name":"Fadein","alternateName":"Detergentes de alto rendimiento","url":"https:\/\/fadein.es\/fr\/","logo":{"@type":"ImageObject","inLanguage":"fr-FR","@id":"https:\/\/fadein.es\/fr\/#\/schema\/logo\/image\/","url":"https:\/\/fadein.es\/wp-content\/uploads\/2021\/05\/fadein-deterdentes-de-alto-rendimiento.png","contentUrl":"https:\/\/fadein.es\/wp-content\/uploads\/2021\/05\/fadein-deterdentes-de-alto-rendimiento.png","width":512,"height":512,"caption":"Fadein"},"image":{"@id":"https:\/\/fadein.es\/fr\/#\/schema\/logo\/image\/"}}]}},"_links":{"self":[{"href":"https:\/\/fadein.es\/fr\/wp-json\/wp\/v2\/product\/6646","targetHints":{"allow":["GET"]}}],"collection":[{"href":"https:\/\/fadein.es\/fr\/wp-json\/wp\/v2\/product"}],"about":[{"href":"https:\/\/fadein.es\/fr\/wp-json\/wp\/v2\/types\/product"}],"replies":[{"embeddable":true,"href":"https:\/\/fadein.es\/fr\/wp-json\/wp\/v2\/comments?post=6646"}],"wp:featuredmedia":[{"embeddable":true,"href":"https:\/\/fadein.es\/fr\/wp-json\/wp\/v2\/media\/12096"}],"wp:attachment":[{"href":"https:\/\/fadein.es\/fr\/wp-json\/wp\/v2\/media?parent=6646"}],"wp:term":[{"taxonomy":"product_brand","embeddable":true,"href":"https:\/\/fadein.es\/fr\/wp-json\/wp\/v2\/product_brand?post=6646"},{"taxonomy":"product_cat","embeddable":true,"href":"https:\/\/fadein.es\/fr\/wp-json\/wp\/v2\/product_cat?post=6646"},{"taxonomy":"product_tag","embeddable":true,"href":"https:\/\/fadein.es\/fr\/wp-json\/wp\/v2\/product_tag?post=6646"}],"curies":[{"name":"wp","href":"https:\/\/api.w.org\/{rel}","templated":true}]}}