{"id":6640,"date":"2022-09-16T07:38:50","date_gmt":"2022-09-16T07:38:50","guid":{"rendered":"https:\/\/fadein.es\/producto\/fadein-multipurpose\/"},"modified":"2023-10-30T09:25:58","modified_gmt":"2023-10-30T09:25:58","slug":"fadein-multipurpose","status":"publish","type":"product","link":"https:\/\/fadein.es\/fr\/producto\/fadein-multipurpose\/","title":{"rendered":"FADEIN-MULTIPURPOSE"},"content":{"rendered":"<p>FADEIN-MULTI-PURPOSE C&rsquo;est un d\u00e9graissant multi-usages qui, gr\u00e2ce \u00e0 sa composition \u00e9quilibr\u00e9e, lui conf\u00e8re un grand pouvoir d\u00e9tergent et d\u00e9graissant sur tous types de surfaces, tissus et autres qui n\u00e9cessitent un nettoyage en profondeur des graisses, huiles, fum\u00e9es de pollution et tous types de salissures difficiles. C&rsquo;est un produit id\u00e9al pour :<br \/>\n&#8211; Restauration : cuisines, fours froids, plaques de cuisson, hottes aspirantes, salles de bains, vestiaires. Surfaces m\u00e9talliques, acier inoxydable, formica, granit, verre, marbre, plastiques, v\u00eatements de travail, torchons de cuisine, taches sur les tissus d&rsquo;ameublement et les tapis.<br \/>\nIndustrie : nettoyage et d\u00e9graissage de machines, de pi\u00e8ces graiss\u00e9es, d&rsquo;outils, de tables d&rsquo;atelier, de vestiaires, de v\u00eatements de travail et de toutes les surfaces lavables.<br \/>\nAutomobile : d\u00e9graissage de pi\u00e8ces, bancs de travail, ateliers, vestiaires, v\u00eatements de travail.<br \/>\nInt\u00e9rieur des v\u00e9hicules : plastiques, taches sur les tissus d&rsquo;ameublement et moquettes.<\/p>\n<p>Les images, vid\u00e9os et informations pr\u00e9sent\u00e9es dans cet espace sont purement illustratives et non contractuelles, peuvent \u00eatre optionnelles ou non disponibles selon les mod\u00e8les, et ne constituent pas une offre. Vous pouvez contacter le service commercial de FADEIN pour toute information compl\u00e9mentaire ou demande de cotation de nos produits.<\/p>\n","protected":false},"excerpt":{"rendered":"<p>Nettoyant d\u00e9graissant multi-usages.<\/p>\n","protected":false},"featured_media":4352,"comment_status":"open","ping_status":"closed","template":"","meta":{"_et_pb_use_builder":"","_et_pb_old_content":"","_et_gb_content_width":""},"product_brand":[],"product_cat":[474,374,476,485,494,383,477,386,405,488,381,509,552,549,481,443,1078,1076],"product_tag":[445,414,563,567,498,519,558,555,561,569],"class_list":{"0":"post-6640","1":"product","2":"type-product","3":"status-publish","4":"has-post-thumbnail","6":"product_cat-automotion-fr","7":"product_cat-collectivites","8":"product_cat-cuisine","9":"product_cat-cuisine-fr","10":"product_cat-cuisine-fr-2","11":"product_cat-ecoles-et-residences","12":"product_cat-entraineurs","13":"product_cat-entretien-general","14":"product_cat-hotels","15":"product_cat-les-parkings-et-les-garages","16":"product_cat-les-restaurants-et-la-restauration","17":"product_cat-nettoyage-de-bureaux","18":"product_cat-nettoyage-des-pompes","19":"product_cat-nettoyage-des-tissus-dameublement","20":"product_cat-stations-service","21":"product_cat-surfaces-fr","22":"product_cat-usage-domestique","23":"product_cat-usage-professionnel-industriel","24":"product_tag-a-la-main","25":"product_tag-immersion-fr","26":"product_tag-nettoyage-de-la-salle-de-bains","27":"product_tag-nettoyage-de-tapis","28":"product_tag-nettoyage-des-fours","29":"product_tag-nettoyage-des-sols","30":"product_tag-nettoyage-manuel","31":"product_tag-nettoyage-manuel-des-sols","32":"product_tag-trempage-de-la-vaisselle","33":"product_tag-trempage-des-textiles","35":"first","36":"instock","37":"taxable","38":"shipping-taxable","39":"purchasable","40":"product-type-simple"},"yoast_head":"<!-- This site is optimized with the Yoast SEO Premium plugin v27.2 (Yoast SEO v27.4) - https:\/\/yoast.com\/product\/yoast-seo-premium-wordpress\/ -->\n<title>\u1409 FADEIN-MULTIPURPOSE | FADEIN-MULTIPURPOSE en Fadein<\/title>\n<meta name=\"description\" content=\"\ud83e\udd47 Entra y descubre \u261d FADEIN-MULTIPURPOSE. Disponible en distintos tama\u00f1os y vol\u00famenes... comprar FADEIN-MULTIPURPOSE al mejor precio \u2705 FADEIN-MULTIPURPOSE recomendado para...\" \/>\n<meta name=\"robots\" content=\"index, follow, max-snippet:-1, max-image-preview:large, max-video-preview:-1\" \/>\n<link rel=\"canonical\" href=\"https:\/\/fadein.es\/fr\/producto\/fadein-multipurpose\/\" \/>\n<meta property=\"og:locale\" content=\"fr_FR\" \/>\n<meta property=\"og:type\" content=\"article\" \/>\n<meta property=\"og:title\" content=\"FADEIN-MULTIPURPOSE\" \/>\n<meta property=\"og:description\" content=\"\ud83e\udd47 Entra y descubre \u261d FADEIN-MULTIPURPOSE. Disponible en distintos tama\u00f1os y vol\u00famenes... comprar FADEIN-MULTIPURPOSE al mejor precio \u2705 FADEIN-MULTIPURPOSE recomendado para...\" \/>\n<meta property=\"og:url\" content=\"https:\/\/fadein.es\/fr\/producto\/fadein-multipurpose\/\" \/>\n<meta property=\"og:site_name\" content=\"Fadein\" \/>\n<meta property=\"article:modified_time\" content=\"2023-10-30T09:25:58+00:00\" \/>\n<meta property=\"og:image\" content=\"https:\/\/fadein.es\/wp-content\/uploads\/2022\/11\/FADEIN-MULTIUSOS.png\" \/>\n\t<meta property=\"og:image:width\" content=\"2048\" \/>\n\t<meta property=\"og:image:height\" content=\"1825\" \/>\n\t<meta property=\"og:image:type\" content=\"image\/png\" \/>\n<meta name=\"twitter:card\" content=\"summary_large_image\" \/>\n<meta name=\"twitter:label1\" content=\"Dur\u00e9e de lecture estim\u00e9e\" \/>\n\t<meta name=\"twitter:data1\" content=\"1 minute\" \/>\n<script type=\"application\/ld+json\" class=\"yoast-schema-graph\">{\"@context\":\"https:\\\/\\\/schema.org\",\"@graph\":[{\"@type\":\"WebPage\",\"@id\":\"https:\\\/\\\/fadein.es\\\/fr\\\/producto\\\/fadein-multipurpose\\\/\",\"url\":\"https:\\\/\\\/fadein.es\\\/fr\\\/producto\\\/fadein-multipurpose\\\/\",\"name\":\"\u1409 FADEIN-MULTIPURPOSE | FADEIN-MULTIPURPOSE en Fadein\",\"isPartOf\":{\"@id\":\"https:\\\/\\\/fadein.es\\\/fr\\\/#website\"},\"primaryImageOfPage\":{\"@id\":\"https:\\\/\\\/fadein.es\\\/fr\\\/producto\\\/fadein-multipurpose\\\/#primaryimage\"},\"image\":{\"@id\":\"https:\\\/\\\/fadein.es\\\/fr\\\/producto\\\/fadein-multipurpose\\\/#primaryimage\"},\"thumbnailUrl\":\"https:\\\/\\\/fadein.es\\\/wp-content\\\/uploads\\\/2022\\\/11\\\/FADEIN-MULTIUSOS.png\",\"datePublished\":\"2022-09-16T07:38:50+00:00\",\"dateModified\":\"2023-10-30T09:25:58+00:00\",\"description\":\"\ud83e\udd47 Entra y descubre \u261d FADEIN-MULTIPURPOSE. Disponible en distintos tama\u00f1os y vol\u00famenes... comprar FADEIN-MULTIPURPOSE al mejor precio \u2705 FADEIN-MULTIPURPOSE recomendado para...\",\"breadcrumb\":{\"@id\":\"https:\\\/\\\/fadein.es\\\/fr\\\/producto\\\/fadein-multipurpose\\\/#breadcrumb\"},\"inLanguage\":\"fr-FR\",\"potentialAction\":[{\"@type\":\"ReadAction\",\"target\":[\"https:\\\/\\\/fadein.es\\\/fr\\\/producto\\\/fadein-multipurpose\\\/\"]}]},{\"@type\":\"ImageObject\",\"inLanguage\":\"fr-FR\",\"@id\":\"https:\\\/\\\/fadein.es\\\/fr\\\/producto\\\/fadein-multipurpose\\\/#primaryimage\",\"url\":\"https:\\\/\\\/fadein.es\\\/wp-content\\\/uploads\\\/2022\\\/11\\\/FADEIN-MULTIUSOS.png\",\"contentUrl\":\"https:\\\/\\\/fadein.es\\\/wp-content\\\/uploads\\\/2022\\\/11\\\/FADEIN-MULTIUSOS.png\",\"width\":2048,\"height\":1825,\"caption\":\"FADEIN-MULTIUSOS 5 KG\"},{\"@type\":\"BreadcrumbList\",\"@id\":\"https:\\\/\\\/fadein.es\\\/fr\\\/producto\\\/fadein-multipurpose\\\/#breadcrumb\",\"itemListElement\":[{\"@type\":\"ListItem\",\"position\":1,\"name\":\"Portada\",\"item\":\"https:\\\/\\\/fadein.es\\\/fr\\\/accueil\\\/\"},{\"@type\":\"ListItem\",\"position\":2,\"name\":\"Boutique\",\"item\":\"https:\\\/\\\/fadein.es\\\/fr\\\/boutique\\\/\"},{\"@type\":\"ListItem\",\"position\":3,\"name\":\"FADEIN-MULTIPURPOSE\"}]},{\"@type\":\"WebSite\",\"@id\":\"https:\\\/\\\/fadein.es\\\/fr\\\/#website\",\"url\":\"https:\\\/\\\/fadein.es\\\/fr\\\/\",\"name\":\"Fadein\",\"description\":\"Detergentes de alto rendimiento\",\"publisher\":{\"@id\":\"https:\\\/\\\/fadein.es\\\/fr\\\/#organization\"},\"alternateName\":\"Detergentes de alto rendimiento\",\"potentialAction\":[{\"@type\":\"SearchAction\",\"target\":{\"@type\":\"EntryPoint\",\"urlTemplate\":\"https:\\\/\\\/fadein.es\\\/fr\\\/?s={search_term_string}\"},\"query-input\":{\"@type\":\"PropertyValueSpecification\",\"valueRequired\":true,\"valueName\":\"search_term_string\"}}],\"inLanguage\":\"fr-FR\"},{\"@type\":\"Organization\",\"@id\":\"https:\\\/\\\/fadein.es\\\/fr\\\/#organization\",\"name\":\"Fadein\",\"alternateName\":\"Detergentes de alto rendimiento\",\"url\":\"https:\\\/\\\/fadein.es\\\/fr\\\/\",\"logo\":{\"@type\":\"ImageObject\",\"inLanguage\":\"fr-FR\",\"@id\":\"https:\\\/\\\/fadein.es\\\/fr\\\/#\\\/schema\\\/logo\\\/image\\\/\",\"url\":\"https:\\\/\\\/fadein.es\\\/wp-content\\\/uploads\\\/2021\\\/05\\\/fadein-deterdentes-de-alto-rendimiento.png\",\"contentUrl\":\"https:\\\/\\\/fadein.es\\\/wp-content\\\/uploads\\\/2021\\\/05\\\/fadein-deterdentes-de-alto-rendimiento.png\",\"width\":512,\"height\":512,\"caption\":\"Fadein\"},\"image\":{\"@id\":\"https:\\\/\\\/fadein.es\\\/fr\\\/#\\\/schema\\\/logo\\\/image\\\/\"}}]}<\/script>\n<!-- \/ Yoast SEO Premium plugin. -->","yoast_head_json":{"title":"\u1409 FADEIN-MULTIPURPOSE | FADEIN-MULTIPURPOSE en Fadein","description":"\ud83e\udd47 Entra y descubre \u261d FADEIN-MULTIPURPOSE. Disponible en distintos tama\u00f1os y vol\u00famenes... comprar FADEIN-MULTIPURPOSE al mejor precio \u2705 FADEIN-MULTIPURPOSE recomendado para...","robots":{"index":"index","follow":"follow","max-snippet":"max-snippet:-1","max-image-preview":"max-image-preview:large","max-video-preview":"max-video-preview:-1"},"canonical":"https:\/\/fadein.es\/fr\/producto\/fadein-multipurpose\/","og_locale":"fr_FR","og_type":"article","og_title":"FADEIN-MULTIPURPOSE","og_description":"\ud83e\udd47 Entra y descubre \u261d FADEIN-MULTIPURPOSE. Disponible en distintos tama\u00f1os y vol\u00famenes... comprar FADEIN-MULTIPURPOSE al mejor precio \u2705 FADEIN-MULTIPURPOSE recomendado para...","og_url":"https:\/\/fadein.es\/fr\/producto\/fadein-multipurpose\/","og_site_name":"Fadein","article_modified_time":"2023-10-30T09:25:58+00:00","og_image":[{"width":2048,"height":1825,"url":"https:\/\/fadein.es\/wp-content\/uploads\/2022\/11\/FADEIN-MULTIUSOS.png","type":"image\/png"}],"twitter_card":"summary_large_image","twitter_misc":{"Dur\u00e9e de lecture estim\u00e9e":"1 minute"},"schema":{"@context":"https:\/\/schema.org","@graph":[{"@type":"WebPage","@id":"https:\/\/fadein.es\/fr\/producto\/fadein-multipurpose\/","url":"https:\/\/fadein.es\/fr\/producto\/fadein-multipurpose\/","name":"\u1409 FADEIN-MULTIPURPOSE | FADEIN-MULTIPURPOSE en Fadein","isPartOf":{"@id":"https:\/\/fadein.es\/fr\/#website"},"primaryImageOfPage":{"@id":"https:\/\/fadein.es\/fr\/producto\/fadein-multipurpose\/#primaryimage"},"image":{"@id":"https:\/\/fadein.es\/fr\/producto\/fadein-multipurpose\/#primaryimage"},"thumbnailUrl":"https:\/\/fadein.es\/wp-content\/uploads\/2022\/11\/FADEIN-MULTIUSOS.png","datePublished":"2022-09-16T07:38:50+00:00","dateModified":"2023-10-30T09:25:58+00:00","description":"\ud83e\udd47 Entra y descubre \u261d FADEIN-MULTIPURPOSE. Disponible en distintos tama\u00f1os y vol\u00famenes... comprar FADEIN-MULTIPURPOSE al mejor precio \u2705 FADEIN-MULTIPURPOSE recomendado para...","breadcrumb":{"@id":"https:\/\/fadein.es\/fr\/producto\/fadein-multipurpose\/#breadcrumb"},"inLanguage":"fr-FR","potentialAction":[{"@type":"ReadAction","target":["https:\/\/fadein.es\/fr\/producto\/fadein-multipurpose\/"]}]},{"@type":"ImageObject","inLanguage":"fr-FR","@id":"https:\/\/fadein.es\/fr\/producto\/fadein-multipurpose\/#primaryimage","url":"https:\/\/fadein.es\/wp-content\/uploads\/2022\/11\/FADEIN-MULTIUSOS.png","contentUrl":"https:\/\/fadein.es\/wp-content\/uploads\/2022\/11\/FADEIN-MULTIUSOS.png","width":2048,"height":1825,"caption":"FADEIN-MULTIUSOS 5 KG"},{"@type":"BreadcrumbList","@id":"https:\/\/fadein.es\/fr\/producto\/fadein-multipurpose\/#breadcrumb","itemListElement":[{"@type":"ListItem","position":1,"name":"Portada","item":"https:\/\/fadein.es\/fr\/accueil\/"},{"@type":"ListItem","position":2,"name":"Boutique","item":"https:\/\/fadein.es\/fr\/boutique\/"},{"@type":"ListItem","position":3,"name":"FADEIN-MULTIPURPOSE"}]},{"@type":"WebSite","@id":"https:\/\/fadein.es\/fr\/#website","url":"https:\/\/fadein.es\/fr\/","name":"Fadein","description":"Detergentes de alto rendimiento","publisher":{"@id":"https:\/\/fadein.es\/fr\/#organization"},"alternateName":"Detergentes de alto rendimiento","potentialAction":[{"@type":"SearchAction","target":{"@type":"EntryPoint","urlTemplate":"https:\/\/fadein.es\/fr\/?s={search_term_string}"},"query-input":{"@type":"PropertyValueSpecification","valueRequired":true,"valueName":"search_term_string"}}],"inLanguage":"fr-FR"},{"@type":"Organization","@id":"https:\/\/fadein.es\/fr\/#organization","name":"Fadein","alternateName":"Detergentes de alto rendimiento","url":"https:\/\/fadein.es\/fr\/","logo":{"@type":"ImageObject","inLanguage":"fr-FR","@id":"https:\/\/fadein.es\/fr\/#\/schema\/logo\/image\/","url":"https:\/\/fadein.es\/wp-content\/uploads\/2021\/05\/fadein-deterdentes-de-alto-rendimiento.png","contentUrl":"https:\/\/fadein.es\/wp-content\/uploads\/2021\/05\/fadein-deterdentes-de-alto-rendimiento.png","width":512,"height":512,"caption":"Fadein"},"image":{"@id":"https:\/\/fadein.es\/fr\/#\/schema\/logo\/image\/"}}]}},"_links":{"self":[{"href":"https:\/\/fadein.es\/fr\/wp-json\/wp\/v2\/product\/6640","targetHints":{"allow":["GET"]}}],"collection":[{"href":"https:\/\/fadein.es\/fr\/wp-json\/wp\/v2\/product"}],"about":[{"href":"https:\/\/fadein.es\/fr\/wp-json\/wp\/v2\/types\/product"}],"replies":[{"embeddable":true,"href":"https:\/\/fadein.es\/fr\/wp-json\/wp\/v2\/comments?post=6640"}],"wp:featuredmedia":[{"embeddable":true,"href":"https:\/\/fadein.es\/fr\/wp-json\/wp\/v2\/media\/4352"}],"wp:attachment":[{"href":"https:\/\/fadein.es\/fr\/wp-json\/wp\/v2\/media?parent=6640"}],"wp:term":[{"taxonomy":"product_brand","embeddable":true,"href":"https:\/\/fadein.es\/fr\/wp-json\/wp\/v2\/product_brand?post=6640"},{"taxonomy":"product_cat","embeddable":true,"href":"https:\/\/fadein.es\/fr\/wp-json\/wp\/v2\/product_cat?post=6640"},{"taxonomy":"product_tag","embeddable":true,"href":"https:\/\/fadein.es\/fr\/wp-json\/wp\/v2\/product_tag?post=6640"}],"curies":[{"name":"wp","href":"https:\/\/api.w.org\/{rel}","templated":true}]}}