{"id":6628,"date":"2022-09-16T07:39:02","date_gmt":"2022-09-16T07:39:02","guid":{"rendered":"https:\/\/fadein.es\/producto\/planchil\/"},"modified":"2023-10-30T09:26:02","modified_gmt":"2023-10-30T09:26:02","slug":"planchil","status":"publish","type":"product","link":"https:\/\/fadein.es\/fr\/producto\/planchil\/","title":{"rendered":"PLANCHIL"},"content":{"rendered":"<p>PLANCHIL est un d\u00e9graissant alcalin \u00e0 haut pouvoir d\u00e9graissant sur les graisses animales et v\u00e9g\u00e9tales, m\u00eame celles qui se sont carbonis\u00e9es sous l&rsquo;effet de la temp\u00e9rature. Il peut \u00eatre utilis\u00e9 aussi bien \u00e0 chaud qu&rsquo;\u00e0 froid. Particuli\u00e8rement adapt\u00e9 au nettoyage des fours, plaques de cuisson, hottes, etc. &#8230;.<\/p>\n<p>Les images, vid\u00e9os et informations pr\u00e9sent\u00e9es dans cet espace sont purement illustratives et non contractuelles, peuvent \u00eatre optionnelles ou non disponibles selon les mod\u00e8les, et ne constituent pas une offre. Vous pouvez contacter le service commercial de FADEIN pour toute information compl\u00e9mentaire ou demande de cotation de nos produits.<\/p>\n","protected":false},"excerpt":{"rendered":"<p>Agent d\u00e9graissant pour le nettoyage des plaques.<\/p>\n","protected":false},"featured_media":6018,"comment_status":"open","ping_status":"closed","template":"","meta":{"_et_pb_use_builder":"","_et_pb_old_content":"","_et_gb_content_width":""},"product_brand":[],"product_cat":[374,476,485,494,383,1073,405,381,1076],"product_tag":[498],"class_list":{"0":"post-6628","1":"product","2":"type-product","3":"status-publish","4":"has-post-thumbnail","6":"product_cat-collectivites","7":"product_cat-cuisine","8":"product_cat-cuisine-fr","9":"product_cat-cuisine-fr-2","10":"product_cat-ecoles-et-residences","11":"product_cat-halal","12":"product_cat-hotels","13":"product_cat-les-restaurants-et-la-restauration","14":"product_cat-usage-professionnel-industriel","15":"product_tag-nettoyage-des-fours","17":"first","18":"instock","19":"taxable","20":"shipping-taxable","21":"purchasable","22":"product-type-simple"},"yoast_head":"<!-- This site is optimized with the Yoast SEO Premium plugin v27.2 (Yoast SEO v27.2) - https:\/\/yoast.com\/product\/yoast-seo-premium-wordpress\/ -->\n<title>\u1409 PLANCHIL | PLANCHIL en Fadein<\/title>\n<meta name=\"description\" content=\"\ud83e\udd47 Entra y descubre \u261d PLANCHIL. Disponible en distintos tama\u00f1os y vol\u00famenes... comprar PLANCHIL al mejor precio \u2705 PLANCHIL recomendado para...\" \/>\n<meta name=\"robots\" content=\"index, follow, max-snippet:-1, max-image-preview:large, max-video-preview:-1\" \/>\n<link rel=\"canonical\" href=\"https:\/\/fadein.es\/fr\/producto\/planchil\/\" \/>\n<meta property=\"og:locale\" content=\"fr_FR\" \/>\n<meta property=\"og:type\" content=\"article\" \/>\n<meta property=\"og:title\" content=\"PLANCHIL\" \/>\n<meta property=\"og:description\" content=\"\ud83e\udd47 Entra y descubre \u261d PLANCHIL. Disponible en distintos tama\u00f1os y vol\u00famenes... comprar PLANCHIL al mejor precio \u2705 PLANCHIL recomendado para...\" \/>\n<meta property=\"og:url\" content=\"https:\/\/fadein.es\/fr\/producto\/planchil\/\" \/>\n<meta property=\"og:site_name\" content=\"Fadein\" \/>\n<meta property=\"article:modified_time\" content=\"2023-10-30T09:26:02+00:00\" \/>\n<meta property=\"og:image\" content=\"https:\/\/fadein.es\/wp-content\/uploads\/2022\/11\/PLANCHIL.png\" \/>\n\t<meta property=\"og:image:width\" content=\"2048\" \/>\n\t<meta property=\"og:image:height\" content=\"1815\" \/>\n\t<meta property=\"og:image:type\" content=\"image\/png\" \/>\n<meta name=\"twitter:card\" content=\"summary_large_image\" \/>\n<meta name=\"twitter:label1\" content=\"Dur\u00e9e de lecture estim\u00e9e\" \/>\n\t<meta name=\"twitter:data1\" content=\"1 minute\" \/>\n<script type=\"application\/ld+json\" class=\"yoast-schema-graph\">{\"@context\":\"https:\/\/schema.org\",\"@graph\":[{\"@type\":\"WebPage\",\"@id\":\"https:\/\/fadein.es\/fr\/producto\/planchil\/\",\"url\":\"https:\/\/fadein.es\/fr\/producto\/planchil\/\",\"name\":\"\u1409 PLANCHIL | PLANCHIL en Fadein\",\"isPartOf\":{\"@id\":\"https:\/\/fadein.es\/fr\/#website\"},\"primaryImageOfPage\":{\"@id\":\"https:\/\/fadein.es\/fr\/producto\/planchil\/#primaryimage\"},\"image\":{\"@id\":\"https:\/\/fadein.es\/fr\/producto\/planchil\/#primaryimage\"},\"thumbnailUrl\":\"https:\/\/fadein.es\/wp-content\/uploads\/2022\/11\/PLANCHIL.png\",\"datePublished\":\"2022-09-16T07:39:02+00:00\",\"dateModified\":\"2023-10-30T09:26:02+00:00\",\"description\":\"\ud83e\udd47 Entra y descubre \u261d PLANCHIL. Disponible en distintos tama\u00f1os y vol\u00famenes... comprar PLANCHIL al mejor precio \u2705 PLANCHIL recomendado para...\",\"breadcrumb\":{\"@id\":\"https:\/\/fadein.es\/fr\/producto\/planchil\/#breadcrumb\"},\"inLanguage\":\"fr-FR\",\"potentialAction\":[{\"@type\":\"ReadAction\",\"target\":[\"https:\/\/fadein.es\/fr\/producto\/planchil\/\"]}]},{\"@type\":\"ImageObject\",\"inLanguage\":\"fr-FR\",\"@id\":\"https:\/\/fadein.es\/fr\/producto\/planchil\/#primaryimage\",\"url\":\"https:\/\/fadein.es\/wp-content\/uploads\/2022\/11\/PLANCHIL.png\",\"contentUrl\":\"https:\/\/fadein.es\/wp-content\/uploads\/2022\/11\/PLANCHIL.png\",\"width\":2048,\"height\":1815,\"caption\":\"PLANCHIL 6 KG FADEIN\"},{\"@type\":\"BreadcrumbList\",\"@id\":\"https:\/\/fadein.es\/fr\/producto\/planchil\/#breadcrumb\",\"itemListElement\":[{\"@type\":\"ListItem\",\"position\":1,\"name\":\"Portada\",\"item\":\"https:\/\/fadein.es\/fr\/accueil\/\"},{\"@type\":\"ListItem\",\"position\":2,\"name\":\"Boutique\",\"item\":\"https:\/\/fadein.es\/fr\/boutique\/\"},{\"@type\":\"ListItem\",\"position\":3,\"name\":\"PLANCHIL\"}]},{\"@type\":\"WebSite\",\"@id\":\"https:\/\/fadein.es\/fr\/#website\",\"url\":\"https:\/\/fadein.es\/fr\/\",\"name\":\"Fadein\",\"description\":\"Detergentes de alto rendimiento\",\"publisher\":{\"@id\":\"https:\/\/fadein.es\/fr\/#organization\"},\"alternateName\":\"Detergentes de alto rendimiento\",\"potentialAction\":[{\"@type\":\"SearchAction\",\"target\":{\"@type\":\"EntryPoint\",\"urlTemplate\":\"https:\/\/fadein.es\/fr\/?s={search_term_string}\"},\"query-input\":{\"@type\":\"PropertyValueSpecification\",\"valueRequired\":true,\"valueName\":\"search_term_string\"}}],\"inLanguage\":\"fr-FR\"},{\"@type\":\"Organization\",\"@id\":\"https:\/\/fadein.es\/fr\/#organization\",\"name\":\"Fadein\",\"alternateName\":\"Detergentes de alto rendimiento\",\"url\":\"https:\/\/fadein.es\/fr\/\",\"logo\":{\"@type\":\"ImageObject\",\"inLanguage\":\"fr-FR\",\"@id\":\"https:\/\/fadein.es\/fr\/#\/schema\/logo\/image\/\",\"url\":\"https:\/\/fadein.es\/wp-content\/uploads\/2021\/05\/fadein-deterdentes-de-alto-rendimiento.png\",\"contentUrl\":\"https:\/\/fadein.es\/wp-content\/uploads\/2021\/05\/fadein-deterdentes-de-alto-rendimiento.png\",\"width\":512,\"height\":512,\"caption\":\"Fadein\"},\"image\":{\"@id\":\"https:\/\/fadein.es\/fr\/#\/schema\/logo\/image\/\"}}]}<\/script>\n<!-- \/ Yoast SEO Premium plugin. -->","yoast_head_json":{"title":"\u1409 PLANCHIL | PLANCHIL en Fadein","description":"\ud83e\udd47 Entra y descubre \u261d PLANCHIL. Disponible en distintos tama\u00f1os y vol\u00famenes... comprar PLANCHIL al mejor precio \u2705 PLANCHIL recomendado para...","robots":{"index":"index","follow":"follow","max-snippet":"max-snippet:-1","max-image-preview":"max-image-preview:large","max-video-preview":"max-video-preview:-1"},"canonical":"https:\/\/fadein.es\/fr\/producto\/planchil\/","og_locale":"fr_FR","og_type":"article","og_title":"PLANCHIL","og_description":"\ud83e\udd47 Entra y descubre \u261d PLANCHIL. Disponible en distintos tama\u00f1os y vol\u00famenes... comprar PLANCHIL al mejor precio \u2705 PLANCHIL recomendado para...","og_url":"https:\/\/fadein.es\/fr\/producto\/planchil\/","og_site_name":"Fadein","article_modified_time":"2023-10-30T09:26:02+00:00","og_image":[{"width":2048,"height":1815,"url":"https:\/\/fadein.es\/wp-content\/uploads\/2022\/11\/PLANCHIL.png","type":"image\/png"}],"twitter_card":"summary_large_image","twitter_misc":{"Dur\u00e9e de lecture estim\u00e9e":"1 minute"},"schema":{"@context":"https:\/\/schema.org","@graph":[{"@type":"WebPage","@id":"https:\/\/fadein.es\/fr\/producto\/planchil\/","url":"https:\/\/fadein.es\/fr\/producto\/planchil\/","name":"\u1409 PLANCHIL | PLANCHIL en Fadein","isPartOf":{"@id":"https:\/\/fadein.es\/fr\/#website"},"primaryImageOfPage":{"@id":"https:\/\/fadein.es\/fr\/producto\/planchil\/#primaryimage"},"image":{"@id":"https:\/\/fadein.es\/fr\/producto\/planchil\/#primaryimage"},"thumbnailUrl":"https:\/\/fadein.es\/wp-content\/uploads\/2022\/11\/PLANCHIL.png","datePublished":"2022-09-16T07:39:02+00:00","dateModified":"2023-10-30T09:26:02+00:00","description":"\ud83e\udd47 Entra y descubre \u261d PLANCHIL. Disponible en distintos tama\u00f1os y vol\u00famenes... comprar PLANCHIL al mejor precio \u2705 PLANCHIL recomendado para...","breadcrumb":{"@id":"https:\/\/fadein.es\/fr\/producto\/planchil\/#breadcrumb"},"inLanguage":"fr-FR","potentialAction":[{"@type":"ReadAction","target":["https:\/\/fadein.es\/fr\/producto\/planchil\/"]}]},{"@type":"ImageObject","inLanguage":"fr-FR","@id":"https:\/\/fadein.es\/fr\/producto\/planchil\/#primaryimage","url":"https:\/\/fadein.es\/wp-content\/uploads\/2022\/11\/PLANCHIL.png","contentUrl":"https:\/\/fadein.es\/wp-content\/uploads\/2022\/11\/PLANCHIL.png","width":2048,"height":1815,"caption":"PLANCHIL 6 KG FADEIN"},{"@type":"BreadcrumbList","@id":"https:\/\/fadein.es\/fr\/producto\/planchil\/#breadcrumb","itemListElement":[{"@type":"ListItem","position":1,"name":"Portada","item":"https:\/\/fadein.es\/fr\/accueil\/"},{"@type":"ListItem","position":2,"name":"Boutique","item":"https:\/\/fadein.es\/fr\/boutique\/"},{"@type":"ListItem","position":3,"name":"PLANCHIL"}]},{"@type":"WebSite","@id":"https:\/\/fadein.es\/fr\/#website","url":"https:\/\/fadein.es\/fr\/","name":"Fadein","description":"Detergentes de alto rendimiento","publisher":{"@id":"https:\/\/fadein.es\/fr\/#organization"},"alternateName":"Detergentes de alto rendimiento","potentialAction":[{"@type":"SearchAction","target":{"@type":"EntryPoint","urlTemplate":"https:\/\/fadein.es\/fr\/?s={search_term_string}"},"query-input":{"@type":"PropertyValueSpecification","valueRequired":true,"valueName":"search_term_string"}}],"inLanguage":"fr-FR"},{"@type":"Organization","@id":"https:\/\/fadein.es\/fr\/#organization","name":"Fadein","alternateName":"Detergentes de alto rendimiento","url":"https:\/\/fadein.es\/fr\/","logo":{"@type":"ImageObject","inLanguage":"fr-FR","@id":"https:\/\/fadein.es\/fr\/#\/schema\/logo\/image\/","url":"https:\/\/fadein.es\/wp-content\/uploads\/2021\/05\/fadein-deterdentes-de-alto-rendimiento.png","contentUrl":"https:\/\/fadein.es\/wp-content\/uploads\/2021\/05\/fadein-deterdentes-de-alto-rendimiento.png","width":512,"height":512,"caption":"Fadein"},"image":{"@id":"https:\/\/fadein.es\/fr\/#\/schema\/logo\/image\/"}}]}},"_links":{"self":[{"href":"https:\/\/fadein.es\/fr\/wp-json\/wp\/v2\/product\/6628","targetHints":{"allow":["GET"]}}],"collection":[{"href":"https:\/\/fadein.es\/fr\/wp-json\/wp\/v2\/product"}],"about":[{"href":"https:\/\/fadein.es\/fr\/wp-json\/wp\/v2\/types\/product"}],"replies":[{"embeddable":true,"href":"https:\/\/fadein.es\/fr\/wp-json\/wp\/v2\/comments?post=6628"}],"wp:featuredmedia":[{"embeddable":true,"href":"https:\/\/fadein.es\/fr\/wp-json\/wp\/v2\/media\/6018"}],"wp:attachment":[{"href":"https:\/\/fadein.es\/fr\/wp-json\/wp\/v2\/media?parent=6628"}],"wp:term":[{"taxonomy":"product_brand","embeddable":true,"href":"https:\/\/fadein.es\/fr\/wp-json\/wp\/v2\/product_brand?post=6628"},{"taxonomy":"product_cat","embeddable":true,"href":"https:\/\/fadein.es\/fr\/wp-json\/wp\/v2\/product_cat?post=6628"},{"taxonomy":"product_tag","embeddable":true,"href":"https:\/\/fadein.es\/fr\/wp-json\/wp\/v2\/product_tag?post=6628"}],"curies":[{"name":"wp","href":"https:\/\/api.w.org\/{rel}","templated":true}]}}