{"id":6626,"date":"2022-09-16T07:38:49","date_gmt":"2022-09-16T07:38:49","guid":{"rendered":"https:\/\/fadein.es\/producto\/fadein-floral\/"},"modified":"2023-10-30T09:25:55","modified_gmt":"2023-10-30T09:25:55","slug":"fadein-floral","status":"publish","type":"product","link":"https:\/\/fadein.es\/fr\/producto\/fadein-floral\/","title":{"rendered":"FADEIN-FLORAL"},"content":{"rendered":"<p>FADEIN-FLORAL est un bi-alcool rose \u00e0 l&rsquo;odeur florale, enti\u00e8rement soluble dans l&rsquo;eau. Il ne laisse aucun r\u00e9sidu lorsqu&rsquo;il s&rsquo;\u00e9vapore, ce qui le rend id\u00e9al pour le nettoyage des sols, du gr\u00e8s, de la c\u00e9ramique, du marbre et de l&rsquo;acier inoxydable, et laisse un agr\u00e9able parfum floral. Il convient \u00e0 tous les types de surfaces pouvant \u00eatre mouill\u00e9es, telles que : c\u00e9ramique, gr\u00e8s, marbre, robinetterie, carrelage, chrome, \u00e9mail, surfaces en plastique, etc&#8230;<\/p>\n<p>Particuli\u00e8rement adapt\u00e9 au nettoyage des surfaces en g\u00e9n\u00e9ral.<\/p>\n<p>Les images, vid\u00e9os et informations pr\u00e9sent\u00e9es dans cet espace sont purement illustratives et non contractuelles, peuvent \u00eatre optionnelles ou non disponibles selon les mod\u00e8les, et ne constituent pas une offre. Vous pouvez contacter le service commercial de FADEIN pour toute information compl\u00e9mentaire ou demande de cotation de nos produits.<\/p>\n","protected":false},"excerpt":{"rendered":"<p>D\u00e9tergent bio-alcool pour le nettoyage g\u00e9n\u00e9ral.<\/p>\n","protected":false},"featured_media":10992,"comment_status":"open","ping_status":"closed","template":"","meta":{"_et_pb_use_builder":"","_et_pb_old_content":"","_et_gb_content_width":""},"product_brand":[],"product_cat":[474,444,441,442,374,383,477,386,1073,405,488,381,509,505,515,500,481,1078,1076],"product_tag":[521,519],"class_list":{"0":"post-6626","1":"product","2":"type-product","3":"status-publish","4":"has-post-thumbnail","6":"product_cat-automotion-fr","7":"product_cat-chambre-fr-2","8":"product_cat-chambre","9":"product_cat-chambre-fr","10":"product_cat-collectivites","11":"product_cat-ecoles-et-residences","12":"product_cat-entraineurs","13":"product_cat-entretien-general","14":"product_cat-halal","15":"product_cat-hotels","16":"product_cat-les-parkings-et-les-garages","17":"product_cat-les-restaurants-et-la-restauration","18":"product_cat-nettoyage-de-bureaux","19":"product_cat-nettoyage-des-magasins","20":"product_cat-nettoyage-interieur-fr-2","21":"product_cat-sols","22":"product_cat-stations-service","23":"product_cat-usage-domestique","24":"product_cat-usage-professionnel-industriel","25":"product_tag-injection-extraction","26":"product_tag-nettoyage-des-sols","28":"first","29":"instock","30":"taxable","31":"shipping-taxable","32":"purchasable","33":"product-type-simple"},"yoast_head":"<!-- This site is optimized with the Yoast SEO Premium plugin v27.2 (Yoast SEO v27.4) - https:\/\/yoast.com\/product\/yoast-seo-premium-wordpress\/ -->\n<title>\u1409 FADEIN-FLORAL | FADEIN-FLORAL en Fadein<\/title>\n<meta name=\"description\" content=\"\ud83e\udd47 Entra y descubre \u261d FADEIN-FLORAL. Disponible en distintos tama\u00f1os y vol\u00famenes... comprar FADEIN-FLORAL al mejor precio \u2705 FADEIN-FLORAL recomendado para...\" \/>\n<meta name=\"robots\" content=\"index, follow, max-snippet:-1, max-image-preview:large, max-video-preview:-1\" \/>\n<link rel=\"canonical\" href=\"https:\/\/fadein.es\/fr\/producto\/fadein-floral\/\" \/>\n<meta property=\"og:locale\" content=\"fr_FR\" \/>\n<meta property=\"og:type\" content=\"article\" \/>\n<meta property=\"og:title\" content=\"FADEIN-FLORAL\" \/>\n<meta property=\"og:description\" content=\"\ud83e\udd47 Entra y descubre \u261d FADEIN-FLORAL. Disponible en distintos tama\u00f1os y vol\u00famenes... comprar FADEIN-FLORAL al mejor precio \u2705 FADEIN-FLORAL recomendado para...\" \/>\n<meta property=\"og:url\" content=\"https:\/\/fadein.es\/fr\/producto\/fadein-floral\/\" \/>\n<meta property=\"og:site_name\" content=\"Fadein\" \/>\n<meta property=\"article:modified_time\" content=\"2023-10-30T09:25:55+00:00\" \/>\n<meta property=\"og:image\" content=\"https:\/\/fadein.es\/wp-content\/uploads\/2025\/11\/FADEIN-FLORAL-5KG.jpg\" \/>\n\t<meta property=\"og:image:width\" content=\"1323\" \/>\n\t<meta property=\"og:image:height\" content=\"1334\" \/>\n\t<meta property=\"og:image:type\" content=\"image\/jpeg\" \/>\n<meta name=\"twitter:card\" content=\"summary_large_image\" \/>\n<meta name=\"twitter:label1\" content=\"Dur\u00e9e de lecture estim\u00e9e\" \/>\n\t<meta name=\"twitter:data1\" content=\"1 minute\" \/>\n<script type=\"application\/ld+json\" class=\"yoast-schema-graph\">{\"@context\":\"https:\\\/\\\/schema.org\",\"@graph\":[{\"@type\":\"WebPage\",\"@id\":\"https:\\\/\\\/fadein.es\\\/fr\\\/producto\\\/fadein-floral\\\/\",\"url\":\"https:\\\/\\\/fadein.es\\\/fr\\\/producto\\\/fadein-floral\\\/\",\"name\":\"\u1409 FADEIN-FLORAL | FADEIN-FLORAL en Fadein\",\"isPartOf\":{\"@id\":\"https:\\\/\\\/fadein.es\\\/fr\\\/#website\"},\"primaryImageOfPage\":{\"@id\":\"https:\\\/\\\/fadein.es\\\/fr\\\/producto\\\/fadein-floral\\\/#primaryimage\"},\"image\":{\"@id\":\"https:\\\/\\\/fadein.es\\\/fr\\\/producto\\\/fadein-floral\\\/#primaryimage\"},\"thumbnailUrl\":\"https:\\\/\\\/fadein.es\\\/wp-content\\\/uploads\\\/2025\\\/11\\\/FADEIN-FLORAL-5KG.jpg\",\"datePublished\":\"2022-09-16T07:38:49+00:00\",\"dateModified\":\"2023-10-30T09:25:55+00:00\",\"description\":\"\ud83e\udd47 Entra y descubre \u261d FADEIN-FLORAL. Disponible en distintos tama\u00f1os y vol\u00famenes... comprar FADEIN-FLORAL al mejor precio \u2705 FADEIN-FLORAL recomendado para...\",\"breadcrumb\":{\"@id\":\"https:\\\/\\\/fadein.es\\\/fr\\\/producto\\\/fadein-floral\\\/#breadcrumb\"},\"inLanguage\":\"fr-FR\",\"potentialAction\":[{\"@type\":\"ReadAction\",\"target\":[\"https:\\\/\\\/fadein.es\\\/fr\\\/producto\\\/fadein-floral\\\/\"]}]},{\"@type\":\"ImageObject\",\"inLanguage\":\"fr-FR\",\"@id\":\"https:\\\/\\\/fadein.es\\\/fr\\\/producto\\\/fadein-floral\\\/#primaryimage\",\"url\":\"https:\\\/\\\/fadein.es\\\/wp-content\\\/uploads\\\/2025\\\/11\\\/FADEIN-FLORAL-5KG.jpg\",\"contentUrl\":\"https:\\\/\\\/fadein.es\\\/wp-content\\\/uploads\\\/2025\\\/11\\\/FADEIN-FLORAL-5KG.jpg\",\"width\":1323,\"height\":1334,\"caption\":\"FADEIN-FLORAL 5KG\"},{\"@type\":\"BreadcrumbList\",\"@id\":\"https:\\\/\\\/fadein.es\\\/fr\\\/producto\\\/fadein-floral\\\/#breadcrumb\",\"itemListElement\":[{\"@type\":\"ListItem\",\"position\":1,\"name\":\"Portada\",\"item\":\"https:\\\/\\\/fadein.es\\\/fr\\\/accueil\\\/\"},{\"@type\":\"ListItem\",\"position\":2,\"name\":\"Boutique\",\"item\":\"https:\\\/\\\/fadein.es\\\/fr\\\/boutique\\\/\"},{\"@type\":\"ListItem\",\"position\":3,\"name\":\"FADEIN-FLORAL\"}]},{\"@type\":\"WebSite\",\"@id\":\"https:\\\/\\\/fadein.es\\\/fr\\\/#website\",\"url\":\"https:\\\/\\\/fadein.es\\\/fr\\\/\",\"name\":\"Fadein\",\"description\":\"Detergentes de alto rendimiento\",\"publisher\":{\"@id\":\"https:\\\/\\\/fadein.es\\\/fr\\\/#organization\"},\"alternateName\":\"Detergentes de alto rendimiento\",\"potentialAction\":[{\"@type\":\"SearchAction\",\"target\":{\"@type\":\"EntryPoint\",\"urlTemplate\":\"https:\\\/\\\/fadein.es\\\/fr\\\/?s={search_term_string}\"},\"query-input\":{\"@type\":\"PropertyValueSpecification\",\"valueRequired\":true,\"valueName\":\"search_term_string\"}}],\"inLanguage\":\"fr-FR\"},{\"@type\":\"Organization\",\"@id\":\"https:\\\/\\\/fadein.es\\\/fr\\\/#organization\",\"name\":\"Fadein\",\"alternateName\":\"Detergentes de alto rendimiento\",\"url\":\"https:\\\/\\\/fadein.es\\\/fr\\\/\",\"logo\":{\"@type\":\"ImageObject\",\"inLanguage\":\"fr-FR\",\"@id\":\"https:\\\/\\\/fadein.es\\\/fr\\\/#\\\/schema\\\/logo\\\/image\\\/\",\"url\":\"https:\\\/\\\/fadein.es\\\/wp-content\\\/uploads\\\/2021\\\/05\\\/fadein-deterdentes-de-alto-rendimiento.png\",\"contentUrl\":\"https:\\\/\\\/fadein.es\\\/wp-content\\\/uploads\\\/2021\\\/05\\\/fadein-deterdentes-de-alto-rendimiento.png\",\"width\":512,\"height\":512,\"caption\":\"Fadein\"},\"image\":{\"@id\":\"https:\\\/\\\/fadein.es\\\/fr\\\/#\\\/schema\\\/logo\\\/image\\\/\"}}]}<\/script>\n<!-- \/ Yoast SEO Premium plugin. -->","yoast_head_json":{"title":"\u1409 FADEIN-FLORAL | FADEIN-FLORAL en Fadein","description":"\ud83e\udd47 Entra y descubre \u261d FADEIN-FLORAL. Disponible en distintos tama\u00f1os y vol\u00famenes... comprar FADEIN-FLORAL al mejor precio \u2705 FADEIN-FLORAL recomendado para...","robots":{"index":"index","follow":"follow","max-snippet":"max-snippet:-1","max-image-preview":"max-image-preview:large","max-video-preview":"max-video-preview:-1"},"canonical":"https:\/\/fadein.es\/fr\/producto\/fadein-floral\/","og_locale":"fr_FR","og_type":"article","og_title":"FADEIN-FLORAL","og_description":"\ud83e\udd47 Entra y descubre \u261d FADEIN-FLORAL. Disponible en distintos tama\u00f1os y vol\u00famenes... comprar FADEIN-FLORAL al mejor precio \u2705 FADEIN-FLORAL recomendado para...","og_url":"https:\/\/fadein.es\/fr\/producto\/fadein-floral\/","og_site_name":"Fadein","article_modified_time":"2023-10-30T09:25:55+00:00","og_image":[{"width":1323,"height":1334,"url":"https:\/\/fadein.es\/wp-content\/uploads\/2025\/11\/FADEIN-FLORAL-5KG.jpg","type":"image\/jpeg"}],"twitter_card":"summary_large_image","twitter_misc":{"Dur\u00e9e de lecture estim\u00e9e":"1 minute"},"schema":{"@context":"https:\/\/schema.org","@graph":[{"@type":"WebPage","@id":"https:\/\/fadein.es\/fr\/producto\/fadein-floral\/","url":"https:\/\/fadein.es\/fr\/producto\/fadein-floral\/","name":"\u1409 FADEIN-FLORAL | FADEIN-FLORAL en Fadein","isPartOf":{"@id":"https:\/\/fadein.es\/fr\/#website"},"primaryImageOfPage":{"@id":"https:\/\/fadein.es\/fr\/producto\/fadein-floral\/#primaryimage"},"image":{"@id":"https:\/\/fadein.es\/fr\/producto\/fadein-floral\/#primaryimage"},"thumbnailUrl":"https:\/\/fadein.es\/wp-content\/uploads\/2025\/11\/FADEIN-FLORAL-5KG.jpg","datePublished":"2022-09-16T07:38:49+00:00","dateModified":"2023-10-30T09:25:55+00:00","description":"\ud83e\udd47 Entra y descubre \u261d FADEIN-FLORAL. Disponible en distintos tama\u00f1os y vol\u00famenes... comprar FADEIN-FLORAL al mejor precio \u2705 FADEIN-FLORAL recomendado para...","breadcrumb":{"@id":"https:\/\/fadein.es\/fr\/producto\/fadein-floral\/#breadcrumb"},"inLanguage":"fr-FR","potentialAction":[{"@type":"ReadAction","target":["https:\/\/fadein.es\/fr\/producto\/fadein-floral\/"]}]},{"@type":"ImageObject","inLanguage":"fr-FR","@id":"https:\/\/fadein.es\/fr\/producto\/fadein-floral\/#primaryimage","url":"https:\/\/fadein.es\/wp-content\/uploads\/2025\/11\/FADEIN-FLORAL-5KG.jpg","contentUrl":"https:\/\/fadein.es\/wp-content\/uploads\/2025\/11\/FADEIN-FLORAL-5KG.jpg","width":1323,"height":1334,"caption":"FADEIN-FLORAL 5KG"},{"@type":"BreadcrumbList","@id":"https:\/\/fadein.es\/fr\/producto\/fadein-floral\/#breadcrumb","itemListElement":[{"@type":"ListItem","position":1,"name":"Portada","item":"https:\/\/fadein.es\/fr\/accueil\/"},{"@type":"ListItem","position":2,"name":"Boutique","item":"https:\/\/fadein.es\/fr\/boutique\/"},{"@type":"ListItem","position":3,"name":"FADEIN-FLORAL"}]},{"@type":"WebSite","@id":"https:\/\/fadein.es\/fr\/#website","url":"https:\/\/fadein.es\/fr\/","name":"Fadein","description":"Detergentes de alto rendimiento","publisher":{"@id":"https:\/\/fadein.es\/fr\/#organization"},"alternateName":"Detergentes de alto rendimiento","potentialAction":[{"@type":"SearchAction","target":{"@type":"EntryPoint","urlTemplate":"https:\/\/fadein.es\/fr\/?s={search_term_string}"},"query-input":{"@type":"PropertyValueSpecification","valueRequired":true,"valueName":"search_term_string"}}],"inLanguage":"fr-FR"},{"@type":"Organization","@id":"https:\/\/fadein.es\/fr\/#organization","name":"Fadein","alternateName":"Detergentes de alto rendimiento","url":"https:\/\/fadein.es\/fr\/","logo":{"@type":"ImageObject","inLanguage":"fr-FR","@id":"https:\/\/fadein.es\/fr\/#\/schema\/logo\/image\/","url":"https:\/\/fadein.es\/wp-content\/uploads\/2021\/05\/fadein-deterdentes-de-alto-rendimiento.png","contentUrl":"https:\/\/fadein.es\/wp-content\/uploads\/2021\/05\/fadein-deterdentes-de-alto-rendimiento.png","width":512,"height":512,"caption":"Fadein"},"image":{"@id":"https:\/\/fadein.es\/fr\/#\/schema\/logo\/image\/"}}]}},"_links":{"self":[{"href":"https:\/\/fadein.es\/fr\/wp-json\/wp\/v2\/product\/6626","targetHints":{"allow":["GET"]}}],"collection":[{"href":"https:\/\/fadein.es\/fr\/wp-json\/wp\/v2\/product"}],"about":[{"href":"https:\/\/fadein.es\/fr\/wp-json\/wp\/v2\/types\/product"}],"replies":[{"embeddable":true,"href":"https:\/\/fadein.es\/fr\/wp-json\/wp\/v2\/comments?post=6626"}],"wp:featuredmedia":[{"embeddable":true,"href":"https:\/\/fadein.es\/fr\/wp-json\/wp\/v2\/media\/10992"}],"wp:attachment":[{"href":"https:\/\/fadein.es\/fr\/wp-json\/wp\/v2\/media?parent=6626"}],"wp:term":[{"taxonomy":"product_brand","embeddable":true,"href":"https:\/\/fadein.es\/fr\/wp-json\/wp\/v2\/product_brand?post=6626"},{"taxonomy":"product_cat","embeddable":true,"href":"https:\/\/fadein.es\/fr\/wp-json\/wp\/v2\/product_cat?post=6626"},{"taxonomy":"product_tag","embeddable":true,"href":"https:\/\/fadein.es\/fr\/wp-json\/wp\/v2\/product_tag?post=6626"}],"curies":[{"name":"wp","href":"https:\/\/api.w.org\/{rel}","templated":true}]}}