{"id":6623,"date":"2022-09-16T07:39:01","date_gmt":"2022-09-16T07:39:01","guid":{"rendered":"https:\/\/fadein.es\/producto\/desodorisant-a-la-pomme\/"},"modified":"2023-10-30T09:26:02","modified_gmt":"2023-10-30T09:26:02","slug":"desodorisant-pomme","status":"publish","type":"product","link":"https:\/\/fadein.es\/fr\/producto\/desodorisant-pomme\/","title":{"rendered":"D\u00c9SODORISANT \u00c0 LA POMME"},"content":{"rendered":"<p>AMBIENTADOR MANZANA est un liquide incolore au parfum intense de pomme verte, totalement soluble dans l&rsquo;eau. Il est particuli\u00e8rement adapt\u00e9 \u00e0 la d\u00e9sodorisation d&rsquo;environnements rar\u00e9fi\u00e9s o\u00f9 l&rsquo;on souhaite cr\u00e9er une atmosph\u00e8re agr\u00e9able. Convient \u00e0 toutes les circonstances o\u00f9 une atmosph\u00e8re agr\u00e9able et parfum\u00e9e est souhait\u00e9e ou n\u00e9cessaire.  <\/p>\n<p>Les images, vid\u00e9os et informations pr\u00e9sent\u00e9es dans cet espace sont purement illustratives et non contractuelles, peuvent \u00eatre optionnelles ou non disponibles selon les mod\u00e8les, et ne constituent pas une offre. Vous pouvez contacter le service commercial de FADEIN pour toute information compl\u00e9mentaire ou demande de cotation de nos produits.<\/p>\n","protected":false},"excerpt":{"rendered":"<p>D\u00e9sodorisant concentr\u00e9 \u00e0 forte r\u00e9manence.<\/p>\n","protected":false},"featured_media":12102,"comment_status":"open","ping_status":"closed","template":"","meta":{"_et_pb_use_builder":"","_et_pb_old_content":"","_et_gb_content_width":""},"product_brand":[],"product_cat":[474,374,508,504,477,483,487,492,496,1078,1076],"product_tag":[446],"class_list":{"0":"post-6623","1":"product","2":"type-product","3":"status-publish","4":"has-post-thumbnail","6":"product_cat-automotion-fr","7":"product_cat-collectivites","8":"product_cat-desodorisant","9":"product_cat-desodorisants","10":"product_cat-entraineurs","11":"product_cat-lavage-manuel","12":"product_cat-lavage-manuel-sans-eau","13":"product_cat-nettoyage-interieur","14":"product_cat-nettoyage-interieur-fr","15":"product_cat-usage-domestique","16":"product_cat-usage-professionnel-industriel","17":"product_tag-pulverisation-a-laide-dun-pulverisateur","19":"first","20":"instock","21":"taxable","22":"shipping-taxable","23":"purchasable","24":"product-type-simple"},"yoast_head":"<!-- This site is optimized with the Yoast SEO Premium plugin v27.2 (Yoast SEO v27.4) - https:\/\/yoast.com\/product\/yoast-seo-premium-wordpress\/ -->\n<title>\u1409 D\u00c9SODORISANT \u00c0 LA POMME | D\u00c9SODORISANT \u00c0 LA POMME en Fadein<\/title>\n<meta name=\"description\" content=\"\ud83e\udd47 Entra y descubre \u261d D\u00c9SODORISANT \u00c0 LA POMME. Disponible en distintos tama\u00f1os y vol\u00famenes... comprar D\u00c9SODORISANT \u00c0 LA POMME al mejor precio \u2705 D\u00c9SODORISANT \u00c0 LA POMME recomendado para...\" \/>\n<meta name=\"robots\" content=\"index, follow, max-snippet:-1, max-image-preview:large, max-video-preview:-1\" \/>\n<link rel=\"canonical\" href=\"https:\/\/fadein.es\/fr\/producto\/desodorisant-pomme\/\" \/>\n<meta property=\"og:locale\" content=\"fr_FR\" \/>\n<meta property=\"og:type\" content=\"article\" \/>\n<meta property=\"og:title\" content=\"D\u00c9SODORISANT \u00c0 LA POMME\" \/>\n<meta property=\"og:description\" content=\"\ud83e\udd47 Entra y descubre \u261d D\u00c9SODORISANT \u00c0 LA POMME. Disponible en distintos tama\u00f1os y vol\u00famenes... comprar D\u00c9SODORISANT \u00c0 LA POMME al mejor precio \u2705 D\u00c9SODORISANT \u00c0 LA POMME recomendado para...\" \/>\n<meta property=\"og:url\" content=\"https:\/\/fadein.es\/fr\/producto\/desodorisant-pomme\/\" \/>\n<meta property=\"og:site_name\" content=\"Fadein\" \/>\n<meta property=\"article:modified_time\" content=\"2023-10-30T09:26:02+00:00\" \/>\n<meta property=\"og:image\" content=\"https:\/\/fadein.es\/wp-content\/uploads\/2022\/11\/AMBIENTADORMANZANA.png\" \/>\n\t<meta property=\"og:image:width\" content=\"2048\" \/>\n\t<meta property=\"og:image:height\" content=\"1805\" \/>\n\t<meta property=\"og:image:type\" content=\"image\/png\" \/>\n<meta name=\"twitter:card\" content=\"summary_large_image\" \/>\n<meta name=\"twitter:label1\" content=\"Dur\u00e9e de lecture estim\u00e9e\" \/>\n\t<meta name=\"twitter:data1\" content=\"1 minute\" \/>\n<script type=\"application\/ld+json\" class=\"yoast-schema-graph\">{\"@context\":\"https:\\\/\\\/schema.org\",\"@graph\":[{\"@type\":\"WebPage\",\"@id\":\"https:\\\/\\\/fadein.es\\\/fr\\\/producto\\\/desodorisant-pomme\\\/\",\"url\":\"https:\\\/\\\/fadein.es\\\/fr\\\/producto\\\/desodorisant-pomme\\\/\",\"name\":\"\u1409 D\u00c9SODORISANT \u00c0 LA POMME | D\u00c9SODORISANT \u00c0 LA POMME en Fadein\",\"isPartOf\":{\"@id\":\"https:\\\/\\\/fadein.es\\\/fr\\\/#website\"},\"primaryImageOfPage\":{\"@id\":\"https:\\\/\\\/fadein.es\\\/fr\\\/producto\\\/desodorisant-pomme\\\/#primaryimage\"},\"image\":{\"@id\":\"https:\\\/\\\/fadein.es\\\/fr\\\/producto\\\/desodorisant-pomme\\\/#primaryimage\"},\"thumbnailUrl\":\"https:\\\/\\\/fadein.es\\\/wp-content\\\/uploads\\\/2022\\\/11\\\/AMBIENTADORMANZANA.png\",\"datePublished\":\"2022-09-16T07:39:01+00:00\",\"dateModified\":\"2023-10-30T09:26:02+00:00\",\"description\":\"\ud83e\udd47 Entra y descubre \u261d D\u00c9SODORISANT \u00c0 LA POMME. Disponible en distintos tama\u00f1os y vol\u00famenes... comprar D\u00c9SODORISANT \u00c0 LA POMME al mejor precio \u2705 D\u00c9SODORISANT \u00c0 LA POMME recomendado para...\",\"breadcrumb\":{\"@id\":\"https:\\\/\\\/fadein.es\\\/fr\\\/producto\\\/desodorisant-pomme\\\/#breadcrumb\"},\"inLanguage\":\"fr-FR\",\"potentialAction\":[{\"@type\":\"ReadAction\",\"target\":[\"https:\\\/\\\/fadein.es\\\/fr\\\/producto\\\/desodorisant-pomme\\\/\"]}]},{\"@type\":\"ImageObject\",\"inLanguage\":\"fr-FR\",\"@id\":\"https:\\\/\\\/fadein.es\\\/fr\\\/producto\\\/desodorisant-pomme\\\/#primaryimage\",\"url\":\"https:\\\/\\\/fadein.es\\\/wp-content\\\/uploads\\\/2022\\\/11\\\/AMBIENTADORMANZANA.png\",\"contentUrl\":\"https:\\\/\\\/fadein.es\\\/wp-content\\\/uploads\\\/2022\\\/11\\\/AMBIENTADORMANZANA.png\",\"width\":2048,\"height\":1805,\"caption\":\"AMBIENTADOR MANZANA 5 L FADEIN\"},{\"@type\":\"BreadcrumbList\",\"@id\":\"https:\\\/\\\/fadein.es\\\/fr\\\/producto\\\/desodorisant-pomme\\\/#breadcrumb\",\"itemListElement\":[{\"@type\":\"ListItem\",\"position\":1,\"name\":\"Portada\",\"item\":\"https:\\\/\\\/fadein.es\\\/fr\\\/accueil\\\/\"},{\"@type\":\"ListItem\",\"position\":2,\"name\":\"Boutique\",\"item\":\"https:\\\/\\\/fadein.es\\\/fr\\\/boutique\\\/\"},{\"@type\":\"ListItem\",\"position\":3,\"name\":\"D\u00c9SODORISANT \u00c0 LA POMME\"}]},{\"@type\":\"WebSite\",\"@id\":\"https:\\\/\\\/fadein.es\\\/fr\\\/#website\",\"url\":\"https:\\\/\\\/fadein.es\\\/fr\\\/\",\"name\":\"Fadein\",\"description\":\"Detergentes de alto rendimiento\",\"publisher\":{\"@id\":\"https:\\\/\\\/fadein.es\\\/fr\\\/#organization\"},\"alternateName\":\"Detergentes de alto rendimiento\",\"potentialAction\":[{\"@type\":\"SearchAction\",\"target\":{\"@type\":\"EntryPoint\",\"urlTemplate\":\"https:\\\/\\\/fadein.es\\\/fr\\\/?s={search_term_string}\"},\"query-input\":{\"@type\":\"PropertyValueSpecification\",\"valueRequired\":true,\"valueName\":\"search_term_string\"}}],\"inLanguage\":\"fr-FR\"},{\"@type\":\"Organization\",\"@id\":\"https:\\\/\\\/fadein.es\\\/fr\\\/#organization\",\"name\":\"Fadein\",\"alternateName\":\"Detergentes de alto rendimiento\",\"url\":\"https:\\\/\\\/fadein.es\\\/fr\\\/\",\"logo\":{\"@type\":\"ImageObject\",\"inLanguage\":\"fr-FR\",\"@id\":\"https:\\\/\\\/fadein.es\\\/fr\\\/#\\\/schema\\\/logo\\\/image\\\/\",\"url\":\"https:\\\/\\\/fadein.es\\\/wp-content\\\/uploads\\\/2021\\\/05\\\/fadein-deterdentes-de-alto-rendimiento.png\",\"contentUrl\":\"https:\\\/\\\/fadein.es\\\/wp-content\\\/uploads\\\/2021\\\/05\\\/fadein-deterdentes-de-alto-rendimiento.png\",\"width\":512,\"height\":512,\"caption\":\"Fadein\"},\"image\":{\"@id\":\"https:\\\/\\\/fadein.es\\\/fr\\\/#\\\/schema\\\/logo\\\/image\\\/\"}}]}<\/script>\n<!-- \/ Yoast SEO Premium plugin. -->","yoast_head_json":{"title":"\u1409 D\u00c9SODORISANT \u00c0 LA POMME | D\u00c9SODORISANT \u00c0 LA POMME en Fadein","description":"\ud83e\udd47 Entra y descubre \u261d D\u00c9SODORISANT \u00c0 LA POMME. Disponible en distintos tama\u00f1os y vol\u00famenes... comprar D\u00c9SODORISANT \u00c0 LA POMME al mejor precio \u2705 D\u00c9SODORISANT \u00c0 LA POMME recomendado para...","robots":{"index":"index","follow":"follow","max-snippet":"max-snippet:-1","max-image-preview":"max-image-preview:large","max-video-preview":"max-video-preview:-1"},"canonical":"https:\/\/fadein.es\/fr\/producto\/desodorisant-pomme\/","og_locale":"fr_FR","og_type":"article","og_title":"D\u00c9SODORISANT \u00c0 LA POMME","og_description":"\ud83e\udd47 Entra y descubre \u261d D\u00c9SODORISANT \u00c0 LA POMME. Disponible en distintos tama\u00f1os y vol\u00famenes... comprar D\u00c9SODORISANT \u00c0 LA POMME al mejor precio \u2705 D\u00c9SODORISANT \u00c0 LA POMME recomendado para...","og_url":"https:\/\/fadein.es\/fr\/producto\/desodorisant-pomme\/","og_site_name":"Fadein","article_modified_time":"2023-10-30T09:26:02+00:00","og_image":[{"width":2048,"height":1805,"url":"https:\/\/fadein.es\/wp-content\/uploads\/2022\/11\/AMBIENTADORMANZANA.png","type":"image\/png"}],"twitter_card":"summary_large_image","twitter_misc":{"Dur\u00e9e de lecture estim\u00e9e":"1 minute"},"schema":{"@context":"https:\/\/schema.org","@graph":[{"@type":"WebPage","@id":"https:\/\/fadein.es\/fr\/producto\/desodorisant-pomme\/","url":"https:\/\/fadein.es\/fr\/producto\/desodorisant-pomme\/","name":"\u1409 D\u00c9SODORISANT \u00c0 LA POMME | D\u00c9SODORISANT \u00c0 LA POMME en Fadein","isPartOf":{"@id":"https:\/\/fadein.es\/fr\/#website"},"primaryImageOfPage":{"@id":"https:\/\/fadein.es\/fr\/producto\/desodorisant-pomme\/#primaryimage"},"image":{"@id":"https:\/\/fadein.es\/fr\/producto\/desodorisant-pomme\/#primaryimage"},"thumbnailUrl":"https:\/\/fadein.es\/wp-content\/uploads\/2022\/11\/AMBIENTADORMANZANA.png","datePublished":"2022-09-16T07:39:01+00:00","dateModified":"2023-10-30T09:26:02+00:00","description":"\ud83e\udd47 Entra y descubre \u261d D\u00c9SODORISANT \u00c0 LA POMME. Disponible en distintos tama\u00f1os y vol\u00famenes... comprar D\u00c9SODORISANT \u00c0 LA POMME al mejor precio \u2705 D\u00c9SODORISANT \u00c0 LA POMME recomendado para...","breadcrumb":{"@id":"https:\/\/fadein.es\/fr\/producto\/desodorisant-pomme\/#breadcrumb"},"inLanguage":"fr-FR","potentialAction":[{"@type":"ReadAction","target":["https:\/\/fadein.es\/fr\/producto\/desodorisant-pomme\/"]}]},{"@type":"ImageObject","inLanguage":"fr-FR","@id":"https:\/\/fadein.es\/fr\/producto\/desodorisant-pomme\/#primaryimage","url":"https:\/\/fadein.es\/wp-content\/uploads\/2022\/11\/AMBIENTADORMANZANA.png","contentUrl":"https:\/\/fadein.es\/wp-content\/uploads\/2022\/11\/AMBIENTADORMANZANA.png","width":2048,"height":1805,"caption":"AMBIENTADOR MANZANA 5 L FADEIN"},{"@type":"BreadcrumbList","@id":"https:\/\/fadein.es\/fr\/producto\/desodorisant-pomme\/#breadcrumb","itemListElement":[{"@type":"ListItem","position":1,"name":"Portada","item":"https:\/\/fadein.es\/fr\/accueil\/"},{"@type":"ListItem","position":2,"name":"Boutique","item":"https:\/\/fadein.es\/fr\/boutique\/"},{"@type":"ListItem","position":3,"name":"D\u00c9SODORISANT \u00c0 LA POMME"}]},{"@type":"WebSite","@id":"https:\/\/fadein.es\/fr\/#website","url":"https:\/\/fadein.es\/fr\/","name":"Fadein","description":"Detergentes de alto rendimiento","publisher":{"@id":"https:\/\/fadein.es\/fr\/#organization"},"alternateName":"Detergentes de alto rendimiento","potentialAction":[{"@type":"SearchAction","target":{"@type":"EntryPoint","urlTemplate":"https:\/\/fadein.es\/fr\/?s={search_term_string}"},"query-input":{"@type":"PropertyValueSpecification","valueRequired":true,"valueName":"search_term_string"}}],"inLanguage":"fr-FR"},{"@type":"Organization","@id":"https:\/\/fadein.es\/fr\/#organization","name":"Fadein","alternateName":"Detergentes de alto rendimiento","url":"https:\/\/fadein.es\/fr\/","logo":{"@type":"ImageObject","inLanguage":"fr-FR","@id":"https:\/\/fadein.es\/fr\/#\/schema\/logo\/image\/","url":"https:\/\/fadein.es\/wp-content\/uploads\/2021\/05\/fadein-deterdentes-de-alto-rendimiento.png","contentUrl":"https:\/\/fadein.es\/wp-content\/uploads\/2021\/05\/fadein-deterdentes-de-alto-rendimiento.png","width":512,"height":512,"caption":"Fadein"},"image":{"@id":"https:\/\/fadein.es\/fr\/#\/schema\/logo\/image\/"}}]}},"_links":{"self":[{"href":"https:\/\/fadein.es\/fr\/wp-json\/wp\/v2\/product\/6623","targetHints":{"allow":["GET"]}}],"collection":[{"href":"https:\/\/fadein.es\/fr\/wp-json\/wp\/v2\/product"}],"about":[{"href":"https:\/\/fadein.es\/fr\/wp-json\/wp\/v2\/types\/product"}],"replies":[{"embeddable":true,"href":"https:\/\/fadein.es\/fr\/wp-json\/wp\/v2\/comments?post=6623"}],"wp:featuredmedia":[{"embeddable":true,"href":"https:\/\/fadein.es\/fr\/wp-json\/wp\/v2\/media\/12102"}],"wp:attachment":[{"href":"https:\/\/fadein.es\/fr\/wp-json\/wp\/v2\/media?parent=6623"}],"wp:term":[{"taxonomy":"product_brand","embeddable":true,"href":"https:\/\/fadein.es\/fr\/wp-json\/wp\/v2\/product_brand?post=6623"},{"taxonomy":"product_cat","embeddable":true,"href":"https:\/\/fadein.es\/fr\/wp-json\/wp\/v2\/product_cat?post=6623"},{"taxonomy":"product_tag","embeddable":true,"href":"https:\/\/fadein.es\/fr\/wp-json\/wp\/v2\/product_tag?post=6623"}],"curies":[{"name":"wp","href":"https:\/\/api.w.org\/{rel}","templated":true}]}}