{"id":6622,"date":"2022-09-16T07:39:04","date_gmt":"2022-09-16T07:39:04","guid":{"rendered":"https:\/\/fadein.es\/producto\/fadein-304-a\/"},"modified":"2023-10-30T09:26:41","modified_gmt":"2023-10-30T09:26:41","slug":"fadein-304-a","status":"publish","type":"product","link":"https:\/\/fadein.es\/fr\/producto\/fadein-304-a\/","title":{"rendered":"FADEIN-304-A"},"content":{"rendered":"<p>FADEIN-304-A est un produit \u00e0 base d&rsquo;acide phosphorique, il a un grand pouvoir d\u00e9tergent, d\u00e9tartrant, mouillant et p\u00e9n\u00e9trant. Comme il est contr\u00f4l\u00e9 par la mousse, il peut \u00eatre utilis\u00e9 par pulv\u00e9risation et recirculation forc\u00e9e. N&rsquo;affecte pas les m\u00e9taux, les joints en caoutchouc, les plastiques au taux d&rsquo;utilisation indiqu\u00e9. \u00c9limine efficacement la plupart des salissures organiques et des d\u00e9p\u00f4ts incrust\u00e9s, am\u00e9liorant ainsi l&rsquo;hygi\u00e8ne et l&rsquo;efficacit\u00e9 op\u00e9rationnelle. Convient pour le nettoyage acide par recirculation ou pulv\u00e9risation dans les industries alimentaire, laiti\u00e8re et vinicole, les salles de traite, les r\u00e9servoirs, les homog\u00e9n\u00e9isateurs, les centrifugeuses, les remplisseuses, les pasteurisateurs, les cuves, etc. Applications CIP dans les brasseries, les usines de boissons, les laiteries, etc. Nettoyage des moules \u00e0 fromage et des camions-citernes. Nettoyage par pulv\u00e9risation des surfaces de machines, de tables et d&rsquo;outils dans l&rsquo;industrie alimentaire.<\/p>\n<p>Les images, vid\u00e9os et informations pr\u00e9sent\u00e9es dans cet espace sont purement illustratives et non contractuelles, peuvent \u00eatre optionnelles ou non disponibles selon les mod\u00e8les, et ne constituent pas une offre. Vous pouvez contacter le service commercial de FADEIN pour toute information compl\u00e9mentaire ou demande de cotation de nos produits.<\/p>\n","protected":false},"excerpt":{"rendered":"<p>D\u00e9tergent acide pour le nettoyage et le d\u00e9tartrage par recirculation. Mousse basse.<\/p>\n","protected":false},"featured_media":6076,"comment_status":"open","ping_status":"closed","template":"","meta":{"_et_pb_use_builder":"","_et_pb_old_content":"","_et_gb_content_width":""},"product_brand":[],"product_cat":[379,1073,397,465,418,464,396,1076],"product_tag":[466,414,446,467],"class_list":{"0":"post-6622","1":"product","2":"type-product","3":"status-publish","4":"has-post-thumbnail","6":"product_cat-alimentation","7":"product_cat-halal","8":"product_cat-lacteas-fr","9":"product_cat-lavage-des-moules","10":"product_cat-nettoyage-a-lacide-fr-3","11":"product_cat-nettoyage-c-i-p","12":"product_cat-obradores-fr","13":"product_cat-usage-professionnel-industriel","14":"product_tag-arrosage","15":"product_tag-immersion-fr","16":"product_tag-pulverisation-a-laide-dun-pulverisateur","17":"product_tag-recirculation-automatique","19":"first","20":"instock","21":"taxable","22":"shipping-taxable","23":"purchasable","24":"product-type-simple"},"yoast_head":"<!-- This site is optimized with the Yoast SEO Premium plugin v27.2 (Yoast SEO v27.4) - https:\/\/yoast.com\/product\/yoast-seo-premium-wordpress\/ -->\n<title>\u1409 FADEIN-304-A | FADEIN-304-A en Fadein<\/title>\n<meta name=\"description\" content=\"\ud83e\udd47 Entra y descubre \u261d FADEIN-304-A. Disponible en distintos tama\u00f1os y vol\u00famenes... comprar FADEIN-304-A al mejor precio \u2705 FADEIN-304-A recomendado para...\" \/>\n<meta name=\"robots\" content=\"index, follow, max-snippet:-1, max-image-preview:large, max-video-preview:-1\" \/>\n<link rel=\"canonical\" href=\"https:\/\/fadein.es\/fr\/producto\/fadein-304-a\/\" \/>\n<meta property=\"og:locale\" content=\"fr_FR\" \/>\n<meta property=\"og:type\" content=\"article\" \/>\n<meta property=\"og:title\" content=\"FADEIN-304-A\" \/>\n<meta property=\"og:description\" content=\"\ud83e\udd47 Entra y descubre \u261d FADEIN-304-A. Disponible en distintos tama\u00f1os y vol\u00famenes... comprar FADEIN-304-A al mejor precio \u2705 FADEIN-304-A recomendado para...\" \/>\n<meta property=\"og:url\" content=\"https:\/\/fadein.es\/fr\/producto\/fadein-304-a\/\" \/>\n<meta property=\"og:site_name\" content=\"Fadein\" \/>\n<meta property=\"article:modified_time\" content=\"2023-10-30T09:26:41+00:00\" \/>\n<meta property=\"og:image\" content=\"https:\/\/fadein.es\/wp-content\/uploads\/2022\/11\/FADEIN-304-A-Nuevo.png\" \/>\n\t<meta property=\"og:image:width\" content=\"2048\" \/>\n\t<meta property=\"og:image:height\" content=\"2048\" \/>\n\t<meta property=\"og:image:type\" content=\"image\/png\" \/>\n<meta name=\"twitter:card\" content=\"summary_large_image\" \/>\n<meta name=\"twitter:label1\" content=\"Dur\u00e9e de lecture estim\u00e9e\" \/>\n\t<meta name=\"twitter:data1\" content=\"1 minute\" \/>\n<script type=\"application\/ld+json\" class=\"yoast-schema-graph\">{\"@context\":\"https:\\\/\\\/schema.org\",\"@graph\":[{\"@type\":\"WebPage\",\"@id\":\"https:\\\/\\\/fadein.es\\\/fr\\\/producto\\\/fadein-304-a\\\/\",\"url\":\"https:\\\/\\\/fadein.es\\\/fr\\\/producto\\\/fadein-304-a\\\/\",\"name\":\"\u1409 FADEIN-304-A | FADEIN-304-A en Fadein\",\"isPartOf\":{\"@id\":\"https:\\\/\\\/fadein.es\\\/fr\\\/#website\"},\"primaryImageOfPage\":{\"@id\":\"https:\\\/\\\/fadein.es\\\/fr\\\/producto\\\/fadein-304-a\\\/#primaryimage\"},\"image\":{\"@id\":\"https:\\\/\\\/fadein.es\\\/fr\\\/producto\\\/fadein-304-a\\\/#primaryimage\"},\"thumbnailUrl\":\"https:\\\/\\\/fadein.es\\\/wp-content\\\/uploads\\\/2022\\\/11\\\/FADEIN-304-A-Nuevo.png\",\"datePublished\":\"2022-09-16T07:39:04+00:00\",\"dateModified\":\"2023-10-30T09:26:41+00:00\",\"description\":\"\ud83e\udd47 Entra y descubre \u261d FADEIN-304-A. Disponible en distintos tama\u00f1os y vol\u00famenes... comprar FADEIN-304-A al mejor precio \u2705 FADEIN-304-A recomendado para...\",\"breadcrumb\":{\"@id\":\"https:\\\/\\\/fadein.es\\\/fr\\\/producto\\\/fadein-304-a\\\/#breadcrumb\"},\"inLanguage\":\"fr-FR\",\"potentialAction\":[{\"@type\":\"ReadAction\",\"target\":[\"https:\\\/\\\/fadein.es\\\/fr\\\/producto\\\/fadein-304-a\\\/\"]}]},{\"@type\":\"ImageObject\",\"inLanguage\":\"fr-FR\",\"@id\":\"https:\\\/\\\/fadein.es\\\/fr\\\/producto\\\/fadein-304-a\\\/#primaryimage\",\"url\":\"https:\\\/\\\/fadein.es\\\/wp-content\\\/uploads\\\/2022\\\/11\\\/FADEIN-304-A-Nuevo.png\",\"contentUrl\":\"https:\\\/\\\/fadein.es\\\/wp-content\\\/uploads\\\/2022\\\/11\\\/FADEIN-304-A-Nuevo.png\",\"width\":2048,\"height\":2048,\"caption\":\"FADEIN-304-A 25 KG\"},{\"@type\":\"BreadcrumbList\",\"@id\":\"https:\\\/\\\/fadein.es\\\/fr\\\/producto\\\/fadein-304-a\\\/#breadcrumb\",\"itemListElement\":[{\"@type\":\"ListItem\",\"position\":1,\"name\":\"Portada\",\"item\":\"https:\\\/\\\/fadein.es\\\/fr\\\/accueil\\\/\"},{\"@type\":\"ListItem\",\"position\":2,\"name\":\"Boutique\",\"item\":\"https:\\\/\\\/fadein.es\\\/fr\\\/boutique\\\/\"},{\"@type\":\"ListItem\",\"position\":3,\"name\":\"FADEIN-304-A\"}]},{\"@type\":\"WebSite\",\"@id\":\"https:\\\/\\\/fadein.es\\\/fr\\\/#website\",\"url\":\"https:\\\/\\\/fadein.es\\\/fr\\\/\",\"name\":\"Fadein\",\"description\":\"Detergentes de alto rendimiento\",\"publisher\":{\"@id\":\"https:\\\/\\\/fadein.es\\\/fr\\\/#organization\"},\"alternateName\":\"Detergentes de alto rendimiento\",\"potentialAction\":[{\"@type\":\"SearchAction\",\"target\":{\"@type\":\"EntryPoint\",\"urlTemplate\":\"https:\\\/\\\/fadein.es\\\/fr\\\/?s={search_term_string}\"},\"query-input\":{\"@type\":\"PropertyValueSpecification\",\"valueRequired\":true,\"valueName\":\"search_term_string\"}}],\"inLanguage\":\"fr-FR\"},{\"@type\":\"Organization\",\"@id\":\"https:\\\/\\\/fadein.es\\\/fr\\\/#organization\",\"name\":\"Fadein\",\"alternateName\":\"Detergentes de alto rendimiento\",\"url\":\"https:\\\/\\\/fadein.es\\\/fr\\\/\",\"logo\":{\"@type\":\"ImageObject\",\"inLanguage\":\"fr-FR\",\"@id\":\"https:\\\/\\\/fadein.es\\\/fr\\\/#\\\/schema\\\/logo\\\/image\\\/\",\"url\":\"https:\\\/\\\/fadein.es\\\/wp-content\\\/uploads\\\/2021\\\/05\\\/fadein-deterdentes-de-alto-rendimiento.png\",\"contentUrl\":\"https:\\\/\\\/fadein.es\\\/wp-content\\\/uploads\\\/2021\\\/05\\\/fadein-deterdentes-de-alto-rendimiento.png\",\"width\":512,\"height\":512,\"caption\":\"Fadein\"},\"image\":{\"@id\":\"https:\\\/\\\/fadein.es\\\/fr\\\/#\\\/schema\\\/logo\\\/image\\\/\"}}]}<\/script>\n<!-- \/ Yoast SEO Premium plugin. -->","yoast_head_json":{"title":"\u1409 FADEIN-304-A | FADEIN-304-A en Fadein","description":"\ud83e\udd47 Entra y descubre \u261d FADEIN-304-A. Disponible en distintos tama\u00f1os y vol\u00famenes... comprar FADEIN-304-A al mejor precio \u2705 FADEIN-304-A recomendado para...","robots":{"index":"index","follow":"follow","max-snippet":"max-snippet:-1","max-image-preview":"max-image-preview:large","max-video-preview":"max-video-preview:-1"},"canonical":"https:\/\/fadein.es\/fr\/producto\/fadein-304-a\/","og_locale":"fr_FR","og_type":"article","og_title":"FADEIN-304-A","og_description":"\ud83e\udd47 Entra y descubre \u261d FADEIN-304-A. Disponible en distintos tama\u00f1os y vol\u00famenes... comprar FADEIN-304-A al mejor precio \u2705 FADEIN-304-A recomendado para...","og_url":"https:\/\/fadein.es\/fr\/producto\/fadein-304-a\/","og_site_name":"Fadein","article_modified_time":"2023-10-30T09:26:41+00:00","og_image":[{"width":2048,"height":2048,"url":"https:\/\/fadein.es\/wp-content\/uploads\/2022\/11\/FADEIN-304-A-Nuevo.png","type":"image\/png"}],"twitter_card":"summary_large_image","twitter_misc":{"Dur\u00e9e de lecture estim\u00e9e":"1 minute"},"schema":{"@context":"https:\/\/schema.org","@graph":[{"@type":"WebPage","@id":"https:\/\/fadein.es\/fr\/producto\/fadein-304-a\/","url":"https:\/\/fadein.es\/fr\/producto\/fadein-304-a\/","name":"\u1409 FADEIN-304-A | FADEIN-304-A en Fadein","isPartOf":{"@id":"https:\/\/fadein.es\/fr\/#website"},"primaryImageOfPage":{"@id":"https:\/\/fadein.es\/fr\/producto\/fadein-304-a\/#primaryimage"},"image":{"@id":"https:\/\/fadein.es\/fr\/producto\/fadein-304-a\/#primaryimage"},"thumbnailUrl":"https:\/\/fadein.es\/wp-content\/uploads\/2022\/11\/FADEIN-304-A-Nuevo.png","datePublished":"2022-09-16T07:39:04+00:00","dateModified":"2023-10-30T09:26:41+00:00","description":"\ud83e\udd47 Entra y descubre \u261d FADEIN-304-A. Disponible en distintos tama\u00f1os y vol\u00famenes... comprar FADEIN-304-A al mejor precio \u2705 FADEIN-304-A recomendado para...","breadcrumb":{"@id":"https:\/\/fadein.es\/fr\/producto\/fadein-304-a\/#breadcrumb"},"inLanguage":"fr-FR","potentialAction":[{"@type":"ReadAction","target":["https:\/\/fadein.es\/fr\/producto\/fadein-304-a\/"]}]},{"@type":"ImageObject","inLanguage":"fr-FR","@id":"https:\/\/fadein.es\/fr\/producto\/fadein-304-a\/#primaryimage","url":"https:\/\/fadein.es\/wp-content\/uploads\/2022\/11\/FADEIN-304-A-Nuevo.png","contentUrl":"https:\/\/fadein.es\/wp-content\/uploads\/2022\/11\/FADEIN-304-A-Nuevo.png","width":2048,"height":2048,"caption":"FADEIN-304-A 25 KG"},{"@type":"BreadcrumbList","@id":"https:\/\/fadein.es\/fr\/producto\/fadein-304-a\/#breadcrumb","itemListElement":[{"@type":"ListItem","position":1,"name":"Portada","item":"https:\/\/fadein.es\/fr\/accueil\/"},{"@type":"ListItem","position":2,"name":"Boutique","item":"https:\/\/fadein.es\/fr\/boutique\/"},{"@type":"ListItem","position":3,"name":"FADEIN-304-A"}]},{"@type":"WebSite","@id":"https:\/\/fadein.es\/fr\/#website","url":"https:\/\/fadein.es\/fr\/","name":"Fadein","description":"Detergentes de alto rendimiento","publisher":{"@id":"https:\/\/fadein.es\/fr\/#organization"},"alternateName":"Detergentes de alto rendimiento","potentialAction":[{"@type":"SearchAction","target":{"@type":"EntryPoint","urlTemplate":"https:\/\/fadein.es\/fr\/?s={search_term_string}"},"query-input":{"@type":"PropertyValueSpecification","valueRequired":true,"valueName":"search_term_string"}}],"inLanguage":"fr-FR"},{"@type":"Organization","@id":"https:\/\/fadein.es\/fr\/#organization","name":"Fadein","alternateName":"Detergentes de alto rendimiento","url":"https:\/\/fadein.es\/fr\/","logo":{"@type":"ImageObject","inLanguage":"fr-FR","@id":"https:\/\/fadein.es\/fr\/#\/schema\/logo\/image\/","url":"https:\/\/fadein.es\/wp-content\/uploads\/2021\/05\/fadein-deterdentes-de-alto-rendimiento.png","contentUrl":"https:\/\/fadein.es\/wp-content\/uploads\/2021\/05\/fadein-deterdentes-de-alto-rendimiento.png","width":512,"height":512,"caption":"Fadein"},"image":{"@id":"https:\/\/fadein.es\/fr\/#\/schema\/logo\/image\/"}}]}},"_links":{"self":[{"href":"https:\/\/fadein.es\/fr\/wp-json\/wp\/v2\/product\/6622","targetHints":{"allow":["GET"]}}],"collection":[{"href":"https:\/\/fadein.es\/fr\/wp-json\/wp\/v2\/product"}],"about":[{"href":"https:\/\/fadein.es\/fr\/wp-json\/wp\/v2\/types\/product"}],"replies":[{"embeddable":true,"href":"https:\/\/fadein.es\/fr\/wp-json\/wp\/v2\/comments?post=6622"}],"wp:featuredmedia":[{"embeddable":true,"href":"https:\/\/fadein.es\/fr\/wp-json\/wp\/v2\/media\/6076"}],"wp:attachment":[{"href":"https:\/\/fadein.es\/fr\/wp-json\/wp\/v2\/media?parent=6622"}],"wp:term":[{"taxonomy":"product_brand","embeddable":true,"href":"https:\/\/fadein.es\/fr\/wp-json\/wp\/v2\/product_brand?post=6622"},{"taxonomy":"product_cat","embeddable":true,"href":"https:\/\/fadein.es\/fr\/wp-json\/wp\/v2\/product_cat?post=6622"},{"taxonomy":"product_tag","embeddable":true,"href":"https:\/\/fadein.es\/fr\/wp-json\/wp\/v2\/product_tag?post=6622"}],"curies":[{"name":"wp","href":"https:\/\/api.w.org\/{rel}","templated":true}]}}