{"id":6619,"date":"2022-09-16T07:39:04","date_gmt":"2022-09-16T07:39:04","guid":{"rendered":"https:\/\/fadein.es\/producto\/fadein-709-v\/"},"modified":"2025-11-24T18:22:50","modified_gmt":"2025-11-24T17:22:50","slug":"fadein-709-v","status":"publish","type":"product","link":"https:\/\/fadein.es\/fr\/producto\/fadein-709-v\/","title":{"rendered":"FADEIN-709-V"},"content":{"rendered":"<p><strong>FADEIN-709-V<\/strong>, est une <strong>solution d\u00e9sinfectante hydroalcoolique<\/strong> pr\u00eate \u00e0 l&#8217;emploi, <strong>sp\u00e9cialement formul\u00e9e pour la d\u00e9sinfection par contact des surfaces et ustensiles<\/strong>, <strong>apr\u00e8s leur nettoyage, dans l&rsquo;industrie alimentaire, la restauration, les collectivit\u00e9s, l&rsquo;automobile et l&rsquo;industrie en g\u00e9n\u00e9ral.<\/strong> Il est formul\u00e9 pour une application directe sur des surfaces o\u00f9 il est impossible ou peu souhaitable d&rsquo;appliquer des produits de type aqueux.<\/p>\n<p>Il s&rsquo;agit d&rsquo;un d\u00e9sinfectant efficace pour l&rsquo;application sur les surfaces et l&rsquo;\u00e9quipement, qui s&rsquo;\u00e9vapore rapidement et ne laisse aucun r\u00e9sidu. Dans l&rsquo;industrie alimentaire, apr\u00e8s de petits d\u00e9versements et pendant les pauses, pour maintenir un bon niveau d&rsquo;hygi\u00e8ne jusqu&rsquo;\u00e0 ce que la production reprenne.<\/p>\n<p>Il est conforme \u00e0 la norme <strong>UNE-EN 13697<\/strong> en tant que bact\u00e9ricide pour l&rsquo;environnement et l&rsquo;industrie alimentaire \u00e0 100% non dilu\u00e9 apr\u00e8s 5 minutes de contact \u00e0 23,6\u00baC et dans des conditions propres contre Staphylococcus aureus, Pseudomonas aeruginosa, Enterococcus hirae, Escherichia coli, Salmonella typhoimorium et Listeria monocytogenes, dans les conditions indiqu\u00e9es.<\/p>\n<p>Il est conforme \u00e0 la norme <strong>UNE-EN 14476<\/strong> comme Viricide pour l&rsquo;Environnement et l&rsquo;Industrie Alimentaire dans un produit dilu\u00e9 \u00e0 97% \u00e0 2 min de contact \u00e0 20\u00baC et dans des conditions propres contre tous les virus obligatoires (Polivirus type 1, Ad\u00e9novirus type et Norovirus marin), les virus avec ou sans enveloppe (virus de l&rsquo;h\u00e9patite B, C et D, VIH, Coronavirus, virus de la rougeole, virus de la rub\u00e9ole, etc.<\/p>\n<p>Pour les surfaces et les ustensiles dans les secteurs de la restauration et de l&rsquo;h\u00f4tellerie. Pour les industries de la transformation alimentaire, des boissons, des produits laitiers, de la viande, de la boulangerie, de la restauration, des produits surgel\u00e9s, etc. Recommand\u00e9 pour une utilisation sur les convoyeurs, les remplisseuses, les tables, les ustensiles et autres \u00e9quipements apr\u00e8s de petits d\u00e9versements ou pendant les pauses interm\u00e9diaires afin de maintenir un bon niveau de propret\u00e9 et de d\u00e9sinfection jusqu&rsquo;\u00e0 la poursuite de la production.<\/p>\n<p>Pour toutes les surfaces en g\u00e9n\u00e9ral o\u00f9 un produit aqueux ou fort ne peut \u00eatre appliqu\u00e9. Pour les situations o\u00f9 aucun rin\u00e7age \u00e0 l&rsquo;eau ou s\u00e9chage rapide n&rsquo;est n\u00e9cessaire.<\/p>\n<p><strong>\u00abUtilice los biocidas de forma segura. Lea siempre la etiqueta y la informaci\u00f3n sobre el biocida antes de usarlo\u00bb<\/strong><\/p>\n<p>Vous pouvez contacter le service commercial de <strong><strong>FADEIN<\/strong><\/strong> par t\u00e9l\u00e9phone<strong><strong> 91 873 87 02 <\/strong><\/strong>ou par e-mail<strong><strong> att.cliente@fadein.es <\/strong><\/strong>pour toute information compl\u00e9mentaire ou demande de devis de nos produits.<\/p>\n","protected":false},"excerpt":{"rendered":"<p>D\u00e9sinfectant alcoolique bact\u00e9ricide\/viricide pour les surfaces et les ustensiles.<strong>  Utilisez les biocides en toute s\u00e9curit\u00e9. Lisez toujours l&rsquo;\u00e9tiquette et les informations figurant sur le produit biocide avant de l&rsquo;utiliser. <\/strong><\/p>\n","protected":false},"featured_media":5980,"comment_status":"open","ping_status":"closed","template":"","meta":{"_et_pb_use_builder":"","_et_pb_old_content":"","_et_gb_content_width":""},"product_brand":[],"product_cat":[379,441,442,444,374,383,386,1073,405,381,443,1076],"product_tag":[445,448,447,446],"class_list":{"0":"post-6619","1":"product","2":"type-product","3":"status-publish","4":"has-post-thumbnail","6":"product_cat-alimentation","7":"product_cat-chambre","8":"product_cat-chambre-fr","9":"product_cat-chambre-fr-2","10":"product_cat-collectivites","11":"product_cat-ecoles-et-residences","12":"product_cat-entretien-general","13":"product_cat-halal","14":"product_cat-hotels","15":"product_cat-les-restaurants-et-la-restauration","16":"product_cat-surfaces-fr","17":"product_cat-usage-professionnel-industriel","18":"product_tag-a-la-main","19":"product_tag-produit-desinfectant","20":"product_tag-pulverisation-fr","21":"product_tag-pulverisation-a-laide-dun-pulverisateur","23":"first","24":"instock","25":"taxable","26":"shipping-taxable","27":"purchasable","28":"product-type-simple"},"yoast_head":"<!-- This site is optimized with the Yoast SEO Premium plugin v27.2 (Yoast SEO v27.5) - https:\/\/yoast.com\/product\/yoast-seo-premium-wordpress\/ -->\n<title>FADEIN-709-V D\u00e9sinfectant alcoolique pour surfaces et ustensiles<\/title>\n<meta name=\"description\" content=\"Solution hydro-alcoolique d\u00e9sinfectante, formul\u00e9e pour la d\u00e9sinfection par contact des surfaces et des ustensiles apr\u00e8s le nettoyage.\" \/>\n<meta name=\"robots\" content=\"index, follow, max-snippet:-1, max-image-preview:large, max-video-preview:-1\" \/>\n<link rel=\"canonical\" href=\"https:\/\/fadein.es\/fr\/producto\/fadein-709-v\/\" \/>\n<meta property=\"og:locale\" content=\"fr_FR\" \/>\n<meta property=\"og:type\" content=\"article\" \/>\n<meta property=\"og:title\" content=\"FADEIN-709-V\" \/>\n<meta property=\"og:description\" content=\"Solution hydro-alcoolique d\u00e9sinfectante, formul\u00e9e pour la d\u00e9sinfection par contact des surfaces et des ustensiles apr\u00e8s le nettoyage.\" \/>\n<meta property=\"og:url\" content=\"https:\/\/fadein.es\/fr\/producto\/fadein-709-v\/\" \/>\n<meta property=\"og:site_name\" content=\"Fadein\" \/>\n<meta property=\"article:modified_time\" content=\"2025-11-24T17:22:50+00:00\" \/>\n<meta property=\"og:image\" content=\"https:\/\/fadein.es\/wp-content\/uploads\/2022\/11\/FADEIN-709-V.png\" \/>\n\t<meta property=\"og:image:width\" content=\"2048\" \/>\n\t<meta property=\"og:image:height\" content=\"1805\" \/>\n\t<meta property=\"og:image:type\" content=\"image\/png\" \/>\n<meta name=\"twitter:card\" content=\"summary_large_image\" \/>\n<meta name=\"twitter:label1\" content=\"Dur\u00e9e de lecture estim\u00e9e\" \/>\n\t<meta name=\"twitter:data1\" content=\"2 minutes\" \/>\n<script type=\"application\/ld+json\" class=\"yoast-schema-graph\">{\"@context\":\"https:\\\/\\\/schema.org\",\"@graph\":[{\"@type\":\"WebPage\",\"@id\":\"https:\\\/\\\/fadein.es\\\/fr\\\/producto\\\/fadein-709-v\\\/\",\"url\":\"https:\\\/\\\/fadein.es\\\/fr\\\/producto\\\/fadein-709-v\\\/\",\"name\":\"FADEIN-709-V D\u00e9sinfectant alcoolique pour surfaces et ustensiles\",\"isPartOf\":{\"@id\":\"https:\\\/\\\/fadein.es\\\/fr\\\/#website\"},\"primaryImageOfPage\":{\"@id\":\"https:\\\/\\\/fadein.es\\\/fr\\\/producto\\\/fadein-709-v\\\/#primaryimage\"},\"image\":{\"@id\":\"https:\\\/\\\/fadein.es\\\/fr\\\/producto\\\/fadein-709-v\\\/#primaryimage\"},\"thumbnailUrl\":\"https:\\\/\\\/fadein.es\\\/wp-content\\\/uploads\\\/2022\\\/11\\\/FADEIN-709-V.png\",\"datePublished\":\"2022-09-16T07:39:04+00:00\",\"dateModified\":\"2025-11-24T17:22:50+00:00\",\"description\":\"Solution hydro-alcoolique d\u00e9sinfectante, formul\u00e9e pour la d\u00e9sinfection par contact des surfaces et des ustensiles apr\u00e8s le nettoyage.\",\"breadcrumb\":{\"@id\":\"https:\\\/\\\/fadein.es\\\/fr\\\/producto\\\/fadein-709-v\\\/#breadcrumb\"},\"inLanguage\":\"fr-FR\",\"potentialAction\":[{\"@type\":\"ReadAction\",\"target\":[\"https:\\\/\\\/fadein.es\\\/fr\\\/producto\\\/fadein-709-v\\\/\"]}]},{\"@type\":\"ImageObject\",\"inLanguage\":\"fr-FR\",\"@id\":\"https:\\\/\\\/fadein.es\\\/fr\\\/producto\\\/fadein-709-v\\\/#primaryimage\",\"url\":\"https:\\\/\\\/fadein.es\\\/wp-content\\\/uploads\\\/2022\\\/11\\\/FADEIN-709-V.png\",\"contentUrl\":\"https:\\\/\\\/fadein.es\\\/wp-content\\\/uploads\\\/2022\\\/11\\\/FADEIN-709-V.png\",\"width\":2048,\"height\":1805,\"caption\":\"FADEIN-709-V 5 L\"},{\"@type\":\"BreadcrumbList\",\"@id\":\"https:\\\/\\\/fadein.es\\\/fr\\\/producto\\\/fadein-709-v\\\/#breadcrumb\",\"itemListElement\":[{\"@type\":\"ListItem\",\"position\":1,\"name\":\"Portada\",\"item\":\"https:\\\/\\\/fadein.es\\\/fr\\\/accueil\\\/\"},{\"@type\":\"ListItem\",\"position\":2,\"name\":\"Boutique\",\"item\":\"https:\\\/\\\/fadein.es\\\/fr\\\/boutique\\\/\"},{\"@type\":\"ListItem\",\"position\":3,\"name\":\"FADEIN-709-V\"}]},{\"@type\":\"WebSite\",\"@id\":\"https:\\\/\\\/fadein.es\\\/fr\\\/#website\",\"url\":\"https:\\\/\\\/fadein.es\\\/fr\\\/\",\"name\":\"Fadein\",\"description\":\"Detergentes de alto rendimiento\",\"publisher\":{\"@id\":\"https:\\\/\\\/fadein.es\\\/fr\\\/#organization\"},\"alternateName\":\"Detergentes de alto rendimiento\",\"potentialAction\":[{\"@type\":\"SearchAction\",\"target\":{\"@type\":\"EntryPoint\",\"urlTemplate\":\"https:\\\/\\\/fadein.es\\\/fr\\\/?s={search_term_string}\"},\"query-input\":{\"@type\":\"PropertyValueSpecification\",\"valueRequired\":true,\"valueName\":\"search_term_string\"}}],\"inLanguage\":\"fr-FR\"},{\"@type\":\"Organization\",\"@id\":\"https:\\\/\\\/fadein.es\\\/fr\\\/#organization\",\"name\":\"Fadein\",\"alternateName\":\"Detergentes de alto rendimiento\",\"url\":\"https:\\\/\\\/fadein.es\\\/fr\\\/\",\"logo\":{\"@type\":\"ImageObject\",\"inLanguage\":\"fr-FR\",\"@id\":\"https:\\\/\\\/fadein.es\\\/fr\\\/#\\\/schema\\\/logo\\\/image\\\/\",\"url\":\"https:\\\/\\\/fadein.es\\\/wp-content\\\/uploads\\\/2021\\\/05\\\/fadein-deterdentes-de-alto-rendimiento.png\",\"contentUrl\":\"https:\\\/\\\/fadein.es\\\/wp-content\\\/uploads\\\/2021\\\/05\\\/fadein-deterdentes-de-alto-rendimiento.png\",\"width\":512,\"height\":512,\"caption\":\"Fadein\"},\"image\":{\"@id\":\"https:\\\/\\\/fadein.es\\\/fr\\\/#\\\/schema\\\/logo\\\/image\\\/\"}}]}<\/script>\n<!-- \/ Yoast SEO Premium plugin. -->","yoast_head_json":{"title":"FADEIN-709-V D\u00e9sinfectant alcoolique pour surfaces et ustensiles","description":"Solution hydro-alcoolique d\u00e9sinfectante, formul\u00e9e pour la d\u00e9sinfection par contact des surfaces et des ustensiles apr\u00e8s le nettoyage.","robots":{"index":"index","follow":"follow","max-snippet":"max-snippet:-1","max-image-preview":"max-image-preview:large","max-video-preview":"max-video-preview:-1"},"canonical":"https:\/\/fadein.es\/fr\/producto\/fadein-709-v\/","og_locale":"fr_FR","og_type":"article","og_title":"FADEIN-709-V","og_description":"Solution hydro-alcoolique d\u00e9sinfectante, formul\u00e9e pour la d\u00e9sinfection par contact des surfaces et des ustensiles apr\u00e8s le nettoyage.","og_url":"https:\/\/fadein.es\/fr\/producto\/fadein-709-v\/","og_site_name":"Fadein","article_modified_time":"2025-11-24T17:22:50+00:00","og_image":[{"width":2048,"height":1805,"url":"https:\/\/fadein.es\/wp-content\/uploads\/2022\/11\/FADEIN-709-V.png","type":"image\/png"}],"twitter_card":"summary_large_image","twitter_misc":{"Dur\u00e9e de lecture estim\u00e9e":"2 minutes"},"schema":{"@context":"https:\/\/schema.org","@graph":[{"@type":"WebPage","@id":"https:\/\/fadein.es\/fr\/producto\/fadein-709-v\/","url":"https:\/\/fadein.es\/fr\/producto\/fadein-709-v\/","name":"FADEIN-709-V D\u00e9sinfectant alcoolique pour surfaces et ustensiles","isPartOf":{"@id":"https:\/\/fadein.es\/fr\/#website"},"primaryImageOfPage":{"@id":"https:\/\/fadein.es\/fr\/producto\/fadein-709-v\/#primaryimage"},"image":{"@id":"https:\/\/fadein.es\/fr\/producto\/fadein-709-v\/#primaryimage"},"thumbnailUrl":"https:\/\/fadein.es\/wp-content\/uploads\/2022\/11\/FADEIN-709-V.png","datePublished":"2022-09-16T07:39:04+00:00","dateModified":"2025-11-24T17:22:50+00:00","description":"Solution hydro-alcoolique d\u00e9sinfectante, formul\u00e9e pour la d\u00e9sinfection par contact des surfaces et des ustensiles apr\u00e8s le nettoyage.","breadcrumb":{"@id":"https:\/\/fadein.es\/fr\/producto\/fadein-709-v\/#breadcrumb"},"inLanguage":"fr-FR","potentialAction":[{"@type":"ReadAction","target":["https:\/\/fadein.es\/fr\/producto\/fadein-709-v\/"]}]},{"@type":"ImageObject","inLanguage":"fr-FR","@id":"https:\/\/fadein.es\/fr\/producto\/fadein-709-v\/#primaryimage","url":"https:\/\/fadein.es\/wp-content\/uploads\/2022\/11\/FADEIN-709-V.png","contentUrl":"https:\/\/fadein.es\/wp-content\/uploads\/2022\/11\/FADEIN-709-V.png","width":2048,"height":1805,"caption":"FADEIN-709-V 5 L"},{"@type":"BreadcrumbList","@id":"https:\/\/fadein.es\/fr\/producto\/fadein-709-v\/#breadcrumb","itemListElement":[{"@type":"ListItem","position":1,"name":"Portada","item":"https:\/\/fadein.es\/fr\/accueil\/"},{"@type":"ListItem","position":2,"name":"Boutique","item":"https:\/\/fadein.es\/fr\/boutique\/"},{"@type":"ListItem","position":3,"name":"FADEIN-709-V"}]},{"@type":"WebSite","@id":"https:\/\/fadein.es\/fr\/#website","url":"https:\/\/fadein.es\/fr\/","name":"Fadein","description":"Detergentes de alto rendimiento","publisher":{"@id":"https:\/\/fadein.es\/fr\/#organization"},"alternateName":"Detergentes de alto rendimiento","potentialAction":[{"@type":"SearchAction","target":{"@type":"EntryPoint","urlTemplate":"https:\/\/fadein.es\/fr\/?s={search_term_string}"},"query-input":{"@type":"PropertyValueSpecification","valueRequired":true,"valueName":"search_term_string"}}],"inLanguage":"fr-FR"},{"@type":"Organization","@id":"https:\/\/fadein.es\/fr\/#organization","name":"Fadein","alternateName":"Detergentes de alto rendimiento","url":"https:\/\/fadein.es\/fr\/","logo":{"@type":"ImageObject","inLanguage":"fr-FR","@id":"https:\/\/fadein.es\/fr\/#\/schema\/logo\/image\/","url":"https:\/\/fadein.es\/wp-content\/uploads\/2021\/05\/fadein-deterdentes-de-alto-rendimiento.png","contentUrl":"https:\/\/fadein.es\/wp-content\/uploads\/2021\/05\/fadein-deterdentes-de-alto-rendimiento.png","width":512,"height":512,"caption":"Fadein"},"image":{"@id":"https:\/\/fadein.es\/fr\/#\/schema\/logo\/image\/"}}]}},"_links":{"self":[{"href":"https:\/\/fadein.es\/fr\/wp-json\/wp\/v2\/product\/6619","targetHints":{"allow":["GET"]}}],"collection":[{"href":"https:\/\/fadein.es\/fr\/wp-json\/wp\/v2\/product"}],"about":[{"href":"https:\/\/fadein.es\/fr\/wp-json\/wp\/v2\/types\/product"}],"replies":[{"embeddable":true,"href":"https:\/\/fadein.es\/fr\/wp-json\/wp\/v2\/comments?post=6619"}],"wp:featuredmedia":[{"embeddable":true,"href":"https:\/\/fadein.es\/fr\/wp-json\/wp\/v2\/media\/5980"}],"wp:attachment":[{"href":"https:\/\/fadein.es\/fr\/wp-json\/wp\/v2\/media?parent=6619"}],"wp:term":[{"taxonomy":"product_brand","embeddable":true,"href":"https:\/\/fadein.es\/fr\/wp-json\/wp\/v2\/product_brand?post=6619"},{"taxonomy":"product_cat","embeddable":true,"href":"https:\/\/fadein.es\/fr\/wp-json\/wp\/v2\/product_cat?post=6619"},{"taxonomy":"product_tag","embeddable":true,"href":"https:\/\/fadein.es\/fr\/wp-json\/wp\/v2\/product_tag?post=6619"}],"curies":[{"name":"wp","href":"https:\/\/api.w.org\/{rel}","templated":true}]}}