{"id":6618,"date":"2022-09-16T07:39:05","date_gmt":"2022-09-16T07:39:05","guid":{"rendered":"https:\/\/fadein.es\/producto\/fadein-323-a\/"},"modified":"2023-10-30T09:26:44","modified_gmt":"2023-10-30T09:26:44","slug":"fadein-323-a","status":"publish","type":"product","link":"https:\/\/fadein.es\/fr\/producto\/fadein-323-a\/","title":{"rendered":"FADEIN-323-A"},"content":{"rendered":"<p>FADEIN-323-A est un additif concentr\u00e9 \u00e0 base de silicones sp\u00e9ciaux anti-mousse.<br \/>\nIls ont un grand pouvoir de r\u00e9duction de la mousse. Comme il est tr\u00e8s concentr\u00e9, il peut \u00eatre utilis\u00e9 en doses minimales. N&rsquo;affecte pas les propri\u00e9t\u00e9s physico-chimiques des d\u00e9tergents. Sp\u00e9cial \u00e0 ajouter \u00e0 n&rsquo;importe quel d\u00e9tergent, lorsqu&rsquo;il est n\u00e9cessaire de r\u00e9duire son pouvoir moussant. Neutralise l&rsquo;exc\u00e8s de mousse r\u00e9sultant de l&rsquo;interaction d&rsquo;un d\u00e9tergent alcalin avec la salet\u00e9. Il est con\u00e7u pour neutraliser l&rsquo;exc\u00e8s de mousse r\u00e9sultant de l&rsquo;interaction d&rsquo;un d\u00e9tergent alcalin avec la salet\u00e9, comme dans les cas suivants : laveurs de caisses de pulv\u00e9risation, circuits ferm\u00e9s, nettoyage CIP, laveurs de bouteilles, d\u00e9pouilleurs de porcs, etc.<\/p>\n<p>Les images, vid\u00e9os et informations pr\u00e9sent\u00e9es dans cet espace sont purement illustratives et non contractuelles, peuvent \u00eatre optionnelles ou non disponibles selon les mod\u00e8les, et ne constituent pas une offre. Vous pouvez contacter le service commercial de FADEIN pour toute information compl\u00e9mentaire ou demande de cotation de nos produits.<\/p>\n","protected":false},"excerpt":{"rendered":"<p>Additif anti-mousse concentr\u00e9<\/p>\n","protected":false},"featured_media":11728,"comment_status":"open","ping_status":"closed","template":"","meta":{"_et_pb_use_builder":"off","_et_pb_old_content":"","_et_gb_content_width":""},"product_brand":[],"product_cat":[379,1073,1076],"product_tag":[440],"class_list":{"0":"post-6618","1":"product","2":"type-product","3":"status-publish","4":"has-post-thumbnail","6":"product_cat-alimentation","7":"product_cat-halal","8":"product_cat-usage-professionnel-industriel","9":"product_tag-produit-additif","11":"first","12":"instock","13":"taxable","14":"shipping-taxable","15":"purchasable","16":"product-type-simple"},"yoast_head":"<!-- This site is optimized with the Yoast SEO Premium plugin v27.2 (Yoast SEO v27.2) - https:\/\/yoast.com\/product\/yoast-seo-premium-wordpress\/ -->\n<title>\u1409 FADEIN-323-A | FADEIN-323-A en Fadein<\/title>\n<meta name=\"description\" content=\"\ud83e\udd47 Entra y descubre \u261d FADEIN-323-A. Disponible en distintos tama\u00f1os y vol\u00famenes... comprar FADEIN-323-A al mejor precio \u2705 FADEIN-323-A recomendado para...\" \/>\n<meta name=\"robots\" content=\"index, follow, max-snippet:-1, max-image-preview:large, max-video-preview:-1\" \/>\n<link rel=\"canonical\" href=\"https:\/\/fadein.es\/fr\/producto\/fadein-323-a\/\" \/>\n<meta property=\"og:locale\" content=\"fr_FR\" \/>\n<meta property=\"og:type\" content=\"article\" \/>\n<meta property=\"og:title\" content=\"FADEIN-323-A\" \/>\n<meta property=\"og:description\" content=\"\ud83e\udd47 Entra y descubre \u261d FADEIN-323-A. Disponible en distintos tama\u00f1os y vol\u00famenes... comprar FADEIN-323-A al mejor precio \u2705 FADEIN-323-A recomendado para...\" \/>\n<meta property=\"og:url\" content=\"https:\/\/fadein.es\/fr\/producto\/fadein-323-a\/\" \/>\n<meta property=\"og:site_name\" content=\"Fadein\" \/>\n<meta property=\"article:modified_time\" content=\"2023-10-30T09:26:44+00:00\" \/>\n<meta property=\"og:image\" content=\"https:\/\/fadein.es\/wp-content\/uploads\/2025\/11\/FADEIN-323A-20-KG.jpg\" \/>\n\t<meta property=\"og:image:width\" content=\"1353\" \/>\n\t<meta property=\"og:image:height\" content=\"1519\" \/>\n\t<meta property=\"og:image:type\" content=\"image\/jpeg\" \/>\n<meta name=\"twitter:card\" content=\"summary_large_image\" \/>\n<meta name=\"twitter:label1\" content=\"Dur\u00e9e de lecture estim\u00e9e\" \/>\n\t<meta name=\"twitter:data1\" content=\"1 minute\" \/>\n<script type=\"application\/ld+json\" class=\"yoast-schema-graph\">{\"@context\":\"https:\/\/schema.org\",\"@graph\":[{\"@type\":\"WebPage\",\"@id\":\"https:\/\/fadein.es\/fr\/producto\/fadein-323-a\/\",\"url\":\"https:\/\/fadein.es\/fr\/producto\/fadein-323-a\/\",\"name\":\"\u1409 FADEIN-323-A | FADEIN-323-A en Fadein\",\"isPartOf\":{\"@id\":\"https:\/\/fadein.es\/fr\/#website\"},\"primaryImageOfPage\":{\"@id\":\"https:\/\/fadein.es\/fr\/producto\/fadein-323-a\/#primaryimage\"},\"image\":{\"@id\":\"https:\/\/fadein.es\/fr\/producto\/fadein-323-a\/#primaryimage\"},\"thumbnailUrl\":\"https:\/\/fadein.es\/wp-content\/uploads\/2026\/02\/FADEIN-323-A-20KG-e1771498799861.jpg\",\"datePublished\":\"2022-09-16T07:39:05+00:00\",\"dateModified\":\"2023-10-30T09:26:44+00:00\",\"description\":\"\ud83e\udd47 Entra y descubre \u261d FADEIN-323-A. Disponible en distintos tama\u00f1os y vol\u00famenes... comprar FADEIN-323-A al mejor precio \u2705 FADEIN-323-A recomendado para...\",\"breadcrumb\":{\"@id\":\"https:\/\/fadein.es\/fr\/producto\/fadein-323-a\/#breadcrumb\"},\"inLanguage\":\"fr-FR\",\"potentialAction\":[{\"@type\":\"ReadAction\",\"target\":[\"https:\/\/fadein.es\/fr\/producto\/fadein-323-a\/\"]}]},{\"@type\":\"ImageObject\",\"inLanguage\":\"fr-FR\",\"@id\":\"https:\/\/fadein.es\/fr\/producto\/fadein-323-a\/#primaryimage\",\"url\":\"https:\/\/fadein.es\/wp-content\/uploads\/2026\/02\/FADEIN-323-A-20KG-e1771498799861.jpg\",\"contentUrl\":\"https:\/\/fadein.es\/wp-content\/uploads\/2026\/02\/FADEIN-323-A-20KG-e1771498799861.jpg\",\"width\":1353,\"height\":1211,\"caption\":\"FADEIN-323A 20 KG\"},{\"@type\":\"BreadcrumbList\",\"@id\":\"https:\/\/fadein.es\/fr\/producto\/fadein-323-a\/#breadcrumb\",\"itemListElement\":[{\"@type\":\"ListItem\",\"position\":1,\"name\":\"Portada\",\"item\":\"https:\/\/fadein.es\/fr\/accueil\/\"},{\"@type\":\"ListItem\",\"position\":2,\"name\":\"Boutique\",\"item\":\"https:\/\/fadein.es\/fr\/boutique\/\"},{\"@type\":\"ListItem\",\"position\":3,\"name\":\"FADEIN-323-A\"}]},{\"@type\":\"WebSite\",\"@id\":\"https:\/\/fadein.es\/fr\/#website\",\"url\":\"https:\/\/fadein.es\/fr\/\",\"name\":\"Fadein\",\"description\":\"Detergentes de alto rendimiento\",\"publisher\":{\"@id\":\"https:\/\/fadein.es\/fr\/#organization\"},\"alternateName\":\"Detergentes de alto rendimiento\",\"potentialAction\":[{\"@type\":\"SearchAction\",\"target\":{\"@type\":\"EntryPoint\",\"urlTemplate\":\"https:\/\/fadein.es\/fr\/?s={search_term_string}\"},\"query-input\":{\"@type\":\"PropertyValueSpecification\",\"valueRequired\":true,\"valueName\":\"search_term_string\"}}],\"inLanguage\":\"fr-FR\"},{\"@type\":\"Organization\",\"@id\":\"https:\/\/fadein.es\/fr\/#organization\",\"name\":\"Fadein\",\"alternateName\":\"Detergentes de alto rendimiento\",\"url\":\"https:\/\/fadein.es\/fr\/\",\"logo\":{\"@type\":\"ImageObject\",\"inLanguage\":\"fr-FR\",\"@id\":\"https:\/\/fadein.es\/fr\/#\/schema\/logo\/image\/\",\"url\":\"https:\/\/fadein.es\/wp-content\/uploads\/2021\/05\/fadein-deterdentes-de-alto-rendimiento.png\",\"contentUrl\":\"https:\/\/fadein.es\/wp-content\/uploads\/2021\/05\/fadein-deterdentes-de-alto-rendimiento.png\",\"width\":512,\"height\":512,\"caption\":\"Fadein\"},\"image\":{\"@id\":\"https:\/\/fadein.es\/fr\/#\/schema\/logo\/image\/\"}}]}<\/script>\n<!-- \/ Yoast SEO Premium plugin. -->","yoast_head_json":{"title":"\u1409 FADEIN-323-A | FADEIN-323-A en Fadein","description":"\ud83e\udd47 Entra y descubre \u261d FADEIN-323-A. Disponible en distintos tama\u00f1os y vol\u00famenes... comprar FADEIN-323-A al mejor precio \u2705 FADEIN-323-A recomendado para...","robots":{"index":"index","follow":"follow","max-snippet":"max-snippet:-1","max-image-preview":"max-image-preview:large","max-video-preview":"max-video-preview:-1"},"canonical":"https:\/\/fadein.es\/fr\/producto\/fadein-323-a\/","og_locale":"fr_FR","og_type":"article","og_title":"FADEIN-323-A","og_description":"\ud83e\udd47 Entra y descubre \u261d FADEIN-323-A. Disponible en distintos tama\u00f1os y vol\u00famenes... comprar FADEIN-323-A al mejor precio \u2705 FADEIN-323-A recomendado para...","og_url":"https:\/\/fadein.es\/fr\/producto\/fadein-323-a\/","og_site_name":"Fadein","article_modified_time":"2023-10-30T09:26:44+00:00","og_image":[{"width":1353,"height":1519,"url":"https:\/\/fadein.es\/wp-content\/uploads\/2025\/11\/FADEIN-323A-20-KG.jpg","type":"image\/jpeg"}],"twitter_card":"summary_large_image","twitter_misc":{"Dur\u00e9e de lecture estim\u00e9e":"1 minute"},"schema":{"@context":"https:\/\/schema.org","@graph":[{"@type":"WebPage","@id":"https:\/\/fadein.es\/fr\/producto\/fadein-323-a\/","url":"https:\/\/fadein.es\/fr\/producto\/fadein-323-a\/","name":"\u1409 FADEIN-323-A | FADEIN-323-A en Fadein","isPartOf":{"@id":"https:\/\/fadein.es\/fr\/#website"},"primaryImageOfPage":{"@id":"https:\/\/fadein.es\/fr\/producto\/fadein-323-a\/#primaryimage"},"image":{"@id":"https:\/\/fadein.es\/fr\/producto\/fadein-323-a\/#primaryimage"},"thumbnailUrl":"https:\/\/fadein.es\/wp-content\/uploads\/2026\/02\/FADEIN-323-A-20KG-e1771498799861.jpg","datePublished":"2022-09-16T07:39:05+00:00","dateModified":"2023-10-30T09:26:44+00:00","description":"\ud83e\udd47 Entra y descubre \u261d FADEIN-323-A. Disponible en distintos tama\u00f1os y vol\u00famenes... comprar FADEIN-323-A al mejor precio \u2705 FADEIN-323-A recomendado para...","breadcrumb":{"@id":"https:\/\/fadein.es\/fr\/producto\/fadein-323-a\/#breadcrumb"},"inLanguage":"fr-FR","potentialAction":[{"@type":"ReadAction","target":["https:\/\/fadein.es\/fr\/producto\/fadein-323-a\/"]}]},{"@type":"ImageObject","inLanguage":"fr-FR","@id":"https:\/\/fadein.es\/fr\/producto\/fadein-323-a\/#primaryimage","url":"https:\/\/fadein.es\/wp-content\/uploads\/2026\/02\/FADEIN-323-A-20KG-e1771498799861.jpg","contentUrl":"https:\/\/fadein.es\/wp-content\/uploads\/2026\/02\/FADEIN-323-A-20KG-e1771498799861.jpg","width":1353,"height":1211,"caption":"FADEIN-323A 20 KG"},{"@type":"BreadcrumbList","@id":"https:\/\/fadein.es\/fr\/producto\/fadein-323-a\/#breadcrumb","itemListElement":[{"@type":"ListItem","position":1,"name":"Portada","item":"https:\/\/fadein.es\/fr\/accueil\/"},{"@type":"ListItem","position":2,"name":"Boutique","item":"https:\/\/fadein.es\/fr\/boutique\/"},{"@type":"ListItem","position":3,"name":"FADEIN-323-A"}]},{"@type":"WebSite","@id":"https:\/\/fadein.es\/fr\/#website","url":"https:\/\/fadein.es\/fr\/","name":"Fadein","description":"Detergentes de alto rendimiento","publisher":{"@id":"https:\/\/fadein.es\/fr\/#organization"},"alternateName":"Detergentes de alto rendimiento","potentialAction":[{"@type":"SearchAction","target":{"@type":"EntryPoint","urlTemplate":"https:\/\/fadein.es\/fr\/?s={search_term_string}"},"query-input":{"@type":"PropertyValueSpecification","valueRequired":true,"valueName":"search_term_string"}}],"inLanguage":"fr-FR"},{"@type":"Organization","@id":"https:\/\/fadein.es\/fr\/#organization","name":"Fadein","alternateName":"Detergentes de alto rendimiento","url":"https:\/\/fadein.es\/fr\/","logo":{"@type":"ImageObject","inLanguage":"fr-FR","@id":"https:\/\/fadein.es\/fr\/#\/schema\/logo\/image\/","url":"https:\/\/fadein.es\/wp-content\/uploads\/2021\/05\/fadein-deterdentes-de-alto-rendimiento.png","contentUrl":"https:\/\/fadein.es\/wp-content\/uploads\/2021\/05\/fadein-deterdentes-de-alto-rendimiento.png","width":512,"height":512,"caption":"Fadein"},"image":{"@id":"https:\/\/fadein.es\/fr\/#\/schema\/logo\/image\/"}}]}},"_links":{"self":[{"href":"https:\/\/fadein.es\/fr\/wp-json\/wp\/v2\/product\/6618","targetHints":{"allow":["GET"]}}],"collection":[{"href":"https:\/\/fadein.es\/fr\/wp-json\/wp\/v2\/product"}],"about":[{"href":"https:\/\/fadein.es\/fr\/wp-json\/wp\/v2\/types\/product"}],"replies":[{"embeddable":true,"href":"https:\/\/fadein.es\/fr\/wp-json\/wp\/v2\/comments?post=6618"}],"wp:featuredmedia":[{"embeddable":true,"href":"https:\/\/fadein.es\/fr\/wp-json\/wp\/v2\/media\/11728"}],"wp:attachment":[{"href":"https:\/\/fadein.es\/fr\/wp-json\/wp\/v2\/media?parent=6618"}],"wp:term":[{"taxonomy":"product_brand","embeddable":true,"href":"https:\/\/fadein.es\/fr\/wp-json\/wp\/v2\/product_brand?post=6618"},{"taxonomy":"product_cat","embeddable":true,"href":"https:\/\/fadein.es\/fr\/wp-json\/wp\/v2\/product_cat?post=6618"},{"taxonomy":"product_tag","embeddable":true,"href":"https:\/\/fadein.es\/fr\/wp-json\/wp\/v2\/product_tag?post=6618"}],"curies":[{"name":"wp","href":"https:\/\/api.w.org\/{rel}","templated":true}]}}