{"id":6609,"date":"2022-09-16T07:39:05","date_gmt":"2022-09-16T07:39:05","guid":{"rendered":"https:\/\/fadein.es\/producto\/fadein-hydroalcoholic-gel\/"},"modified":"2023-10-30T09:26:42","modified_gmt":"2023-10-30T09:26:42","slug":"fadein-gel-hydroalcoolique","status":"publish","type":"product","link":"https:\/\/fadein.es\/fr\/producto\/fadein-gel-hydroalcoolique\/","title":{"rendered":"FADEIN-HYDROALCOHOLIC GEL"},"content":{"rendered":"<p>FADEIN-HIDROALCOHOLIC GEL est un gel nettoyant pour les mains \u00e0 utiliser directement sans rin\u00e7age. Il convient au nettoyage des mains de tous les professionnels qui ont besoin de se nettoyer les mains rapidement. Formul\u00e9 avec un pourcentage \u00e9lev\u00e9 d&rsquo;alcool pour une \u00e9vaporation rapide et de la glyc\u00e9rine comme \u00e9mollient pour \u00e9viter le dess\u00e8chement des mains. Il s&rsquo;agit d&rsquo;un produit sp\u00e9cifiquement con\u00e7u pour \u00eatre utilis\u00e9 dans tout type d&rsquo;industrie ou d&rsquo;activit\u00e9 n\u00e9cessitant un nettoyage des mains sans rin\u00e7age.  <\/p>\n<p>Les images, vid\u00e9os et informations pr\u00e9sent\u00e9es dans cet espace sont purement illustratives et non contractuelles, peuvent \u00eatre optionnelles ou non disponibles selon les mod\u00e8les, et ne constituent pas une offre. Vous pouvez contacter le service commercial de FADEIN pour toute information compl\u00e9mentaire ou demande de cotation de nos produits.<\/p>\n","protected":false},"excerpt":{"rendered":"<p>Gel hydroalcoolique d\u00e9sinfectant pour les mains.<\/p>\n","protected":false},"featured_media":6066,"comment_status":"open","ping_status":"closed","template":"","meta":{"_et_pb_use_builder":"off","_et_pb_old_content":"FADEIN-HIDROALCOHOLIC GEL est un gel nettoyant pour les mains \u00e0 utiliser directement sans rin\u00e7age. Il convient au nettoyage des mains de tous les professionnels qui ont besoin de se nettoyer les mains rapidement. Formul\u00e9 avec un pourcentage \u00e9lev\u00e9 d'alcool pour une \u00e9vaporation rapide et de la glyc\u00e9rine comme \u00e9mollient pour \u00e9viter le dess\u00e8chement des mains. Il s'agit d'un produit sp\u00e9cifiquement con\u00e7u pour \u00eatre utilis\u00e9 dans tout type d'industrie ou d'activit\u00e9 n\u00e9cessitant un nettoyage des mains sans rin\u00e7age.","_et_gb_content_width":""},"product_brand":[],"product_cat":[379,388,374,383,386,394,405,398,409,399,401,402,403,397,381,404,406,407,408,396,392,1076,391],"product_tag":[410],"class_list":{"0":"post-6609","1":"product","2":"type-product","3":"status-publish","4":"has-post-thumbnail","6":"product_cat-alimentation","7":"product_cat-avicola-cunicula-fr","8":"product_cat-collectivites","9":"product_cat-ecoles-et-residences","10":"product_cat-entretien-general","11":"product_cat-fruits-et-legumes","12":"product_cat-hotels","13":"product_cat-hygiene-personnelle","14":"product_cat-hygiene-personnelle-fr-5","15":"product_cat-hygiene-personnelle-fr","16":"product_cat-hygiene-personnelle-fr-2","17":"product_cat-hygiene-personnelle-fr-3","18":"product_cat-hygiene-personnelle-fr-4","19":"product_cat-lacteas-fr","20":"product_cat-les-restaurants-et-la-restauration","21":"product_cat-nettoyage-des-mains","22":"product_cat-nettoyage-des-mains-fr","23":"product_cat-nettoyage-des-mains-fr-2","24":"product_cat-nettoyage-des-mains-fr-3","25":"product_cat-obradores-fr","26":"product_cat-poissons","27":"product_cat-usage-professionnel-industriel","28":"product_cat-viande","29":"product_tag-lavage-a-la-main","31":"first","32":"instock","33":"taxable","34":"shipping-taxable","35":"purchasable","36":"product-type-simple"},"yoast_head":"<!-- This site is optimized with the Yoast SEO Premium plugin v27.2 (Yoast SEO v27.5) - https:\/\/yoast.com\/product\/yoast-seo-premium-wordpress\/ -->\n<title>\u1409 FADEIN-HYDROALCOHOLIC GEL | FADEIN-HYDROALCOHOLIC GEL en Fadein<\/title>\n<meta name=\"description\" content=\"\ud83e\udd47 Entra y descubre \u261d FADEIN-HYDROALCOHOLIC GEL. Disponible en distintos tama\u00f1os y vol\u00famenes... comprar FADEIN-HYDROALCOHOLIC GEL al mejor precio \u2705 FADEIN-HYDROALCOHOLIC GEL recomendado para...\" \/>\n<meta name=\"robots\" content=\"index, follow, max-snippet:-1, max-image-preview:large, max-video-preview:-1\" \/>\n<link rel=\"canonical\" href=\"https:\/\/fadein.es\/fr\/producto\/fadein-gel-hydroalcoolique\/\" \/>\n<meta property=\"og:locale\" content=\"fr_FR\" \/>\n<meta property=\"og:type\" content=\"article\" \/>\n<meta property=\"og:title\" content=\"FADEIN-HYDROALCOHOLIC GEL\" \/>\n<meta property=\"og:description\" content=\"\ud83e\udd47 Entra y descubre \u261d FADEIN-HYDROALCOHOLIC GEL. Disponible en distintos tama\u00f1os y vol\u00famenes... comprar FADEIN-HYDROALCOHOLIC GEL al mejor precio \u2705 FADEIN-HYDROALCOHOLIC GEL recomendado para...\" \/>\n<meta property=\"og:url\" content=\"https:\/\/fadein.es\/fr\/producto\/fadein-gel-hydroalcoolique\/\" \/>\n<meta property=\"og:site_name\" content=\"Fadein\" \/>\n<meta property=\"article:modified_time\" content=\"2023-10-30T09:26:42+00:00\" \/>\n<meta property=\"og:image\" content=\"https:\/\/fadein.es\/wp-content\/uploads\/2022\/11\/FADEIN-GEL-HIDROALCOHOLICO-Nuevo.png\" \/>\n\t<meta property=\"og:image:width\" content=\"2048\" \/>\n\t<meta property=\"og:image:height\" content=\"1805\" \/>\n\t<meta property=\"og:image:type\" content=\"image\/png\" \/>\n<meta name=\"twitter:card\" content=\"summary_large_image\" \/>\n<meta name=\"twitter:label1\" content=\"Dur\u00e9e de lecture estim\u00e9e\" \/>\n\t<meta name=\"twitter:data1\" content=\"1 minute\" \/>\n<script type=\"application\/ld+json\" class=\"yoast-schema-graph\">{\"@context\":\"https:\\\/\\\/schema.org\",\"@graph\":[{\"@type\":\"WebPage\",\"@id\":\"https:\\\/\\\/fadein.es\\\/fr\\\/producto\\\/fadein-gel-hydroalcoolique\\\/\",\"url\":\"https:\\\/\\\/fadein.es\\\/fr\\\/producto\\\/fadein-gel-hydroalcoolique\\\/\",\"name\":\"\u1409 FADEIN-HYDROALCOHOLIC GEL | FADEIN-HYDROALCOHOLIC GEL en Fadein\",\"isPartOf\":{\"@id\":\"https:\\\/\\\/fadein.es\\\/fr\\\/#website\"},\"primaryImageOfPage\":{\"@id\":\"https:\\\/\\\/fadein.es\\\/fr\\\/producto\\\/fadein-gel-hydroalcoolique\\\/#primaryimage\"},\"image\":{\"@id\":\"https:\\\/\\\/fadein.es\\\/fr\\\/producto\\\/fadein-gel-hydroalcoolique\\\/#primaryimage\"},\"thumbnailUrl\":\"https:\\\/\\\/fadein.es\\\/wp-content\\\/uploads\\\/2022\\\/11\\\/FADEIN-GEL-HIDROALCOHOLICO-Nuevo.png\",\"datePublished\":\"2022-09-16T07:39:05+00:00\",\"dateModified\":\"2023-10-30T09:26:42+00:00\",\"description\":\"\ud83e\udd47 Entra y descubre \u261d FADEIN-HYDROALCOHOLIC GEL. Disponible en distintos tama\u00f1os y vol\u00famenes... comprar FADEIN-HYDROALCOHOLIC GEL al mejor precio \u2705 FADEIN-HYDROALCOHOLIC GEL recomendado para...\",\"breadcrumb\":{\"@id\":\"https:\\\/\\\/fadein.es\\\/fr\\\/producto\\\/fadein-gel-hydroalcoolique\\\/#breadcrumb\"},\"inLanguage\":\"fr-FR\",\"potentialAction\":[{\"@type\":\"ReadAction\",\"target\":[\"https:\\\/\\\/fadein.es\\\/fr\\\/producto\\\/fadein-gel-hydroalcoolique\\\/\"]}]},{\"@type\":\"ImageObject\",\"inLanguage\":\"fr-FR\",\"@id\":\"https:\\\/\\\/fadein.es\\\/fr\\\/producto\\\/fadein-gel-hydroalcoolique\\\/#primaryimage\",\"url\":\"https:\\\/\\\/fadein.es\\\/wp-content\\\/uploads\\\/2022\\\/11\\\/FADEIN-GEL-HIDROALCOHOLICO-Nuevo.png\",\"contentUrl\":\"https:\\\/\\\/fadein.es\\\/wp-content\\\/uploads\\\/2022\\\/11\\\/FADEIN-GEL-HIDROALCOHOLICO-Nuevo.png\",\"width\":2048,\"height\":1805,\"caption\":\"FADEIN GEL HIDROALCOHOLICO 5L\"},{\"@type\":\"BreadcrumbList\",\"@id\":\"https:\\\/\\\/fadein.es\\\/fr\\\/producto\\\/fadein-gel-hydroalcoolique\\\/#breadcrumb\",\"itemListElement\":[{\"@type\":\"ListItem\",\"position\":1,\"name\":\"Portada\",\"item\":\"https:\\\/\\\/fadein.es\\\/fr\\\/accueil\\\/\"},{\"@type\":\"ListItem\",\"position\":2,\"name\":\"Boutique\",\"item\":\"https:\\\/\\\/fadein.es\\\/fr\\\/boutique\\\/\"},{\"@type\":\"ListItem\",\"position\":3,\"name\":\"FADEIN-HYDROALCOHOLIC GEL\"}]},{\"@type\":\"WebSite\",\"@id\":\"https:\\\/\\\/fadein.es\\\/fr\\\/#website\",\"url\":\"https:\\\/\\\/fadein.es\\\/fr\\\/\",\"name\":\"Fadein\",\"description\":\"Detergentes de alto rendimiento\",\"publisher\":{\"@id\":\"https:\\\/\\\/fadein.es\\\/fr\\\/#organization\"},\"alternateName\":\"Detergentes de alto rendimiento\",\"potentialAction\":[{\"@type\":\"SearchAction\",\"target\":{\"@type\":\"EntryPoint\",\"urlTemplate\":\"https:\\\/\\\/fadein.es\\\/fr\\\/?s={search_term_string}\"},\"query-input\":{\"@type\":\"PropertyValueSpecification\",\"valueRequired\":true,\"valueName\":\"search_term_string\"}}],\"inLanguage\":\"fr-FR\"},{\"@type\":\"Organization\",\"@id\":\"https:\\\/\\\/fadein.es\\\/fr\\\/#organization\",\"name\":\"Fadein\",\"alternateName\":\"Detergentes de alto rendimiento\",\"url\":\"https:\\\/\\\/fadein.es\\\/fr\\\/\",\"logo\":{\"@type\":\"ImageObject\",\"inLanguage\":\"fr-FR\",\"@id\":\"https:\\\/\\\/fadein.es\\\/fr\\\/#\\\/schema\\\/logo\\\/image\\\/\",\"url\":\"https:\\\/\\\/fadein.es\\\/wp-content\\\/uploads\\\/2021\\\/05\\\/fadein-deterdentes-de-alto-rendimiento.png\",\"contentUrl\":\"https:\\\/\\\/fadein.es\\\/wp-content\\\/uploads\\\/2021\\\/05\\\/fadein-deterdentes-de-alto-rendimiento.png\",\"width\":512,\"height\":512,\"caption\":\"Fadein\"},\"image\":{\"@id\":\"https:\\\/\\\/fadein.es\\\/fr\\\/#\\\/schema\\\/logo\\\/image\\\/\"}}]}<\/script>\n<!-- \/ Yoast SEO Premium plugin. -->","yoast_head_json":{"title":"\u1409 FADEIN-HYDROALCOHOLIC GEL | FADEIN-HYDROALCOHOLIC GEL en Fadein","description":"\ud83e\udd47 Entra y descubre \u261d FADEIN-HYDROALCOHOLIC GEL. Disponible en distintos tama\u00f1os y vol\u00famenes... comprar FADEIN-HYDROALCOHOLIC GEL al mejor precio \u2705 FADEIN-HYDROALCOHOLIC GEL recomendado para...","robots":{"index":"index","follow":"follow","max-snippet":"max-snippet:-1","max-image-preview":"max-image-preview:large","max-video-preview":"max-video-preview:-1"},"canonical":"https:\/\/fadein.es\/fr\/producto\/fadein-gel-hydroalcoolique\/","og_locale":"fr_FR","og_type":"article","og_title":"FADEIN-HYDROALCOHOLIC GEL","og_description":"\ud83e\udd47 Entra y descubre \u261d FADEIN-HYDROALCOHOLIC GEL. Disponible en distintos tama\u00f1os y vol\u00famenes... comprar FADEIN-HYDROALCOHOLIC GEL al mejor precio \u2705 FADEIN-HYDROALCOHOLIC GEL recomendado para...","og_url":"https:\/\/fadein.es\/fr\/producto\/fadein-gel-hydroalcoolique\/","og_site_name":"Fadein","article_modified_time":"2023-10-30T09:26:42+00:00","og_image":[{"width":2048,"height":1805,"url":"https:\/\/fadein.es\/wp-content\/uploads\/2022\/11\/FADEIN-GEL-HIDROALCOHOLICO-Nuevo.png","type":"image\/png"}],"twitter_card":"summary_large_image","twitter_misc":{"Dur\u00e9e de lecture estim\u00e9e":"1 minute"},"schema":{"@context":"https:\/\/schema.org","@graph":[{"@type":"WebPage","@id":"https:\/\/fadein.es\/fr\/producto\/fadein-gel-hydroalcoolique\/","url":"https:\/\/fadein.es\/fr\/producto\/fadein-gel-hydroalcoolique\/","name":"\u1409 FADEIN-HYDROALCOHOLIC GEL | FADEIN-HYDROALCOHOLIC GEL en Fadein","isPartOf":{"@id":"https:\/\/fadein.es\/fr\/#website"},"primaryImageOfPage":{"@id":"https:\/\/fadein.es\/fr\/producto\/fadein-gel-hydroalcoolique\/#primaryimage"},"image":{"@id":"https:\/\/fadein.es\/fr\/producto\/fadein-gel-hydroalcoolique\/#primaryimage"},"thumbnailUrl":"https:\/\/fadein.es\/wp-content\/uploads\/2022\/11\/FADEIN-GEL-HIDROALCOHOLICO-Nuevo.png","datePublished":"2022-09-16T07:39:05+00:00","dateModified":"2023-10-30T09:26:42+00:00","description":"\ud83e\udd47 Entra y descubre \u261d FADEIN-HYDROALCOHOLIC GEL. Disponible en distintos tama\u00f1os y vol\u00famenes... comprar FADEIN-HYDROALCOHOLIC GEL al mejor precio \u2705 FADEIN-HYDROALCOHOLIC GEL recomendado para...","breadcrumb":{"@id":"https:\/\/fadein.es\/fr\/producto\/fadein-gel-hydroalcoolique\/#breadcrumb"},"inLanguage":"fr-FR","potentialAction":[{"@type":"ReadAction","target":["https:\/\/fadein.es\/fr\/producto\/fadein-gel-hydroalcoolique\/"]}]},{"@type":"ImageObject","inLanguage":"fr-FR","@id":"https:\/\/fadein.es\/fr\/producto\/fadein-gel-hydroalcoolique\/#primaryimage","url":"https:\/\/fadein.es\/wp-content\/uploads\/2022\/11\/FADEIN-GEL-HIDROALCOHOLICO-Nuevo.png","contentUrl":"https:\/\/fadein.es\/wp-content\/uploads\/2022\/11\/FADEIN-GEL-HIDROALCOHOLICO-Nuevo.png","width":2048,"height":1805,"caption":"FADEIN GEL HIDROALCOHOLICO 5L"},{"@type":"BreadcrumbList","@id":"https:\/\/fadein.es\/fr\/producto\/fadein-gel-hydroalcoolique\/#breadcrumb","itemListElement":[{"@type":"ListItem","position":1,"name":"Portada","item":"https:\/\/fadein.es\/fr\/accueil\/"},{"@type":"ListItem","position":2,"name":"Boutique","item":"https:\/\/fadein.es\/fr\/boutique\/"},{"@type":"ListItem","position":3,"name":"FADEIN-HYDROALCOHOLIC GEL"}]},{"@type":"WebSite","@id":"https:\/\/fadein.es\/fr\/#website","url":"https:\/\/fadein.es\/fr\/","name":"Fadein","description":"Detergentes de alto rendimiento","publisher":{"@id":"https:\/\/fadein.es\/fr\/#organization"},"alternateName":"Detergentes de alto rendimiento","potentialAction":[{"@type":"SearchAction","target":{"@type":"EntryPoint","urlTemplate":"https:\/\/fadein.es\/fr\/?s={search_term_string}"},"query-input":{"@type":"PropertyValueSpecification","valueRequired":true,"valueName":"search_term_string"}}],"inLanguage":"fr-FR"},{"@type":"Organization","@id":"https:\/\/fadein.es\/fr\/#organization","name":"Fadein","alternateName":"Detergentes de alto rendimiento","url":"https:\/\/fadein.es\/fr\/","logo":{"@type":"ImageObject","inLanguage":"fr-FR","@id":"https:\/\/fadein.es\/fr\/#\/schema\/logo\/image\/","url":"https:\/\/fadein.es\/wp-content\/uploads\/2021\/05\/fadein-deterdentes-de-alto-rendimiento.png","contentUrl":"https:\/\/fadein.es\/wp-content\/uploads\/2021\/05\/fadein-deterdentes-de-alto-rendimiento.png","width":512,"height":512,"caption":"Fadein"},"image":{"@id":"https:\/\/fadein.es\/fr\/#\/schema\/logo\/image\/"}}]}},"_links":{"self":[{"href":"https:\/\/fadein.es\/fr\/wp-json\/wp\/v2\/product\/6609","targetHints":{"allow":["GET"]}}],"collection":[{"href":"https:\/\/fadein.es\/fr\/wp-json\/wp\/v2\/product"}],"about":[{"href":"https:\/\/fadein.es\/fr\/wp-json\/wp\/v2\/types\/product"}],"replies":[{"embeddable":true,"href":"https:\/\/fadein.es\/fr\/wp-json\/wp\/v2\/comments?post=6609"}],"wp:featuredmedia":[{"embeddable":true,"href":"https:\/\/fadein.es\/fr\/wp-json\/wp\/v2\/media\/6066"}],"wp:attachment":[{"href":"https:\/\/fadein.es\/fr\/wp-json\/wp\/v2\/media?parent=6609"}],"wp:term":[{"taxonomy":"product_brand","embeddable":true,"href":"https:\/\/fadein.es\/fr\/wp-json\/wp\/v2\/product_brand?post=6609"},{"taxonomy":"product_cat","embeddable":true,"href":"https:\/\/fadein.es\/fr\/wp-json\/wp\/v2\/product_cat?post=6609"},{"taxonomy":"product_tag","embeddable":true,"href":"https:\/\/fadein.es\/fr\/wp-json\/wp\/v2\/product_tag?post=6609"}],"curies":[{"name":"wp","href":"https:\/\/api.w.org\/{rel}","templated":true}]}}