{"id":10836,"date":"2025-10-14T15:22:56","date_gmt":"2025-10-14T13:22:56","guid":{"rendered":"https:\/\/fadein.es\/?post_type=product&#038;p=10836"},"modified":"2025-10-15T10:59:35","modified_gmt":"2025-10-15T08:59:35","slug":"pulverisateur-pp-ik-alcalines-9-copia","status":"publish","type":"product","link":"https:\/\/fadein.es\/fr\/producto\/pulverisateur-pp-ik-alcalines-9-copia\/","title":{"rendered":"PP IK PULV\u00c9RISATEUR ALCALIN PRO 12"},"content":{"rendered":"<p><strong>PULV\u00c9RISATEUR PP IK ALKALINE PRO 12 (ALCALIN <\/strong>) E<span data-teams=\"true\">est un pulv\u00e9risateur professionnel dot\u00e9 des plus hautes performances en termes de s\u00e9curit\u00e9 et de facilit\u00e9 d&rsquo;utilisation. Con\u00e7u pour une r\u00e9sistance maximale aux alcalis, aux alcools et aux c\u00e9tones, ce pulv\u00e9risateur est id\u00e9al pour une utilisation dans divers secteurs, notamment le nettoyage, la d\u00e9sinfection et l&rsquo;industrie automobile. <\/span><\/p>\n<p><strong>Secteurs d&rsquo;utilisation de IK ALK Pro 12 : <\/strong>Construction Nettoyage et d\u00e9sinfection, Automobile et esth\u00e9tique, Contr\u00f4le des virus et \u00e9pid\u00e9mies.<\/p>\n<p><strong>Produits avec lesquels utiliser IK ALK Pro 12 <\/strong>Optimum D\u00e9sinfectants, Alcools, Produits neutres, Alcalis et c\u00e9tones&#8230;<\/p>\n<p><strong>Informations techniques<\/strong><\/p>\n<ul style=\"margin-left: 30px;\"> <!-- margen para crear tabulaci\u00f3n --><\/p>\n<li><strong>Soupape : <\/strong>r\u00e9gl\u00e9e \u00e0 3,5 bar \/ 50 psi d\u00e9pressible<\/li>\n<li><strong>Capacit\u00e9 d&rsquo;utilisation :<\/strong> 8l. &#8211; 2.64 Oz <\/li>\n<li><strong>Capacit\u00e9 totale :<\/strong> 10 litres. &#8211; 2.11 Oz <\/li>\n<li><strong>Litres\/Min.3 bar :<\/strong> 0,7l\/min. &#8211; 0,18 gal\/min <\/li>\n<li><strong>Poids brut :<\/strong> 2,99 kg &#8211; 6,59 lb<\/li>\n<li><strong>Poids net :<\/strong> 2,57 kg &#8211; 5,66 lb<\/li>\n<\/ul>\n<p>Vous pouvez contacter le service commercial de <strong><br \/>\n  <strong>FADEIN<\/strong><br \/>\n<\/strong> par t\u00e9l\u00e9phone<strong><br \/>\n  <strong> 91 873 87 02 <\/strong><br \/>\n<\/strong>ou par e-mail<strong><br \/>\n  <strong> att.cliente@fadein.es <\/strong><br \/>\n<\/strong>pour toute information compl\u00e9mentaire ou demande de devis de nos produits.<\/p>\n","protected":false},"excerpt":{"rendered":"<p>PP IK Pulv\u00e9risateur alcalin 12 pro<\/p>\n","protected":false},"featured_media":10832,"comment_status":"open","ping_status":"closed","template":"","meta":{"_et_pb_use_builder":"","_et_pb_old_content":"","_et_gb_content_width":""},"product_brand":[],"product_cat":[941,896],"product_tag":[1061,1058,1055,1001],"class_list":{"0":"post-10836","1":"product","2":"type-product","3":"status-publish","4":"has-post-thumbnail","6":"product_cat-pulverisateurs-et-atomiseurs","7":"product_cat-ustensiles-de-nettoyage","8":"product_tag-alimentation","9":"product_tag-industrie","10":"product_tag-nettoyage","11":"product_tag-restauration","13":"first","14":"instock","15":"taxable","16":"shipping-taxable","17":"purchasable","18":"product-type-simple"},"yoast_head":"<!-- This site is optimized with the Yoast SEO Premium plugin v27.2 (Yoast SEO v27.5) - https:\/\/yoast.com\/product\/yoast-seo-premium-wordpress\/ -->\n<title>PP IK PULV\u00c9RISATEUR ALCALIN PRO 12<\/title>\n<meta name=\"description\" content=\"Joints, mat\u00e9riaux et tuyaux r\u00e9sistants aux alcalis, aux alcools, aux ac\u00e9tones et aux produits chimiques utilis\u00e9s pour la d\u00e9sinfection.\" \/>\n<meta name=\"robots\" content=\"index, follow, max-snippet:-1, max-image-preview:large, max-video-preview:-1\" \/>\n<link rel=\"canonical\" href=\"https:\/\/fadein.es\/fr\/producto\/pulverisateur-pp-ik-alcalines-9-copia\/\" \/>\n<meta property=\"og:locale\" content=\"fr_FR\" \/>\n<meta property=\"og:type\" content=\"article\" \/>\n<meta property=\"og:title\" content=\"PP IK PULV\u00c9RISATEUR ALCALIN PRO 12\" \/>\n<meta property=\"og:description\" content=\"Joints, mat\u00e9riaux et tuyaux r\u00e9sistants aux alcalis, aux alcools, aux ac\u00e9tones et aux produits chimiques utilis\u00e9s pour la d\u00e9sinfection.\" \/>\n<meta property=\"og:url\" content=\"https:\/\/fadein.es\/fr\/producto\/pulverisateur-pp-ik-alcalines-9-copia\/\" \/>\n<meta property=\"og:site_name\" content=\"Fadein\" \/>\n<meta property=\"article:modified_time\" content=\"2025-10-15T08:59:35+00:00\" \/>\n<meta property=\"og:image\" content=\"https:\/\/fadein.es\/wp-content\/uploads\/2025\/10\/PULVERIZADOR-IK-ALKALINE-PRO-12.jpg\" \/>\n\t<meta property=\"og:image:width\" content=\"800\" \/>\n\t<meta property=\"og:image:height\" content=\"800\" \/>\n\t<meta property=\"og:image:type\" content=\"image\/jpeg\" \/>\n<meta name=\"twitter:card\" content=\"summary_large_image\" \/>\n<meta name=\"twitter:label1\" content=\"Dur\u00e9e de lecture estim\u00e9e\" \/>\n\t<meta name=\"twitter:data1\" content=\"1 minute\" \/>\n<script type=\"application\/ld+json\" class=\"yoast-schema-graph\">{\"@context\":\"https:\\\/\\\/schema.org\",\"@graph\":[{\"@type\":\"WebPage\",\"@id\":\"https:\\\/\\\/fadein.es\\\/fr\\\/producto\\\/pulverisateur-pp-ik-alcalines-9-copia\\\/\",\"url\":\"https:\\\/\\\/fadein.es\\\/fr\\\/producto\\\/pulverisateur-pp-ik-alcalines-9-copia\\\/\",\"name\":\"PP IK PULV\u00c9RISATEUR ALCALIN PRO 12\",\"isPartOf\":{\"@id\":\"https:\\\/\\\/fadein.es\\\/fr\\\/#website\"},\"primaryImageOfPage\":{\"@id\":\"https:\\\/\\\/fadein.es\\\/fr\\\/producto\\\/pulverisateur-pp-ik-alcalines-9-copia\\\/#primaryimage\"},\"image\":{\"@id\":\"https:\\\/\\\/fadein.es\\\/fr\\\/producto\\\/pulverisateur-pp-ik-alcalines-9-copia\\\/#primaryimage\"},\"thumbnailUrl\":\"https:\\\/\\\/fadein.es\\\/wp-content\\\/uploads\\\/2025\\\/10\\\/PULVERIZADOR-IK-ALKALINE-PRO-12.jpg\",\"datePublished\":\"2025-10-14T13:22:56+00:00\",\"dateModified\":\"2025-10-15T08:59:35+00:00\",\"description\":\"Joints, mat\u00e9riaux et tuyaux r\u00e9sistants aux alcalis, aux alcools, aux ac\u00e9tones et aux produits chimiques utilis\u00e9s pour la d\u00e9sinfection.\",\"breadcrumb\":{\"@id\":\"https:\\\/\\\/fadein.es\\\/fr\\\/producto\\\/pulverisateur-pp-ik-alcalines-9-copia\\\/#breadcrumb\"},\"inLanguage\":\"fr-FR\",\"potentialAction\":[{\"@type\":\"ReadAction\",\"target\":[\"https:\\\/\\\/fadein.es\\\/fr\\\/producto\\\/pulverisateur-pp-ik-alcalines-9-copia\\\/\"]}]},{\"@type\":\"ImageObject\",\"inLanguage\":\"fr-FR\",\"@id\":\"https:\\\/\\\/fadein.es\\\/fr\\\/producto\\\/pulverisateur-pp-ik-alcalines-9-copia\\\/#primaryimage\",\"url\":\"https:\\\/\\\/fadein.es\\\/wp-content\\\/uploads\\\/2025\\\/10\\\/PULVERIZADOR-IK-ALKALINE-PRO-12.jpg\",\"contentUrl\":\"https:\\\/\\\/fadein.es\\\/wp-content\\\/uploads\\\/2025\\\/10\\\/PULVERIZADOR-IK-ALKALINE-PRO-12.jpg\",\"width\":800,\"height\":800,\"caption\":\"PULVERIZADOR IK ALKALINE PRO 12\"},{\"@type\":\"BreadcrumbList\",\"@id\":\"https:\\\/\\\/fadein.es\\\/fr\\\/producto\\\/pulverisateur-pp-ik-alcalines-9-copia\\\/#breadcrumb\",\"itemListElement\":[{\"@type\":\"ListItem\",\"position\":1,\"name\":\"Portada\",\"item\":\"https:\\\/\\\/fadein.es\\\/fr\\\/accueil\\\/\"},{\"@type\":\"ListItem\",\"position\":2,\"name\":\"Boutique\",\"item\":\"https:\\\/\\\/fadein.es\\\/fr\\\/boutique\\\/\"},{\"@type\":\"ListItem\",\"position\":3,\"name\":\"PP IK PULV\u00c9RISATEUR ALCALIN PRO 12\"}]},{\"@type\":\"WebSite\",\"@id\":\"https:\\\/\\\/fadein.es\\\/fr\\\/#website\",\"url\":\"https:\\\/\\\/fadein.es\\\/fr\\\/\",\"name\":\"Fadein\",\"description\":\"Detergentes de alto rendimiento\",\"publisher\":{\"@id\":\"https:\\\/\\\/fadein.es\\\/fr\\\/#organization\"},\"alternateName\":\"Detergentes de alto rendimiento\",\"potentialAction\":[{\"@type\":\"SearchAction\",\"target\":{\"@type\":\"EntryPoint\",\"urlTemplate\":\"https:\\\/\\\/fadein.es\\\/fr\\\/?s={search_term_string}\"},\"query-input\":{\"@type\":\"PropertyValueSpecification\",\"valueRequired\":true,\"valueName\":\"search_term_string\"}}],\"inLanguage\":\"fr-FR\"},{\"@type\":\"Organization\",\"@id\":\"https:\\\/\\\/fadein.es\\\/fr\\\/#organization\",\"name\":\"Fadein\",\"alternateName\":\"Detergentes de alto rendimiento\",\"url\":\"https:\\\/\\\/fadein.es\\\/fr\\\/\",\"logo\":{\"@type\":\"ImageObject\",\"inLanguage\":\"fr-FR\",\"@id\":\"https:\\\/\\\/fadein.es\\\/fr\\\/#\\\/schema\\\/logo\\\/image\\\/\",\"url\":\"https:\\\/\\\/fadein.es\\\/wp-content\\\/uploads\\\/2021\\\/05\\\/fadein-deterdentes-de-alto-rendimiento.png\",\"contentUrl\":\"https:\\\/\\\/fadein.es\\\/wp-content\\\/uploads\\\/2021\\\/05\\\/fadein-deterdentes-de-alto-rendimiento.png\",\"width\":512,\"height\":512,\"caption\":\"Fadein\"},\"image\":{\"@id\":\"https:\\\/\\\/fadein.es\\\/fr\\\/#\\\/schema\\\/logo\\\/image\\\/\"}}]}<\/script>\n<!-- \/ Yoast SEO Premium plugin. -->","yoast_head_json":{"title":"PP IK PULV\u00c9RISATEUR ALCALIN PRO 12","description":"Joints, mat\u00e9riaux et tuyaux r\u00e9sistants aux alcalis, aux alcools, aux ac\u00e9tones et aux produits chimiques utilis\u00e9s pour la d\u00e9sinfection.","robots":{"index":"index","follow":"follow","max-snippet":"max-snippet:-1","max-image-preview":"max-image-preview:large","max-video-preview":"max-video-preview:-1"},"canonical":"https:\/\/fadein.es\/fr\/producto\/pulverisateur-pp-ik-alcalines-9-copia\/","og_locale":"fr_FR","og_type":"article","og_title":"PP IK PULV\u00c9RISATEUR ALCALIN PRO 12","og_description":"Joints, mat\u00e9riaux et tuyaux r\u00e9sistants aux alcalis, aux alcools, aux ac\u00e9tones et aux produits chimiques utilis\u00e9s pour la d\u00e9sinfection.","og_url":"https:\/\/fadein.es\/fr\/producto\/pulverisateur-pp-ik-alcalines-9-copia\/","og_site_name":"Fadein","article_modified_time":"2025-10-15T08:59:35+00:00","og_image":[{"width":800,"height":800,"url":"https:\/\/fadein.es\/wp-content\/uploads\/2025\/10\/PULVERIZADOR-IK-ALKALINE-PRO-12.jpg","type":"image\/jpeg"}],"twitter_card":"summary_large_image","twitter_misc":{"Dur\u00e9e de lecture estim\u00e9e":"1 minute"},"schema":{"@context":"https:\/\/schema.org","@graph":[{"@type":"WebPage","@id":"https:\/\/fadein.es\/fr\/producto\/pulverisateur-pp-ik-alcalines-9-copia\/","url":"https:\/\/fadein.es\/fr\/producto\/pulverisateur-pp-ik-alcalines-9-copia\/","name":"PP IK PULV\u00c9RISATEUR ALCALIN PRO 12","isPartOf":{"@id":"https:\/\/fadein.es\/fr\/#website"},"primaryImageOfPage":{"@id":"https:\/\/fadein.es\/fr\/producto\/pulverisateur-pp-ik-alcalines-9-copia\/#primaryimage"},"image":{"@id":"https:\/\/fadein.es\/fr\/producto\/pulverisateur-pp-ik-alcalines-9-copia\/#primaryimage"},"thumbnailUrl":"https:\/\/fadein.es\/wp-content\/uploads\/2025\/10\/PULVERIZADOR-IK-ALKALINE-PRO-12.jpg","datePublished":"2025-10-14T13:22:56+00:00","dateModified":"2025-10-15T08:59:35+00:00","description":"Joints, mat\u00e9riaux et tuyaux r\u00e9sistants aux alcalis, aux alcools, aux ac\u00e9tones et aux produits chimiques utilis\u00e9s pour la d\u00e9sinfection.","breadcrumb":{"@id":"https:\/\/fadein.es\/fr\/producto\/pulverisateur-pp-ik-alcalines-9-copia\/#breadcrumb"},"inLanguage":"fr-FR","potentialAction":[{"@type":"ReadAction","target":["https:\/\/fadein.es\/fr\/producto\/pulverisateur-pp-ik-alcalines-9-copia\/"]}]},{"@type":"ImageObject","inLanguage":"fr-FR","@id":"https:\/\/fadein.es\/fr\/producto\/pulverisateur-pp-ik-alcalines-9-copia\/#primaryimage","url":"https:\/\/fadein.es\/wp-content\/uploads\/2025\/10\/PULVERIZADOR-IK-ALKALINE-PRO-12.jpg","contentUrl":"https:\/\/fadein.es\/wp-content\/uploads\/2025\/10\/PULVERIZADOR-IK-ALKALINE-PRO-12.jpg","width":800,"height":800,"caption":"PULVERIZADOR IK ALKALINE PRO 12"},{"@type":"BreadcrumbList","@id":"https:\/\/fadein.es\/fr\/producto\/pulverisateur-pp-ik-alcalines-9-copia\/#breadcrumb","itemListElement":[{"@type":"ListItem","position":1,"name":"Portada","item":"https:\/\/fadein.es\/fr\/accueil\/"},{"@type":"ListItem","position":2,"name":"Boutique","item":"https:\/\/fadein.es\/fr\/boutique\/"},{"@type":"ListItem","position":3,"name":"PP IK PULV\u00c9RISATEUR ALCALIN PRO 12"}]},{"@type":"WebSite","@id":"https:\/\/fadein.es\/fr\/#website","url":"https:\/\/fadein.es\/fr\/","name":"Fadein","description":"Detergentes de alto rendimiento","publisher":{"@id":"https:\/\/fadein.es\/fr\/#organization"},"alternateName":"Detergentes de alto rendimiento","potentialAction":[{"@type":"SearchAction","target":{"@type":"EntryPoint","urlTemplate":"https:\/\/fadein.es\/fr\/?s={search_term_string}"},"query-input":{"@type":"PropertyValueSpecification","valueRequired":true,"valueName":"search_term_string"}}],"inLanguage":"fr-FR"},{"@type":"Organization","@id":"https:\/\/fadein.es\/fr\/#organization","name":"Fadein","alternateName":"Detergentes de alto rendimiento","url":"https:\/\/fadein.es\/fr\/","logo":{"@type":"ImageObject","inLanguage":"fr-FR","@id":"https:\/\/fadein.es\/fr\/#\/schema\/logo\/image\/","url":"https:\/\/fadein.es\/wp-content\/uploads\/2021\/05\/fadein-deterdentes-de-alto-rendimiento.png","contentUrl":"https:\/\/fadein.es\/wp-content\/uploads\/2021\/05\/fadein-deterdentes-de-alto-rendimiento.png","width":512,"height":512,"caption":"Fadein"},"image":{"@id":"https:\/\/fadein.es\/fr\/#\/schema\/logo\/image\/"}}]}},"_links":{"self":[{"href":"https:\/\/fadein.es\/fr\/wp-json\/wp\/v2\/product\/10836","targetHints":{"allow":["GET"]}}],"collection":[{"href":"https:\/\/fadein.es\/fr\/wp-json\/wp\/v2\/product"}],"about":[{"href":"https:\/\/fadein.es\/fr\/wp-json\/wp\/v2\/types\/product"}],"replies":[{"embeddable":true,"href":"https:\/\/fadein.es\/fr\/wp-json\/wp\/v2\/comments?post=10836"}],"wp:featuredmedia":[{"embeddable":true,"href":"https:\/\/fadein.es\/fr\/wp-json\/wp\/v2\/media\/10832"}],"wp:attachment":[{"href":"https:\/\/fadein.es\/fr\/wp-json\/wp\/v2\/media?parent=10836"}],"wp:term":[{"taxonomy":"product_brand","embeddable":true,"href":"https:\/\/fadein.es\/fr\/wp-json\/wp\/v2\/product_brand?post=10836"},{"taxonomy":"product_cat","embeddable":true,"href":"https:\/\/fadein.es\/fr\/wp-json\/wp\/v2\/product_cat?post=10836"},{"taxonomy":"product_tag","embeddable":true,"href":"https:\/\/fadein.es\/fr\/wp-json\/wp\/v2\/product_tag?post=10836"}],"curies":[{"name":"wp","href":"https:\/\/api.w.org\/{rel}","templated":true}]}}