{"id":10189,"date":"2025-05-07T14:11:13","date_gmt":"2025-05-07T14:11:13","guid":{"rendered":"https:\/\/fadein.es\/?post_type=product&#038;p=10189"},"modified":"2025-05-07T14:32:37","modified_gmt":"2025-05-07T14:32:37","slug":"fadein-super-shampooing","status":"publish","type":"product","link":"https:\/\/fadein.es\/fr\/producto\/fadein-super-shampooing\/","title":{"rendered":"FADEIN SUPER SHAMPOOING"},"content":{"rendered":"<p><strong>FADEIN SUPER SHAMPOO <\/strong> Shampooing activ\u00e9 \u00e0 haut pouvoir moussant. Fadein-Super Shampooing a \u00e9t\u00e9 formul\u00e9 avec des surfactants, des humectants et des agents moussants qui lui conf\u00e8rent un haut pouvoir moussant. C&rsquo;est un produit liquide, de couleur verte et tr\u00e8s concentr\u00e9.    <\/p>\n<p>Particuli\u00e8rement adapt\u00e9 \u00e0 l&rsquo;utilisation dans les arcs en mousse des tunnels et des ponts de lavage. Ainsi que dans les stations de lavage manuelles. Utilisable <strong> \u00e0 la main, en spray, produit moussant. <\/strong>    <\/p>\n<p>Vous pouvez contacter le service commercial de <strong><strong>FADEIN<\/strong><\/strong> par t\u00e9l\u00e9phone<strong><strong> 91 873 87 02 <\/strong><\/strong>ou par e-mail<strong><strong> att.cliente@fadein.es <\/strong><\/strong>pour toute information compl\u00e9mentaire ou demande de devis de nos produits.<\/p>\n","protected":false},"excerpt":{"rendered":"<p>Shampooing actif tr\u00e8s moussant<\/p>\n","protected":false},"featured_media":10931,"comment_status":"open","ping_status":"closed","template":"","meta":{"_et_pb_use_builder":"","_et_pb_old_content":"","_et_gb_content_width":""},"product_brand":[],"product_cat":[707,474,574,661,1076],"product_tag":[445,466,419],"class_list":{"0":"post-10189","1":"product","2":"type-product","3":"status-publish","4":"has-post-thumbnail","6":"product_cat-arceau-en-mousse-fr","7":"product_cat-automotion-fr","8":"product_cat-distributeurs","9":"product_cat-machine-de-nettoyage-externe","10":"product_cat-usage-professionnel-industriel","11":"product_tag-a-la-main","12":"product_tag-arrosage","13":"product_tag-produit-moussant","15":"first","16":"instock","17":"taxable","18":"shipping-taxable","19":"purchasable","20":"product-type-simple"},"yoast_head":"<!-- This site is optimized with the Yoast SEO Premium plugin v27.2 (Yoast SEO v27.4) - https:\/\/yoast.com\/product\/yoast-seo-premium-wordpress\/ -->\n<title>FADEIN SUPER SHAMPOOING<\/title>\n<meta name=\"description\" content=\"Shampooing activ\u00e9 \u00e0 haut pouvoir moussant, formul\u00e9 avec des surfactants, des humectants et des agents moussants. Il s&#039;agit d&#039;un produit liquide, de couleur verte et tr\u00e8s concentr\u00e9.\" \/>\n<meta name=\"robots\" content=\"index, follow, max-snippet:-1, max-image-preview:large, max-video-preview:-1\" \/>\n<link rel=\"canonical\" href=\"https:\/\/fadein.es\/fr\/producto\/fadein-super-shampooing\/\" \/>\n<meta property=\"og:locale\" content=\"fr_FR\" \/>\n<meta property=\"og:type\" content=\"article\" \/>\n<meta property=\"og:title\" content=\"FADEIN SUPER SHAMPOOING\" \/>\n<meta property=\"og:description\" content=\"Shampooing activ\u00e9 \u00e0 haut pouvoir moussant, formul\u00e9 avec des surfactants, des humectants et des agents moussants. Il s&#039;agit d&#039;un produit liquide, de couleur verte et tr\u00e8s concentr\u00e9.\" \/>\n<meta property=\"og:url\" content=\"https:\/\/fadein.es\/fr\/producto\/fadein-super-shampooing\/\" \/>\n<meta property=\"og:site_name\" content=\"Fadein\" \/>\n<meta property=\"article:modified_time\" content=\"2025-05-07T14:32:37+00:00\" \/>\n<meta property=\"og:image\" content=\"https:\/\/fadein.es\/wp-content\/uploads\/2025\/05\/FADEIN-SUPER-CHAMPU-20-Kg.jpg\" \/>\n\t<meta property=\"og:image:width\" content=\"800\" \/>\n\t<meta property=\"og:image:height\" content=\"800\" \/>\n\t<meta property=\"og:image:type\" content=\"image\/jpeg\" \/>\n<meta name=\"twitter:card\" content=\"summary_large_image\" \/>\n<meta name=\"twitter:label1\" content=\"Dur\u00e9e de lecture estim\u00e9e\" \/>\n\t<meta name=\"twitter:data1\" content=\"1 minute\" \/>\n<script type=\"application\/ld+json\" class=\"yoast-schema-graph\">{\"@context\":\"https:\\\/\\\/schema.org\",\"@graph\":[{\"@type\":\"WebPage\",\"@id\":\"https:\\\/\\\/fadein.es\\\/fr\\\/producto\\\/fadein-super-shampooing\\\/\",\"url\":\"https:\\\/\\\/fadein.es\\\/fr\\\/producto\\\/fadein-super-shampooing\\\/\",\"name\":\"FADEIN SUPER SHAMPOOING\",\"isPartOf\":{\"@id\":\"https:\\\/\\\/fadein.es\\\/fr\\\/#website\"},\"primaryImageOfPage\":{\"@id\":\"https:\\\/\\\/fadein.es\\\/fr\\\/producto\\\/fadein-super-shampooing\\\/#primaryimage\"},\"image\":{\"@id\":\"https:\\\/\\\/fadein.es\\\/fr\\\/producto\\\/fadein-super-shampooing\\\/#primaryimage\"},\"thumbnailUrl\":\"https:\\\/\\\/fadein.es\\\/wp-content\\\/uploads\\\/2025\\\/11\\\/FADEIN-SUPER-CHAMPU-20KG.jpg\",\"datePublished\":\"2025-05-07T14:11:13+00:00\",\"dateModified\":\"2025-05-07T14:32:37+00:00\",\"description\":\"Shampooing activ\u00e9 \u00e0 haut pouvoir moussant, formul\u00e9 avec des surfactants, des humectants et des agents moussants. Il s'agit d'un produit liquide, de couleur verte et tr\u00e8s concentr\u00e9.\",\"breadcrumb\":{\"@id\":\"https:\\\/\\\/fadein.es\\\/fr\\\/producto\\\/fadein-super-shampooing\\\/#breadcrumb\"},\"inLanguage\":\"fr-FR\",\"potentialAction\":[{\"@type\":\"ReadAction\",\"target\":[\"https:\\\/\\\/fadein.es\\\/fr\\\/producto\\\/fadein-super-shampooing\\\/\"]}]},{\"@type\":\"ImageObject\",\"inLanguage\":\"fr-FR\",\"@id\":\"https:\\\/\\\/fadein.es\\\/fr\\\/producto\\\/fadein-super-shampooing\\\/#primaryimage\",\"url\":\"https:\\\/\\\/fadein.es\\\/wp-content\\\/uploads\\\/2025\\\/11\\\/FADEIN-SUPER-CHAMPU-20KG.jpg\",\"contentUrl\":\"https:\\\/\\\/fadein.es\\\/wp-content\\\/uploads\\\/2025\\\/11\\\/FADEIN-SUPER-CHAMPU-20KG.jpg\",\"width\":1323,\"height\":1323,\"caption\":\"FADEIN-SUPER CHAMPU 20KG\"},{\"@type\":\"BreadcrumbList\",\"@id\":\"https:\\\/\\\/fadein.es\\\/fr\\\/producto\\\/fadein-super-shampooing\\\/#breadcrumb\",\"itemListElement\":[{\"@type\":\"ListItem\",\"position\":1,\"name\":\"Portada\",\"item\":\"https:\\\/\\\/fadein.es\\\/fr\\\/accueil\\\/\"},{\"@type\":\"ListItem\",\"position\":2,\"name\":\"Boutique\",\"item\":\"https:\\\/\\\/fadein.es\\\/fr\\\/boutique\\\/\"},{\"@type\":\"ListItem\",\"position\":3,\"name\":\"FADEIN SUPER SHAMPOOING\"}]},{\"@type\":\"WebSite\",\"@id\":\"https:\\\/\\\/fadein.es\\\/fr\\\/#website\",\"url\":\"https:\\\/\\\/fadein.es\\\/fr\\\/\",\"name\":\"Fadein\",\"description\":\"Detergentes de alto rendimiento\",\"publisher\":{\"@id\":\"https:\\\/\\\/fadein.es\\\/fr\\\/#organization\"},\"alternateName\":\"Detergentes de alto rendimiento\",\"potentialAction\":[{\"@type\":\"SearchAction\",\"target\":{\"@type\":\"EntryPoint\",\"urlTemplate\":\"https:\\\/\\\/fadein.es\\\/fr\\\/?s={search_term_string}\"},\"query-input\":{\"@type\":\"PropertyValueSpecification\",\"valueRequired\":true,\"valueName\":\"search_term_string\"}}],\"inLanguage\":\"fr-FR\"},{\"@type\":\"Organization\",\"@id\":\"https:\\\/\\\/fadein.es\\\/fr\\\/#organization\",\"name\":\"Fadein\",\"alternateName\":\"Detergentes de alto rendimiento\",\"url\":\"https:\\\/\\\/fadein.es\\\/fr\\\/\",\"logo\":{\"@type\":\"ImageObject\",\"inLanguage\":\"fr-FR\",\"@id\":\"https:\\\/\\\/fadein.es\\\/fr\\\/#\\\/schema\\\/logo\\\/image\\\/\",\"url\":\"https:\\\/\\\/fadein.es\\\/wp-content\\\/uploads\\\/2021\\\/05\\\/fadein-deterdentes-de-alto-rendimiento.png\",\"contentUrl\":\"https:\\\/\\\/fadein.es\\\/wp-content\\\/uploads\\\/2021\\\/05\\\/fadein-deterdentes-de-alto-rendimiento.png\",\"width\":512,\"height\":512,\"caption\":\"Fadein\"},\"image\":{\"@id\":\"https:\\\/\\\/fadein.es\\\/fr\\\/#\\\/schema\\\/logo\\\/image\\\/\"}}]}<\/script>\n<!-- \/ Yoast SEO Premium plugin. -->","yoast_head_json":{"title":"FADEIN SUPER SHAMPOOING","description":"Shampooing activ\u00e9 \u00e0 haut pouvoir moussant, formul\u00e9 avec des surfactants, des humectants et des agents moussants. Il s'agit d'un produit liquide, de couleur verte et tr\u00e8s concentr\u00e9.","robots":{"index":"index","follow":"follow","max-snippet":"max-snippet:-1","max-image-preview":"max-image-preview:large","max-video-preview":"max-video-preview:-1"},"canonical":"https:\/\/fadein.es\/fr\/producto\/fadein-super-shampooing\/","og_locale":"fr_FR","og_type":"article","og_title":"FADEIN SUPER SHAMPOOING","og_description":"Shampooing activ\u00e9 \u00e0 haut pouvoir moussant, formul\u00e9 avec des surfactants, des humectants et des agents moussants. Il s'agit d'un produit liquide, de couleur verte et tr\u00e8s concentr\u00e9.","og_url":"https:\/\/fadein.es\/fr\/producto\/fadein-super-shampooing\/","og_site_name":"Fadein","article_modified_time":"2025-05-07T14:32:37+00:00","og_image":[{"width":800,"height":800,"url":"https:\/\/fadein.es\/wp-content\/uploads\/2025\/05\/FADEIN-SUPER-CHAMPU-20-Kg.jpg","type":"image\/jpeg"}],"twitter_card":"summary_large_image","twitter_misc":{"Dur\u00e9e de lecture estim\u00e9e":"1 minute"},"schema":{"@context":"https:\/\/schema.org","@graph":[{"@type":"WebPage","@id":"https:\/\/fadein.es\/fr\/producto\/fadein-super-shampooing\/","url":"https:\/\/fadein.es\/fr\/producto\/fadein-super-shampooing\/","name":"FADEIN SUPER SHAMPOOING","isPartOf":{"@id":"https:\/\/fadein.es\/fr\/#website"},"primaryImageOfPage":{"@id":"https:\/\/fadein.es\/fr\/producto\/fadein-super-shampooing\/#primaryimage"},"image":{"@id":"https:\/\/fadein.es\/fr\/producto\/fadein-super-shampooing\/#primaryimage"},"thumbnailUrl":"https:\/\/fadein.es\/wp-content\/uploads\/2025\/11\/FADEIN-SUPER-CHAMPU-20KG.jpg","datePublished":"2025-05-07T14:11:13+00:00","dateModified":"2025-05-07T14:32:37+00:00","description":"Shampooing activ\u00e9 \u00e0 haut pouvoir moussant, formul\u00e9 avec des surfactants, des humectants et des agents moussants. Il s'agit d'un produit liquide, de couleur verte et tr\u00e8s concentr\u00e9.","breadcrumb":{"@id":"https:\/\/fadein.es\/fr\/producto\/fadein-super-shampooing\/#breadcrumb"},"inLanguage":"fr-FR","potentialAction":[{"@type":"ReadAction","target":["https:\/\/fadein.es\/fr\/producto\/fadein-super-shampooing\/"]}]},{"@type":"ImageObject","inLanguage":"fr-FR","@id":"https:\/\/fadein.es\/fr\/producto\/fadein-super-shampooing\/#primaryimage","url":"https:\/\/fadein.es\/wp-content\/uploads\/2025\/11\/FADEIN-SUPER-CHAMPU-20KG.jpg","contentUrl":"https:\/\/fadein.es\/wp-content\/uploads\/2025\/11\/FADEIN-SUPER-CHAMPU-20KG.jpg","width":1323,"height":1323,"caption":"FADEIN-SUPER CHAMPU 20KG"},{"@type":"BreadcrumbList","@id":"https:\/\/fadein.es\/fr\/producto\/fadein-super-shampooing\/#breadcrumb","itemListElement":[{"@type":"ListItem","position":1,"name":"Portada","item":"https:\/\/fadein.es\/fr\/accueil\/"},{"@type":"ListItem","position":2,"name":"Boutique","item":"https:\/\/fadein.es\/fr\/boutique\/"},{"@type":"ListItem","position":3,"name":"FADEIN SUPER SHAMPOOING"}]},{"@type":"WebSite","@id":"https:\/\/fadein.es\/fr\/#website","url":"https:\/\/fadein.es\/fr\/","name":"Fadein","description":"Detergentes de alto rendimiento","publisher":{"@id":"https:\/\/fadein.es\/fr\/#organization"},"alternateName":"Detergentes de alto rendimiento","potentialAction":[{"@type":"SearchAction","target":{"@type":"EntryPoint","urlTemplate":"https:\/\/fadein.es\/fr\/?s={search_term_string}"},"query-input":{"@type":"PropertyValueSpecification","valueRequired":true,"valueName":"search_term_string"}}],"inLanguage":"fr-FR"},{"@type":"Organization","@id":"https:\/\/fadein.es\/fr\/#organization","name":"Fadein","alternateName":"Detergentes de alto rendimiento","url":"https:\/\/fadein.es\/fr\/","logo":{"@type":"ImageObject","inLanguage":"fr-FR","@id":"https:\/\/fadein.es\/fr\/#\/schema\/logo\/image\/","url":"https:\/\/fadein.es\/wp-content\/uploads\/2021\/05\/fadein-deterdentes-de-alto-rendimiento.png","contentUrl":"https:\/\/fadein.es\/wp-content\/uploads\/2021\/05\/fadein-deterdentes-de-alto-rendimiento.png","width":512,"height":512,"caption":"Fadein"},"image":{"@id":"https:\/\/fadein.es\/fr\/#\/schema\/logo\/image\/"}}]}},"_links":{"self":[{"href":"https:\/\/fadein.es\/fr\/wp-json\/wp\/v2\/product\/10189","targetHints":{"allow":["GET"]}}],"collection":[{"href":"https:\/\/fadein.es\/fr\/wp-json\/wp\/v2\/product"}],"about":[{"href":"https:\/\/fadein.es\/fr\/wp-json\/wp\/v2\/types\/product"}],"replies":[{"embeddable":true,"href":"https:\/\/fadein.es\/fr\/wp-json\/wp\/v2\/comments?post=10189"}],"wp:featuredmedia":[{"embeddable":true,"href":"https:\/\/fadein.es\/fr\/wp-json\/wp\/v2\/media\/10931"}],"wp:attachment":[{"href":"https:\/\/fadein.es\/fr\/wp-json\/wp\/v2\/media?parent=10189"}],"wp:term":[{"taxonomy":"product_brand","embeddable":true,"href":"https:\/\/fadein.es\/fr\/wp-json\/wp\/v2\/product_brand?post=10189"},{"taxonomy":"product_cat","embeddable":true,"href":"https:\/\/fadein.es\/fr\/wp-json\/wp\/v2\/product_cat?post=10189"},{"taxonomy":"product_tag","embeddable":true,"href":"https:\/\/fadein.es\/fr\/wp-json\/wp\/v2\/product_tag?post=10189"}],"curies":[{"name":"wp","href":"https:\/\/api.w.org\/{rel}","templated":true}]}}