{"id":10177,"date":"2025-05-07T08:17:34","date_gmt":"2025-05-07T08:17:34","guid":{"rendered":"https:\/\/fadein.es\/?post_type=product&#038;p=10177"},"modified":"2025-05-07T10:04:14","modified_gmt":"2025-05-07T10:04:14","slug":"pevastar-4l-boite-de-4-unites","status":"publish","type":"product","link":"https:\/\/fadein.es\/fr\/producto\/pevastar-4l-boite-de-4-unites\/","title":{"rendered":"PEVASTAR 4L (BO\u00ceTE DE 4 UNIT\u00c9S)"},"content":{"rendered":"<p><strong>PEVASTAR 4L (BO\u00ceTE DE 4 UNIT\u00c9S) <\/strong> Nettoyant concentr\u00e9 pour les mains \u00e0 double effet pour les salissures importantes. Nettoie les pores, soigne la peau et l&rsquo;hydrate gr\u00e2ce \u00e0 des ingr\u00e9dients d&rsquo;origine naturelle.   <\/p>\n<p>P\u00e2te fluide avec des agents abrasifs naturels, \u00e0 base de farine de ma\u00efs. Sans silicone. Elimine les huiles, les graisses, les lubrifiants, les poussi\u00e8res, le graphite, la suie, les peintures diverses et les couleurs d&rsquo;imprimerie.<strong> Ne bouche pas les canalisations.<\/strong> Convient au<strong> nettoyage, \u00e0 l&rsquo;industrie, \u00e0 l&rsquo;alimentation et \u00e0 la restauration. <\/strong>    <\/p>\n<p>Vous pouvez contacter le service commercial de <strong><strong>FADEIN<\/strong><\/strong> par t\u00e9l\u00e9phone<strong><strong> 91 873 87 02 <\/strong><\/strong>ou par e-mail<strong><strong> att.cliente@fadein.es <\/strong><\/strong>pour toute information compl\u00e9mentaire ou demande de devis de nos produits.  <\/p>\n","protected":false},"excerpt":{"rendered":"<p>Nettoyant concentr\u00e9 pour les mains \u00e0 double effet pour les salissures importantes.<\/p>\n","protected":false},"featured_media":10160,"comment_status":"open","ping_status":"closed","template":"","meta":{"_et_pb_use_builder":"","_et_pb_old_content":"","_et_gb_content_width":""},"product_brand":[],"product_cat":[1067,896],"product_tag":[1061,1058,1055,1001],"class_list":{"0":"post-10177","1":"product","2":"type-product","3":"status-publish","4":"has-post-thumbnail","6":"product_cat-nettoyage-de-la-peau","7":"product_cat-ustensiles-de-nettoyage","8":"product_tag-alimentation","9":"product_tag-industrie","10":"product_tag-nettoyage","11":"product_tag-restauration","13":"first","14":"instock","15":"taxable","16":"shipping-taxable","17":"purchasable","18":"product-type-simple"},"yoast_head":"<!-- This site is optimized with the Yoast SEO Premium plugin v27.2 (Yoast SEO v27.5) - https:\/\/yoast.com\/product\/yoast-seo-premium-wordpress\/ -->\n<title>PEVASTAR 4L (BO\u00ceTE DE 4 UNIT\u00c9S)<\/title>\n<meta name=\"description\" content=\"Nettoyant concentr\u00e9 pour les mains \u00e0 double effet pour les salissures importantes. Nettoie les pores, soigne la peau et l&#039;hydrate gr\u00e2ce \u00e0 des ingr\u00e9dients d&#039;origine naturelle.\" \/>\n<meta name=\"robots\" content=\"index, follow, max-snippet:-1, max-image-preview:large, max-video-preview:-1\" \/>\n<link rel=\"canonical\" href=\"https:\/\/fadein.es\/fr\/producto\/pevastar-4l-boite-de-4-unites\/\" \/>\n<meta property=\"og:locale\" content=\"fr_FR\" \/>\n<meta property=\"og:type\" content=\"article\" \/>\n<meta property=\"og:title\" content=\"PEVASTAR 4L (BO\u00ceTE DE 4 UNIT\u00c9S)\" \/>\n<meta property=\"og:description\" content=\"Nettoyant concentr\u00e9 pour les mains \u00e0 double effet pour les salissures importantes. Nettoie les pores, soigne la peau et l&#039;hydrate gr\u00e2ce \u00e0 des ingr\u00e9dients d&#039;origine naturelle.\" \/>\n<meta property=\"og:url\" content=\"https:\/\/fadein.es\/fr\/producto\/pevastar-4l-boite-de-4-unites\/\" \/>\n<meta property=\"og:site_name\" content=\"Fadein\" \/>\n<meta property=\"article:modified_time\" content=\"2025-05-07T10:04:14+00:00\" \/>\n<meta property=\"og:image\" content=\"https:\/\/fadein.es\/wp-content\/uploads\/2025\/05\/PEVASTAR-CAJA.jpg\" \/>\n\t<meta property=\"og:image:width\" content=\"800\" \/>\n\t<meta property=\"og:image:height\" content=\"800\" \/>\n\t<meta property=\"og:image:type\" content=\"image\/jpeg\" \/>\n<meta name=\"twitter:card\" content=\"summary_large_image\" \/>\n<meta name=\"twitter:label1\" content=\"Dur\u00e9e de lecture estim\u00e9e\" \/>\n\t<meta name=\"twitter:data1\" content=\"1 minute\" \/>\n<script type=\"application\/ld+json\" class=\"yoast-schema-graph\">{\"@context\":\"https:\\\/\\\/schema.org\",\"@graph\":[{\"@type\":\"WebPage\",\"@id\":\"https:\\\/\\\/fadein.es\\\/fr\\\/producto\\\/pevastar-4l-boite-de-4-unites\\\/\",\"url\":\"https:\\\/\\\/fadein.es\\\/fr\\\/producto\\\/pevastar-4l-boite-de-4-unites\\\/\",\"name\":\"PEVASTAR 4L (BO\u00ceTE DE 4 UNIT\u00c9S)\",\"isPartOf\":{\"@id\":\"https:\\\/\\\/fadein.es\\\/fr\\\/#website\"},\"primaryImageOfPage\":{\"@id\":\"https:\\\/\\\/fadein.es\\\/fr\\\/producto\\\/pevastar-4l-boite-de-4-unites\\\/#primaryimage\"},\"image\":{\"@id\":\"https:\\\/\\\/fadein.es\\\/fr\\\/producto\\\/pevastar-4l-boite-de-4-unites\\\/#primaryimage\"},\"thumbnailUrl\":\"https:\\\/\\\/fadein.es\\\/wp-content\\\/uploads\\\/2025\\\/05\\\/PEVASTAR-CAJA.jpg\",\"datePublished\":\"2025-05-07T08:17:34+00:00\",\"dateModified\":\"2025-05-07T10:04:14+00:00\",\"description\":\"Nettoyant concentr\u00e9 pour les mains \u00e0 double effet pour les salissures importantes. Nettoie les pores, soigne la peau et l'hydrate gr\u00e2ce \u00e0 des ingr\u00e9dients d'origine naturelle.\",\"breadcrumb\":{\"@id\":\"https:\\\/\\\/fadein.es\\\/fr\\\/producto\\\/pevastar-4l-boite-de-4-unites\\\/#breadcrumb\"},\"inLanguage\":\"fr-FR\",\"potentialAction\":[{\"@type\":\"ReadAction\",\"target\":[\"https:\\\/\\\/fadein.es\\\/fr\\\/producto\\\/pevastar-4l-boite-de-4-unites\\\/\"]}]},{\"@type\":\"ImageObject\",\"inLanguage\":\"fr-FR\",\"@id\":\"https:\\\/\\\/fadein.es\\\/fr\\\/producto\\\/pevastar-4l-boite-de-4-unites\\\/#primaryimage\",\"url\":\"https:\\\/\\\/fadein.es\\\/wp-content\\\/uploads\\\/2025\\\/05\\\/PEVASTAR-CAJA.jpg\",\"contentUrl\":\"https:\\\/\\\/fadein.es\\\/wp-content\\\/uploads\\\/2025\\\/05\\\/PEVASTAR-CAJA.jpg\",\"width\":800,\"height\":800,\"caption\":\"PEVASTAR CAJA\"},{\"@type\":\"BreadcrumbList\",\"@id\":\"https:\\\/\\\/fadein.es\\\/fr\\\/producto\\\/pevastar-4l-boite-de-4-unites\\\/#breadcrumb\",\"itemListElement\":[{\"@type\":\"ListItem\",\"position\":1,\"name\":\"Portada\",\"item\":\"https:\\\/\\\/fadein.es\\\/fr\\\/accueil\\\/\"},{\"@type\":\"ListItem\",\"position\":2,\"name\":\"Boutique\",\"item\":\"https:\\\/\\\/fadein.es\\\/fr\\\/boutique\\\/\"},{\"@type\":\"ListItem\",\"position\":3,\"name\":\"PEVASTAR 4L (BO\u00ceTE DE 4 UNIT\u00c9S)\"}]},{\"@type\":\"WebSite\",\"@id\":\"https:\\\/\\\/fadein.es\\\/fr\\\/#website\",\"url\":\"https:\\\/\\\/fadein.es\\\/fr\\\/\",\"name\":\"Fadein\",\"description\":\"Detergentes de alto rendimiento\",\"publisher\":{\"@id\":\"https:\\\/\\\/fadein.es\\\/fr\\\/#organization\"},\"alternateName\":\"Detergentes de alto rendimiento\",\"potentialAction\":[{\"@type\":\"SearchAction\",\"target\":{\"@type\":\"EntryPoint\",\"urlTemplate\":\"https:\\\/\\\/fadein.es\\\/fr\\\/?s={search_term_string}\"},\"query-input\":{\"@type\":\"PropertyValueSpecification\",\"valueRequired\":true,\"valueName\":\"search_term_string\"}}],\"inLanguage\":\"fr-FR\"},{\"@type\":\"Organization\",\"@id\":\"https:\\\/\\\/fadein.es\\\/fr\\\/#organization\",\"name\":\"Fadein\",\"alternateName\":\"Detergentes de alto rendimiento\",\"url\":\"https:\\\/\\\/fadein.es\\\/fr\\\/\",\"logo\":{\"@type\":\"ImageObject\",\"inLanguage\":\"fr-FR\",\"@id\":\"https:\\\/\\\/fadein.es\\\/fr\\\/#\\\/schema\\\/logo\\\/image\\\/\",\"url\":\"https:\\\/\\\/fadein.es\\\/wp-content\\\/uploads\\\/2021\\\/05\\\/fadein-deterdentes-de-alto-rendimiento.png\",\"contentUrl\":\"https:\\\/\\\/fadein.es\\\/wp-content\\\/uploads\\\/2021\\\/05\\\/fadein-deterdentes-de-alto-rendimiento.png\",\"width\":512,\"height\":512,\"caption\":\"Fadein\"},\"image\":{\"@id\":\"https:\\\/\\\/fadein.es\\\/fr\\\/#\\\/schema\\\/logo\\\/image\\\/\"}}]}<\/script>\n<!-- \/ Yoast SEO Premium plugin. -->","yoast_head_json":{"title":"PEVASTAR 4L (BO\u00ceTE DE 4 UNIT\u00c9S)","description":"Nettoyant concentr\u00e9 pour les mains \u00e0 double effet pour les salissures importantes. Nettoie les pores, soigne la peau et l'hydrate gr\u00e2ce \u00e0 des ingr\u00e9dients d'origine naturelle.","robots":{"index":"index","follow":"follow","max-snippet":"max-snippet:-1","max-image-preview":"max-image-preview:large","max-video-preview":"max-video-preview:-1"},"canonical":"https:\/\/fadein.es\/fr\/producto\/pevastar-4l-boite-de-4-unites\/","og_locale":"fr_FR","og_type":"article","og_title":"PEVASTAR 4L (BO\u00ceTE DE 4 UNIT\u00c9S)","og_description":"Nettoyant concentr\u00e9 pour les mains \u00e0 double effet pour les salissures importantes. Nettoie les pores, soigne la peau et l'hydrate gr\u00e2ce \u00e0 des ingr\u00e9dients d'origine naturelle.","og_url":"https:\/\/fadein.es\/fr\/producto\/pevastar-4l-boite-de-4-unites\/","og_site_name":"Fadein","article_modified_time":"2025-05-07T10:04:14+00:00","og_image":[{"width":800,"height":800,"url":"https:\/\/fadein.es\/wp-content\/uploads\/2025\/05\/PEVASTAR-CAJA.jpg","type":"image\/jpeg"}],"twitter_card":"summary_large_image","twitter_misc":{"Dur\u00e9e de lecture estim\u00e9e":"1 minute"},"schema":{"@context":"https:\/\/schema.org","@graph":[{"@type":"WebPage","@id":"https:\/\/fadein.es\/fr\/producto\/pevastar-4l-boite-de-4-unites\/","url":"https:\/\/fadein.es\/fr\/producto\/pevastar-4l-boite-de-4-unites\/","name":"PEVASTAR 4L (BO\u00ceTE DE 4 UNIT\u00c9S)","isPartOf":{"@id":"https:\/\/fadein.es\/fr\/#website"},"primaryImageOfPage":{"@id":"https:\/\/fadein.es\/fr\/producto\/pevastar-4l-boite-de-4-unites\/#primaryimage"},"image":{"@id":"https:\/\/fadein.es\/fr\/producto\/pevastar-4l-boite-de-4-unites\/#primaryimage"},"thumbnailUrl":"https:\/\/fadein.es\/wp-content\/uploads\/2025\/05\/PEVASTAR-CAJA.jpg","datePublished":"2025-05-07T08:17:34+00:00","dateModified":"2025-05-07T10:04:14+00:00","description":"Nettoyant concentr\u00e9 pour les mains \u00e0 double effet pour les salissures importantes. Nettoie les pores, soigne la peau et l'hydrate gr\u00e2ce \u00e0 des ingr\u00e9dients d'origine naturelle.","breadcrumb":{"@id":"https:\/\/fadein.es\/fr\/producto\/pevastar-4l-boite-de-4-unites\/#breadcrumb"},"inLanguage":"fr-FR","potentialAction":[{"@type":"ReadAction","target":["https:\/\/fadein.es\/fr\/producto\/pevastar-4l-boite-de-4-unites\/"]}]},{"@type":"ImageObject","inLanguage":"fr-FR","@id":"https:\/\/fadein.es\/fr\/producto\/pevastar-4l-boite-de-4-unites\/#primaryimage","url":"https:\/\/fadein.es\/wp-content\/uploads\/2025\/05\/PEVASTAR-CAJA.jpg","contentUrl":"https:\/\/fadein.es\/wp-content\/uploads\/2025\/05\/PEVASTAR-CAJA.jpg","width":800,"height":800,"caption":"PEVASTAR CAJA"},{"@type":"BreadcrumbList","@id":"https:\/\/fadein.es\/fr\/producto\/pevastar-4l-boite-de-4-unites\/#breadcrumb","itemListElement":[{"@type":"ListItem","position":1,"name":"Portada","item":"https:\/\/fadein.es\/fr\/accueil\/"},{"@type":"ListItem","position":2,"name":"Boutique","item":"https:\/\/fadein.es\/fr\/boutique\/"},{"@type":"ListItem","position":3,"name":"PEVASTAR 4L (BO\u00ceTE DE 4 UNIT\u00c9S)"}]},{"@type":"WebSite","@id":"https:\/\/fadein.es\/fr\/#website","url":"https:\/\/fadein.es\/fr\/","name":"Fadein","description":"Detergentes de alto rendimiento","publisher":{"@id":"https:\/\/fadein.es\/fr\/#organization"},"alternateName":"Detergentes de alto rendimiento","potentialAction":[{"@type":"SearchAction","target":{"@type":"EntryPoint","urlTemplate":"https:\/\/fadein.es\/fr\/?s={search_term_string}"},"query-input":{"@type":"PropertyValueSpecification","valueRequired":true,"valueName":"search_term_string"}}],"inLanguage":"fr-FR"},{"@type":"Organization","@id":"https:\/\/fadein.es\/fr\/#organization","name":"Fadein","alternateName":"Detergentes de alto rendimiento","url":"https:\/\/fadein.es\/fr\/","logo":{"@type":"ImageObject","inLanguage":"fr-FR","@id":"https:\/\/fadein.es\/fr\/#\/schema\/logo\/image\/","url":"https:\/\/fadein.es\/wp-content\/uploads\/2021\/05\/fadein-deterdentes-de-alto-rendimiento.png","contentUrl":"https:\/\/fadein.es\/wp-content\/uploads\/2021\/05\/fadein-deterdentes-de-alto-rendimiento.png","width":512,"height":512,"caption":"Fadein"},"image":{"@id":"https:\/\/fadein.es\/fr\/#\/schema\/logo\/image\/"}}]}},"_links":{"self":[{"href":"https:\/\/fadein.es\/fr\/wp-json\/wp\/v2\/product\/10177","targetHints":{"allow":["GET"]}}],"collection":[{"href":"https:\/\/fadein.es\/fr\/wp-json\/wp\/v2\/product"}],"about":[{"href":"https:\/\/fadein.es\/fr\/wp-json\/wp\/v2\/types\/product"}],"replies":[{"embeddable":true,"href":"https:\/\/fadein.es\/fr\/wp-json\/wp\/v2\/comments?post=10177"}],"wp:featuredmedia":[{"embeddable":true,"href":"https:\/\/fadein.es\/fr\/wp-json\/wp\/v2\/media\/10160"}],"wp:attachment":[{"href":"https:\/\/fadein.es\/fr\/wp-json\/wp\/v2\/media?parent=10177"}],"wp:term":[{"taxonomy":"product_brand","embeddable":true,"href":"https:\/\/fadein.es\/fr\/wp-json\/wp\/v2\/product_brand?post=10177"},{"taxonomy":"product_cat","embeddable":true,"href":"https:\/\/fadein.es\/fr\/wp-json\/wp\/v2\/product_cat?post=10177"},{"taxonomy":"product_tag","embeddable":true,"href":"https:\/\/fadein.es\/fr\/wp-json\/wp\/v2\/product_tag?post=10177"}],"curies":[{"name":"wp","href":"https:\/\/api.w.org\/{rel}","templated":true}]}}