{"id":10168,"date":"2025-05-07T07:55:16","date_gmt":"2025-05-07T07:55:16","guid":{"rendered":"https:\/\/fadein.es\/?post_type=product&#038;p=10168"},"modified":"2025-05-07T08:11:06","modified_gmt":"2025-05-07T08:11:06","slug":"pevaplus-2l-boite-de-6-unites","status":"publish","type":"product","link":"https:\/\/fadein.es\/fr\/producto\/pevaplus-2l-boite-de-6-unites\/","title":{"rendered":"PEVAPLUS 2L (BO\u00ceTE DE 6 UNIT\u00c9S)"},"content":{"rendered":"<p><strong>PEVAPLUS 2L (BO\u00ceTE DE 6 UNIT\u00c9S) <\/strong> Lotion nettoyante pour la peau. Cosm\u00e9tique doux. Pour les salissures l\u00e9g\u00e8res, par exemple dans les bureaux, les t\u00e2ches l\u00e9g\u00e8res de stockage et d&#8217;emballage, etc. Lotion parfum\u00e9e, au pH neutre, compatible avec de nombreuses peaux. Sans silicone. Convient pour le<strong> nettoyage, l&rsquo;industrie, les denr\u00e9es alimentaires, la restauration. <\/strong>       <\/p>\n<p>Vous pouvez contacter le service commercial de <strong><strong>FADEIN<\/strong><\/strong> par t\u00e9l\u00e9phone<strong><strong> 91 873 87 02 <\/strong><\/strong>ou par e-mail<strong><strong> att.cliente@fadein.es <\/strong><\/strong>pour toute information compl\u00e9mentaire ou demande de devis de nos produits.  <\/p>\n","protected":false},"excerpt":{"rendered":"<p>Lotion nettoyante pour la peau. Cosm\u00e9tique douce <\/p>\n","protected":false},"featured_media":10154,"comment_status":"open","ping_status":"closed","template":"","meta":{"_et_pb_use_builder":"","_et_pb_old_content":"","_et_gb_content_width":""},"product_brand":[],"product_cat":[1067,896],"product_tag":[1061,1058,1055,1001],"class_list":{"0":"post-10168","1":"product","2":"type-product","3":"status-publish","4":"has-post-thumbnail","6":"product_cat-nettoyage-de-la-peau","7":"product_cat-ustensiles-de-nettoyage","8":"product_tag-alimentation","9":"product_tag-industrie","10":"product_tag-nettoyage","11":"product_tag-restauration","13":"first","14":"instock","15":"taxable","16":"shipping-taxable","17":"purchasable","18":"product-type-simple"},"yoast_head":"<!-- This site is optimized with the Yoast SEO Premium plugin v27.2 (Yoast SEO v27.4) - https:\/\/yoast.com\/product\/yoast-seo-premium-wordpress\/ -->\n<title>PEVAPLUS 2L (BO\u00ceTE DE 6 UNIT\u00c9S)<\/title>\n<meta name=\"description\" content=\"Lotion nettoyante pour la peau, parfum\u00e9e, neutre en ph, sans silicone. Pour les salissures l\u00e9g\u00e8res, les bureaux, les t\u00e2ches l\u00e9g\u00e8res de stockage et d&#039;emballage, etc.\" \/>\n<meta name=\"robots\" content=\"index, follow, max-snippet:-1, max-image-preview:large, max-video-preview:-1\" \/>\n<link rel=\"canonical\" href=\"https:\/\/fadein.es\/fr\/producto\/pevaplus-2l-boite-de-6-unites\/\" \/>\n<meta property=\"og:locale\" content=\"fr_FR\" \/>\n<meta property=\"og:type\" content=\"article\" \/>\n<meta property=\"og:title\" content=\"PEVAPLUS 2L (BO\u00ceTE DE 6 UNIT\u00c9S)\" \/>\n<meta property=\"og:description\" content=\"Lotion nettoyante pour la peau, parfum\u00e9e, neutre en ph, sans silicone. Pour les salissures l\u00e9g\u00e8res, les bureaux, les t\u00e2ches l\u00e9g\u00e8res de stockage et d&#039;emballage, etc.\" \/>\n<meta property=\"og:url\" content=\"https:\/\/fadein.es\/fr\/producto\/pevaplus-2l-boite-de-6-unites\/\" \/>\n<meta property=\"og:site_name\" content=\"Fadein\" \/>\n<meta property=\"article:modified_time\" content=\"2025-05-07T08:11:06+00:00\" \/>\n<meta property=\"og:image\" content=\"https:\/\/fadein.es\/wp-content\/uploads\/2025\/05\/PEVA-PLUS-CAJA.jpg\" \/>\n\t<meta property=\"og:image:width\" content=\"800\" \/>\n\t<meta property=\"og:image:height\" content=\"800\" \/>\n\t<meta property=\"og:image:type\" content=\"image\/jpeg\" \/>\n<meta name=\"twitter:card\" content=\"summary_large_image\" \/>\n<script type=\"application\/ld+json\" class=\"yoast-schema-graph\">{\"@context\":\"https:\\\/\\\/schema.org\",\"@graph\":[{\"@type\":\"WebPage\",\"@id\":\"https:\\\/\\\/fadein.es\\\/fr\\\/producto\\\/pevaplus-2l-boite-de-6-unites\\\/\",\"url\":\"https:\\\/\\\/fadein.es\\\/fr\\\/producto\\\/pevaplus-2l-boite-de-6-unites\\\/\",\"name\":\"PEVAPLUS 2L (BO\u00ceTE DE 6 UNIT\u00c9S)\",\"isPartOf\":{\"@id\":\"https:\\\/\\\/fadein.es\\\/fr\\\/#website\"},\"primaryImageOfPage\":{\"@id\":\"https:\\\/\\\/fadein.es\\\/fr\\\/producto\\\/pevaplus-2l-boite-de-6-unites\\\/#primaryimage\"},\"image\":{\"@id\":\"https:\\\/\\\/fadein.es\\\/fr\\\/producto\\\/pevaplus-2l-boite-de-6-unites\\\/#primaryimage\"},\"thumbnailUrl\":\"https:\\\/\\\/fadein.es\\\/wp-content\\\/uploads\\\/2025\\\/05\\\/PEVA-PLUS-CAJA.jpg\",\"datePublished\":\"2025-05-07T07:55:16+00:00\",\"dateModified\":\"2025-05-07T08:11:06+00:00\",\"description\":\"Lotion nettoyante pour la peau, parfum\u00e9e, neutre en ph, sans silicone. Pour les salissures l\u00e9g\u00e8res, les bureaux, les t\u00e2ches l\u00e9g\u00e8res de stockage et d'emballage, etc.\",\"breadcrumb\":{\"@id\":\"https:\\\/\\\/fadein.es\\\/fr\\\/producto\\\/pevaplus-2l-boite-de-6-unites\\\/#breadcrumb\"},\"inLanguage\":\"fr-FR\",\"potentialAction\":[{\"@type\":\"ReadAction\",\"target\":[\"https:\\\/\\\/fadein.es\\\/fr\\\/producto\\\/pevaplus-2l-boite-de-6-unites\\\/\"]}]},{\"@type\":\"ImageObject\",\"inLanguage\":\"fr-FR\",\"@id\":\"https:\\\/\\\/fadein.es\\\/fr\\\/producto\\\/pevaplus-2l-boite-de-6-unites\\\/#primaryimage\",\"url\":\"https:\\\/\\\/fadein.es\\\/wp-content\\\/uploads\\\/2025\\\/05\\\/PEVA-PLUS-CAJA.jpg\",\"contentUrl\":\"https:\\\/\\\/fadein.es\\\/wp-content\\\/uploads\\\/2025\\\/05\\\/PEVA-PLUS-CAJA.jpg\",\"width\":800,\"height\":800,\"caption\":\"PEVA PLUS CAJA\"},{\"@type\":\"BreadcrumbList\",\"@id\":\"https:\\\/\\\/fadein.es\\\/fr\\\/producto\\\/pevaplus-2l-boite-de-6-unites\\\/#breadcrumb\",\"itemListElement\":[{\"@type\":\"ListItem\",\"position\":1,\"name\":\"Portada\",\"item\":\"https:\\\/\\\/fadein.es\\\/fr\\\/accueil\\\/\"},{\"@type\":\"ListItem\",\"position\":2,\"name\":\"Boutique\",\"item\":\"https:\\\/\\\/fadein.es\\\/fr\\\/boutique\\\/\"},{\"@type\":\"ListItem\",\"position\":3,\"name\":\"PEVAPLUS 2L (BO\u00ceTE DE 6 UNIT\u00c9S)\"}]},{\"@type\":\"WebSite\",\"@id\":\"https:\\\/\\\/fadein.es\\\/fr\\\/#website\",\"url\":\"https:\\\/\\\/fadein.es\\\/fr\\\/\",\"name\":\"Fadein\",\"description\":\"Detergentes de alto rendimiento\",\"publisher\":{\"@id\":\"https:\\\/\\\/fadein.es\\\/fr\\\/#organization\"},\"alternateName\":\"Detergentes de alto rendimiento\",\"potentialAction\":[{\"@type\":\"SearchAction\",\"target\":{\"@type\":\"EntryPoint\",\"urlTemplate\":\"https:\\\/\\\/fadein.es\\\/fr\\\/?s={search_term_string}\"},\"query-input\":{\"@type\":\"PropertyValueSpecification\",\"valueRequired\":true,\"valueName\":\"search_term_string\"}}],\"inLanguage\":\"fr-FR\"},{\"@type\":\"Organization\",\"@id\":\"https:\\\/\\\/fadein.es\\\/fr\\\/#organization\",\"name\":\"Fadein\",\"alternateName\":\"Detergentes de alto rendimiento\",\"url\":\"https:\\\/\\\/fadein.es\\\/fr\\\/\",\"logo\":{\"@type\":\"ImageObject\",\"inLanguage\":\"fr-FR\",\"@id\":\"https:\\\/\\\/fadein.es\\\/fr\\\/#\\\/schema\\\/logo\\\/image\\\/\",\"url\":\"https:\\\/\\\/fadein.es\\\/wp-content\\\/uploads\\\/2021\\\/05\\\/fadein-deterdentes-de-alto-rendimiento.png\",\"contentUrl\":\"https:\\\/\\\/fadein.es\\\/wp-content\\\/uploads\\\/2021\\\/05\\\/fadein-deterdentes-de-alto-rendimiento.png\",\"width\":512,\"height\":512,\"caption\":\"Fadein\"},\"image\":{\"@id\":\"https:\\\/\\\/fadein.es\\\/fr\\\/#\\\/schema\\\/logo\\\/image\\\/\"}}]}<\/script>\n<!-- \/ Yoast SEO Premium plugin. -->","yoast_head_json":{"title":"PEVAPLUS 2L (BO\u00ceTE DE 6 UNIT\u00c9S)","description":"Lotion nettoyante pour la peau, parfum\u00e9e, neutre en ph, sans silicone. Pour les salissures l\u00e9g\u00e8res, les bureaux, les t\u00e2ches l\u00e9g\u00e8res de stockage et d'emballage, etc.","robots":{"index":"index","follow":"follow","max-snippet":"max-snippet:-1","max-image-preview":"max-image-preview:large","max-video-preview":"max-video-preview:-1"},"canonical":"https:\/\/fadein.es\/fr\/producto\/pevaplus-2l-boite-de-6-unites\/","og_locale":"fr_FR","og_type":"article","og_title":"PEVAPLUS 2L (BO\u00ceTE DE 6 UNIT\u00c9S)","og_description":"Lotion nettoyante pour la peau, parfum\u00e9e, neutre en ph, sans silicone. Pour les salissures l\u00e9g\u00e8res, les bureaux, les t\u00e2ches l\u00e9g\u00e8res de stockage et d'emballage, etc.","og_url":"https:\/\/fadein.es\/fr\/producto\/pevaplus-2l-boite-de-6-unites\/","og_site_name":"Fadein","article_modified_time":"2025-05-07T08:11:06+00:00","og_image":[{"width":800,"height":800,"url":"https:\/\/fadein.es\/wp-content\/uploads\/2025\/05\/PEVA-PLUS-CAJA.jpg","type":"image\/jpeg"}],"twitter_card":"summary_large_image","schema":{"@context":"https:\/\/schema.org","@graph":[{"@type":"WebPage","@id":"https:\/\/fadein.es\/fr\/producto\/pevaplus-2l-boite-de-6-unites\/","url":"https:\/\/fadein.es\/fr\/producto\/pevaplus-2l-boite-de-6-unites\/","name":"PEVAPLUS 2L (BO\u00ceTE DE 6 UNIT\u00c9S)","isPartOf":{"@id":"https:\/\/fadein.es\/fr\/#website"},"primaryImageOfPage":{"@id":"https:\/\/fadein.es\/fr\/producto\/pevaplus-2l-boite-de-6-unites\/#primaryimage"},"image":{"@id":"https:\/\/fadein.es\/fr\/producto\/pevaplus-2l-boite-de-6-unites\/#primaryimage"},"thumbnailUrl":"https:\/\/fadein.es\/wp-content\/uploads\/2025\/05\/PEVA-PLUS-CAJA.jpg","datePublished":"2025-05-07T07:55:16+00:00","dateModified":"2025-05-07T08:11:06+00:00","description":"Lotion nettoyante pour la peau, parfum\u00e9e, neutre en ph, sans silicone. Pour les salissures l\u00e9g\u00e8res, les bureaux, les t\u00e2ches l\u00e9g\u00e8res de stockage et d'emballage, etc.","breadcrumb":{"@id":"https:\/\/fadein.es\/fr\/producto\/pevaplus-2l-boite-de-6-unites\/#breadcrumb"},"inLanguage":"fr-FR","potentialAction":[{"@type":"ReadAction","target":["https:\/\/fadein.es\/fr\/producto\/pevaplus-2l-boite-de-6-unites\/"]}]},{"@type":"ImageObject","inLanguage":"fr-FR","@id":"https:\/\/fadein.es\/fr\/producto\/pevaplus-2l-boite-de-6-unites\/#primaryimage","url":"https:\/\/fadein.es\/wp-content\/uploads\/2025\/05\/PEVA-PLUS-CAJA.jpg","contentUrl":"https:\/\/fadein.es\/wp-content\/uploads\/2025\/05\/PEVA-PLUS-CAJA.jpg","width":800,"height":800,"caption":"PEVA PLUS CAJA"},{"@type":"BreadcrumbList","@id":"https:\/\/fadein.es\/fr\/producto\/pevaplus-2l-boite-de-6-unites\/#breadcrumb","itemListElement":[{"@type":"ListItem","position":1,"name":"Portada","item":"https:\/\/fadein.es\/fr\/accueil\/"},{"@type":"ListItem","position":2,"name":"Boutique","item":"https:\/\/fadein.es\/fr\/boutique\/"},{"@type":"ListItem","position":3,"name":"PEVAPLUS 2L (BO\u00ceTE DE 6 UNIT\u00c9S)"}]},{"@type":"WebSite","@id":"https:\/\/fadein.es\/fr\/#website","url":"https:\/\/fadein.es\/fr\/","name":"Fadein","description":"Detergentes de alto rendimiento","publisher":{"@id":"https:\/\/fadein.es\/fr\/#organization"},"alternateName":"Detergentes de alto rendimiento","potentialAction":[{"@type":"SearchAction","target":{"@type":"EntryPoint","urlTemplate":"https:\/\/fadein.es\/fr\/?s={search_term_string}"},"query-input":{"@type":"PropertyValueSpecification","valueRequired":true,"valueName":"search_term_string"}}],"inLanguage":"fr-FR"},{"@type":"Organization","@id":"https:\/\/fadein.es\/fr\/#organization","name":"Fadein","alternateName":"Detergentes de alto rendimiento","url":"https:\/\/fadein.es\/fr\/","logo":{"@type":"ImageObject","inLanguage":"fr-FR","@id":"https:\/\/fadein.es\/fr\/#\/schema\/logo\/image\/","url":"https:\/\/fadein.es\/wp-content\/uploads\/2021\/05\/fadein-deterdentes-de-alto-rendimiento.png","contentUrl":"https:\/\/fadein.es\/wp-content\/uploads\/2021\/05\/fadein-deterdentes-de-alto-rendimiento.png","width":512,"height":512,"caption":"Fadein"},"image":{"@id":"https:\/\/fadein.es\/fr\/#\/schema\/logo\/image\/"}}]}},"_links":{"self":[{"href":"https:\/\/fadein.es\/fr\/wp-json\/wp\/v2\/product\/10168","targetHints":{"allow":["GET"]}}],"collection":[{"href":"https:\/\/fadein.es\/fr\/wp-json\/wp\/v2\/product"}],"about":[{"href":"https:\/\/fadein.es\/fr\/wp-json\/wp\/v2\/types\/product"}],"replies":[{"embeddable":true,"href":"https:\/\/fadein.es\/fr\/wp-json\/wp\/v2\/comments?post=10168"}],"wp:featuredmedia":[{"embeddable":true,"href":"https:\/\/fadein.es\/fr\/wp-json\/wp\/v2\/media\/10154"}],"wp:attachment":[{"href":"https:\/\/fadein.es\/fr\/wp-json\/wp\/v2\/media?parent=10168"}],"wp:term":[{"taxonomy":"product_brand","embeddable":true,"href":"https:\/\/fadein.es\/fr\/wp-json\/wp\/v2\/product_brand?post=10168"},{"taxonomy":"product_cat","embeddable":true,"href":"https:\/\/fadein.es\/fr\/wp-json\/wp\/v2\/product_cat?post=10168"},{"taxonomy":"product_tag","embeddable":true,"href":"https:\/\/fadein.es\/fr\/wp-json\/wp\/v2\/product_tag?post=10168"}],"curies":[{"name":"wp","href":"https:\/\/api.w.org\/{rel}","templated":true}]}}